{"id":19223,"date":"2026-03-25T22:22:30","date_gmt":"2026-03-25T20:22:30","guid":{"rendered":"https:\/\/haidak.eu\/minimotors-ey4-displei-kinniti\/"},"modified":"2026-03-29T21:33:59","modified_gmt":"2026-03-29T19:33:59","slug":"minimotors-ey4-displei-kinniti","status":"publish","type":"product","link":"https:\/\/haidak.eu\/et\/minimotors-ey4-displei-kinniti\/","title":{"rendered":"Minimotors EY4 displei kinniti"},"content":{"rendered":"<h2>Varuosa: Minimotors EY4 displei kinniti<\/h2>\n<p>See varuosa sobib j\u00e4rgnevatele mudelitele: Dualtron II, Dualtron III, Dualtron Spider, Dualtron Spider II, Dualtron Eagle, Dualtron Victor, Dualtron Ultra, Dualtron Ultra II, Dualtron Thunder, Dualtron Thunder III, Dualtron Thunder II, Dualtron Storm, Dualtron Compact, Dualtron Mini.<\/p>\n<p> Kui te ei ole kindel, kas see varuosa sobib teie rattale v\u00f5i mitte, siis kirjutage meile aadressil <a href= \"mailto:remont@voltride.com\" ;>remont@voltride.com<\/a>. Aitame teid hea meelega.<\/p>\n<p>Varuosa tootja: Minimotors &#8211; K\u00f5ik Minimotorsi varuosad, mis on Voltride\u2019is m\u00fc\u00fcgil on originaalvaruosad, mis p\u00e4rinevad otse tootja k\u00e4est.<\/p>\n<h2> Rohkem br\u00e4ndi Minimotors varuosi on leitavad <a href=\"https:\/\/voltride.com\/electric-scooter-spare-parts\/?filter=1&#038;pa_brand=Minimotors EY4 display bracket&#038;really_curr_tax=232-product_cat\" ;>siin<\/a><\/h2>\n<p>K\u00f5ik meie m\u00fc\u00fcdavad varuosad on olemas meie Tallinnas, aadressil Telliskivi 57D asuvas laos.<\/p>\n<p><H2>Kas teil on raskusi \u00f5ige varuosa leidmisega?<\/H2><\/p>\n<p> Kirjutage meile v\u00f5i helistage numbril <a href=\"tel:+3726004099\" >+372 600 40 99<\/a> ja aitame teil vajaliku varuosa leida!<\/p>\n","protected":false},"excerpt":{"rendered":"<p>Varuosa: Minimotors EY4 displei kinniti See varuosa sobib j\u00e4rgnevatele mudelitele: Dualtron II, Dualtron III, Dualtron Spider, Dualtron Spider II, Dualtron<\/p>\n","protected":false},"featured_media":22813,"comment_status":"open","ping_status":"closed","template":"","meta":[],"product_brand":[],"product_cat":[1396],"product_tag":[1476,1482,1480,1477,1500,1502,1504,1506,1510,1512,1514,1516,1518,1520,1522,1524,1526,1528,1530,1532,1534,1536,1538],"class_list":{"0":"post-19223","1":"product","2":"type-product","3":"status-publish","4":"has-post-thumbnail","6":"product_cat-ekraanid","7":"product_tag-dualtron-achilleus","8":"product_tag-dualtron-city","9":"product_tag-dualtron-compact","10":"product_tag-dualtron-eagle","11":"product_tag-dualtron-eagle-pro","12":"product_tag-dualtron-ii","13":"product_tag-dualtron-iii","14":"product_tag-dualtron-mini","15":"product_tag-dualtron-spider","16":"product_tag-dualtron-spider-ii","17":"product_tag-dualtron-spider-ltd","18":"product_tag-dualtron-storm","19":"product_tag-dualtron-storm-ltd","20":"product_tag-dualtron-thunder","21":"product_tag-dualtron-thunder-ii","22":"product_tag-dualtron-thunder-iii","23":"product_tag-dualtron-ultra","24":"product_tag-dualtron-ultra-ii","25":"product_tag-dualtron-victor","26":"product_tag-dualtron-victor-luxury","27":"product_tag-dualtron-x","28":"product_tag-dualtron-x-ii","29":"product_tag-dualtron-x-ltd","31":"first","32":"instock","33":"taxable","34":"shipping-taxable","35":"purchasable","36":"product-type-simple"},"yoast_head":"<!-- This site is optimized with the Yoast SEO Premium plugin v27.3 (Yoast SEO v27.4) - https:\/\/yoast.com\/product\/yoast-seo-premium-wordpress\/ -->\n<title>Minimotors EY4 displei kinniti | Voltride<\/title>\n<meta name=\"robots\" content=\"noindex, follow, max-snippet:-1, max-image-preview:large, max-video-preview:-1\" \/>\n<meta property=\"og:locale\" content=\"et_EE\" \/>\n<meta property=\"og:type\" content=\"article\" \/>\n<meta property=\"og:title\" content=\"Minimotors EY4 displei kinniti | Voltride\" \/>\n<meta property=\"og:description\" content=\"Varuosa: Minimotors EY4 displei kinniti See varuosa sobib j\u00e4rgnevatele mudelitele: Dualtron II, Dualtron III, Dualtron Spider, Dualtron Spider II, Dualtron\" \/>\n<meta property=\"og:url\" content=\"https:\/\/haidak.eu\/et\/minimotors-ey4-displei-kinniti\/\" \/>\n<meta property=\"og:site_name\" content=\"Voltride\" \/>\n<meta property=\"article:publisher\" content=\"https:\/\/www.facebook.com\/voltridecom\/\" \/>\n<meta property=\"article:modified_time\" content=\"2026-03-29T19:33:59+00:00\" \/>\n<meta property=\"og:image\" content=\"https:\/\/haidak.eu\/wp-content\/uploads\/2026\/03\/mmui007.jpg\" \/>\n\t<meta property=\"og:image:width\" content=\"640\" \/>\n\t<meta property=\"og:image:height\" content=\"640\" \/>\n\t<meta property=\"og:image:type\" content=\"image\/jpeg\" \/>\n<meta name=\"twitter:card\" content=\"summary_large_image\" \/>\n<script type=\"application\/ld+json\" class=\"yoast-schema-graph\">{\"@context\":\"https:\\\/\\\/schema.org\",\"@graph\":[{\"@type\":\"WebPage\",\"@id\":\"https:\\\/\\\/haidak.eu\\\/et\\\/minimotors-ey4-displei-kinniti\\\/\",\"url\":\"https:\\\/\\\/haidak.eu\\\/et\\\/minimotors-ey4-displei-kinniti\\\/\",\"name\":\"Minimotors EY4 displei kinniti | Voltride\",\"isPartOf\":{\"@id\":\"https:\\\/\\\/haidak.eu\\\/et\\\/#website\"},\"primaryImageOfPage\":{\"@id\":\"https:\\\/\\\/haidak.eu\\\/et\\\/minimotors-ey4-displei-kinniti\\\/#primaryimage\"},\"image\":{\"@id\":\"https:\\\/\\\/haidak.eu\\\/et\\\/minimotors-ey4-displei-kinniti\\\/#primaryimage\"},\"thumbnailUrl\":\"https:\\\/\\\/haidak.eu\\\/wp-content\\\/uploads\\\/2026\\\/04\\\/mmui007.jpg\",\"datePublished\":\"2026-03-25T20:22:30+00:00\",\"dateModified\":\"2026-03-29T19:33:59+00:00\",\"breadcrumb\":{\"@id\":\"https:\\\/\\\/haidak.eu\\\/et\\\/minimotors-ey4-displei-kinniti\\\/#breadcrumb\"},\"inLanguage\":\"et\",\"potentialAction\":[{\"@type\":\"ReadAction\",\"target\":[\"https:\\\/\\\/haidak.eu\\\/et\\\/minimotors-ey4-displei-kinniti\\\/\"]}]},{\"@type\":\"ImageObject\",\"inLanguage\":\"et\",\"@id\":\"https:\\\/\\\/haidak.eu\\\/et\\\/minimotors-ey4-displei-kinniti\\\/#primaryimage\",\"url\":\"https:\\\/\\\/haidak.eu\\\/wp-content\\\/uploads\\\/2026\\\/04\\\/mmui007.jpg\",\"contentUrl\":\"https:\\\/\\\/haidak.eu\\\/wp-content\\\/uploads\\\/2026\\\/04\\\/mmui007.jpg\",\"width\":640,\"height\":640},{\"@type\":\"BreadcrumbList\",\"@id\":\"https:\\\/\\\/haidak.eu\\\/et\\\/minimotors-ey4-displei-kinniti\\\/#breadcrumb\",\"itemListElement\":[{\"@type\":\"ListItem\",\"position\":1,\"name\":\"Kodu\",\"item\":\"https:\\\/\\\/haidak.eu\\\/et\\\/\"},{\"@type\":\"ListItem\",\"position\":2,\"name\":\"Pood\",\"item\":\"https:\\\/\\\/haidak.eu\\\/shop\\\/\"},{\"@type\":\"ListItem\",\"position\":3,\"name\":\"Varuosad\",\"item\":\"https:\\\/\\\/haidak.eu\\\/et\\\/varuosad\\\/\"},{\"@type\":\"ListItem\",\"position\":4,\"name\":\"Gaasiheeblid ja Ekraanid\",\"item\":\"https:\\\/\\\/haidak.eu\\\/et\\\/gaasid-ja-ekraanid\\\/\"},{\"@type\":\"ListItem\",\"position\":5,\"name\":\"Ekraanid\",\"item\":\"https:\\\/\\\/haidak.eu\\\/et\\\/ekraanid\\\/\"},{\"@type\":\"ListItem\",\"position\":6,\"name\":\"Minimotors EY4 displei kinniti\"}]},{\"@type\":\"WebSite\",\"@id\":\"https:\\\/\\\/haidak.eu\\\/et\\\/#website\",\"url\":\"https:\\\/\\\/haidak.eu\\\/et\\\/\",\"name\":\"Voltride\",\"description\":\"Parim elektrirataste elektrit\u00f5ukside ja \u00fcksrataste pood ja remont\",\"publisher\":{\"@id\":\"https:\\\/\\\/haidak.eu\\\/et\\\/#organization\"},\"alternateName\":\"Vr\",\"potentialAction\":[{\"@type\":\"SearchAction\",\"target\":{\"@type\":\"EntryPoint\",\"urlTemplate\":\"https:\\\/\\\/haidak.eu\\\/et\\\/?s={search_term_string}\"},\"query-input\":{\"@type\":\"PropertyValueSpecification\",\"valueRequired\":true,\"valueName\":\"search_term_string\"}}],\"inLanguage\":\"et\"},{\"@type\":[\"Organization\",\"Place\"],\"@id\":\"https:\\\/\\\/haidak.eu\\\/et\\\/#organization\",\"name\":\"Voltride\",\"alternateName\":\"VR\",\"url\":\"https:\\\/\\\/haidak.eu\\\/et\\\/\",\"logo\":{\"@id\":\"https:\\\/\\\/haidak.eu\\\/et\\\/minimotors-ey4-displei-kinniti\\\/#local-main-organization-logo\"},\"image\":{\"@id\":\"https:\\\/\\\/haidak.eu\\\/et\\\/minimotors-ey4-displei-kinniti\\\/#local-main-organization-logo\"},\"sameAs\":[\"https:\\\/\\\/www.facebook.com\\\/voltridecom\\\/\"],\"legalName\":\"Voltride O\u00dc\",\"numberOfEmployees\":{\"@type\":\"QuantitativeValue\",\"minValue\":\"1\",\"maxValue\":\"10\"},\"ownershipFundingInfo\":\"https:\\\/\\\/haidak.eu\\\/about-us\\\/\",\"hasMerchantReturnPolicy\":{\"@type\":\"MerchantReturnPolicy\",\"merchantReturnLink\":\"https:\\\/\\\/haidak.eu\\\/shipping-and-returns\\\/\"},\"address\":{\"@id\":\"https:\\\/\\\/haidak.eu\\\/et\\\/minimotors-ey4-displei-kinniti\\\/#local-main-place-address\"},\"geo\":{\"@type\":\"GeoCoordinates\",\"latitude\":\"59.439554\",\"longitude\":\"24.726644\"},\"telephone\":[\"+372 600 40 99\"],\"contactPoint\":{\"@type\":\"ContactPoint\",\"telephone\":\"+372 600 40 99\",\"email\":\"info@voltride.com\"},\"openingHoursSpecification\":[{\"@type\":\"OpeningHoursSpecification\",\"dayOfWeek\":[\"Monday\",\"Tuesday\",\"Wednesday\",\"Thursday\",\"Friday\"],\"opens\":\"10:00\",\"closes\":\"18:00\"},{\"@type\":\"OpeningHoursSpecification\",\"dayOfWeek\":[\"Saturday\",\"Sunday\"],\"opens\":\"00:00\",\"closes\":\"00:00\"}],\"email\":\"info@voltride.com\",\"taxID\":\"14871968\"},{\"@type\":\"PostalAddress\",\"@id\":\"https:\\\/\\\/haidak.eu\\\/et\\\/minimotors-ey4-displei-kinniti\\\/#local-main-place-address\",\"streetAddress\":\"Voltride Telliskivi 57D\",\"addressLocality\":\"Tallinn\",\"postalCode\":\"10412\",\"addressRegion\":\"Tallinn\",\"addressCountry\":\"EE\"},{\"@type\":\"ImageObject\",\"inLanguage\":\"et\",\"@id\":\"https:\\\/\\\/haidak.eu\\\/et\\\/minimotors-ey4-displei-kinniti\\\/#local-main-organization-logo\",\"url\":\"https:\\\/\\\/haidak.eu\\\/wp-content\\\/uploads\\\/voltride-logo.png\",\"contentUrl\":\"https:\\\/\\\/haidak.eu\\\/wp-content\\\/uploads\\\/voltride-logo.png\",\"width\":2481,\"height\":620,\"caption\":\"Voltride\"}]}<\/script>\n<meta property=\"product:price:amount\" content=\"30.00\" \/>\n<meta property=\"product:price:currency\" content=\"EUR\" \/>\n<meta property=\"og:availability\" content=\"instock\" \/>\n<meta property=\"product:availability\" content=\"instock\" \/>\n<meta property=\"product:retailer_item_id\" content=\"MMUI007\" \/>\n<meta property=\"product:condition\" content=\"new\" \/>\n<meta name=\"geo.placename\" content=\"Tallinn\" \/>\n<meta name=\"geo.position\" content=\"59.439554;24.726644\" \/>\n<meta name=\"geo.region\" content=\"Estonia\" \/>\n<!-- \/ Yoast SEO Premium plugin. -->","yoast_head_json":{"title":"Minimotors EY4 displei kinniti | Voltride","robots":{"index":"noindex","follow":"follow","max-snippet":"max-snippet:-1","max-image-preview":"max-image-preview:large","max-video-preview":"max-video-preview:-1"},"og_locale":"et_EE","og_type":"article","og_title":"Minimotors EY4 displei kinniti | Voltride","og_description":"Varuosa: Minimotors EY4 displei kinniti See varuosa sobib j\u00e4rgnevatele mudelitele: Dualtron II, Dualtron III, Dualtron Spider, Dualtron Spider II, Dualtron","og_url":"https:\/\/haidak.eu\/et\/minimotors-ey4-displei-kinniti\/","og_site_name":"Voltride","article_publisher":"https:\/\/www.facebook.com\/voltridecom\/","article_modified_time":"2026-03-29T19:33:59+00:00","og_image":[{"width":640,"height":640,"url":"https:\/\/haidak.eu\/wp-content\/uploads\/2026\/03\/mmui007.jpg","type":"image\/jpeg"}],"twitter_card":"summary_large_image","schema":{"@context":"https:\/\/schema.org","@graph":[{"@type":"WebPage","@id":"https:\/\/haidak.eu\/et\/minimotors-ey4-displei-kinniti\/","url":"https:\/\/haidak.eu\/et\/minimotors-ey4-displei-kinniti\/","name":"Minimotors EY4 displei kinniti | Voltride","isPartOf":{"@id":"https:\/\/haidak.eu\/et\/#website"},"primaryImageOfPage":{"@id":"https:\/\/haidak.eu\/et\/minimotors-ey4-displei-kinniti\/#primaryimage"},"image":{"@id":"https:\/\/haidak.eu\/et\/minimotors-ey4-displei-kinniti\/#primaryimage"},"thumbnailUrl":"https:\/\/haidak.eu\/wp-content\/uploads\/2026\/04\/mmui007.jpg","datePublished":"2026-03-25T20:22:30+00:00","dateModified":"2026-03-29T19:33:59+00:00","breadcrumb":{"@id":"https:\/\/haidak.eu\/et\/minimotors-ey4-displei-kinniti\/#breadcrumb"},"inLanguage":"et","potentialAction":[{"@type":"ReadAction","target":["https:\/\/haidak.eu\/et\/minimotors-ey4-displei-kinniti\/"]}]},{"@type":"ImageObject","inLanguage":"et","@id":"https:\/\/haidak.eu\/et\/minimotors-ey4-displei-kinniti\/#primaryimage","url":"https:\/\/haidak.eu\/wp-content\/uploads\/2026\/04\/mmui007.jpg","contentUrl":"https:\/\/haidak.eu\/wp-content\/uploads\/2026\/04\/mmui007.jpg","width":640,"height":640},{"@type":"BreadcrumbList","@id":"https:\/\/haidak.eu\/et\/minimotors-ey4-displei-kinniti\/#breadcrumb","itemListElement":[{"@type":"ListItem","position":1,"name":"Kodu","item":"https:\/\/haidak.eu\/et\/"},{"@type":"ListItem","position":2,"name":"Pood","item":"https:\/\/haidak.eu\/shop\/"},{"@type":"ListItem","position":3,"name":"Varuosad","item":"https:\/\/haidak.eu\/et\/varuosad\/"},{"@type":"ListItem","position":4,"name":"Gaasiheeblid ja Ekraanid","item":"https:\/\/haidak.eu\/et\/gaasid-ja-ekraanid\/"},{"@type":"ListItem","position":5,"name":"Ekraanid","item":"https:\/\/haidak.eu\/et\/ekraanid\/"},{"@type":"ListItem","position":6,"name":"Minimotors EY4 displei kinniti"}]},{"@type":"WebSite","@id":"https:\/\/haidak.eu\/et\/#website","url":"https:\/\/haidak.eu\/et\/","name":"Voltride","description":"Parim elektrirataste elektrit\u00f5ukside ja \u00fcksrataste pood ja remont","publisher":{"@id":"https:\/\/haidak.eu\/et\/#organization"},"alternateName":"Vr","potentialAction":[{"@type":"SearchAction","target":{"@type":"EntryPoint","urlTemplate":"https:\/\/haidak.eu\/et\/?s={search_term_string}"},"query-input":{"@type":"PropertyValueSpecification","valueRequired":true,"valueName":"search_term_string"}}],"inLanguage":"et"},{"@type":["Organization","Place"],"@id":"https:\/\/haidak.eu\/et\/#organization","name":"Voltride","alternateName":"VR","url":"https:\/\/haidak.eu\/et\/","logo":{"@id":"https:\/\/haidak.eu\/et\/minimotors-ey4-displei-kinniti\/#local-main-organization-logo"},"image":{"@id":"https:\/\/haidak.eu\/et\/minimotors-ey4-displei-kinniti\/#local-main-organization-logo"},"sameAs":["https:\/\/www.facebook.com\/voltridecom\/"],"legalName":"Voltride O\u00dc","numberOfEmployees":{"@type":"QuantitativeValue","minValue":"1","maxValue":"10"},"ownershipFundingInfo":"https:\/\/haidak.eu\/about-us\/","hasMerchantReturnPolicy":{"@type":"MerchantReturnPolicy","merchantReturnLink":"https:\/\/haidak.eu\/shipping-and-returns\/"},"address":{"@id":"https:\/\/haidak.eu\/et\/minimotors-ey4-displei-kinniti\/#local-main-place-address"},"geo":{"@type":"GeoCoordinates","latitude":"59.439554","longitude":"24.726644"},"telephone":["+372 600 40 99"],"contactPoint":{"@type":"ContactPoint","telephone":"+372 600 40 99","email":"info@voltride.com"},"openingHoursSpecification":[{"@type":"OpeningHoursSpecification","dayOfWeek":["Monday","Tuesday","Wednesday","Thursday","Friday"],"opens":"10:00","closes":"18:00"},{"@type":"OpeningHoursSpecification","dayOfWeek":["Saturday","Sunday"],"opens":"00:00","closes":"00:00"}],"email":"info@voltride.com","taxID":"14871968"},{"@type":"PostalAddress","@id":"https:\/\/haidak.eu\/et\/minimotors-ey4-displei-kinniti\/#local-main-place-address","streetAddress":"Voltride Telliskivi 57D","addressLocality":"Tallinn","postalCode":"10412","addressRegion":"Tallinn","addressCountry":"EE"},{"@type":"ImageObject","inLanguage":"et","@id":"https:\/\/haidak.eu\/et\/minimotors-ey4-displei-kinniti\/#local-main-organization-logo","url":"https:\/\/haidak.eu\/wp-content\/uploads\/voltride-logo.png","contentUrl":"https:\/\/haidak.eu\/wp-content\/uploads\/voltride-logo.png","width":2481,"height":620,"caption":"Voltride"}]},"product_price_amount":"30.00","product_price_currency":"EUR","og_availability":"instock","product_availability":"instock","product_retailer_item_id":"MMUI007","product_condition":"new","geo.placename":"Tallinn","geo.position":{"lat":"59.439554","long":"24.726644"},"geo.region":"Estonia"},"_links":{"self":[{"href":"https:\/\/haidak.eu\/et\/wp-json\/wp\/v2\/product\/19223","targetHints":{"allow":["GET"]}}],"collection":[{"href":"https:\/\/haidak.eu\/et\/wp-json\/wp\/v2\/product"}],"about":[{"href":"https:\/\/haidak.eu\/et\/wp-json\/wp\/v2\/types\/product"}],"replies":[{"embeddable":true,"href":"https:\/\/haidak.eu\/et\/wp-json\/wp\/v2\/comments?post=19223"}],"wp:featuredmedia":[{"embeddable":true,"href":"https:\/\/haidak.eu\/et\/wp-json\/wp\/v2\/media\/22813"}],"wp:attachment":[{"href":"https:\/\/haidak.eu\/et\/wp-json\/wp\/v2\/media?parent=19223"}],"wp:term":[{"taxonomy":"product_brand","embeddable":true,"href":"https:\/\/haidak.eu\/et\/wp-json\/wp\/v2\/product_brand?post=19223"},{"taxonomy":"product_cat","embeddable":true,"href":"https:\/\/haidak.eu\/et\/wp-json\/wp\/v2\/product_cat?post=19223"},{"taxonomy":"product_tag","embeddable":true,"href":"https:\/\/haidak.eu\/et\/wp-json\/wp\/v2\/product_tag?post=19223"}],"curies":[{"name":"wp","href":"https:\/\/api.w.org\/{rel}","templated":true}]}}