{"id":19510,"date":"2026-03-25T22:38:50","date_gmt":"2026-03-25T20:38:50","guid":{"rendered":"https:\/\/haidak.eu\/inokim-light2-voltimismehhanismi-ulemise-poole-vasak-pool\/"},"modified":"2026-03-29T21:34:25","modified_gmt":"2026-03-29T19:34:25","slug":"inokim-light2-voltimismehhanismi-ulemise-poole-vasak-pool","status":"publish","type":"product","link":"https:\/\/haidak.eu\/et\/inokim-light2-voltimismehhanismi-ulemise-poole-vasak-pool\/","title":{"rendered":"Inokim Light2 voltimismehhanismi \u00fclemise poole vasak pool"},"content":{"rendered":"<h2>Varuosa: Inokim Light2 voltimismehhanismi \u00fclemise poole vasak pool<\/h2>\n<p>See varuosa sobib j\u00e4rgnevatele mudelitele: Inokim Light Hero, Inokim Light2.<\/p>\n<p> Kui te ei ole kindel, kas see varuosa sobib teie rattale v\u00f5i mitte, siis kirjutage meile aadressil <a href= \"mailto:remont@voltride.com\" ;>remont@voltride.com<\/a>. Aitame teid hea meelega.<\/p>\n<p>Varuosa tootja: INOKIM Kvaliteetsed INOKIMi varuosad soodsate hindadega.<\/p>\n<h2> Rohkem br\u00e4ndi INOKIM varuosi on leitavad <a href=\"https:\/\/voltride.com\/electric-scooter-spare-parts\/?filter=1&#038;pa_brand=Inokim Light2 folding mechanism top left side&#038;really_curr_tax=232-product_cat\" ;>siin<\/a><\/h2>\n<p>K\u00f5ik meie m\u00fc\u00fcdavad varuosad on olemas meie Tallinnas, aadressil Telliskivi 57D asuvas laos.<\/p>\n<p><H2>Kas teil on raskusi \u00f5ige varuosa leidmisega?<\/H2><\/p>\n<p> Kirjutage meile v\u00f5i helistage numbril <a href=\"tel:+3726004099\" >+372 600 40 99<\/a> ja aitame teil vajaliku varuosa leida!<\/p>\n","protected":false},"excerpt":{"rendered":"<p>Varuosa: Inokim Light2 voltimismehhanismi \u00fclemise poole vasak pool See varuosa sobib j\u00e4rgnevatele mudelitele: Inokim Light Hero, Inokim Light2. Kui te<\/p>\n","protected":false},"featured_media":23096,"comment_status":"open","ping_status":"closed","template":"","meta":[],"product_brand":[],"product_cat":[1090],"product_tag":[1672,1658],"class_list":{"0":"post-19510","1":"product","2":"type-product","3":"status-publish","4":"has-post-thumbnail","6":"product_cat-voltimismehhanismi-detailid","7":"product_tag-inokim-light-hero","8":"product_tag-inokim-light2","10":"first","11":"instock","12":"taxable","13":"shipping-taxable","14":"purchasable","15":"product-type-simple"},"yoast_head":"<!-- This site is optimized with the Yoast SEO Premium plugin v27.3 (Yoast SEO v27.3) - https:\/\/yoast.com\/product\/yoast-seo-premium-wordpress\/ -->\n<title>Inokim Light2 voltimismehhanismi \u00fclemise poole vasak pool | Voltride<\/title>\n<meta name=\"robots\" content=\"noindex, follow, max-snippet:-1, max-image-preview:large, max-video-preview:-1\" \/>\n<meta property=\"og:locale\" content=\"et_EE\" \/>\n<meta property=\"og:type\" content=\"article\" \/>\n<meta property=\"og:title\" content=\"Inokim Light2 voltimismehhanismi \u00fclemise poole vasak pool | Voltride\" \/>\n<meta property=\"og:description\" content=\"Varuosa: Inokim Light2 voltimismehhanismi \u00fclemise poole vasak pool See varuosa sobib j\u00e4rgnevatele mudelitele: Inokim Light Hero, Inokim Light2. Kui te\" \/>\n<meta property=\"og:url\" content=\"https:\/\/haidak.eu\/et\/inokim-light2-voltimismehhanismi-ulemise-poole-vasak-pool\/\" \/>\n<meta property=\"og:site_name\" content=\"Voltride\" \/>\n<meta property=\"article:publisher\" content=\"https:\/\/www.facebook.com\/voltridecom\/\" \/>\n<meta property=\"article:modified_time\" content=\"2026-03-29T19:34:25+00:00\" \/>\n<meta property=\"og:image\" content=\"https:\/\/haidak.eu\/wp-content\/uploads\/2026\/03\/info003.jpg\" \/>\n\t<meta property=\"og:image:width\" content=\"640\" \/>\n\t<meta property=\"og:image:height\" content=\"640\" \/>\n\t<meta property=\"og:image:type\" content=\"image\/jpeg\" \/>\n<meta name=\"twitter:card\" content=\"summary_large_image\" \/>\n<script type=\"application\/ld+json\" class=\"yoast-schema-graph\">{\"@context\":\"https:\\\/\\\/schema.org\",\"@graph\":[{\"@type\":\"WebPage\",\"@id\":\"https:\\\/\\\/haidak.eu\\\/et\\\/inokim-light2-voltimismehhanismi-ulemise-poole-vasak-pool\\\/\",\"url\":\"https:\\\/\\\/haidak.eu\\\/et\\\/inokim-light2-voltimismehhanismi-ulemise-poole-vasak-pool\\\/\",\"name\":\"Inokim Light2 voltimismehhanismi \u00fclemise poole vasak pool | Voltride\",\"isPartOf\":{\"@id\":\"https:\\\/\\\/haidak.eu\\\/et\\\/#website\"},\"primaryImageOfPage\":{\"@id\":\"https:\\\/\\\/haidak.eu\\\/et\\\/inokim-light2-voltimismehhanismi-ulemise-poole-vasak-pool\\\/#primaryimage\"},\"image\":{\"@id\":\"https:\\\/\\\/haidak.eu\\\/et\\\/inokim-light2-voltimismehhanismi-ulemise-poole-vasak-pool\\\/#primaryimage\"},\"thumbnailUrl\":\"https:\\\/\\\/haidak.eu\\\/wp-content\\\/uploads\\\/2026\\\/04\\\/info003.jpg\",\"datePublished\":\"2026-03-25T20:38:50+00:00\",\"dateModified\":\"2026-03-29T19:34:25+00:00\",\"breadcrumb\":{\"@id\":\"https:\\\/\\\/haidak.eu\\\/et\\\/inokim-light2-voltimismehhanismi-ulemise-poole-vasak-pool\\\/#breadcrumb\"},\"inLanguage\":\"et\",\"potentialAction\":[{\"@type\":\"ReadAction\",\"target\":[\"https:\\\/\\\/haidak.eu\\\/et\\\/inokim-light2-voltimismehhanismi-ulemise-poole-vasak-pool\\\/\"]}]},{\"@type\":\"ImageObject\",\"inLanguage\":\"et\",\"@id\":\"https:\\\/\\\/haidak.eu\\\/et\\\/inokim-light2-voltimismehhanismi-ulemise-poole-vasak-pool\\\/#primaryimage\",\"url\":\"https:\\\/\\\/haidak.eu\\\/wp-content\\\/uploads\\\/2026\\\/04\\\/info003.jpg\",\"contentUrl\":\"https:\\\/\\\/haidak.eu\\\/wp-content\\\/uploads\\\/2026\\\/04\\\/info003.jpg\",\"width\":640,\"height\":640},{\"@type\":\"BreadcrumbList\",\"@id\":\"https:\\\/\\\/haidak.eu\\\/et\\\/inokim-light2-voltimismehhanismi-ulemise-poole-vasak-pool\\\/#breadcrumb\",\"itemListElement\":[{\"@type\":\"ListItem\",\"position\":1,\"name\":\"Kodu\",\"item\":\"https:\\\/\\\/haidak.eu\\\/et\\\/\"},{\"@type\":\"ListItem\",\"position\":2,\"name\":\"Pood\",\"item\":\"https:\\\/\\\/haidak.eu\\\/shop\\\/\"},{\"@type\":\"ListItem\",\"position\":3,\"name\":\"Varuosad\",\"item\":\"https:\\\/\\\/haidak.eu\\\/et\\\/varuosad\\\/\"},{\"@type\":\"ListItem\",\"position\":4,\"name\":\"Voltimismehhanismi Detailid\",\"item\":\"https:\\\/\\\/haidak.eu\\\/et\\\/voltimismehhanismi-detailid\\\/\"},{\"@type\":\"ListItem\",\"position\":5,\"name\":\"Inokim Light2 voltimismehhanismi \u00fclemise poole vasak pool\"}]},{\"@type\":\"WebSite\",\"@id\":\"https:\\\/\\\/haidak.eu\\\/et\\\/#website\",\"url\":\"https:\\\/\\\/haidak.eu\\\/et\\\/\",\"name\":\"Voltride\",\"description\":\"Parim elektrirataste elektrit\u00f5ukside ja \u00fcksrataste pood ja remont\",\"publisher\":{\"@id\":\"https:\\\/\\\/haidak.eu\\\/et\\\/#organization\"},\"alternateName\":\"Vr\",\"potentialAction\":[{\"@type\":\"SearchAction\",\"target\":{\"@type\":\"EntryPoint\",\"urlTemplate\":\"https:\\\/\\\/haidak.eu\\\/et\\\/?s={search_term_string}\"},\"query-input\":{\"@type\":\"PropertyValueSpecification\",\"valueRequired\":true,\"valueName\":\"search_term_string\"}}],\"inLanguage\":\"et\"},{\"@type\":[\"Organization\",\"Place\"],\"@id\":\"https:\\\/\\\/haidak.eu\\\/et\\\/#organization\",\"name\":\"Voltride\",\"alternateName\":\"VR\",\"url\":\"https:\\\/\\\/haidak.eu\\\/et\\\/\",\"logo\":{\"@id\":\"https:\\\/\\\/haidak.eu\\\/et\\\/inokim-light2-voltimismehhanismi-ulemise-poole-vasak-pool\\\/#local-main-organization-logo\"},\"image\":{\"@id\":\"https:\\\/\\\/haidak.eu\\\/et\\\/inokim-light2-voltimismehhanismi-ulemise-poole-vasak-pool\\\/#local-main-organization-logo\"},\"sameAs\":[\"https:\\\/\\\/www.facebook.com\\\/voltridecom\\\/\"],\"legalName\":\"Voltride O\u00dc\",\"numberOfEmployees\":{\"@type\":\"QuantitativeValue\",\"minValue\":\"1\",\"maxValue\":\"10\"},\"ownershipFundingInfo\":\"https:\\\/\\\/haidak.eu\\\/about-us\\\/\",\"hasMerchantReturnPolicy\":{\"@type\":\"MerchantReturnPolicy\",\"merchantReturnLink\":\"https:\\\/\\\/haidak.eu\\\/shipping-and-returns\\\/\"},\"address\":{\"@id\":\"https:\\\/\\\/haidak.eu\\\/et\\\/inokim-light2-voltimismehhanismi-ulemise-poole-vasak-pool\\\/#local-main-place-address\"},\"geo\":{\"@type\":\"GeoCoordinates\",\"latitude\":\"59.439554\",\"longitude\":\"24.726644\"},\"telephone\":[\"+372 600 40 99\"],\"contactPoint\":{\"@type\":\"ContactPoint\",\"telephone\":\"+372 600 40 99\",\"email\":\"info@voltride.com\"},\"openingHoursSpecification\":[{\"@type\":\"OpeningHoursSpecification\",\"dayOfWeek\":[\"Monday\",\"Tuesday\",\"Wednesday\",\"Thursday\",\"Friday\"],\"opens\":\"10:00\",\"closes\":\"18:00\"},{\"@type\":\"OpeningHoursSpecification\",\"dayOfWeek\":[\"Saturday\",\"Sunday\"],\"opens\":\"00:00\",\"closes\":\"00:00\"}],\"email\":\"info@voltride.com\",\"taxID\":\"14871968\"},{\"@type\":\"PostalAddress\",\"@id\":\"https:\\\/\\\/haidak.eu\\\/et\\\/inokim-light2-voltimismehhanismi-ulemise-poole-vasak-pool\\\/#local-main-place-address\",\"streetAddress\":\"Voltride Telliskivi 57D\",\"addressLocality\":\"Tallinn\",\"postalCode\":\"10412\",\"addressRegion\":\"Tallinn\",\"addressCountry\":\"EE\"},{\"@type\":\"ImageObject\",\"inLanguage\":\"et\",\"@id\":\"https:\\\/\\\/haidak.eu\\\/et\\\/inokim-light2-voltimismehhanismi-ulemise-poole-vasak-pool\\\/#local-main-organization-logo\",\"url\":\"https:\\\/\\\/haidak.eu\\\/wp-content\\\/uploads\\\/voltride-logo.png\",\"contentUrl\":\"https:\\\/\\\/haidak.eu\\\/wp-content\\\/uploads\\\/voltride-logo.png\",\"width\":2481,\"height\":620,\"caption\":\"Voltride\"}]}<\/script>\n<meta property=\"product:price:amount\" content=\"33.00\" \/>\n<meta property=\"product:price:currency\" content=\"EUR\" \/>\n<meta property=\"og:availability\" content=\"instock\" \/>\n<meta property=\"product:availability\" content=\"instock\" \/>\n<meta property=\"product:retailer_item_id\" content=\"INFO003\" \/>\n<meta property=\"product:condition\" content=\"new\" \/>\n<meta name=\"geo.placename\" content=\"Tallinn\" \/>\n<meta name=\"geo.position\" content=\"59.439554;24.726644\" \/>\n<meta name=\"geo.region\" content=\"Estonia\" \/>\n<!-- \/ Yoast SEO Premium plugin. -->","yoast_head_json":{"title":"Inokim Light2 voltimismehhanismi \u00fclemise poole vasak pool | Voltride","robots":{"index":"noindex","follow":"follow","max-snippet":"max-snippet:-1","max-image-preview":"max-image-preview:large","max-video-preview":"max-video-preview:-1"},"og_locale":"et_EE","og_type":"article","og_title":"Inokim Light2 voltimismehhanismi \u00fclemise poole vasak pool | Voltride","og_description":"Varuosa: Inokim Light2 voltimismehhanismi \u00fclemise poole vasak pool See varuosa sobib j\u00e4rgnevatele mudelitele: Inokim Light Hero, Inokim Light2. Kui te","og_url":"https:\/\/haidak.eu\/et\/inokim-light2-voltimismehhanismi-ulemise-poole-vasak-pool\/","og_site_name":"Voltride","article_publisher":"https:\/\/www.facebook.com\/voltridecom\/","article_modified_time":"2026-03-29T19:34:25+00:00","og_image":[{"width":640,"height":640,"url":"https:\/\/haidak.eu\/wp-content\/uploads\/2026\/03\/info003.jpg","type":"image\/jpeg"}],"twitter_card":"summary_large_image","schema":{"@context":"https:\/\/schema.org","@graph":[{"@type":"WebPage","@id":"https:\/\/haidak.eu\/et\/inokim-light2-voltimismehhanismi-ulemise-poole-vasak-pool\/","url":"https:\/\/haidak.eu\/et\/inokim-light2-voltimismehhanismi-ulemise-poole-vasak-pool\/","name":"Inokim Light2 voltimismehhanismi \u00fclemise poole vasak pool | Voltride","isPartOf":{"@id":"https:\/\/haidak.eu\/et\/#website"},"primaryImageOfPage":{"@id":"https:\/\/haidak.eu\/et\/inokim-light2-voltimismehhanismi-ulemise-poole-vasak-pool\/#primaryimage"},"image":{"@id":"https:\/\/haidak.eu\/et\/inokim-light2-voltimismehhanismi-ulemise-poole-vasak-pool\/#primaryimage"},"thumbnailUrl":"https:\/\/haidak.eu\/wp-content\/uploads\/2026\/04\/info003.jpg","datePublished":"2026-03-25T20:38:50+00:00","dateModified":"2026-03-29T19:34:25+00:00","breadcrumb":{"@id":"https:\/\/haidak.eu\/et\/inokim-light2-voltimismehhanismi-ulemise-poole-vasak-pool\/#breadcrumb"},"inLanguage":"et","potentialAction":[{"@type":"ReadAction","target":["https:\/\/haidak.eu\/et\/inokim-light2-voltimismehhanismi-ulemise-poole-vasak-pool\/"]}]},{"@type":"ImageObject","inLanguage":"et","@id":"https:\/\/haidak.eu\/et\/inokim-light2-voltimismehhanismi-ulemise-poole-vasak-pool\/#primaryimage","url":"https:\/\/haidak.eu\/wp-content\/uploads\/2026\/04\/info003.jpg","contentUrl":"https:\/\/haidak.eu\/wp-content\/uploads\/2026\/04\/info003.jpg","width":640,"height":640},{"@type":"BreadcrumbList","@id":"https:\/\/haidak.eu\/et\/inokim-light2-voltimismehhanismi-ulemise-poole-vasak-pool\/#breadcrumb","itemListElement":[{"@type":"ListItem","position":1,"name":"Kodu","item":"https:\/\/haidak.eu\/et\/"},{"@type":"ListItem","position":2,"name":"Pood","item":"https:\/\/haidak.eu\/shop\/"},{"@type":"ListItem","position":3,"name":"Varuosad","item":"https:\/\/haidak.eu\/et\/varuosad\/"},{"@type":"ListItem","position":4,"name":"Voltimismehhanismi Detailid","item":"https:\/\/haidak.eu\/et\/voltimismehhanismi-detailid\/"},{"@type":"ListItem","position":5,"name":"Inokim Light2 voltimismehhanismi \u00fclemise poole vasak pool"}]},{"@type":"WebSite","@id":"https:\/\/haidak.eu\/et\/#website","url":"https:\/\/haidak.eu\/et\/","name":"Voltride","description":"Parim elektrirataste elektrit\u00f5ukside ja \u00fcksrataste pood ja remont","publisher":{"@id":"https:\/\/haidak.eu\/et\/#organization"},"alternateName":"Vr","potentialAction":[{"@type":"SearchAction","target":{"@type":"EntryPoint","urlTemplate":"https:\/\/haidak.eu\/et\/?s={search_term_string}"},"query-input":{"@type":"PropertyValueSpecification","valueRequired":true,"valueName":"search_term_string"}}],"inLanguage":"et"},{"@type":["Organization","Place"],"@id":"https:\/\/haidak.eu\/et\/#organization","name":"Voltride","alternateName":"VR","url":"https:\/\/haidak.eu\/et\/","logo":{"@id":"https:\/\/haidak.eu\/et\/inokim-light2-voltimismehhanismi-ulemise-poole-vasak-pool\/#local-main-organization-logo"},"image":{"@id":"https:\/\/haidak.eu\/et\/inokim-light2-voltimismehhanismi-ulemise-poole-vasak-pool\/#local-main-organization-logo"},"sameAs":["https:\/\/www.facebook.com\/voltridecom\/"],"legalName":"Voltride O\u00dc","numberOfEmployees":{"@type":"QuantitativeValue","minValue":"1","maxValue":"10"},"ownershipFundingInfo":"https:\/\/haidak.eu\/about-us\/","hasMerchantReturnPolicy":{"@type":"MerchantReturnPolicy","merchantReturnLink":"https:\/\/haidak.eu\/shipping-and-returns\/"},"address":{"@id":"https:\/\/haidak.eu\/et\/inokim-light2-voltimismehhanismi-ulemise-poole-vasak-pool\/#local-main-place-address"},"geo":{"@type":"GeoCoordinates","latitude":"59.439554","longitude":"24.726644"},"telephone":["+372 600 40 99"],"contactPoint":{"@type":"ContactPoint","telephone":"+372 600 40 99","email":"info@voltride.com"},"openingHoursSpecification":[{"@type":"OpeningHoursSpecification","dayOfWeek":["Monday","Tuesday","Wednesday","Thursday","Friday"],"opens":"10:00","closes":"18:00"},{"@type":"OpeningHoursSpecification","dayOfWeek":["Saturday","Sunday"],"opens":"00:00","closes":"00:00"}],"email":"info@voltride.com","taxID":"14871968"},{"@type":"PostalAddress","@id":"https:\/\/haidak.eu\/et\/inokim-light2-voltimismehhanismi-ulemise-poole-vasak-pool\/#local-main-place-address","streetAddress":"Voltride Telliskivi 57D","addressLocality":"Tallinn","postalCode":"10412","addressRegion":"Tallinn","addressCountry":"EE"},{"@type":"ImageObject","inLanguage":"et","@id":"https:\/\/haidak.eu\/et\/inokim-light2-voltimismehhanismi-ulemise-poole-vasak-pool\/#local-main-organization-logo","url":"https:\/\/haidak.eu\/wp-content\/uploads\/voltride-logo.png","contentUrl":"https:\/\/haidak.eu\/wp-content\/uploads\/voltride-logo.png","width":2481,"height":620,"caption":"Voltride"}]},"product_price_amount":"33.00","product_price_currency":"EUR","og_availability":"instock","product_availability":"instock","product_retailer_item_id":"INFO003","product_condition":"new","geo.placename":"Tallinn","geo.position":{"lat":"59.439554","long":"24.726644"},"geo.region":"Estonia"},"_links":{"self":[{"href":"https:\/\/haidak.eu\/et\/wp-json\/wp\/v2\/product\/19510","targetHints":{"allow":["GET"]}}],"collection":[{"href":"https:\/\/haidak.eu\/et\/wp-json\/wp\/v2\/product"}],"about":[{"href":"https:\/\/haidak.eu\/et\/wp-json\/wp\/v2\/types\/product"}],"replies":[{"embeddable":true,"href":"https:\/\/haidak.eu\/et\/wp-json\/wp\/v2\/comments?post=19510"}],"wp:featuredmedia":[{"embeddable":true,"href":"https:\/\/haidak.eu\/et\/wp-json\/wp\/v2\/media\/23096"}],"wp:attachment":[{"href":"https:\/\/haidak.eu\/et\/wp-json\/wp\/v2\/media?parent=19510"}],"wp:term":[{"taxonomy":"product_brand","embeddable":true,"href":"https:\/\/haidak.eu\/et\/wp-json\/wp\/v2\/product_brand?post=19510"},{"taxonomy":"product_cat","embeddable":true,"href":"https:\/\/haidak.eu\/et\/wp-json\/wp\/v2\/product_cat?post=19510"},{"taxonomy":"product_tag","embeddable":true,"href":"https:\/\/haidak.eu\/et\/wp-json\/wp\/v2\/product_tag?post=19510"}],"curies":[{"name":"wp","href":"https:\/\/api.w.org\/{rel}","templated":true}]}}