{"id":19663,"date":"2026-03-26T01:56:57","date_gmt":"2026-03-25T23:56:57","guid":{"rendered":"https:\/\/haidak.eu\/soojendusega-kindad-kemimoto\/"},"modified":"2026-03-29T21:34:41","modified_gmt":"2026-03-29T19:34:41","slug":"soojendusega-kindad-kemimoto","status":"publish","type":"product","link":"https:\/\/haidak.eu\/et\/soojendusega-kindad-kemimoto\/","title":{"rendered":"Soojendusega kindad Kemimoto"},"content":{"rendered":"<h2 data-end=\"198\" data-start=\"149\" style=\"caret-color: rgb(0, 0, 0); color: rgb(0, 0, 0);\"><strong data-end=\"196\" data-start=\"164\">Kemimoto soojendusega kindad<\/strong><\/h2>\n<p data-end=\"329\" data-start=\"200\" style=\"caret-color: rgb(0, 0, 0); color: rgb(0, 0, 0);\">Laetavad soojendusega kindad puutetundliku ekraani toega hoiavad su k\u00e4ed kuivad ja soojad isegi k\u00f5ige k\u00fclmematel s\u00f5idup\u00e4evadel!<\/p>\n<h4 data-end=\"355\" data-start=\"331\" style=\"caret-color: rgb(0, 0, 0); color: rgb(0, 0, 0);\"><strong data-end=\"353\" data-start=\"331\">Tehnilised andmed:<\/strong><\/h4>\n<ul data-end=\"746\" data-start=\"356\" style=\"caret-color: rgb(0, 0, 0); color: rgb(0, 0, 0);\">\n<li data-end=\"375\" data-start=\"356\">\n<h4 data-end=\"375\" data-start=\"358\">Aku pinge: 7.4V<\/h4>\n<\/li>\n<li data-end=\"397\" data-start=\"376\">\n<p data-end=\"397\" data-start=\"378\">Aku maht: 2500mAh<\/p>\n<\/li>\n<li data-end=\"435\" data-start=\"398\">\n<p data-end=\"435\" data-start=\"400\">Reguleeritav soojendus: 45\u2103 \u2013 60\u2103<\/p>\n<\/li>\n<li data-end=\"467\" data-start=\"436\">\n<p data-end=\"467\" data-start=\"438\">Soojendusaeg: 3.5 \u2013 6 tundi<\/p>\n<\/li>\n<li data-end=\"544\" data-start=\"468\">\n<p data-end=\"544\" data-start=\"470\">Materjalid: puuvill, nailon, PVC kumm, s\u00fcnteetiline nahk, pol\u00fcester, TPU<\/p>\n<\/li>\n<li data-end=\"573\" data-start=\"545\">\n<p data-end=\"573\" data-start=\"547\">Tuulekindlad, veekindlad<\/p>\n<\/li>\n<li data-end=\"598\" data-start=\"574\">\n<p data-end=\"598\" data-start=\"576\">V\u00e4rvid: must ja hall<\/p>\n<\/li>\n<li data-end=\"746\" data-start=\"599\">\n<p data-end=\"647\" data-start=\"601\">Suurused (peopesa \u00fcmberm\u00f5\u00f5t, peopesa laius):<\/p>\n<ul data-end=\"746\" data-start=\"650\">\n<li data-end=\"681\" data-start=\"650\">\n<p data-end=\"681\" data-start=\"652\">L: 20.5\u201321.5 cm, 8.5\u20138.8 cm<\/p>\n<\/li>\n<li data-end=\"712\" data-start=\"684\">\n<p data-end=\"712\" data-start=\"686\">XL: 21.5\u201322 cm, 8.7\u20139 cm<\/p>\n<\/li>\n<li data-end=\"746\" data-start=\"715\">\n<p data-end=\"746\" data-start=\"717\">XXL: 22.5\u201323 cm, 9.0\u20139.5 cm<\/p>\n<\/li>\n<\/ul>\n<\/li>\n<\/ul>\n<h4 data-end=\"767\" data-start=\"748\" style=\"caret-color: rgb(0, 0, 0); color: rgb(0, 0, 0);\"><strong data-end=\"765\" data-start=\"748\">P\u00f5hiomadused:<\/strong><\/h4>\n<ul data-end=\"1598\" data-start=\"768\" style=\"caret-color: rgb(0, 0, 0); color: rgb(0, 0, 0);\">\n<li data-end=\"876\" data-start=\"768\">\n<h4 data-end=\"876\" data-start=\"770\"><strong data-end=\"796\" data-start=\"770\">Puutetundlikkuse tugi:<\/strong>&nbsp;toimivad k\u00f5igi puutetundlike seadmetega, et kasutada nutitelefoni ka k\u00fclmaga.<\/h4>\n<\/li>\n<li data-end=\"982\" data-start=\"877\">\n<p data-end=\"982\" data-start=\"879\"><strong data-end=\"901\" data-start=\"879\">Kiire soojenemine:<\/strong>&nbsp;7.4V\/2500mAh liitiumakud soojenevad 30 sekundiga ja hoiavad sooja 4.5\u20136 tundi.<\/p>\n<\/li>\n<li data-end=\"1077\" data-start=\"983\">\n<p data-end=\"1077\" data-start=\"985\"><strong data-end=\"1000\" data-start=\"985\">K\u00e4e kaitse:<\/strong>&nbsp;tugevdatud s\u00f5rmenukid ja peopesa kihid kaitsevad l\u00f6\u00f6kide ja kulumise eest.<\/p>\n<\/li>\n<li data-end=\"1204\" data-start=\"1078\">\n<p data-end=\"1204\" data-start=\"1080\"><strong data-end=\"1108\" data-start=\"1080\">Libisemisvastane disain:<\/strong>&nbsp;peopesal on kummist pinnakate kindla haarde jaoks, randme pingutusrihm tagab mugava istuvuse.<\/p>\n<\/li>\n<li data-end=\"1303\" data-start=\"1205\">\n<p data-end=\"1303\" data-start=\"1207\"><strong data-end=\"1234\" data-start=\"1207\">Mugavus ja isolatsioon:<\/strong>&nbsp;veekindlad, hingavad, reguleeritava rihmaga \u2013 hoiavad k\u00fclma eemal.<\/p>\n<\/li>\n<li data-end=\"1406\" data-start=\"1304\">\n<p data-end=\"1406\" data-start=\"1306\"><strong data-end=\"1328\" data-start=\"1306\">Tervisele kasulik:<\/strong>&nbsp;parandavad vereringet, leevendavad j\u00e4ikust k\u00fclmaga ja pakuvad sooja tunnet.<\/p>\n<\/li>\n<li data-end=\"1598\" data-start=\"1407\">\n<p data-end=\"1598\" data-start=\"1409\"><strong data-end=\"1433\" data-start=\"1409\">Mitmek\u00fclgne kasutus:<\/strong>&nbsp;ideaalsed t\u00f5ukeratta v\u00f5i \u00fcherattalisega s\u00f5itmiseks, aga ka kalastamiseks, matkamiseks, suusatamiseks jne. Kergesti hooldatavad \u2013 k\u00e4sipesu ja \u00f5hu k\u00e4es kuivatamine.<\/p>\n<\/li>\n<\/ul>\n<p data-end=\"1617\" data-start=\"1600\" style=\"caret-color: rgb(0, 0, 0); color: rgb(0, 0, 0);\"><strong data-end=\"1615\" data-start=\"1600\">Komplektis:<\/strong><\/p>\n<ul data-end=\"1699\" data-start=\"1618\" style=\"caret-color: rgb(0, 0, 0); color: rgb(0, 0, 0);\">\n<li data-end=\"1649\" data-start=\"1618\">\n<p data-end=\"1649\" data-start=\"1620\">1 paar soojendusega kindaid<\/p>\n<\/li>\n<li data-end=\"1682\" data-start=\"1650\">\n<p data-end=\"1682\" data-start=\"1652\">2 laetavat liitium-ioon akut<\/p>\n<\/li>\n<li data-end=\"1699\" data-start=\"1683\">\n<p data-end=\"1699\" data-start=\"1685\">1 akulaadija<\/p>\n<\/li>\n<\/ul>\n<p data-end=\"1756\" data-start=\"1706\" style=\"caret-color: rgb(0, 0, 0); color: rgb(0, 0, 0);\">&nbsp;<\/p>\n","protected":false},"excerpt":{"rendered":"<p>Kemimoto soojendusega kindad Laetavad soojendusega kindad puutetundliku ekraani toega hoiavad su k\u00e4ed kuivad ja soojad isegi k\u00f5ige k\u00fclmematel s\u00f5idup\u00e4evadel! Tehnilised<\/p>\n","protected":false},"featured_media":20562,"comment_status":"open","ping_status":"closed","template":"","meta":[],"product_brand":[],"product_cat":[753],"product_tag":[],"class_list":{"0":"post-19663","1":"product","2":"type-product","3":"status-publish","4":"has-post-thumbnail","6":"product_cat-kaitsevarustus-inimesele","8":"first","9":"instock","10":"taxable","11":"shipping-taxable","12":"purchasable","13":"product-type-variable"},"yoast_head":"<!-- This site is optimized with the Yoast SEO Premium plugin v27.3 (Yoast SEO v27.3) - https:\/\/yoast.com\/product\/yoast-seo-premium-wordpress\/ -->\n<title>Soojendusega kindad Kemimoto | Voltride<\/title>\n<meta name=\"robots\" content=\"noindex, follow, max-snippet:-1, max-image-preview:large, max-video-preview:-1\" \/>\n<meta property=\"og:locale\" content=\"et_EE\" \/>\n<meta property=\"og:type\" content=\"article\" \/>\n<meta property=\"og:title\" content=\"Soojendusega kindad Kemimoto | Voltride\" \/>\n<meta property=\"og:description\" content=\"Kemimoto soojendusega kindad Laetavad soojendusega kindad puutetundliku ekraani toega hoiavad su k\u00e4ed kuivad ja soojad isegi k\u00f5ige k\u00fclmematel s\u00f5idup\u00e4evadel! Tehnilised\" \/>\n<meta property=\"og:url\" content=\"https:\/\/haidak.eu\/et\/soojendusega-kindad-kemimoto\/\" \/>\n<meta property=\"og:site_name\" content=\"Voltride\" \/>\n<meta property=\"article:publisher\" content=\"https:\/\/www.facebook.com\/voltridecom\/\" \/>\n<meta property=\"article:modified_time\" content=\"2026-03-29T19:34:41+00:00\" \/>\n<meta property=\"og:image\" content=\"https:\/\/haidak.eu\/wp-content\/uploads\/2026\/03\/5473-68ad7c0428a6c418311992-369918817-190748150743453-1667072284902399571-n-1.jpg\" \/>\n\t<meta property=\"og:image:width\" content=\"1800\" \/>\n\t<meta property=\"og:image:height\" content=\"1800\" \/>\n\t<meta property=\"og:image:type\" content=\"image\/jpeg\" \/>\n<meta name=\"twitter:card\" content=\"summary_large_image\" \/>\n<script type=\"application\/ld+json\" class=\"yoast-schema-graph\">{\"@context\":\"https:\\\/\\\/schema.org\",\"@graph\":[{\"@type\":\"WebPage\",\"@id\":\"https:\\\/\\\/haidak.eu\\\/et\\\/soojendusega-kindad-kemimoto\\\/\",\"url\":\"https:\\\/\\\/haidak.eu\\\/et\\\/soojendusega-kindad-kemimoto\\\/\",\"name\":\"Soojendusega kindad Kemimoto | Voltride\",\"isPartOf\":{\"@id\":\"https:\\\/\\\/haidak.eu\\\/et\\\/#website\"},\"primaryImageOfPage\":{\"@id\":\"https:\\\/\\\/haidak.eu\\\/et\\\/soojendusega-kindad-kemimoto\\\/#primaryimage\"},\"image\":{\"@id\":\"https:\\\/\\\/haidak.eu\\\/et\\\/soojendusega-kindad-kemimoto\\\/#primaryimage\"},\"thumbnailUrl\":\"https:\\\/\\\/haidak.eu\\\/wp-content\\\/uploads\\\/2026\\\/03\\\/5473-68ad7c0428a6c418311992-369918817-190748150743453-1667072284902399571-n-1.jpg\",\"datePublished\":\"2026-03-25T23:56:57+00:00\",\"dateModified\":\"2026-03-29T19:34:41+00:00\",\"breadcrumb\":{\"@id\":\"https:\\\/\\\/haidak.eu\\\/et\\\/soojendusega-kindad-kemimoto\\\/#breadcrumb\"},\"inLanguage\":\"et\",\"potentialAction\":[{\"@type\":\"ReadAction\",\"target\":[\"https:\\\/\\\/haidak.eu\\\/et\\\/soojendusega-kindad-kemimoto\\\/\"]}]},{\"@type\":\"ImageObject\",\"inLanguage\":\"et\",\"@id\":\"https:\\\/\\\/haidak.eu\\\/et\\\/soojendusega-kindad-kemimoto\\\/#primaryimage\",\"url\":\"https:\\\/\\\/haidak.eu\\\/wp-content\\\/uploads\\\/2026\\\/03\\\/5473-68ad7c0428a6c418311992-369918817-190748150743453-1667072284902399571-n-1.jpg\",\"contentUrl\":\"https:\\\/\\\/haidak.eu\\\/wp-content\\\/uploads\\\/2026\\\/03\\\/5473-68ad7c0428a6c418311992-369918817-190748150743453-1667072284902399571-n-1.jpg\",\"width\":1800,\"height\":1800},{\"@type\":\"BreadcrumbList\",\"@id\":\"https:\\\/\\\/haidak.eu\\\/et\\\/soojendusega-kindad-kemimoto\\\/#breadcrumb\",\"itemListElement\":[{\"@type\":\"ListItem\",\"position\":1,\"name\":\"Kodu\",\"item\":\"https:\\\/\\\/haidak.eu\\\/et\\\/\"},{\"@type\":\"ListItem\",\"position\":2,\"name\":\"Pood\",\"item\":\"https:\\\/\\\/haidak.eu\\\/shop\\\/\"},{\"@type\":\"ListItem\",\"position\":3,\"name\":\"Lisavarustus\",\"item\":\"https:\\\/\\\/haidak.eu\\\/et\\\/lisavarustus\\\/\"},{\"@type\":\"ListItem\",\"position\":4,\"name\":\"Kaitsevarustus inimesele\",\"item\":\"https:\\\/\\\/haidak.eu\\\/et\\\/kaitsevarustus-inimesele\\\/\"},{\"@type\":\"ListItem\",\"position\":5,\"name\":\"Soojendusega kindad Kemimoto\"}]},{\"@type\":\"WebSite\",\"@id\":\"https:\\\/\\\/haidak.eu\\\/et\\\/#website\",\"url\":\"https:\\\/\\\/haidak.eu\\\/et\\\/\",\"name\":\"Voltride\",\"description\":\"Parim elektrirataste elektrit\u00f5ukside ja \u00fcksrataste pood ja remont\",\"publisher\":{\"@id\":\"https:\\\/\\\/haidak.eu\\\/et\\\/#organization\"},\"alternateName\":\"Vr\",\"potentialAction\":[{\"@type\":\"SearchAction\",\"target\":{\"@type\":\"EntryPoint\",\"urlTemplate\":\"https:\\\/\\\/haidak.eu\\\/et\\\/?s={search_term_string}\"},\"query-input\":{\"@type\":\"PropertyValueSpecification\",\"valueRequired\":true,\"valueName\":\"search_term_string\"}}],\"inLanguage\":\"et\"},{\"@type\":[\"Organization\",\"Place\"],\"@id\":\"https:\\\/\\\/haidak.eu\\\/et\\\/#organization\",\"name\":\"Voltride\",\"alternateName\":\"VR\",\"url\":\"https:\\\/\\\/haidak.eu\\\/et\\\/\",\"logo\":{\"@id\":\"https:\\\/\\\/haidak.eu\\\/et\\\/soojendusega-kindad-kemimoto\\\/#local-main-organization-logo\"},\"image\":{\"@id\":\"https:\\\/\\\/haidak.eu\\\/et\\\/soojendusega-kindad-kemimoto\\\/#local-main-organization-logo\"},\"sameAs\":[\"https:\\\/\\\/www.facebook.com\\\/voltridecom\\\/\"],\"legalName\":\"Voltride O\u00dc\",\"numberOfEmployees\":{\"@type\":\"QuantitativeValue\",\"minValue\":\"1\",\"maxValue\":\"10\"},\"ownershipFundingInfo\":\"https:\\\/\\\/haidak.eu\\\/about-us\\\/\",\"hasMerchantReturnPolicy\":{\"@type\":\"MerchantReturnPolicy\",\"merchantReturnLink\":\"https:\\\/\\\/haidak.eu\\\/shipping-and-returns\\\/\"},\"address\":{\"@id\":\"https:\\\/\\\/haidak.eu\\\/et\\\/soojendusega-kindad-kemimoto\\\/#local-main-place-address\"},\"geo\":{\"@type\":\"GeoCoordinates\",\"latitude\":\"59.439554\",\"longitude\":\"24.726644\"},\"telephone\":[\"+372 600 40 99\"],\"contactPoint\":{\"@type\":\"ContactPoint\",\"telephone\":\"+372 600 40 99\",\"email\":\"info@voltride.com\"},\"openingHoursSpecification\":[{\"@type\":\"OpeningHoursSpecification\",\"dayOfWeek\":[\"Monday\",\"Tuesday\",\"Wednesday\",\"Thursday\",\"Friday\"],\"opens\":\"10:00\",\"closes\":\"18:00\"},{\"@type\":\"OpeningHoursSpecification\",\"dayOfWeek\":[\"Saturday\",\"Sunday\"],\"opens\":\"00:00\",\"closes\":\"00:00\"}],\"email\":\"info@voltride.com\",\"taxID\":\"14871968\"},{\"@type\":\"PostalAddress\",\"@id\":\"https:\\\/\\\/haidak.eu\\\/et\\\/soojendusega-kindad-kemimoto\\\/#local-main-place-address\",\"streetAddress\":\"Voltride Telliskivi 57D\",\"addressLocality\":\"Tallinn\",\"postalCode\":\"10412\",\"addressRegion\":\"Tallinn\",\"addressCountry\":\"EE\"},{\"@type\":\"ImageObject\",\"inLanguage\":\"et\",\"@id\":\"https:\\\/\\\/haidak.eu\\\/et\\\/soojendusega-kindad-kemimoto\\\/#local-main-organization-logo\",\"url\":\"https:\\\/\\\/haidak.eu\\\/wp-content\\\/uploads\\\/voltride-logo.png\",\"contentUrl\":\"https:\\\/\\\/haidak.eu\\\/wp-content\\\/uploads\\\/voltride-logo.png\",\"width\":2481,\"height\":620,\"caption\":\"Voltride\"}]}<\/script>\n<meta property=\"og:availability\" content=\"instock\" \/>\n<meta property=\"product:availability\" content=\"instock\" \/>\n<meta property=\"product:retailer_item_id\" content=\"KMSG001\" \/>\n<meta property=\"product:condition\" content=\"new\" \/>\n<meta name=\"geo.placename\" content=\"Tallinn\" \/>\n<meta name=\"geo.position\" content=\"59.439554;24.726644\" \/>\n<meta name=\"geo.region\" content=\"Estonia\" \/>\n<!-- \/ Yoast SEO Premium plugin. -->","yoast_head_json":{"title":"Soojendusega kindad Kemimoto | Voltride","robots":{"index":"noindex","follow":"follow","max-snippet":"max-snippet:-1","max-image-preview":"max-image-preview:large","max-video-preview":"max-video-preview:-1"},"og_locale":"et_EE","og_type":"article","og_title":"Soojendusega kindad Kemimoto | Voltride","og_description":"Kemimoto soojendusega kindad Laetavad soojendusega kindad puutetundliku ekraani toega hoiavad su k\u00e4ed kuivad ja soojad isegi k\u00f5ige k\u00fclmematel s\u00f5idup\u00e4evadel! Tehnilised","og_url":"https:\/\/haidak.eu\/et\/soojendusega-kindad-kemimoto\/","og_site_name":"Voltride","article_publisher":"https:\/\/www.facebook.com\/voltridecom\/","article_modified_time":"2026-03-29T19:34:41+00:00","og_image":[{"width":1800,"height":1800,"url":"https:\/\/haidak.eu\/wp-content\/uploads\/2026\/03\/5473-68ad7c0428a6c418311992-369918817-190748150743453-1667072284902399571-n-1.jpg","type":"image\/jpeg"}],"twitter_card":"summary_large_image","schema":{"@context":"https:\/\/schema.org","@graph":[{"@type":"WebPage","@id":"https:\/\/haidak.eu\/et\/soojendusega-kindad-kemimoto\/","url":"https:\/\/haidak.eu\/et\/soojendusega-kindad-kemimoto\/","name":"Soojendusega kindad Kemimoto | Voltride","isPartOf":{"@id":"https:\/\/haidak.eu\/et\/#website"},"primaryImageOfPage":{"@id":"https:\/\/haidak.eu\/et\/soojendusega-kindad-kemimoto\/#primaryimage"},"image":{"@id":"https:\/\/haidak.eu\/et\/soojendusega-kindad-kemimoto\/#primaryimage"},"thumbnailUrl":"https:\/\/haidak.eu\/wp-content\/uploads\/2026\/03\/5473-68ad7c0428a6c418311992-369918817-190748150743453-1667072284902399571-n-1.jpg","datePublished":"2026-03-25T23:56:57+00:00","dateModified":"2026-03-29T19:34:41+00:00","breadcrumb":{"@id":"https:\/\/haidak.eu\/et\/soojendusega-kindad-kemimoto\/#breadcrumb"},"inLanguage":"et","potentialAction":[{"@type":"ReadAction","target":["https:\/\/haidak.eu\/et\/soojendusega-kindad-kemimoto\/"]}]},{"@type":"ImageObject","inLanguage":"et","@id":"https:\/\/haidak.eu\/et\/soojendusega-kindad-kemimoto\/#primaryimage","url":"https:\/\/haidak.eu\/wp-content\/uploads\/2026\/03\/5473-68ad7c0428a6c418311992-369918817-190748150743453-1667072284902399571-n-1.jpg","contentUrl":"https:\/\/haidak.eu\/wp-content\/uploads\/2026\/03\/5473-68ad7c0428a6c418311992-369918817-190748150743453-1667072284902399571-n-1.jpg","width":1800,"height":1800},{"@type":"BreadcrumbList","@id":"https:\/\/haidak.eu\/et\/soojendusega-kindad-kemimoto\/#breadcrumb","itemListElement":[{"@type":"ListItem","position":1,"name":"Kodu","item":"https:\/\/haidak.eu\/et\/"},{"@type":"ListItem","position":2,"name":"Pood","item":"https:\/\/haidak.eu\/shop\/"},{"@type":"ListItem","position":3,"name":"Lisavarustus","item":"https:\/\/haidak.eu\/et\/lisavarustus\/"},{"@type":"ListItem","position":4,"name":"Kaitsevarustus inimesele","item":"https:\/\/haidak.eu\/et\/kaitsevarustus-inimesele\/"},{"@type":"ListItem","position":5,"name":"Soojendusega kindad Kemimoto"}]},{"@type":"WebSite","@id":"https:\/\/haidak.eu\/et\/#website","url":"https:\/\/haidak.eu\/et\/","name":"Voltride","description":"Parim elektrirataste elektrit\u00f5ukside ja \u00fcksrataste pood ja remont","publisher":{"@id":"https:\/\/haidak.eu\/et\/#organization"},"alternateName":"Vr","potentialAction":[{"@type":"SearchAction","target":{"@type":"EntryPoint","urlTemplate":"https:\/\/haidak.eu\/et\/?s={search_term_string}"},"query-input":{"@type":"PropertyValueSpecification","valueRequired":true,"valueName":"search_term_string"}}],"inLanguage":"et"},{"@type":["Organization","Place"],"@id":"https:\/\/haidak.eu\/et\/#organization","name":"Voltride","alternateName":"VR","url":"https:\/\/haidak.eu\/et\/","logo":{"@id":"https:\/\/haidak.eu\/et\/soojendusega-kindad-kemimoto\/#local-main-organization-logo"},"image":{"@id":"https:\/\/haidak.eu\/et\/soojendusega-kindad-kemimoto\/#local-main-organization-logo"},"sameAs":["https:\/\/www.facebook.com\/voltridecom\/"],"legalName":"Voltride O\u00dc","numberOfEmployees":{"@type":"QuantitativeValue","minValue":"1","maxValue":"10"},"ownershipFundingInfo":"https:\/\/haidak.eu\/about-us\/","hasMerchantReturnPolicy":{"@type":"MerchantReturnPolicy","merchantReturnLink":"https:\/\/haidak.eu\/shipping-and-returns\/"},"address":{"@id":"https:\/\/haidak.eu\/et\/soojendusega-kindad-kemimoto\/#local-main-place-address"},"geo":{"@type":"GeoCoordinates","latitude":"59.439554","longitude":"24.726644"},"telephone":["+372 600 40 99"],"contactPoint":{"@type":"ContactPoint","telephone":"+372 600 40 99","email":"info@voltride.com"},"openingHoursSpecification":[{"@type":"OpeningHoursSpecification","dayOfWeek":["Monday","Tuesday","Wednesday","Thursday","Friday"],"opens":"10:00","closes":"18:00"},{"@type":"OpeningHoursSpecification","dayOfWeek":["Saturday","Sunday"],"opens":"00:00","closes":"00:00"}],"email":"info@voltride.com","taxID":"14871968"},{"@type":"PostalAddress","@id":"https:\/\/haidak.eu\/et\/soojendusega-kindad-kemimoto\/#local-main-place-address","streetAddress":"Voltride Telliskivi 57D","addressLocality":"Tallinn","postalCode":"10412","addressRegion":"Tallinn","addressCountry":"EE"},{"@type":"ImageObject","inLanguage":"et","@id":"https:\/\/haidak.eu\/et\/soojendusega-kindad-kemimoto\/#local-main-organization-logo","url":"https:\/\/haidak.eu\/wp-content\/uploads\/voltride-logo.png","contentUrl":"https:\/\/haidak.eu\/wp-content\/uploads\/voltride-logo.png","width":2481,"height":620,"caption":"Voltride"}]},"og_availability":"instock","product_availability":"instock","product_retailer_item_id":"KMSG001","product_condition":"new","geo.placename":"Tallinn","geo.position":{"lat":"59.439554","long":"24.726644"},"geo.region":"Estonia"},"_links":{"self":[{"href":"https:\/\/haidak.eu\/et\/wp-json\/wp\/v2\/product\/19663","targetHints":{"allow":["GET"]}}],"collection":[{"href":"https:\/\/haidak.eu\/et\/wp-json\/wp\/v2\/product"}],"about":[{"href":"https:\/\/haidak.eu\/et\/wp-json\/wp\/v2\/types\/product"}],"replies":[{"embeddable":true,"href":"https:\/\/haidak.eu\/et\/wp-json\/wp\/v2\/comments?post=19663"}],"wp:featuredmedia":[{"embeddable":true,"href":"https:\/\/haidak.eu\/et\/wp-json\/wp\/v2\/media\/20562"}],"wp:attachment":[{"href":"https:\/\/haidak.eu\/et\/wp-json\/wp\/v2\/media?parent=19663"}],"wp:term":[{"taxonomy":"product_brand","embeddable":true,"href":"https:\/\/haidak.eu\/et\/wp-json\/wp\/v2\/product_brand?post=19663"},{"taxonomy":"product_cat","embeddable":true,"href":"https:\/\/haidak.eu\/et\/wp-json\/wp\/v2\/product_cat?post=19663"},{"taxonomy":"product_tag","embeddable":true,"href":"https:\/\/haidak.eu\/et\/wp-json\/wp\/v2\/product_tag?post=19663"}],"curies":[{"name":"wp","href":"https:\/\/api.w.org\/{rel}","templated":true}]}}