{"id":19664,"date":"2026-03-26T01:56:58","date_gmt":"2026-03-25T23:56:58","guid":{"rendered":"https:\/\/haidak.eu\/volditav-engwe-pakiraamikott-35l-va-x-seeria-ja-m20\/"},"modified":"2026-04-09T13:20:59","modified_gmt":"2026-04-09T11:20:59","slug":"volditav-engwe-pakiraamikott-35l","status":"publish","type":"product","link":"https:\/\/haidak.eu\/et\/volditav-engwe-pakiraamikott-35l\/","title":{"rendered":"Volditav Engwe pakiraamikott 35L"},"content":{"rendered":"<p style=\"caret-color: #000000; color: #000000;\" data-end=\"458\" data-start=\"159\">Engwe kokkupandav rattakott 35L on multifunktsionaalne ja vastupidav hoiustamislahendus ratturitele, kes hindavad nii paindlikkust kui ka stiili. Kvaliteetsest veekindlast s\u00fcsinik-komposiitnahast valmistatud kott peab vastu mustusele, hoiab asjad kuivana ja on lihtsasti puhastatav.<\/p>\n<p style=\"caret-color: #000000; color: #000000;\" data-end=\"843\" data-start=\"460\">Nutikas kokkupandav disain v\u00f5imaldab koti mahtu suurendada 17 liitrist kuni 35 liitrini. Piisab k\u00fclgede lahtit\u00f5mbamisest, et muuta kompaktne pakiraamikott avarateks k\u00fcljekottideks, pakkudes palju ruumi riietele, jalan\u00f5udele, seadmetele, toidule v\u00f5i rattatarvetele. Paks pehmendus v\u00e4hendab p\u00f5rutusi ja sisseehitatud raam hoiab koti vormis, kaitstes v\u00e4\u00e4rtuslikke esemeid igal s\u00f5idul.<\/p>\n<p style=\"caret-color: #000000; color: #000000;\" data-end=\"926\" data-start=\"845\">Maksimaalse mitmek\u00fclgsuse huvides saab Engwe rattakotti kasutada mitmel viisil:<\/p>\n<ul style=\"caret-color: #000000; color: #000000;\" data-end=\"1136\" data-start=\"927\">\n<li data-end=\"1012\" data-start=\"927\">\n<p data-end=\"1012\" data-start=\"929\">K\u00fcljekoti v\u00f5i pakiraamikotina, mis kinnitub kindlalt ratta tagumisele pakiraamile<\/p>\n<\/li>\n<li data-end=\"1070\" data-start=\"1013\">\n<p data-end=\"1070\" data-start=\"1015\">Seljakotina, pehmendatud \u00f5larihmadega v\u00e4litingimustes<\/p>\n<\/li>\n<li data-end=\"1136\" data-start=\"1071\">\n<p data-end=\"1136\" data-start=\"1073\">K\u00e4e- v\u00f5i \u00f5lakotina, tugevdatud sangade ja eemaldatava rihmaga<\/p>\n<\/li>\n<\/ul>\n<p style=\"caret-color: #000000; color: #000000;\" data-end=\"1334\" data-start=\"1138\">Kott on kerge, kuid vastupidav (1,6 kg) ning kaasas on eemaldatav vaheplaat, et hoida asjad korras. Moodne ja praktiline disain sobib mitte ainult rattas\u00f5iduks, vaid ka kooli, t\u00f6\u00f6le v\u00f5i reisile.<\/p>\n<p style=\"caret-color: #000000; color: #000000;\" data-end=\"1416\" data-start=\"1336\"><strong data-end=\"1347\" data-start=\"1336\">M\u00e4rkus:<\/strong>\u00a0See mudel ei sobi Engwe M20 ja X-seeria ratastele (X20, X24, X26).<\/p>\n<p style=\"caret-color: #000000; color: #000000;\" data-end=\"1442\" data-start=\"1418\"><strong data-end=\"1440\" data-start=\"1418\">Tehnilised andmed:<\/strong><\/p>\n<ul style=\"caret-color: #000000; color: #000000;\" data-end=\"1582\" data-start=\"1443\">\n<li data-end=\"1472\" data-start=\"1443\">\n<p data-end=\"1472\" data-start=\"1445\">Maht: 17\u201335L (laiendatav)<\/p>\n<\/li>\n<li data-end=\"1518\" data-start=\"1473\">\n<p data-end=\"1518\" data-start=\"1475\">Materjal: veekindel s\u00fcsinik-komposiitnahk<\/p>\n<\/li>\n<li data-end=\"1550\" data-start=\"1519\">\n<p data-end=\"1550\" data-start=\"1521\">M\u00f5\u00f5dud: 35.6 \u00d7 30 \u00d7 22.5 cm<\/p>\n<\/li>\n<li data-end=\"1567\" data-start=\"1551\">\n<p data-end=\"1567\" data-start=\"1553\">Kaal: 1.6 kg<\/p>\n<\/li>\n<li data-end=\"1582\" data-start=\"1568\">\n<p data-end=\"1582\" data-start=\"1570\">V\u00e4rv: must<\/p>\n<\/li>\n<\/ul>\n<p style=\"caret-color: #000000; color: #000000;\" data-end=\"1735\" data-start=\"1584\">Engwe rattakott 35L \u00fchendab praktilisuse, vastupidavuse ja modernse disaini \u2013 ideaalne valik ratturile, kes tahab vedada rohkem ilma kompromissideta.<\/p>\n","protected":false},"excerpt":{"rendered":"<p>Engwe kokkupandav rattakott 35L on multifunktsionaalne ja vastupidav hoiustamislahendus ratturitele, kes hindavad nii paindlikkust kui ka stiili. Kvaliteetsest veekindlast s\u00fcsinik-komposiitnahast<\/p>\n","protected":false},"featured_media":23442,"comment_status":"open","ping_status":"closed","template":"","meta":[],"product_brand":[],"product_cat":[696],"product_tag":[],"class_list":{"0":"post-19664","1":"product","2":"type-product","3":"status-publish","4":"has-post-thumbnail","6":"product_cat-korvid-ja-pakiraamid","8":"first","9":"instock","10":"taxable","11":"shipping-taxable","12":"purchasable","13":"product-type-simple"},"yoast_head":"<!-- This site is optimized with the Yoast SEO Premium plugin v27.3 (Yoast SEO v27.4) - https:\/\/yoast.com\/product\/yoast-seo-premium-wordpress\/ -->\n<title>Volditav Engwe pakiraamikott 35L | Voltride<\/title>\n<meta name=\"robots\" content=\"noindex, follow, max-snippet:-1, max-image-preview:large, max-video-preview:-1\" \/>\n<meta property=\"og:locale\" content=\"et_EE\" \/>\n<meta property=\"og:type\" content=\"article\" \/>\n<meta property=\"og:title\" content=\"Volditav Engwe pakiraamikott 35L | Voltride\" \/>\n<meta property=\"og:description\" content=\"Engwe kokkupandav rattakott 35L on multifunktsionaalne ja vastupidav hoiustamislahendus ratturitele, kes hindavad nii paindlikkust kui ka stiili. Kvaliteetsest veekindlast s\u00fcsinik-komposiitnahast\" \/>\n<meta property=\"og:url\" content=\"https:\/\/haidak.eu\/et\/volditav-engwe-pakiraamikott-35l\/\" \/>\n<meta property=\"og:site_name\" content=\"Voltride\" \/>\n<meta property=\"article:publisher\" content=\"https:\/\/www.facebook.com\/voltridecom\/\" \/>\n<meta property=\"article:modified_time\" content=\"2026-04-09T11:20:59+00:00\" \/>\n<meta property=\"og:image\" content=\"https:\/\/haidak.eu\/wp-content\/uploads\/2026\/03\/6895-68a316d4ce3d1989939751-screenshot-2025-08-18-at-150221-1.png\" \/>\n\t<meta property=\"og:image:width\" content=\"876\" \/>\n\t<meta property=\"og:image:height\" content=\"876\" \/>\n\t<meta property=\"og:image:type\" content=\"image\/png\" \/>\n<meta name=\"twitter:card\" content=\"summary_large_image\" \/>\n<script type=\"application\/ld+json\" class=\"yoast-schema-graph\">{\"@context\":\"https:\\\/\\\/schema.org\",\"@graph\":[{\"@type\":\"WebPage\",\"@id\":\"https:\\\/\\\/haidak.eu\\\/et\\\/volditav-engwe-pakiraamikott-35l\\\/\",\"url\":\"https:\\\/\\\/haidak.eu\\\/et\\\/volditav-engwe-pakiraamikott-35l\\\/\",\"name\":\"Volditav Engwe pakiraamikott 35L | Voltride\",\"isPartOf\":{\"@id\":\"https:\\\/\\\/haidak.eu\\\/et\\\/#website\"},\"primaryImageOfPage\":{\"@id\":\"https:\\\/\\\/haidak.eu\\\/et\\\/volditav-engwe-pakiraamikott-35l\\\/#primaryimage\"},\"image\":{\"@id\":\"https:\\\/\\\/haidak.eu\\\/et\\\/volditav-engwe-pakiraamikott-35l\\\/#primaryimage\"},\"thumbnailUrl\":\"https:\\\/\\\/haidak.eu\\\/wp-content\\\/uploads\\\/2026\\\/03\\\/6895-68a316d4ce3d1989939751-screenshot-2025-08-18-at-150221-1.png\",\"datePublished\":\"2026-03-25T23:56:58+00:00\",\"dateModified\":\"2026-04-09T11:20:59+00:00\",\"breadcrumb\":{\"@id\":\"https:\\\/\\\/haidak.eu\\\/et\\\/volditav-engwe-pakiraamikott-35l\\\/#breadcrumb\"},\"inLanguage\":\"et\",\"potentialAction\":[{\"@type\":\"ReadAction\",\"target\":[\"https:\\\/\\\/haidak.eu\\\/et\\\/volditav-engwe-pakiraamikott-35l\\\/\"]}]},{\"@type\":\"ImageObject\",\"inLanguage\":\"et\",\"@id\":\"https:\\\/\\\/haidak.eu\\\/et\\\/volditav-engwe-pakiraamikott-35l\\\/#primaryimage\",\"url\":\"https:\\\/\\\/haidak.eu\\\/wp-content\\\/uploads\\\/2026\\\/03\\\/6895-68a316d4ce3d1989939751-screenshot-2025-08-18-at-150221-1.png\",\"contentUrl\":\"https:\\\/\\\/haidak.eu\\\/wp-content\\\/uploads\\\/2026\\\/03\\\/6895-68a316d4ce3d1989939751-screenshot-2025-08-18-at-150221-1.png\",\"width\":876,\"height\":876},{\"@type\":\"BreadcrumbList\",\"@id\":\"https:\\\/\\\/haidak.eu\\\/et\\\/volditav-engwe-pakiraamikott-35l\\\/#breadcrumb\",\"itemListElement\":[{\"@type\":\"ListItem\",\"position\":1,\"name\":\"Kodu\",\"item\":\"https:\\\/\\\/haidak.eu\\\/et\\\/\"},{\"@type\":\"ListItem\",\"position\":2,\"name\":\"Pood\",\"item\":\"https:\\\/\\\/haidak.eu\\\/shop\\\/\"},{\"@type\":\"ListItem\",\"position\":3,\"name\":\"Lisavarustus\",\"item\":\"https:\\\/\\\/haidak.eu\\\/et\\\/lisavarustus\\\/\"},{\"@type\":\"ListItem\",\"position\":4,\"name\":\"Korvid ja Pakiraamid\",\"item\":\"https:\\\/\\\/haidak.eu\\\/et\\\/korvid-ja-pakiraamid\\\/\"},{\"@type\":\"ListItem\",\"position\":5,\"name\":\"Volditav Engwe pakiraamikott 35L\"}]},{\"@type\":\"WebSite\",\"@id\":\"https:\\\/\\\/haidak.eu\\\/et\\\/#website\",\"url\":\"https:\\\/\\\/haidak.eu\\\/et\\\/\",\"name\":\"Voltride\",\"description\":\"Parim elektrirataste elektrit\u00f5ukside ja \u00fcksrataste pood ja remont\",\"publisher\":{\"@id\":\"https:\\\/\\\/haidak.eu\\\/et\\\/#organization\"},\"alternateName\":\"Vr\",\"potentialAction\":[{\"@type\":\"SearchAction\",\"target\":{\"@type\":\"EntryPoint\",\"urlTemplate\":\"https:\\\/\\\/haidak.eu\\\/et\\\/?s={search_term_string}\"},\"query-input\":{\"@type\":\"PropertyValueSpecification\",\"valueRequired\":true,\"valueName\":\"search_term_string\"}}],\"inLanguage\":\"et\"},{\"@type\":[\"Organization\",\"Place\"],\"@id\":\"https:\\\/\\\/haidak.eu\\\/et\\\/#organization\",\"name\":\"Voltride\",\"alternateName\":\"VR\",\"url\":\"https:\\\/\\\/haidak.eu\\\/et\\\/\",\"logo\":{\"@id\":\"https:\\\/\\\/haidak.eu\\\/et\\\/volditav-engwe-pakiraamikott-35l\\\/#local-main-organization-logo\"},\"image\":{\"@id\":\"https:\\\/\\\/haidak.eu\\\/et\\\/volditav-engwe-pakiraamikott-35l\\\/#local-main-organization-logo\"},\"sameAs\":[\"https:\\\/\\\/www.facebook.com\\\/voltridecom\\\/\"],\"legalName\":\"Voltride O\u00dc\",\"numberOfEmployees\":{\"@type\":\"QuantitativeValue\",\"minValue\":\"1\",\"maxValue\":\"10\"},\"ownershipFundingInfo\":\"https:\\\/\\\/haidak.eu\\\/about-us\\\/\",\"hasMerchantReturnPolicy\":{\"@type\":\"MerchantReturnPolicy\",\"merchantReturnLink\":\"https:\\\/\\\/haidak.eu\\\/shipping-and-returns\\\/\"},\"address\":{\"@id\":\"https:\\\/\\\/haidak.eu\\\/et\\\/volditav-engwe-pakiraamikott-35l\\\/#local-main-place-address\"},\"geo\":{\"@type\":\"GeoCoordinates\",\"latitude\":\"59.439554\",\"longitude\":\"24.726644\"},\"telephone\":[\"+372 600 40 99\"],\"contactPoint\":{\"@type\":\"ContactPoint\",\"telephone\":\"+372 600 40 99\",\"email\":\"info@voltride.com\"},\"openingHoursSpecification\":[{\"@type\":\"OpeningHoursSpecification\",\"dayOfWeek\":[\"Monday\",\"Tuesday\",\"Wednesday\",\"Thursday\",\"Friday\"],\"opens\":\"10:00\",\"closes\":\"18:00\"},{\"@type\":\"OpeningHoursSpecification\",\"dayOfWeek\":[\"Saturday\",\"Sunday\"],\"opens\":\"00:00\",\"closes\":\"00:00\"}],\"email\":\"info@voltride.com\",\"taxID\":\"14871968\"},{\"@type\":\"PostalAddress\",\"@id\":\"https:\\\/\\\/haidak.eu\\\/et\\\/volditav-engwe-pakiraamikott-35l\\\/#local-main-place-address\",\"streetAddress\":\"Voltride Telliskivi 57D\",\"addressLocality\":\"Tallinn\",\"postalCode\":\"10412\",\"addressRegion\":\"Tallinn\",\"addressCountry\":\"EE\"},{\"@type\":\"ImageObject\",\"inLanguage\":\"et\",\"@id\":\"https:\\\/\\\/haidak.eu\\\/et\\\/volditav-engwe-pakiraamikott-35l\\\/#local-main-organization-logo\",\"url\":\"https:\\\/\\\/haidak.eu\\\/wp-content\\\/uploads\\\/voltride-logo.png\",\"contentUrl\":\"https:\\\/\\\/haidak.eu\\\/wp-content\\\/uploads\\\/voltride-logo.png\",\"width\":2481,\"height\":620,\"caption\":\"Voltride\"}]}<\/script>\n<meta property=\"product:price:amount\" content=\"69.99\" \/>\n<meta property=\"product:price:currency\" content=\"EUR\" \/>\n<meta property=\"og:availability\" content=\"instock\" \/>\n<meta property=\"product:availability\" content=\"instock\" \/>\n<meta property=\"product:retailer_item_id\" content=\"ENBG001\" \/>\n<meta property=\"product:condition\" content=\"new\" \/>\n<meta name=\"geo.placename\" content=\"Tallinn\" \/>\n<meta name=\"geo.position\" content=\"59.439554;24.726644\" \/>\n<meta name=\"geo.region\" content=\"Estonia\" \/>\n<!-- \/ Yoast SEO Premium plugin. -->","yoast_head_json":{"title":"Volditav Engwe pakiraamikott 35L | Voltride","robots":{"index":"noindex","follow":"follow","max-snippet":"max-snippet:-1","max-image-preview":"max-image-preview:large","max-video-preview":"max-video-preview:-1"},"og_locale":"et_EE","og_type":"article","og_title":"Volditav Engwe pakiraamikott 35L | Voltride","og_description":"Engwe kokkupandav rattakott 35L on multifunktsionaalne ja vastupidav hoiustamislahendus ratturitele, kes hindavad nii paindlikkust kui ka stiili. Kvaliteetsest veekindlast s\u00fcsinik-komposiitnahast","og_url":"https:\/\/haidak.eu\/et\/volditav-engwe-pakiraamikott-35l\/","og_site_name":"Voltride","article_publisher":"https:\/\/www.facebook.com\/voltridecom\/","article_modified_time":"2026-04-09T11:20:59+00:00","og_image":[{"width":876,"height":876,"url":"https:\/\/haidak.eu\/wp-content\/uploads\/2026\/03\/6895-68a316d4ce3d1989939751-screenshot-2025-08-18-at-150221-1.png","type":"image\/png"}],"twitter_card":"summary_large_image","schema":{"@context":"https:\/\/schema.org","@graph":[{"@type":"WebPage","@id":"https:\/\/haidak.eu\/et\/volditav-engwe-pakiraamikott-35l\/","url":"https:\/\/haidak.eu\/et\/volditav-engwe-pakiraamikott-35l\/","name":"Volditav Engwe pakiraamikott 35L | Voltride","isPartOf":{"@id":"https:\/\/haidak.eu\/et\/#website"},"primaryImageOfPage":{"@id":"https:\/\/haidak.eu\/et\/volditav-engwe-pakiraamikott-35l\/#primaryimage"},"image":{"@id":"https:\/\/haidak.eu\/et\/volditav-engwe-pakiraamikott-35l\/#primaryimage"},"thumbnailUrl":"https:\/\/haidak.eu\/wp-content\/uploads\/2026\/03\/6895-68a316d4ce3d1989939751-screenshot-2025-08-18-at-150221-1.png","datePublished":"2026-03-25T23:56:58+00:00","dateModified":"2026-04-09T11:20:59+00:00","breadcrumb":{"@id":"https:\/\/haidak.eu\/et\/volditav-engwe-pakiraamikott-35l\/#breadcrumb"},"inLanguage":"et","potentialAction":[{"@type":"ReadAction","target":["https:\/\/haidak.eu\/et\/volditav-engwe-pakiraamikott-35l\/"]}]},{"@type":"ImageObject","inLanguage":"et","@id":"https:\/\/haidak.eu\/et\/volditav-engwe-pakiraamikott-35l\/#primaryimage","url":"https:\/\/haidak.eu\/wp-content\/uploads\/2026\/03\/6895-68a316d4ce3d1989939751-screenshot-2025-08-18-at-150221-1.png","contentUrl":"https:\/\/haidak.eu\/wp-content\/uploads\/2026\/03\/6895-68a316d4ce3d1989939751-screenshot-2025-08-18-at-150221-1.png","width":876,"height":876},{"@type":"BreadcrumbList","@id":"https:\/\/haidak.eu\/et\/volditav-engwe-pakiraamikott-35l\/#breadcrumb","itemListElement":[{"@type":"ListItem","position":1,"name":"Kodu","item":"https:\/\/haidak.eu\/et\/"},{"@type":"ListItem","position":2,"name":"Pood","item":"https:\/\/haidak.eu\/shop\/"},{"@type":"ListItem","position":3,"name":"Lisavarustus","item":"https:\/\/haidak.eu\/et\/lisavarustus\/"},{"@type":"ListItem","position":4,"name":"Korvid ja Pakiraamid","item":"https:\/\/haidak.eu\/et\/korvid-ja-pakiraamid\/"},{"@type":"ListItem","position":5,"name":"Volditav Engwe pakiraamikott 35L"}]},{"@type":"WebSite","@id":"https:\/\/haidak.eu\/et\/#website","url":"https:\/\/haidak.eu\/et\/","name":"Voltride","description":"Parim elektrirataste elektrit\u00f5ukside ja \u00fcksrataste pood ja remont","publisher":{"@id":"https:\/\/haidak.eu\/et\/#organization"},"alternateName":"Vr","potentialAction":[{"@type":"SearchAction","target":{"@type":"EntryPoint","urlTemplate":"https:\/\/haidak.eu\/et\/?s={search_term_string}"},"query-input":{"@type":"PropertyValueSpecification","valueRequired":true,"valueName":"search_term_string"}}],"inLanguage":"et"},{"@type":["Organization","Place"],"@id":"https:\/\/haidak.eu\/et\/#organization","name":"Voltride","alternateName":"VR","url":"https:\/\/haidak.eu\/et\/","logo":{"@id":"https:\/\/haidak.eu\/et\/volditav-engwe-pakiraamikott-35l\/#local-main-organization-logo"},"image":{"@id":"https:\/\/haidak.eu\/et\/volditav-engwe-pakiraamikott-35l\/#local-main-organization-logo"},"sameAs":["https:\/\/www.facebook.com\/voltridecom\/"],"legalName":"Voltride O\u00dc","numberOfEmployees":{"@type":"QuantitativeValue","minValue":"1","maxValue":"10"},"ownershipFundingInfo":"https:\/\/haidak.eu\/about-us\/","hasMerchantReturnPolicy":{"@type":"MerchantReturnPolicy","merchantReturnLink":"https:\/\/haidak.eu\/shipping-and-returns\/"},"address":{"@id":"https:\/\/haidak.eu\/et\/volditav-engwe-pakiraamikott-35l\/#local-main-place-address"},"geo":{"@type":"GeoCoordinates","latitude":"59.439554","longitude":"24.726644"},"telephone":["+372 600 40 99"],"contactPoint":{"@type":"ContactPoint","telephone":"+372 600 40 99","email":"info@voltride.com"},"openingHoursSpecification":[{"@type":"OpeningHoursSpecification","dayOfWeek":["Monday","Tuesday","Wednesday","Thursday","Friday"],"opens":"10:00","closes":"18:00"},{"@type":"OpeningHoursSpecification","dayOfWeek":["Saturday","Sunday"],"opens":"00:00","closes":"00:00"}],"email":"info@voltride.com","taxID":"14871968"},{"@type":"PostalAddress","@id":"https:\/\/haidak.eu\/et\/volditav-engwe-pakiraamikott-35l\/#local-main-place-address","streetAddress":"Voltride Telliskivi 57D","addressLocality":"Tallinn","postalCode":"10412","addressRegion":"Tallinn","addressCountry":"EE"},{"@type":"ImageObject","inLanguage":"et","@id":"https:\/\/haidak.eu\/et\/volditav-engwe-pakiraamikott-35l\/#local-main-organization-logo","url":"https:\/\/haidak.eu\/wp-content\/uploads\/voltride-logo.png","contentUrl":"https:\/\/haidak.eu\/wp-content\/uploads\/voltride-logo.png","width":2481,"height":620,"caption":"Voltride"}]},"product_price_amount":"69.99","product_price_currency":"EUR","og_availability":"instock","product_availability":"instock","product_retailer_item_id":"ENBG001","product_condition":"new","geo.placename":"Tallinn","geo.position":{"lat":"59.439554","long":"24.726644"},"geo.region":"Estonia"},"_links":{"self":[{"href":"https:\/\/haidak.eu\/et\/wp-json\/wp\/v2\/product\/19664","targetHints":{"allow":["GET"]}}],"collection":[{"href":"https:\/\/haidak.eu\/et\/wp-json\/wp\/v2\/product"}],"about":[{"href":"https:\/\/haidak.eu\/et\/wp-json\/wp\/v2\/types\/product"}],"replies":[{"embeddable":true,"href":"https:\/\/haidak.eu\/et\/wp-json\/wp\/v2\/comments?post=19664"}],"wp:featuredmedia":[{"embeddable":true,"href":"https:\/\/haidak.eu\/et\/wp-json\/wp\/v2\/media\/23442"}],"wp:attachment":[{"href":"https:\/\/haidak.eu\/et\/wp-json\/wp\/v2\/media?parent=19664"}],"wp:term":[{"taxonomy":"product_brand","embeddable":true,"href":"https:\/\/haidak.eu\/et\/wp-json\/wp\/v2\/product_brand?post=19664"},{"taxonomy":"product_cat","embeddable":true,"href":"https:\/\/haidak.eu\/et\/wp-json\/wp\/v2\/product_cat?post=19664"},{"taxonomy":"product_tag","embeddable":true,"href":"https:\/\/haidak.eu\/et\/wp-json\/wp\/v2\/product_tag?post=19664"}],"curies":[{"name":"wp","href":"https:\/\/api.w.org\/{rel}","templated":true}]}}