{"id":19665,"date":"2026-03-26T01:56:58","date_gmt":"2026-03-25T23:56:58","guid":{"rendered":"https:\/\/haidak.eu\/leatt-polve-ja-saarekaitse-dual-axis-l-xl\/"},"modified":"2026-03-29T21:34:41","modified_gmt":"2026-03-29T19:34:41","slug":"leatt-polve-ja-saarekaitse-dual-axis-l-xl","status":"publish","type":"product","link":"https:\/\/haidak.eu\/et\/leatt-polve-ja-saarekaitse-dual-axis-l-xl\/","title":{"rendered":"Leatt p\u00f5lve ja s\u00e4\u00e4rekaitse Dual Axis L\/XL"},"content":{"rendered":"<h2 style=\"margin: 0px; font-style: normal; font-variant-caps: normal; font-width: normal; line-height: normal; font-family: &quot;Helvetica Neue&quot;; font-size-adjust: none; font-kerning: auto; font-variant-alternates: normal; font-variant-ligatures: normal; font-variant-numeric: normal; font-variant-east-asian: normal; font-variant-position: normal; font-feature-settings: normal; font-optical-sizing: auto; font-variation-settings: normal;\"><b>Leatt p\u00f5lve ja s\u00e4\u00e4rekaitse Dual Axis<\/b><\/h2>\n<p style=\"margin: 0px; font-style: normal; font-variant-caps: normal; font-width: normal; line-height: normal; font-family: &quot;Helvetica Neue&quot;; font-size-adjust: none; font-kerning: auto; font-variant-alternates: normal; font-variant-ligatures: normal; font-variant-numeric: normal; font-variant-east-asian: normal; font-variant-position: normal; font-feature-settings: normal; font-optical-sizing: auto; font-variation-settings: normal;\"> Leatt Dual Axis p\u00f5lve- ja s\u00e4\u00e4rekaitsmed on mugavad ja h\u00e4sti ventileeritud, kahe liigendpunktiga, mis v\u00f5imaldavad kaitsel liikuda loomulikumalt koos p\u00f5lve liikumisega. Need katavad p\u00f5lve ka t\u00e4ielikult k\u00f5verdatud asendis, samuti reie alaosa ja suurema osa s\u00e4\u00e4rest. L\u00f6\u00f6gikaitse on t\u00f5estatud CE sertifikaadiga ning need on ka kulumiskindluse standardi j\u00e4rgi sertifitseeritud. Rihmaklambrid on madala profiiliga ega j\u00e4\u00e4 p\u00fckstesse kinni. Rihmade sisemine osa on valmistatud pehmest, hingavast Airprene-materjalist, mis ei libise. Kerged, mugavad ja pakuvad rohkem liikumisvabadust kui enamik teisi CE-sertifitseeritud kaitseid.<\/p>\n<p style=\"margin: 0px; font-style: normal; font-variant-caps: normal; font-width: normal; line-height: normal; font-family: &quot;Helvetica Neue&quot;; font-size-adjust: none; font-kerning: auto; font-variant-alternates: normal; font-variant-ligatures: normal; font-variant-numeric: normal; font-variant-east-asian: normal; font-variant-position: normal; font-feature-settings: normal; font-optical-sizing: auto; font-variation-settings: normal;\">&nbsp;<\/p>\n<p style=\"margin: 0px; font-style: normal; font-variant-caps: normal; font-width: normal; line-height: normal; font-family: &quot;Helvetica Neue&quot;; font-size-adjust: none; font-kerning: auto; font-variant-alternates: normal; font-variant-ligatures: normal; font-variant-numeric: normal; font-variant-east-asian: normal; font-variant-position: normal; font-variant-emoji: normal; font-feature-settings: normal; font-optical-sizing: auto; font-variation-settings: normal;\"><b>Omadused:<\/b><\/p>\n<ul>\n<li style=\"margin: 0px; font-style: normal; font-variant-caps: normal; font-width: normal; line-height: normal; font-family: &quot;Helvetica Neue&quot;; font-size-adjust: none; font-kerning: auto; font-variant-alternates: normal; font-variant-ligatures: normal; font-variant-numeric: normal; font-variant-east-asian: normal; font-variant-position: normal; font-variant-emoji: normal; font-feature-settings: normal; font-optical-sizing: auto; font-variation-settings: normal;\">3D-disain parima sobivuse jaoks<\/li>\n<li style=\"margin: 0px; font-style: normal; font-variant-caps: normal; font-width: normal; line-height: normal; font-family: &quot;Helvetica Neue&quot;; font-size-adjust: none; font-kerning: auto; font-variant-alternates: normal; font-variant-ligatures: normal; font-variant-numeric: normal; font-variant-east-asian: normal; font-variant-position: normal; font-variant-emoji: normal; font-feature-settings: normal; font-optical-sizing: auto; font-variation-settings: normal;\">L\u00f6\u00f6gitestitud ja CE sertifitseeritud: EN 1621-1, Level 1<\/li>\n<li style=\"margin: 0px; font-style: normal; font-variant-caps: normal; font-width: normal; line-height: normal; font-family: &quot;Helvetica Neue&quot;; font-size-adjust: none; font-kerning: auto; font-variant-alternates: normal; font-variant-ligatures: normal; font-variant-numeric: normal; font-variant-east-asian: normal; font-variant-position: normal; font-variant-emoji: normal; font-feature-settings: normal; font-optical-sizing: auto; font-variation-settings: normal;\">Anatoomiliselt \u00f5iged kaks liigendpunkti<\/li>\n<li style=\"margin: 0px; font-style: normal; font-variant-caps: normal; font-width: normal; line-height: normal; font-family: &quot;Helvetica Neue&quot;; font-size-adjust: none; font-kerning: auto; font-variant-alternates: normal; font-variant-ligatures: normal; font-variant-numeric: normal; font-variant-east-asian: normal; font-variant-position: normal; font-variant-emoji: normal; font-feature-settings: normal; font-optical-sizing: auto; font-variation-settings: normal;\">Kerge: vaid 850 g paar (1.9 lbs)<\/li>\n<li style=\"margin: 0px; font-style: normal; font-variant-caps: normal; font-width: normal; line-height: normal; font-family: &quot;Helvetica Neue&quot;; font-size-adjust: none; font-kerning: auto; font-variant-alternates: normal; font-variant-ligatures: normal; font-variant-numeric: normal; font-variant-east-asian: normal; font-variant-position: normal; font-variant-emoji: normal; font-feature-settings: normal; font-optical-sizing: auto; font-variation-settings: normal;\">\u00d5huke disain \u2013 sobib nii p\u00fckste alla kui peale, toimib h\u00e4sti ka saabastega<\/li>\n<li style=\"margin: 0px; font-style: normal; font-variant-caps: normal; font-width: normal; line-height: normal; font-family: &quot;Helvetica Neue&quot;; font-size-adjust: none; font-kerning: auto; font-variant-alternates: normal; font-variant-ligatures: normal; font-variant-numeric: normal; font-variant-east-asian: normal; font-variant-position: normal; font-variant-emoji: normal; font-feature-settings: normal; font-optical-sizing: auto; font-variation-settings: normal;\">9 suurt \u00f5huava hoiavad sind jahedana<\/li>\n<li style=\"margin: 0px; font-style: normal; font-variant-caps: normal; font-width: normal; line-height: normal; font-family: &quot;Helvetica Neue&quot;; font-size-adjust: none; font-kerning: auto; font-variant-alternates: normal; font-variant-ligatures: normal; font-variant-numeric: normal; font-variant-east-asian: normal; font-variant-position: normal; font-variant-emoji: normal; font-feature-settings: normal; font-optical-sizing: auto; font-variation-settings: normal;\">Valmistatud k\u00f5rge tihedusega pol\u00fcet\u00fcleenist (HDPE) ja pestavast Leatt vahust<\/li>\n<li style=\"margin: 0px; font-style: normal; font-variant-caps: normal; font-width: normal; line-height: normal; font-family: &quot;Helvetica Neue&quot;; font-size-adjust: none; font-kerning: auto; font-variant-alternates: normal; font-variant-ligatures: normal; font-variant-numeric: normal; font-variant-east-asian: normal; font-variant-position: normal; font-variant-emoji: normal; font-feature-settings: normal; font-optical-sizing: auto; font-variation-settings: normal;\">Rihmas\u00fcsteem ei kiilu kinni<\/li>\n<li style=\"margin: 0px; font-style: normal; font-variant-caps: normal; font-width: normal; line-height: normal; font-family: &quot;Helvetica Neue&quot;; font-size-adjust: none; font-kerning: auto; font-variant-alternates: normal; font-variant-ligatures: normal; font-variant-numeric: normal; font-variant-east-asian: normal; font-variant-position: normal; font-variant-emoji: normal; font-feature-settings: normal; font-optical-sizing: auto; font-variation-settings: normal;\">M\u00fc\u00fcakse paarina<\/li>\n<\/ul>\n","protected":false},"excerpt":{"rendered":"<p>Leatt p\u00f5lve ja s\u00e4\u00e4rekaitse Dual Axis Leatt Dual Axis p\u00f5lve- ja s\u00e4\u00e4rekaitsmed on mugavad ja h\u00e4sti ventileeritud, kahe liigendpunktiga, mis<\/p>\n","protected":false},"featured_media":20564,"comment_status":"open","ping_status":"closed","template":"","meta":[],"product_brand":[],"product_cat":[753],"product_tag":[],"class_list":{"0":"post-19665","1":"product","2":"type-product","3":"status-publish","4":"has-post-thumbnail","6":"product_cat-kaitsevarustus-inimesele","8":"first","9":"instock","10":"taxable","11":"shipping-taxable","12":"purchasable","13":"product-type-simple"},"yoast_head":"<!-- This site is optimized with the Yoast SEO Premium plugin v27.3 (Yoast SEO v27.3) - https:\/\/yoast.com\/product\/yoast-seo-premium-wordpress\/ -->\n<title>Leatt p\u00f5lve ja s\u00e4\u00e4rekaitse Dual Axis L\/XL | Voltride<\/title>\n<meta name=\"robots\" content=\"noindex, follow, max-snippet:-1, max-image-preview:large, max-video-preview:-1\" \/>\n<meta property=\"og:locale\" content=\"et_EE\" \/>\n<meta property=\"og:type\" content=\"article\" \/>\n<meta property=\"og:title\" content=\"Leatt p\u00f5lve ja s\u00e4\u00e4rekaitse Dual Axis L\/XL | Voltride\" \/>\n<meta property=\"og:description\" content=\"Leatt p\u00f5lve ja s\u00e4\u00e4rekaitse Dual Axis Leatt Dual Axis p\u00f5lve- ja s\u00e4\u00e4rekaitsmed on mugavad ja h\u00e4sti ventileeritud, kahe liigendpunktiga, mis\" \/>\n<meta property=\"og:url\" content=\"https:\/\/haidak.eu\/et\/leatt-polve-ja-saarekaitse-dual-axis-l-xl\/\" \/>\n<meta property=\"og:site_name\" content=\"Voltride\" \/>\n<meta property=\"article:publisher\" content=\"https:\/\/www.facebook.com\/voltridecom\/\" \/>\n<meta property=\"article:modified_time\" content=\"2026-03-29T19:34:41+00:00\" \/>\n<meta property=\"og:image\" content=\"https:\/\/haidak.eu\/wp-content\/uploads\/2026\/03\/4066-62a0509ff2a78693092843-ezgifcom-gif-maker-283929-1.jpg\" \/>\n\t<meta property=\"og:image:width\" content=\"1280\" \/>\n\t<meta property=\"og:image:height\" content=\"1280\" \/>\n\t<meta property=\"og:image:type\" content=\"image\/jpeg\" \/>\n<meta name=\"twitter:card\" content=\"summary_large_image\" \/>\n<script type=\"application\/ld+json\" class=\"yoast-schema-graph\">{\"@context\":\"https:\\\/\\\/schema.org\",\"@graph\":[{\"@type\":\"WebPage\",\"@id\":\"https:\\\/\\\/haidak.eu\\\/et\\\/leatt-polve-ja-saarekaitse-dual-axis-l-xl\\\/\",\"url\":\"https:\\\/\\\/haidak.eu\\\/et\\\/leatt-polve-ja-saarekaitse-dual-axis-l-xl\\\/\",\"name\":\"Leatt p\u00f5lve ja s\u00e4\u00e4rekaitse Dual Axis L\\\/XL | Voltride\",\"isPartOf\":{\"@id\":\"https:\\\/\\\/haidak.eu\\\/et\\\/#website\"},\"primaryImageOfPage\":{\"@id\":\"https:\\\/\\\/haidak.eu\\\/et\\\/leatt-polve-ja-saarekaitse-dual-axis-l-xl\\\/#primaryimage\"},\"image\":{\"@id\":\"https:\\\/\\\/haidak.eu\\\/et\\\/leatt-polve-ja-saarekaitse-dual-axis-l-xl\\\/#primaryimage\"},\"thumbnailUrl\":\"https:\\\/\\\/haidak.eu\\\/wp-content\\\/uploads\\\/2026\\\/03\\\/4066-62a0509ff2a78693092843-ezgifcom-gif-maker-283929-1.jpg\",\"datePublished\":\"2026-03-25T23:56:58+00:00\",\"dateModified\":\"2026-03-29T19:34:41+00:00\",\"breadcrumb\":{\"@id\":\"https:\\\/\\\/haidak.eu\\\/et\\\/leatt-polve-ja-saarekaitse-dual-axis-l-xl\\\/#breadcrumb\"},\"inLanguage\":\"et\",\"potentialAction\":[{\"@type\":\"ReadAction\",\"target\":[\"https:\\\/\\\/haidak.eu\\\/et\\\/leatt-polve-ja-saarekaitse-dual-axis-l-xl\\\/\"]}]},{\"@type\":\"ImageObject\",\"inLanguage\":\"et\",\"@id\":\"https:\\\/\\\/haidak.eu\\\/et\\\/leatt-polve-ja-saarekaitse-dual-axis-l-xl\\\/#primaryimage\",\"url\":\"https:\\\/\\\/haidak.eu\\\/wp-content\\\/uploads\\\/2026\\\/03\\\/4066-62a0509ff2a78693092843-ezgifcom-gif-maker-283929-1.jpg\",\"contentUrl\":\"https:\\\/\\\/haidak.eu\\\/wp-content\\\/uploads\\\/2026\\\/03\\\/4066-62a0509ff2a78693092843-ezgifcom-gif-maker-283929-1.jpg\",\"width\":1280,\"height\":1280},{\"@type\":\"BreadcrumbList\",\"@id\":\"https:\\\/\\\/haidak.eu\\\/et\\\/leatt-polve-ja-saarekaitse-dual-axis-l-xl\\\/#breadcrumb\",\"itemListElement\":[{\"@type\":\"ListItem\",\"position\":1,\"name\":\"Kodu\",\"item\":\"https:\\\/\\\/haidak.eu\\\/et\\\/\"},{\"@type\":\"ListItem\",\"position\":2,\"name\":\"Pood\",\"item\":\"https:\\\/\\\/haidak.eu\\\/shop\\\/\"},{\"@type\":\"ListItem\",\"position\":3,\"name\":\"Lisavarustus\",\"item\":\"https:\\\/\\\/haidak.eu\\\/et\\\/lisavarustus\\\/\"},{\"@type\":\"ListItem\",\"position\":4,\"name\":\"Kaitsevarustus inimesele\",\"item\":\"https:\\\/\\\/haidak.eu\\\/et\\\/kaitsevarustus-inimesele\\\/\"},{\"@type\":\"ListItem\",\"position\":5,\"name\":\"Leatt p\u00f5lve ja s\u00e4\u00e4rekaitse Dual Axis L\\\/XL\"}]},{\"@type\":\"WebSite\",\"@id\":\"https:\\\/\\\/haidak.eu\\\/et\\\/#website\",\"url\":\"https:\\\/\\\/haidak.eu\\\/et\\\/\",\"name\":\"Voltride\",\"description\":\"Parim elektrirataste elektrit\u00f5ukside ja \u00fcksrataste pood ja remont\",\"publisher\":{\"@id\":\"https:\\\/\\\/haidak.eu\\\/et\\\/#organization\"},\"alternateName\":\"Vr\",\"potentialAction\":[{\"@type\":\"SearchAction\",\"target\":{\"@type\":\"EntryPoint\",\"urlTemplate\":\"https:\\\/\\\/haidak.eu\\\/et\\\/?s={search_term_string}\"},\"query-input\":{\"@type\":\"PropertyValueSpecification\",\"valueRequired\":true,\"valueName\":\"search_term_string\"}}],\"inLanguage\":\"et\"},{\"@type\":[\"Organization\",\"Place\"],\"@id\":\"https:\\\/\\\/haidak.eu\\\/et\\\/#organization\",\"name\":\"Voltride\",\"alternateName\":\"VR\",\"url\":\"https:\\\/\\\/haidak.eu\\\/et\\\/\",\"logo\":{\"@id\":\"https:\\\/\\\/haidak.eu\\\/et\\\/leatt-polve-ja-saarekaitse-dual-axis-l-xl\\\/#local-main-organization-logo\"},\"image\":{\"@id\":\"https:\\\/\\\/haidak.eu\\\/et\\\/leatt-polve-ja-saarekaitse-dual-axis-l-xl\\\/#local-main-organization-logo\"},\"sameAs\":[\"https:\\\/\\\/www.facebook.com\\\/voltridecom\\\/\"],\"legalName\":\"Voltride O\u00dc\",\"numberOfEmployees\":{\"@type\":\"QuantitativeValue\",\"minValue\":\"1\",\"maxValue\":\"10\"},\"ownershipFundingInfo\":\"https:\\\/\\\/haidak.eu\\\/about-us\\\/\",\"hasMerchantReturnPolicy\":{\"@type\":\"MerchantReturnPolicy\",\"merchantReturnLink\":\"https:\\\/\\\/haidak.eu\\\/shipping-and-returns\\\/\"},\"address\":{\"@id\":\"https:\\\/\\\/haidak.eu\\\/et\\\/leatt-polve-ja-saarekaitse-dual-axis-l-xl\\\/#local-main-place-address\"},\"geo\":{\"@type\":\"GeoCoordinates\",\"latitude\":\"59.439554\",\"longitude\":\"24.726644\"},\"telephone\":[\"+372 600 40 99\"],\"contactPoint\":{\"@type\":\"ContactPoint\",\"telephone\":\"+372 600 40 99\",\"email\":\"info@voltride.com\"},\"openingHoursSpecification\":[{\"@type\":\"OpeningHoursSpecification\",\"dayOfWeek\":[\"Monday\",\"Tuesday\",\"Wednesday\",\"Thursday\",\"Friday\"],\"opens\":\"10:00\",\"closes\":\"18:00\"},{\"@type\":\"OpeningHoursSpecification\",\"dayOfWeek\":[\"Saturday\",\"Sunday\"],\"opens\":\"00:00\",\"closes\":\"00:00\"}],\"email\":\"info@voltride.com\",\"taxID\":\"14871968\"},{\"@type\":\"PostalAddress\",\"@id\":\"https:\\\/\\\/haidak.eu\\\/et\\\/leatt-polve-ja-saarekaitse-dual-axis-l-xl\\\/#local-main-place-address\",\"streetAddress\":\"Voltride Telliskivi 57D\",\"addressLocality\":\"Tallinn\",\"postalCode\":\"10412\",\"addressRegion\":\"Tallinn\",\"addressCountry\":\"EE\"},{\"@type\":\"ImageObject\",\"inLanguage\":\"et\",\"@id\":\"https:\\\/\\\/haidak.eu\\\/et\\\/leatt-polve-ja-saarekaitse-dual-axis-l-xl\\\/#local-main-organization-logo\",\"url\":\"https:\\\/\\\/haidak.eu\\\/wp-content\\\/uploads\\\/voltride-logo.png\",\"contentUrl\":\"https:\\\/\\\/haidak.eu\\\/wp-content\\\/uploads\\\/voltride-logo.png\",\"width\":2481,\"height\":620,\"caption\":\"Voltride\"}]}<\/script>\n<meta property=\"product:price:amount\" content=\"109.99\" \/>\n<meta property=\"product:price:currency\" content=\"EUR\" \/>\n<meta property=\"og:availability\" content=\"instock\" \/>\n<meta property=\"product:availability\" content=\"instock\" \/>\n<meta property=\"product:retailer_item_id\" content=\"LTSG006\" \/>\n<meta property=\"product:condition\" content=\"new\" \/>\n<meta name=\"geo.placename\" content=\"Tallinn\" \/>\n<meta name=\"geo.position\" content=\"59.439554;24.726644\" \/>\n<meta name=\"geo.region\" content=\"Estonia\" \/>\n<!-- \/ Yoast SEO Premium plugin. -->","yoast_head_json":{"title":"Leatt p\u00f5lve ja s\u00e4\u00e4rekaitse Dual Axis L\/XL | Voltride","robots":{"index":"noindex","follow":"follow","max-snippet":"max-snippet:-1","max-image-preview":"max-image-preview:large","max-video-preview":"max-video-preview:-1"},"og_locale":"et_EE","og_type":"article","og_title":"Leatt p\u00f5lve ja s\u00e4\u00e4rekaitse Dual Axis L\/XL | Voltride","og_description":"Leatt p\u00f5lve ja s\u00e4\u00e4rekaitse Dual Axis Leatt Dual Axis p\u00f5lve- ja s\u00e4\u00e4rekaitsmed on mugavad ja h\u00e4sti ventileeritud, kahe liigendpunktiga, mis","og_url":"https:\/\/haidak.eu\/et\/leatt-polve-ja-saarekaitse-dual-axis-l-xl\/","og_site_name":"Voltride","article_publisher":"https:\/\/www.facebook.com\/voltridecom\/","article_modified_time":"2026-03-29T19:34:41+00:00","og_image":[{"width":1280,"height":1280,"url":"https:\/\/haidak.eu\/wp-content\/uploads\/2026\/03\/4066-62a0509ff2a78693092843-ezgifcom-gif-maker-283929-1.jpg","type":"image\/jpeg"}],"twitter_card":"summary_large_image","schema":{"@context":"https:\/\/schema.org","@graph":[{"@type":"WebPage","@id":"https:\/\/haidak.eu\/et\/leatt-polve-ja-saarekaitse-dual-axis-l-xl\/","url":"https:\/\/haidak.eu\/et\/leatt-polve-ja-saarekaitse-dual-axis-l-xl\/","name":"Leatt p\u00f5lve ja s\u00e4\u00e4rekaitse Dual Axis L\/XL | Voltride","isPartOf":{"@id":"https:\/\/haidak.eu\/et\/#website"},"primaryImageOfPage":{"@id":"https:\/\/haidak.eu\/et\/leatt-polve-ja-saarekaitse-dual-axis-l-xl\/#primaryimage"},"image":{"@id":"https:\/\/haidak.eu\/et\/leatt-polve-ja-saarekaitse-dual-axis-l-xl\/#primaryimage"},"thumbnailUrl":"https:\/\/haidak.eu\/wp-content\/uploads\/2026\/03\/4066-62a0509ff2a78693092843-ezgifcom-gif-maker-283929-1.jpg","datePublished":"2026-03-25T23:56:58+00:00","dateModified":"2026-03-29T19:34:41+00:00","breadcrumb":{"@id":"https:\/\/haidak.eu\/et\/leatt-polve-ja-saarekaitse-dual-axis-l-xl\/#breadcrumb"},"inLanguage":"et","potentialAction":[{"@type":"ReadAction","target":["https:\/\/haidak.eu\/et\/leatt-polve-ja-saarekaitse-dual-axis-l-xl\/"]}]},{"@type":"ImageObject","inLanguage":"et","@id":"https:\/\/haidak.eu\/et\/leatt-polve-ja-saarekaitse-dual-axis-l-xl\/#primaryimage","url":"https:\/\/haidak.eu\/wp-content\/uploads\/2026\/03\/4066-62a0509ff2a78693092843-ezgifcom-gif-maker-283929-1.jpg","contentUrl":"https:\/\/haidak.eu\/wp-content\/uploads\/2026\/03\/4066-62a0509ff2a78693092843-ezgifcom-gif-maker-283929-1.jpg","width":1280,"height":1280},{"@type":"BreadcrumbList","@id":"https:\/\/haidak.eu\/et\/leatt-polve-ja-saarekaitse-dual-axis-l-xl\/#breadcrumb","itemListElement":[{"@type":"ListItem","position":1,"name":"Kodu","item":"https:\/\/haidak.eu\/et\/"},{"@type":"ListItem","position":2,"name":"Pood","item":"https:\/\/haidak.eu\/shop\/"},{"@type":"ListItem","position":3,"name":"Lisavarustus","item":"https:\/\/haidak.eu\/et\/lisavarustus\/"},{"@type":"ListItem","position":4,"name":"Kaitsevarustus inimesele","item":"https:\/\/haidak.eu\/et\/kaitsevarustus-inimesele\/"},{"@type":"ListItem","position":5,"name":"Leatt p\u00f5lve ja s\u00e4\u00e4rekaitse Dual Axis L\/XL"}]},{"@type":"WebSite","@id":"https:\/\/haidak.eu\/et\/#website","url":"https:\/\/haidak.eu\/et\/","name":"Voltride","description":"Parim elektrirataste elektrit\u00f5ukside ja \u00fcksrataste pood ja remont","publisher":{"@id":"https:\/\/haidak.eu\/et\/#organization"},"alternateName":"Vr","potentialAction":[{"@type":"SearchAction","target":{"@type":"EntryPoint","urlTemplate":"https:\/\/haidak.eu\/et\/?s={search_term_string}"},"query-input":{"@type":"PropertyValueSpecification","valueRequired":true,"valueName":"search_term_string"}}],"inLanguage":"et"},{"@type":["Organization","Place"],"@id":"https:\/\/haidak.eu\/et\/#organization","name":"Voltride","alternateName":"VR","url":"https:\/\/haidak.eu\/et\/","logo":{"@id":"https:\/\/haidak.eu\/et\/leatt-polve-ja-saarekaitse-dual-axis-l-xl\/#local-main-organization-logo"},"image":{"@id":"https:\/\/haidak.eu\/et\/leatt-polve-ja-saarekaitse-dual-axis-l-xl\/#local-main-organization-logo"},"sameAs":["https:\/\/www.facebook.com\/voltridecom\/"],"legalName":"Voltride O\u00dc","numberOfEmployees":{"@type":"QuantitativeValue","minValue":"1","maxValue":"10"},"ownershipFundingInfo":"https:\/\/haidak.eu\/about-us\/","hasMerchantReturnPolicy":{"@type":"MerchantReturnPolicy","merchantReturnLink":"https:\/\/haidak.eu\/shipping-and-returns\/"},"address":{"@id":"https:\/\/haidak.eu\/et\/leatt-polve-ja-saarekaitse-dual-axis-l-xl\/#local-main-place-address"},"geo":{"@type":"GeoCoordinates","latitude":"59.439554","longitude":"24.726644"},"telephone":["+372 600 40 99"],"contactPoint":{"@type":"ContactPoint","telephone":"+372 600 40 99","email":"info@voltride.com"},"openingHoursSpecification":[{"@type":"OpeningHoursSpecification","dayOfWeek":["Monday","Tuesday","Wednesday","Thursday","Friday"],"opens":"10:00","closes":"18:00"},{"@type":"OpeningHoursSpecification","dayOfWeek":["Saturday","Sunday"],"opens":"00:00","closes":"00:00"}],"email":"info@voltride.com","taxID":"14871968"},{"@type":"PostalAddress","@id":"https:\/\/haidak.eu\/et\/leatt-polve-ja-saarekaitse-dual-axis-l-xl\/#local-main-place-address","streetAddress":"Voltride Telliskivi 57D","addressLocality":"Tallinn","postalCode":"10412","addressRegion":"Tallinn","addressCountry":"EE"},{"@type":"ImageObject","inLanguage":"et","@id":"https:\/\/haidak.eu\/et\/leatt-polve-ja-saarekaitse-dual-axis-l-xl\/#local-main-organization-logo","url":"https:\/\/haidak.eu\/wp-content\/uploads\/voltride-logo.png","contentUrl":"https:\/\/haidak.eu\/wp-content\/uploads\/voltride-logo.png","width":2481,"height":620,"caption":"Voltride"}]},"product_price_amount":"109.99","product_price_currency":"EUR","og_availability":"instock","product_availability":"instock","product_retailer_item_id":"LTSG006","product_condition":"new","geo.placename":"Tallinn","geo.position":{"lat":"59.439554","long":"24.726644"},"geo.region":"Estonia"},"_links":{"self":[{"href":"https:\/\/haidak.eu\/et\/wp-json\/wp\/v2\/product\/19665","targetHints":{"allow":["GET"]}}],"collection":[{"href":"https:\/\/haidak.eu\/et\/wp-json\/wp\/v2\/product"}],"about":[{"href":"https:\/\/haidak.eu\/et\/wp-json\/wp\/v2\/types\/product"}],"replies":[{"embeddable":true,"href":"https:\/\/haidak.eu\/et\/wp-json\/wp\/v2\/comments?post=19665"}],"wp:featuredmedia":[{"embeddable":true,"href":"https:\/\/haidak.eu\/et\/wp-json\/wp\/v2\/media\/20564"}],"wp:attachment":[{"href":"https:\/\/haidak.eu\/et\/wp-json\/wp\/v2\/media?parent=19665"}],"wp:term":[{"taxonomy":"product_brand","embeddable":true,"href":"https:\/\/haidak.eu\/et\/wp-json\/wp\/v2\/product_brand?post=19665"},{"taxonomy":"product_cat","embeddable":true,"href":"https:\/\/haidak.eu\/et\/wp-json\/wp\/v2\/product_cat?post=19665"},{"taxonomy":"product_tag","embeddable":true,"href":"https:\/\/haidak.eu\/et\/wp-json\/wp\/v2\/product_tag?post=19665"}],"curies":[{"name":"wp","href":"https:\/\/api.w.org\/{rel}","templated":true}]}}