{"id":19701,"date":"2026-03-26T01:59:15","date_gmt":"2026-03-25T23:59:15","guid":{"rendered":"https:\/\/haidak.eu\/kokkupandav-kiiver-closca-loop-m\/"},"modified":"2026-03-29T21:34:47","modified_gmt":"2026-03-29T19:34:47","slug":"kokkupandav-kiiver-closca-loop-m","status":"publish","type":"product","link":"https:\/\/haidak.eu\/et\/kokkupandav-kiiver-closca-loop-m\/","title":{"rendered":"Kokkupandav Kiiver Closca Loop M"},"content":{"rendered":"<p>Otsid stiilipuhast ning kokkupakitavat kiivrit, mis ei j\u00e4ta sind ka ohu korral? Siin ta on &#8211;&nbsp;<strong>Closca<\/strong>.&nbsp;<br \/> Valikus on valget, grafiit ja halli v\u00e4rvi versioonid ning kaks eri suurust (L ja M). Kiivri personaliseerimiseks saab Closca Loop valida kuni viie erineva v\u00e4rvi vahel, mis kaunistavad moodsa peakatte tagak\u00fclge.<br \/> <i>Kokkupakituna v\u00f5tab Closca Loop kiiver 45% v\u00e4hem ruumi. Peida see kasv\u00f5i on raamaturiiulisse! \ud83d\ude09<\/i><\/p>\n","protected":false},"excerpt":{"rendered":"<p>Otsid stiilipuhast ning kokkupakitavat kiivrit, mis ei j\u00e4ta sind ka ohu korral? Siin ta on &#8211;&nbsp;Closca.&nbsp; Valikus on valget, grafiit<\/p>\n","protected":false},"featured_media":20600,"comment_status":"open","ping_status":"closed","template":"","meta":[],"product_brand":[],"product_cat":[714],"product_tag":[],"class_list":{"0":"post-19701","1":"product","2":"type-product","3":"status-publish","4":"has-post-thumbnail","6":"product_cat-kiivrid","8":"first","9":"instock","10":"taxable","11":"shipping-taxable","12":"purchasable","13":"product-type-variable"},"yoast_head":"<!-- This site is optimized with the Yoast SEO Premium plugin v27.3 (Yoast SEO v27.3) - https:\/\/yoast.com\/product\/yoast-seo-premium-wordpress\/ -->\n<title>Kokkupandav Kiiver Closca Loop M | Voltride<\/title>\n<meta name=\"robots\" content=\"noindex, follow, max-snippet:-1, max-image-preview:large, max-video-preview:-1\" \/>\n<meta property=\"og:locale\" content=\"et_EE\" \/>\n<meta property=\"og:type\" content=\"article\" \/>\n<meta property=\"og:title\" content=\"Kokkupandav Kiiver Closca Loop M | Voltride\" \/>\n<meta property=\"og:description\" content=\"Otsid stiilipuhast ning kokkupakitavat kiivrit, mis ei j\u00e4ta sind ka ohu korral? Siin ta on &#8211;&nbsp;Closca.&nbsp; Valikus on valget, grafiit\" \/>\n<meta property=\"og:url\" content=\"https:\/\/haidak.eu\/et\/kokkupandav-kiiver-closca-loop-m\/\" \/>\n<meta property=\"og:site_name\" content=\"Voltride\" \/>\n<meta property=\"article:publisher\" content=\"https:\/\/www.facebook.com\/voltridecom\/\" \/>\n<meta property=\"article:modified_time\" content=\"2026-03-29T19:34:47+00:00\" \/>\n<meta property=\"og:image\" content=\"https:\/\/haidak.eu\/wp-content\/uploads\/2026\/03\/1836-5df8f922ccda3862302746-kokkupandav-kiiver-closca-loop-m-tumehall-valge-1.jpg\" \/>\n\t<meta property=\"og:image:width\" content=\"872\" \/>\n\t<meta property=\"og:image:height\" content=\"900\" \/>\n\t<meta property=\"og:image:type\" content=\"image\/jpeg\" \/>\n<meta name=\"twitter:card\" content=\"summary_large_image\" \/>\n<script type=\"application\/ld+json\" class=\"yoast-schema-graph\">{\"@context\":\"https:\\\/\\\/schema.org\",\"@graph\":[{\"@type\":\"WebPage\",\"@id\":\"https:\\\/\\\/haidak.eu\\\/et\\\/kokkupandav-kiiver-closca-loop-m\\\/\",\"url\":\"https:\\\/\\\/haidak.eu\\\/et\\\/kokkupandav-kiiver-closca-loop-m\\\/\",\"name\":\"Kokkupandav Kiiver Closca Loop M | Voltride\",\"isPartOf\":{\"@id\":\"https:\\\/\\\/haidak.eu\\\/et\\\/#website\"},\"primaryImageOfPage\":{\"@id\":\"https:\\\/\\\/haidak.eu\\\/et\\\/kokkupandav-kiiver-closca-loop-m\\\/#primaryimage\"},\"image\":{\"@id\":\"https:\\\/\\\/haidak.eu\\\/et\\\/kokkupandav-kiiver-closca-loop-m\\\/#primaryimage\"},\"thumbnailUrl\":\"https:\\\/\\\/haidak.eu\\\/wp-content\\\/uploads\\\/2026\\\/03\\\/1836-5df8f922ccda3862302746-kokkupandav-kiiver-closca-loop-m-tumehall-valge-1.jpg\",\"datePublished\":\"2026-03-25T23:59:15+00:00\",\"dateModified\":\"2026-03-29T19:34:47+00:00\",\"breadcrumb\":{\"@id\":\"https:\\\/\\\/haidak.eu\\\/et\\\/kokkupandav-kiiver-closca-loop-m\\\/#breadcrumb\"},\"inLanguage\":\"et\",\"potentialAction\":[{\"@type\":\"ReadAction\",\"target\":[\"https:\\\/\\\/haidak.eu\\\/et\\\/kokkupandav-kiiver-closca-loop-m\\\/\"]}]},{\"@type\":\"ImageObject\",\"inLanguage\":\"et\",\"@id\":\"https:\\\/\\\/haidak.eu\\\/et\\\/kokkupandav-kiiver-closca-loop-m\\\/#primaryimage\",\"url\":\"https:\\\/\\\/haidak.eu\\\/wp-content\\\/uploads\\\/2026\\\/03\\\/1836-5df8f922ccda3862302746-kokkupandav-kiiver-closca-loop-m-tumehall-valge-1.jpg\",\"contentUrl\":\"https:\\\/\\\/haidak.eu\\\/wp-content\\\/uploads\\\/2026\\\/03\\\/1836-5df8f922ccda3862302746-kokkupandav-kiiver-closca-loop-m-tumehall-valge-1.jpg\",\"width\":872,\"height\":900},{\"@type\":\"BreadcrumbList\",\"@id\":\"https:\\\/\\\/haidak.eu\\\/et\\\/kokkupandav-kiiver-closca-loop-m\\\/#breadcrumb\",\"itemListElement\":[{\"@type\":\"ListItem\",\"position\":1,\"name\":\"Kodu\",\"item\":\"https:\\\/\\\/haidak.eu\\\/et\\\/\"},{\"@type\":\"ListItem\",\"position\":2,\"name\":\"Pood\",\"item\":\"https:\\\/\\\/haidak.eu\\\/shop\\\/\"},{\"@type\":\"ListItem\",\"position\":3,\"name\":\"Lisavarustus\",\"item\":\"https:\\\/\\\/haidak.eu\\\/et\\\/lisavarustus\\\/\"},{\"@type\":\"ListItem\",\"position\":4,\"name\":\"Kiivrid\",\"item\":\"https:\\\/\\\/haidak.eu\\\/et\\\/kiivrid\\\/\"},{\"@type\":\"ListItem\",\"position\":5,\"name\":\"Kokkupandav Kiiver Closca Loop M\"}]},{\"@type\":\"WebSite\",\"@id\":\"https:\\\/\\\/haidak.eu\\\/et\\\/#website\",\"url\":\"https:\\\/\\\/haidak.eu\\\/et\\\/\",\"name\":\"Voltride\",\"description\":\"Parim elektrirataste elektrit\u00f5ukside ja \u00fcksrataste pood ja remont\",\"publisher\":{\"@id\":\"https:\\\/\\\/haidak.eu\\\/et\\\/#organization\"},\"alternateName\":\"Vr\",\"potentialAction\":[{\"@type\":\"SearchAction\",\"target\":{\"@type\":\"EntryPoint\",\"urlTemplate\":\"https:\\\/\\\/haidak.eu\\\/et\\\/?s={search_term_string}\"},\"query-input\":{\"@type\":\"PropertyValueSpecification\",\"valueRequired\":true,\"valueName\":\"search_term_string\"}}],\"inLanguage\":\"et\"},{\"@type\":[\"Organization\",\"Place\"],\"@id\":\"https:\\\/\\\/haidak.eu\\\/et\\\/#organization\",\"name\":\"Voltride\",\"alternateName\":\"VR\",\"url\":\"https:\\\/\\\/haidak.eu\\\/et\\\/\",\"logo\":{\"@id\":\"https:\\\/\\\/haidak.eu\\\/et\\\/kokkupandav-kiiver-closca-loop-m\\\/#local-main-organization-logo\"},\"image\":{\"@id\":\"https:\\\/\\\/haidak.eu\\\/et\\\/kokkupandav-kiiver-closca-loop-m\\\/#local-main-organization-logo\"},\"sameAs\":[\"https:\\\/\\\/www.facebook.com\\\/voltridecom\\\/\"],\"legalName\":\"Voltride O\u00dc\",\"numberOfEmployees\":{\"@type\":\"QuantitativeValue\",\"minValue\":\"1\",\"maxValue\":\"10\"},\"ownershipFundingInfo\":\"https:\\\/\\\/haidak.eu\\\/about-us\\\/\",\"hasMerchantReturnPolicy\":{\"@type\":\"MerchantReturnPolicy\",\"merchantReturnLink\":\"https:\\\/\\\/haidak.eu\\\/shipping-and-returns\\\/\"},\"address\":{\"@id\":\"https:\\\/\\\/haidak.eu\\\/et\\\/kokkupandav-kiiver-closca-loop-m\\\/#local-main-place-address\"},\"geo\":{\"@type\":\"GeoCoordinates\",\"latitude\":\"59.439554\",\"longitude\":\"24.726644\"},\"telephone\":[\"+372 600 40 99\"],\"contactPoint\":{\"@type\":\"ContactPoint\",\"telephone\":\"+372 600 40 99\",\"email\":\"info@voltride.com\"},\"openingHoursSpecification\":[{\"@type\":\"OpeningHoursSpecification\",\"dayOfWeek\":[\"Monday\",\"Tuesday\",\"Wednesday\",\"Thursday\",\"Friday\"],\"opens\":\"10:00\",\"closes\":\"18:00\"},{\"@type\":\"OpeningHoursSpecification\",\"dayOfWeek\":[\"Saturday\",\"Sunday\"],\"opens\":\"00:00\",\"closes\":\"00:00\"}],\"email\":\"info@voltride.com\",\"taxID\":\"14871968\"},{\"@type\":\"PostalAddress\",\"@id\":\"https:\\\/\\\/haidak.eu\\\/et\\\/kokkupandav-kiiver-closca-loop-m\\\/#local-main-place-address\",\"streetAddress\":\"Voltride Telliskivi 57D\",\"addressLocality\":\"Tallinn\",\"postalCode\":\"10412\",\"addressRegion\":\"Tallinn\",\"addressCountry\":\"EE\"},{\"@type\":\"ImageObject\",\"inLanguage\":\"et\",\"@id\":\"https:\\\/\\\/haidak.eu\\\/et\\\/kokkupandav-kiiver-closca-loop-m\\\/#local-main-organization-logo\",\"url\":\"https:\\\/\\\/haidak.eu\\\/wp-content\\\/uploads\\\/voltride-logo.png\",\"contentUrl\":\"https:\\\/\\\/haidak.eu\\\/wp-content\\\/uploads\\\/voltride-logo.png\",\"width\":2481,\"height\":620,\"caption\":\"Voltride\"}]}<\/script>\n<meta property=\"og:availability\" content=\"instock\" \/>\n<meta property=\"product:availability\" content=\"instock\" \/>\n<meta property=\"product:retailer_item_id\" content=\"CLHL001\" \/>\n<meta property=\"product:condition\" content=\"new\" \/>\n<meta name=\"geo.placename\" content=\"Tallinn\" \/>\n<meta name=\"geo.position\" content=\"59.439554;24.726644\" \/>\n<meta name=\"geo.region\" content=\"Estonia\" \/>\n<!-- \/ Yoast SEO Premium plugin. -->","yoast_head_json":{"title":"Kokkupandav Kiiver Closca Loop M | Voltride","robots":{"index":"noindex","follow":"follow","max-snippet":"max-snippet:-1","max-image-preview":"max-image-preview:large","max-video-preview":"max-video-preview:-1"},"og_locale":"et_EE","og_type":"article","og_title":"Kokkupandav Kiiver Closca Loop M | Voltride","og_description":"Otsid stiilipuhast ning kokkupakitavat kiivrit, mis ei j\u00e4ta sind ka ohu korral? Siin ta on &#8211;&nbsp;Closca.&nbsp; Valikus on valget, grafiit","og_url":"https:\/\/haidak.eu\/et\/kokkupandav-kiiver-closca-loop-m\/","og_site_name":"Voltride","article_publisher":"https:\/\/www.facebook.com\/voltridecom\/","article_modified_time":"2026-03-29T19:34:47+00:00","og_image":[{"width":872,"height":900,"url":"https:\/\/haidak.eu\/wp-content\/uploads\/2026\/03\/1836-5df8f922ccda3862302746-kokkupandav-kiiver-closca-loop-m-tumehall-valge-1.jpg","type":"image\/jpeg"}],"twitter_card":"summary_large_image","schema":{"@context":"https:\/\/schema.org","@graph":[{"@type":"WebPage","@id":"https:\/\/haidak.eu\/et\/kokkupandav-kiiver-closca-loop-m\/","url":"https:\/\/haidak.eu\/et\/kokkupandav-kiiver-closca-loop-m\/","name":"Kokkupandav Kiiver Closca Loop M | Voltride","isPartOf":{"@id":"https:\/\/haidak.eu\/et\/#website"},"primaryImageOfPage":{"@id":"https:\/\/haidak.eu\/et\/kokkupandav-kiiver-closca-loop-m\/#primaryimage"},"image":{"@id":"https:\/\/haidak.eu\/et\/kokkupandav-kiiver-closca-loop-m\/#primaryimage"},"thumbnailUrl":"https:\/\/haidak.eu\/wp-content\/uploads\/2026\/03\/1836-5df8f922ccda3862302746-kokkupandav-kiiver-closca-loop-m-tumehall-valge-1.jpg","datePublished":"2026-03-25T23:59:15+00:00","dateModified":"2026-03-29T19:34:47+00:00","breadcrumb":{"@id":"https:\/\/haidak.eu\/et\/kokkupandav-kiiver-closca-loop-m\/#breadcrumb"},"inLanguage":"et","potentialAction":[{"@type":"ReadAction","target":["https:\/\/haidak.eu\/et\/kokkupandav-kiiver-closca-loop-m\/"]}]},{"@type":"ImageObject","inLanguage":"et","@id":"https:\/\/haidak.eu\/et\/kokkupandav-kiiver-closca-loop-m\/#primaryimage","url":"https:\/\/haidak.eu\/wp-content\/uploads\/2026\/03\/1836-5df8f922ccda3862302746-kokkupandav-kiiver-closca-loop-m-tumehall-valge-1.jpg","contentUrl":"https:\/\/haidak.eu\/wp-content\/uploads\/2026\/03\/1836-5df8f922ccda3862302746-kokkupandav-kiiver-closca-loop-m-tumehall-valge-1.jpg","width":872,"height":900},{"@type":"BreadcrumbList","@id":"https:\/\/haidak.eu\/et\/kokkupandav-kiiver-closca-loop-m\/#breadcrumb","itemListElement":[{"@type":"ListItem","position":1,"name":"Kodu","item":"https:\/\/haidak.eu\/et\/"},{"@type":"ListItem","position":2,"name":"Pood","item":"https:\/\/haidak.eu\/shop\/"},{"@type":"ListItem","position":3,"name":"Lisavarustus","item":"https:\/\/haidak.eu\/et\/lisavarustus\/"},{"@type":"ListItem","position":4,"name":"Kiivrid","item":"https:\/\/haidak.eu\/et\/kiivrid\/"},{"@type":"ListItem","position":5,"name":"Kokkupandav Kiiver Closca Loop M"}]},{"@type":"WebSite","@id":"https:\/\/haidak.eu\/et\/#website","url":"https:\/\/haidak.eu\/et\/","name":"Voltride","description":"Parim elektrirataste elektrit\u00f5ukside ja \u00fcksrataste pood ja remont","publisher":{"@id":"https:\/\/haidak.eu\/et\/#organization"},"alternateName":"Vr","potentialAction":[{"@type":"SearchAction","target":{"@type":"EntryPoint","urlTemplate":"https:\/\/haidak.eu\/et\/?s={search_term_string}"},"query-input":{"@type":"PropertyValueSpecification","valueRequired":true,"valueName":"search_term_string"}}],"inLanguage":"et"},{"@type":["Organization","Place"],"@id":"https:\/\/haidak.eu\/et\/#organization","name":"Voltride","alternateName":"VR","url":"https:\/\/haidak.eu\/et\/","logo":{"@id":"https:\/\/haidak.eu\/et\/kokkupandav-kiiver-closca-loop-m\/#local-main-organization-logo"},"image":{"@id":"https:\/\/haidak.eu\/et\/kokkupandav-kiiver-closca-loop-m\/#local-main-organization-logo"},"sameAs":["https:\/\/www.facebook.com\/voltridecom\/"],"legalName":"Voltride O\u00dc","numberOfEmployees":{"@type":"QuantitativeValue","minValue":"1","maxValue":"10"},"ownershipFundingInfo":"https:\/\/haidak.eu\/about-us\/","hasMerchantReturnPolicy":{"@type":"MerchantReturnPolicy","merchantReturnLink":"https:\/\/haidak.eu\/shipping-and-returns\/"},"address":{"@id":"https:\/\/haidak.eu\/et\/kokkupandav-kiiver-closca-loop-m\/#local-main-place-address"},"geo":{"@type":"GeoCoordinates","latitude":"59.439554","longitude":"24.726644"},"telephone":["+372 600 40 99"],"contactPoint":{"@type":"ContactPoint","telephone":"+372 600 40 99","email":"info@voltride.com"},"openingHoursSpecification":[{"@type":"OpeningHoursSpecification","dayOfWeek":["Monday","Tuesday","Wednesday","Thursday","Friday"],"opens":"10:00","closes":"18:00"},{"@type":"OpeningHoursSpecification","dayOfWeek":["Saturday","Sunday"],"opens":"00:00","closes":"00:00"}],"email":"info@voltride.com","taxID":"14871968"},{"@type":"PostalAddress","@id":"https:\/\/haidak.eu\/et\/kokkupandav-kiiver-closca-loop-m\/#local-main-place-address","streetAddress":"Voltride Telliskivi 57D","addressLocality":"Tallinn","postalCode":"10412","addressRegion":"Tallinn","addressCountry":"EE"},{"@type":"ImageObject","inLanguage":"et","@id":"https:\/\/haidak.eu\/et\/kokkupandav-kiiver-closca-loop-m\/#local-main-organization-logo","url":"https:\/\/haidak.eu\/wp-content\/uploads\/voltride-logo.png","contentUrl":"https:\/\/haidak.eu\/wp-content\/uploads\/voltride-logo.png","width":2481,"height":620,"caption":"Voltride"}]},"og_availability":"instock","product_availability":"instock","product_retailer_item_id":"CLHL001","product_condition":"new","geo.placename":"Tallinn","geo.position":{"lat":"59.439554","long":"24.726644"},"geo.region":"Estonia"},"_links":{"self":[{"href":"https:\/\/haidak.eu\/et\/wp-json\/wp\/v2\/product\/19701","targetHints":{"allow":["GET"]}}],"collection":[{"href":"https:\/\/haidak.eu\/et\/wp-json\/wp\/v2\/product"}],"about":[{"href":"https:\/\/haidak.eu\/et\/wp-json\/wp\/v2\/types\/product"}],"replies":[{"embeddable":true,"href":"https:\/\/haidak.eu\/et\/wp-json\/wp\/v2\/comments?post=19701"}],"wp:featuredmedia":[{"embeddable":true,"href":"https:\/\/haidak.eu\/et\/wp-json\/wp\/v2\/media\/20600"}],"wp:attachment":[{"href":"https:\/\/haidak.eu\/et\/wp-json\/wp\/v2\/media?parent=19701"}],"wp:term":[{"taxonomy":"product_brand","embeddable":true,"href":"https:\/\/haidak.eu\/et\/wp-json\/wp\/v2\/product_brand?post=19701"},{"taxonomy":"product_cat","embeddable":true,"href":"https:\/\/haidak.eu\/et\/wp-json\/wp\/v2\/product_cat?post=19701"},{"taxonomy":"product_tag","embeddable":true,"href":"https:\/\/haidak.eu\/et\/wp-json\/wp\/v2\/product_tag?post=19701"}],"curies":[{"name":"wp","href":"https:\/\/api.w.org\/{rel}","templated":true}]}}