{"id":19704,"date":"2026-03-26T01:59:45","date_gmt":"2026-03-25T23:59:45","guid":{"rendered":"https:\/\/haidak.eu\/pump-sks-air-xpress-8-0-2\/"},"modified":"2026-03-29T21:34:48","modified_gmt":"2026-03-29T19:34:48","slug":"pump-sks-air-xpress-8-0-2","status":"publish","type":"product","link":"https:\/\/haidak.eu\/et\/pump-sks-air-xpress-8-0-2\/","title":{"rendered":"Pump SKS Air-Xpress 8.0"},"content":{"rendered":"<p data-end=\"167\" data-start=\"117\" style=\"caret-color: rgb(0, 0, 0); color: rgb(0, 0, 0);\"><strong data-end=\"165\" data-start=\"132\">P\u00f5randapump pehme k\u00e4epidemega<\/strong><\/p>\n<p data-end=\"439\" data-start=\"169\" style=\"caret-color: rgb(0, 0, 0); color: rgb(0, 0, 0);\">SKS AIR-X-PRESS 8.0 p\u00f5randapump pakub suurep\u00e4rast hinna ja kvaliteedi suhet ning paistab silma oma modernse disainiga. L\u00e4ikivad kirjad matil mustal torul ja pikem toru annavad puhta ja stiilse v\u00e4limuse. K\u00e4epideme sooneline pind tagab kindla haarde ja on k\u00e4ele meeldiv.<\/p>\n<p data-end=\"693\" data-start=\"441\" style=\"caret-color: rgb(0, 0, 0); color: rgb(0, 0, 0);\">Manomeetriga t\u00e4pseks r\u00f5hu kontrollimiseks. Jalgratta p\u00f5randapumbal on manomeeter, mis n\u00e4itab r\u00f5hku nii barides kui ka PSI-des. MULTI VALVE pumbapea sobib k\u00f5ikidele ventiilidele. Pump v\u00f5imaldab rehvid lihtsalt t\u00e4is pumbata kuni 8 bar \/ 115 PSI r\u00f5huni.<\/p>\n<ul data-end=\"827\" data-start=\"695\" style=\"caret-color: rgb(0, 0, 0); color: rgb(0, 0, 0);\">\n<li data-end=\"712\" data-start=\"695\">\n<p data-end=\"712\" data-start=\"697\">Pehme k\u00e4epide<\/p>\n<\/li>\n<li data-end=\"733\" data-start=\"713\">\n<p data-end=\"733\" data-start=\"715\">T\u00e4pne manomeeter<\/p>\n<\/li>\n<li data-end=\"750\" data-start=\"734\">\n<p data-end=\"750\" data-start=\"736\">Pikem voolik<\/p>\n<\/li>\n<li data-end=\"801\" data-start=\"751\">\n<p data-end=\"801\" data-start=\"753\">MULTI VALVE pea \u2013 sobib k\u00f5ikidele ventiilidele<\/p>\n<\/li>\n<li data-end=\"827\" data-start=\"802\">\n<p data-end=\"827\" data-start=\"804\">Valmistatud Saksamaal<\/p>\n<\/li>\n<\/ul>\n","protected":false},"excerpt":{"rendered":"<p>P\u00f5randapump pehme k\u00e4epidemega SKS AIR-X-PRESS 8.0 p\u00f5randapump pakub suurep\u00e4rast hinna ja kvaliteedi suhet ning paistab silma oma modernse disainiga. L\u00e4ikivad<\/p>\n","protected":false},"featured_media":20603,"comment_status":"open","ping_status":"closed","template":"","meta":[],"product_brand":[],"product_cat":[757],"product_tag":[],"class_list":{"0":"post-19704","1":"product","2":"type-product","3":"status-publish","4":"has-post-thumbnail","6":"product_cat-pumbad","8":"first","9":"instock","10":"taxable","11":"shipping-taxable","12":"purchasable","13":"product-type-simple"},"yoast_head":"<!-- This site is optimized with the Yoast SEO Premium plugin v27.3 (Yoast SEO v27.3) - https:\/\/yoast.com\/product\/yoast-seo-premium-wordpress\/ -->\n<title>Pump SKS Air-Xpress 8.0 | Voltride<\/title>\n<meta name=\"robots\" content=\"noindex, follow, max-snippet:-1, max-image-preview:large, max-video-preview:-1\" \/>\n<meta property=\"og:locale\" content=\"et_EE\" \/>\n<meta property=\"og:type\" content=\"article\" \/>\n<meta property=\"og:title\" content=\"Pump SKS Air-Xpress 8.0 | Voltride\" \/>\n<meta property=\"og:description\" content=\"P\u00f5randapump pehme k\u00e4epidemega SKS AIR-X-PRESS 8.0 p\u00f5randapump pakub suurep\u00e4rast hinna ja kvaliteedi suhet ning paistab silma oma modernse disainiga. L\u00e4ikivad\" \/>\n<meta property=\"og:url\" content=\"https:\/\/haidak.eu\/et\/pump-sks-air-xpress-8-0-2\/\" \/>\n<meta property=\"og:site_name\" content=\"Voltride\" \/>\n<meta property=\"article:publisher\" content=\"https:\/\/www.facebook.com\/voltridecom\/\" \/>\n<meta property=\"article:modified_time\" content=\"2026-03-29T19:34:48+00:00\" \/>\n<meta property=\"og:image\" content=\"https:\/\/haidak.eu\/wp-content\/uploads\/2026\/03\/3557-6846f0fe28908390208986-rattapump-sks-air-x-press-80-1.png\" \/>\n\t<meta property=\"og:image:width\" content=\"267\" \/>\n\t<meta property=\"og:image:height\" content=\"397\" \/>\n\t<meta property=\"og:image:type\" content=\"image\/png\" \/>\n<meta name=\"twitter:card\" content=\"summary_large_image\" \/>\n<script type=\"application\/ld+json\" class=\"yoast-schema-graph\">{\"@context\":\"https:\\\/\\\/schema.org\",\"@graph\":[{\"@type\":\"WebPage\",\"@id\":\"https:\\\/\\\/haidak.eu\\\/et\\\/pump-sks-air-xpress-8-0-2\\\/\",\"url\":\"https:\\\/\\\/haidak.eu\\\/et\\\/pump-sks-air-xpress-8-0-2\\\/\",\"name\":\"Pump SKS Air-Xpress 8.0 | Voltride\",\"isPartOf\":{\"@id\":\"https:\\\/\\\/haidak.eu\\\/et\\\/#website\"},\"primaryImageOfPage\":{\"@id\":\"https:\\\/\\\/haidak.eu\\\/et\\\/pump-sks-air-xpress-8-0-2\\\/#primaryimage\"},\"image\":{\"@id\":\"https:\\\/\\\/haidak.eu\\\/et\\\/pump-sks-air-xpress-8-0-2\\\/#primaryimage\"},\"thumbnailUrl\":\"https:\\\/\\\/haidak.eu\\\/wp-content\\\/uploads\\\/2026\\\/03\\\/3557-6846f0fe28908390208986-rattapump-sks-air-x-press-80-1.png\",\"datePublished\":\"2026-03-25T23:59:45+00:00\",\"dateModified\":\"2026-03-29T19:34:48+00:00\",\"breadcrumb\":{\"@id\":\"https:\\\/\\\/haidak.eu\\\/et\\\/pump-sks-air-xpress-8-0-2\\\/#breadcrumb\"},\"inLanguage\":\"et\",\"potentialAction\":[{\"@type\":\"ReadAction\",\"target\":[\"https:\\\/\\\/haidak.eu\\\/et\\\/pump-sks-air-xpress-8-0-2\\\/\"]}]},{\"@type\":\"ImageObject\",\"inLanguage\":\"et\",\"@id\":\"https:\\\/\\\/haidak.eu\\\/et\\\/pump-sks-air-xpress-8-0-2\\\/#primaryimage\",\"url\":\"https:\\\/\\\/haidak.eu\\\/wp-content\\\/uploads\\\/2026\\\/03\\\/3557-6846f0fe28908390208986-rattapump-sks-air-x-press-80-1.png\",\"contentUrl\":\"https:\\\/\\\/haidak.eu\\\/wp-content\\\/uploads\\\/2026\\\/03\\\/3557-6846f0fe28908390208986-rattapump-sks-air-x-press-80-1.png\",\"width\":267,\"height\":397},{\"@type\":\"BreadcrumbList\",\"@id\":\"https:\\\/\\\/haidak.eu\\\/et\\\/pump-sks-air-xpress-8-0-2\\\/#breadcrumb\",\"itemListElement\":[{\"@type\":\"ListItem\",\"position\":1,\"name\":\"Kodu\",\"item\":\"https:\\\/\\\/haidak.eu\\\/et\\\/\"},{\"@type\":\"ListItem\",\"position\":2,\"name\":\"Pood\",\"item\":\"https:\\\/\\\/haidak.eu\\\/shop\\\/\"},{\"@type\":\"ListItem\",\"position\":3,\"name\":\"Lisavarustus\",\"item\":\"https:\\\/\\\/haidak.eu\\\/et\\\/lisavarustus\\\/\"},{\"@type\":\"ListItem\",\"position\":4,\"name\":\"Pumbad\",\"item\":\"https:\\\/\\\/haidak.eu\\\/et\\\/pumbad\\\/\"},{\"@type\":\"ListItem\",\"position\":5,\"name\":\"Pump SKS Air-Xpress 8.0\"}]},{\"@type\":\"WebSite\",\"@id\":\"https:\\\/\\\/haidak.eu\\\/et\\\/#website\",\"url\":\"https:\\\/\\\/haidak.eu\\\/et\\\/\",\"name\":\"Voltride\",\"description\":\"Parim elektrirataste elektrit\u00f5ukside ja \u00fcksrataste pood ja remont\",\"publisher\":{\"@id\":\"https:\\\/\\\/haidak.eu\\\/et\\\/#organization\"},\"alternateName\":\"Vr\",\"potentialAction\":[{\"@type\":\"SearchAction\",\"target\":{\"@type\":\"EntryPoint\",\"urlTemplate\":\"https:\\\/\\\/haidak.eu\\\/et\\\/?s={search_term_string}\"},\"query-input\":{\"@type\":\"PropertyValueSpecification\",\"valueRequired\":true,\"valueName\":\"search_term_string\"}}],\"inLanguage\":\"et\"},{\"@type\":[\"Organization\",\"Place\"],\"@id\":\"https:\\\/\\\/haidak.eu\\\/et\\\/#organization\",\"name\":\"Voltride\",\"alternateName\":\"VR\",\"url\":\"https:\\\/\\\/haidak.eu\\\/et\\\/\",\"logo\":{\"@id\":\"https:\\\/\\\/haidak.eu\\\/et\\\/pump-sks-air-xpress-8-0-2\\\/#local-main-organization-logo\"},\"image\":{\"@id\":\"https:\\\/\\\/haidak.eu\\\/et\\\/pump-sks-air-xpress-8-0-2\\\/#local-main-organization-logo\"},\"sameAs\":[\"https:\\\/\\\/www.facebook.com\\\/voltridecom\\\/\"],\"legalName\":\"Voltride O\u00dc\",\"numberOfEmployees\":{\"@type\":\"QuantitativeValue\",\"minValue\":\"1\",\"maxValue\":\"10\"},\"ownershipFundingInfo\":\"https:\\\/\\\/haidak.eu\\\/about-us\\\/\",\"hasMerchantReturnPolicy\":{\"@type\":\"MerchantReturnPolicy\",\"merchantReturnLink\":\"https:\\\/\\\/haidak.eu\\\/shipping-and-returns\\\/\"},\"address\":{\"@id\":\"https:\\\/\\\/haidak.eu\\\/et\\\/pump-sks-air-xpress-8-0-2\\\/#local-main-place-address\"},\"geo\":{\"@type\":\"GeoCoordinates\",\"latitude\":\"59.439554\",\"longitude\":\"24.726644\"},\"telephone\":[\"+372 600 40 99\"],\"contactPoint\":{\"@type\":\"ContactPoint\",\"telephone\":\"+372 600 40 99\",\"email\":\"info@voltride.com\"},\"openingHoursSpecification\":[{\"@type\":\"OpeningHoursSpecification\",\"dayOfWeek\":[\"Monday\",\"Tuesday\",\"Wednesday\",\"Thursday\",\"Friday\"],\"opens\":\"10:00\",\"closes\":\"18:00\"},{\"@type\":\"OpeningHoursSpecification\",\"dayOfWeek\":[\"Saturday\",\"Sunday\"],\"opens\":\"00:00\",\"closes\":\"00:00\"}],\"email\":\"info@voltride.com\",\"taxID\":\"14871968\"},{\"@type\":\"PostalAddress\",\"@id\":\"https:\\\/\\\/haidak.eu\\\/et\\\/pump-sks-air-xpress-8-0-2\\\/#local-main-place-address\",\"streetAddress\":\"Voltride Telliskivi 57D\",\"addressLocality\":\"Tallinn\",\"postalCode\":\"10412\",\"addressRegion\":\"Tallinn\",\"addressCountry\":\"EE\"},{\"@type\":\"ImageObject\",\"inLanguage\":\"et\",\"@id\":\"https:\\\/\\\/haidak.eu\\\/et\\\/pump-sks-air-xpress-8-0-2\\\/#local-main-organization-logo\",\"url\":\"https:\\\/\\\/haidak.eu\\\/wp-content\\\/uploads\\\/voltride-logo.png\",\"contentUrl\":\"https:\\\/\\\/haidak.eu\\\/wp-content\\\/uploads\\\/voltride-logo.png\",\"width\":2481,\"height\":620,\"caption\":\"Voltride\"}]}<\/script>\n<meta property=\"product:price:amount\" content=\"29.99\" \/>\n<meta property=\"product:price:currency\" content=\"EUR\" \/>\n<meta property=\"og:availability\" content=\"instock\" \/>\n<meta property=\"product:availability\" content=\"instock\" \/>\n<meta property=\"product:retailer_item_id\" content=\"SKPM005\" \/>\n<meta property=\"product:condition\" content=\"new\" \/>\n<meta name=\"geo.placename\" content=\"Tallinn\" \/>\n<meta name=\"geo.position\" content=\"59.439554;24.726644\" \/>\n<meta name=\"geo.region\" content=\"Estonia\" \/>\n<!-- \/ Yoast SEO Premium plugin. -->","yoast_head_json":{"title":"Pump SKS Air-Xpress 8.0 | Voltride","robots":{"index":"noindex","follow":"follow","max-snippet":"max-snippet:-1","max-image-preview":"max-image-preview:large","max-video-preview":"max-video-preview:-1"},"og_locale":"et_EE","og_type":"article","og_title":"Pump SKS Air-Xpress 8.0 | Voltride","og_description":"P\u00f5randapump pehme k\u00e4epidemega SKS AIR-X-PRESS 8.0 p\u00f5randapump pakub suurep\u00e4rast hinna ja kvaliteedi suhet ning paistab silma oma modernse disainiga. L\u00e4ikivad","og_url":"https:\/\/haidak.eu\/et\/pump-sks-air-xpress-8-0-2\/","og_site_name":"Voltride","article_publisher":"https:\/\/www.facebook.com\/voltridecom\/","article_modified_time":"2026-03-29T19:34:48+00:00","og_image":[{"width":267,"height":397,"url":"https:\/\/haidak.eu\/wp-content\/uploads\/2026\/03\/3557-6846f0fe28908390208986-rattapump-sks-air-x-press-80-1.png","type":"image\/png"}],"twitter_card":"summary_large_image","schema":{"@context":"https:\/\/schema.org","@graph":[{"@type":"WebPage","@id":"https:\/\/haidak.eu\/et\/pump-sks-air-xpress-8-0-2\/","url":"https:\/\/haidak.eu\/et\/pump-sks-air-xpress-8-0-2\/","name":"Pump SKS Air-Xpress 8.0 | Voltride","isPartOf":{"@id":"https:\/\/haidak.eu\/et\/#website"},"primaryImageOfPage":{"@id":"https:\/\/haidak.eu\/et\/pump-sks-air-xpress-8-0-2\/#primaryimage"},"image":{"@id":"https:\/\/haidak.eu\/et\/pump-sks-air-xpress-8-0-2\/#primaryimage"},"thumbnailUrl":"https:\/\/haidak.eu\/wp-content\/uploads\/2026\/03\/3557-6846f0fe28908390208986-rattapump-sks-air-x-press-80-1.png","datePublished":"2026-03-25T23:59:45+00:00","dateModified":"2026-03-29T19:34:48+00:00","breadcrumb":{"@id":"https:\/\/haidak.eu\/et\/pump-sks-air-xpress-8-0-2\/#breadcrumb"},"inLanguage":"et","potentialAction":[{"@type":"ReadAction","target":["https:\/\/haidak.eu\/et\/pump-sks-air-xpress-8-0-2\/"]}]},{"@type":"ImageObject","inLanguage":"et","@id":"https:\/\/haidak.eu\/et\/pump-sks-air-xpress-8-0-2\/#primaryimage","url":"https:\/\/haidak.eu\/wp-content\/uploads\/2026\/03\/3557-6846f0fe28908390208986-rattapump-sks-air-x-press-80-1.png","contentUrl":"https:\/\/haidak.eu\/wp-content\/uploads\/2026\/03\/3557-6846f0fe28908390208986-rattapump-sks-air-x-press-80-1.png","width":267,"height":397},{"@type":"BreadcrumbList","@id":"https:\/\/haidak.eu\/et\/pump-sks-air-xpress-8-0-2\/#breadcrumb","itemListElement":[{"@type":"ListItem","position":1,"name":"Kodu","item":"https:\/\/haidak.eu\/et\/"},{"@type":"ListItem","position":2,"name":"Pood","item":"https:\/\/haidak.eu\/shop\/"},{"@type":"ListItem","position":3,"name":"Lisavarustus","item":"https:\/\/haidak.eu\/et\/lisavarustus\/"},{"@type":"ListItem","position":4,"name":"Pumbad","item":"https:\/\/haidak.eu\/et\/pumbad\/"},{"@type":"ListItem","position":5,"name":"Pump SKS Air-Xpress 8.0"}]},{"@type":"WebSite","@id":"https:\/\/haidak.eu\/et\/#website","url":"https:\/\/haidak.eu\/et\/","name":"Voltride","description":"Parim elektrirataste elektrit\u00f5ukside ja \u00fcksrataste pood ja remont","publisher":{"@id":"https:\/\/haidak.eu\/et\/#organization"},"alternateName":"Vr","potentialAction":[{"@type":"SearchAction","target":{"@type":"EntryPoint","urlTemplate":"https:\/\/haidak.eu\/et\/?s={search_term_string}"},"query-input":{"@type":"PropertyValueSpecification","valueRequired":true,"valueName":"search_term_string"}}],"inLanguage":"et"},{"@type":["Organization","Place"],"@id":"https:\/\/haidak.eu\/et\/#organization","name":"Voltride","alternateName":"VR","url":"https:\/\/haidak.eu\/et\/","logo":{"@id":"https:\/\/haidak.eu\/et\/pump-sks-air-xpress-8-0-2\/#local-main-organization-logo"},"image":{"@id":"https:\/\/haidak.eu\/et\/pump-sks-air-xpress-8-0-2\/#local-main-organization-logo"},"sameAs":["https:\/\/www.facebook.com\/voltridecom\/"],"legalName":"Voltride O\u00dc","numberOfEmployees":{"@type":"QuantitativeValue","minValue":"1","maxValue":"10"},"ownershipFundingInfo":"https:\/\/haidak.eu\/about-us\/","hasMerchantReturnPolicy":{"@type":"MerchantReturnPolicy","merchantReturnLink":"https:\/\/haidak.eu\/shipping-and-returns\/"},"address":{"@id":"https:\/\/haidak.eu\/et\/pump-sks-air-xpress-8-0-2\/#local-main-place-address"},"geo":{"@type":"GeoCoordinates","latitude":"59.439554","longitude":"24.726644"},"telephone":["+372 600 40 99"],"contactPoint":{"@type":"ContactPoint","telephone":"+372 600 40 99","email":"info@voltride.com"},"openingHoursSpecification":[{"@type":"OpeningHoursSpecification","dayOfWeek":["Monday","Tuesday","Wednesday","Thursday","Friday"],"opens":"10:00","closes":"18:00"},{"@type":"OpeningHoursSpecification","dayOfWeek":["Saturday","Sunday"],"opens":"00:00","closes":"00:00"}],"email":"info@voltride.com","taxID":"14871968"},{"@type":"PostalAddress","@id":"https:\/\/haidak.eu\/et\/pump-sks-air-xpress-8-0-2\/#local-main-place-address","streetAddress":"Voltride Telliskivi 57D","addressLocality":"Tallinn","postalCode":"10412","addressRegion":"Tallinn","addressCountry":"EE"},{"@type":"ImageObject","inLanguage":"et","@id":"https:\/\/haidak.eu\/et\/pump-sks-air-xpress-8-0-2\/#local-main-organization-logo","url":"https:\/\/haidak.eu\/wp-content\/uploads\/voltride-logo.png","contentUrl":"https:\/\/haidak.eu\/wp-content\/uploads\/voltride-logo.png","width":2481,"height":620,"caption":"Voltride"}]},"product_price_amount":"29.99","product_price_currency":"EUR","og_availability":"instock","product_availability":"instock","product_retailer_item_id":"SKPM005","product_condition":"new","geo.placename":"Tallinn","geo.position":{"lat":"59.439554","long":"24.726644"},"geo.region":"Estonia"},"_links":{"self":[{"href":"https:\/\/haidak.eu\/et\/wp-json\/wp\/v2\/product\/19704","targetHints":{"allow":["GET"]}}],"collection":[{"href":"https:\/\/haidak.eu\/et\/wp-json\/wp\/v2\/product"}],"about":[{"href":"https:\/\/haidak.eu\/et\/wp-json\/wp\/v2\/types\/product"}],"replies":[{"embeddable":true,"href":"https:\/\/haidak.eu\/et\/wp-json\/wp\/v2\/comments?post=19704"}],"wp:featuredmedia":[{"embeddable":true,"href":"https:\/\/haidak.eu\/et\/wp-json\/wp\/v2\/media\/20603"}],"wp:attachment":[{"href":"https:\/\/haidak.eu\/et\/wp-json\/wp\/v2\/media?parent=19704"}],"wp:term":[{"taxonomy":"product_brand","embeddable":true,"href":"https:\/\/haidak.eu\/et\/wp-json\/wp\/v2\/product_brand?post=19704"},{"taxonomy":"product_cat","embeddable":true,"href":"https:\/\/haidak.eu\/et\/wp-json\/wp\/v2\/product_cat?post=19704"},{"taxonomy":"product_tag","embeddable":true,"href":"https:\/\/haidak.eu\/et\/wp-json\/wp\/v2\/product_tag?post=19704"}],"curies":[{"name":"wp","href":"https:\/\/api.w.org\/{rel}","templated":true}]}}