{"id":19725,"date":"2026-03-26T02:02:34","date_gmt":"2026-03-26T00:02:34","guid":{"rendered":"https:\/\/haidak.eu\/kali-mission-polvekaitse\/"},"modified":"2026-03-29T21:34:50","modified_gmt":"2026-03-29T19:34:50","slug":"kali-mission-polvekaitse","status":"publish","type":"product","link":"https:\/\/haidak.eu\/et\/kali-mission-polvekaitse\/","title":{"rendered":"Kali Mission P\u00f5lvekaitse"},"content":{"rendered":"<p data-end=\"440\" data-start=\"112\" style=\"caret-color: rgb(0, 0, 0); color: rgb(0, 0, 0);\"><strong data-end=\"157\" data-start=\"127\">Kali Mission p\u00f5lvekaitsmed<\/strong>&nbsp;on loodud ratturitele, kes hindavad pikaajalist mugavust ilma kaitses j\u00e4releandmisi tegemata. Vastupidavate ja kergete materjalide ning ergonoomilise disainiga kaitsmed on suurep\u00e4rane valik pikkadeks maastikus\u00f5itudeks, endurov\u00f5istlusteks ja igap\u00e4evasteks seiklusteks metsaradadel.<\/p>\n<p data-end=\"711\" data-start=\"442\" style=\"caret-color: rgb(0, 0, 0); color: rgb(0, 0, 0);\">Kaitse p\u00f5hineb painduval l\u00f6\u00f6ke neelaval PU-vahul, mis aitab efektiivselt pehmendada l\u00f6\u00f6ke ja v\u00e4hendada vigastuste riski kukkumiste korral. Mission-kaitsmed sobivad ideaalselt s\u00f5itjatele, kes otsivad kerget, kuid samas kindlat kaitset ka k\u00f5ige n\u00f5udlikumatele radadele.<\/p>\n<p data-end=\"907\" data-start=\"713\" style=\"caret-color: rgb(0, 0, 0); color: rgb(0, 0, 0);\">P\u00f5lvekaitsete taga olev hingav v\u00f5rkpaneel tagab hea \u00f5huringluse ja hoiab p\u00f5lved jahedana ka kuumadel p\u00e4evadel. Silikoonribad \u00fcla- ja alaosas hoiavad kaitsmed kindlalt paigal kogu s\u00f5idu v\u00e4ltel.<\/p>\n<p data-end=\"1021\" data-start=\"909\" style=\"caret-color: rgb(0, 0, 0); color: rgb(0, 0, 0);\">Kaitsmeid saab pesta pesumasinas, mis muudab nende hoolduse lihtsaks ja hoiab need v\u00e4rsked j\u00e4rgmiseks s\u00f5iduks.<\/p>\n<p data-end=\"1047\" data-start=\"1023\" style=\"caret-color: rgb(0, 0, 0); color: rgb(0, 0, 0);\"><strong data-end=\"1045\" data-start=\"1023\">Peamised omadused:<\/strong><\/p>\n<ul data-end=\"1282\" data-start=\"1048\" style=\"caret-color: rgb(0, 0, 0); color: rgb(0, 0, 0);\">\n<li data-end=\"1086\" data-start=\"1048\">\n<p data-end=\"1086\" data-start=\"1050\">Painduv l\u00f6\u00f6ke neelav PU-polsterdus<\/p>\n<\/li>\n<li data-end=\"1113\" data-start=\"1087\">\n<p data-end=\"1113\" data-start=\"1089\">Hingav v\u00f5rkpaneel taga<\/p>\n<\/li>\n<li data-end=\"1174\" data-start=\"1114\">\n<p data-end=\"1174\" data-start=\"1116\">Libisemiskindlad silikoonribad kindlaks paigalp\u00fcsimiseks<\/p>\n<\/li>\n<li data-end=\"1246\" data-start=\"1175\">\n<p data-end=\"1246\" data-start=\"1177\">Ergonomiline ja kerge disain \u2013 sobib nii t\u00f5usudeks kui laskumisteks<\/p>\n<\/li>\n<li data-end=\"1282\" data-start=\"1247\">\n<p data-end=\"1282\" data-start=\"1249\">Masinpestavad \u2013 lihtne hooldada<\/p>\n<\/li>\n<\/ul>\n<p data-end=\"1335\" data-start=\"1284\" style=\"caret-color: rgb(0, 0, 0); color: rgb(0, 0, 0);\"><strong data-end=\"1296\" data-start=\"1284\">Suurused<\/strong>&nbsp;(m\u00f5\u00f5detud u 7 cm p\u00f5lvest k\u00f5rgemalt):<\/p>\n<ul data-end=\"1400\" data-start=\"1336\" style=\"caret-color: rgb(0, 0, 0); color: rgb(0, 0, 0);\">\n<li data-end=\"1351\" data-start=\"1336\">\n<p data-end=\"1351\" data-start=\"1338\">S: 39\u201342 cm<\/p>\n<\/li>\n<li data-end=\"1367\" data-start=\"1352\">\n<p data-end=\"1367\" data-start=\"1354\">M: 42\u201345 cm<\/p>\n<\/li>\n<li data-end=\"1383\" data-start=\"1368\">\n<p data-end=\"1383\" data-start=\"1370\">L: 45\u201348 cm<\/p>\n<\/li>\n<li data-end=\"1400\" data-start=\"1384\">\n<p data-end=\"1400\" data-start=\"1386\">XL: 48\u201350 cm<\/p>\n<\/li>\n<\/ul>\n<p data-end=\"1533\" data-start=\"1402\" style=\"caret-color: rgb(0, 0, 0); color: rgb(0, 0, 0);\">Olgu see pikk m\u00e4gitee v\u00f5i kiire s\u00f5it kodumetsas \u2013&nbsp;<strong data-end=\"1482\" data-start=\"1452\">Kali Mission p\u00f5lvekaitsmed<\/strong>&nbsp;pakuvad igal s\u00f5idul kindlat kaitset ja mugavust.<\/p>\n","protected":false},"excerpt":{"rendered":"<p>Kali Mission p\u00f5lvekaitsmed&nbsp;on loodud ratturitele, kes hindavad pikaajalist mugavust ilma kaitses j\u00e4releandmisi tegemata. Vastupidavate ja kergete materjalide ning ergonoomilise disainiga<\/p>\n","protected":false},"featured_media":23468,"comment_status":"open","ping_status":"closed","template":"","meta":[],"product_brand":[],"product_cat":[753],"product_tag":[],"class_list":{"0":"post-19725","1":"product","2":"type-product","3":"status-publish","4":"has-post-thumbnail","6":"product_cat-kaitsevarustus-inimesele","8":"first","9":"instock","10":"taxable","11":"shipping-taxable","12":"purchasable","13":"product-type-variable"},"yoast_head":"<!-- This site is optimized with the Yoast SEO Premium plugin v27.3 (Yoast SEO v27.3) - https:\/\/yoast.com\/product\/yoast-seo-premium-wordpress\/ -->\n<title>Kali Mission P\u00f5lvekaitse | Voltride<\/title>\n<meta name=\"robots\" content=\"noindex, follow, max-snippet:-1, max-image-preview:large, max-video-preview:-1\" \/>\n<meta property=\"og:locale\" content=\"et_EE\" \/>\n<meta property=\"og:type\" content=\"article\" \/>\n<meta property=\"og:title\" content=\"Kali Mission P\u00f5lvekaitse | Voltride\" \/>\n<meta property=\"og:description\" content=\"Kali Mission p\u00f5lvekaitsmed&nbsp;on loodud ratturitele, kes hindavad pikaajalist mugavust ilma kaitses j\u00e4releandmisi tegemata. Vastupidavate ja kergete materjalide ning ergonoomilise disainiga\" \/>\n<meta property=\"og:url\" content=\"https:\/\/haidak.eu\/et\/kali-mission-polvekaitse\/\" \/>\n<meta property=\"og:site_name\" content=\"Voltride\" \/>\n<meta property=\"article:publisher\" content=\"https:\/\/www.facebook.com\/voltridecom\/\" \/>\n<meta property=\"article:modified_time\" content=\"2026-03-29T19:34:50+00:00\" \/>\n<meta property=\"og:image\" content=\"https:\/\/haidak.eu\/wp-content\/uploads\/2026\/03\/3438-688b2ae662e31687353498-mission-knee-guard-1.png\" \/>\n\t<meta property=\"og:image:width\" content=\"480\" \/>\n\t<meta property=\"og:image:height\" content=\"432\" \/>\n\t<meta property=\"og:image:type\" content=\"image\/png\" \/>\n<meta name=\"twitter:card\" content=\"summary_large_image\" \/>\n<script type=\"application\/ld+json\" class=\"yoast-schema-graph\">{\"@context\":\"https:\\\/\\\/schema.org\",\"@graph\":[{\"@type\":\"WebPage\",\"@id\":\"https:\\\/\\\/haidak.eu\\\/et\\\/kali-mission-polvekaitse\\\/\",\"url\":\"https:\\\/\\\/haidak.eu\\\/et\\\/kali-mission-polvekaitse\\\/\",\"name\":\"Kali Mission P\u00f5lvekaitse | Voltride\",\"isPartOf\":{\"@id\":\"https:\\\/\\\/haidak.eu\\\/et\\\/#website\"},\"primaryImageOfPage\":{\"@id\":\"https:\\\/\\\/haidak.eu\\\/et\\\/kali-mission-polvekaitse\\\/#primaryimage\"},\"image\":{\"@id\":\"https:\\\/\\\/haidak.eu\\\/et\\\/kali-mission-polvekaitse\\\/#primaryimage\"},\"thumbnailUrl\":\"https:\\\/\\\/haidak.eu\\\/wp-content\\\/uploads\\\/2026\\\/03\\\/3438-688b2ae662e31687353498-mission-knee-guard-1.png\",\"datePublished\":\"2026-03-26T00:02:34+00:00\",\"dateModified\":\"2026-03-29T19:34:50+00:00\",\"breadcrumb\":{\"@id\":\"https:\\\/\\\/haidak.eu\\\/et\\\/kali-mission-polvekaitse\\\/#breadcrumb\"},\"inLanguage\":\"et\",\"potentialAction\":[{\"@type\":\"ReadAction\",\"target\":[\"https:\\\/\\\/haidak.eu\\\/et\\\/kali-mission-polvekaitse\\\/\"]}]},{\"@type\":\"ImageObject\",\"inLanguage\":\"et\",\"@id\":\"https:\\\/\\\/haidak.eu\\\/et\\\/kali-mission-polvekaitse\\\/#primaryimage\",\"url\":\"https:\\\/\\\/haidak.eu\\\/wp-content\\\/uploads\\\/2026\\\/03\\\/3438-688b2ae662e31687353498-mission-knee-guard-1.png\",\"contentUrl\":\"https:\\\/\\\/haidak.eu\\\/wp-content\\\/uploads\\\/2026\\\/03\\\/3438-688b2ae662e31687353498-mission-knee-guard-1.png\",\"width\":480,\"height\":432},{\"@type\":\"BreadcrumbList\",\"@id\":\"https:\\\/\\\/haidak.eu\\\/et\\\/kali-mission-polvekaitse\\\/#breadcrumb\",\"itemListElement\":[{\"@type\":\"ListItem\",\"position\":1,\"name\":\"Kodu\",\"item\":\"https:\\\/\\\/haidak.eu\\\/et\\\/\"},{\"@type\":\"ListItem\",\"position\":2,\"name\":\"Pood\",\"item\":\"https:\\\/\\\/haidak.eu\\\/shop\\\/\"},{\"@type\":\"ListItem\",\"position\":3,\"name\":\"Lisavarustus\",\"item\":\"https:\\\/\\\/haidak.eu\\\/et\\\/lisavarustus\\\/\"},{\"@type\":\"ListItem\",\"position\":4,\"name\":\"Kaitsevarustus inimesele\",\"item\":\"https:\\\/\\\/haidak.eu\\\/et\\\/kaitsevarustus-inimesele\\\/\"},{\"@type\":\"ListItem\",\"position\":5,\"name\":\"Kali Mission P\u00f5lvekaitse\"}]},{\"@type\":\"WebSite\",\"@id\":\"https:\\\/\\\/haidak.eu\\\/et\\\/#website\",\"url\":\"https:\\\/\\\/haidak.eu\\\/et\\\/\",\"name\":\"Voltride\",\"description\":\"Parim elektrirataste elektrit\u00f5ukside ja \u00fcksrataste pood ja remont\",\"publisher\":{\"@id\":\"https:\\\/\\\/haidak.eu\\\/et\\\/#organization\"},\"alternateName\":\"Vr\",\"potentialAction\":[{\"@type\":\"SearchAction\",\"target\":{\"@type\":\"EntryPoint\",\"urlTemplate\":\"https:\\\/\\\/haidak.eu\\\/et\\\/?s={search_term_string}\"},\"query-input\":{\"@type\":\"PropertyValueSpecification\",\"valueRequired\":true,\"valueName\":\"search_term_string\"}}],\"inLanguage\":\"et\"},{\"@type\":[\"Organization\",\"Place\"],\"@id\":\"https:\\\/\\\/haidak.eu\\\/et\\\/#organization\",\"name\":\"Voltride\",\"alternateName\":\"VR\",\"url\":\"https:\\\/\\\/haidak.eu\\\/et\\\/\",\"logo\":{\"@id\":\"https:\\\/\\\/haidak.eu\\\/et\\\/kali-mission-polvekaitse\\\/#local-main-organization-logo\"},\"image\":{\"@id\":\"https:\\\/\\\/haidak.eu\\\/et\\\/kali-mission-polvekaitse\\\/#local-main-organization-logo\"},\"sameAs\":[\"https:\\\/\\\/www.facebook.com\\\/voltridecom\\\/\"],\"legalName\":\"Voltride O\u00dc\",\"numberOfEmployees\":{\"@type\":\"QuantitativeValue\",\"minValue\":\"1\",\"maxValue\":\"10\"},\"ownershipFundingInfo\":\"https:\\\/\\\/haidak.eu\\\/about-us\\\/\",\"hasMerchantReturnPolicy\":{\"@type\":\"MerchantReturnPolicy\",\"merchantReturnLink\":\"https:\\\/\\\/haidak.eu\\\/shipping-and-returns\\\/\"},\"address\":{\"@id\":\"https:\\\/\\\/haidak.eu\\\/et\\\/kali-mission-polvekaitse\\\/#local-main-place-address\"},\"geo\":{\"@type\":\"GeoCoordinates\",\"latitude\":\"59.439554\",\"longitude\":\"24.726644\"},\"telephone\":[\"+372 600 40 99\"],\"contactPoint\":{\"@type\":\"ContactPoint\",\"telephone\":\"+372 600 40 99\",\"email\":\"info@voltride.com\"},\"openingHoursSpecification\":[{\"@type\":\"OpeningHoursSpecification\",\"dayOfWeek\":[\"Monday\",\"Tuesday\",\"Wednesday\",\"Thursday\",\"Friday\"],\"opens\":\"10:00\",\"closes\":\"18:00\"},{\"@type\":\"OpeningHoursSpecification\",\"dayOfWeek\":[\"Saturday\",\"Sunday\"],\"opens\":\"00:00\",\"closes\":\"00:00\"}],\"email\":\"info@voltride.com\",\"taxID\":\"14871968\"},{\"@type\":\"PostalAddress\",\"@id\":\"https:\\\/\\\/haidak.eu\\\/et\\\/kali-mission-polvekaitse\\\/#local-main-place-address\",\"streetAddress\":\"Voltride Telliskivi 57D\",\"addressLocality\":\"Tallinn\",\"postalCode\":\"10412\",\"addressRegion\":\"Tallinn\",\"addressCountry\":\"EE\"},{\"@type\":\"ImageObject\",\"inLanguage\":\"et\",\"@id\":\"https:\\\/\\\/haidak.eu\\\/et\\\/kali-mission-polvekaitse\\\/#local-main-organization-logo\",\"url\":\"https:\\\/\\\/haidak.eu\\\/wp-content\\\/uploads\\\/voltride-logo.png\",\"contentUrl\":\"https:\\\/\\\/haidak.eu\\\/wp-content\\\/uploads\\\/voltride-logo.png\",\"width\":2481,\"height\":620,\"caption\":\"Voltride\"}]}<\/script>\n<meta property=\"og:availability\" content=\"instock\" \/>\n<meta property=\"product:availability\" content=\"instock\" \/>\n<meta property=\"product:retailer_item_id\" content=\"KLSG006\" \/>\n<meta property=\"product:condition\" content=\"new\" \/>\n<meta name=\"geo.placename\" content=\"Tallinn\" \/>\n<meta name=\"geo.position\" content=\"59.439554;24.726644\" \/>\n<meta name=\"geo.region\" content=\"Estonia\" \/>\n<!-- \/ Yoast SEO Premium plugin. -->","yoast_head_json":{"title":"Kali Mission P\u00f5lvekaitse | Voltride","robots":{"index":"noindex","follow":"follow","max-snippet":"max-snippet:-1","max-image-preview":"max-image-preview:large","max-video-preview":"max-video-preview:-1"},"og_locale":"et_EE","og_type":"article","og_title":"Kali Mission P\u00f5lvekaitse | Voltride","og_description":"Kali Mission p\u00f5lvekaitsmed&nbsp;on loodud ratturitele, kes hindavad pikaajalist mugavust ilma kaitses j\u00e4releandmisi tegemata. Vastupidavate ja kergete materjalide ning ergonoomilise disainiga","og_url":"https:\/\/haidak.eu\/et\/kali-mission-polvekaitse\/","og_site_name":"Voltride","article_publisher":"https:\/\/www.facebook.com\/voltridecom\/","article_modified_time":"2026-03-29T19:34:50+00:00","og_image":[{"width":480,"height":432,"url":"https:\/\/haidak.eu\/wp-content\/uploads\/2026\/03\/3438-688b2ae662e31687353498-mission-knee-guard-1.png","type":"image\/png"}],"twitter_card":"summary_large_image","schema":{"@context":"https:\/\/schema.org","@graph":[{"@type":"WebPage","@id":"https:\/\/haidak.eu\/et\/kali-mission-polvekaitse\/","url":"https:\/\/haidak.eu\/et\/kali-mission-polvekaitse\/","name":"Kali Mission P\u00f5lvekaitse | Voltride","isPartOf":{"@id":"https:\/\/haidak.eu\/et\/#website"},"primaryImageOfPage":{"@id":"https:\/\/haidak.eu\/et\/kali-mission-polvekaitse\/#primaryimage"},"image":{"@id":"https:\/\/haidak.eu\/et\/kali-mission-polvekaitse\/#primaryimage"},"thumbnailUrl":"https:\/\/haidak.eu\/wp-content\/uploads\/2026\/03\/3438-688b2ae662e31687353498-mission-knee-guard-1.png","datePublished":"2026-03-26T00:02:34+00:00","dateModified":"2026-03-29T19:34:50+00:00","breadcrumb":{"@id":"https:\/\/haidak.eu\/et\/kali-mission-polvekaitse\/#breadcrumb"},"inLanguage":"et","potentialAction":[{"@type":"ReadAction","target":["https:\/\/haidak.eu\/et\/kali-mission-polvekaitse\/"]}]},{"@type":"ImageObject","inLanguage":"et","@id":"https:\/\/haidak.eu\/et\/kali-mission-polvekaitse\/#primaryimage","url":"https:\/\/haidak.eu\/wp-content\/uploads\/2026\/03\/3438-688b2ae662e31687353498-mission-knee-guard-1.png","contentUrl":"https:\/\/haidak.eu\/wp-content\/uploads\/2026\/03\/3438-688b2ae662e31687353498-mission-knee-guard-1.png","width":480,"height":432},{"@type":"BreadcrumbList","@id":"https:\/\/haidak.eu\/et\/kali-mission-polvekaitse\/#breadcrumb","itemListElement":[{"@type":"ListItem","position":1,"name":"Kodu","item":"https:\/\/haidak.eu\/et\/"},{"@type":"ListItem","position":2,"name":"Pood","item":"https:\/\/haidak.eu\/shop\/"},{"@type":"ListItem","position":3,"name":"Lisavarustus","item":"https:\/\/haidak.eu\/et\/lisavarustus\/"},{"@type":"ListItem","position":4,"name":"Kaitsevarustus inimesele","item":"https:\/\/haidak.eu\/et\/kaitsevarustus-inimesele\/"},{"@type":"ListItem","position":5,"name":"Kali Mission P\u00f5lvekaitse"}]},{"@type":"WebSite","@id":"https:\/\/haidak.eu\/et\/#website","url":"https:\/\/haidak.eu\/et\/","name":"Voltride","description":"Parim elektrirataste elektrit\u00f5ukside ja \u00fcksrataste pood ja remont","publisher":{"@id":"https:\/\/haidak.eu\/et\/#organization"},"alternateName":"Vr","potentialAction":[{"@type":"SearchAction","target":{"@type":"EntryPoint","urlTemplate":"https:\/\/haidak.eu\/et\/?s={search_term_string}"},"query-input":{"@type":"PropertyValueSpecification","valueRequired":true,"valueName":"search_term_string"}}],"inLanguage":"et"},{"@type":["Organization","Place"],"@id":"https:\/\/haidak.eu\/et\/#organization","name":"Voltride","alternateName":"VR","url":"https:\/\/haidak.eu\/et\/","logo":{"@id":"https:\/\/haidak.eu\/et\/kali-mission-polvekaitse\/#local-main-organization-logo"},"image":{"@id":"https:\/\/haidak.eu\/et\/kali-mission-polvekaitse\/#local-main-organization-logo"},"sameAs":["https:\/\/www.facebook.com\/voltridecom\/"],"legalName":"Voltride O\u00dc","numberOfEmployees":{"@type":"QuantitativeValue","minValue":"1","maxValue":"10"},"ownershipFundingInfo":"https:\/\/haidak.eu\/about-us\/","hasMerchantReturnPolicy":{"@type":"MerchantReturnPolicy","merchantReturnLink":"https:\/\/haidak.eu\/shipping-and-returns\/"},"address":{"@id":"https:\/\/haidak.eu\/et\/kali-mission-polvekaitse\/#local-main-place-address"},"geo":{"@type":"GeoCoordinates","latitude":"59.439554","longitude":"24.726644"},"telephone":["+372 600 40 99"],"contactPoint":{"@type":"ContactPoint","telephone":"+372 600 40 99","email":"info@voltride.com"},"openingHoursSpecification":[{"@type":"OpeningHoursSpecification","dayOfWeek":["Monday","Tuesday","Wednesday","Thursday","Friday"],"opens":"10:00","closes":"18:00"},{"@type":"OpeningHoursSpecification","dayOfWeek":["Saturday","Sunday"],"opens":"00:00","closes":"00:00"}],"email":"info@voltride.com","taxID":"14871968"},{"@type":"PostalAddress","@id":"https:\/\/haidak.eu\/et\/kali-mission-polvekaitse\/#local-main-place-address","streetAddress":"Voltride Telliskivi 57D","addressLocality":"Tallinn","postalCode":"10412","addressRegion":"Tallinn","addressCountry":"EE"},{"@type":"ImageObject","inLanguage":"et","@id":"https:\/\/haidak.eu\/et\/kali-mission-polvekaitse\/#local-main-organization-logo","url":"https:\/\/haidak.eu\/wp-content\/uploads\/voltride-logo.png","contentUrl":"https:\/\/haidak.eu\/wp-content\/uploads\/voltride-logo.png","width":2481,"height":620,"caption":"Voltride"}]},"og_availability":"instock","product_availability":"instock","product_retailer_item_id":"KLSG006","product_condition":"new","geo.placename":"Tallinn","geo.position":{"lat":"59.439554","long":"24.726644"},"geo.region":"Estonia"},"_links":{"self":[{"href":"https:\/\/haidak.eu\/et\/wp-json\/wp\/v2\/product\/19725","targetHints":{"allow":["GET"]}}],"collection":[{"href":"https:\/\/haidak.eu\/et\/wp-json\/wp\/v2\/product"}],"about":[{"href":"https:\/\/haidak.eu\/et\/wp-json\/wp\/v2\/types\/product"}],"replies":[{"embeddable":true,"href":"https:\/\/haidak.eu\/et\/wp-json\/wp\/v2\/comments?post=19725"}],"wp:featuredmedia":[{"embeddable":true,"href":"https:\/\/haidak.eu\/et\/wp-json\/wp\/v2\/media\/23468"}],"wp:attachment":[{"href":"https:\/\/haidak.eu\/et\/wp-json\/wp\/v2\/media?parent=19725"}],"wp:term":[{"taxonomy":"product_brand","embeddable":true,"href":"https:\/\/haidak.eu\/et\/wp-json\/wp\/v2\/product_brand?post=19725"},{"taxonomy":"product_cat","embeddable":true,"href":"https:\/\/haidak.eu\/et\/wp-json\/wp\/v2\/product_cat?post=19725"},{"taxonomy":"product_tag","embeddable":true,"href":"https:\/\/haidak.eu\/et\/wp-json\/wp\/v2\/product_tag?post=19725"}],"curies":[{"name":"wp","href":"https:\/\/api.w.org\/{rel}","templated":true}]}}