{"id":19742,"date":"2026-03-26T02:03:02","date_gmt":"2026-03-26T00:03:02","guid":{"rendered":"https:\/\/haidak.eu\/alarmiga-ketaspidurilukk\/"},"modified":"2026-03-29T21:34:52","modified_gmt":"2026-03-29T19:34:52","slug":"alarmiga-ketaspidurilukk","status":"publish","type":"product","link":"https:\/\/haidak.eu\/et\/alarmiga-ketaspidurilukk\/","title":{"rendered":"Alarmiga ketaspidurilukk"},"content":{"rendered":"<h2 data-end=\"190\" data-start=\"146\" style=\"caret-color: rgb(0, 0, 0); color: rgb(0, 0, 0);\"><strong data-end=\"188\" data-start=\"146\">Varuosa: <\/strong><strong>Alarmiga ketaspidurilukk<\/strong><\/h2>\n<p data-end=\"190\" data-start=\"146\" style=\"caret-color: rgb(0, 0, 0); color: rgb(0, 0, 0);\">See varuosa sobib j\u00e4rgmistele mudelitele: Xiaomi M365, Xiaomi S1, Xiaomi Scooter 3, Xiaomi Essential, Xiaomi Pro, Xiaomi Pro 2, Dualtron Mini, Speedway Leger, Speedway Leger Eco, Speedway Leger Pro, GPad Storm (2022\u2013), GPad Storm MAX (2022\u2013), GPad Foxen, GPad Storm (2019\u20132021), GPad Storm MAX (2019\u20132021), Dualtron Spider, Dualtron Spider II, Dualtron Eagle, Dualtron Victor, Dualtron Victor Luxury, Inokim Quick3, Inokim Quick4, Inokim OX Hero, Inokim OX Super, Inokim OX Eco, Inokim OXO, Speedway IV, Speedway V.<\/p>\n<p data-end=\"896\" data-start=\"711\" style=\"caret-color: rgb(0, 0, 0); color: rgb(0, 0, 0);\">Kui sa ei ole kindel, kas tegemist on \u00f5ige varuosaga sinu s\u00f5idukile v\u00f5i sul on muid k\u00fcsimusi varuosade sobivuse kohta, v\u00f5ta meiega julgelt \u00fchendust aadressil&nbsp;<strong data-end=\"893\" data-start=\"869\"><a class=\"cursor-pointer\" data-end=\"891\" data-start=\"871\" rel=\"noopener\">service@voltride.com<\/a><\/strong>.<\/p>\n<p data-end=\"927\" data-start=\"898\" style=\"caret-color: rgb(0, 0, 0); color: rgb(0, 0, 0);\">Varuosa tootja:&nbsp;<strong data-end=\"925\" data-start=\"914\">Generic<\/strong><\/p>\n<h2 data-end=\"1045\" data-start=\"929\" style=\"caret-color: rgb(0, 0, 0); color: rgb(0, 0, 0);\">Veel Generic varuosi leiad siit.<\/h2>\n<p data-end=\"1045\" data-start=\"929\" style=\"caret-color: rgb(0, 0, 0); color: rgb(0, 0, 0);\">K\u00f5ik Voltride.com lehel pakutavad Generic varuosad on saadaval meie Euroopa laos.<\/p>\n<h2 data-end=\"1192\" data-start=\"1047\" style=\"caret-color: rgb(0, 0, 0); color: rgb(0, 0, 0);\">Ei leia \u00f5iget varuosa?<\/h2>\n<p data-end=\"1192\" data-start=\"1047\" style=\"caret-color: rgb(0, 0, 0); color: rgb(0, 0, 0);\">Kirjuta meile v\u00f5i helista numbril&nbsp;<strong data-end=\"1124\" data-start=\"1106\">+372 600 40 99<\/strong>&nbsp;ja aitame sul \u00f5ige varuosa leida! Oleme alati valmis abiks olema.<\/p>\n","protected":false},"excerpt":{"rendered":"<p>Varuosa: Alarmiga ketaspidurilukk See varuosa sobib j\u00e4rgmistele mudelitele: Xiaomi M365, Xiaomi S1, Xiaomi Scooter 3, Xiaomi Essential, Xiaomi Pro, Xiaomi<\/p>\n","protected":false},"featured_media":20640,"comment_status":"open","ping_status":"closed","template":"","meta":[],"product_brand":[],"product_cat":[710],"product_tag":[1516,1518,1520,1522,1524,1526,1528,1530,1532,1534,1536,1538,1574,1641,1596,1590,1592,1594,1598,1600,1602,1643,1604,1610,1608,1606,1622,1625,1627,1628,1630,1633,1646,1665,1666,1671,1669,1674,1677,1679,1721,1756,1759,1760,1763,1770,1782,1773,1775,1777,1778,1780,1784,1787,1802,1805,1807,1809,1811,1812,1815,1816],"class_list":{"0":"post-19742","1":"product","2":"type-product","3":"status-publish","4":"has-post-thumbnail","6":"product_cat-lukud","7":"product_tag-dualtron-storm","8":"product_tag-dualtron-storm-ltd","9":"product_tag-dualtron-thunder","10":"product_tag-dualtron-thunder-ii","11":"product_tag-dualtron-thunder-iii","12":"product_tag-dualtron-ultra","13":"product_tag-dualtron-ultra-ii","14":"product_tag-dualtron-victor","15":"product_tag-dualtron-victor-luxury","16":"product_tag-dualtron-x","17":"product_tag-dualtron-x-ii","18":"product_tag-dualtron-x-ltd","19":"product_tag-etwow-booster-v","20":"product_tag-gpad-evo-max","21":"product_tag-gpad-f3","22":"product_tag-gpad-f3-max-dt","23":"product_tag-gpad-f3-max-v1","24":"product_tag-gpad-f3-max-v2","25":"product_tag-gpad-foxen-v1","26":"product_tag-gpad-foxen-v2","27":"product_tag-gpad-foxen-v3","28":"product_tag-gpad-joyride","29":"product_tag-gpad-joyride-2021","30":"product_tag-gpad-joyride-eco","31":"product_tag-gpad-joyride-eco-2021","32":"product_tag-gpad-joyride-max","33":"product_tag-gpad-storm-2019-2021","34":"product_tag-gpad-storm-2022","35":"product_tag-gpad-storm-max-2019-2021","36":"product_tag-gpad-storm-max-2022","37":"product_tag-gpad-storm-ultra-2019-2021","38":"product_tag-gpad-storm-ultra-2022","39":"product_tag-inmotion-climber","40":"product_tag-inokim-ox-eco","41":"product_tag-inokim-ox-hero","42":"product_tag-inokim-ox-super","43":"product_tag-inokim-oxo","44":"product_tag-inokim-quick3-hero","45":"product_tag-inokim-quick3-super-2","46":"product_tag-inokim-quick3-super","47":"product_tag-ninebot-e2-pro","48":"product_tag-oolter-eke","49":"product_tag-oolter-etta","50":"product_tag-oolter-torm","51":"product_tag-oolter-torm-s","52":"product_tag-speedway-iv","53":"product_tag-speedway-leger","54":"product_tag-speedway-leger-eco","55":"product_tag-speedway-leger-pro","56":"product_tag-speedway-mini4-36v","57":"product_tag-speedway-mini4-48v","58":"product_tag-speedway-v","59":"product_tag-stigo-bike","60":"product_tag-super-soco-tc","61":"product_tag-vsett-9","62":"product_tag-xiaomi-essential","63":"product_tag-xiaomi-m365","64":"product_tag-xiaomi-pro","65":"product_tag-xiaomi-pro-2","66":"product_tag-xiaomi-pro-4","67":"product_tag-xiaomi-s1","68":"product_tag-xiaomi-scooter-3","70":"first","71":"instock","72":"taxable","73":"shipping-taxable","74":"purchasable","75":"product-type-simple"},"yoast_head":"<!-- This site is optimized with the Yoast SEO Premium plugin v27.3 (Yoast SEO v27.4) - https:\/\/yoast.com\/product\/yoast-seo-premium-wordpress\/ -->\n<title>Alarmiga ketaspidurilukk | Voltride<\/title>\n<meta name=\"robots\" content=\"noindex, follow, max-snippet:-1, max-image-preview:large, max-video-preview:-1\" \/>\n<meta property=\"og:locale\" content=\"et_EE\" \/>\n<meta property=\"og:type\" content=\"article\" \/>\n<meta property=\"og:title\" content=\"Alarmiga ketaspidurilukk | Voltride\" \/>\n<meta property=\"og:description\" content=\"Varuosa: Alarmiga ketaspidurilukk See varuosa sobib j\u00e4rgmistele mudelitele: Xiaomi M365, Xiaomi S1, Xiaomi Scooter 3, Xiaomi Essential, Xiaomi Pro, Xiaomi\" \/>\n<meta property=\"og:url\" content=\"https:\/\/haidak.eu\/et\/alarmiga-ketaspidurilukk\/\" \/>\n<meta property=\"og:site_name\" content=\"Voltride\" \/>\n<meta property=\"article:publisher\" content=\"https:\/\/www.facebook.com\/voltridecom\/\" \/>\n<meta property=\"article:modified_time\" content=\"2026-03-29T19:34:52+00:00\" \/>\n<meta property=\"og:image\" content=\"https:\/\/haidak.eu\/wp-content\/uploads\/2026\/03\/fin4ydgxr08kawjgq7akash9poiwlbtfxu0rmzswfbrd5mwmwhqvf9itdjswg9ib-1.png\" \/>\n\t<meta property=\"og:image:width\" content=\"1200\" \/>\n\t<meta property=\"og:image:height\" content=\"1200\" \/>\n\t<meta property=\"og:image:type\" content=\"image\/png\" \/>\n<meta name=\"twitter:card\" content=\"summary_large_image\" \/>\n<script type=\"application\/ld+json\" class=\"yoast-schema-graph\">{\"@context\":\"https:\\\/\\\/schema.org\",\"@graph\":[{\"@type\":\"WebPage\",\"@id\":\"https:\\\/\\\/haidak.eu\\\/et\\\/alarmiga-ketaspidurilukk\\\/\",\"url\":\"https:\\\/\\\/haidak.eu\\\/et\\\/alarmiga-ketaspidurilukk\\\/\",\"name\":\"Alarmiga ketaspidurilukk | Voltride\",\"isPartOf\":{\"@id\":\"https:\\\/\\\/haidak.eu\\\/et\\\/#website\"},\"primaryImageOfPage\":{\"@id\":\"https:\\\/\\\/haidak.eu\\\/et\\\/alarmiga-ketaspidurilukk\\\/#primaryimage\"},\"image\":{\"@id\":\"https:\\\/\\\/haidak.eu\\\/et\\\/alarmiga-ketaspidurilukk\\\/#primaryimage\"},\"thumbnailUrl\":\"https:\\\/\\\/haidak.eu\\\/wp-content\\\/uploads\\\/2026\\\/03\\\/fin4ydgxr08kawjgq7akash9poiwlbtfxu0rmzswfbrd5mwmwhqvf9itdjswg9ib-1.png\",\"datePublished\":\"2026-03-26T00:03:02+00:00\",\"dateModified\":\"2026-03-29T19:34:52+00:00\",\"breadcrumb\":{\"@id\":\"https:\\\/\\\/haidak.eu\\\/et\\\/alarmiga-ketaspidurilukk\\\/#breadcrumb\"},\"inLanguage\":\"et\",\"potentialAction\":[{\"@type\":\"ReadAction\",\"target\":[\"https:\\\/\\\/haidak.eu\\\/et\\\/alarmiga-ketaspidurilukk\\\/\"]}]},{\"@type\":\"ImageObject\",\"inLanguage\":\"et\",\"@id\":\"https:\\\/\\\/haidak.eu\\\/et\\\/alarmiga-ketaspidurilukk\\\/#primaryimage\",\"url\":\"https:\\\/\\\/haidak.eu\\\/wp-content\\\/uploads\\\/2026\\\/03\\\/fin4ydgxr08kawjgq7akash9poiwlbtfxu0rmzswfbrd5mwmwhqvf9itdjswg9ib-1.png\",\"contentUrl\":\"https:\\\/\\\/haidak.eu\\\/wp-content\\\/uploads\\\/2026\\\/03\\\/fin4ydgxr08kawjgq7akash9poiwlbtfxu0rmzswfbrd5mwmwhqvf9itdjswg9ib-1.png\",\"width\":1200,\"height\":1200},{\"@type\":\"BreadcrumbList\",\"@id\":\"https:\\\/\\\/haidak.eu\\\/et\\\/alarmiga-ketaspidurilukk\\\/#breadcrumb\",\"itemListElement\":[{\"@type\":\"ListItem\",\"position\":1,\"name\":\"Kodu\",\"item\":\"https:\\\/\\\/haidak.eu\\\/et\\\/\"},{\"@type\":\"ListItem\",\"position\":2,\"name\":\"Pood\",\"item\":\"https:\\\/\\\/haidak.eu\\\/shop\\\/\"},{\"@type\":\"ListItem\",\"position\":3,\"name\":\"Lisavarustus\",\"item\":\"https:\\\/\\\/haidak.eu\\\/et\\\/lisavarustus\\\/\"},{\"@type\":\"ListItem\",\"position\":4,\"name\":\"Lukud\",\"item\":\"https:\\\/\\\/haidak.eu\\\/et\\\/lukud\\\/\"},{\"@type\":\"ListItem\",\"position\":5,\"name\":\"Alarmiga ketaspidurilukk\"}]},{\"@type\":\"WebSite\",\"@id\":\"https:\\\/\\\/haidak.eu\\\/et\\\/#website\",\"url\":\"https:\\\/\\\/haidak.eu\\\/et\\\/\",\"name\":\"Voltride\",\"description\":\"Parim elektrirataste elektrit\u00f5ukside ja \u00fcksrataste pood ja remont\",\"publisher\":{\"@id\":\"https:\\\/\\\/haidak.eu\\\/et\\\/#organization\"},\"alternateName\":\"Vr\",\"potentialAction\":[{\"@type\":\"SearchAction\",\"target\":{\"@type\":\"EntryPoint\",\"urlTemplate\":\"https:\\\/\\\/haidak.eu\\\/et\\\/?s={search_term_string}\"},\"query-input\":{\"@type\":\"PropertyValueSpecification\",\"valueRequired\":true,\"valueName\":\"search_term_string\"}}],\"inLanguage\":\"et\"},{\"@type\":[\"Organization\",\"Place\"],\"@id\":\"https:\\\/\\\/haidak.eu\\\/et\\\/#organization\",\"name\":\"Voltride\",\"alternateName\":\"VR\",\"url\":\"https:\\\/\\\/haidak.eu\\\/et\\\/\",\"logo\":{\"@id\":\"https:\\\/\\\/haidak.eu\\\/et\\\/alarmiga-ketaspidurilukk\\\/#local-main-organization-logo\"},\"image\":{\"@id\":\"https:\\\/\\\/haidak.eu\\\/et\\\/alarmiga-ketaspidurilukk\\\/#local-main-organization-logo\"},\"sameAs\":[\"https:\\\/\\\/www.facebook.com\\\/voltridecom\\\/\"],\"legalName\":\"Voltride O\u00dc\",\"numberOfEmployees\":{\"@type\":\"QuantitativeValue\",\"minValue\":\"1\",\"maxValue\":\"10\"},\"ownershipFundingInfo\":\"https:\\\/\\\/haidak.eu\\\/about-us\\\/\",\"hasMerchantReturnPolicy\":{\"@type\":\"MerchantReturnPolicy\",\"merchantReturnLink\":\"https:\\\/\\\/haidak.eu\\\/shipping-and-returns\\\/\"},\"address\":{\"@id\":\"https:\\\/\\\/haidak.eu\\\/et\\\/alarmiga-ketaspidurilukk\\\/#local-main-place-address\"},\"geo\":{\"@type\":\"GeoCoordinates\",\"latitude\":\"59.439554\",\"longitude\":\"24.726644\"},\"telephone\":[\"+372 600 40 99\"],\"contactPoint\":{\"@type\":\"ContactPoint\",\"telephone\":\"+372 600 40 99\",\"email\":\"info@voltride.com\"},\"openingHoursSpecification\":[{\"@type\":\"OpeningHoursSpecification\",\"dayOfWeek\":[\"Monday\",\"Tuesday\",\"Wednesday\",\"Thursday\",\"Friday\"],\"opens\":\"10:00\",\"closes\":\"18:00\"},{\"@type\":\"OpeningHoursSpecification\",\"dayOfWeek\":[\"Saturday\",\"Sunday\"],\"opens\":\"00:00\",\"closes\":\"00:00\"}],\"email\":\"info@voltride.com\",\"taxID\":\"14871968\"},{\"@type\":\"PostalAddress\",\"@id\":\"https:\\\/\\\/haidak.eu\\\/et\\\/alarmiga-ketaspidurilukk\\\/#local-main-place-address\",\"streetAddress\":\"Voltride Telliskivi 57D\",\"addressLocality\":\"Tallinn\",\"postalCode\":\"10412\",\"addressRegion\":\"Tallinn\",\"addressCountry\":\"EE\"},{\"@type\":\"ImageObject\",\"inLanguage\":\"et\",\"@id\":\"https:\\\/\\\/haidak.eu\\\/et\\\/alarmiga-ketaspidurilukk\\\/#local-main-organization-logo\",\"url\":\"https:\\\/\\\/haidak.eu\\\/wp-content\\\/uploads\\\/voltride-logo.png\",\"contentUrl\":\"https:\\\/\\\/haidak.eu\\\/wp-content\\\/uploads\\\/voltride-logo.png\",\"width\":2481,\"height\":620,\"caption\":\"Voltride\"}]}<\/script>\n<meta property=\"product:price:amount\" content=\"40.00\" \/>\n<meta property=\"product:price:currency\" content=\"EUR\" \/>\n<meta property=\"og:availability\" content=\"instock\" \/>\n<meta property=\"product:availability\" content=\"instock\" \/>\n<meta property=\"product:retailer_item_id\" content=\"GELK001\" \/>\n<meta property=\"product:condition\" content=\"new\" \/>\n<meta name=\"geo.placename\" content=\"Tallinn\" \/>\n<meta name=\"geo.position\" content=\"59.439554;24.726644\" \/>\n<meta name=\"geo.region\" content=\"Estonia\" \/>\n<!-- \/ Yoast SEO Premium plugin. -->","yoast_head_json":{"title":"Alarmiga ketaspidurilukk | Voltride","robots":{"index":"noindex","follow":"follow","max-snippet":"max-snippet:-1","max-image-preview":"max-image-preview:large","max-video-preview":"max-video-preview:-1"},"og_locale":"et_EE","og_type":"article","og_title":"Alarmiga ketaspidurilukk | Voltride","og_description":"Varuosa: Alarmiga ketaspidurilukk See varuosa sobib j\u00e4rgmistele mudelitele: Xiaomi M365, Xiaomi S1, Xiaomi Scooter 3, Xiaomi Essential, Xiaomi Pro, Xiaomi","og_url":"https:\/\/haidak.eu\/et\/alarmiga-ketaspidurilukk\/","og_site_name":"Voltride","article_publisher":"https:\/\/www.facebook.com\/voltridecom\/","article_modified_time":"2026-03-29T19:34:52+00:00","og_image":[{"width":1200,"height":1200,"url":"https:\/\/haidak.eu\/wp-content\/uploads\/2026\/03\/fin4ydgxr08kawjgq7akash9poiwlbtfxu0rmzswfbrd5mwmwhqvf9itdjswg9ib-1.png","type":"image\/png"}],"twitter_card":"summary_large_image","schema":{"@context":"https:\/\/schema.org","@graph":[{"@type":"WebPage","@id":"https:\/\/haidak.eu\/et\/alarmiga-ketaspidurilukk\/","url":"https:\/\/haidak.eu\/et\/alarmiga-ketaspidurilukk\/","name":"Alarmiga ketaspidurilukk | Voltride","isPartOf":{"@id":"https:\/\/haidak.eu\/et\/#website"},"primaryImageOfPage":{"@id":"https:\/\/haidak.eu\/et\/alarmiga-ketaspidurilukk\/#primaryimage"},"image":{"@id":"https:\/\/haidak.eu\/et\/alarmiga-ketaspidurilukk\/#primaryimage"},"thumbnailUrl":"https:\/\/haidak.eu\/wp-content\/uploads\/2026\/03\/fin4ydgxr08kawjgq7akash9poiwlbtfxu0rmzswfbrd5mwmwhqvf9itdjswg9ib-1.png","datePublished":"2026-03-26T00:03:02+00:00","dateModified":"2026-03-29T19:34:52+00:00","breadcrumb":{"@id":"https:\/\/haidak.eu\/et\/alarmiga-ketaspidurilukk\/#breadcrumb"},"inLanguage":"et","potentialAction":[{"@type":"ReadAction","target":["https:\/\/haidak.eu\/et\/alarmiga-ketaspidurilukk\/"]}]},{"@type":"ImageObject","inLanguage":"et","@id":"https:\/\/haidak.eu\/et\/alarmiga-ketaspidurilukk\/#primaryimage","url":"https:\/\/haidak.eu\/wp-content\/uploads\/2026\/03\/fin4ydgxr08kawjgq7akash9poiwlbtfxu0rmzswfbrd5mwmwhqvf9itdjswg9ib-1.png","contentUrl":"https:\/\/haidak.eu\/wp-content\/uploads\/2026\/03\/fin4ydgxr08kawjgq7akash9poiwlbtfxu0rmzswfbrd5mwmwhqvf9itdjswg9ib-1.png","width":1200,"height":1200},{"@type":"BreadcrumbList","@id":"https:\/\/haidak.eu\/et\/alarmiga-ketaspidurilukk\/#breadcrumb","itemListElement":[{"@type":"ListItem","position":1,"name":"Kodu","item":"https:\/\/haidak.eu\/et\/"},{"@type":"ListItem","position":2,"name":"Pood","item":"https:\/\/haidak.eu\/shop\/"},{"@type":"ListItem","position":3,"name":"Lisavarustus","item":"https:\/\/haidak.eu\/et\/lisavarustus\/"},{"@type":"ListItem","position":4,"name":"Lukud","item":"https:\/\/haidak.eu\/et\/lukud\/"},{"@type":"ListItem","position":5,"name":"Alarmiga ketaspidurilukk"}]},{"@type":"WebSite","@id":"https:\/\/haidak.eu\/et\/#website","url":"https:\/\/haidak.eu\/et\/","name":"Voltride","description":"Parim elektrirataste elektrit\u00f5ukside ja \u00fcksrataste pood ja remont","publisher":{"@id":"https:\/\/haidak.eu\/et\/#organization"},"alternateName":"Vr","potentialAction":[{"@type":"SearchAction","target":{"@type":"EntryPoint","urlTemplate":"https:\/\/haidak.eu\/et\/?s={search_term_string}"},"query-input":{"@type":"PropertyValueSpecification","valueRequired":true,"valueName":"search_term_string"}}],"inLanguage":"et"},{"@type":["Organization","Place"],"@id":"https:\/\/haidak.eu\/et\/#organization","name":"Voltride","alternateName":"VR","url":"https:\/\/haidak.eu\/et\/","logo":{"@id":"https:\/\/haidak.eu\/et\/alarmiga-ketaspidurilukk\/#local-main-organization-logo"},"image":{"@id":"https:\/\/haidak.eu\/et\/alarmiga-ketaspidurilukk\/#local-main-organization-logo"},"sameAs":["https:\/\/www.facebook.com\/voltridecom\/"],"legalName":"Voltride O\u00dc","numberOfEmployees":{"@type":"QuantitativeValue","minValue":"1","maxValue":"10"},"ownershipFundingInfo":"https:\/\/haidak.eu\/about-us\/","hasMerchantReturnPolicy":{"@type":"MerchantReturnPolicy","merchantReturnLink":"https:\/\/haidak.eu\/shipping-and-returns\/"},"address":{"@id":"https:\/\/haidak.eu\/et\/alarmiga-ketaspidurilukk\/#local-main-place-address"},"geo":{"@type":"GeoCoordinates","latitude":"59.439554","longitude":"24.726644"},"telephone":["+372 600 40 99"],"contactPoint":{"@type":"ContactPoint","telephone":"+372 600 40 99","email":"info@voltride.com"},"openingHoursSpecification":[{"@type":"OpeningHoursSpecification","dayOfWeek":["Monday","Tuesday","Wednesday","Thursday","Friday"],"opens":"10:00","closes":"18:00"},{"@type":"OpeningHoursSpecification","dayOfWeek":["Saturday","Sunday"],"opens":"00:00","closes":"00:00"}],"email":"info@voltride.com","taxID":"14871968"},{"@type":"PostalAddress","@id":"https:\/\/haidak.eu\/et\/alarmiga-ketaspidurilukk\/#local-main-place-address","streetAddress":"Voltride Telliskivi 57D","addressLocality":"Tallinn","postalCode":"10412","addressRegion":"Tallinn","addressCountry":"EE"},{"@type":"ImageObject","inLanguage":"et","@id":"https:\/\/haidak.eu\/et\/alarmiga-ketaspidurilukk\/#local-main-organization-logo","url":"https:\/\/haidak.eu\/wp-content\/uploads\/voltride-logo.png","contentUrl":"https:\/\/haidak.eu\/wp-content\/uploads\/voltride-logo.png","width":2481,"height":620,"caption":"Voltride"}]},"product_price_amount":"40.00","product_price_currency":"EUR","og_availability":"instock","product_availability":"instock","product_retailer_item_id":"GELK001","product_condition":"new","geo.placename":"Tallinn","geo.position":{"lat":"59.439554","long":"24.726644"},"geo.region":"Estonia"},"_links":{"self":[{"href":"https:\/\/haidak.eu\/et\/wp-json\/wp\/v2\/product\/19742","targetHints":{"allow":["GET"]}}],"collection":[{"href":"https:\/\/haidak.eu\/et\/wp-json\/wp\/v2\/product"}],"about":[{"href":"https:\/\/haidak.eu\/et\/wp-json\/wp\/v2\/types\/product"}],"replies":[{"embeddable":true,"href":"https:\/\/haidak.eu\/et\/wp-json\/wp\/v2\/comments?post=19742"}],"wp:featuredmedia":[{"embeddable":true,"href":"https:\/\/haidak.eu\/et\/wp-json\/wp\/v2\/media\/20640"}],"wp:attachment":[{"href":"https:\/\/haidak.eu\/et\/wp-json\/wp\/v2\/media?parent=19742"}],"wp:term":[{"taxonomy":"product_brand","embeddable":true,"href":"https:\/\/haidak.eu\/et\/wp-json\/wp\/v2\/product_brand?post=19742"},{"taxonomy":"product_cat","embeddable":true,"href":"https:\/\/haidak.eu\/et\/wp-json\/wp\/v2\/product_cat?post=19742"},{"taxonomy":"product_tag","embeddable":true,"href":"https:\/\/haidak.eu\/et\/wp-json\/wp\/v2\/product_tag?post=19742"}],"curies":[{"name":"wp","href":"https:\/\/api.w.org\/{rel}","templated":true}]}}