{"id":19743,"date":"2026-03-26T02:03:07","date_gmt":"2026-03-26T00:03:07","guid":{"rendered":"https:\/\/haidak.eu\/kali-strike-kuunarnuki-kaitse\/"},"modified":"2026-03-29T21:34:52","modified_gmt":"2026-03-29T19:34:52","slug":"kali-strike-kuunarnuki-kaitse","status":"publish","type":"product","link":"https:\/\/haidak.eu\/et\/kali-strike-kuunarnuki-kaitse\/","title":{"rendered":"Kali Strike K\u00fc\u00fcnarnuki Kaitse"},"content":{"rendered":"<p data-end=\"299\" data-start=\"0\" style=\"caret-color: rgb(0, 0, 0); color: rgb(0, 0, 0);\"><strong data-end=\"34\" data-start=\"0\">Kali Strike k\u00fc\u00fcnarnukikaitsmed<\/strong>&nbsp;on loodud ratturitele, kes s\u00f5idavad k\u00f5ige n\u00f5udlikumatel radadel, kus kaitse&nbsp;on oluline. Xelion-materjalist vormitud kaitse tagab suurep\u00e4rase l\u00f6\u00f6gikaitse k\u00fc\u00fcnarnuki&nbsp;piirkonnas \u2013 ideaalne valik tehnilisteks ja riskantseteks m\u00e4girataste s\u00f5itudeks.<\/p>\n<p data-end=\"585\" data-start=\"301\" style=\"caret-color: rgb(0, 0, 0); color: rgb(0, 0, 0);\">Lisakaitseks on EVA-polsterdus strateegiliselt paigutatud k\u00fc\u00fcnarnuki k\u00f5rvale, pakkudes pehmendust just seal, kus seda k\u00f5ige rohkem vaja on. Kaitse tagumine osa on valmistatud hingavast v\u00f5rkkangast, mis tagab hea \u00f5huvahetuse.<\/p>\n<p data-end=\"845\" data-start=\"587\" style=\"caret-color: rgb(0, 0, 0); color: rgb(0, 0, 0);\">Libisemisvastased silikoonribad nii \u00fcla- kui allservas hoiavad kaitsmeid kindlalt paigal ka j\u00e4rskudel ja tehnilistel l\u00f5ikudel. Lihtne t\u00f5mmatav disain tagab mugava ja ergonoomilise istuvuse. Kui s\u00f5it on tehtud, saab kaitsmed probleemideta masinas pesta.<\/p>\n<p data-end=\"871\" data-start=\"847\" style=\"caret-color: rgb(0, 0, 0); color: rgb(0, 0, 0);\"><strong data-end=\"871\" data-start=\"847\">Olulisemad omadused:<\/strong><\/p>\n<ul data-end=\"1134\" data-start=\"873\" style=\"caret-color: rgb(0, 0, 0); color: rgb(0, 0, 0);\">\n<li data-end=\"942\" data-start=\"873\">\n<p data-end=\"942\" data-start=\"875\">Vormitud Xelion-kaitse k\u00fc\u00fcnarnukile tugeva l\u00f6\u00f6gikaitse tagamiseks<\/p>\n<\/li>\n<li data-end=\"980\" data-start=\"943\">\n<p data-end=\"980\" data-start=\"945\">EVA-polster k\u00fclgedel lisakaitseks<\/p>\n<\/li>\n<li data-end=\"1013\" data-start=\"981\">\n<p data-end=\"1013\" data-start=\"983\">Hingav v\u00f5rkpaneel tagak\u00fcljel<\/p>\n<\/li>\n<li data-end=\"1060\" data-start=\"1014\">\n<p data-end=\"1060\" data-start=\"1016\">Mugav ergonoomiline sisselibistatav disain<\/p>\n<\/li>\n<li data-end=\"1100\" data-start=\"1061\">\n<p data-end=\"1100\" data-start=\"1063\">Libisemisvastased ribad \u00fclal ja all<\/p>\n<\/li>\n<li data-end=\"1134\" data-start=\"1101\">\n<p data-end=\"1134\" data-start=\"1103\">Masinpestav \u2013 lihtne hooldada<\/p>\n<\/li>\n<\/ul>\n<p data-end=\"1308\" data-is-last-node=\"\" data-is-only-node=\"\" data-start=\"1136\" style=\"caret-color: rgb(0, 0, 0); color: rgb(0, 0, 0);\">Need k\u00fc\u00fcnarnukikaitsmed on oluline varustus t\u00f5sistele maastikuratturitele, enduros\u00f5itjatele ja k\u00f5igile, kes vajavad kerget, kuid vastupidavat kaitset tehnilistel radadel.<\/p>\n","protected":false},"excerpt":{"rendered":"<p>Kali Strike k\u00fc\u00fcnarnukikaitsmed&nbsp;on loodud ratturitele, kes s\u00f5idavad k\u00f5ige n\u00f5udlikumatel radadel, kus kaitse&nbsp;on oluline. Xelion-materjalist vormitud kaitse tagab suurep\u00e4rase l\u00f6\u00f6gikaitse k\u00fc\u00fcnarnuki&nbsp;piirkonnas<\/p>\n","protected":false},"featured_media":23478,"comment_status":"open","ping_status":"closed","template":"","meta":[],"product_brand":[],"product_cat":[753],"product_tag":[],"class_list":{"0":"post-19743","1":"product","2":"type-product","3":"status-publish","4":"has-post-thumbnail","6":"product_cat-kaitsevarustus-inimesele","8":"first","9":"instock","10":"taxable","11":"shipping-taxable","12":"purchasable","13":"product-type-variable"},"yoast_head":"<!-- This site is optimized with the Yoast SEO Premium plugin v27.3 (Yoast SEO v27.3) - https:\/\/yoast.com\/product\/yoast-seo-premium-wordpress\/ -->\n<title>Kali Strike K\u00fc\u00fcnarnuki Kaitse | Voltride<\/title>\n<meta name=\"robots\" content=\"noindex, follow, max-snippet:-1, max-image-preview:large, max-video-preview:-1\" \/>\n<meta property=\"og:locale\" content=\"et_EE\" \/>\n<meta property=\"og:type\" content=\"article\" \/>\n<meta property=\"og:title\" content=\"Kali Strike K\u00fc\u00fcnarnuki Kaitse | Voltride\" \/>\n<meta property=\"og:description\" content=\"Kali Strike k\u00fc\u00fcnarnukikaitsmed&nbsp;on loodud ratturitele, kes s\u00f5idavad k\u00f5ige n\u00f5udlikumatel radadel, kus kaitse&nbsp;on oluline. Xelion-materjalist vormitud kaitse tagab suurep\u00e4rase l\u00f6\u00f6gikaitse k\u00fc\u00fcnarnuki&nbsp;piirkonnas\" \/>\n<meta property=\"og:url\" content=\"https:\/\/haidak.eu\/et\/kali-strike-kuunarnuki-kaitse\/\" \/>\n<meta property=\"og:site_name\" content=\"Voltride\" \/>\n<meta property=\"article:publisher\" content=\"https:\/\/www.facebook.com\/voltridecom\/\" \/>\n<meta property=\"article:modified_time\" content=\"2026-03-29T19:34:52+00:00\" \/>\n<meta property=\"og:image\" content=\"https:\/\/haidak.eu\/wp-content\/uploads\/2026\/03\/3435-688b1a0742db1566376916-strike-knee-shin-black-1.png\" \/>\n\t<meta property=\"og:image:width\" content=\"1024\" \/>\n\t<meta property=\"og:image:height\" content=\"922\" \/>\n\t<meta property=\"og:image:type\" content=\"image\/png\" \/>\n<meta name=\"twitter:card\" content=\"summary_large_image\" \/>\n<script type=\"application\/ld+json\" class=\"yoast-schema-graph\">{\"@context\":\"https:\\\/\\\/schema.org\",\"@graph\":[{\"@type\":\"WebPage\",\"@id\":\"https:\\\/\\\/haidak.eu\\\/et\\\/kali-strike-kuunarnuki-kaitse\\\/\",\"url\":\"https:\\\/\\\/haidak.eu\\\/et\\\/kali-strike-kuunarnuki-kaitse\\\/\",\"name\":\"Kali Strike K\u00fc\u00fcnarnuki Kaitse | Voltride\",\"isPartOf\":{\"@id\":\"https:\\\/\\\/haidak.eu\\\/et\\\/#website\"},\"primaryImageOfPage\":{\"@id\":\"https:\\\/\\\/haidak.eu\\\/et\\\/kali-strike-kuunarnuki-kaitse\\\/#primaryimage\"},\"image\":{\"@id\":\"https:\\\/\\\/haidak.eu\\\/et\\\/kali-strike-kuunarnuki-kaitse\\\/#primaryimage\"},\"thumbnailUrl\":\"https:\\\/\\\/haidak.eu\\\/wp-content\\\/uploads\\\/2026\\\/03\\\/3435-688b1a0742db1566376916-strike-knee-shin-black-1.png\",\"datePublished\":\"2026-03-26T00:03:07+00:00\",\"dateModified\":\"2026-03-29T19:34:52+00:00\",\"breadcrumb\":{\"@id\":\"https:\\\/\\\/haidak.eu\\\/et\\\/kali-strike-kuunarnuki-kaitse\\\/#breadcrumb\"},\"inLanguage\":\"et\",\"potentialAction\":[{\"@type\":\"ReadAction\",\"target\":[\"https:\\\/\\\/haidak.eu\\\/et\\\/kali-strike-kuunarnuki-kaitse\\\/\"]}]},{\"@type\":\"ImageObject\",\"inLanguage\":\"et\",\"@id\":\"https:\\\/\\\/haidak.eu\\\/et\\\/kali-strike-kuunarnuki-kaitse\\\/#primaryimage\",\"url\":\"https:\\\/\\\/haidak.eu\\\/wp-content\\\/uploads\\\/2026\\\/03\\\/3435-688b1a0742db1566376916-strike-knee-shin-black-1.png\",\"contentUrl\":\"https:\\\/\\\/haidak.eu\\\/wp-content\\\/uploads\\\/2026\\\/03\\\/3435-688b1a0742db1566376916-strike-knee-shin-black-1.png\",\"width\":1024,\"height\":922},{\"@type\":\"BreadcrumbList\",\"@id\":\"https:\\\/\\\/haidak.eu\\\/et\\\/kali-strike-kuunarnuki-kaitse\\\/#breadcrumb\",\"itemListElement\":[{\"@type\":\"ListItem\",\"position\":1,\"name\":\"Kodu\",\"item\":\"https:\\\/\\\/haidak.eu\\\/et\\\/\"},{\"@type\":\"ListItem\",\"position\":2,\"name\":\"Pood\",\"item\":\"https:\\\/\\\/haidak.eu\\\/shop\\\/\"},{\"@type\":\"ListItem\",\"position\":3,\"name\":\"Lisavarustus\",\"item\":\"https:\\\/\\\/haidak.eu\\\/et\\\/lisavarustus\\\/\"},{\"@type\":\"ListItem\",\"position\":4,\"name\":\"Kaitsevarustus inimesele\",\"item\":\"https:\\\/\\\/haidak.eu\\\/et\\\/kaitsevarustus-inimesele\\\/\"},{\"@type\":\"ListItem\",\"position\":5,\"name\":\"Kali Strike K\u00fc\u00fcnarnuki Kaitse\"}]},{\"@type\":\"WebSite\",\"@id\":\"https:\\\/\\\/haidak.eu\\\/et\\\/#website\",\"url\":\"https:\\\/\\\/haidak.eu\\\/et\\\/\",\"name\":\"Voltride\",\"description\":\"Parim elektrirataste elektrit\u00f5ukside ja \u00fcksrataste pood ja remont\",\"publisher\":{\"@id\":\"https:\\\/\\\/haidak.eu\\\/et\\\/#organization\"},\"alternateName\":\"Vr\",\"potentialAction\":[{\"@type\":\"SearchAction\",\"target\":{\"@type\":\"EntryPoint\",\"urlTemplate\":\"https:\\\/\\\/haidak.eu\\\/et\\\/?s={search_term_string}\"},\"query-input\":{\"@type\":\"PropertyValueSpecification\",\"valueRequired\":true,\"valueName\":\"search_term_string\"}}],\"inLanguage\":\"et\"},{\"@type\":[\"Organization\",\"Place\"],\"@id\":\"https:\\\/\\\/haidak.eu\\\/et\\\/#organization\",\"name\":\"Voltride\",\"alternateName\":\"VR\",\"url\":\"https:\\\/\\\/haidak.eu\\\/et\\\/\",\"logo\":{\"@id\":\"https:\\\/\\\/haidak.eu\\\/et\\\/kali-strike-kuunarnuki-kaitse\\\/#local-main-organization-logo\"},\"image\":{\"@id\":\"https:\\\/\\\/haidak.eu\\\/et\\\/kali-strike-kuunarnuki-kaitse\\\/#local-main-organization-logo\"},\"sameAs\":[\"https:\\\/\\\/www.facebook.com\\\/voltridecom\\\/\"],\"legalName\":\"Voltride O\u00dc\",\"numberOfEmployees\":{\"@type\":\"QuantitativeValue\",\"minValue\":\"1\",\"maxValue\":\"10\"},\"ownershipFundingInfo\":\"https:\\\/\\\/haidak.eu\\\/about-us\\\/\",\"hasMerchantReturnPolicy\":{\"@type\":\"MerchantReturnPolicy\",\"merchantReturnLink\":\"https:\\\/\\\/haidak.eu\\\/shipping-and-returns\\\/\"},\"address\":{\"@id\":\"https:\\\/\\\/haidak.eu\\\/et\\\/kali-strike-kuunarnuki-kaitse\\\/#local-main-place-address\"},\"geo\":{\"@type\":\"GeoCoordinates\",\"latitude\":\"59.439554\",\"longitude\":\"24.726644\"},\"telephone\":[\"+372 600 40 99\"],\"contactPoint\":{\"@type\":\"ContactPoint\",\"telephone\":\"+372 600 40 99\",\"email\":\"info@voltride.com\"},\"openingHoursSpecification\":[{\"@type\":\"OpeningHoursSpecification\",\"dayOfWeek\":[\"Monday\",\"Tuesday\",\"Wednesday\",\"Thursday\",\"Friday\"],\"opens\":\"10:00\",\"closes\":\"18:00\"},{\"@type\":\"OpeningHoursSpecification\",\"dayOfWeek\":[\"Saturday\",\"Sunday\"],\"opens\":\"00:00\",\"closes\":\"00:00\"}],\"email\":\"info@voltride.com\",\"taxID\":\"14871968\"},{\"@type\":\"PostalAddress\",\"@id\":\"https:\\\/\\\/haidak.eu\\\/et\\\/kali-strike-kuunarnuki-kaitse\\\/#local-main-place-address\",\"streetAddress\":\"Voltride Telliskivi 57D\",\"addressLocality\":\"Tallinn\",\"postalCode\":\"10412\",\"addressRegion\":\"Tallinn\",\"addressCountry\":\"EE\"},{\"@type\":\"ImageObject\",\"inLanguage\":\"et\",\"@id\":\"https:\\\/\\\/haidak.eu\\\/et\\\/kali-strike-kuunarnuki-kaitse\\\/#local-main-organization-logo\",\"url\":\"https:\\\/\\\/haidak.eu\\\/wp-content\\\/uploads\\\/voltride-logo.png\",\"contentUrl\":\"https:\\\/\\\/haidak.eu\\\/wp-content\\\/uploads\\\/voltride-logo.png\",\"width\":2481,\"height\":620,\"caption\":\"Voltride\"}]}<\/script>\n<meta property=\"og:availability\" content=\"instock\" \/>\n<meta property=\"product:availability\" content=\"instock\" \/>\n<meta property=\"product:retailer_item_id\" content=\"KLSG007\" \/>\n<meta property=\"product:condition\" content=\"new\" \/>\n<meta name=\"geo.placename\" content=\"Tallinn\" \/>\n<meta name=\"geo.position\" content=\"59.439554;24.726644\" \/>\n<meta name=\"geo.region\" content=\"Estonia\" \/>\n<!-- \/ Yoast SEO Premium plugin. -->","yoast_head_json":{"title":"Kali Strike K\u00fc\u00fcnarnuki Kaitse | Voltride","robots":{"index":"noindex","follow":"follow","max-snippet":"max-snippet:-1","max-image-preview":"max-image-preview:large","max-video-preview":"max-video-preview:-1"},"og_locale":"et_EE","og_type":"article","og_title":"Kali Strike K\u00fc\u00fcnarnuki Kaitse | Voltride","og_description":"Kali Strike k\u00fc\u00fcnarnukikaitsmed&nbsp;on loodud ratturitele, kes s\u00f5idavad k\u00f5ige n\u00f5udlikumatel radadel, kus kaitse&nbsp;on oluline. Xelion-materjalist vormitud kaitse tagab suurep\u00e4rase l\u00f6\u00f6gikaitse k\u00fc\u00fcnarnuki&nbsp;piirkonnas","og_url":"https:\/\/haidak.eu\/et\/kali-strike-kuunarnuki-kaitse\/","og_site_name":"Voltride","article_publisher":"https:\/\/www.facebook.com\/voltridecom\/","article_modified_time":"2026-03-29T19:34:52+00:00","og_image":[{"width":1024,"height":922,"url":"https:\/\/haidak.eu\/wp-content\/uploads\/2026\/03\/3435-688b1a0742db1566376916-strike-knee-shin-black-1.png","type":"image\/png"}],"twitter_card":"summary_large_image","schema":{"@context":"https:\/\/schema.org","@graph":[{"@type":"WebPage","@id":"https:\/\/haidak.eu\/et\/kali-strike-kuunarnuki-kaitse\/","url":"https:\/\/haidak.eu\/et\/kali-strike-kuunarnuki-kaitse\/","name":"Kali Strike K\u00fc\u00fcnarnuki Kaitse | Voltride","isPartOf":{"@id":"https:\/\/haidak.eu\/et\/#website"},"primaryImageOfPage":{"@id":"https:\/\/haidak.eu\/et\/kali-strike-kuunarnuki-kaitse\/#primaryimage"},"image":{"@id":"https:\/\/haidak.eu\/et\/kali-strike-kuunarnuki-kaitse\/#primaryimage"},"thumbnailUrl":"https:\/\/haidak.eu\/wp-content\/uploads\/2026\/03\/3435-688b1a0742db1566376916-strike-knee-shin-black-1.png","datePublished":"2026-03-26T00:03:07+00:00","dateModified":"2026-03-29T19:34:52+00:00","breadcrumb":{"@id":"https:\/\/haidak.eu\/et\/kali-strike-kuunarnuki-kaitse\/#breadcrumb"},"inLanguage":"et","potentialAction":[{"@type":"ReadAction","target":["https:\/\/haidak.eu\/et\/kali-strike-kuunarnuki-kaitse\/"]}]},{"@type":"ImageObject","inLanguage":"et","@id":"https:\/\/haidak.eu\/et\/kali-strike-kuunarnuki-kaitse\/#primaryimage","url":"https:\/\/haidak.eu\/wp-content\/uploads\/2026\/03\/3435-688b1a0742db1566376916-strike-knee-shin-black-1.png","contentUrl":"https:\/\/haidak.eu\/wp-content\/uploads\/2026\/03\/3435-688b1a0742db1566376916-strike-knee-shin-black-1.png","width":1024,"height":922},{"@type":"BreadcrumbList","@id":"https:\/\/haidak.eu\/et\/kali-strike-kuunarnuki-kaitse\/#breadcrumb","itemListElement":[{"@type":"ListItem","position":1,"name":"Kodu","item":"https:\/\/haidak.eu\/et\/"},{"@type":"ListItem","position":2,"name":"Pood","item":"https:\/\/haidak.eu\/shop\/"},{"@type":"ListItem","position":3,"name":"Lisavarustus","item":"https:\/\/haidak.eu\/et\/lisavarustus\/"},{"@type":"ListItem","position":4,"name":"Kaitsevarustus inimesele","item":"https:\/\/haidak.eu\/et\/kaitsevarustus-inimesele\/"},{"@type":"ListItem","position":5,"name":"Kali Strike K\u00fc\u00fcnarnuki Kaitse"}]},{"@type":"WebSite","@id":"https:\/\/haidak.eu\/et\/#website","url":"https:\/\/haidak.eu\/et\/","name":"Voltride","description":"Parim elektrirataste elektrit\u00f5ukside ja \u00fcksrataste pood ja remont","publisher":{"@id":"https:\/\/haidak.eu\/et\/#organization"},"alternateName":"Vr","potentialAction":[{"@type":"SearchAction","target":{"@type":"EntryPoint","urlTemplate":"https:\/\/haidak.eu\/et\/?s={search_term_string}"},"query-input":{"@type":"PropertyValueSpecification","valueRequired":true,"valueName":"search_term_string"}}],"inLanguage":"et"},{"@type":["Organization","Place"],"@id":"https:\/\/haidak.eu\/et\/#organization","name":"Voltride","alternateName":"VR","url":"https:\/\/haidak.eu\/et\/","logo":{"@id":"https:\/\/haidak.eu\/et\/kali-strike-kuunarnuki-kaitse\/#local-main-organization-logo"},"image":{"@id":"https:\/\/haidak.eu\/et\/kali-strike-kuunarnuki-kaitse\/#local-main-organization-logo"},"sameAs":["https:\/\/www.facebook.com\/voltridecom\/"],"legalName":"Voltride O\u00dc","numberOfEmployees":{"@type":"QuantitativeValue","minValue":"1","maxValue":"10"},"ownershipFundingInfo":"https:\/\/haidak.eu\/about-us\/","hasMerchantReturnPolicy":{"@type":"MerchantReturnPolicy","merchantReturnLink":"https:\/\/haidak.eu\/shipping-and-returns\/"},"address":{"@id":"https:\/\/haidak.eu\/et\/kali-strike-kuunarnuki-kaitse\/#local-main-place-address"},"geo":{"@type":"GeoCoordinates","latitude":"59.439554","longitude":"24.726644"},"telephone":["+372 600 40 99"],"contactPoint":{"@type":"ContactPoint","telephone":"+372 600 40 99","email":"info@voltride.com"},"openingHoursSpecification":[{"@type":"OpeningHoursSpecification","dayOfWeek":["Monday","Tuesday","Wednesday","Thursday","Friday"],"opens":"10:00","closes":"18:00"},{"@type":"OpeningHoursSpecification","dayOfWeek":["Saturday","Sunday"],"opens":"00:00","closes":"00:00"}],"email":"info@voltride.com","taxID":"14871968"},{"@type":"PostalAddress","@id":"https:\/\/haidak.eu\/et\/kali-strike-kuunarnuki-kaitse\/#local-main-place-address","streetAddress":"Voltride Telliskivi 57D","addressLocality":"Tallinn","postalCode":"10412","addressRegion":"Tallinn","addressCountry":"EE"},{"@type":"ImageObject","inLanguage":"et","@id":"https:\/\/haidak.eu\/et\/kali-strike-kuunarnuki-kaitse\/#local-main-organization-logo","url":"https:\/\/haidak.eu\/wp-content\/uploads\/voltride-logo.png","contentUrl":"https:\/\/haidak.eu\/wp-content\/uploads\/voltride-logo.png","width":2481,"height":620,"caption":"Voltride"}]},"og_availability":"instock","product_availability":"instock","product_retailer_item_id":"KLSG007","product_condition":"new","geo.placename":"Tallinn","geo.position":{"lat":"59.439554","long":"24.726644"},"geo.region":"Estonia"},"_links":{"self":[{"href":"https:\/\/haidak.eu\/et\/wp-json\/wp\/v2\/product\/19743","targetHints":{"allow":["GET"]}}],"collection":[{"href":"https:\/\/haidak.eu\/et\/wp-json\/wp\/v2\/product"}],"about":[{"href":"https:\/\/haidak.eu\/et\/wp-json\/wp\/v2\/types\/product"}],"replies":[{"embeddable":true,"href":"https:\/\/haidak.eu\/et\/wp-json\/wp\/v2\/comments?post=19743"}],"wp:featuredmedia":[{"embeddable":true,"href":"https:\/\/haidak.eu\/et\/wp-json\/wp\/v2\/media\/23478"}],"wp:attachment":[{"href":"https:\/\/haidak.eu\/et\/wp-json\/wp\/v2\/media?parent=19743"}],"wp:term":[{"taxonomy":"product_brand","embeddable":true,"href":"https:\/\/haidak.eu\/et\/wp-json\/wp\/v2\/product_brand?post=19743"},{"taxonomy":"product_cat","embeddable":true,"href":"https:\/\/haidak.eu\/et\/wp-json\/wp\/v2\/product_cat?post=19743"},{"taxonomy":"product_tag","embeddable":true,"href":"https:\/\/haidak.eu\/et\/wp-json\/wp\/v2\/product_tag?post=19743"}],"curies":[{"name":"wp","href":"https:\/\/api.w.org\/{rel}","templated":true}]}}