{"id":19755,"date":"2026-03-26T02:04:12","date_gmt":"2026-03-26T00:04:12","guid":{"rendered":"https:\/\/haidak.eu\/kiiver-abus-smiley-3-0\/"},"modified":"2026-03-29T21:34:55","modified_gmt":"2026-03-29T19:34:55","slug":"kiiver-abus-smiley-3-0","status":"publish","type":"product","link":"https:\/\/haidak.eu\/et\/kiiver-abus-smiley-3-0\/","title":{"rendered":"Kiiver Abus Smiley 3.0"},"content":{"rendered":"<p data-end=\"422\" data-start=\"0\" style=\"caret-color: rgb(0, 0, 0); color: rgb(0, 0, 0);\"><strong data-end=\"14\" data-start=\"0\">Smiley 3.0<\/strong>&nbsp;on uuendatud versioon&nbsp;lastekiivrist, mis on&nbsp;disainitud, et pakkuda veelgi paremat turvalisust, mugavust ja sobivust. See kiiver sobib ideaalselt v\u00e4ikelastele ja noorematele lastele, kes alles \u00f5pivad s\u00f5itma kolmerattalise, tasakaaluratta v\u00f5i oma esimese pedaalratta seljas. Kiiver katab laiemalt oimupiirkonda ja kukalt ning selle nokalaadne esiosa pakub lisakaitset n\u00e4ole.<\/p>\n<p data-end=\"902\" data-start=\"424\" style=\"caret-color: rgb(0, 0, 0); color: rgb(0, 0, 0);\"><strong data-end=\"450\" data-start=\"424\">In-Mold konstruktsioon<\/strong>&nbsp;tagab tugeva ja p\u00fcsiva \u00fchenduse v\u00e4liskesta ja p\u00f5rutusi neelava EPS-materjali vahel. Kiivril on&nbsp;<strong data-end=\"593\" data-start=\"546\">Zoom Ace Kids k\u00f5rguse reguleerimise s\u00fcsteem<\/strong>, mis v\u00f5imaldab kiivrit seadistada nii vertikaalselt kui horisontaalselt, tagades kindla ja mugava sobivuse. Nutikas disain arvestab ka hobusesabaga soengut, muutes selle kandmise mugavaks ka pikkade juustega lastele. Pehmendatud l\u00f5uarihm v\u00e4hendab survet ja suurendab kandmismugavust eriti pikematel s\u00f5itudel.<\/p>\n<p data-end=\"965\" data-start=\"904\" style=\"caret-color: rgb(0, 0, 0); color: rgb(0, 0, 0);\">Lisaks pakub Smiley 3.0 mitmeid turva- ja mugavusfunktsioone:<\/p>\n<ul data-end=\"1168\" data-start=\"967\" style=\"caret-color: rgb(0, 0, 0); color: rgb(0, 0, 0);\">\n<li data-end=\"1033\" data-start=\"967\">\n<p data-end=\"1033\" data-start=\"969\">4 \u00f5hu sisse- ja 4 v\u00e4ljalaset tagavad optimaalse ventilatsiooni<\/p>\n<\/li>\n<li data-end=\"1070\" data-start=\"1034\">\n<p data-end=\"1070\" data-start=\"1036\">Eemaldatav ja pestav sisepolster<\/p>\n<\/li>\n<li data-end=\"1120\" data-start=\"1071\">\n<p data-end=\"1120\" data-start=\"1073\">Integreeritud s\u00e4\u00e4sev\u00f5rk kaitseb putukate eest<\/p>\n<\/li>\n<li data-end=\"1168\" data-start=\"1121\">\n<p data-end=\"1168\" data-start=\"1123\">Helkurelemendid suurendavad n\u00e4htavust h\u00e4maras<\/p>\n<\/li>\n<\/ul>\n<p data-end=\"1250\" data-is-last-node=\"\" data-is-only-node=\"\" data-start=\"1170\" style=\"caret-color: rgb(0, 0, 0); color: rgb(0, 0, 0);\"><strong data-end=\"1184\" data-start=\"1170\">Smiley 3.0<\/strong>&nbsp;on saadaval kahes suuruses:&nbsp;<strong data-end=\"1229\" data-start=\"1213\">S (45\u201350 cm)<\/strong>&nbsp;ja&nbsp;<strong data-end=\"1249\" data-start=\"1233\">M (50\u201355 cm)<\/strong>.<\/p>\n","protected":false},"excerpt":{"rendered":"<p>Smiley 3.0&nbsp;on uuendatud versioon&nbsp;lastekiivrist, mis on&nbsp;disainitud, et pakkuda veelgi paremat turvalisust, mugavust ja sobivust. See kiiver sobib ideaalselt v\u00e4ikelastele ja<\/p>\n","protected":false},"featured_media":23517,"comment_status":"open","ping_status":"closed","template":"","meta":[],"product_brand":[],"product_cat":[714],"product_tag":[],"class_list":{"0":"post-19755","1":"product","2":"type-product","3":"status-publish","4":"has-post-thumbnail","6":"product_cat-kiivrid","8":"first","9":"instock","10":"taxable","11":"shipping-taxable","12":"purchasable","13":"product-type-variable"},"yoast_head":"<!-- This site is optimized with the Yoast SEO Premium plugin v27.3 (Yoast SEO v27.3) - https:\/\/yoast.com\/product\/yoast-seo-premium-wordpress\/ -->\n<title>Kiiver Abus Smiley 3.0 | Voltride<\/title>\n<meta name=\"robots\" content=\"noindex, follow, max-snippet:-1, max-image-preview:large, max-video-preview:-1\" \/>\n<meta property=\"og:locale\" content=\"et_EE\" \/>\n<meta property=\"og:type\" content=\"article\" \/>\n<meta property=\"og:title\" content=\"Kiiver Abus Smiley 3.0 | Voltride\" \/>\n<meta property=\"og:description\" content=\"Smiley 3.0&nbsp;on uuendatud versioon&nbsp;lastekiivrist, mis on&nbsp;disainitud, et pakkuda veelgi paremat turvalisust, mugavust ja sobivust. See kiiver sobib ideaalselt v\u00e4ikelastele ja\" \/>\n<meta property=\"og:url\" content=\"https:\/\/haidak.eu\/et\/kiiver-abus-smiley-3-0\/\" \/>\n<meta property=\"og:site_name\" content=\"Voltride\" \/>\n<meta property=\"article:publisher\" content=\"https:\/\/www.facebook.com\/voltridecom\/\" \/>\n<meta property=\"article:modified_time\" content=\"2026-03-29T19:34:55+00:00\" \/>\n<meta property=\"og:image\" content=\"https:\/\/haidak.eu\/wp-content\/uploads\/2026\/03\/7498-689dda393fb82159431483-helmet-abus-smiley-30-bright-yellow-1.png\" \/>\n\t<meta property=\"og:image:width\" content=\"640\" \/>\n\t<meta property=\"og:image:height\" content=\"667\" \/>\n\t<meta property=\"og:image:type\" content=\"image\/png\" \/>\n<meta name=\"twitter:card\" content=\"summary_large_image\" \/>\n<script type=\"application\/ld+json\" class=\"yoast-schema-graph\">{\"@context\":\"https:\\\/\\\/schema.org\",\"@graph\":[{\"@type\":\"WebPage\",\"@id\":\"https:\\\/\\\/haidak.eu\\\/et\\\/kiiver-abus-smiley-3-0\\\/\",\"url\":\"https:\\\/\\\/haidak.eu\\\/et\\\/kiiver-abus-smiley-3-0\\\/\",\"name\":\"Kiiver Abus Smiley 3.0 | Voltride\",\"isPartOf\":{\"@id\":\"https:\\\/\\\/haidak.eu\\\/et\\\/#website\"},\"primaryImageOfPage\":{\"@id\":\"https:\\\/\\\/haidak.eu\\\/et\\\/kiiver-abus-smiley-3-0\\\/#primaryimage\"},\"image\":{\"@id\":\"https:\\\/\\\/haidak.eu\\\/et\\\/kiiver-abus-smiley-3-0\\\/#primaryimage\"},\"thumbnailUrl\":\"https:\\\/\\\/haidak.eu\\\/wp-content\\\/uploads\\\/2026\\\/03\\\/7498-689dda393fb82159431483-helmet-abus-smiley-30-bright-yellow-1.png\",\"datePublished\":\"2026-03-26T00:04:12+00:00\",\"dateModified\":\"2026-03-29T19:34:55+00:00\",\"breadcrumb\":{\"@id\":\"https:\\\/\\\/haidak.eu\\\/et\\\/kiiver-abus-smiley-3-0\\\/#breadcrumb\"},\"inLanguage\":\"et\",\"potentialAction\":[{\"@type\":\"ReadAction\",\"target\":[\"https:\\\/\\\/haidak.eu\\\/et\\\/kiiver-abus-smiley-3-0\\\/\"]}]},{\"@type\":\"ImageObject\",\"inLanguage\":\"et\",\"@id\":\"https:\\\/\\\/haidak.eu\\\/et\\\/kiiver-abus-smiley-3-0\\\/#primaryimage\",\"url\":\"https:\\\/\\\/haidak.eu\\\/wp-content\\\/uploads\\\/2026\\\/03\\\/7498-689dda393fb82159431483-helmet-abus-smiley-30-bright-yellow-1.png\",\"contentUrl\":\"https:\\\/\\\/haidak.eu\\\/wp-content\\\/uploads\\\/2026\\\/03\\\/7498-689dda393fb82159431483-helmet-abus-smiley-30-bright-yellow-1.png\",\"width\":640,\"height\":667},{\"@type\":\"BreadcrumbList\",\"@id\":\"https:\\\/\\\/haidak.eu\\\/et\\\/kiiver-abus-smiley-3-0\\\/#breadcrumb\",\"itemListElement\":[{\"@type\":\"ListItem\",\"position\":1,\"name\":\"Kodu\",\"item\":\"https:\\\/\\\/haidak.eu\\\/et\\\/\"},{\"@type\":\"ListItem\",\"position\":2,\"name\":\"Pood\",\"item\":\"https:\\\/\\\/haidak.eu\\\/shop\\\/\"},{\"@type\":\"ListItem\",\"position\":3,\"name\":\"Lisavarustus\",\"item\":\"https:\\\/\\\/haidak.eu\\\/et\\\/lisavarustus\\\/\"},{\"@type\":\"ListItem\",\"position\":4,\"name\":\"Kiivrid\",\"item\":\"https:\\\/\\\/haidak.eu\\\/et\\\/kiivrid\\\/\"},{\"@type\":\"ListItem\",\"position\":5,\"name\":\"Kiiver Abus Smiley 3.0\"}]},{\"@type\":\"WebSite\",\"@id\":\"https:\\\/\\\/haidak.eu\\\/et\\\/#website\",\"url\":\"https:\\\/\\\/haidak.eu\\\/et\\\/\",\"name\":\"Voltride\",\"description\":\"Parim elektrirataste elektrit\u00f5ukside ja \u00fcksrataste pood ja remont\",\"publisher\":{\"@id\":\"https:\\\/\\\/haidak.eu\\\/et\\\/#organization\"},\"alternateName\":\"Vr\",\"potentialAction\":[{\"@type\":\"SearchAction\",\"target\":{\"@type\":\"EntryPoint\",\"urlTemplate\":\"https:\\\/\\\/haidak.eu\\\/et\\\/?s={search_term_string}\"},\"query-input\":{\"@type\":\"PropertyValueSpecification\",\"valueRequired\":true,\"valueName\":\"search_term_string\"}}],\"inLanguage\":\"et\"},{\"@type\":[\"Organization\",\"Place\"],\"@id\":\"https:\\\/\\\/haidak.eu\\\/et\\\/#organization\",\"name\":\"Voltride\",\"alternateName\":\"VR\",\"url\":\"https:\\\/\\\/haidak.eu\\\/et\\\/\",\"logo\":{\"@id\":\"https:\\\/\\\/haidak.eu\\\/et\\\/kiiver-abus-smiley-3-0\\\/#local-main-organization-logo\"},\"image\":{\"@id\":\"https:\\\/\\\/haidak.eu\\\/et\\\/kiiver-abus-smiley-3-0\\\/#local-main-organization-logo\"},\"sameAs\":[\"https:\\\/\\\/www.facebook.com\\\/voltridecom\\\/\"],\"legalName\":\"Voltride O\u00dc\",\"numberOfEmployees\":{\"@type\":\"QuantitativeValue\",\"minValue\":\"1\",\"maxValue\":\"10\"},\"ownershipFundingInfo\":\"https:\\\/\\\/haidak.eu\\\/about-us\\\/\",\"hasMerchantReturnPolicy\":{\"@type\":\"MerchantReturnPolicy\",\"merchantReturnLink\":\"https:\\\/\\\/haidak.eu\\\/shipping-and-returns\\\/\"},\"address\":{\"@id\":\"https:\\\/\\\/haidak.eu\\\/et\\\/kiiver-abus-smiley-3-0\\\/#local-main-place-address\"},\"geo\":{\"@type\":\"GeoCoordinates\",\"latitude\":\"59.439554\",\"longitude\":\"24.726644\"},\"telephone\":[\"+372 600 40 99\"],\"contactPoint\":{\"@type\":\"ContactPoint\",\"telephone\":\"+372 600 40 99\",\"email\":\"info@voltride.com\"},\"openingHoursSpecification\":[{\"@type\":\"OpeningHoursSpecification\",\"dayOfWeek\":[\"Monday\",\"Tuesday\",\"Wednesday\",\"Thursday\",\"Friday\"],\"opens\":\"10:00\",\"closes\":\"18:00\"},{\"@type\":\"OpeningHoursSpecification\",\"dayOfWeek\":[\"Saturday\",\"Sunday\"],\"opens\":\"00:00\",\"closes\":\"00:00\"}],\"email\":\"info@voltride.com\",\"taxID\":\"14871968\"},{\"@type\":\"PostalAddress\",\"@id\":\"https:\\\/\\\/haidak.eu\\\/et\\\/kiiver-abus-smiley-3-0\\\/#local-main-place-address\",\"streetAddress\":\"Voltride Telliskivi 57D\",\"addressLocality\":\"Tallinn\",\"postalCode\":\"10412\",\"addressRegion\":\"Tallinn\",\"addressCountry\":\"EE\"},{\"@type\":\"ImageObject\",\"inLanguage\":\"et\",\"@id\":\"https:\\\/\\\/haidak.eu\\\/et\\\/kiiver-abus-smiley-3-0\\\/#local-main-organization-logo\",\"url\":\"https:\\\/\\\/haidak.eu\\\/wp-content\\\/uploads\\\/voltride-logo.png\",\"contentUrl\":\"https:\\\/\\\/haidak.eu\\\/wp-content\\\/uploads\\\/voltride-logo.png\",\"width\":2481,\"height\":620,\"caption\":\"Voltride\"}]}<\/script>\n<meta property=\"og:availability\" content=\"instock\" \/>\n<meta property=\"product:availability\" content=\"instock\" \/>\n<meta property=\"product:retailer_item_id\" content=\"ABHL001\" \/>\n<meta property=\"product:condition\" content=\"new\" \/>\n<meta name=\"geo.placename\" content=\"Tallinn\" \/>\n<meta name=\"geo.position\" content=\"59.439554;24.726644\" \/>\n<meta name=\"geo.region\" content=\"Estonia\" \/>\n<!-- \/ Yoast SEO Premium plugin. -->","yoast_head_json":{"title":"Kiiver Abus Smiley 3.0 | Voltride","robots":{"index":"noindex","follow":"follow","max-snippet":"max-snippet:-1","max-image-preview":"max-image-preview:large","max-video-preview":"max-video-preview:-1"},"og_locale":"et_EE","og_type":"article","og_title":"Kiiver Abus Smiley 3.0 | Voltride","og_description":"Smiley 3.0&nbsp;on uuendatud versioon&nbsp;lastekiivrist, mis on&nbsp;disainitud, et pakkuda veelgi paremat turvalisust, mugavust ja sobivust. See kiiver sobib ideaalselt v\u00e4ikelastele ja","og_url":"https:\/\/haidak.eu\/et\/kiiver-abus-smiley-3-0\/","og_site_name":"Voltride","article_publisher":"https:\/\/www.facebook.com\/voltridecom\/","article_modified_time":"2026-03-29T19:34:55+00:00","og_image":[{"width":640,"height":667,"url":"https:\/\/haidak.eu\/wp-content\/uploads\/2026\/03\/7498-689dda393fb82159431483-helmet-abus-smiley-30-bright-yellow-1.png","type":"image\/png"}],"twitter_card":"summary_large_image","schema":{"@context":"https:\/\/schema.org","@graph":[{"@type":"WebPage","@id":"https:\/\/haidak.eu\/et\/kiiver-abus-smiley-3-0\/","url":"https:\/\/haidak.eu\/et\/kiiver-abus-smiley-3-0\/","name":"Kiiver Abus Smiley 3.0 | Voltride","isPartOf":{"@id":"https:\/\/haidak.eu\/et\/#website"},"primaryImageOfPage":{"@id":"https:\/\/haidak.eu\/et\/kiiver-abus-smiley-3-0\/#primaryimage"},"image":{"@id":"https:\/\/haidak.eu\/et\/kiiver-abus-smiley-3-0\/#primaryimage"},"thumbnailUrl":"https:\/\/haidak.eu\/wp-content\/uploads\/2026\/03\/7498-689dda393fb82159431483-helmet-abus-smiley-30-bright-yellow-1.png","datePublished":"2026-03-26T00:04:12+00:00","dateModified":"2026-03-29T19:34:55+00:00","breadcrumb":{"@id":"https:\/\/haidak.eu\/et\/kiiver-abus-smiley-3-0\/#breadcrumb"},"inLanguage":"et","potentialAction":[{"@type":"ReadAction","target":["https:\/\/haidak.eu\/et\/kiiver-abus-smiley-3-0\/"]}]},{"@type":"ImageObject","inLanguage":"et","@id":"https:\/\/haidak.eu\/et\/kiiver-abus-smiley-3-0\/#primaryimage","url":"https:\/\/haidak.eu\/wp-content\/uploads\/2026\/03\/7498-689dda393fb82159431483-helmet-abus-smiley-30-bright-yellow-1.png","contentUrl":"https:\/\/haidak.eu\/wp-content\/uploads\/2026\/03\/7498-689dda393fb82159431483-helmet-abus-smiley-30-bright-yellow-1.png","width":640,"height":667},{"@type":"BreadcrumbList","@id":"https:\/\/haidak.eu\/et\/kiiver-abus-smiley-3-0\/#breadcrumb","itemListElement":[{"@type":"ListItem","position":1,"name":"Kodu","item":"https:\/\/haidak.eu\/et\/"},{"@type":"ListItem","position":2,"name":"Pood","item":"https:\/\/haidak.eu\/shop\/"},{"@type":"ListItem","position":3,"name":"Lisavarustus","item":"https:\/\/haidak.eu\/et\/lisavarustus\/"},{"@type":"ListItem","position":4,"name":"Kiivrid","item":"https:\/\/haidak.eu\/et\/kiivrid\/"},{"@type":"ListItem","position":5,"name":"Kiiver Abus Smiley 3.0"}]},{"@type":"WebSite","@id":"https:\/\/haidak.eu\/et\/#website","url":"https:\/\/haidak.eu\/et\/","name":"Voltride","description":"Parim elektrirataste elektrit\u00f5ukside ja \u00fcksrataste pood ja remont","publisher":{"@id":"https:\/\/haidak.eu\/et\/#organization"},"alternateName":"Vr","potentialAction":[{"@type":"SearchAction","target":{"@type":"EntryPoint","urlTemplate":"https:\/\/haidak.eu\/et\/?s={search_term_string}"},"query-input":{"@type":"PropertyValueSpecification","valueRequired":true,"valueName":"search_term_string"}}],"inLanguage":"et"},{"@type":["Organization","Place"],"@id":"https:\/\/haidak.eu\/et\/#organization","name":"Voltride","alternateName":"VR","url":"https:\/\/haidak.eu\/et\/","logo":{"@id":"https:\/\/haidak.eu\/et\/kiiver-abus-smiley-3-0\/#local-main-organization-logo"},"image":{"@id":"https:\/\/haidak.eu\/et\/kiiver-abus-smiley-3-0\/#local-main-organization-logo"},"sameAs":["https:\/\/www.facebook.com\/voltridecom\/"],"legalName":"Voltride O\u00dc","numberOfEmployees":{"@type":"QuantitativeValue","minValue":"1","maxValue":"10"},"ownershipFundingInfo":"https:\/\/haidak.eu\/about-us\/","hasMerchantReturnPolicy":{"@type":"MerchantReturnPolicy","merchantReturnLink":"https:\/\/haidak.eu\/shipping-and-returns\/"},"address":{"@id":"https:\/\/haidak.eu\/et\/kiiver-abus-smiley-3-0\/#local-main-place-address"},"geo":{"@type":"GeoCoordinates","latitude":"59.439554","longitude":"24.726644"},"telephone":["+372 600 40 99"],"contactPoint":{"@type":"ContactPoint","telephone":"+372 600 40 99","email":"info@voltride.com"},"openingHoursSpecification":[{"@type":"OpeningHoursSpecification","dayOfWeek":["Monday","Tuesday","Wednesday","Thursday","Friday"],"opens":"10:00","closes":"18:00"},{"@type":"OpeningHoursSpecification","dayOfWeek":["Saturday","Sunday"],"opens":"00:00","closes":"00:00"}],"email":"info@voltride.com","taxID":"14871968"},{"@type":"PostalAddress","@id":"https:\/\/haidak.eu\/et\/kiiver-abus-smiley-3-0\/#local-main-place-address","streetAddress":"Voltride Telliskivi 57D","addressLocality":"Tallinn","postalCode":"10412","addressRegion":"Tallinn","addressCountry":"EE"},{"@type":"ImageObject","inLanguage":"et","@id":"https:\/\/haidak.eu\/et\/kiiver-abus-smiley-3-0\/#local-main-organization-logo","url":"https:\/\/haidak.eu\/wp-content\/uploads\/voltride-logo.png","contentUrl":"https:\/\/haidak.eu\/wp-content\/uploads\/voltride-logo.png","width":2481,"height":620,"caption":"Voltride"}]},"og_availability":"instock","product_availability":"instock","product_retailer_item_id":"ABHL001","product_condition":"new","geo.placename":"Tallinn","geo.position":{"lat":"59.439554","long":"24.726644"},"geo.region":"Estonia"},"_links":{"self":[{"href":"https:\/\/haidak.eu\/et\/wp-json\/wp\/v2\/product\/19755","targetHints":{"allow":["GET"]}}],"collection":[{"href":"https:\/\/haidak.eu\/et\/wp-json\/wp\/v2\/product"}],"about":[{"href":"https:\/\/haidak.eu\/et\/wp-json\/wp\/v2\/types\/product"}],"replies":[{"embeddable":true,"href":"https:\/\/haidak.eu\/et\/wp-json\/wp\/v2\/comments?post=19755"}],"wp:featuredmedia":[{"embeddable":true,"href":"https:\/\/haidak.eu\/et\/wp-json\/wp\/v2\/media\/23517"}],"wp:attachment":[{"href":"https:\/\/haidak.eu\/et\/wp-json\/wp\/v2\/media?parent=19755"}],"wp:term":[{"taxonomy":"product_brand","embeddable":true,"href":"https:\/\/haidak.eu\/et\/wp-json\/wp\/v2\/product_brand?post=19755"},{"taxonomy":"product_cat","embeddable":true,"href":"https:\/\/haidak.eu\/et\/wp-json\/wp\/v2\/product_cat?post=19755"},{"taxonomy":"product_tag","embeddable":true,"href":"https:\/\/haidak.eu\/et\/wp-json\/wp\/v2\/product_tag?post=19755"}],"curies":[{"name":"wp","href":"https:\/\/api.w.org\/{rel}","templated":true}]}}