{"id":19774,"date":"2026-03-26T02:07:33","date_gmt":"2026-03-26T00:07:33","guid":{"rendered":"https:\/\/haidak.eu\/kiiver-kali-cruz\/"},"modified":"2026-03-29T21:34:58","modified_gmt":"2026-03-29T19:34:58","slug":"kiiver-kali-cruz","status":"publish","type":"product","link":"https:\/\/haidak.eu\/et\/kiiver-kali-cruz\/","title":{"rendered":"Kiiver Kali Cruz"},"content":{"rendered":"<p data-end=\"353\" data-start=\"0\" style=\"caret-color: rgb(0, 0, 0); color: rgb(0, 0, 0);\"><strong data-end=\"20\" data-start=\"0\">Kali Cruz kiiver<\/strong>&nbsp;on sinu usaldusv\u00e4\u00e4rne ja mitmek\u00fclgne kaaslane igal kaherattalisel seiklusel \u2013 olgu selleks t\u00f6\u00f6les\u00f5it linnas v\u00f5i rahulik n\u00e4dalavahetuse kruiis. See on loodud mugavust, n\u00e4htavust ja keskkonnas\u00f5bralikku ohutust silmas pidades, \u00fchendades vajalikud omadused puhta ja stiilse disainiga, et toetada sinu igap\u00e4evast jalgrattas\u00f5idu eluviisi.<\/p>\n<p data-end=\"603\" data-start=\"355\" style=\"caret-color: rgb(0, 0, 0); color: rgb(0, 0, 0);\">Kiivri keskmes on sisseehitatud patareitoitel tagumine LED-tuli, mis suurendab n\u00e4htavust h\u00e4maras, ilma et oleks vaja lisatarvikuid. Ehitisse integreeritud nokk pakub kaitset p\u00e4ikese ja prahi eest, muutes selle praktiliseks valikuks igas ilmastikus.<\/p>\n<p data-end=\"1053\" data-start=\"605\" style=\"caret-color: rgb(0, 0, 0); color: rgb(0, 0, 0);\">Reguleeritav kinnituss\u00fcsteem v\u00f5imaldab kiivri mugavat ja turvalist istuvust, samas kui 16 suurt ventilatsiooniava tagavad pideva \u00f5hu liikumise, hoides pea jahedana. Kiivripolster on valmistatud orgaanilistest materjalidest ja on antibakteriaalne \u2013 see aitab s\u00e4ilitada v\u00e4rskuse ka pikema aja jooksul. V\u00e4liskest on v\u00e4rvimata, v\u00e4hendades keskkonnam\u00f5ju, ning rihmad on valmistatud taaskasutatud plastpudelitest \u2013 ideaalne keskkonnateadlikule ratturile.<\/p>\n<p data-end=\"1115\" data-start=\"1055\" style=\"caret-color: rgb(0, 0, 0); color: rgb(0, 0, 0);\">Kiiver kaalub vaid 358 grammi ja on saadaval kahes suuruses:<\/p>\n<ul data-end=\"1159\" data-start=\"1117\" style=\"caret-color: rgb(0, 0, 0); color: rgb(0, 0, 0);\">\n<li data-end=\"1138\" data-start=\"1117\">\n<p data-end=\"1138\" data-start=\"1119\"><strong data-end=\"1126\" data-start=\"1119\">S\/M<\/strong>: 55\u201358 cm<\/p>\n<\/li>\n<li data-end=\"1159\" data-start=\"1139\">\n<p data-end=\"1159\" data-start=\"1141\"><strong data-end=\"1149\" data-start=\"1141\">L\/XL<\/strong>: 59\u201361 cm<\/p>\n<\/li>\n<\/ul>\n<p data-end=\"1318\" data-start=\"1161\" style=\"caret-color: rgb(0, 0, 0); color: rgb(0, 0, 0);\">Kali Cruz vastab nii&nbsp;<strong data-end=\"1190\" data-start=\"1182\">CPSC<\/strong>&nbsp;kui ka&nbsp;<strong data-end=\"1209\" data-start=\"1198\">EN 1078<\/strong>&nbsp;turvastandarditele, pakkudes usaldusv\u00e4\u00e4rset kaitset, mugavust ja funktsionaalsust igap\u00e4evaseks linnas\u00f5iduks.<\/p>\n<p data-end=\"1344\" data-start=\"1320\" style=\"caret-color: rgb(0, 0, 0); color: rgb(0, 0, 0);\"><strong data-end=\"1344\" data-start=\"1320\">Olulisemad omadused:<\/strong><\/p>\n<ul data-end=\"1626\" data-is-last-node=\"\" data-is-only-node=\"\" data-start=\"1345\" style=\"caret-color: rgb(0, 0, 0); color: rgb(0, 0, 0);\">\n<li data-end=\"1380\" data-start=\"1345\">\n<p data-end=\"1380\" data-start=\"1347\">Sisseehitatud tagumine LED-tuli<\/p>\n<\/li>\n<li data-end=\"1403\" data-start=\"1381\">\n<p data-end=\"1403\" data-start=\"1383\">Integreeritud nokk<\/p>\n<\/li>\n<li data-end=\"1436\" data-start=\"1404\">\n<p data-end=\"1436\" data-start=\"1406\">Reguleeritav kinnituss\u00fcsteem<\/p>\n<\/li>\n<li data-end=\"1461\" data-start=\"1437\">\n<p data-end=\"1461\" data-start=\"1439\">16 ventilatsiooniava<\/p>\n<\/li>\n<li data-end=\"1508\" data-start=\"1462\">\n<p data-end=\"1508\" data-start=\"1464\">Antibakteriaalne ja looduss\u00f5bralik polster<\/p>\n<\/li>\n<li data-end=\"1573\" data-start=\"1509\">\n<p data-end=\"1573\" data-start=\"1511\">Lockport-funktsioon \u2013 v\u00f5imalus kiiver lukustada koos rattaga<\/p>\n<\/li>\n<li data-end=\"1595\" data-start=\"1574\">\n<p data-end=\"1595\" data-start=\"1576\">Kerge kaal: 358 g<\/p>\n<\/li>\n<li data-end=\"1626\" data-is-last-node=\"\" data-start=\"1596\">\n<p data-end=\"1626\" data-is-last-node=\"\" data-start=\"1598\">Sertifikaadid: CPSC, EN 1078<\/p>\n<\/li>\n<\/ul>\n","protected":false},"excerpt":{"rendered":"<p>Kali Cruz kiiver&nbsp;on sinu usaldusv\u00e4\u00e4rne ja mitmek\u00fclgne kaaslane igal kaherattalisel seiklusel \u2013 olgu selleks t\u00f6\u00f6les\u00f5it linnas v\u00f5i rahulik n\u00e4dalavahetuse kruiis.<\/p>\n","protected":false},"featured_media":23512,"comment_status":"open","ping_status":"closed","template":"","meta":[],"product_brand":[],"product_cat":[714],"product_tag":[],"class_list":{"0":"post-19774","1":"product","2":"type-product","3":"status-publish","4":"has-post-thumbnail","6":"product_cat-kiivrid","8":"first","9":"instock","10":"sale","11":"taxable","12":"shipping-taxable","13":"purchasable","14":"product-type-variable"},"yoast_head":"<!-- This site is optimized with the Yoast SEO Premium plugin v27.3 (Yoast SEO v27.3) - https:\/\/yoast.com\/product\/yoast-seo-premium-wordpress\/ -->\n<title>Kiiver Kali Cruz | Voltride<\/title>\n<meta name=\"robots\" content=\"noindex, follow, max-snippet:-1, max-image-preview:large, max-video-preview:-1\" \/>\n<meta property=\"og:locale\" content=\"et_EE\" \/>\n<meta property=\"og:type\" content=\"article\" \/>\n<meta property=\"og:title\" content=\"Kiiver Kali Cruz | Voltride\" \/>\n<meta property=\"og:description\" content=\"Kali Cruz kiiver&nbsp;on sinu usaldusv\u00e4\u00e4rne ja mitmek\u00fclgne kaaslane igal kaherattalisel seiklusel \u2013 olgu selleks t\u00f6\u00f6les\u00f5it linnas v\u00f5i rahulik n\u00e4dalavahetuse kruiis.\" \/>\n<meta property=\"og:url\" content=\"https:\/\/haidak.eu\/et\/kiiver-kali-cruz\/\" \/>\n<meta property=\"og:site_name\" content=\"Voltride\" \/>\n<meta property=\"article:publisher\" content=\"https:\/\/www.facebook.com\/voltridecom\/\" \/>\n<meta property=\"article:modified_time\" content=\"2026-03-29T19:34:58+00:00\" \/>\n<meta property=\"og:image\" content=\"https:\/\/haidak.eu\/wp-content\/uploads\/2026\/03\/6628-6889f553da763897902437-cruz-sld-blk-a1-1-1024x922.png\" \/>\n\t<meta property=\"og:image:width\" content=\"1024\" \/>\n\t<meta property=\"og:image:height\" content=\"922\" \/>\n\t<meta property=\"og:image:type\" content=\"image\/png\" \/>\n<meta name=\"twitter:card\" content=\"summary_large_image\" \/>\n<script type=\"application\/ld+json\" class=\"yoast-schema-graph\">{\"@context\":\"https:\\\/\\\/schema.org\",\"@graph\":[{\"@type\":\"WebPage\",\"@id\":\"https:\\\/\\\/haidak.eu\\\/et\\\/kiiver-kali-cruz\\\/\",\"url\":\"https:\\\/\\\/haidak.eu\\\/et\\\/kiiver-kali-cruz\\\/\",\"name\":\"Kiiver Kali Cruz | Voltride\",\"isPartOf\":{\"@id\":\"https:\\\/\\\/haidak.eu\\\/et\\\/#website\"},\"primaryImageOfPage\":{\"@id\":\"https:\\\/\\\/haidak.eu\\\/et\\\/kiiver-kali-cruz\\\/#primaryimage\"},\"image\":{\"@id\":\"https:\\\/\\\/haidak.eu\\\/et\\\/kiiver-kali-cruz\\\/#primaryimage\"},\"thumbnailUrl\":\"https:\\\/\\\/haidak.eu\\\/wp-content\\\/uploads\\\/2026\\\/03\\\/6628-6889f553da763897902437-cruz-sld-blk-a1-1.png\",\"datePublished\":\"2026-03-26T00:07:33+00:00\",\"dateModified\":\"2026-03-29T19:34:58+00:00\",\"breadcrumb\":{\"@id\":\"https:\\\/\\\/haidak.eu\\\/et\\\/kiiver-kali-cruz\\\/#breadcrumb\"},\"inLanguage\":\"et\",\"potentialAction\":[{\"@type\":\"ReadAction\",\"target\":[\"https:\\\/\\\/haidak.eu\\\/et\\\/kiiver-kali-cruz\\\/\"]}]},{\"@type\":\"ImageObject\",\"inLanguage\":\"et\",\"@id\":\"https:\\\/\\\/haidak.eu\\\/et\\\/kiiver-kali-cruz\\\/#primaryimage\",\"url\":\"https:\\\/\\\/haidak.eu\\\/wp-content\\\/uploads\\\/2026\\\/03\\\/6628-6889f553da763897902437-cruz-sld-blk-a1-1.png\",\"contentUrl\":\"https:\\\/\\\/haidak.eu\\\/wp-content\\\/uploads\\\/2026\\\/03\\\/6628-6889f553da763897902437-cruz-sld-blk-a1-1.png\",\"width\":2400,\"height\":2160},{\"@type\":\"BreadcrumbList\",\"@id\":\"https:\\\/\\\/haidak.eu\\\/et\\\/kiiver-kali-cruz\\\/#breadcrumb\",\"itemListElement\":[{\"@type\":\"ListItem\",\"position\":1,\"name\":\"Kodu\",\"item\":\"https:\\\/\\\/haidak.eu\\\/et\\\/\"},{\"@type\":\"ListItem\",\"position\":2,\"name\":\"Pood\",\"item\":\"https:\\\/\\\/haidak.eu\\\/shop\\\/\"},{\"@type\":\"ListItem\",\"position\":3,\"name\":\"Lisavarustus\",\"item\":\"https:\\\/\\\/haidak.eu\\\/et\\\/lisavarustus\\\/\"},{\"@type\":\"ListItem\",\"position\":4,\"name\":\"Kiivrid\",\"item\":\"https:\\\/\\\/haidak.eu\\\/et\\\/kiivrid\\\/\"},{\"@type\":\"ListItem\",\"position\":5,\"name\":\"Kiiver Kali Cruz\"}]},{\"@type\":\"WebSite\",\"@id\":\"https:\\\/\\\/haidak.eu\\\/et\\\/#website\",\"url\":\"https:\\\/\\\/haidak.eu\\\/et\\\/\",\"name\":\"Voltride\",\"description\":\"Parim elektrirataste elektrit\u00f5ukside ja \u00fcksrataste pood ja remont\",\"publisher\":{\"@id\":\"https:\\\/\\\/haidak.eu\\\/et\\\/#organization\"},\"alternateName\":\"Vr\",\"potentialAction\":[{\"@type\":\"SearchAction\",\"target\":{\"@type\":\"EntryPoint\",\"urlTemplate\":\"https:\\\/\\\/haidak.eu\\\/et\\\/?s={search_term_string}\"},\"query-input\":{\"@type\":\"PropertyValueSpecification\",\"valueRequired\":true,\"valueName\":\"search_term_string\"}}],\"inLanguage\":\"et\"},{\"@type\":[\"Organization\",\"Place\"],\"@id\":\"https:\\\/\\\/haidak.eu\\\/et\\\/#organization\",\"name\":\"Voltride\",\"alternateName\":\"VR\",\"url\":\"https:\\\/\\\/haidak.eu\\\/et\\\/\",\"logo\":{\"@id\":\"https:\\\/\\\/haidak.eu\\\/et\\\/kiiver-kali-cruz\\\/#local-main-organization-logo\"},\"image\":{\"@id\":\"https:\\\/\\\/haidak.eu\\\/et\\\/kiiver-kali-cruz\\\/#local-main-organization-logo\"},\"sameAs\":[\"https:\\\/\\\/www.facebook.com\\\/voltridecom\\\/\"],\"legalName\":\"Voltride O\u00dc\",\"numberOfEmployees\":{\"@type\":\"QuantitativeValue\",\"minValue\":\"1\",\"maxValue\":\"10\"},\"ownershipFundingInfo\":\"https:\\\/\\\/haidak.eu\\\/about-us\\\/\",\"hasMerchantReturnPolicy\":{\"@type\":\"MerchantReturnPolicy\",\"merchantReturnLink\":\"https:\\\/\\\/haidak.eu\\\/shipping-and-returns\\\/\"},\"address\":{\"@id\":\"https:\\\/\\\/haidak.eu\\\/et\\\/kiiver-kali-cruz\\\/#local-main-place-address\"},\"geo\":{\"@type\":\"GeoCoordinates\",\"latitude\":\"59.439554\",\"longitude\":\"24.726644\"},\"telephone\":[\"+372 600 40 99\"],\"contactPoint\":{\"@type\":\"ContactPoint\",\"telephone\":\"+372 600 40 99\",\"email\":\"info@voltride.com\"},\"openingHoursSpecification\":[{\"@type\":\"OpeningHoursSpecification\",\"dayOfWeek\":[\"Monday\",\"Tuesday\",\"Wednesday\",\"Thursday\",\"Friday\"],\"opens\":\"10:00\",\"closes\":\"18:00\"},{\"@type\":\"OpeningHoursSpecification\",\"dayOfWeek\":[\"Saturday\",\"Sunday\"],\"opens\":\"00:00\",\"closes\":\"00:00\"}],\"email\":\"info@voltride.com\",\"taxID\":\"14871968\"},{\"@type\":\"PostalAddress\",\"@id\":\"https:\\\/\\\/haidak.eu\\\/et\\\/kiiver-kali-cruz\\\/#local-main-place-address\",\"streetAddress\":\"Voltride Telliskivi 57D\",\"addressLocality\":\"Tallinn\",\"postalCode\":\"10412\",\"addressRegion\":\"Tallinn\",\"addressCountry\":\"EE\"},{\"@type\":\"ImageObject\",\"inLanguage\":\"et\",\"@id\":\"https:\\\/\\\/haidak.eu\\\/et\\\/kiiver-kali-cruz\\\/#local-main-organization-logo\",\"url\":\"https:\\\/\\\/haidak.eu\\\/wp-content\\\/uploads\\\/voltride-logo.png\",\"contentUrl\":\"https:\\\/\\\/haidak.eu\\\/wp-content\\\/uploads\\\/voltride-logo.png\",\"width\":2481,\"height\":620,\"caption\":\"Voltride\"}]}<\/script>\n<meta property=\"og:availability\" content=\"instock\" \/>\n<meta property=\"product:availability\" content=\"instock\" \/>\n<meta property=\"product:retailer_item_id\" content=\"KLHL004\" \/>\n<meta property=\"product:condition\" content=\"new\" \/>\n<meta name=\"geo.placename\" content=\"Tallinn\" \/>\n<meta name=\"geo.position\" content=\"59.439554;24.726644\" \/>\n<meta name=\"geo.region\" content=\"Estonia\" \/>\n<!-- \/ Yoast SEO Premium plugin. -->","yoast_head_json":{"title":"Kiiver Kali Cruz | Voltride","robots":{"index":"noindex","follow":"follow","max-snippet":"max-snippet:-1","max-image-preview":"max-image-preview:large","max-video-preview":"max-video-preview:-1"},"og_locale":"et_EE","og_type":"article","og_title":"Kiiver Kali Cruz | Voltride","og_description":"Kali Cruz kiiver&nbsp;on sinu usaldusv\u00e4\u00e4rne ja mitmek\u00fclgne kaaslane igal kaherattalisel seiklusel \u2013 olgu selleks t\u00f6\u00f6les\u00f5it linnas v\u00f5i rahulik n\u00e4dalavahetuse kruiis.","og_url":"https:\/\/haidak.eu\/et\/kiiver-kali-cruz\/","og_site_name":"Voltride","article_publisher":"https:\/\/www.facebook.com\/voltridecom\/","article_modified_time":"2026-03-29T19:34:58+00:00","og_image":[{"width":1024,"height":922,"url":"https:\/\/haidak.eu\/wp-content\/uploads\/2026\/03\/6628-6889f553da763897902437-cruz-sld-blk-a1-1-1024x922.png","type":"image\/png"}],"twitter_card":"summary_large_image","schema":{"@context":"https:\/\/schema.org","@graph":[{"@type":"WebPage","@id":"https:\/\/haidak.eu\/et\/kiiver-kali-cruz\/","url":"https:\/\/haidak.eu\/et\/kiiver-kali-cruz\/","name":"Kiiver Kali Cruz | Voltride","isPartOf":{"@id":"https:\/\/haidak.eu\/et\/#website"},"primaryImageOfPage":{"@id":"https:\/\/haidak.eu\/et\/kiiver-kali-cruz\/#primaryimage"},"image":{"@id":"https:\/\/haidak.eu\/et\/kiiver-kali-cruz\/#primaryimage"},"thumbnailUrl":"https:\/\/haidak.eu\/wp-content\/uploads\/2026\/03\/6628-6889f553da763897902437-cruz-sld-blk-a1-1.png","datePublished":"2026-03-26T00:07:33+00:00","dateModified":"2026-03-29T19:34:58+00:00","breadcrumb":{"@id":"https:\/\/haidak.eu\/et\/kiiver-kali-cruz\/#breadcrumb"},"inLanguage":"et","potentialAction":[{"@type":"ReadAction","target":["https:\/\/haidak.eu\/et\/kiiver-kali-cruz\/"]}]},{"@type":"ImageObject","inLanguage":"et","@id":"https:\/\/haidak.eu\/et\/kiiver-kali-cruz\/#primaryimage","url":"https:\/\/haidak.eu\/wp-content\/uploads\/2026\/03\/6628-6889f553da763897902437-cruz-sld-blk-a1-1.png","contentUrl":"https:\/\/haidak.eu\/wp-content\/uploads\/2026\/03\/6628-6889f553da763897902437-cruz-sld-blk-a1-1.png","width":2400,"height":2160},{"@type":"BreadcrumbList","@id":"https:\/\/haidak.eu\/et\/kiiver-kali-cruz\/#breadcrumb","itemListElement":[{"@type":"ListItem","position":1,"name":"Kodu","item":"https:\/\/haidak.eu\/et\/"},{"@type":"ListItem","position":2,"name":"Pood","item":"https:\/\/haidak.eu\/shop\/"},{"@type":"ListItem","position":3,"name":"Lisavarustus","item":"https:\/\/haidak.eu\/et\/lisavarustus\/"},{"@type":"ListItem","position":4,"name":"Kiivrid","item":"https:\/\/haidak.eu\/et\/kiivrid\/"},{"@type":"ListItem","position":5,"name":"Kiiver Kali Cruz"}]},{"@type":"WebSite","@id":"https:\/\/haidak.eu\/et\/#website","url":"https:\/\/haidak.eu\/et\/","name":"Voltride","description":"Parim elektrirataste elektrit\u00f5ukside ja \u00fcksrataste pood ja remont","publisher":{"@id":"https:\/\/haidak.eu\/et\/#organization"},"alternateName":"Vr","potentialAction":[{"@type":"SearchAction","target":{"@type":"EntryPoint","urlTemplate":"https:\/\/haidak.eu\/et\/?s={search_term_string}"},"query-input":{"@type":"PropertyValueSpecification","valueRequired":true,"valueName":"search_term_string"}}],"inLanguage":"et"},{"@type":["Organization","Place"],"@id":"https:\/\/haidak.eu\/et\/#organization","name":"Voltride","alternateName":"VR","url":"https:\/\/haidak.eu\/et\/","logo":{"@id":"https:\/\/haidak.eu\/et\/kiiver-kali-cruz\/#local-main-organization-logo"},"image":{"@id":"https:\/\/haidak.eu\/et\/kiiver-kali-cruz\/#local-main-organization-logo"},"sameAs":["https:\/\/www.facebook.com\/voltridecom\/"],"legalName":"Voltride O\u00dc","numberOfEmployees":{"@type":"QuantitativeValue","minValue":"1","maxValue":"10"},"ownershipFundingInfo":"https:\/\/haidak.eu\/about-us\/","hasMerchantReturnPolicy":{"@type":"MerchantReturnPolicy","merchantReturnLink":"https:\/\/haidak.eu\/shipping-and-returns\/"},"address":{"@id":"https:\/\/haidak.eu\/et\/kiiver-kali-cruz\/#local-main-place-address"},"geo":{"@type":"GeoCoordinates","latitude":"59.439554","longitude":"24.726644"},"telephone":["+372 600 40 99"],"contactPoint":{"@type":"ContactPoint","telephone":"+372 600 40 99","email":"info@voltride.com"},"openingHoursSpecification":[{"@type":"OpeningHoursSpecification","dayOfWeek":["Monday","Tuesday","Wednesday","Thursday","Friday"],"opens":"10:00","closes":"18:00"},{"@type":"OpeningHoursSpecification","dayOfWeek":["Saturday","Sunday"],"opens":"00:00","closes":"00:00"}],"email":"info@voltride.com","taxID":"14871968"},{"@type":"PostalAddress","@id":"https:\/\/haidak.eu\/et\/kiiver-kali-cruz\/#local-main-place-address","streetAddress":"Voltride Telliskivi 57D","addressLocality":"Tallinn","postalCode":"10412","addressRegion":"Tallinn","addressCountry":"EE"},{"@type":"ImageObject","inLanguage":"et","@id":"https:\/\/haidak.eu\/et\/kiiver-kali-cruz\/#local-main-organization-logo","url":"https:\/\/haidak.eu\/wp-content\/uploads\/voltride-logo.png","contentUrl":"https:\/\/haidak.eu\/wp-content\/uploads\/voltride-logo.png","width":2481,"height":620,"caption":"Voltride"}]},"og_availability":"instock","product_availability":"instock","product_retailer_item_id":"KLHL004","product_condition":"new","geo.placename":"Tallinn","geo.position":{"lat":"59.439554","long":"24.726644"},"geo.region":"Estonia"},"_links":{"self":[{"href":"https:\/\/haidak.eu\/et\/wp-json\/wp\/v2\/product\/19774","targetHints":{"allow":["GET"]}}],"collection":[{"href":"https:\/\/haidak.eu\/et\/wp-json\/wp\/v2\/product"}],"about":[{"href":"https:\/\/haidak.eu\/et\/wp-json\/wp\/v2\/types\/product"}],"replies":[{"embeddable":true,"href":"https:\/\/haidak.eu\/et\/wp-json\/wp\/v2\/comments?post=19774"}],"wp:featuredmedia":[{"embeddable":true,"href":"https:\/\/haidak.eu\/et\/wp-json\/wp\/v2\/media\/23512"}],"wp:attachment":[{"href":"https:\/\/haidak.eu\/et\/wp-json\/wp\/v2\/media?parent=19774"}],"wp:term":[{"taxonomy":"product_brand","embeddable":true,"href":"https:\/\/haidak.eu\/et\/wp-json\/wp\/v2\/product_brand?post=19774"},{"taxonomy":"product_cat","embeddable":true,"href":"https:\/\/haidak.eu\/et\/wp-json\/wp\/v2\/product_cat?post=19774"},{"taxonomy":"product_tag","embeddable":true,"href":"https:\/\/haidak.eu\/et\/wp-json\/wp\/v2\/product_tag?post=19774"}],"curies":[{"name":"wp","href":"https:\/\/api.w.org\/{rel}","templated":true}]}}