{"id":19803,"date":"2026-03-26T02:09:39","date_gmt":"2026-03-26T00:09:39","guid":{"rendered":"https:\/\/haidak.eu\/kiiver-kali-cruz-plus\/"},"modified":"2026-03-29T21:35:02","modified_gmt":"2026-03-29T19:35:02","slug":"kiiver-kali-cruz-plus","status":"publish","type":"product","link":"https:\/\/haidak.eu\/et\/kiiver-kali-cruz-plus\/","title":{"rendered":"Kiiver Kali Cruz Plus"},"content":{"rendered":"<p data-end=\"293\" data-start=\"136\" style=\"caret-color: rgb(0, 0, 0); color: rgb(0, 0, 0);\"><strong data-end=\"154\" data-start=\"136\">Kali Cruz Plus<\/strong>&nbsp;on loodud s\u00f5itjatele, kes hindavad turvalisust, funktsionaalsust ja keskkonnas\u00f5bralikkust igap\u00e4evasel liiklemisel ja linnaseiklustel.<\/p>\n<p data-end=\"598\" data-start=\"295\" style=\"caret-color: rgb(0, 0, 0); color: rgb(0, 0, 0);\">See kiiver on varustatud sisseehitatud USB-laetava tagumise vilkuriga, mis muudab sind h\u00e4maras paremini n\u00e4htavaks nii autojuhtidele kui ka jalak\u00e4ijatele. Integreeritud alla langetatav visiir kaitseb silmi p\u00e4ikese, tolmu ja tuule eest \u2013 pole vaja eraldi prille, sobib ideaalselt igasuguse ilmaga s\u00f5iduks.<\/p>\n<p data-end=\"811\" data-start=\"600\" style=\"caret-color: rgb(0, 0, 0); color: rgb(0, 0, 0);\">Kiivril on reguleeritav sobivuss\u00fcsteem, mis tagab kindla ja mugava istuvuse&nbsp;ning antibakteriaalne vooder lisab kandmismugavust. 15 \u00f5huava tagavad hea jahutavuse soojade ilmade korral.<\/p>\n<p data-end=\"1146\" data-start=\"813\" style=\"caret-color: rgb(0, 0, 0); color: rgb(0, 0, 0);\">Cruz Plus kasutab Kali Composite Fusion tehnoloogiat, kus tugev pol\u00fckarbonaatkest on \u00fchendatud EPS-vahuga \u2013 see v\u00e4hendab kaalu ja suurendab l\u00f6\u00f6gienergia hajutamist. Koosk\u00f5las Kali j\u00e4tkusuutlikkuse strateegiaga on kiiver valmistatud taaskasutatud EPS-vahust, pleegitamata voodritest, veep\u00f5histest v\u00e4rvidest ja taaskasutatud rihmadest.<\/p>\n<p data-end=\"1253\" data-start=\"1148\" style=\"caret-color: rgb(0, 0, 0); color: rgb(0, 0, 0);\">Lisaturvalisust pakub Lockport \u2013 nutikas lahendus, mis v\u00f5imaldab kiivrit koos rattaga U-lukuga lukustada.<\/p>\n<p data-end=\"1279\" data-start=\"1255\" style=\"caret-color: rgb(0, 0, 0); color: rgb(0, 0, 0);\"><strong data-end=\"1279\" data-start=\"1255\">Olulisemad omadused:<\/strong><\/p>\n<ul data-end=\"1547\" data-start=\"1281\" style=\"caret-color: rgb(0, 0, 0); color: rgb(0, 0, 0);\">\n<li data-end=\"1326\" data-start=\"1281\">\n<p data-end=\"1326\" data-start=\"1283\">Integreeritud alla langetatav silmakaitse<\/p>\n<\/li>\n<li data-end=\"1368\" data-start=\"1327\">\n<p data-end=\"1368\" data-start=\"1329\">USB-laetav tagumine vilkur (l\u00fclitiga)<\/p>\n<\/li>\n<li data-end=\"1400\" data-start=\"1369\">\n<p data-end=\"1400\" data-start=\"1371\">Composite Fusion kest + EPS<\/p>\n<\/li>\n<li data-end=\"1443\" data-start=\"1401\">\n<p data-end=\"1443\" data-start=\"1403\">Antibakteriaalne, niiskust imav vooder<\/p>\n<\/li>\n<li data-end=\"1473\" data-start=\"1444\">\n<p data-end=\"1473\" data-start=\"1446\">Lockport lukustuslahendus<\/p>\n<\/li>\n<li data-end=\"1498\" data-start=\"1474\">\n<p data-end=\"1498\" data-start=\"1476\">15 ventilatsiooniava<\/p>\n<\/li>\n<li data-end=\"1514\" data-start=\"1499\">\n<p data-end=\"1514\" data-start=\"1501\">Kaal: 358 g<\/p>\n<\/li>\n<li data-end=\"1547\" data-start=\"1515\">\n<p data-end=\"1547\" data-start=\"1517\">Sertifikaadid: CPSC, EN 1078<\/p>\n<\/li>\n<\/ul>\n<p data-end=\"1562\" data-start=\"1549\" style=\"caret-color: rgb(0, 0, 0); color: rgb(0, 0, 0);\"><strong data-end=\"1562\" data-start=\"1549\">Suurused:<\/strong><\/p>\n<ul data-end=\"1600\" data-start=\"1564\" style=\"caret-color: rgb(0, 0, 0); color: rgb(0, 0, 0);\">\n<li data-end=\"1581\" data-start=\"1564\">\n<p data-end=\"1581\" data-start=\"1566\">S\/M: 55\u201358 cm<\/p>\n<\/li>\n<li data-end=\"1600\" data-start=\"1582\">\n<p data-end=\"1600\" data-start=\"1584\">L\/XL: 59\u201361 cm<\/p>\n<\/li>\n<\/ul>\n<p data-end=\"1697\" data-start=\"1602\" style=\"caret-color: rgb(0, 0, 0); color: rgb(0, 0, 0);\">Olgu teekond t\u00f6\u00f6le, kesklinna v\u00f5i poodi \u2013&nbsp;<strong data-end=\"1662\" data-start=\"1644\">Kali Cruz Plus<\/strong>&nbsp;hoiab sind n\u00e4htavana ja kaitstuna.<\/p>\n","protected":false},"excerpt":{"rendered":"<p>Kali Cruz Plus&nbsp;on loodud s\u00f5itjatele, kes hindavad turvalisust, funktsionaalsust ja keskkonnas\u00f5bralikkust igap\u00e4evasel liiklemisel ja linnaseiklustel. See kiiver on varustatud sisseehitatud<\/p>\n","protected":false},"featured_media":23510,"comment_status":"open","ping_status":"closed","template":"","meta":[],"product_brand":[],"product_cat":[714],"product_tag":[],"class_list":{"0":"post-19803","1":"product","2":"type-product","3":"status-publish","4":"has-post-thumbnail","6":"product_cat-kiivrid","8":"first","9":"instock","10":"taxable","11":"shipping-taxable","12":"purchasable","13":"product-type-variable"},"yoast_head":"<!-- This site is optimized with the Yoast SEO Premium plugin v27.3 (Yoast SEO v27.3) - https:\/\/yoast.com\/product\/yoast-seo-premium-wordpress\/ -->\n<title>Kiiver Kali Cruz Plus | Voltride<\/title>\n<meta name=\"robots\" content=\"noindex, follow, max-snippet:-1, max-image-preview:large, max-video-preview:-1\" \/>\n<meta property=\"og:locale\" content=\"et_EE\" \/>\n<meta property=\"og:type\" content=\"article\" \/>\n<meta property=\"og:title\" content=\"Kiiver Kali Cruz Plus | Voltride\" \/>\n<meta property=\"og:description\" content=\"Kali Cruz Plus&nbsp;on loodud s\u00f5itjatele, kes hindavad turvalisust, funktsionaalsust ja keskkonnas\u00f5bralikkust igap\u00e4evasel liiklemisel ja linnaseiklustel. See kiiver on varustatud sisseehitatud\" \/>\n<meta property=\"og:url\" content=\"https:\/\/haidak.eu\/et\/kiiver-kali-cruz-plus\/\" \/>\n<meta property=\"og:site_name\" content=\"Voltride\" \/>\n<meta property=\"article:publisher\" content=\"https:\/\/www.facebook.com\/voltridecom\/\" \/>\n<meta property=\"article:modified_time\" content=\"2026-03-29T19:35:02+00:00\" \/>\n<meta property=\"og:image\" content=\"https:\/\/haidak.eu\/wp-content\/uploads\/2026\/03\/6616-68ac0d8e91f3f351381885-5880465zzk02508211262-1.jpg\" \/>\n\t<meta property=\"og:image:width\" content=\"506\" \/>\n\t<meta property=\"og:image:height\" content=\"560\" \/>\n\t<meta property=\"og:image:type\" content=\"image\/jpeg\" \/>\n<meta name=\"twitter:card\" content=\"summary_large_image\" \/>\n<script type=\"application\/ld+json\" class=\"yoast-schema-graph\">{\"@context\":\"https:\\\/\\\/schema.org\",\"@graph\":[{\"@type\":\"WebPage\",\"@id\":\"https:\\\/\\\/haidak.eu\\\/et\\\/kiiver-kali-cruz-plus\\\/\",\"url\":\"https:\\\/\\\/haidak.eu\\\/et\\\/kiiver-kali-cruz-plus\\\/\",\"name\":\"Kiiver Kali Cruz Plus | Voltride\",\"isPartOf\":{\"@id\":\"https:\\\/\\\/haidak.eu\\\/et\\\/#website\"},\"primaryImageOfPage\":{\"@id\":\"https:\\\/\\\/haidak.eu\\\/et\\\/kiiver-kali-cruz-plus\\\/#primaryimage\"},\"image\":{\"@id\":\"https:\\\/\\\/haidak.eu\\\/et\\\/kiiver-kali-cruz-plus\\\/#primaryimage\"},\"thumbnailUrl\":\"https:\\\/\\\/haidak.eu\\\/wp-content\\\/uploads\\\/2026\\\/03\\\/6616-68ac0d8e91f3f351381885-5880465zzk02508211262-1.jpg\",\"datePublished\":\"2026-03-26T00:09:39+00:00\",\"dateModified\":\"2026-03-29T19:35:02+00:00\",\"breadcrumb\":{\"@id\":\"https:\\\/\\\/haidak.eu\\\/et\\\/kiiver-kali-cruz-plus\\\/#breadcrumb\"},\"inLanguage\":\"et\",\"potentialAction\":[{\"@type\":\"ReadAction\",\"target\":[\"https:\\\/\\\/haidak.eu\\\/et\\\/kiiver-kali-cruz-plus\\\/\"]}]},{\"@type\":\"ImageObject\",\"inLanguage\":\"et\",\"@id\":\"https:\\\/\\\/haidak.eu\\\/et\\\/kiiver-kali-cruz-plus\\\/#primaryimage\",\"url\":\"https:\\\/\\\/haidak.eu\\\/wp-content\\\/uploads\\\/2026\\\/03\\\/6616-68ac0d8e91f3f351381885-5880465zzk02508211262-1.jpg\",\"contentUrl\":\"https:\\\/\\\/haidak.eu\\\/wp-content\\\/uploads\\\/2026\\\/03\\\/6616-68ac0d8e91f3f351381885-5880465zzk02508211262-1.jpg\",\"width\":506,\"height\":560},{\"@type\":\"BreadcrumbList\",\"@id\":\"https:\\\/\\\/haidak.eu\\\/et\\\/kiiver-kali-cruz-plus\\\/#breadcrumb\",\"itemListElement\":[{\"@type\":\"ListItem\",\"position\":1,\"name\":\"Kodu\",\"item\":\"https:\\\/\\\/haidak.eu\\\/et\\\/\"},{\"@type\":\"ListItem\",\"position\":2,\"name\":\"Pood\",\"item\":\"https:\\\/\\\/haidak.eu\\\/shop\\\/\"},{\"@type\":\"ListItem\",\"position\":3,\"name\":\"Lisavarustus\",\"item\":\"https:\\\/\\\/haidak.eu\\\/et\\\/lisavarustus\\\/\"},{\"@type\":\"ListItem\",\"position\":4,\"name\":\"Kiivrid\",\"item\":\"https:\\\/\\\/haidak.eu\\\/et\\\/kiivrid\\\/\"},{\"@type\":\"ListItem\",\"position\":5,\"name\":\"Kiiver Kali Cruz Plus\"}]},{\"@type\":\"WebSite\",\"@id\":\"https:\\\/\\\/haidak.eu\\\/et\\\/#website\",\"url\":\"https:\\\/\\\/haidak.eu\\\/et\\\/\",\"name\":\"Voltride\",\"description\":\"Parim elektrirataste elektrit\u00f5ukside ja \u00fcksrataste pood ja remont\",\"publisher\":{\"@id\":\"https:\\\/\\\/haidak.eu\\\/et\\\/#organization\"},\"alternateName\":\"Vr\",\"potentialAction\":[{\"@type\":\"SearchAction\",\"target\":{\"@type\":\"EntryPoint\",\"urlTemplate\":\"https:\\\/\\\/haidak.eu\\\/et\\\/?s={search_term_string}\"},\"query-input\":{\"@type\":\"PropertyValueSpecification\",\"valueRequired\":true,\"valueName\":\"search_term_string\"}}],\"inLanguage\":\"et\"},{\"@type\":[\"Organization\",\"Place\"],\"@id\":\"https:\\\/\\\/haidak.eu\\\/et\\\/#organization\",\"name\":\"Voltride\",\"alternateName\":\"VR\",\"url\":\"https:\\\/\\\/haidak.eu\\\/et\\\/\",\"logo\":{\"@id\":\"https:\\\/\\\/haidak.eu\\\/et\\\/kiiver-kali-cruz-plus\\\/#local-main-organization-logo\"},\"image\":{\"@id\":\"https:\\\/\\\/haidak.eu\\\/et\\\/kiiver-kali-cruz-plus\\\/#local-main-organization-logo\"},\"sameAs\":[\"https:\\\/\\\/www.facebook.com\\\/voltridecom\\\/\"],\"legalName\":\"Voltride O\u00dc\",\"numberOfEmployees\":{\"@type\":\"QuantitativeValue\",\"minValue\":\"1\",\"maxValue\":\"10\"},\"ownershipFundingInfo\":\"https:\\\/\\\/haidak.eu\\\/about-us\\\/\",\"hasMerchantReturnPolicy\":{\"@type\":\"MerchantReturnPolicy\",\"merchantReturnLink\":\"https:\\\/\\\/haidak.eu\\\/shipping-and-returns\\\/\"},\"address\":{\"@id\":\"https:\\\/\\\/haidak.eu\\\/et\\\/kiiver-kali-cruz-plus\\\/#local-main-place-address\"},\"geo\":{\"@type\":\"GeoCoordinates\",\"latitude\":\"59.439554\",\"longitude\":\"24.726644\"},\"telephone\":[\"+372 600 40 99\"],\"contactPoint\":{\"@type\":\"ContactPoint\",\"telephone\":\"+372 600 40 99\",\"email\":\"info@voltride.com\"},\"openingHoursSpecification\":[{\"@type\":\"OpeningHoursSpecification\",\"dayOfWeek\":[\"Monday\",\"Tuesday\",\"Wednesday\",\"Thursday\",\"Friday\"],\"opens\":\"10:00\",\"closes\":\"18:00\"},{\"@type\":\"OpeningHoursSpecification\",\"dayOfWeek\":[\"Saturday\",\"Sunday\"],\"opens\":\"00:00\",\"closes\":\"00:00\"}],\"email\":\"info@voltride.com\",\"taxID\":\"14871968\"},{\"@type\":\"PostalAddress\",\"@id\":\"https:\\\/\\\/haidak.eu\\\/et\\\/kiiver-kali-cruz-plus\\\/#local-main-place-address\",\"streetAddress\":\"Voltride Telliskivi 57D\",\"addressLocality\":\"Tallinn\",\"postalCode\":\"10412\",\"addressRegion\":\"Tallinn\",\"addressCountry\":\"EE\"},{\"@type\":\"ImageObject\",\"inLanguage\":\"et\",\"@id\":\"https:\\\/\\\/haidak.eu\\\/et\\\/kiiver-kali-cruz-plus\\\/#local-main-organization-logo\",\"url\":\"https:\\\/\\\/haidak.eu\\\/wp-content\\\/uploads\\\/voltride-logo.png\",\"contentUrl\":\"https:\\\/\\\/haidak.eu\\\/wp-content\\\/uploads\\\/voltride-logo.png\",\"width\":2481,\"height\":620,\"caption\":\"Voltride\"}]}<\/script>\n<meta property=\"og:availability\" content=\"instock\" \/>\n<meta property=\"product:availability\" content=\"instock\" \/>\n<meta property=\"product:retailer_item_id\" content=\"KLHL003\" \/>\n<meta property=\"product:condition\" content=\"new\" \/>\n<meta name=\"geo.placename\" content=\"Tallinn\" \/>\n<meta name=\"geo.position\" content=\"59.439554;24.726644\" \/>\n<meta name=\"geo.region\" content=\"Estonia\" \/>\n<!-- \/ Yoast SEO Premium plugin. -->","yoast_head_json":{"title":"Kiiver Kali Cruz Plus | Voltride","robots":{"index":"noindex","follow":"follow","max-snippet":"max-snippet:-1","max-image-preview":"max-image-preview:large","max-video-preview":"max-video-preview:-1"},"og_locale":"et_EE","og_type":"article","og_title":"Kiiver Kali Cruz Plus | Voltride","og_description":"Kali Cruz Plus&nbsp;on loodud s\u00f5itjatele, kes hindavad turvalisust, funktsionaalsust ja keskkonnas\u00f5bralikkust igap\u00e4evasel liiklemisel ja linnaseiklustel. See kiiver on varustatud sisseehitatud","og_url":"https:\/\/haidak.eu\/et\/kiiver-kali-cruz-plus\/","og_site_name":"Voltride","article_publisher":"https:\/\/www.facebook.com\/voltridecom\/","article_modified_time":"2026-03-29T19:35:02+00:00","og_image":[{"width":506,"height":560,"url":"https:\/\/haidak.eu\/wp-content\/uploads\/2026\/03\/6616-68ac0d8e91f3f351381885-5880465zzk02508211262-1.jpg","type":"image\/jpeg"}],"twitter_card":"summary_large_image","schema":{"@context":"https:\/\/schema.org","@graph":[{"@type":"WebPage","@id":"https:\/\/haidak.eu\/et\/kiiver-kali-cruz-plus\/","url":"https:\/\/haidak.eu\/et\/kiiver-kali-cruz-plus\/","name":"Kiiver Kali Cruz Plus | Voltride","isPartOf":{"@id":"https:\/\/haidak.eu\/et\/#website"},"primaryImageOfPage":{"@id":"https:\/\/haidak.eu\/et\/kiiver-kali-cruz-plus\/#primaryimage"},"image":{"@id":"https:\/\/haidak.eu\/et\/kiiver-kali-cruz-plus\/#primaryimage"},"thumbnailUrl":"https:\/\/haidak.eu\/wp-content\/uploads\/2026\/03\/6616-68ac0d8e91f3f351381885-5880465zzk02508211262-1.jpg","datePublished":"2026-03-26T00:09:39+00:00","dateModified":"2026-03-29T19:35:02+00:00","breadcrumb":{"@id":"https:\/\/haidak.eu\/et\/kiiver-kali-cruz-plus\/#breadcrumb"},"inLanguage":"et","potentialAction":[{"@type":"ReadAction","target":["https:\/\/haidak.eu\/et\/kiiver-kali-cruz-plus\/"]}]},{"@type":"ImageObject","inLanguage":"et","@id":"https:\/\/haidak.eu\/et\/kiiver-kali-cruz-plus\/#primaryimage","url":"https:\/\/haidak.eu\/wp-content\/uploads\/2026\/03\/6616-68ac0d8e91f3f351381885-5880465zzk02508211262-1.jpg","contentUrl":"https:\/\/haidak.eu\/wp-content\/uploads\/2026\/03\/6616-68ac0d8e91f3f351381885-5880465zzk02508211262-1.jpg","width":506,"height":560},{"@type":"BreadcrumbList","@id":"https:\/\/haidak.eu\/et\/kiiver-kali-cruz-plus\/#breadcrumb","itemListElement":[{"@type":"ListItem","position":1,"name":"Kodu","item":"https:\/\/haidak.eu\/et\/"},{"@type":"ListItem","position":2,"name":"Pood","item":"https:\/\/haidak.eu\/shop\/"},{"@type":"ListItem","position":3,"name":"Lisavarustus","item":"https:\/\/haidak.eu\/et\/lisavarustus\/"},{"@type":"ListItem","position":4,"name":"Kiivrid","item":"https:\/\/haidak.eu\/et\/kiivrid\/"},{"@type":"ListItem","position":5,"name":"Kiiver Kali Cruz Plus"}]},{"@type":"WebSite","@id":"https:\/\/haidak.eu\/et\/#website","url":"https:\/\/haidak.eu\/et\/","name":"Voltride","description":"Parim elektrirataste elektrit\u00f5ukside ja \u00fcksrataste pood ja remont","publisher":{"@id":"https:\/\/haidak.eu\/et\/#organization"},"alternateName":"Vr","potentialAction":[{"@type":"SearchAction","target":{"@type":"EntryPoint","urlTemplate":"https:\/\/haidak.eu\/et\/?s={search_term_string}"},"query-input":{"@type":"PropertyValueSpecification","valueRequired":true,"valueName":"search_term_string"}}],"inLanguage":"et"},{"@type":["Organization","Place"],"@id":"https:\/\/haidak.eu\/et\/#organization","name":"Voltride","alternateName":"VR","url":"https:\/\/haidak.eu\/et\/","logo":{"@id":"https:\/\/haidak.eu\/et\/kiiver-kali-cruz-plus\/#local-main-organization-logo"},"image":{"@id":"https:\/\/haidak.eu\/et\/kiiver-kali-cruz-plus\/#local-main-organization-logo"},"sameAs":["https:\/\/www.facebook.com\/voltridecom\/"],"legalName":"Voltride O\u00dc","numberOfEmployees":{"@type":"QuantitativeValue","minValue":"1","maxValue":"10"},"ownershipFundingInfo":"https:\/\/haidak.eu\/about-us\/","hasMerchantReturnPolicy":{"@type":"MerchantReturnPolicy","merchantReturnLink":"https:\/\/haidak.eu\/shipping-and-returns\/"},"address":{"@id":"https:\/\/haidak.eu\/et\/kiiver-kali-cruz-plus\/#local-main-place-address"},"geo":{"@type":"GeoCoordinates","latitude":"59.439554","longitude":"24.726644"},"telephone":["+372 600 40 99"],"contactPoint":{"@type":"ContactPoint","telephone":"+372 600 40 99","email":"info@voltride.com"},"openingHoursSpecification":[{"@type":"OpeningHoursSpecification","dayOfWeek":["Monday","Tuesday","Wednesday","Thursday","Friday"],"opens":"10:00","closes":"18:00"},{"@type":"OpeningHoursSpecification","dayOfWeek":["Saturday","Sunday"],"opens":"00:00","closes":"00:00"}],"email":"info@voltride.com","taxID":"14871968"},{"@type":"PostalAddress","@id":"https:\/\/haidak.eu\/et\/kiiver-kali-cruz-plus\/#local-main-place-address","streetAddress":"Voltride Telliskivi 57D","addressLocality":"Tallinn","postalCode":"10412","addressRegion":"Tallinn","addressCountry":"EE"},{"@type":"ImageObject","inLanguage":"et","@id":"https:\/\/haidak.eu\/et\/kiiver-kali-cruz-plus\/#local-main-organization-logo","url":"https:\/\/haidak.eu\/wp-content\/uploads\/voltride-logo.png","contentUrl":"https:\/\/haidak.eu\/wp-content\/uploads\/voltride-logo.png","width":2481,"height":620,"caption":"Voltride"}]},"og_availability":"instock","product_availability":"instock","product_retailer_item_id":"KLHL003","product_condition":"new","geo.placename":"Tallinn","geo.position":{"lat":"59.439554","long":"24.726644"},"geo.region":"Estonia"},"_links":{"self":[{"href":"https:\/\/haidak.eu\/et\/wp-json\/wp\/v2\/product\/19803","targetHints":{"allow":["GET"]}}],"collection":[{"href":"https:\/\/haidak.eu\/et\/wp-json\/wp\/v2\/product"}],"about":[{"href":"https:\/\/haidak.eu\/et\/wp-json\/wp\/v2\/types\/product"}],"replies":[{"embeddable":true,"href":"https:\/\/haidak.eu\/et\/wp-json\/wp\/v2\/comments?post=19803"}],"wp:featuredmedia":[{"embeddable":true,"href":"https:\/\/haidak.eu\/et\/wp-json\/wp\/v2\/media\/23510"}],"wp:attachment":[{"href":"https:\/\/haidak.eu\/et\/wp-json\/wp\/v2\/media?parent=19803"}],"wp:term":[{"taxonomy":"product_brand","embeddable":true,"href":"https:\/\/haidak.eu\/et\/wp-json\/wp\/v2\/product_brand?post=19803"},{"taxonomy":"product_cat","embeddable":true,"href":"https:\/\/haidak.eu\/et\/wp-json\/wp\/v2\/product_cat?post=19803"},{"taxonomy":"product_tag","embeddable":true,"href":"https:\/\/haidak.eu\/et\/wp-json\/wp\/v2\/product_tag?post=19803"}],"curies":[{"name":"wp","href":"https:\/\/api.w.org\/{rel}","templated":true}]}}