{"id":19805,"date":"2026-03-26T02:09:44","date_gmt":"2026-03-26T00:09:44","guid":{"rendered":"https:\/\/haidak.eu\/kiiver-tsg-pass-pro\/"},"modified":"2026-03-29T21:35:03","modified_gmt":"2026-03-29T19:35:03","slug":"kiiver-tsg-pass-pro","status":"publish","type":"product","link":"https:\/\/haidak.eu\/et\/kiiver-tsg-pass-pro\/","title":{"rendered":"Kiiver TSG Pass Pro"},"content":{"rendered":"<p data-end=\"265\" data-start=\"126\" style=\"caret-color: rgb(0, 0, 0); color: rgb(0, 0, 0);\"><strong data-end=\"157\" data-start=\"141\">TSG Pass Pro<\/strong>&nbsp;on arendatud koost\u00f6\u00f6s downhill\u2019i rulaspordi maailmameistriga \u2013 see kiiver on tipptasemel j\u00f5udluse s\u00fcmbol.<\/p>\n<p data-end=\"817\" data-start=\"267\" style=\"caret-color: rgb(0, 0, 0); color: rgb(0, 0, 0);\">Kompaktne kest ja aerod\u00fcnaamiline disain lubavad piiramatut kiirust, samal ajal kui CE-sertifikaat annab enesekindluse. Uuenduslik tootmisprotsess eemaldab kinni j\u00e4\u00e4nud \u00f5hu ja surub kestakihid kokku, tulemuseks tugevam, kuid kergem konstruktsioon ja puhas viimistlus. Sf\u00e4\u00e4riliselt kumer visiir kriimustuskindla ja udumikindla kattega tagab optimaalse k\u00fclgn\u00e4gemise. Ninaventiilid koos revolutsioonilise hingamisplokiga suunavad \u00f5hu alla ja v\u00e4lja, toetades udumikindlat lahendust. Eemaldatavad p\u00f5sepadjad saab kohandada t\u00e4pselt iga s\u00f5itja pea kujuga.<\/p>\n<p data-end=\"832\" data-start=\"819\" style=\"caret-color: rgb(0, 0, 0); color: rgb(0, 0, 0);\"><strong data-end=\"830\" data-start=\"819\">Kaitse:<\/strong><\/p>\n<ul data-end=\"944\" data-start=\"833\" style=\"caret-color: rgb(0, 0, 0); color: rgb(0, 0, 0);\">\n<li data-end=\"856\" data-start=\"833\">\n<p data-end=\"856\" data-start=\"835\">Klaaskiust k\u00f5vakest<\/p>\n<\/li>\n<li data-end=\"902\" data-start=\"857\">\n<p data-end=\"902\" data-start=\"859\">EU ratas- ja rulakiivri standard: EN 1078<\/p>\n<\/li>\n<li data-end=\"944\" data-start=\"903\">\n<p data-end=\"944\" data-start=\"905\">USA downhill MTB standard: ASTM F1952<\/p>\n<\/li>\n<\/ul>\n<p data-end=\"960\" data-start=\"946\" style=\"caret-color: rgb(0, 0, 0); color: rgb(0, 0, 0);\"><strong data-end=\"958\" data-start=\"946\">Mugavus:<\/strong><\/p>\n<ul data-end=\"1164\" data-start=\"961\" style=\"caret-color: rgb(0, 0, 0); color: rgb(0, 0, 0);\">\n<li data-end=\"992\" data-start=\"961\">\n<p data-end=\"992\" data-start=\"963\">\u00d5hukanalid ja ninaventiilid<\/p>\n<\/li>\n<li data-end=\"1039\" data-start=\"993\">\n<p data-end=\"1039\" data-start=\"995\">Eemaldatav uduvastane plokk kahes suuruses<\/p>\n<\/li>\n<li data-end=\"1090\" data-start=\"1040\">\n<p data-end=\"1090\" data-start=\"1042\">K\u00f5rvapesad \u00fcmbritseva m\u00fcra paremaks tajumiseks<\/p>\n<\/li>\n<li data-end=\"1112\" data-start=\"1091\">\n<p data-end=\"1112\" data-start=\"1093\">Pestav sisevooder<\/p>\n<\/li>\n<li data-end=\"1164\" data-start=\"1113\">\n<p data-end=\"1164\" data-start=\"1115\">2 vahetatavat visiiri \u2013 toonitud ja l\u00e4bipaistev<\/p>\n<\/li>\n<\/ul>\n<table xml-set=\"629\">\n<tbody>\n<tr>\n<td><span style=\"caret-color: rgb(0, 0, 0); color: rgb(0, 0, 0); font-size: medium;\">T\u00e4iskaitsekiiver<\/span><\/td>\n<td>S<\/td>\n<td>M<\/td>\n<td>L<\/td>\n<td>XL<\/td>\n<\/tr>\n<tr>\n<td colspan=\"6\">&nbsp;<\/td>\n<\/tr>\n<tr>\n<td><span style=\"caret-color: rgb(0, 0, 0); color: rgb(0, 0, 0); font-size: medium;\">Pea\u00fcmberm\u00f5\u00f5t<\/span><\/td>\n<td>54-56 CM<\/td>\n<td>56-58 CM<\/td>\n<td>58-60 CM<\/td>\n<td>60-61 CM<\/td>\n<\/tr>\n<\/tbody>\n<\/table>\n","protected":false},"excerpt":{"rendered":"<p>TSG Pass Pro&nbsp;on arendatud koost\u00f6\u00f6s downhill\u2019i rulaspordi maailmameistriga \u2013 see kiiver on tipptasemel j\u00f5udluse s\u00fcmbol. Kompaktne kest ja aerod\u00fcnaamiline disain<\/p>\n","protected":false},"featured_media":23491,"comment_status":"open","ping_status":"closed","template":"","meta":[],"product_brand":[],"product_cat":[714],"product_tag":[],"class_list":{"0":"post-19805","1":"product","2":"type-product","3":"status-publish","4":"has-post-thumbnail","6":"product_cat-kiivrid","8":"first","9":"instock","10":"sale","11":"taxable","12":"shipping-taxable","13":"purchasable","14":"product-type-variable"},"yoast_head":"<!-- This site is optimized with the Yoast SEO Premium plugin v27.3 (Yoast SEO v27.3) - https:\/\/yoast.com\/product\/yoast-seo-premium-wordpress\/ -->\n<title>Kiiver TSG Pass Pro | Voltride<\/title>\n<meta name=\"robots\" content=\"noindex, follow, max-snippet:-1, max-image-preview:large, max-video-preview:-1\" \/>\n<meta property=\"og:locale\" content=\"et_EE\" \/>\n<meta property=\"og:type\" content=\"article\" \/>\n<meta property=\"og:title\" content=\"Kiiver TSG Pass Pro | Voltride\" \/>\n<meta property=\"og:description\" content=\"TSG Pass Pro&nbsp;on arendatud koost\u00f6\u00f6s downhill\u2019i rulaspordi maailmameistriga \u2013 see kiiver on tipptasemel j\u00f5udluse s\u00fcmbol. Kompaktne kest ja aerod\u00fcnaamiline disain\" \/>\n<meta property=\"og:url\" content=\"https:\/\/haidak.eu\/et\/kiiver-tsg-pass-pro\/\" \/>\n<meta property=\"og:site_name\" content=\"Voltride\" \/>\n<meta property=\"article:publisher\" content=\"https:\/\/www.facebook.com\/voltridecom\/\" \/>\n<meta property=\"article:modified_time\" content=\"2026-03-29T19:35:03+00:00\" \/>\n<meta property=\"og:image\" content=\"https:\/\/haidak.eu\/wp-content\/uploads\/2026\/03\/6640-68ac65a013e0b200544763-helmet-tsg-pass-pro-matt-black-1.jpg\" \/>\n\t<meta property=\"og:image:width\" content=\"800\" \/>\n\t<meta property=\"og:image:height\" content=\"800\" \/>\n\t<meta property=\"og:image:type\" content=\"image\/jpeg\" \/>\n<meta name=\"twitter:card\" content=\"summary_large_image\" \/>\n<script type=\"application\/ld+json\" class=\"yoast-schema-graph\">{\"@context\":\"https:\\\/\\\/schema.org\",\"@graph\":[{\"@type\":\"WebPage\",\"@id\":\"https:\\\/\\\/haidak.eu\\\/et\\\/kiiver-tsg-pass-pro\\\/\",\"url\":\"https:\\\/\\\/haidak.eu\\\/et\\\/kiiver-tsg-pass-pro\\\/\",\"name\":\"Kiiver TSG Pass Pro | Voltride\",\"isPartOf\":{\"@id\":\"https:\\\/\\\/haidak.eu\\\/et\\\/#website\"},\"primaryImageOfPage\":{\"@id\":\"https:\\\/\\\/haidak.eu\\\/et\\\/kiiver-tsg-pass-pro\\\/#primaryimage\"},\"image\":{\"@id\":\"https:\\\/\\\/haidak.eu\\\/et\\\/kiiver-tsg-pass-pro\\\/#primaryimage\"},\"thumbnailUrl\":\"https:\\\/\\\/haidak.eu\\\/wp-content\\\/uploads\\\/2026\\\/03\\\/6640-68ac65a013e0b200544763-helmet-tsg-pass-pro-matt-black-1.jpg\",\"datePublished\":\"2026-03-26T00:09:44+00:00\",\"dateModified\":\"2026-03-29T19:35:03+00:00\",\"breadcrumb\":{\"@id\":\"https:\\\/\\\/haidak.eu\\\/et\\\/kiiver-tsg-pass-pro\\\/#breadcrumb\"},\"inLanguage\":\"et\",\"potentialAction\":[{\"@type\":\"ReadAction\",\"target\":[\"https:\\\/\\\/haidak.eu\\\/et\\\/kiiver-tsg-pass-pro\\\/\"]}]},{\"@type\":\"ImageObject\",\"inLanguage\":\"et\",\"@id\":\"https:\\\/\\\/haidak.eu\\\/et\\\/kiiver-tsg-pass-pro\\\/#primaryimage\",\"url\":\"https:\\\/\\\/haidak.eu\\\/wp-content\\\/uploads\\\/2026\\\/03\\\/6640-68ac65a013e0b200544763-helmet-tsg-pass-pro-matt-black-1.jpg\",\"contentUrl\":\"https:\\\/\\\/haidak.eu\\\/wp-content\\\/uploads\\\/2026\\\/03\\\/6640-68ac65a013e0b200544763-helmet-tsg-pass-pro-matt-black-1.jpg\",\"width\":800,\"height\":800},{\"@type\":\"BreadcrumbList\",\"@id\":\"https:\\\/\\\/haidak.eu\\\/et\\\/kiiver-tsg-pass-pro\\\/#breadcrumb\",\"itemListElement\":[{\"@type\":\"ListItem\",\"position\":1,\"name\":\"Kodu\",\"item\":\"https:\\\/\\\/haidak.eu\\\/et\\\/\"},{\"@type\":\"ListItem\",\"position\":2,\"name\":\"Pood\",\"item\":\"https:\\\/\\\/haidak.eu\\\/shop\\\/\"},{\"@type\":\"ListItem\",\"position\":3,\"name\":\"Lisavarustus\",\"item\":\"https:\\\/\\\/haidak.eu\\\/et\\\/lisavarustus\\\/\"},{\"@type\":\"ListItem\",\"position\":4,\"name\":\"Kiivrid\",\"item\":\"https:\\\/\\\/haidak.eu\\\/et\\\/kiivrid\\\/\"},{\"@type\":\"ListItem\",\"position\":5,\"name\":\"Kiiver TSG Pass Pro\"}]},{\"@type\":\"WebSite\",\"@id\":\"https:\\\/\\\/haidak.eu\\\/et\\\/#website\",\"url\":\"https:\\\/\\\/haidak.eu\\\/et\\\/\",\"name\":\"Voltride\",\"description\":\"Parim elektrirataste elektrit\u00f5ukside ja \u00fcksrataste pood ja remont\",\"publisher\":{\"@id\":\"https:\\\/\\\/haidak.eu\\\/et\\\/#organization\"},\"alternateName\":\"Vr\",\"potentialAction\":[{\"@type\":\"SearchAction\",\"target\":{\"@type\":\"EntryPoint\",\"urlTemplate\":\"https:\\\/\\\/haidak.eu\\\/et\\\/?s={search_term_string}\"},\"query-input\":{\"@type\":\"PropertyValueSpecification\",\"valueRequired\":true,\"valueName\":\"search_term_string\"}}],\"inLanguage\":\"et\"},{\"@type\":[\"Organization\",\"Place\"],\"@id\":\"https:\\\/\\\/haidak.eu\\\/et\\\/#organization\",\"name\":\"Voltride\",\"alternateName\":\"VR\",\"url\":\"https:\\\/\\\/haidak.eu\\\/et\\\/\",\"logo\":{\"@id\":\"https:\\\/\\\/haidak.eu\\\/et\\\/kiiver-tsg-pass-pro\\\/#local-main-organization-logo\"},\"image\":{\"@id\":\"https:\\\/\\\/haidak.eu\\\/et\\\/kiiver-tsg-pass-pro\\\/#local-main-organization-logo\"},\"sameAs\":[\"https:\\\/\\\/www.facebook.com\\\/voltridecom\\\/\"],\"legalName\":\"Voltride O\u00dc\",\"numberOfEmployees\":{\"@type\":\"QuantitativeValue\",\"minValue\":\"1\",\"maxValue\":\"10\"},\"ownershipFundingInfo\":\"https:\\\/\\\/haidak.eu\\\/about-us\\\/\",\"hasMerchantReturnPolicy\":{\"@type\":\"MerchantReturnPolicy\",\"merchantReturnLink\":\"https:\\\/\\\/haidak.eu\\\/shipping-and-returns\\\/\"},\"address\":{\"@id\":\"https:\\\/\\\/haidak.eu\\\/et\\\/kiiver-tsg-pass-pro\\\/#local-main-place-address\"},\"geo\":{\"@type\":\"GeoCoordinates\",\"latitude\":\"59.439554\",\"longitude\":\"24.726644\"},\"telephone\":[\"+372 600 40 99\"],\"contactPoint\":{\"@type\":\"ContactPoint\",\"telephone\":\"+372 600 40 99\",\"email\":\"info@voltride.com\"},\"openingHoursSpecification\":[{\"@type\":\"OpeningHoursSpecification\",\"dayOfWeek\":[\"Monday\",\"Tuesday\",\"Wednesday\",\"Thursday\",\"Friday\"],\"opens\":\"10:00\",\"closes\":\"18:00\"},{\"@type\":\"OpeningHoursSpecification\",\"dayOfWeek\":[\"Saturday\",\"Sunday\"],\"opens\":\"00:00\",\"closes\":\"00:00\"}],\"email\":\"info@voltride.com\",\"taxID\":\"14871968\"},{\"@type\":\"PostalAddress\",\"@id\":\"https:\\\/\\\/haidak.eu\\\/et\\\/kiiver-tsg-pass-pro\\\/#local-main-place-address\",\"streetAddress\":\"Voltride Telliskivi 57D\",\"addressLocality\":\"Tallinn\",\"postalCode\":\"10412\",\"addressRegion\":\"Tallinn\",\"addressCountry\":\"EE\"},{\"@type\":\"ImageObject\",\"inLanguage\":\"et\",\"@id\":\"https:\\\/\\\/haidak.eu\\\/et\\\/kiiver-tsg-pass-pro\\\/#local-main-organization-logo\",\"url\":\"https:\\\/\\\/haidak.eu\\\/wp-content\\\/uploads\\\/voltride-logo.png\",\"contentUrl\":\"https:\\\/\\\/haidak.eu\\\/wp-content\\\/uploads\\\/voltride-logo.png\",\"width\":2481,\"height\":620,\"caption\":\"Voltride\"}]}<\/script>\n<meta property=\"og:availability\" content=\"instock\" \/>\n<meta property=\"product:availability\" content=\"instock\" \/>\n<meta property=\"product:retailer_item_id\" content=\"TGHL002\" \/>\n<meta property=\"product:condition\" content=\"new\" \/>\n<meta name=\"geo.placename\" content=\"Tallinn\" \/>\n<meta name=\"geo.position\" content=\"59.439554;24.726644\" \/>\n<meta name=\"geo.region\" content=\"Estonia\" \/>\n<!-- \/ Yoast SEO Premium plugin. -->","yoast_head_json":{"title":"Kiiver TSG Pass Pro | Voltride","robots":{"index":"noindex","follow":"follow","max-snippet":"max-snippet:-1","max-image-preview":"max-image-preview:large","max-video-preview":"max-video-preview:-1"},"og_locale":"et_EE","og_type":"article","og_title":"Kiiver TSG Pass Pro | Voltride","og_description":"TSG Pass Pro&nbsp;on arendatud koost\u00f6\u00f6s downhill\u2019i rulaspordi maailmameistriga \u2013 see kiiver on tipptasemel j\u00f5udluse s\u00fcmbol. Kompaktne kest ja aerod\u00fcnaamiline disain","og_url":"https:\/\/haidak.eu\/et\/kiiver-tsg-pass-pro\/","og_site_name":"Voltride","article_publisher":"https:\/\/www.facebook.com\/voltridecom\/","article_modified_time":"2026-03-29T19:35:03+00:00","og_image":[{"width":800,"height":800,"url":"https:\/\/haidak.eu\/wp-content\/uploads\/2026\/03\/6640-68ac65a013e0b200544763-helmet-tsg-pass-pro-matt-black-1.jpg","type":"image\/jpeg"}],"twitter_card":"summary_large_image","schema":{"@context":"https:\/\/schema.org","@graph":[{"@type":"WebPage","@id":"https:\/\/haidak.eu\/et\/kiiver-tsg-pass-pro\/","url":"https:\/\/haidak.eu\/et\/kiiver-tsg-pass-pro\/","name":"Kiiver TSG Pass Pro | Voltride","isPartOf":{"@id":"https:\/\/haidak.eu\/et\/#website"},"primaryImageOfPage":{"@id":"https:\/\/haidak.eu\/et\/kiiver-tsg-pass-pro\/#primaryimage"},"image":{"@id":"https:\/\/haidak.eu\/et\/kiiver-tsg-pass-pro\/#primaryimage"},"thumbnailUrl":"https:\/\/haidak.eu\/wp-content\/uploads\/2026\/03\/6640-68ac65a013e0b200544763-helmet-tsg-pass-pro-matt-black-1.jpg","datePublished":"2026-03-26T00:09:44+00:00","dateModified":"2026-03-29T19:35:03+00:00","breadcrumb":{"@id":"https:\/\/haidak.eu\/et\/kiiver-tsg-pass-pro\/#breadcrumb"},"inLanguage":"et","potentialAction":[{"@type":"ReadAction","target":["https:\/\/haidak.eu\/et\/kiiver-tsg-pass-pro\/"]}]},{"@type":"ImageObject","inLanguage":"et","@id":"https:\/\/haidak.eu\/et\/kiiver-tsg-pass-pro\/#primaryimage","url":"https:\/\/haidak.eu\/wp-content\/uploads\/2026\/03\/6640-68ac65a013e0b200544763-helmet-tsg-pass-pro-matt-black-1.jpg","contentUrl":"https:\/\/haidak.eu\/wp-content\/uploads\/2026\/03\/6640-68ac65a013e0b200544763-helmet-tsg-pass-pro-matt-black-1.jpg","width":800,"height":800},{"@type":"BreadcrumbList","@id":"https:\/\/haidak.eu\/et\/kiiver-tsg-pass-pro\/#breadcrumb","itemListElement":[{"@type":"ListItem","position":1,"name":"Kodu","item":"https:\/\/haidak.eu\/et\/"},{"@type":"ListItem","position":2,"name":"Pood","item":"https:\/\/haidak.eu\/shop\/"},{"@type":"ListItem","position":3,"name":"Lisavarustus","item":"https:\/\/haidak.eu\/et\/lisavarustus\/"},{"@type":"ListItem","position":4,"name":"Kiivrid","item":"https:\/\/haidak.eu\/et\/kiivrid\/"},{"@type":"ListItem","position":5,"name":"Kiiver TSG Pass Pro"}]},{"@type":"WebSite","@id":"https:\/\/haidak.eu\/et\/#website","url":"https:\/\/haidak.eu\/et\/","name":"Voltride","description":"Parim elektrirataste elektrit\u00f5ukside ja \u00fcksrataste pood ja remont","publisher":{"@id":"https:\/\/haidak.eu\/et\/#organization"},"alternateName":"Vr","potentialAction":[{"@type":"SearchAction","target":{"@type":"EntryPoint","urlTemplate":"https:\/\/haidak.eu\/et\/?s={search_term_string}"},"query-input":{"@type":"PropertyValueSpecification","valueRequired":true,"valueName":"search_term_string"}}],"inLanguage":"et"},{"@type":["Organization","Place"],"@id":"https:\/\/haidak.eu\/et\/#organization","name":"Voltride","alternateName":"VR","url":"https:\/\/haidak.eu\/et\/","logo":{"@id":"https:\/\/haidak.eu\/et\/kiiver-tsg-pass-pro\/#local-main-organization-logo"},"image":{"@id":"https:\/\/haidak.eu\/et\/kiiver-tsg-pass-pro\/#local-main-organization-logo"},"sameAs":["https:\/\/www.facebook.com\/voltridecom\/"],"legalName":"Voltride O\u00dc","numberOfEmployees":{"@type":"QuantitativeValue","minValue":"1","maxValue":"10"},"ownershipFundingInfo":"https:\/\/haidak.eu\/about-us\/","hasMerchantReturnPolicy":{"@type":"MerchantReturnPolicy","merchantReturnLink":"https:\/\/haidak.eu\/shipping-and-returns\/"},"address":{"@id":"https:\/\/haidak.eu\/et\/kiiver-tsg-pass-pro\/#local-main-place-address"},"geo":{"@type":"GeoCoordinates","latitude":"59.439554","longitude":"24.726644"},"telephone":["+372 600 40 99"],"contactPoint":{"@type":"ContactPoint","telephone":"+372 600 40 99","email":"info@voltride.com"},"openingHoursSpecification":[{"@type":"OpeningHoursSpecification","dayOfWeek":["Monday","Tuesday","Wednesday","Thursday","Friday"],"opens":"10:00","closes":"18:00"},{"@type":"OpeningHoursSpecification","dayOfWeek":["Saturday","Sunday"],"opens":"00:00","closes":"00:00"}],"email":"info@voltride.com","taxID":"14871968"},{"@type":"PostalAddress","@id":"https:\/\/haidak.eu\/et\/kiiver-tsg-pass-pro\/#local-main-place-address","streetAddress":"Voltride Telliskivi 57D","addressLocality":"Tallinn","postalCode":"10412","addressRegion":"Tallinn","addressCountry":"EE"},{"@type":"ImageObject","inLanguage":"et","@id":"https:\/\/haidak.eu\/et\/kiiver-tsg-pass-pro\/#local-main-organization-logo","url":"https:\/\/haidak.eu\/wp-content\/uploads\/voltride-logo.png","contentUrl":"https:\/\/haidak.eu\/wp-content\/uploads\/voltride-logo.png","width":2481,"height":620,"caption":"Voltride"}]},"og_availability":"instock","product_availability":"instock","product_retailer_item_id":"TGHL002","product_condition":"new","geo.placename":"Tallinn","geo.position":{"lat":"59.439554","long":"24.726644"},"geo.region":"Estonia"},"_links":{"self":[{"href":"https:\/\/haidak.eu\/et\/wp-json\/wp\/v2\/product\/19805","targetHints":{"allow":["GET"]}}],"collection":[{"href":"https:\/\/haidak.eu\/et\/wp-json\/wp\/v2\/product"}],"about":[{"href":"https:\/\/haidak.eu\/et\/wp-json\/wp\/v2\/types\/product"}],"replies":[{"embeddable":true,"href":"https:\/\/haidak.eu\/et\/wp-json\/wp\/v2\/comments?post=19805"}],"wp:featuredmedia":[{"embeddable":true,"href":"https:\/\/haidak.eu\/et\/wp-json\/wp\/v2\/media\/23491"}],"wp:attachment":[{"href":"https:\/\/haidak.eu\/et\/wp-json\/wp\/v2\/media?parent=19805"}],"wp:term":[{"taxonomy":"product_brand","embeddable":true,"href":"https:\/\/haidak.eu\/et\/wp-json\/wp\/v2\/product_brand?post=19805"},{"taxonomy":"product_cat","embeddable":true,"href":"https:\/\/haidak.eu\/et\/wp-json\/wp\/v2\/product_cat?post=19805"},{"taxonomy":"product_tag","embeddable":true,"href":"https:\/\/haidak.eu\/et\/wp-json\/wp\/v2\/product_tag?post=19805"}],"curies":[{"name":"wp","href":"https:\/\/api.w.org\/{rel}","templated":true}]}}