{"id":19821,"date":"2026-03-26T02:11:47","date_gmt":"2026-03-26T00:11:47","guid":{"rendered":"https:\/\/haidak.eu\/polve-saarekaitse-tsg-temper-a-2-0\/"},"modified":"2026-03-29T21:35:07","modified_gmt":"2026-03-29T19:35:07","slug":"polve-saarekaitse-tsg-temper-a-2-0","status":"publish","type":"product","link":"https:\/\/haidak.eu\/et\/polve-saarekaitse-tsg-temper-a-2-0\/","title":{"rendered":"P\u00f5lve-s\u00e4\u00e4rekaitse TSG Temper A 2.0"},"content":{"rendered":"<h2 data-end=\"181\" data-start=\"120\" style=\"caret-color: rgb(0, 0, 0); color: rgb(0, 0, 0);\"><strong data-end=\"179\" data-start=\"139\">TSG Temper A 2.0 P\u00f5lve-S\u00e4\u00e4rekaitsmed<\/strong><\/h2>\n<p data-end=\"495\" data-start=\"183\" style=\"caret-color: rgb(0, 0, 0); color: rgb(0, 0, 0);\">TSG Temper A 2.0 on loodud agressiivseks m\u00e4girattas\u00f5iduks, \u00fchendades ACF l\u00f6\u00f6ke summutavad p\u00f5lvekaitsmed ja eemaldatava k\u00f5va s\u00e4\u00e4rekaitse maksimaalseks kaitseks. Pikendatud s\u00e4\u00e4rekaitse, \u00fcmberkujundatud s\u00e4\u00e4re kuju ja 360\u00b0 alumine rihm tagavad t\u00e4iusliku tasakaalu tugeva l\u00f6\u00f6gikindluse ja pika s\u00f5idu mugavuse vahel.<\/p>\n<p data-end=\"864\" data-start=\"497\" style=\"caret-color: rgb(0, 0, 0); color: rgb(0, 0, 0);\">Amplified Softshell konstruktsioon annab pehme kaitsme tunde, kuid k\u00f5vakaitse j\u00f5udluse. Seest leiab l\u00e4bistamiskindla kihi ja mitmekordseid l\u00f6\u00f6ke summutava ACF vahu, mis hajutab energiat ja kaitseb liigeseid kivide ja teravate esemete eest. Neopreenist korpus on paindlik, kuid vastupidav, kinnitusega nelja takjapaela ja 360\u00b0 rihmaga kiireks ja kindlaks istuvuseks.<\/p>\n<p data-end=\"1063\" data-start=\"866\" style=\"caret-color: rgb(0, 0, 0); color: rgb(0, 0, 0);\">Testitud Bike Protocol PPETS0002 j\u00e4rgi (osaliselt p\u00f5hineb EN 1621-1:2012-l), on Temper A 2.0 usaldusv\u00e4\u00e4rne valik allam\u00e4ge s\u00f5itjatele, kes vajavad kindlust ja mugavust ka k\u00f5ige karmimal maastikul.<\/p>\n<h4 data-end=\"1080\" data-start=\"1065\" style=\"caret-color: rgb(0, 0, 0); color: rgb(0, 0, 0);\"><strong data-end=\"1078\" data-start=\"1065\">Omadused:<\/strong><\/h4>\n<ul data-end=\"1418\" data-start=\"1081\" style=\"caret-color: rgb(0, 0, 0); color: rgb(0, 0, 0);\">\n<li data-end=\"1130\" data-start=\"1081\">\n<h4 data-end=\"1130\" data-start=\"1083\">Amplified Softshell konstruktsioon ACF vahuga<\/h4>\n<\/li>\n<li data-end=\"1178\" data-start=\"1131\">\n<p data-end=\"1178\" data-start=\"1133\">Eemaldatav PE k\u00f5vast plastikust s\u00e4\u00e4rekaitse<\/p>\n<\/li>\n<li data-end=\"1234\" data-start=\"1179\">\n<p data-end=\"1234\" data-start=\"1181\">Pikendatud s\u00e4\u00e4rekaitse ja \u00fcmberkujundatud s\u00e4\u00e4rekuju<\/p>\n<\/li>\n<li data-end=\"1271\" data-start=\"1235\">\n<p data-end=\"1271\" data-start=\"1237\">4 takjapaela + 360\u00b0 alumine rihm<\/p>\n<\/li>\n<li data-end=\"1315\" data-start=\"1272\">\n<p data-end=\"1315\" data-start=\"1274\">Vastupidav, kuid mugav neopreenmaterjal<\/p>\n<\/li>\n<li data-end=\"1361\" data-start=\"1316\">\n<p data-end=\"1361\" data-start=\"1318\">Kerge kaal (503 g) arvestades kaitsetaset<\/p>\n<\/li>\n<li data-end=\"1418\" data-start=\"1362\">\n<p data-end=\"1418\" data-start=\"1364\">Sertifikaat: Bike Protocol PPETS0002 (l\u00f6\u00f6gitestitud)<\/p>\n<\/li>\n<\/ul>\n<h4 data-end=\"1514\" data-start=\"1420\" style=\"caret-color: rgb(0, 0, 0); color: rgb(0, 0, 0);\"><strong data-end=\"1435\" data-start=\"1420\">Materjalid:<\/strong><\/h4>\n<p data-end=\"1514\" data-start=\"1420\" style=\"caret-color: rgb(0, 0, 0); color: rgb(0, 0, 0);\">50% neopreen, 25% ACF PU vaht, 12% pol\u00fcet\u00fcleen, 8% nailon, 3% EVA, 2% kumm<\/p>\n<h4 data-end=\"1619\" data-start=\"1516\" style=\"caret-color: rgb(0, 0, 0); color: rgb(0, 0, 0);\"><strong data-end=\"1541\" data-start=\"1516\">Suurused (reie\/s\u00e4\u00e4r):<\/strong><\/h4>\n<p data-end=\"1619\" data-start=\"1516\" style=\"caret-color: rgb(0, 0, 0); color: rgb(0, 0, 0);\">S: 34\u201338 cm \/ 32\u201334 cm<br data-end=\"1569\" data-start=\"1566\" \/> L: 40\u201344 cm \/ 36\u201338 cm<br data-end=\"1594\" data-start=\"1591\" \/> XL: 44\u201348 cm \/ 38\u201340 cm<\/p>\n<p data-end=\"1760\" data-start=\"1621\" style=\"caret-color: rgb(0, 0, 0); color: rgb(0, 0, 0);\">TSG Temper A 2.0 P\u00f5lve-S\u00e4\u00e4rekaitsmed pakuvad tippklassi kaitset ja ergonoomilist mugavust \u2013 h\u00e4davajalik varustus igale allam\u00e4ge s\u00f5itjale.<\/p>\n","protected":false},"excerpt":{"rendered":"<p>TSG Temper A 2.0 P\u00f5lve-S\u00e4\u00e4rekaitsmed TSG Temper A 2.0 on loodud agressiivseks m\u00e4girattas\u00f5iduks, \u00fchendades ACF l\u00f6\u00f6ke summutavad p\u00f5lvekaitsmed ja eemaldatava<\/p>\n","protected":false},"featured_media":23485,"comment_status":"open","ping_status":"closed","template":"","meta":[],"product_brand":[],"product_cat":[753],"product_tag":[],"class_list":{"0":"post-19821","1":"product","2":"type-product","3":"status-publish","4":"has-post-thumbnail","6":"product_cat-kaitsevarustus-inimesele","8":"first","9":"instock","10":"taxable","11":"shipping-taxable","12":"purchasable","13":"product-type-variable"},"yoast_head":"<!-- This site is optimized with the Yoast SEO Premium plugin v27.3 (Yoast SEO v27.3) - https:\/\/yoast.com\/product\/yoast-seo-premium-wordpress\/ -->\n<title>P\u00f5lve-s\u00e4\u00e4rekaitse TSG Temper A 2.0 | Voltride<\/title>\n<meta name=\"robots\" content=\"noindex, follow, max-snippet:-1, max-image-preview:large, max-video-preview:-1\" \/>\n<meta property=\"og:locale\" content=\"et_EE\" \/>\n<meta property=\"og:type\" content=\"article\" \/>\n<meta property=\"og:title\" content=\"P\u00f5lve-s\u00e4\u00e4rekaitse TSG Temper A 2.0 | Voltride\" \/>\n<meta property=\"og:description\" content=\"TSG Temper A 2.0 P\u00f5lve-S\u00e4\u00e4rekaitsmed TSG Temper A 2.0 on loodud agressiivseks m\u00e4girattas\u00f5iduks, \u00fchendades ACF l\u00f6\u00f6ke summutavad p\u00f5lvekaitsmed ja eemaldatava\" \/>\n<meta property=\"og:url\" content=\"https:\/\/haidak.eu\/et\/polve-saarekaitse-tsg-temper-a-2-0\/\" \/>\n<meta property=\"og:site_name\" content=\"Voltride\" \/>\n<meta property=\"article:publisher\" content=\"https:\/\/www.facebook.com\/voltridecom\/\" \/>\n<meta property=\"article:modified_time\" content=\"2026-03-29T19:35:07+00:00\" \/>\n<meta property=\"og:image\" content=\"https:\/\/haidak.eu\/wp-content\/uploads\/2026\/03\/6976-68adb836e6fe5436265886-medium-7102801-030-01-1.png\" \/>\n\t<meta property=\"og:image:width\" content=\"1400\" \/>\n\t<meta property=\"og:image:height\" content=\"1400\" \/>\n\t<meta property=\"og:image:type\" content=\"image\/png\" \/>\n<meta name=\"twitter:card\" content=\"summary_large_image\" \/>\n<script type=\"application\/ld+json\" class=\"yoast-schema-graph\">{\"@context\":\"https:\\\/\\\/schema.org\",\"@graph\":[{\"@type\":\"WebPage\",\"@id\":\"https:\\\/\\\/haidak.eu\\\/et\\\/polve-saarekaitse-tsg-temper-a-2-0\\\/\",\"url\":\"https:\\\/\\\/haidak.eu\\\/et\\\/polve-saarekaitse-tsg-temper-a-2-0\\\/\",\"name\":\"P\u00f5lve-s\u00e4\u00e4rekaitse TSG Temper A 2.0 | Voltride\",\"isPartOf\":{\"@id\":\"https:\\\/\\\/haidak.eu\\\/et\\\/#website\"},\"primaryImageOfPage\":{\"@id\":\"https:\\\/\\\/haidak.eu\\\/et\\\/polve-saarekaitse-tsg-temper-a-2-0\\\/#primaryimage\"},\"image\":{\"@id\":\"https:\\\/\\\/haidak.eu\\\/et\\\/polve-saarekaitse-tsg-temper-a-2-0\\\/#primaryimage\"},\"thumbnailUrl\":\"https:\\\/\\\/haidak.eu\\\/wp-content\\\/uploads\\\/2026\\\/03\\\/6976-68adb836e6fe5436265886-medium-7102801-030-01-1.png\",\"datePublished\":\"2026-03-26T00:11:47+00:00\",\"dateModified\":\"2026-03-29T19:35:07+00:00\",\"breadcrumb\":{\"@id\":\"https:\\\/\\\/haidak.eu\\\/et\\\/polve-saarekaitse-tsg-temper-a-2-0\\\/#breadcrumb\"},\"inLanguage\":\"et\",\"potentialAction\":[{\"@type\":\"ReadAction\",\"target\":[\"https:\\\/\\\/haidak.eu\\\/et\\\/polve-saarekaitse-tsg-temper-a-2-0\\\/\"]}]},{\"@type\":\"ImageObject\",\"inLanguage\":\"et\",\"@id\":\"https:\\\/\\\/haidak.eu\\\/et\\\/polve-saarekaitse-tsg-temper-a-2-0\\\/#primaryimage\",\"url\":\"https:\\\/\\\/haidak.eu\\\/wp-content\\\/uploads\\\/2026\\\/03\\\/6976-68adb836e6fe5436265886-medium-7102801-030-01-1.png\",\"contentUrl\":\"https:\\\/\\\/haidak.eu\\\/wp-content\\\/uploads\\\/2026\\\/03\\\/6976-68adb836e6fe5436265886-medium-7102801-030-01-1.png\",\"width\":1400,\"height\":1400},{\"@type\":\"BreadcrumbList\",\"@id\":\"https:\\\/\\\/haidak.eu\\\/et\\\/polve-saarekaitse-tsg-temper-a-2-0\\\/#breadcrumb\",\"itemListElement\":[{\"@type\":\"ListItem\",\"position\":1,\"name\":\"Kodu\",\"item\":\"https:\\\/\\\/haidak.eu\\\/et\\\/\"},{\"@type\":\"ListItem\",\"position\":2,\"name\":\"Pood\",\"item\":\"https:\\\/\\\/haidak.eu\\\/shop\\\/\"},{\"@type\":\"ListItem\",\"position\":3,\"name\":\"Lisavarustus\",\"item\":\"https:\\\/\\\/haidak.eu\\\/et\\\/lisavarustus\\\/\"},{\"@type\":\"ListItem\",\"position\":4,\"name\":\"Kaitsevarustus inimesele\",\"item\":\"https:\\\/\\\/haidak.eu\\\/et\\\/kaitsevarustus-inimesele\\\/\"},{\"@type\":\"ListItem\",\"position\":5,\"name\":\"P\u00f5lve-s\u00e4\u00e4rekaitse TSG Temper A 2.0\"}]},{\"@type\":\"WebSite\",\"@id\":\"https:\\\/\\\/haidak.eu\\\/et\\\/#website\",\"url\":\"https:\\\/\\\/haidak.eu\\\/et\\\/\",\"name\":\"Voltride\",\"description\":\"Parim elektrirataste elektrit\u00f5ukside ja \u00fcksrataste pood ja remont\",\"publisher\":{\"@id\":\"https:\\\/\\\/haidak.eu\\\/et\\\/#organization\"},\"alternateName\":\"Vr\",\"potentialAction\":[{\"@type\":\"SearchAction\",\"target\":{\"@type\":\"EntryPoint\",\"urlTemplate\":\"https:\\\/\\\/haidak.eu\\\/et\\\/?s={search_term_string}\"},\"query-input\":{\"@type\":\"PropertyValueSpecification\",\"valueRequired\":true,\"valueName\":\"search_term_string\"}}],\"inLanguage\":\"et\"},{\"@type\":[\"Organization\",\"Place\"],\"@id\":\"https:\\\/\\\/haidak.eu\\\/et\\\/#organization\",\"name\":\"Voltride\",\"alternateName\":\"VR\",\"url\":\"https:\\\/\\\/haidak.eu\\\/et\\\/\",\"logo\":{\"@id\":\"https:\\\/\\\/haidak.eu\\\/et\\\/polve-saarekaitse-tsg-temper-a-2-0\\\/#local-main-organization-logo\"},\"image\":{\"@id\":\"https:\\\/\\\/haidak.eu\\\/et\\\/polve-saarekaitse-tsg-temper-a-2-0\\\/#local-main-organization-logo\"},\"sameAs\":[\"https:\\\/\\\/www.facebook.com\\\/voltridecom\\\/\"],\"legalName\":\"Voltride O\u00dc\",\"numberOfEmployees\":{\"@type\":\"QuantitativeValue\",\"minValue\":\"1\",\"maxValue\":\"10\"},\"ownershipFundingInfo\":\"https:\\\/\\\/haidak.eu\\\/about-us\\\/\",\"hasMerchantReturnPolicy\":{\"@type\":\"MerchantReturnPolicy\",\"merchantReturnLink\":\"https:\\\/\\\/haidak.eu\\\/shipping-and-returns\\\/\"},\"address\":{\"@id\":\"https:\\\/\\\/haidak.eu\\\/et\\\/polve-saarekaitse-tsg-temper-a-2-0\\\/#local-main-place-address\"},\"geo\":{\"@type\":\"GeoCoordinates\",\"latitude\":\"59.439554\",\"longitude\":\"24.726644\"},\"telephone\":[\"+372 600 40 99\"],\"contactPoint\":{\"@type\":\"ContactPoint\",\"telephone\":\"+372 600 40 99\",\"email\":\"info@voltride.com\"},\"openingHoursSpecification\":[{\"@type\":\"OpeningHoursSpecification\",\"dayOfWeek\":[\"Monday\",\"Tuesday\",\"Wednesday\",\"Thursday\",\"Friday\"],\"opens\":\"10:00\",\"closes\":\"18:00\"},{\"@type\":\"OpeningHoursSpecification\",\"dayOfWeek\":[\"Saturday\",\"Sunday\"],\"opens\":\"00:00\",\"closes\":\"00:00\"}],\"email\":\"info@voltride.com\",\"taxID\":\"14871968\"},{\"@type\":\"PostalAddress\",\"@id\":\"https:\\\/\\\/haidak.eu\\\/et\\\/polve-saarekaitse-tsg-temper-a-2-0\\\/#local-main-place-address\",\"streetAddress\":\"Voltride Telliskivi 57D\",\"addressLocality\":\"Tallinn\",\"postalCode\":\"10412\",\"addressRegion\":\"Tallinn\",\"addressCountry\":\"EE\"},{\"@type\":\"ImageObject\",\"inLanguage\":\"et\",\"@id\":\"https:\\\/\\\/haidak.eu\\\/et\\\/polve-saarekaitse-tsg-temper-a-2-0\\\/#local-main-organization-logo\",\"url\":\"https:\\\/\\\/haidak.eu\\\/wp-content\\\/uploads\\\/voltride-logo.png\",\"contentUrl\":\"https:\\\/\\\/haidak.eu\\\/wp-content\\\/uploads\\\/voltride-logo.png\",\"width\":2481,\"height\":620,\"caption\":\"Voltride\"}]}<\/script>\n<meta property=\"og:availability\" content=\"instock\" \/>\n<meta property=\"product:availability\" content=\"instock\" \/>\n<meta property=\"product:retailer_item_id\" content=\"TGSG002\" \/>\n<meta property=\"product:condition\" content=\"new\" \/>\n<meta name=\"geo.placename\" content=\"Tallinn\" \/>\n<meta name=\"geo.position\" content=\"59.439554;24.726644\" \/>\n<meta name=\"geo.region\" content=\"Estonia\" \/>\n<!-- \/ Yoast SEO Premium plugin. -->","yoast_head_json":{"title":"P\u00f5lve-s\u00e4\u00e4rekaitse TSG Temper A 2.0 | Voltride","robots":{"index":"noindex","follow":"follow","max-snippet":"max-snippet:-1","max-image-preview":"max-image-preview:large","max-video-preview":"max-video-preview:-1"},"og_locale":"et_EE","og_type":"article","og_title":"P\u00f5lve-s\u00e4\u00e4rekaitse TSG Temper A 2.0 | Voltride","og_description":"TSG Temper A 2.0 P\u00f5lve-S\u00e4\u00e4rekaitsmed TSG Temper A 2.0 on loodud agressiivseks m\u00e4girattas\u00f5iduks, \u00fchendades ACF l\u00f6\u00f6ke summutavad p\u00f5lvekaitsmed ja eemaldatava","og_url":"https:\/\/haidak.eu\/et\/polve-saarekaitse-tsg-temper-a-2-0\/","og_site_name":"Voltride","article_publisher":"https:\/\/www.facebook.com\/voltridecom\/","article_modified_time":"2026-03-29T19:35:07+00:00","og_image":[{"width":1400,"height":1400,"url":"https:\/\/haidak.eu\/wp-content\/uploads\/2026\/03\/6976-68adb836e6fe5436265886-medium-7102801-030-01-1.png","type":"image\/png"}],"twitter_card":"summary_large_image","schema":{"@context":"https:\/\/schema.org","@graph":[{"@type":"WebPage","@id":"https:\/\/haidak.eu\/et\/polve-saarekaitse-tsg-temper-a-2-0\/","url":"https:\/\/haidak.eu\/et\/polve-saarekaitse-tsg-temper-a-2-0\/","name":"P\u00f5lve-s\u00e4\u00e4rekaitse TSG Temper A 2.0 | Voltride","isPartOf":{"@id":"https:\/\/haidak.eu\/et\/#website"},"primaryImageOfPage":{"@id":"https:\/\/haidak.eu\/et\/polve-saarekaitse-tsg-temper-a-2-0\/#primaryimage"},"image":{"@id":"https:\/\/haidak.eu\/et\/polve-saarekaitse-tsg-temper-a-2-0\/#primaryimage"},"thumbnailUrl":"https:\/\/haidak.eu\/wp-content\/uploads\/2026\/03\/6976-68adb836e6fe5436265886-medium-7102801-030-01-1.png","datePublished":"2026-03-26T00:11:47+00:00","dateModified":"2026-03-29T19:35:07+00:00","breadcrumb":{"@id":"https:\/\/haidak.eu\/et\/polve-saarekaitse-tsg-temper-a-2-0\/#breadcrumb"},"inLanguage":"et","potentialAction":[{"@type":"ReadAction","target":["https:\/\/haidak.eu\/et\/polve-saarekaitse-tsg-temper-a-2-0\/"]}]},{"@type":"ImageObject","inLanguage":"et","@id":"https:\/\/haidak.eu\/et\/polve-saarekaitse-tsg-temper-a-2-0\/#primaryimage","url":"https:\/\/haidak.eu\/wp-content\/uploads\/2026\/03\/6976-68adb836e6fe5436265886-medium-7102801-030-01-1.png","contentUrl":"https:\/\/haidak.eu\/wp-content\/uploads\/2026\/03\/6976-68adb836e6fe5436265886-medium-7102801-030-01-1.png","width":1400,"height":1400},{"@type":"BreadcrumbList","@id":"https:\/\/haidak.eu\/et\/polve-saarekaitse-tsg-temper-a-2-0\/#breadcrumb","itemListElement":[{"@type":"ListItem","position":1,"name":"Kodu","item":"https:\/\/haidak.eu\/et\/"},{"@type":"ListItem","position":2,"name":"Pood","item":"https:\/\/haidak.eu\/shop\/"},{"@type":"ListItem","position":3,"name":"Lisavarustus","item":"https:\/\/haidak.eu\/et\/lisavarustus\/"},{"@type":"ListItem","position":4,"name":"Kaitsevarustus inimesele","item":"https:\/\/haidak.eu\/et\/kaitsevarustus-inimesele\/"},{"@type":"ListItem","position":5,"name":"P\u00f5lve-s\u00e4\u00e4rekaitse TSG Temper A 2.0"}]},{"@type":"WebSite","@id":"https:\/\/haidak.eu\/et\/#website","url":"https:\/\/haidak.eu\/et\/","name":"Voltride","description":"Parim elektrirataste elektrit\u00f5ukside ja \u00fcksrataste pood ja remont","publisher":{"@id":"https:\/\/haidak.eu\/et\/#organization"},"alternateName":"Vr","potentialAction":[{"@type":"SearchAction","target":{"@type":"EntryPoint","urlTemplate":"https:\/\/haidak.eu\/et\/?s={search_term_string}"},"query-input":{"@type":"PropertyValueSpecification","valueRequired":true,"valueName":"search_term_string"}}],"inLanguage":"et"},{"@type":["Organization","Place"],"@id":"https:\/\/haidak.eu\/et\/#organization","name":"Voltride","alternateName":"VR","url":"https:\/\/haidak.eu\/et\/","logo":{"@id":"https:\/\/haidak.eu\/et\/polve-saarekaitse-tsg-temper-a-2-0\/#local-main-organization-logo"},"image":{"@id":"https:\/\/haidak.eu\/et\/polve-saarekaitse-tsg-temper-a-2-0\/#local-main-organization-logo"},"sameAs":["https:\/\/www.facebook.com\/voltridecom\/"],"legalName":"Voltride O\u00dc","numberOfEmployees":{"@type":"QuantitativeValue","minValue":"1","maxValue":"10"},"ownershipFundingInfo":"https:\/\/haidak.eu\/about-us\/","hasMerchantReturnPolicy":{"@type":"MerchantReturnPolicy","merchantReturnLink":"https:\/\/haidak.eu\/shipping-and-returns\/"},"address":{"@id":"https:\/\/haidak.eu\/et\/polve-saarekaitse-tsg-temper-a-2-0\/#local-main-place-address"},"geo":{"@type":"GeoCoordinates","latitude":"59.439554","longitude":"24.726644"},"telephone":["+372 600 40 99"],"contactPoint":{"@type":"ContactPoint","telephone":"+372 600 40 99","email":"info@voltride.com"},"openingHoursSpecification":[{"@type":"OpeningHoursSpecification","dayOfWeek":["Monday","Tuesday","Wednesday","Thursday","Friday"],"opens":"10:00","closes":"18:00"},{"@type":"OpeningHoursSpecification","dayOfWeek":["Saturday","Sunday"],"opens":"00:00","closes":"00:00"}],"email":"info@voltride.com","taxID":"14871968"},{"@type":"PostalAddress","@id":"https:\/\/haidak.eu\/et\/polve-saarekaitse-tsg-temper-a-2-0\/#local-main-place-address","streetAddress":"Voltride Telliskivi 57D","addressLocality":"Tallinn","postalCode":"10412","addressRegion":"Tallinn","addressCountry":"EE"},{"@type":"ImageObject","inLanguage":"et","@id":"https:\/\/haidak.eu\/et\/polve-saarekaitse-tsg-temper-a-2-0\/#local-main-organization-logo","url":"https:\/\/haidak.eu\/wp-content\/uploads\/voltride-logo.png","contentUrl":"https:\/\/haidak.eu\/wp-content\/uploads\/voltride-logo.png","width":2481,"height":620,"caption":"Voltride"}]},"og_availability":"instock","product_availability":"instock","product_retailer_item_id":"TGSG002","product_condition":"new","geo.placename":"Tallinn","geo.position":{"lat":"59.439554","long":"24.726644"},"geo.region":"Estonia"},"_links":{"self":[{"href":"https:\/\/haidak.eu\/et\/wp-json\/wp\/v2\/product\/19821","targetHints":{"allow":["GET"]}}],"collection":[{"href":"https:\/\/haidak.eu\/et\/wp-json\/wp\/v2\/product"}],"about":[{"href":"https:\/\/haidak.eu\/et\/wp-json\/wp\/v2\/types\/product"}],"replies":[{"embeddable":true,"href":"https:\/\/haidak.eu\/et\/wp-json\/wp\/v2\/comments?post=19821"}],"wp:featuredmedia":[{"embeddable":true,"href":"https:\/\/haidak.eu\/et\/wp-json\/wp\/v2\/media\/23485"}],"wp:attachment":[{"href":"https:\/\/haidak.eu\/et\/wp-json\/wp\/v2\/media?parent=19821"}],"wp:term":[{"taxonomy":"product_brand","embeddable":true,"href":"https:\/\/haidak.eu\/et\/wp-json\/wp\/v2\/product_brand?post=19821"},{"taxonomy":"product_cat","embeddable":true,"href":"https:\/\/haidak.eu\/et\/wp-json\/wp\/v2\/product_cat?post=19821"},{"taxonomy":"product_tag","embeddable":true,"href":"https:\/\/haidak.eu\/et\/wp-json\/wp\/v2\/product_tag?post=19821"}],"curies":[{"name":"wp","href":"https:\/\/api.w.org\/{rel}","templated":true}]}}