{"id":19828,"date":"2026-03-26T02:13:51","date_gmt":"2026-03-26T00:13:51","guid":{"rendered":"https:\/\/haidak.eu\/leatt-kindad-1-5-gripr-fuel\/"},"modified":"2026-03-29T21:35:07","modified_gmt":"2026-03-29T19:35:07","slug":"leatt-kindad-1-5-gripr-fuel","status":"publish","type":"product","link":"https:\/\/haidak.eu\/et\/leatt-kindad-1-5-gripr-fuel\/","title":{"rendered":"Leatt Kindad 1.5 GripR Fuel"},"content":{"rendered":"<h2 data-end=\"194\" data-start=\"142\" style=\"caret-color: rgb(0, 0, 0); color: rgb(0, 0, 0);\">Leatt Kindad 1.5 GripR Fuel<\/h2>\n<p data-end=\"453\" data-start=\"196\" style=\"caret-color: rgb(0, 0, 0); color: rgb(0, 0, 0);\">Leatt Gloves 1.5 GripR Fuel on rihmavabad, kerged ja minimalistlikud kindad, mis pakuvad head \u00f5huliikuvust ja mugavat istuvust. MicronGrip peopesa koos uue FormFit \u00f5mblusega tagab kindla haarde nii kuivas kui m\u00e4rjas ja annab parema juhtrauatunnetuse.<\/p>\n<p data-end=\"635\" data-start=\"455\" style=\"caret-color: rgb(0, 0, 0); color: rgb(0, 0, 0);\">Need \u00fclilihtsad ja kerged kindad on loodud andma parimat tunnet ilma rihmadeta. T\u00e4nu heale ventilatsioonile ja tihedale istuvusele seab MicronGrip oma hinnaklassis uue standardi.<\/p>\n<p data-end=\"652\" data-start=\"637\" style=\"caret-color: rgb(0, 0, 0); color: rgb(0, 0, 0);\"><strong data-end=\"650\" data-start=\"637\">Omadused:<\/strong><\/p>\n<ul data-end=\"1205\" data-start=\"653\" style=\"caret-color: rgb(0, 0, 0); color: rgb(0, 0, 0);\">\n<li data-end=\"678\" data-start=\"653\">\n<p data-end=\"678\" data-start=\"655\">Uus rihmavaba mansett<\/p>\n<\/li>\n<li data-end=\"698\" data-start=\"679\">\n<p data-end=\"698\" data-start=\"681\">\u00dclikerge disain<\/p>\n<\/li>\n<li data-end=\"733\" data-start=\"699\">\n<p data-end=\"733\" data-start=\"701\">MicronGrip peopesa tehnoloogia<\/p>\n<\/li>\n<li data-end=\"773\" data-start=\"734\">\n<p data-end=\"773\" data-start=\"736\">V\u00e4ga \u00f5huke \u2013 parem juhtrauatunnetus<\/p>\n<\/li>\n<li data-end=\"812\" data-start=\"774\">\n<p data-end=\"812\" data-start=\"776\">Kindel haare nii kuivas kui m\u00e4rjas<\/p>\n<\/li>\n<li data-end=\"874\" data-start=\"813\">\n<p data-end=\"874\" data-start=\"815\">FormFit \u00f5mblus maksimaalse haarde ja tunnetuse jaoks<\/p>\n<\/li>\n<li data-end=\"913\" data-start=\"875\">\n<p data-end=\"913\" data-start=\"877\">H\u00e4sti hingav Lite kangas k\u00e4eseljal<\/p>\n<\/li>\n<li data-end=\"970\" data-start=\"914\">\n<p data-end=\"970\" data-start=\"916\">Eelkumer ja \u00f5mblusteta peopesa tiheda istuvuse jaoks<\/p>\n<\/li>\n<li data-end=\"1024\" data-start=\"971\">\n<p data-end=\"1024\" data-start=\"973\">Uus Stretch Stitch niit tugevamate \u00f5mbluste jaoks<\/p>\n<\/li>\n<li data-end=\"1044\" data-start=\"1025\">\n<p data-end=\"1044\" data-start=\"1027\">Suurused: S\u2013XXL<\/p>\n<\/li>\n<li data-end=\"1099\" data-start=\"1045\">\n<p data-end=\"1099\" data-start=\"1047\">Keskkonnas\u00f5bralik plastivaba, taaskasutatav pakend<\/p>\n<\/li>\n<li data-end=\"1156\" data-start=\"1100\">\n<p data-end=\"1156\" data-start=\"1102\">V\u00e4limine materjal: pol\u00fcester 96%, elastaan 2%, PU 2%<\/p>\n<\/li>\n<li data-end=\"1205\" data-start=\"1157\">\n<p data-end=\"1205\" data-start=\"1159\">Sobivad puutetundliku ekraaniga kasutamiseks<\/p>\n<\/li>\n<\/ul>\n","protected":false},"excerpt":{"rendered":"<p>Leatt Kindad 1.5 GripR Fuel Leatt Gloves 1.5 GripR Fuel on rihmavabad, kerged ja minimalistlikud kindad, mis pakuvad head \u00f5huliikuvust<\/p>\n","protected":false},"featured_media":20722,"comment_status":"open","ping_status":"closed","template":"","meta":[],"product_brand":[],"product_cat":[753],"product_tag":[],"class_list":{"0":"post-19828","1":"product","2":"type-product","3":"status-publish","4":"has-post-thumbnail","6":"product_cat-kaitsevarustus-inimesele","8":"first","9":"instock","10":"taxable","11":"shipping-taxable","12":"purchasable","13":"product-type-variable"},"yoast_head":"<!-- This site is optimized with the Yoast SEO Premium plugin v27.3 (Yoast SEO v27.3) - https:\/\/yoast.com\/product\/yoast-seo-premium-wordpress\/ -->\n<title>Leatt Kindad 1.5 GripR Fuel | Voltride<\/title>\n<meta name=\"robots\" content=\"noindex, follow, max-snippet:-1, max-image-preview:large, max-video-preview:-1\" \/>\n<meta property=\"og:locale\" content=\"et_EE\" \/>\n<meta property=\"og:type\" content=\"article\" \/>\n<meta property=\"og:title\" content=\"Leatt Kindad 1.5 GripR Fuel | Voltride\" \/>\n<meta property=\"og:description\" content=\"Leatt Kindad 1.5 GripR Fuel Leatt Gloves 1.5 GripR Fuel on rihmavabad, kerged ja minimalistlikud kindad, mis pakuvad head \u00f5huliikuvust\" \/>\n<meta property=\"og:url\" content=\"https:\/\/haidak.eu\/et\/leatt-kindad-1-5-gripr-fuel\/\" \/>\n<meta property=\"og:site_name\" content=\"Voltride\" \/>\n<meta property=\"article:publisher\" content=\"https:\/\/www.facebook.com\/voltridecom\/\" \/>\n<meta property=\"article:modified_time\" content=\"2026-03-29T19:35:07+00:00\" \/>\n<meta property=\"og:image\" content=\"https:\/\/haidak.eu\/wp-content\/uploads\/2026\/03\/5018-63dd1a4d406d5890023328-leatt-gloves-moto-15-gripr-fuel-combo-6023040950-bfi0wdpshsyrwmbp-1.png\" \/>\n\t<meta property=\"og:image:width\" content=\"1280\" \/>\n\t<meta property=\"og:image:height\" content=\"1280\" \/>\n\t<meta property=\"og:image:type\" content=\"image\/png\" \/>\n<meta name=\"twitter:card\" content=\"summary_large_image\" \/>\n<script type=\"application\/ld+json\" class=\"yoast-schema-graph\">{\"@context\":\"https:\\\/\\\/schema.org\",\"@graph\":[{\"@type\":\"WebPage\",\"@id\":\"https:\\\/\\\/haidak.eu\\\/et\\\/leatt-kindad-1-5-gripr-fuel\\\/\",\"url\":\"https:\\\/\\\/haidak.eu\\\/et\\\/leatt-kindad-1-5-gripr-fuel\\\/\",\"name\":\"Leatt Kindad 1.5 GripR Fuel | Voltride\",\"isPartOf\":{\"@id\":\"https:\\\/\\\/haidak.eu\\\/et\\\/#website\"},\"primaryImageOfPage\":{\"@id\":\"https:\\\/\\\/haidak.eu\\\/et\\\/leatt-kindad-1-5-gripr-fuel\\\/#primaryimage\"},\"image\":{\"@id\":\"https:\\\/\\\/haidak.eu\\\/et\\\/leatt-kindad-1-5-gripr-fuel\\\/#primaryimage\"},\"thumbnailUrl\":\"https:\\\/\\\/haidak.eu\\\/wp-content\\\/uploads\\\/2026\\\/03\\\/5018-63dd1a4d406d5890023328-leatt-gloves-moto-15-gripr-fuel-combo-6023040950-bfi0wdpshsyrwmbp-1.png\",\"datePublished\":\"2026-03-26T00:13:51+00:00\",\"dateModified\":\"2026-03-29T19:35:07+00:00\",\"breadcrumb\":{\"@id\":\"https:\\\/\\\/haidak.eu\\\/et\\\/leatt-kindad-1-5-gripr-fuel\\\/#breadcrumb\"},\"inLanguage\":\"et\",\"potentialAction\":[{\"@type\":\"ReadAction\",\"target\":[\"https:\\\/\\\/haidak.eu\\\/et\\\/leatt-kindad-1-5-gripr-fuel\\\/\"]}]},{\"@type\":\"ImageObject\",\"inLanguage\":\"et\",\"@id\":\"https:\\\/\\\/haidak.eu\\\/et\\\/leatt-kindad-1-5-gripr-fuel\\\/#primaryimage\",\"url\":\"https:\\\/\\\/haidak.eu\\\/wp-content\\\/uploads\\\/2026\\\/03\\\/5018-63dd1a4d406d5890023328-leatt-gloves-moto-15-gripr-fuel-combo-6023040950-bfi0wdpshsyrwmbp-1.png\",\"contentUrl\":\"https:\\\/\\\/haidak.eu\\\/wp-content\\\/uploads\\\/2026\\\/03\\\/5018-63dd1a4d406d5890023328-leatt-gloves-moto-15-gripr-fuel-combo-6023040950-bfi0wdpshsyrwmbp-1.png\",\"width\":1280,\"height\":1280},{\"@type\":\"BreadcrumbList\",\"@id\":\"https:\\\/\\\/haidak.eu\\\/et\\\/leatt-kindad-1-5-gripr-fuel\\\/#breadcrumb\",\"itemListElement\":[{\"@type\":\"ListItem\",\"position\":1,\"name\":\"Kodu\",\"item\":\"https:\\\/\\\/haidak.eu\\\/et\\\/\"},{\"@type\":\"ListItem\",\"position\":2,\"name\":\"Pood\",\"item\":\"https:\\\/\\\/haidak.eu\\\/shop\\\/\"},{\"@type\":\"ListItem\",\"position\":3,\"name\":\"Lisavarustus\",\"item\":\"https:\\\/\\\/haidak.eu\\\/et\\\/lisavarustus\\\/\"},{\"@type\":\"ListItem\",\"position\":4,\"name\":\"Kaitsevarustus inimesele\",\"item\":\"https:\\\/\\\/haidak.eu\\\/et\\\/kaitsevarustus-inimesele\\\/\"},{\"@type\":\"ListItem\",\"position\":5,\"name\":\"Leatt Kindad 1.5 GripR Fuel\"}]},{\"@type\":\"WebSite\",\"@id\":\"https:\\\/\\\/haidak.eu\\\/et\\\/#website\",\"url\":\"https:\\\/\\\/haidak.eu\\\/et\\\/\",\"name\":\"Voltride\",\"description\":\"Parim elektrirataste elektrit\u00f5ukside ja \u00fcksrataste pood ja remont\",\"publisher\":{\"@id\":\"https:\\\/\\\/haidak.eu\\\/et\\\/#organization\"},\"alternateName\":\"Vr\",\"potentialAction\":[{\"@type\":\"SearchAction\",\"target\":{\"@type\":\"EntryPoint\",\"urlTemplate\":\"https:\\\/\\\/haidak.eu\\\/et\\\/?s={search_term_string}\"},\"query-input\":{\"@type\":\"PropertyValueSpecification\",\"valueRequired\":true,\"valueName\":\"search_term_string\"}}],\"inLanguage\":\"et\"},{\"@type\":[\"Organization\",\"Place\"],\"@id\":\"https:\\\/\\\/haidak.eu\\\/et\\\/#organization\",\"name\":\"Voltride\",\"alternateName\":\"VR\",\"url\":\"https:\\\/\\\/haidak.eu\\\/et\\\/\",\"logo\":{\"@id\":\"https:\\\/\\\/haidak.eu\\\/et\\\/leatt-kindad-1-5-gripr-fuel\\\/#local-main-organization-logo\"},\"image\":{\"@id\":\"https:\\\/\\\/haidak.eu\\\/et\\\/leatt-kindad-1-5-gripr-fuel\\\/#local-main-organization-logo\"},\"sameAs\":[\"https:\\\/\\\/www.facebook.com\\\/voltridecom\\\/\"],\"legalName\":\"Voltride O\u00dc\",\"numberOfEmployees\":{\"@type\":\"QuantitativeValue\",\"minValue\":\"1\",\"maxValue\":\"10\"},\"ownershipFundingInfo\":\"https:\\\/\\\/haidak.eu\\\/about-us\\\/\",\"hasMerchantReturnPolicy\":{\"@type\":\"MerchantReturnPolicy\",\"merchantReturnLink\":\"https:\\\/\\\/haidak.eu\\\/shipping-and-returns\\\/\"},\"address\":{\"@id\":\"https:\\\/\\\/haidak.eu\\\/et\\\/leatt-kindad-1-5-gripr-fuel\\\/#local-main-place-address\"},\"geo\":{\"@type\":\"GeoCoordinates\",\"latitude\":\"59.439554\",\"longitude\":\"24.726644\"},\"telephone\":[\"+372 600 40 99\"],\"contactPoint\":{\"@type\":\"ContactPoint\",\"telephone\":\"+372 600 40 99\",\"email\":\"info@voltride.com\"},\"openingHoursSpecification\":[{\"@type\":\"OpeningHoursSpecification\",\"dayOfWeek\":[\"Monday\",\"Tuesday\",\"Wednesday\",\"Thursday\",\"Friday\"],\"opens\":\"10:00\",\"closes\":\"18:00\"},{\"@type\":\"OpeningHoursSpecification\",\"dayOfWeek\":[\"Saturday\",\"Sunday\"],\"opens\":\"00:00\",\"closes\":\"00:00\"}],\"email\":\"info@voltride.com\",\"taxID\":\"14871968\"},{\"@type\":\"PostalAddress\",\"@id\":\"https:\\\/\\\/haidak.eu\\\/et\\\/leatt-kindad-1-5-gripr-fuel\\\/#local-main-place-address\",\"streetAddress\":\"Voltride Telliskivi 57D\",\"addressLocality\":\"Tallinn\",\"postalCode\":\"10412\",\"addressRegion\":\"Tallinn\",\"addressCountry\":\"EE\"},{\"@type\":\"ImageObject\",\"inLanguage\":\"et\",\"@id\":\"https:\\\/\\\/haidak.eu\\\/et\\\/leatt-kindad-1-5-gripr-fuel\\\/#local-main-organization-logo\",\"url\":\"https:\\\/\\\/haidak.eu\\\/wp-content\\\/uploads\\\/voltride-logo.png\",\"contentUrl\":\"https:\\\/\\\/haidak.eu\\\/wp-content\\\/uploads\\\/voltride-logo.png\",\"width\":2481,\"height\":620,\"caption\":\"Voltride\"}]}<\/script>\n<meta property=\"og:availability\" content=\"instock\" \/>\n<meta property=\"product:availability\" content=\"instock\" \/>\n<meta property=\"product:retailer_item_id\" content=\"LTSG010\" \/>\n<meta property=\"product:condition\" content=\"new\" \/>\n<meta name=\"geo.placename\" content=\"Tallinn\" \/>\n<meta name=\"geo.position\" content=\"59.439554;24.726644\" \/>\n<meta name=\"geo.region\" content=\"Estonia\" \/>\n<!-- \/ Yoast SEO Premium plugin. -->","yoast_head_json":{"title":"Leatt Kindad 1.5 GripR Fuel | Voltride","robots":{"index":"noindex","follow":"follow","max-snippet":"max-snippet:-1","max-image-preview":"max-image-preview:large","max-video-preview":"max-video-preview:-1"},"og_locale":"et_EE","og_type":"article","og_title":"Leatt Kindad 1.5 GripR Fuel | Voltride","og_description":"Leatt Kindad 1.5 GripR Fuel Leatt Gloves 1.5 GripR Fuel on rihmavabad, kerged ja minimalistlikud kindad, mis pakuvad head \u00f5huliikuvust","og_url":"https:\/\/haidak.eu\/et\/leatt-kindad-1-5-gripr-fuel\/","og_site_name":"Voltride","article_publisher":"https:\/\/www.facebook.com\/voltridecom\/","article_modified_time":"2026-03-29T19:35:07+00:00","og_image":[{"width":1280,"height":1280,"url":"https:\/\/haidak.eu\/wp-content\/uploads\/2026\/03\/5018-63dd1a4d406d5890023328-leatt-gloves-moto-15-gripr-fuel-combo-6023040950-bfi0wdpshsyrwmbp-1.png","type":"image\/png"}],"twitter_card":"summary_large_image","schema":{"@context":"https:\/\/schema.org","@graph":[{"@type":"WebPage","@id":"https:\/\/haidak.eu\/et\/leatt-kindad-1-5-gripr-fuel\/","url":"https:\/\/haidak.eu\/et\/leatt-kindad-1-5-gripr-fuel\/","name":"Leatt Kindad 1.5 GripR Fuel | Voltride","isPartOf":{"@id":"https:\/\/haidak.eu\/et\/#website"},"primaryImageOfPage":{"@id":"https:\/\/haidak.eu\/et\/leatt-kindad-1-5-gripr-fuel\/#primaryimage"},"image":{"@id":"https:\/\/haidak.eu\/et\/leatt-kindad-1-5-gripr-fuel\/#primaryimage"},"thumbnailUrl":"https:\/\/haidak.eu\/wp-content\/uploads\/2026\/03\/5018-63dd1a4d406d5890023328-leatt-gloves-moto-15-gripr-fuel-combo-6023040950-bfi0wdpshsyrwmbp-1.png","datePublished":"2026-03-26T00:13:51+00:00","dateModified":"2026-03-29T19:35:07+00:00","breadcrumb":{"@id":"https:\/\/haidak.eu\/et\/leatt-kindad-1-5-gripr-fuel\/#breadcrumb"},"inLanguage":"et","potentialAction":[{"@type":"ReadAction","target":["https:\/\/haidak.eu\/et\/leatt-kindad-1-5-gripr-fuel\/"]}]},{"@type":"ImageObject","inLanguage":"et","@id":"https:\/\/haidak.eu\/et\/leatt-kindad-1-5-gripr-fuel\/#primaryimage","url":"https:\/\/haidak.eu\/wp-content\/uploads\/2026\/03\/5018-63dd1a4d406d5890023328-leatt-gloves-moto-15-gripr-fuel-combo-6023040950-bfi0wdpshsyrwmbp-1.png","contentUrl":"https:\/\/haidak.eu\/wp-content\/uploads\/2026\/03\/5018-63dd1a4d406d5890023328-leatt-gloves-moto-15-gripr-fuel-combo-6023040950-bfi0wdpshsyrwmbp-1.png","width":1280,"height":1280},{"@type":"BreadcrumbList","@id":"https:\/\/haidak.eu\/et\/leatt-kindad-1-5-gripr-fuel\/#breadcrumb","itemListElement":[{"@type":"ListItem","position":1,"name":"Kodu","item":"https:\/\/haidak.eu\/et\/"},{"@type":"ListItem","position":2,"name":"Pood","item":"https:\/\/haidak.eu\/shop\/"},{"@type":"ListItem","position":3,"name":"Lisavarustus","item":"https:\/\/haidak.eu\/et\/lisavarustus\/"},{"@type":"ListItem","position":4,"name":"Kaitsevarustus inimesele","item":"https:\/\/haidak.eu\/et\/kaitsevarustus-inimesele\/"},{"@type":"ListItem","position":5,"name":"Leatt Kindad 1.5 GripR Fuel"}]},{"@type":"WebSite","@id":"https:\/\/haidak.eu\/et\/#website","url":"https:\/\/haidak.eu\/et\/","name":"Voltride","description":"Parim elektrirataste elektrit\u00f5ukside ja \u00fcksrataste pood ja remont","publisher":{"@id":"https:\/\/haidak.eu\/et\/#organization"},"alternateName":"Vr","potentialAction":[{"@type":"SearchAction","target":{"@type":"EntryPoint","urlTemplate":"https:\/\/haidak.eu\/et\/?s={search_term_string}"},"query-input":{"@type":"PropertyValueSpecification","valueRequired":true,"valueName":"search_term_string"}}],"inLanguage":"et"},{"@type":["Organization","Place"],"@id":"https:\/\/haidak.eu\/et\/#organization","name":"Voltride","alternateName":"VR","url":"https:\/\/haidak.eu\/et\/","logo":{"@id":"https:\/\/haidak.eu\/et\/leatt-kindad-1-5-gripr-fuel\/#local-main-organization-logo"},"image":{"@id":"https:\/\/haidak.eu\/et\/leatt-kindad-1-5-gripr-fuel\/#local-main-organization-logo"},"sameAs":["https:\/\/www.facebook.com\/voltridecom\/"],"legalName":"Voltride O\u00dc","numberOfEmployees":{"@type":"QuantitativeValue","minValue":"1","maxValue":"10"},"ownershipFundingInfo":"https:\/\/haidak.eu\/about-us\/","hasMerchantReturnPolicy":{"@type":"MerchantReturnPolicy","merchantReturnLink":"https:\/\/haidak.eu\/shipping-and-returns\/"},"address":{"@id":"https:\/\/haidak.eu\/et\/leatt-kindad-1-5-gripr-fuel\/#local-main-place-address"},"geo":{"@type":"GeoCoordinates","latitude":"59.439554","longitude":"24.726644"},"telephone":["+372 600 40 99"],"contactPoint":{"@type":"ContactPoint","telephone":"+372 600 40 99","email":"info@voltride.com"},"openingHoursSpecification":[{"@type":"OpeningHoursSpecification","dayOfWeek":["Monday","Tuesday","Wednesday","Thursday","Friday"],"opens":"10:00","closes":"18:00"},{"@type":"OpeningHoursSpecification","dayOfWeek":["Saturday","Sunday"],"opens":"00:00","closes":"00:00"}],"email":"info@voltride.com","taxID":"14871968"},{"@type":"PostalAddress","@id":"https:\/\/haidak.eu\/et\/leatt-kindad-1-5-gripr-fuel\/#local-main-place-address","streetAddress":"Voltride Telliskivi 57D","addressLocality":"Tallinn","postalCode":"10412","addressRegion":"Tallinn","addressCountry":"EE"},{"@type":"ImageObject","inLanguage":"et","@id":"https:\/\/haidak.eu\/et\/leatt-kindad-1-5-gripr-fuel\/#local-main-organization-logo","url":"https:\/\/haidak.eu\/wp-content\/uploads\/voltride-logo.png","contentUrl":"https:\/\/haidak.eu\/wp-content\/uploads\/voltride-logo.png","width":2481,"height":620,"caption":"Voltride"}]},"og_availability":"instock","product_availability":"instock","product_retailer_item_id":"LTSG010","product_condition":"new","geo.placename":"Tallinn","geo.position":{"lat":"59.439554","long":"24.726644"},"geo.region":"Estonia"},"_links":{"self":[{"href":"https:\/\/haidak.eu\/et\/wp-json\/wp\/v2\/product\/19828","targetHints":{"allow":["GET"]}}],"collection":[{"href":"https:\/\/haidak.eu\/et\/wp-json\/wp\/v2\/product"}],"about":[{"href":"https:\/\/haidak.eu\/et\/wp-json\/wp\/v2\/types\/product"}],"replies":[{"embeddable":true,"href":"https:\/\/haidak.eu\/et\/wp-json\/wp\/v2\/comments?post=19828"}],"wp:featuredmedia":[{"embeddable":true,"href":"https:\/\/haidak.eu\/et\/wp-json\/wp\/v2\/media\/20722"}],"wp:attachment":[{"href":"https:\/\/haidak.eu\/et\/wp-json\/wp\/v2\/media?parent=19828"}],"wp:term":[{"taxonomy":"product_brand","embeddable":true,"href":"https:\/\/haidak.eu\/et\/wp-json\/wp\/v2\/product_brand?post=19828"},{"taxonomy":"product_cat","embeddable":true,"href":"https:\/\/haidak.eu\/et\/wp-json\/wp\/v2\/product_cat?post=19828"},{"taxonomy":"product_tag","embeddable":true,"href":"https:\/\/haidak.eu\/et\/wp-json\/wp\/v2\/product_tag?post=19828"}],"curies":[{"name":"wp","href":"https:\/\/api.w.org\/{rel}","templated":true}]}}