{"id":19834,"date":"2026-03-26T02:14:40","date_gmt":"2026-03-26T00:14:40","guid":{"rendered":"https:\/\/haidak.eu\/kiiver-kali-city\/"},"modified":"2026-03-29T21:35:09","modified_gmt":"2026-03-29T19:35:09","slug":"kiiver-kali-city","status":"publish","type":"product","link":"https:\/\/haidak.eu\/et\/kiiver-kali-city\/","title":{"rendered":"Kiiver Kali City"},"content":{"rendered":"<p style=\"box-sizing: border-box; margin: 0.85em 0px; padding: 0px; border: 0px rgb(242, 242, 242); font-width: inherit; font-size: inherit; line-height: inherit; font-family: HelveticaNeue, &quot;Helvetica Neue&quot;, Helvetica, Arial, sans-serif; font-size-adjust: inherit; font-kerning: inherit; font-variant-alternates: inherit; font-variant-ligatures: inherit; font-variant-numeric: inherit; font-variant-east-asian: inherit; font-variant-position: inherit; font-feature-settings: inherit; font-optical-sizing: inherit; font-variation-settings: inherit; vertical-align: baseline; caret-color: rgb(0, 0, 0); color: rgb(0, 0, 0);\">Kali City kiiver ei ole m\u00f5ni keskp\u00e4rane kiiver. City on spetsiaalselt linnat\u00e4navatel liiklejatele ehitatud Composite Fusion\u2122 Plus tehnoloogiaga varustatud kiiver, millega tulevad kaasa kaks visiiri (tume ja l\u00e4bipaiste), eemaldatavad k\u00f5rvapadjad k\u00fclmade ilmadega s\u00f5itmiseks ning USB-ga laetav tuli kiivri tagaosal. T\u00e4nu tulele kiivri tagaosal, on ka s\u00f5itmine pimedas turvaline!<\/p>\n<p style=\"box-sizing: border-box; margin: 0.85em 0px; padding: 0px; border: 0px rgb(242, 242, 242); font-width: inherit; font-size: inherit; line-height: inherit; font-family: HelveticaNeue, &quot;Helvetica Neue&quot;, Helvetica, Arial, sans-serif; font-size-adjust: inherit; font-kerning: inherit; font-variant-alternates: inherit; font-variant-ligatures: inherit; font-variant-numeric: inherit; font-variant-east-asian: inherit; font-variant-position: inherit; font-feature-settings: inherit; font-optical-sizing: inherit; font-variation-settings: inherit; vertical-align: baseline; caret-color: rgb(0, 0, 0); color: rgb(0, 0, 0);\">Omadused:<\/p>\n<form action=\"https:\/\/kaliprotectives.com\/cart\/add\" class=\"product-form\" enctype=\"multipart\/form-data\" id=\"AddToCartForm\" method=\"post\" style=\"box-sizing: border-box; margin: 15px 0px 20px; padding: 0px; border: 0px rgb(242, 242, 242); font-width: inherit; font-size: inherit; line-height: inherit; font-family: HelveticaNeue, &quot;Helvetica Neue&quot;, Helvetica, Arial, sans-serif; font-size-adjust: inherit; font-kerning: inherit; font-variant-alternates: inherit; font-variant-ligatures: inherit; font-variant-numeric: inherit; font-variant-east-asian: inherit; font-variant-position: inherit; font-feature-settings: inherit; font-optical-sizing: inherit; font-variation-settings: inherit; vertical-align: baseline; caret-color: rgb(0, 0, 0); color: rgb(0, 0, 0);\">\n<ul style=\"box-sizing: border-box; margin: 0px 0px 20px 7px; padding-right: 0px; padding-left: 0px; border: 0px rgb(242, 242, 242); font-style: inherit; font-variant-caps: inherit; font-width: inherit; font-size: inherit; line-height: inherit; font-family: inherit; font-size-adjust: inherit; font-kerning: inherit; font-variant-alternates: inherit; font-variant-ligatures: inherit; font-variant-numeric: inherit; font-variant-east-asian: inherit; font-variant-position: inherit; font-feature-settings: inherit; font-optical-sizing: inherit; font-variation-settings: inherit; vertical-align: baseline; list-style: none;\">\n<li style=\"box-sizing: border-box; margin: 0px; padding: 0px; border: 0px rgb(242, 242, 242); font-style: inherit; font-variant-caps: inherit; font-width: inherit; font-size: inherit; line-height: inherit; font-family: inherit; font-size-adjust: inherit; font-kerning: inherit; font-variant-alternates: inherit; font-variant-ligatures: inherit; font-variant-numeric: inherit; font-variant-east-asian: inherit; font-variant-position: inherit; font-feature-settings: inherit; font-optical-sizing: inherit; font-variation-settings: inherit; vertical-align: baseline;\">Integreeritud ning vahetatav visiir<\/li>\n<li style=\"box-sizing: border-box; margin: 0px; padding: 0px; border: 0px rgb(242, 242, 242); font-style: inherit; font-variant-caps: inherit; font-width: inherit; font-size: inherit; line-height: inherit; font-family: inherit; font-size-adjust: inherit; font-kerning: inherit; font-variant-alternates: inherit; font-variant-ligatures: inherit; font-variant-numeric: inherit; font-variant-east-asian: inherit; font-variant-position: inherit; font-feature-settings: inherit; font-optical-sizing: inherit; font-variation-settings: inherit; vertical-align: baseline;\">Anti-Mikroobsed pehmendused kiivri sees<\/li>\n<li style=\"box-sizing: border-box; margin: 0px; padding: 0px; border: 0px rgb(242, 242, 242); font-style: inherit; font-variant-caps: inherit; font-width: inherit; font-size: inherit; line-height: inherit; font-family: inherit; font-size-adjust: inherit; font-kerning: inherit; font-variant-alternates: inherit; font-variant-ligatures: inherit; font-variant-numeric: inherit; font-variant-east-asian: inherit; font-variant-position: inherit; font-feature-settings: inherit; font-optical-sizing: inherit; font-variation-settings: inherit; vertical-align: baseline;\">Eemaldatavad k\u00f5rvapadjad<\/li>\n<li style=\"box-sizing: border-box; margin: 0px; padding: 0px; border: 0px rgb(242, 242, 242); font-style: inherit; font-variant-caps: inherit; font-width: inherit; font-size: inherit; line-height: inherit; font-family: inherit; font-size-adjust: inherit; font-kerning: inherit; font-variant-alternates: inherit; font-variant-ligatures: inherit; font-variant-numeric: inherit; font-variant-east-asian: inherit; font-variant-position: inherit; font-feature-settings: inherit; font-optical-sizing: inherit; font-variation-settings: inherit; vertical-align: baseline;\">USB-ga laetav tuli kiivri tagaosal<\/li>\n<li style=\"box-sizing: border-box; margin: 0px; padding: 0px; border: 0px rgb(242, 242, 242); font-style: inherit; font-variant-caps: inherit; font-width: inherit; font-size: inherit; line-height: inherit; font-family: inherit; font-size-adjust: inherit; font-kerning: inherit; font-variant-alternates: inherit; font-variant-ligatures: inherit; font-variant-numeric: inherit; font-variant-east-asian: inherit; font-variant-position: inherit; font-feature-settings: inherit; font-optical-sizing: inherit; font-variation-settings: inherit; vertical-align: baseline;\">Tume ning l\u00e4bipaistev visiir<\/li>\n<\/ul>\n<p style=\"box-sizing: border-box; margin: 0.85em 0px; padding: 0px; border: 0px rgb(242, 242, 242); font-style: inherit; font-variant-caps: inherit; font-width: inherit; font-size: inherit; line-height: inherit; font-family: inherit; font-size-adjust: inherit; font-kerning: inherit; font-variant-alternates: inherit; font-variant-ligatures: inherit; font-variant-numeric: inherit; font-variant-east-asian: inherit; font-variant-position: inherit; font-feature-settings: inherit; font-optical-sizing: inherit; font-variation-settings: inherit; vertical-align: baseline;\">Kaal: 296g<br style=\"box-sizing: border-box;\" \/> \u00d5huavasid: 9<\/p>\n<p style=\"box-sizing: border-box; margin: 0.85em 0px; padding: 0px; border: 0px rgb(242, 242, 242); font-style: inherit; font-variant-caps: inherit; font-width: inherit; font-size: inherit; line-height: inherit; font-family: inherit; font-size-adjust: inherit; font-kerning: inherit; font-variant-alternates: inherit; font-variant-ligatures: inherit; font-variant-numeric: inherit; font-variant-east-asian: inherit; font-variant-position: inherit; font-feature-settings: inherit; font-optical-sizing: inherit; font-variation-settings: inherit; vertical-align: baseline;\"><strong style=\"box-sizing: border-box; margin: 0px; padding: 0px; border: 0px rgb(242, 242, 242); font-style: inherit; font-variant-caps: inherit; font-width: inherit; font-size: inherit; line-height: inherit; font-family: inherit; font-size-adjust: inherit; font-kerning: inherit; font-variant-alternates: inherit; font-variant-ligatures: inherit; font-variant-numeric: inherit; font-variant-east-asian: inherit; font-variant-position: inherit; font-feature-settings: inherit; font-optical-sizing: inherit; font-variation-settings: inherit; vertical-align: baseline;\">Suurused<\/strong>: S\/M 54-58cm, L\/XL 58-62<\/p>\n<\/p><\/form>\n","protected":false},"excerpt":{"rendered":"<p>Kali City kiiver ei ole m\u00f5ni keskp\u00e4rane kiiver. City on spetsiaalselt linnat\u00e4navatel liiklejatele ehitatud Composite Fusion\u2122 Plus tehnoloogiaga varustatud kiiver,<\/p>\n","protected":false},"featured_media":23514,"comment_status":"open","ping_status":"closed","template":"","meta":[],"product_brand":[],"product_cat":[714],"product_tag":[],"class_list":{"0":"post-19834","1":"product","2":"type-product","3":"status-publish","4":"has-post-thumbnail","6":"product_cat-kiivrid","8":"first","9":"instock","10":"taxable","11":"shipping-taxable","12":"purchasable","13":"product-type-variable"},"yoast_head":"<!-- This site is optimized with the Yoast SEO Premium plugin v27.3 (Yoast SEO v27.3) - https:\/\/yoast.com\/product\/yoast-seo-premium-wordpress\/ -->\n<title>Kiiver Kali City | Voltride<\/title>\n<meta name=\"robots\" content=\"noindex, follow, max-snippet:-1, max-image-preview:large, max-video-preview:-1\" \/>\n<meta property=\"og:locale\" content=\"et_EE\" \/>\n<meta property=\"og:type\" content=\"article\" \/>\n<meta property=\"og:title\" content=\"Kiiver Kali City | Voltride\" \/>\n<meta property=\"og:description\" content=\"Kali City kiiver ei ole m\u00f5ni keskp\u00e4rane kiiver. City on spetsiaalselt linnat\u00e4navatel liiklejatele ehitatud Composite Fusion\u2122 Plus tehnoloogiaga varustatud kiiver,\" \/>\n<meta property=\"og:url\" content=\"https:\/\/haidak.eu\/et\/kiiver-kali-city\/\" \/>\n<meta property=\"og:site_name\" content=\"Voltride\" \/>\n<meta property=\"article:publisher\" content=\"https:\/\/www.facebook.com\/voltridecom\/\" \/>\n<meta property=\"article:modified_time\" content=\"2026-03-29T19:35:09+00:00\" \/>\n<meta property=\"og:image\" content=\"https:\/\/haidak.eu\/wp-content\/uploads\/2026\/03\/6621-68ac4ffbdcd59546517072-kali-city-sld-mat-mos-blk-a1-1-1024x922.png\" \/>\n\t<meta property=\"og:image:width\" content=\"1024\" \/>\n\t<meta property=\"og:image:height\" content=\"922\" \/>\n\t<meta property=\"og:image:type\" content=\"image\/png\" \/>\n<meta name=\"twitter:card\" content=\"summary_large_image\" \/>\n<script type=\"application\/ld+json\" class=\"yoast-schema-graph\">{\"@context\":\"https:\\\/\\\/schema.org\",\"@graph\":[{\"@type\":\"WebPage\",\"@id\":\"https:\\\/\\\/haidak.eu\\\/et\\\/kiiver-kali-city\\\/\",\"url\":\"https:\\\/\\\/haidak.eu\\\/et\\\/kiiver-kali-city\\\/\",\"name\":\"Kiiver Kali City | Voltride\",\"isPartOf\":{\"@id\":\"https:\\\/\\\/haidak.eu\\\/et\\\/#website\"},\"primaryImageOfPage\":{\"@id\":\"https:\\\/\\\/haidak.eu\\\/et\\\/kiiver-kali-city\\\/#primaryimage\"},\"image\":{\"@id\":\"https:\\\/\\\/haidak.eu\\\/et\\\/kiiver-kali-city\\\/#primaryimage\"},\"thumbnailUrl\":\"https:\\\/\\\/haidak.eu\\\/wp-content\\\/uploads\\\/2026\\\/03\\\/6621-68ac4ffbdcd59546517072-kali-city-sld-mat-mos-blk-a1-1.png\",\"datePublished\":\"2026-03-26T00:14:40+00:00\",\"dateModified\":\"2026-03-29T19:35:09+00:00\",\"breadcrumb\":{\"@id\":\"https:\\\/\\\/haidak.eu\\\/et\\\/kiiver-kali-city\\\/#breadcrumb\"},\"inLanguage\":\"et\",\"potentialAction\":[{\"@type\":\"ReadAction\",\"target\":[\"https:\\\/\\\/haidak.eu\\\/et\\\/kiiver-kali-city\\\/\"]}]},{\"@type\":\"ImageObject\",\"inLanguage\":\"et\",\"@id\":\"https:\\\/\\\/haidak.eu\\\/et\\\/kiiver-kali-city\\\/#primaryimage\",\"url\":\"https:\\\/\\\/haidak.eu\\\/wp-content\\\/uploads\\\/2026\\\/03\\\/6621-68ac4ffbdcd59546517072-kali-city-sld-mat-mos-blk-a1-1.png\",\"contentUrl\":\"https:\\\/\\\/haidak.eu\\\/wp-content\\\/uploads\\\/2026\\\/03\\\/6621-68ac4ffbdcd59546517072-kali-city-sld-mat-mos-blk-a1-1.png\",\"width\":2400,\"height\":2160},{\"@type\":\"BreadcrumbList\",\"@id\":\"https:\\\/\\\/haidak.eu\\\/et\\\/kiiver-kali-city\\\/#breadcrumb\",\"itemListElement\":[{\"@type\":\"ListItem\",\"position\":1,\"name\":\"Kodu\",\"item\":\"https:\\\/\\\/haidak.eu\\\/et\\\/\"},{\"@type\":\"ListItem\",\"position\":2,\"name\":\"Pood\",\"item\":\"https:\\\/\\\/haidak.eu\\\/shop\\\/\"},{\"@type\":\"ListItem\",\"position\":3,\"name\":\"Lisavarustus\",\"item\":\"https:\\\/\\\/haidak.eu\\\/et\\\/lisavarustus\\\/\"},{\"@type\":\"ListItem\",\"position\":4,\"name\":\"Kiivrid\",\"item\":\"https:\\\/\\\/haidak.eu\\\/et\\\/kiivrid\\\/\"},{\"@type\":\"ListItem\",\"position\":5,\"name\":\"Kiiver Kali City\"}]},{\"@type\":\"WebSite\",\"@id\":\"https:\\\/\\\/haidak.eu\\\/et\\\/#website\",\"url\":\"https:\\\/\\\/haidak.eu\\\/et\\\/\",\"name\":\"Voltride\",\"description\":\"Parim elektrirataste elektrit\u00f5ukside ja \u00fcksrataste pood ja remont\",\"publisher\":{\"@id\":\"https:\\\/\\\/haidak.eu\\\/et\\\/#organization\"},\"alternateName\":\"Vr\",\"potentialAction\":[{\"@type\":\"SearchAction\",\"target\":{\"@type\":\"EntryPoint\",\"urlTemplate\":\"https:\\\/\\\/haidak.eu\\\/et\\\/?s={search_term_string}\"},\"query-input\":{\"@type\":\"PropertyValueSpecification\",\"valueRequired\":true,\"valueName\":\"search_term_string\"}}],\"inLanguage\":\"et\"},{\"@type\":[\"Organization\",\"Place\"],\"@id\":\"https:\\\/\\\/haidak.eu\\\/et\\\/#organization\",\"name\":\"Voltride\",\"alternateName\":\"VR\",\"url\":\"https:\\\/\\\/haidak.eu\\\/et\\\/\",\"logo\":{\"@id\":\"https:\\\/\\\/haidak.eu\\\/et\\\/kiiver-kali-city\\\/#local-main-organization-logo\"},\"image\":{\"@id\":\"https:\\\/\\\/haidak.eu\\\/et\\\/kiiver-kali-city\\\/#local-main-organization-logo\"},\"sameAs\":[\"https:\\\/\\\/www.facebook.com\\\/voltridecom\\\/\"],\"legalName\":\"Voltride O\u00dc\",\"numberOfEmployees\":{\"@type\":\"QuantitativeValue\",\"minValue\":\"1\",\"maxValue\":\"10\"},\"ownershipFundingInfo\":\"https:\\\/\\\/haidak.eu\\\/about-us\\\/\",\"hasMerchantReturnPolicy\":{\"@type\":\"MerchantReturnPolicy\",\"merchantReturnLink\":\"https:\\\/\\\/haidak.eu\\\/shipping-and-returns\\\/\"},\"address\":{\"@id\":\"https:\\\/\\\/haidak.eu\\\/et\\\/kiiver-kali-city\\\/#local-main-place-address\"},\"geo\":{\"@type\":\"GeoCoordinates\",\"latitude\":\"59.439554\",\"longitude\":\"24.726644\"},\"telephone\":[\"+372 600 40 99\"],\"contactPoint\":{\"@type\":\"ContactPoint\",\"telephone\":\"+372 600 40 99\",\"email\":\"info@voltride.com\"},\"openingHoursSpecification\":[{\"@type\":\"OpeningHoursSpecification\",\"dayOfWeek\":[\"Monday\",\"Tuesday\",\"Wednesday\",\"Thursday\",\"Friday\"],\"opens\":\"10:00\",\"closes\":\"18:00\"},{\"@type\":\"OpeningHoursSpecification\",\"dayOfWeek\":[\"Saturday\",\"Sunday\"],\"opens\":\"00:00\",\"closes\":\"00:00\"}],\"email\":\"info@voltride.com\",\"taxID\":\"14871968\"},{\"@type\":\"PostalAddress\",\"@id\":\"https:\\\/\\\/haidak.eu\\\/et\\\/kiiver-kali-city\\\/#local-main-place-address\",\"streetAddress\":\"Voltride Telliskivi 57D\",\"addressLocality\":\"Tallinn\",\"postalCode\":\"10412\",\"addressRegion\":\"Tallinn\",\"addressCountry\":\"EE\"},{\"@type\":\"ImageObject\",\"inLanguage\":\"et\",\"@id\":\"https:\\\/\\\/haidak.eu\\\/et\\\/kiiver-kali-city\\\/#local-main-organization-logo\",\"url\":\"https:\\\/\\\/haidak.eu\\\/wp-content\\\/uploads\\\/voltride-logo.png\",\"contentUrl\":\"https:\\\/\\\/haidak.eu\\\/wp-content\\\/uploads\\\/voltride-logo.png\",\"width\":2481,\"height\":620,\"caption\":\"Voltride\"}]}<\/script>\n<meta property=\"og:availability\" content=\"instock\" \/>\n<meta property=\"product:availability\" content=\"instock\" \/>\n<meta property=\"product:retailer_item_id\" content=\"KLHL010\" \/>\n<meta property=\"product:condition\" content=\"new\" \/>\n<meta name=\"geo.placename\" content=\"Tallinn\" \/>\n<meta name=\"geo.position\" content=\"59.439554;24.726644\" \/>\n<meta name=\"geo.region\" content=\"Estonia\" \/>\n<!-- \/ Yoast SEO Premium plugin. -->","yoast_head_json":{"title":"Kiiver Kali City | Voltride","robots":{"index":"noindex","follow":"follow","max-snippet":"max-snippet:-1","max-image-preview":"max-image-preview:large","max-video-preview":"max-video-preview:-1"},"og_locale":"et_EE","og_type":"article","og_title":"Kiiver Kali City | Voltride","og_description":"Kali City kiiver ei ole m\u00f5ni keskp\u00e4rane kiiver. City on spetsiaalselt linnat\u00e4navatel liiklejatele ehitatud Composite Fusion\u2122 Plus tehnoloogiaga varustatud kiiver,","og_url":"https:\/\/haidak.eu\/et\/kiiver-kali-city\/","og_site_name":"Voltride","article_publisher":"https:\/\/www.facebook.com\/voltridecom\/","article_modified_time":"2026-03-29T19:35:09+00:00","og_image":[{"width":1024,"height":922,"url":"https:\/\/haidak.eu\/wp-content\/uploads\/2026\/03\/6621-68ac4ffbdcd59546517072-kali-city-sld-mat-mos-blk-a1-1-1024x922.png","type":"image\/png"}],"twitter_card":"summary_large_image","schema":{"@context":"https:\/\/schema.org","@graph":[{"@type":"WebPage","@id":"https:\/\/haidak.eu\/et\/kiiver-kali-city\/","url":"https:\/\/haidak.eu\/et\/kiiver-kali-city\/","name":"Kiiver Kali City | Voltride","isPartOf":{"@id":"https:\/\/haidak.eu\/et\/#website"},"primaryImageOfPage":{"@id":"https:\/\/haidak.eu\/et\/kiiver-kali-city\/#primaryimage"},"image":{"@id":"https:\/\/haidak.eu\/et\/kiiver-kali-city\/#primaryimage"},"thumbnailUrl":"https:\/\/haidak.eu\/wp-content\/uploads\/2026\/03\/6621-68ac4ffbdcd59546517072-kali-city-sld-mat-mos-blk-a1-1.png","datePublished":"2026-03-26T00:14:40+00:00","dateModified":"2026-03-29T19:35:09+00:00","breadcrumb":{"@id":"https:\/\/haidak.eu\/et\/kiiver-kali-city\/#breadcrumb"},"inLanguage":"et","potentialAction":[{"@type":"ReadAction","target":["https:\/\/haidak.eu\/et\/kiiver-kali-city\/"]}]},{"@type":"ImageObject","inLanguage":"et","@id":"https:\/\/haidak.eu\/et\/kiiver-kali-city\/#primaryimage","url":"https:\/\/haidak.eu\/wp-content\/uploads\/2026\/03\/6621-68ac4ffbdcd59546517072-kali-city-sld-mat-mos-blk-a1-1.png","contentUrl":"https:\/\/haidak.eu\/wp-content\/uploads\/2026\/03\/6621-68ac4ffbdcd59546517072-kali-city-sld-mat-mos-blk-a1-1.png","width":2400,"height":2160},{"@type":"BreadcrumbList","@id":"https:\/\/haidak.eu\/et\/kiiver-kali-city\/#breadcrumb","itemListElement":[{"@type":"ListItem","position":1,"name":"Kodu","item":"https:\/\/haidak.eu\/et\/"},{"@type":"ListItem","position":2,"name":"Pood","item":"https:\/\/haidak.eu\/shop\/"},{"@type":"ListItem","position":3,"name":"Lisavarustus","item":"https:\/\/haidak.eu\/et\/lisavarustus\/"},{"@type":"ListItem","position":4,"name":"Kiivrid","item":"https:\/\/haidak.eu\/et\/kiivrid\/"},{"@type":"ListItem","position":5,"name":"Kiiver Kali City"}]},{"@type":"WebSite","@id":"https:\/\/haidak.eu\/et\/#website","url":"https:\/\/haidak.eu\/et\/","name":"Voltride","description":"Parim elektrirataste elektrit\u00f5ukside ja \u00fcksrataste pood ja remont","publisher":{"@id":"https:\/\/haidak.eu\/et\/#organization"},"alternateName":"Vr","potentialAction":[{"@type":"SearchAction","target":{"@type":"EntryPoint","urlTemplate":"https:\/\/haidak.eu\/et\/?s={search_term_string}"},"query-input":{"@type":"PropertyValueSpecification","valueRequired":true,"valueName":"search_term_string"}}],"inLanguage":"et"},{"@type":["Organization","Place"],"@id":"https:\/\/haidak.eu\/et\/#organization","name":"Voltride","alternateName":"VR","url":"https:\/\/haidak.eu\/et\/","logo":{"@id":"https:\/\/haidak.eu\/et\/kiiver-kali-city\/#local-main-organization-logo"},"image":{"@id":"https:\/\/haidak.eu\/et\/kiiver-kali-city\/#local-main-organization-logo"},"sameAs":["https:\/\/www.facebook.com\/voltridecom\/"],"legalName":"Voltride O\u00dc","numberOfEmployees":{"@type":"QuantitativeValue","minValue":"1","maxValue":"10"},"ownershipFundingInfo":"https:\/\/haidak.eu\/about-us\/","hasMerchantReturnPolicy":{"@type":"MerchantReturnPolicy","merchantReturnLink":"https:\/\/haidak.eu\/shipping-and-returns\/"},"address":{"@id":"https:\/\/haidak.eu\/et\/kiiver-kali-city\/#local-main-place-address"},"geo":{"@type":"GeoCoordinates","latitude":"59.439554","longitude":"24.726644"},"telephone":["+372 600 40 99"],"contactPoint":{"@type":"ContactPoint","telephone":"+372 600 40 99","email":"info@voltride.com"},"openingHoursSpecification":[{"@type":"OpeningHoursSpecification","dayOfWeek":["Monday","Tuesday","Wednesday","Thursday","Friday"],"opens":"10:00","closes":"18:00"},{"@type":"OpeningHoursSpecification","dayOfWeek":["Saturday","Sunday"],"opens":"00:00","closes":"00:00"}],"email":"info@voltride.com","taxID":"14871968"},{"@type":"PostalAddress","@id":"https:\/\/haidak.eu\/et\/kiiver-kali-city\/#local-main-place-address","streetAddress":"Voltride Telliskivi 57D","addressLocality":"Tallinn","postalCode":"10412","addressRegion":"Tallinn","addressCountry":"EE"},{"@type":"ImageObject","inLanguage":"et","@id":"https:\/\/haidak.eu\/et\/kiiver-kali-city\/#local-main-organization-logo","url":"https:\/\/haidak.eu\/wp-content\/uploads\/voltride-logo.png","contentUrl":"https:\/\/haidak.eu\/wp-content\/uploads\/voltride-logo.png","width":2481,"height":620,"caption":"Voltride"}]},"og_availability":"instock","product_availability":"instock","product_retailer_item_id":"KLHL010","product_condition":"new","geo.placename":"Tallinn","geo.position":{"lat":"59.439554","long":"24.726644"},"geo.region":"Estonia"},"_links":{"self":[{"href":"https:\/\/haidak.eu\/et\/wp-json\/wp\/v2\/product\/19834","targetHints":{"allow":["GET"]}}],"collection":[{"href":"https:\/\/haidak.eu\/et\/wp-json\/wp\/v2\/product"}],"about":[{"href":"https:\/\/haidak.eu\/et\/wp-json\/wp\/v2\/types\/product"}],"replies":[{"embeddable":true,"href":"https:\/\/haidak.eu\/et\/wp-json\/wp\/v2\/comments?post=19834"}],"wp:featuredmedia":[{"embeddable":true,"href":"https:\/\/haidak.eu\/et\/wp-json\/wp\/v2\/media\/23514"}],"wp:attachment":[{"href":"https:\/\/haidak.eu\/et\/wp-json\/wp\/v2\/media?parent=19834"}],"wp:term":[{"taxonomy":"product_brand","embeddable":true,"href":"https:\/\/haidak.eu\/et\/wp-json\/wp\/v2\/product_brand?post=19834"},{"taxonomy":"product_cat","embeddable":true,"href":"https:\/\/haidak.eu\/et\/wp-json\/wp\/v2\/product_cat?post=19834"},{"taxonomy":"product_tag","embeddable":true,"href":"https:\/\/haidak.eu\/et\/wp-json\/wp\/v2\/product_tag?post=19834"}],"curies":[{"name":"wp","href":"https:\/\/api.w.org\/{rel}","templated":true}]}}