{"id":12785,"date":"2025-11-05T13:48:27","date_gmt":"2025-11-05T11:48:27","guid":{"rendered":"https:\/\/haidak.eu\/veteran-patton-s-50s\/"},"modified":"2026-03-31T23:23:09","modified_gmt":"2026-03-31T21:23:09","slug":"veteran-patton-s-50s","status":"publish","type":"product","link":"https:\/\/haidak.eu\/fi\/veteran-patton-s-50s\/","title":{"rendered":"Veteran Patton S 50s"},"content":{"rendered":"<div class=\"wpb-content-wrapper\"><p>[vc_row css=&#8221;.vc_custom_1738843193265{background-color: #0F3F36 !important;}&#8221; woodmart_css_id=&#8221;67a4a4339c25a&#8221; responsive_spacing=&#8221;eyJwYXJhbV90eXBlIjoid29vZG1hcnRfcmVzcG9uc2l2ZV9zcGFjaW5nIiwic2VsZWN0b3JfaWQiOiI2N2E0YTQzMzljMjVhIiwic2hvcnRjb2RlIjoidmNfcm93IiwiZGF0YSI6eyJ0YWJsZXQiOnt9LCJtb2JpbGUiOnt9fX0=&#8221; mobile_bg_img_hidden=&#8221;no&#8221; tablet_bg_img_hidden=&#8221;no&#8221; woodmart_parallax=&#8221;0&#8243; woodmart_gradient_switch=&#8221;no&#8221; woodmart_box_shadow=&#8221;no&#8221; wd_z_index=&#8221;no&#8221; woodmart_disable_overflow=&#8221;0&#8243; row_reverse_mobile=&#8221;0&#8243; row_reverse_tablet=&#8221;0&#8243; el_id=&#8221;p-description&#8221; el_class=&#8221;product-description&#8221;][vc_column][vc_row_inner equal_height=&#8221;yes&#8221; content_placement=&#8221;top&#8221; gap=&#8221;30&#8243; woodmart_css_id=&#8221;67ad1e7334786&#8243; responsive_spacing=&#8221;eyJwYXJhbV90eXBlIjoid29vZG1hcnRfcmVzcG9uc2l2ZV9zcGFjaW5nIiwic2VsZWN0b3JfaWQiOiI2N2FkMWU3MzM0Nzg2Iiwic2hvcnRjb2RlIjoidmNfcm93X2lubmVyIiwiZGF0YSI6eyJ0YWJsZXQiOnt9LCJtb2JpbGUiOnt9fX0=&#8221; mobile_bg_img_hidden=&#8221;no&#8221; tablet_bg_img_hidden=&#8221;no&#8221; woodmart_parallax=&#8221;0&#8243; woodmart_gradient_switch=&#8221;no&#8221; woodmart_box_shadow=&#8221;no&#8221; wd_z_index=&#8221;no&#8221; woodmart_disable_overflow=&#8221;0&#8243; row_reverse_mobile=&#8221;0&#8243; row_reverse_tablet=&#8221;0&#8243; el_class=&#8221;inside-dec-row&#8221;][vc_column_inner width=&#8221;1\/2&#8243;][vc_column_text css=&#8221;&#8221; woodmart_inline=&#8221;no&#8221; text_larger=&#8221;no&#8221;]<\/p>\n<h3 style=\"text-align: left;\">Korkean Suorituskyvyn Voimalinja<br \/>\n<\/h3>\n<p>[\/vc_column_text][vc_column_text css=&#8221;&#8221; woodmart_inline=&#8221;no&#8221; text_larger=&#8221;no&#8221; el_class=&#8221;features-list&#8221;]Patton S 50S:ss\u00e4 on 3000 W v\u00e4\u00e4nt\u00f6moottori, joka voi huipussaan saavuttaa jopa 7000 W tehon. Se tarjoaa nopean kiihtyvyyden ja mahdollistaa jopa 31\u00b0 nousujen ajamisen vaivattomasti. Kaksikerroksinen ohjausj\u00e4rjestelm\u00e4 auttaa hallitsemaan tehoa tarkasti ja pit\u00e4\u00e4 l\u00e4mp\u00f6tilan paremmin hallinnassa kuormituksen aikana. T\u00e4m\u00e4n ansiosta ajo pysyy vakaana my\u00f6s jyrkiss\u00e4 nousuissa ja sporttisemmassa ajossa.[\/vc_column_text][\/vc_column_inner][vc_column_inner width=&#8221;1\/2&#8243;][vc_column_text css=&#8221;&#8221; woodmart_inline=&#8221;no&#8221; text_larger=&#8221;no&#8221;]<\/p>\n<h3 id=\"h-long-range-battery-system\" class=\"wp-block-heading\">Suuren Kapasiteetin Akkuj\u00e4rjestelm\u00e4<\/h3>\n<p>[\/vc_column_text][vc_column_text css=&#8221;&#8221; woodmart_inline=&#8221;no&#8221; text_larger=&#8221;no&#8221; el_class=&#8221;features-list&#8221;]Patton S on varustettu korkeaj\u00e4nnitteisell\u00e4 126 V ja 2220 Wh akulla, jossa k\u00e4ytet\u00e4\u00e4n laadukkaita Samsung 50S -kennoja. Hyviss\u00e4 olosuhteissa se mahdollistaa noin 100 km toimintas\u00e4teen yhdell\u00e4 latauksella. Akun toimintaa ohjaa \u00e4lyk\u00e4s akunhallintaj\u00e4rjestelm\u00e4 (BMS), joka pit\u00e4\u00e4 j\u00e4rjestelm\u00e4n vakaana ja turvallisena. Se tasapainottaa kennot, suojaa ylivirralta ja oikosululta sek\u00e4 valvoo akun l\u00e4mp\u00f6tilaa, jotta energian k\u00e4ytt\u00f6 olisi mahdollisimman tehokasta ja luotettavaa.[\/vc_column_text][\/vc_column_inner][\/vc_row_inner][vc_row_inner equal_height=&#8221;yes&#8221; content_placement=&#8221;top&#8221; gap=&#8221;30&#8243; woodmart_css_id=&#8221;67ad1e7334786&#8243; responsive_spacing=&#8221;eyJwYXJhbV90eXBlIjoid29vZG1hcnRfcmVzcG9uc2l2ZV9zcGFjaW5nIiwic2VsZWN0b3JfaWQiOiI2N2FkMWU3MzM0Nzg2Iiwic2hvcnRjb2RlIjoidmNfcm93X2lubmVyIiwiZGF0YSI6eyJ0YWJsZXQiOnt9LCJtb2JpbGUiOnt9fX0=&#8221; mobile_bg_img_hidden=&#8221;no&#8221; tablet_bg_img_hidden=&#8221;no&#8221; woodmart_parallax=&#8221;0&#8243; woodmart_gradient_switch=&#8221;no&#8221; woodmart_box_shadow=&#8221;no&#8221; wd_z_index=&#8221;no&#8221; woodmart_disable_overflow=&#8221;0&#8243; row_reverse_mobile=&#8221;0&#8243; row_reverse_tablet=&#8221;0&#8243; el_class=&#8221;inside-dec-row&#8221;][vc_column_inner width=&#8221;1\/2&#8243;][vc_column_text css=&#8221;&#8221; woodmart_inline=&#8221;no&#8221; text_larger=&#8221;no&#8221;]<\/p>\n<h3 id=\"h-precision-suspension-system\" class=\"wp-block-heading\">Tarkka Jousitusj\u00e4rjestelm\u00e4<\/h3>\n<p>[\/vc_column_text][vc_column_text css=&#8221;&#8221; woodmart_inline=&#8221;no&#8221; text_larger=&#8221;no&#8221; el_class=&#8221;features-list&#8221;]Keskelle sijoitettu hydraulinen jousitus tarjoaa 80 mm joustomatkan ja voidaan s\u00e4\u00e4t\u00e4\u00e4 tarkasti oman ajotyylin mukaan. Esij\u00e4nnityst\u00e4 voidaan s\u00e4\u00e4t\u00e4\u00e4 12 tasossa ja paluuvaimennusta 18 tasossa, joten voit s\u00e4\u00e4t\u00e4\u00e4 jousituksen tuntuman juuri itsellesi sopivaksi. Olipa edess\u00e4 kaupungin kuoppaiset kadut tai kivinen mets\u00e4polku \u2013 Fastace-jousitus vaimentaa iskuja tehokkaasti ja pit\u00e4\u00e4 ajon mukavana sek\u00e4 laitteen hallinnan vakaana.[\/vc_column_text][\/vc_column_inner][vc_column_inner width=&#8221;1\/2&#8243;][vc_column_text css=&#8221;&#8221; woodmart_inline=&#8221;no&#8221; text_larger=&#8221;no&#8221;]<\/p>\n<h3 id=\"h-built-for-durability-and-control\" class=\"wp-block-heading\">Suunniteltu Kest\u00e4vyytt\u00e4 ja Varmaa Hallintaa Varten<\/h3>\n<p>[\/vc_column_text][vc_column_text css=&#8221;&#8221; woodmart_inline=&#8221;no&#8221; text_larger=&#8221;no&#8221; el_class=&#8221;features-list&#8221;]Magnesiumseoksesta valmistettu akkukotelo ja vahvistettu runko pit\u00e4v\u00e4t laitteen painon alhaisena samalla kun rakenne s\u00e4ilyy vahvana ja kest\u00e4v\u00e4n\u00e4. 18 tuuman rengas nelj\u00e4ll\u00e4 integroidulla vahvistuksella tarjoaa hyv\u00e4n pidon ja vakauden soralla, mets\u00e4poluilla sek\u00e4 kaupunkikaduilla. 36 kg painollaan Patton S on kevyempi kuin aiemmat mallit, mutta kest\u00e4vyydest\u00e4 ei ole tingitty.[\/vc_column_text][vc_column_text css=&#8221;&#8221; woodmart_inline=&#8221;no&#8221; text_larger=&#8221;no&#8221; el_class=&#8221;featured-list&#8221;][\/vc_column_text][\/vc_column_inner][\/vc_row_inner]\t\t<div id=\"wd-690b50fa89fec\" class=\"wd-text-block wd-wpb reset-last-child wd-rs-690b50fa89fec text-left \">\n\t\t\t<h3 id=\"h-advanced-rider-interface\" class=\"wp-block-heading\" style=\"text-align: center;\">Kehittynyt Ohjausliittym\u00e4<\/h3>\n\t\t<\/div>\n\t\t[vc_column_text css=&#8221;&#8221; woodmart_inline=&#8221;no&#8221; text_larger=&#8221;no&#8221; el_class=&#8221;features-list&#8221;]<\/p>\n<p style=\"text-align: center;\"><strong>Valaistus<\/strong>: 20 W kaksilinssinen ajovalo (2500 lm) sek\u00e4 takana jarru- ja vilkut<\/p>\n<p style=\"text-align: center;\"><strong>N\u00e4ytt\u00f6<\/strong>: n\u00e4ytt\u00e4\u00e4 reaaliajassa nopeuden, j\u00e4nnitteen, ajotilan ja akun varaustason<\/p>\n<p style=\"text-align: center;\"><strong>Hallinta<\/strong>: integroitu kuljetuskahva, piikkim\u00e4iset magnesium-polkimet ja mahdollisuus lis\u00e4t\u00e4 seisontatuki<\/p>\n<p style=\"text-align: center;\"><strong>Turvallisuus<\/strong>: t\u00e4ysin integroitu akunhallintaj\u00e4rjestelm\u00e4 (BMS), l\u00e4mp\u00f6- ja roiskeenkest\u00e4v\u00e4 rakenne sek\u00e4 h\u00e4iri\u00f6suojattu elektroniikka<\/p>\n<p>[\/vc_column_text]\t\t<div class=\"wd-el-video wd-wpb wd-rs-690b4bdcc46ed wd-action-without wd-video-youtube\">\n\t\t\t\t\t\t\t<iframe src=\"https:\/\/www.youtube.com\/embed\/8_Lf_pbfuBs?feature=oembed&loop=0&mute=0&controls=1&autoplay=0\" allowfullscreen allow=\"accelerometer; autoplay; encrypted-media; gyroscope; picture-in-picture\" width=\"100%\" height=\"100%\" loading=\"lazy\" aria-label=\"Videosoitin\"><\/iframe>\t\t\t\n\t\t\t\n\t\t\t\n\t\t\t\t\t<\/div>\n\t\t[vc_empty_space height=&#8221;2vw&#8221; woodmart_hide_large=&#8221;0&#8243; woodmart_hide_medium=&#8221;0&#8243; woodmart_hide_small=&#8221;0&#8243;][vc_row_inner el_class=&#8221;product-cta&#8221; woodmart_css_id=&#8221;67ad831e70f64&#8243; responsive_spacing=&#8221;eyJwYXJhbV90eXBlIjoid29vZG1hcnRfcmVzcG9uc2l2ZV9zcGFjaW5nIiwic2VsZWN0b3JfaWQiOiI2N2FkODMxZTcwZjY0Iiwic2hvcnRjb2RlIjoidmNfcm93X2lubmVyIiwiZGF0YSI6eyJ0YWJsZXQiOnt9LCJtb2JpbGUiOnt9fX0=&#8221; mobile_bg_img_hidden=&#8221;no&#8221; tablet_bg_img_hidden=&#8221;no&#8221; woodmart_parallax=&#8221;0&#8243; woodmart_gradient_switch=&#8221;no&#8221; woodmart_box_shadow=&#8221;no&#8221; wd_z_index=&#8221;no&#8221; woodmart_disable_overflow=&#8221;0&#8243; row_reverse_mobile=&#8221;0&#8243; row_reverse_tablet=&#8221;0&#8243;][vc_column_inner][vc_column_text css=&#8221;&#8221; el_class=&#8221;bigger-cta-heading&#8221; woodmart_inline=&#8221;no&#8221; text_larger=&#8221;no&#8221;]<\/p>\n<h4>Tilaa oma Veteran Patton S -s\u00e4hk\u00f6yksipy\u00f6r\u00e4 jo t\u00e4n\u00e4\u00e4n!<\/h4>\n<p>[\/vc_column_text][\/vc_column_inner][\/vc_row_inner][\/vc_column][vc_column][\/vc_column][\/vc_row]<\/p>\n<\/div>","protected":false},"excerpt":{"rendered":"<p>Leaperkim <strong>Veteran Patton S 50S<\/strong> on tehokas s\u00e4hk\u00f6yksipy\u00f6r\u00e4, jossa on 3000 W moottori, 126 V ja 2220 Wh akku Samsung 50S -kennoilla sek\u00e4 t\u00e4ysin s\u00e4\u00e4dett\u00e4v\u00e4 keskelle sijoitettu jousitus. Se on suunniteltu sek\u00e4 p\u00e4ivitt\u00e4iseen kaupunkiajoon ett\u00e4 maastoajoon. Patton S yhdist\u00e4\u00e4 tehon, hyv\u00e4n hallittavuuden ja turvallisuuden kest\u00e4v\u00e4\u00e4n mutta suhteellisen kevyeen rakenteeseen.<\/p>\n","protected":false},"featured_media":12781,"comment_status":"closed","ping_status":"closed","template":"","meta":[],"product_brand":[655],"product_cat":[651],"product_tag":[],"class_list":{"0":"post-12785","1":"product","2":"type-product","3":"status-publish","4":"has-post-thumbnail","6":"product_brand-veteran","7":"product_cat-sahkoiset-yksipyoraiset","9":"first","10":"instock","11":"sale","12":"taxable","13":"shipping-taxable","14":"purchasable","15":"product-type-variable"},"yoast_head":"<!-- This site is optimized with the Yoast SEO Premium plugin v27.3 (Yoast SEO v27.4) - https:\/\/yoast.com\/product\/yoast-seo-premium-wordpress\/ -->\n<title>Leaperkim Veteran Patton S 50S \u2013 tehokas s\u00e4hk\u00f6yksipy\u00f6r\u00e4 | Voltride<\/title>\n<meta name=\"description\" content=\"Veteran Patton S 50S on tehokas 126 V s\u00e4hk\u00f6yksipy\u00f6r\u00e4, jossa on s\u00e4\u00e4dett\u00e4v\u00e4 jousitus ja voimakas moottori sek\u00e4 kaupunki- ett\u00e4 maastoajoon.\" \/>\n<meta name=\"robots\" content=\"noindex, follow, max-snippet:-1, max-image-preview:large, max-video-preview:-1\" \/>\n<meta property=\"og:locale\" content=\"fi_FI\" \/>\n<meta property=\"og:type\" content=\"article\" \/>\n<meta property=\"og:title\" content=\"Veteran Patton S 50s | Voltride\" \/>\n<meta property=\"og:description\" content=\"Veteran Patton S 50S on tehokas 126 V s\u00e4hk\u00f6yksipy\u00f6r\u00e4, jossa on s\u00e4\u00e4dett\u00e4v\u00e4 jousitus ja voimakas moottori sek\u00e4 kaupunki- ett\u00e4 maastoajoon.\" \/>\n<meta property=\"og:url\" content=\"https:\/\/haidak.eu\/fi\/veteran-patton-s-50s\/\" \/>\n<meta property=\"og:site_name\" content=\"Voltride\" \/>\n<meta property=\"article:publisher\" content=\"https:\/\/www.facebook.com\/voltridecom\/\" \/>\n<meta property=\"article:modified_time\" content=\"2026-03-31T21:23:09+00:00\" \/>\n<meta property=\"og:image\" content=\"https:\/\/haidak.eu\/wp-content\/uploads\/2025\/11\/veteran-patton-s-left-side-angled.jpg\" \/>\n\t<meta property=\"og:image:width\" content=\"1200\" \/>\n\t<meta property=\"og:image:height\" content=\"1200\" \/>\n\t<meta property=\"og:image:type\" content=\"image\/jpeg\" \/>\n<meta name=\"twitter:card\" content=\"summary_large_image\" \/>\n<script type=\"application\/ld+json\" class=\"yoast-schema-graph\">{\"@context\":\"https:\\\/\\\/schema.org\",\"@graph\":[{\"@type\":\"WebPage\",\"@id\":\"https:\\\/\\\/haidak.eu\\\/fi\\\/veteran-patton-s-50s\\\/\",\"url\":\"https:\\\/\\\/haidak.eu\\\/fi\\\/veteran-patton-s-50s\\\/\",\"name\":\"Leaperkim Veteran Patton S 50S \u2013 tehokas s\u00e4hk\u00f6yksipy\u00f6r\u00e4 | Voltride\",\"isPartOf\":{\"@id\":\"https:\\\/\\\/haidak.eu\\\/fi\\\/#website\"},\"primaryImageOfPage\":{\"@id\":\"https:\\\/\\\/haidak.eu\\\/fi\\\/veteran-patton-s-50s\\\/#primaryimage\"},\"image\":{\"@id\":\"https:\\\/\\\/haidak.eu\\\/fi\\\/veteran-patton-s-50s\\\/#primaryimage\"},\"thumbnailUrl\":\"https:\\\/\\\/haidak.eu\\\/wp-content\\\/uploads\\\/2025\\\/11\\\/veteran-patton-s-left-side-angled.jpg\",\"datePublished\":\"2025-11-05T11:48:27+00:00\",\"dateModified\":\"2026-03-31T21:23:09+00:00\",\"description\":\"Veteran Patton S 50S on tehokas 126 V s\u00e4hk\u00f6yksipy\u00f6r\u00e4, jossa on s\u00e4\u00e4dett\u00e4v\u00e4 jousitus ja voimakas moottori sek\u00e4 kaupunki- ett\u00e4 maastoajoon.\",\"breadcrumb\":{\"@id\":\"https:\\\/\\\/haidak.eu\\\/fi\\\/veteran-patton-s-50s\\\/#breadcrumb\"},\"inLanguage\":\"fi\",\"potentialAction\":[{\"@type\":\"ReadAction\",\"target\":[\"https:\\\/\\\/haidak.eu\\\/fi\\\/veteran-patton-s-50s\\\/\"]}]},{\"@type\":\"ImageObject\",\"inLanguage\":\"fi\",\"@id\":\"https:\\\/\\\/haidak.eu\\\/fi\\\/veteran-patton-s-50s\\\/#primaryimage\",\"url\":\"https:\\\/\\\/haidak.eu\\\/wp-content\\\/uploads\\\/2025\\\/11\\\/veteran-patton-s-left-side-angled.jpg\",\"contentUrl\":\"https:\\\/\\\/haidak.eu\\\/wp-content\\\/uploads\\\/2025\\\/11\\\/veteran-patton-s-left-side-angled.jpg\",\"width\":1200,\"height\":1200,\"caption\":\"Veteran Patton S -s\u00e4hk\u00f6yksipy\u00f6r\u00e4n vasemman puolen kulmakuva, kuljetuskahva ulos vedettyn\u00e4.\"},{\"@type\":\"BreadcrumbList\",\"@id\":\"https:\\\/\\\/haidak.eu\\\/fi\\\/veteran-patton-s-50s\\\/#breadcrumb\",\"itemListElement\":[{\"@type\":\"ListItem\",\"position\":1,\"name\":\"Etusivu\",\"item\":\"https:\\\/\\\/haidak.eu\\\/fi\\\/\"},{\"@type\":\"ListItem\",\"position\":2,\"name\":\"Kauppa\",\"item\":\"https:\\\/\\\/haidak.eu\\\/shop\\\/\"},{\"@type\":\"ListItem\",\"position\":3,\"name\":\"S\u00e4hk\u00f6iset Yksipy\u00f6r\u00e4iset\",\"item\":\"https:\\\/\\\/haidak.eu\\\/fi\\\/sahkoiset-yksipyoraiset\\\/\"},{\"@type\":\"ListItem\",\"position\":4,\"name\":\"Veteran Patton S 50s\"}]},{\"@type\":\"WebSite\",\"@id\":\"https:\\\/\\\/haidak.eu\\\/fi\\\/#website\",\"url\":\"https:\\\/\\\/haidak.eu\\\/fi\\\/\",\"name\":\"Voltride\",\"description\":\"Parim elektrirataste elektrit\u00f5ukside ja \u00fcksrataste pood ja remont\",\"publisher\":{\"@id\":\"https:\\\/\\\/haidak.eu\\\/fi\\\/#organization\"},\"alternateName\":\"Vr\",\"potentialAction\":[{\"@type\":\"SearchAction\",\"target\":{\"@type\":\"EntryPoint\",\"urlTemplate\":\"https:\\\/\\\/haidak.eu\\\/fi\\\/?s={search_term_string}\"},\"query-input\":{\"@type\":\"PropertyValueSpecification\",\"valueRequired\":true,\"valueName\":\"search_term_string\"}}],\"inLanguage\":\"fi\"},{\"@type\":[\"Organization\",\"Place\"],\"@id\":\"https:\\\/\\\/haidak.eu\\\/fi\\\/#organization\",\"name\":\"Voltride\",\"alternateName\":\"VR\",\"url\":\"https:\\\/\\\/haidak.eu\\\/fi\\\/\",\"logo\":{\"@id\":\"https:\\\/\\\/haidak.eu\\\/fi\\\/veteran-patton-s-50s\\\/#local-main-organization-logo\"},\"image\":{\"@id\":\"https:\\\/\\\/haidak.eu\\\/fi\\\/veteran-patton-s-50s\\\/#local-main-organization-logo\"},\"sameAs\":[\"https:\\\/\\\/www.facebook.com\\\/voltridecom\\\/\"],\"legalName\":\"Voltride O\u00dc\",\"numberOfEmployees\":{\"@type\":\"QuantitativeValue\",\"minValue\":\"1\",\"maxValue\":\"10\"},\"ownershipFundingInfo\":\"https:\\\/\\\/haidak.eu\\\/about-us\\\/\",\"hasMerchantReturnPolicy\":{\"@type\":\"MerchantReturnPolicy\",\"merchantReturnLink\":\"https:\\\/\\\/haidak.eu\\\/shipping-and-returns\\\/\"},\"address\":{\"@id\":\"https:\\\/\\\/haidak.eu\\\/fi\\\/veteran-patton-s-50s\\\/#local-main-place-address\"},\"geo\":{\"@type\":\"GeoCoordinates\",\"latitude\":\"59.439554\",\"longitude\":\"24.726644\"},\"telephone\":[\"+372 600 40 99\"],\"contactPoint\":{\"@type\":\"ContactPoint\",\"telephone\":\"+372 600 40 99\",\"email\":\"info@voltride.com\"},\"openingHoursSpecification\":[{\"@type\":\"OpeningHoursSpecification\",\"dayOfWeek\":[\"Monday\",\"Tuesday\",\"Wednesday\",\"Thursday\",\"Friday\"],\"opens\":\"10:00\",\"closes\":\"18:00\"},{\"@type\":\"OpeningHoursSpecification\",\"dayOfWeek\":[\"Saturday\",\"Sunday\"],\"opens\":\"00:00\",\"closes\":\"00:00\"}],\"email\":\"info@voltride.com\",\"taxID\":\"14871968\"},{\"@type\":\"PostalAddress\",\"@id\":\"https:\\\/\\\/haidak.eu\\\/fi\\\/veteran-patton-s-50s\\\/#local-main-place-address\",\"streetAddress\":\"Voltride Telliskivi 57D\",\"addressLocality\":\"Tallinn\",\"postalCode\":\"10412\",\"addressRegion\":\"Tallinn\",\"addressCountry\":\"EE\"},{\"@type\":\"ImageObject\",\"inLanguage\":\"fi\",\"@id\":\"https:\\\/\\\/haidak.eu\\\/fi\\\/veteran-patton-s-50s\\\/#local-main-organization-logo\",\"url\":\"https:\\\/\\\/haidak.eu\\\/wp-content\\\/uploads\\\/voltride-logo.png\",\"contentUrl\":\"https:\\\/\\\/haidak.eu\\\/wp-content\\\/uploads\\\/voltride-logo.png\",\"width\":2481,\"height\":620,\"caption\":\"Voltride\"}]}<\/script>\n<meta property=\"product:brand\" content=\"LeaperKim (Veteran)\" \/>\n<meta property=\"og:availability\" content=\"instock\" \/>\n<meta property=\"product:availability\" content=\"instock\" \/>\n<meta property=\"product:retailer_item_id\" content=\"OWVT104\" \/>\n<meta property=\"product:condition\" content=\"new\" \/>\n<meta name=\"geo.placename\" content=\"Tallinn\" \/>\n<meta name=\"geo.position\" content=\"59.439554;24.726644\" \/>\n<meta name=\"geo.region\" content=\"Viro\" \/>\n<!-- \/ Yoast SEO Premium plugin. -->","yoast_head_json":{"title":"Leaperkim Veteran Patton S 50S \u2013 tehokas s\u00e4hk\u00f6yksipy\u00f6r\u00e4 | Voltride","description":"Veteran Patton S 50S on tehokas 126 V s\u00e4hk\u00f6yksipy\u00f6r\u00e4, jossa on s\u00e4\u00e4dett\u00e4v\u00e4 jousitus ja voimakas moottori sek\u00e4 kaupunki- ett\u00e4 maastoajoon.","robots":{"index":"noindex","follow":"follow","max-snippet":"max-snippet:-1","max-image-preview":"max-image-preview:large","max-video-preview":"max-video-preview:-1"},"og_locale":"fi_FI","og_type":"article","og_title":"Veteran Patton S 50s | Voltride","og_description":"Veteran Patton S 50S on tehokas 126 V s\u00e4hk\u00f6yksipy\u00f6r\u00e4, jossa on s\u00e4\u00e4dett\u00e4v\u00e4 jousitus ja voimakas moottori sek\u00e4 kaupunki- ett\u00e4 maastoajoon.","og_url":"https:\/\/haidak.eu\/fi\/veteran-patton-s-50s\/","og_site_name":"Voltride","article_publisher":"https:\/\/www.facebook.com\/voltridecom\/","article_modified_time":"2026-03-31T21:23:09+00:00","og_image":[{"width":1200,"height":1200,"url":"https:\/\/haidak.eu\/wp-content\/uploads\/2025\/11\/veteran-patton-s-left-side-angled.jpg","type":"image\/jpeg"}],"twitter_card":"summary_large_image","schema":{"@context":"https:\/\/schema.org","@graph":[{"@type":"WebPage","@id":"https:\/\/haidak.eu\/fi\/veteran-patton-s-50s\/","url":"https:\/\/haidak.eu\/fi\/veteran-patton-s-50s\/","name":"Leaperkim Veteran Patton S 50S \u2013 tehokas s\u00e4hk\u00f6yksipy\u00f6r\u00e4 | Voltride","isPartOf":{"@id":"https:\/\/haidak.eu\/fi\/#website"},"primaryImageOfPage":{"@id":"https:\/\/haidak.eu\/fi\/veteran-patton-s-50s\/#primaryimage"},"image":{"@id":"https:\/\/haidak.eu\/fi\/veteran-patton-s-50s\/#primaryimage"},"thumbnailUrl":"https:\/\/haidak.eu\/wp-content\/uploads\/2025\/11\/veteran-patton-s-left-side-angled.jpg","datePublished":"2025-11-05T11:48:27+00:00","dateModified":"2026-03-31T21:23:09+00:00","description":"Veteran Patton S 50S on tehokas 126 V s\u00e4hk\u00f6yksipy\u00f6r\u00e4, jossa on s\u00e4\u00e4dett\u00e4v\u00e4 jousitus ja voimakas moottori sek\u00e4 kaupunki- ett\u00e4 maastoajoon.","breadcrumb":{"@id":"https:\/\/haidak.eu\/fi\/veteran-patton-s-50s\/#breadcrumb"},"inLanguage":"fi","potentialAction":[{"@type":"ReadAction","target":["https:\/\/haidak.eu\/fi\/veteran-patton-s-50s\/"]}]},{"@type":"ImageObject","inLanguage":"fi","@id":"https:\/\/haidak.eu\/fi\/veteran-patton-s-50s\/#primaryimage","url":"https:\/\/haidak.eu\/wp-content\/uploads\/2025\/11\/veteran-patton-s-left-side-angled.jpg","contentUrl":"https:\/\/haidak.eu\/wp-content\/uploads\/2025\/11\/veteran-patton-s-left-side-angled.jpg","width":1200,"height":1200,"caption":"Veteran Patton S -s\u00e4hk\u00f6yksipy\u00f6r\u00e4n vasemman puolen kulmakuva, kuljetuskahva ulos vedettyn\u00e4."},{"@type":"BreadcrumbList","@id":"https:\/\/haidak.eu\/fi\/veteran-patton-s-50s\/#breadcrumb","itemListElement":[{"@type":"ListItem","position":1,"name":"Etusivu","item":"https:\/\/haidak.eu\/fi\/"},{"@type":"ListItem","position":2,"name":"Kauppa","item":"https:\/\/haidak.eu\/shop\/"},{"@type":"ListItem","position":3,"name":"S\u00e4hk\u00f6iset Yksipy\u00f6r\u00e4iset","item":"https:\/\/haidak.eu\/fi\/sahkoiset-yksipyoraiset\/"},{"@type":"ListItem","position":4,"name":"Veteran Patton S 50s"}]},{"@type":"WebSite","@id":"https:\/\/haidak.eu\/fi\/#website","url":"https:\/\/haidak.eu\/fi\/","name":"Voltride","description":"Parim elektrirataste elektrit\u00f5ukside ja \u00fcksrataste pood ja remont","publisher":{"@id":"https:\/\/haidak.eu\/fi\/#organization"},"alternateName":"Vr","potentialAction":[{"@type":"SearchAction","target":{"@type":"EntryPoint","urlTemplate":"https:\/\/haidak.eu\/fi\/?s={search_term_string}"},"query-input":{"@type":"PropertyValueSpecification","valueRequired":true,"valueName":"search_term_string"}}],"inLanguage":"fi"},{"@type":["Organization","Place"],"@id":"https:\/\/haidak.eu\/fi\/#organization","name":"Voltride","alternateName":"VR","url":"https:\/\/haidak.eu\/fi\/","logo":{"@id":"https:\/\/haidak.eu\/fi\/veteran-patton-s-50s\/#local-main-organization-logo"},"image":{"@id":"https:\/\/haidak.eu\/fi\/veteran-patton-s-50s\/#local-main-organization-logo"},"sameAs":["https:\/\/www.facebook.com\/voltridecom\/"],"legalName":"Voltride O\u00dc","numberOfEmployees":{"@type":"QuantitativeValue","minValue":"1","maxValue":"10"},"ownershipFundingInfo":"https:\/\/haidak.eu\/about-us\/","hasMerchantReturnPolicy":{"@type":"MerchantReturnPolicy","merchantReturnLink":"https:\/\/haidak.eu\/shipping-and-returns\/"},"address":{"@id":"https:\/\/haidak.eu\/fi\/veteran-patton-s-50s\/#local-main-place-address"},"geo":{"@type":"GeoCoordinates","latitude":"59.439554","longitude":"24.726644"},"telephone":["+372 600 40 99"],"contactPoint":{"@type":"ContactPoint","telephone":"+372 600 40 99","email":"info@voltride.com"},"openingHoursSpecification":[{"@type":"OpeningHoursSpecification","dayOfWeek":["Monday","Tuesday","Wednesday","Thursday","Friday"],"opens":"10:00","closes":"18:00"},{"@type":"OpeningHoursSpecification","dayOfWeek":["Saturday","Sunday"],"opens":"00:00","closes":"00:00"}],"email":"info@voltride.com","taxID":"14871968"},{"@type":"PostalAddress","@id":"https:\/\/haidak.eu\/fi\/veteran-patton-s-50s\/#local-main-place-address","streetAddress":"Voltride Telliskivi 57D","addressLocality":"Tallinn","postalCode":"10412","addressRegion":"Tallinn","addressCountry":"EE"},{"@type":"ImageObject","inLanguage":"fi","@id":"https:\/\/haidak.eu\/fi\/veteran-patton-s-50s\/#local-main-organization-logo","url":"https:\/\/haidak.eu\/wp-content\/uploads\/voltride-logo.png","contentUrl":"https:\/\/haidak.eu\/wp-content\/uploads\/voltride-logo.png","width":2481,"height":620,"caption":"Voltride"}]},"product_brand":"LeaperKim (Veteran)","og_availability":"instock","product_availability":"instock","product_retailer_item_id":"OWVT104","product_condition":"new","geo.placename":"Tallinn","geo.position":{"lat":"59.439554","long":"24.726644"},"geo.region":"Viro"},"_links":{"self":[{"href":"https:\/\/haidak.eu\/fi\/wp-json\/wp\/v2\/product\/12785","targetHints":{"allow":["GET"]}}],"collection":[{"href":"https:\/\/haidak.eu\/fi\/wp-json\/wp\/v2\/product"}],"about":[{"href":"https:\/\/haidak.eu\/fi\/wp-json\/wp\/v2\/types\/product"}],"replies":[{"embeddable":true,"href":"https:\/\/haidak.eu\/fi\/wp-json\/wp\/v2\/comments?post=12785"}],"wp:featuredmedia":[{"embeddable":true,"href":"https:\/\/haidak.eu\/fi\/wp-json\/wp\/v2\/media\/12781"}],"wp:attachment":[{"href":"https:\/\/haidak.eu\/fi\/wp-json\/wp\/v2\/media?parent=12785"}],"wp:term":[{"taxonomy":"product_brand","embeddable":true,"href":"https:\/\/haidak.eu\/fi\/wp-json\/wp\/v2\/product_brand?post=12785"},{"taxonomy":"product_cat","embeddable":true,"href":"https:\/\/haidak.eu\/fi\/wp-json\/wp\/v2\/product_cat?post=12785"},{"taxonomy":"product_tag","embeddable":true,"href":"https:\/\/haidak.eu\/fi\/wp-json\/wp\/v2\/product_tag?post=12785"}],"curies":[{"name":"wp","href":"https:\/\/api.w.org\/{rel}","templated":true}]}}