{"id":12904,"date":"2025-11-04T16:27:35","date_gmt":"2025-11-04T14:27:35","guid":{"rendered":"https:\/\/haidak.eu\/veteran-sherman-l\/"},"modified":"2026-03-31T23:23:14","modified_gmt":"2026-03-31T21:23:14","slug":"veteran-sherman-l","status":"publish","type":"product","link":"https:\/\/haidak.eu\/fi\/veteran-sherman-l\/","title":{"rendered":"Veteran Sherman L"},"content":{"rendered":"<div class=\"wpb-content-wrapper\"><p>[vc_row css=&#8221;.vc_custom_1738843193265{background-color: #0F3F36 !important;}&#8221; woodmart_css_id=&#8221;67a4a4339c25a&#8221; responsive_spacing=&#8221;eyJwYXJhbV90eXBlIjoid29vZG1hcnRfcmVzcG9uc2l2ZV9zcGFjaW5nIiwic2VsZWN0b3JfaWQiOiI2N2E0YTQzMzljMjVhIiwic2hvcnRjb2RlIjoidmNfcm93IiwiZGF0YSI6eyJ0YWJsZXQiOnt9LCJtb2JpbGUiOnt9fX0=&#8221; mobile_bg_img_hidden=&#8221;no&#8221; tablet_bg_img_hidden=&#8221;no&#8221; woodmart_parallax=&#8221;0&#8243; woodmart_gradient_switch=&#8221;no&#8221; woodmart_box_shadow=&#8221;no&#8221; wd_z_index=&#8221;no&#8221; woodmart_disable_overflow=&#8221;0&#8243; row_reverse_mobile=&#8221;0&#8243; row_reverse_tablet=&#8221;0&#8243; el_id=&#8221;p-description&#8221; el_class=&#8221;product-description&#8221;][vc_column][vc_row_inner equal_height=&#8221;yes&#8221; content_placement=&#8221;top&#8221; gap=&#8221;30&#8243; woodmart_css_id=&#8221;67ad1e7334786&#8243; responsive_spacing=&#8221;eyJwYXJhbV90eXBlIjoid29vZG1hcnRfcmVzcG9uc2l2ZV9zcGFjaW5nIiwic2VsZWN0b3JfaWQiOiI2N2FkMWU3MzM0Nzg2Iiwic2hvcnRjb2RlIjoidmNfcm93X2lubmVyIiwiZGF0YSI6eyJ0YWJsZXQiOnt9LCJtb2JpbGUiOnt9fX0=&#8221; mobile_bg_img_hidden=&#8221;no&#8221; tablet_bg_img_hidden=&#8221;no&#8221; woodmart_parallax=&#8221;0&#8243; woodmart_gradient_switch=&#8221;no&#8221; woodmart_box_shadow=&#8221;no&#8221; wd_z_index=&#8221;no&#8221; woodmart_disable_overflow=&#8221;0&#8243; row_reverse_mobile=&#8221;0&#8243; row_reverse_tablet=&#8221;0&#8243; el_class=&#8221;inside-dec-row&#8221;][vc_column_inner width=&#8221;1\/2&#8243;][vc_column_text css=&#8221;&#8221; woodmart_inline=&#8221;no&#8221; text_larger=&#8221;no&#8221;]<\/p>\n<h3 style=\"text-align: left;\">Korkean Suorituskyvyn Voimalinja<br \/>\n<\/h3>\n<p>[\/vc_column_text][vc_column_text css=&#8221;&#8221; woodmart_inline=&#8221;no&#8221; text_larger=&#8221;no&#8221; el_class=&#8221;features-list&#8221;]\u2022\u00a0\u00a0\u00a0 \u2022 Suuriv\u00e4\u00e4nt\u00f6inen moottori (huipputeho jopa 8 kW)<br \/>\n\u2022\u00a0\u00a0\u00a0 20\u201d \u00d7 3\u201d rengas, joka tarjoaa suuremman kosketuspinnan ja sujuvamman hallittavuuden \u2013 saatavilla sek\u00e4 kaupunkiajoon ett\u00e4 maastoajoon sopivana versiona<br \/>\n\u2022\u00a0\u00a0\u00a0 4000 Wh \/ 151 V akku Samsung 50S -kennoilla ja \u00e4lykk\u00e4\u00e4ll\u00e4 akunhallintaj\u00e4rjestelm\u00e4ll\u00e4 (Smart BMS)[\/vc_column_text][\/vc_column_inner][vc_column_inner width=&#8221;1\/2&#8243;][vc_column_text css=&#8221;&#8221; woodmart_inline=&#8221;no&#8221; text_larger=&#8221;no&#8221;]<\/p>\n<h3 style=\"text-align: left;\">Aitoa Jousitusta, Aitoa Hallintaa<\/h3>\n<p>[\/vc_column_text][vc_column_text css=&#8221;&#8221; woodmart_inline=&#8221;no&#8221; text_larger=&#8221;no&#8221; el_class=&#8221;features-list&#8221;]\u2022\u00a0\u00a0\u00a0 T\u00e4ysin hydraulinen jousitusj\u00e4rjestelm\u00e4<br \/>\n\u2022\u00a0\u00a0\u00a0 S\u00e4\u00e4dett\u00e4v\u00e4 paluu- ja puristusvaimennus<br \/>\n\u2022\u00a0\u00a0\u00a0 Toimii hyvin maastossa, mets\u00e4poluilla ja ep\u00e4tasaisilla kaupunkikaduilla<br \/>\n\u2022\u00a0\u00a0\u00a0 Sujuvampi ja tarkempi ajotuntuma verrattuna jousijousituksella (coil) varustettuihin yksipy\u00f6r\u00e4isiin[\/vc_column_text][\/vc_column_inner][\/vc_row_inner][vc_row_inner equal_height=&#8221;yes&#8221; content_placement=&#8221;top&#8221; gap=&#8221;30&#8243; woodmart_css_id=&#8221;67ad1e7334786&#8243; responsive_spacing=&#8221;eyJwYXJhbV90eXBlIjoid29vZG1hcnRfcmVzcG9uc2l2ZV9zcGFjaW5nIiwic2VsZWN0b3JfaWQiOiI2N2FkMWU3MzM0Nzg2Iiwic2hvcnRjb2RlIjoidmNfcm93X2lubmVyIiwiZGF0YSI6eyJ0YWJsZXQiOnt9LCJtb2JpbGUiOnt9fX0=&#8221; mobile_bg_img_hidden=&#8221;no&#8221; tablet_bg_img_hidden=&#8221;no&#8221; woodmart_parallax=&#8221;0&#8243; woodmart_gradient_switch=&#8221;no&#8221; woodmart_box_shadow=&#8221;no&#8221; wd_z_index=&#8221;no&#8221; woodmart_disable_overflow=&#8221;0&#8243; row_reverse_mobile=&#8221;0&#8243; row_reverse_tablet=&#8221;0&#8243; el_class=&#8221;inside-dec-row&#8221;][vc_column_inner width=&#8221;1\/2&#8243;][vc_column_text css=&#8221;&#8221; woodmart_inline=&#8221;no&#8221; text_larger=&#8221;no&#8221;]<\/p>\n<h3 style=\"text-align: left;\">Rakennettu Kest\u00e4m\u00e4\u00e4n<\/h3>\n<p>[\/vc_column_text][vc_column_text css=&#8221;&#8221; woodmart_inline=&#8221;no&#8221; text_larger=&#8221;no&#8221; el_class=&#8221;features-list&#8221;]Yksi Sherman L:n merkitt\u00e4vimmist\u00e4 uudistuksista on mahdollisuus toimia my\u00f6s t\u00e4ysin hall-less -tilassa.<\/p>\n<p>Sherman L on ensimm\u00e4inen s\u00e4hk\u00f6yksipy\u00f6r\u00e4, joka pystyy toimimaan, vaikka moottorin Hall-antureiden signaali katoaisi kokonaan \u2013 my\u00f6s paikallaan l\u00e4hdett\u00e4ess\u00e4. T\u00e4m\u00e4n etuna on parempi toimintavarmuus (pienempi odottamattoman sammumisen riski) sek\u00e4 mahdollisuus k\u00e4ytt\u00e4\u00e4 laitetta my\u00f6s rajoitetussa tilassa.<\/p>\n<p>\u2022\u00a0\u00a0\u00a0 Vahvistettu metallirunko<br \/>\n\u2022\u00a0\u00a0\u00a0 Kosteussuojattu elektroniikan sijoittelu<br \/>\n\u2022\u00a0\u00a0\u00a0 Luotettava Lynx-ohjain: 36 \u00d7 200V \/ 140A MOSFET -komponenttia erillisell\u00e4 ohjainlevyll\u00e4, enimm\u00e4isvirta jopa 840 A<br \/>\n\u2022\u00a0\u00a0\u00a0 Kaksikerroksinen emolevy paremmalla j\u00e4\u00e4hdytyksell\u00e4<br \/>\n\u2022\u00a0\u00a0\u00a0 90 mm jousitusliike Fastace-jousitusmoduuleilla. Saatavilla kolmella eri jousij\u00e4ykkyydell\u00e4: 62 \/ 66 \/ 70 lb[\/vc_column_text][\/vc_column_inner][vc_column_inner width=&#8221;1\/2&#8243;][vc_column_text css=&#8221;&#8221; woodmart_inline=&#8221;no&#8221; text_larger=&#8221;no&#8221;]<\/p>\n<h3 style=\"text-align: left;\">S\u00e4\u00e4dett\u00e4viss\u00e4 sovelluksen kautta<\/h3>\n<p>[\/vc_column_text][vc_column_text css=&#8221;&#8221; woodmart_inline=&#8221;no&#8221; text_larger=&#8221;no&#8221; el_class=&#8221;features-list&#8221;]\u2022\u00a0\u00a0\u00a0 J\u00e4nnitteen, nopeuden, moottorin l\u00e4mp\u00f6tilan ja muiden arvojen seuranta<br \/>\n\u2022\u00a0\u00a0\u00a0 Muokattavat ajoprofiilit kiihdytykselle, jarrutukselle ja tilt-back-toiminnolle<br \/>\n\u2022\u00a0\u00a0\u00a0 Ohjelmistop\u00e4ivitykset langattomasti LeaperKim-mobiilisovelluksen kautta[\/vc_column_text][vc_column_text css=&#8221;&#8221; woodmart_inline=&#8221;no&#8221; text_larger=&#8221;no&#8221;]<\/p>\n<h3 style=\"text-align: left;\">Ajajalle Suunnitellut Yksityiskohdat<\/h3>\n<p>[\/vc_column_text][vc_column_text css=&#8221;&#8221; woodmart_inline=&#8221;no&#8221; text_larger=&#8221;no&#8221; el_class=&#8221;features-list&#8221;]\u2022\u00a0\u00a0\u00a0 Takana oleva virtakytkin LED-ilmaisimella<br \/>\n\u2022\u00a0\u00a0\u00a0 Keskell\u00e4 sijaitseva taustavalaistu n\u00e4ytt\u00f6<br \/>\n\u2022\u00a0\u00a0\u00a0 S\u00e4\u00e4dett\u00e4v\u00e4 ajovalo, takavalo ja jarruvalo<br \/>\n\u2022\u00a0\u00a0\u00a0 Ergonominen kantokahva ja nostotunnistin<br \/>\n\u2022\u00a0\u00a0\u00a0 Yhteensopiva piikkipolkimien ja XL-sivutyynyjen kanssa[\/vc_column_text][vc_column_text css=&#8221;&#8221; woodmart_inline=&#8221;no&#8221; text_larger=&#8221;no&#8221; el_class=&#8221;featured-list&#8221;][\/vc_column_text][\/vc_column_inner][\/vc_row_inner]\t\t<div class=\"wd-el-video wd-wpb wd-rs-690b305915ce4 wd-action-without wd-video-youtube\">\n\t\t\t\t\t\t\t<iframe src=\"https:\/\/www.youtube.com\/embed\/IHlAY4sHLVo?feature=oembed&loop=0&mute=0&controls=1&autoplay=0\" allowfullscreen allow=\"accelerometer; autoplay; encrypted-media; gyroscope; picture-in-picture\" width=\"100%\" height=\"100%\" loading=\"lazy\" aria-label=\"Videosoitin\"><\/iframe>\t\t\t\n\t\t\t\n\t\t\t\n\t\t\t\t\t<\/div>\n\t\t[vc_empty_space height=&#8221;2vw&#8221; woodmart_hide_large=&#8221;0&#8243; woodmart_hide_medium=&#8221;0&#8243; woodmart_hide_small=&#8221;0&#8243;][vc_row_inner el_class=&#8221;product-cta&#8221; woodmart_css_id=&#8221;67ad831e70f64&#8243; responsive_spacing=&#8221;eyJwYXJhbV90eXBlIjoid29vZG1hcnRfcmVzcG9uc2l2ZV9zcGFjaW5nIiwic2VsZWN0b3JfaWQiOiI2N2FkODMxZTcwZjY0Iiwic2hvcnRjb2RlIjoidmNfcm93X2lubmVyIiwiZGF0YSI6eyJ0YWJsZXQiOnt9LCJtb2JpbGUiOnt9fX0=&#8221; mobile_bg_img_hidden=&#8221;no&#8221; tablet_bg_img_hidden=&#8221;no&#8221; woodmart_parallax=&#8221;0&#8243; woodmart_gradient_switch=&#8221;no&#8221; woodmart_box_shadow=&#8221;no&#8221; wd_z_index=&#8221;no&#8221; woodmart_disable_overflow=&#8221;0&#8243; row_reverse_mobile=&#8221;0&#8243; row_reverse_tablet=&#8221;0&#8243;][vc_column_inner][vc_column_text css=&#8221;&#8221; el_class=&#8221;bigger-cta-heading&#8221; woodmart_inline=&#8221;no&#8221; text_larger=&#8221;no&#8221;]<\/p>\n<h4>Tilaa oma Veteran Sherman L -s\u00e4hk\u00f6yksipy\u00f6r\u00e4 jo t\u00e4n\u00e4\u00e4n!<\/h4>\n<p>[\/vc_column_text][\/vc_column_inner][\/vc_row_inner][\/vc_column][vc_column][\/vc_column][\/vc_row]<\/p>\n<\/div>","protected":false},"excerpt":{"rendered":"<p><strong>Veteran Sherman L<\/strong> on yksi viimeistellyimmist\u00e4 raskaan luokan s\u00e4hk\u00f6yksipy\u00f6rist\u00e4. Se yhdist\u00e4\u00e4 4000 Wh akun, 3200 W moottorin ja hydraulisen jousituksen vahvaksi ja tasapainoiseksi kokonaisuudeksi, joka on suunniteltu kokeneelle ajajalle, joka odottaa suurta tehoa, pitk\u00e4\u00e4 toimintas\u00e4dett\u00e4 ja luotettavaa suorituskyky\u00e4 kaikilla alustoilla. Sherman L painaa vain 6,5 kg enemm\u00e4n kuin Lynx, mutta sen akun kapasiteetti on noin 50 % suurempi.<\/p>\n","protected":false},"featured_media":12882,"comment_status":"closed","ping_status":"closed","template":"","meta":[],"product_brand":[655],"product_cat":[651],"product_tag":[],"class_list":{"0":"post-12904","1":"product","2":"type-product","3":"status-publish","4":"has-post-thumbnail","6":"product_brand-veteran","7":"product_cat-sahkoiset-yksipyoraiset","9":"first","10":"instock","11":"sale","12":"taxable","13":"shipping-taxable","14":"purchasable","15":"product-type-variable"},"yoast_head":"<!-- This site is optimized with the Yoast SEO Premium plugin v27.3 (Yoast SEO v27.4) - https:\/\/yoast.com\/product\/yoast-seo-premium-wordpress\/ -->\n<title>Veteran Sherman L \u2013 raskaan luokan tehoa ja jousitusta | Voltride<\/title>\n<meta name=\"description\" content=\"Veteran Sherman L on raskaan luokan s\u00e4hk\u00f6yksipy\u00f6r\u00e4, jossa on 4000 Wh akku, hydraulinen jousitus ja eritt\u00e4in pitk\u00e4 toimintas\u00e4de.\" \/>\n<meta name=\"robots\" content=\"noindex, follow, max-snippet:-1, max-image-preview:large, max-video-preview:-1\" \/>\n<meta property=\"og:locale\" content=\"fi_FI\" \/>\n<meta property=\"og:type\" content=\"article\" \/>\n<meta property=\"og:title\" content=\"Veteran Sherman L | Voltride\" \/>\n<meta property=\"og:description\" content=\"Veteran Sherman L on raskaan luokan s\u00e4hk\u00f6yksipy\u00f6r\u00e4, jossa on 4000 Wh akku, hydraulinen jousitus ja eritt\u00e4in pitk\u00e4 toimintas\u00e4de.\" \/>\n<meta property=\"og:url\" content=\"https:\/\/haidak.eu\/fi\/veteran-sherman-l\/\" \/>\n<meta property=\"og:site_name\" content=\"Voltride\" \/>\n<meta property=\"article:publisher\" content=\"https:\/\/www.facebook.com\/voltridecom\/\" \/>\n<meta property=\"article:modified_time\" content=\"2026-03-31T21:23:14+00:00\" \/>\n<meta property=\"og:image\" content=\"https:\/\/haidak.eu\/wp-content\/uploads\/2025\/11\/electric-unicycle-veteran-sherman-l-main-product-image.png\" \/>\n\t<meta property=\"og:image:width\" content=\"1200\" \/>\n\t<meta property=\"og:image:height\" content=\"1200\" \/>\n\t<meta property=\"og:image:type\" content=\"image\/png\" \/>\n<meta name=\"twitter:card\" content=\"summary_large_image\" \/>\n<script type=\"application\/ld+json\" class=\"yoast-schema-graph\">{\"@context\":\"https:\\\/\\\/schema.org\",\"@graph\":[{\"@type\":\"WebPage\",\"@id\":\"https:\\\/\\\/haidak.eu\\\/fi\\\/veteran-sherman-l\\\/\",\"url\":\"https:\\\/\\\/haidak.eu\\\/fi\\\/veteran-sherman-l\\\/\",\"name\":\"Veteran Sherman L \u2013 raskaan luokan tehoa ja jousitusta | Voltride\",\"isPartOf\":{\"@id\":\"https:\\\/\\\/haidak.eu\\\/fi\\\/#website\"},\"primaryImageOfPage\":{\"@id\":\"https:\\\/\\\/haidak.eu\\\/fi\\\/veteran-sherman-l\\\/#primaryimage\"},\"image\":{\"@id\":\"https:\\\/\\\/haidak.eu\\\/fi\\\/veteran-sherman-l\\\/#primaryimage\"},\"thumbnailUrl\":\"https:\\\/\\\/haidak.eu\\\/wp-content\\\/uploads\\\/2025\\\/11\\\/electric-unicycle-veteran-sherman-l-main-product-image.png\",\"datePublished\":\"2025-11-04T14:27:35+00:00\",\"dateModified\":\"2026-03-31T21:23:14+00:00\",\"description\":\"Veteran Sherman L on raskaan luokan s\u00e4hk\u00f6yksipy\u00f6r\u00e4, jossa on 4000 Wh akku, hydraulinen jousitus ja eritt\u00e4in pitk\u00e4 toimintas\u00e4de.\",\"breadcrumb\":{\"@id\":\"https:\\\/\\\/haidak.eu\\\/fi\\\/veteran-sherman-l\\\/#breadcrumb\"},\"inLanguage\":\"fi\",\"potentialAction\":[{\"@type\":\"ReadAction\",\"target\":[\"https:\\\/\\\/haidak.eu\\\/fi\\\/veteran-sherman-l\\\/\"]}]},{\"@type\":\"ImageObject\",\"inLanguage\":\"fi\",\"@id\":\"https:\\\/\\\/haidak.eu\\\/fi\\\/veteran-sherman-l\\\/#primaryimage\",\"url\":\"https:\\\/\\\/haidak.eu\\\/wp-content\\\/uploads\\\/2025\\\/11\\\/electric-unicycle-veteran-sherman-l-main-product-image.png\",\"contentUrl\":\"https:\\\/\\\/haidak.eu\\\/wp-content\\\/uploads\\\/2025\\\/11\\\/electric-unicycle-veteran-sherman-l-main-product-image.png\",\"width\":1200,\"height\":1200,\"caption\":\"Veteran Sherman L -s\u00e4hk\u00f6yksipy\u00f6r\u00e4n etukulman\u00e4kym\u00e4.\"},{\"@type\":\"BreadcrumbList\",\"@id\":\"https:\\\/\\\/haidak.eu\\\/fi\\\/veteran-sherman-l\\\/#breadcrumb\",\"itemListElement\":[{\"@type\":\"ListItem\",\"position\":1,\"name\":\"Etusivu\",\"item\":\"https:\\\/\\\/haidak.eu\\\/fi\\\/\"},{\"@type\":\"ListItem\",\"position\":2,\"name\":\"Kauppa\",\"item\":\"https:\\\/\\\/haidak.eu\\\/shop\\\/\"},{\"@type\":\"ListItem\",\"position\":3,\"name\":\"S\u00e4hk\u00f6iset Yksipy\u00f6r\u00e4iset\",\"item\":\"https:\\\/\\\/haidak.eu\\\/fi\\\/sahkoiset-yksipyoraiset\\\/\"},{\"@type\":\"ListItem\",\"position\":4,\"name\":\"Veteran Sherman L\"}]},{\"@type\":\"WebSite\",\"@id\":\"https:\\\/\\\/haidak.eu\\\/fi\\\/#website\",\"url\":\"https:\\\/\\\/haidak.eu\\\/fi\\\/\",\"name\":\"Voltride\",\"description\":\"Parim elektrirataste elektrit\u00f5ukside ja \u00fcksrataste pood ja remont\",\"publisher\":{\"@id\":\"https:\\\/\\\/haidak.eu\\\/fi\\\/#organization\"},\"alternateName\":\"Vr\",\"potentialAction\":[{\"@type\":\"SearchAction\",\"target\":{\"@type\":\"EntryPoint\",\"urlTemplate\":\"https:\\\/\\\/haidak.eu\\\/fi\\\/?s={search_term_string}\"},\"query-input\":{\"@type\":\"PropertyValueSpecification\",\"valueRequired\":true,\"valueName\":\"search_term_string\"}}],\"inLanguage\":\"fi\"},{\"@type\":[\"Organization\",\"Place\"],\"@id\":\"https:\\\/\\\/haidak.eu\\\/fi\\\/#organization\",\"name\":\"Voltride\",\"alternateName\":\"VR\",\"url\":\"https:\\\/\\\/haidak.eu\\\/fi\\\/\",\"logo\":{\"@id\":\"https:\\\/\\\/haidak.eu\\\/fi\\\/veteran-sherman-l\\\/#local-main-organization-logo\"},\"image\":{\"@id\":\"https:\\\/\\\/haidak.eu\\\/fi\\\/veteran-sherman-l\\\/#local-main-organization-logo\"},\"sameAs\":[\"https:\\\/\\\/www.facebook.com\\\/voltridecom\\\/\"],\"legalName\":\"Voltride O\u00dc\",\"numberOfEmployees\":{\"@type\":\"QuantitativeValue\",\"minValue\":\"1\",\"maxValue\":\"10\"},\"ownershipFundingInfo\":\"https:\\\/\\\/haidak.eu\\\/about-us\\\/\",\"hasMerchantReturnPolicy\":{\"@type\":\"MerchantReturnPolicy\",\"merchantReturnLink\":\"https:\\\/\\\/haidak.eu\\\/shipping-and-returns\\\/\"},\"address\":{\"@id\":\"https:\\\/\\\/haidak.eu\\\/fi\\\/veteran-sherman-l\\\/#local-main-place-address\"},\"geo\":{\"@type\":\"GeoCoordinates\",\"latitude\":\"59.439554\",\"longitude\":\"24.726644\"},\"telephone\":[\"+372 600 40 99\"],\"contactPoint\":{\"@type\":\"ContactPoint\",\"telephone\":\"+372 600 40 99\",\"email\":\"info@voltride.com\"},\"openingHoursSpecification\":[{\"@type\":\"OpeningHoursSpecification\",\"dayOfWeek\":[\"Monday\",\"Tuesday\",\"Wednesday\",\"Thursday\",\"Friday\"],\"opens\":\"10:00\",\"closes\":\"18:00\"},{\"@type\":\"OpeningHoursSpecification\",\"dayOfWeek\":[\"Saturday\",\"Sunday\"],\"opens\":\"00:00\",\"closes\":\"00:00\"}],\"email\":\"info@voltride.com\",\"taxID\":\"14871968\"},{\"@type\":\"PostalAddress\",\"@id\":\"https:\\\/\\\/haidak.eu\\\/fi\\\/veteran-sherman-l\\\/#local-main-place-address\",\"streetAddress\":\"Voltride Telliskivi 57D\",\"addressLocality\":\"Tallinn\",\"postalCode\":\"10412\",\"addressRegion\":\"Tallinn\",\"addressCountry\":\"EE\"},{\"@type\":\"ImageObject\",\"inLanguage\":\"fi\",\"@id\":\"https:\\\/\\\/haidak.eu\\\/fi\\\/veteran-sherman-l\\\/#local-main-organization-logo\",\"url\":\"https:\\\/\\\/haidak.eu\\\/wp-content\\\/uploads\\\/voltride-logo.png\",\"contentUrl\":\"https:\\\/\\\/haidak.eu\\\/wp-content\\\/uploads\\\/voltride-logo.png\",\"width\":2481,\"height\":620,\"caption\":\"Voltride\"}]}<\/script>\n<meta property=\"product:brand\" content=\"LeaperKim (Veteran)\" \/>\n<meta property=\"og:availability\" content=\"instock\" \/>\n<meta property=\"product:availability\" content=\"instock\" \/>\n<meta property=\"product:retailer_item_id\" content=\"OWVT103\" \/>\n<meta property=\"product:condition\" content=\"new\" \/>\n<meta name=\"geo.placename\" content=\"Tallinn\" \/>\n<meta name=\"geo.position\" content=\"59.439554;24.726644\" \/>\n<meta name=\"geo.region\" content=\"Viro\" \/>\n<!-- \/ Yoast SEO Premium plugin. -->","yoast_head_json":{"title":"Veteran Sherman L \u2013 raskaan luokan tehoa ja jousitusta | Voltride","description":"Veteran Sherman L on raskaan luokan s\u00e4hk\u00f6yksipy\u00f6r\u00e4, jossa on 4000 Wh akku, hydraulinen jousitus ja eritt\u00e4in pitk\u00e4 toimintas\u00e4de.","robots":{"index":"noindex","follow":"follow","max-snippet":"max-snippet:-1","max-image-preview":"max-image-preview:large","max-video-preview":"max-video-preview:-1"},"og_locale":"fi_FI","og_type":"article","og_title":"Veteran Sherman L | Voltride","og_description":"Veteran Sherman L on raskaan luokan s\u00e4hk\u00f6yksipy\u00f6r\u00e4, jossa on 4000 Wh akku, hydraulinen jousitus ja eritt\u00e4in pitk\u00e4 toimintas\u00e4de.","og_url":"https:\/\/haidak.eu\/fi\/veteran-sherman-l\/","og_site_name":"Voltride","article_publisher":"https:\/\/www.facebook.com\/voltridecom\/","article_modified_time":"2026-03-31T21:23:14+00:00","og_image":[{"width":1200,"height":1200,"url":"https:\/\/haidak.eu\/wp-content\/uploads\/2025\/11\/electric-unicycle-veteran-sherman-l-main-product-image.png","type":"image\/png"}],"twitter_card":"summary_large_image","schema":{"@context":"https:\/\/schema.org","@graph":[{"@type":"WebPage","@id":"https:\/\/haidak.eu\/fi\/veteran-sherman-l\/","url":"https:\/\/haidak.eu\/fi\/veteran-sherman-l\/","name":"Veteran Sherman L \u2013 raskaan luokan tehoa ja jousitusta | Voltride","isPartOf":{"@id":"https:\/\/haidak.eu\/fi\/#website"},"primaryImageOfPage":{"@id":"https:\/\/haidak.eu\/fi\/veteran-sherman-l\/#primaryimage"},"image":{"@id":"https:\/\/haidak.eu\/fi\/veteran-sherman-l\/#primaryimage"},"thumbnailUrl":"https:\/\/haidak.eu\/wp-content\/uploads\/2025\/11\/electric-unicycle-veteran-sherman-l-main-product-image.png","datePublished":"2025-11-04T14:27:35+00:00","dateModified":"2026-03-31T21:23:14+00:00","description":"Veteran Sherman L on raskaan luokan s\u00e4hk\u00f6yksipy\u00f6r\u00e4, jossa on 4000 Wh akku, hydraulinen jousitus ja eritt\u00e4in pitk\u00e4 toimintas\u00e4de.","breadcrumb":{"@id":"https:\/\/haidak.eu\/fi\/veteran-sherman-l\/#breadcrumb"},"inLanguage":"fi","potentialAction":[{"@type":"ReadAction","target":["https:\/\/haidak.eu\/fi\/veteran-sherman-l\/"]}]},{"@type":"ImageObject","inLanguage":"fi","@id":"https:\/\/haidak.eu\/fi\/veteran-sherman-l\/#primaryimage","url":"https:\/\/haidak.eu\/wp-content\/uploads\/2025\/11\/electric-unicycle-veteran-sherman-l-main-product-image.png","contentUrl":"https:\/\/haidak.eu\/wp-content\/uploads\/2025\/11\/electric-unicycle-veteran-sherman-l-main-product-image.png","width":1200,"height":1200,"caption":"Veteran Sherman L -s\u00e4hk\u00f6yksipy\u00f6r\u00e4n etukulman\u00e4kym\u00e4."},{"@type":"BreadcrumbList","@id":"https:\/\/haidak.eu\/fi\/veteran-sherman-l\/#breadcrumb","itemListElement":[{"@type":"ListItem","position":1,"name":"Etusivu","item":"https:\/\/haidak.eu\/fi\/"},{"@type":"ListItem","position":2,"name":"Kauppa","item":"https:\/\/haidak.eu\/shop\/"},{"@type":"ListItem","position":3,"name":"S\u00e4hk\u00f6iset Yksipy\u00f6r\u00e4iset","item":"https:\/\/haidak.eu\/fi\/sahkoiset-yksipyoraiset\/"},{"@type":"ListItem","position":4,"name":"Veteran Sherman L"}]},{"@type":"WebSite","@id":"https:\/\/haidak.eu\/fi\/#website","url":"https:\/\/haidak.eu\/fi\/","name":"Voltride","description":"Parim elektrirataste elektrit\u00f5ukside ja \u00fcksrataste pood ja remont","publisher":{"@id":"https:\/\/haidak.eu\/fi\/#organization"},"alternateName":"Vr","potentialAction":[{"@type":"SearchAction","target":{"@type":"EntryPoint","urlTemplate":"https:\/\/haidak.eu\/fi\/?s={search_term_string}"},"query-input":{"@type":"PropertyValueSpecification","valueRequired":true,"valueName":"search_term_string"}}],"inLanguage":"fi"},{"@type":["Organization","Place"],"@id":"https:\/\/haidak.eu\/fi\/#organization","name":"Voltride","alternateName":"VR","url":"https:\/\/haidak.eu\/fi\/","logo":{"@id":"https:\/\/haidak.eu\/fi\/veteran-sherman-l\/#local-main-organization-logo"},"image":{"@id":"https:\/\/haidak.eu\/fi\/veteran-sherman-l\/#local-main-organization-logo"},"sameAs":["https:\/\/www.facebook.com\/voltridecom\/"],"legalName":"Voltride O\u00dc","numberOfEmployees":{"@type":"QuantitativeValue","minValue":"1","maxValue":"10"},"ownershipFundingInfo":"https:\/\/haidak.eu\/about-us\/","hasMerchantReturnPolicy":{"@type":"MerchantReturnPolicy","merchantReturnLink":"https:\/\/haidak.eu\/shipping-and-returns\/"},"address":{"@id":"https:\/\/haidak.eu\/fi\/veteran-sherman-l\/#local-main-place-address"},"geo":{"@type":"GeoCoordinates","latitude":"59.439554","longitude":"24.726644"},"telephone":["+372 600 40 99"],"contactPoint":{"@type":"ContactPoint","telephone":"+372 600 40 99","email":"info@voltride.com"},"openingHoursSpecification":[{"@type":"OpeningHoursSpecification","dayOfWeek":["Monday","Tuesday","Wednesday","Thursday","Friday"],"opens":"10:00","closes":"18:00"},{"@type":"OpeningHoursSpecification","dayOfWeek":["Saturday","Sunday"],"opens":"00:00","closes":"00:00"}],"email":"info@voltride.com","taxID":"14871968"},{"@type":"PostalAddress","@id":"https:\/\/haidak.eu\/fi\/veteran-sherman-l\/#local-main-place-address","streetAddress":"Voltride Telliskivi 57D","addressLocality":"Tallinn","postalCode":"10412","addressRegion":"Tallinn","addressCountry":"EE"},{"@type":"ImageObject","inLanguage":"fi","@id":"https:\/\/haidak.eu\/fi\/veteran-sherman-l\/#local-main-organization-logo","url":"https:\/\/haidak.eu\/wp-content\/uploads\/voltride-logo.png","contentUrl":"https:\/\/haidak.eu\/wp-content\/uploads\/voltride-logo.png","width":2481,"height":620,"caption":"Voltride"}]},"product_brand":"LeaperKim (Veteran)","og_availability":"instock","product_availability":"instock","product_retailer_item_id":"OWVT103","product_condition":"new","geo.placename":"Tallinn","geo.position":{"lat":"59.439554","long":"24.726644"},"geo.region":"Viro"},"_links":{"self":[{"href":"https:\/\/haidak.eu\/fi\/wp-json\/wp\/v2\/product\/12904","targetHints":{"allow":["GET"]}}],"collection":[{"href":"https:\/\/haidak.eu\/fi\/wp-json\/wp\/v2\/product"}],"about":[{"href":"https:\/\/haidak.eu\/fi\/wp-json\/wp\/v2\/types\/product"}],"replies":[{"embeddable":true,"href":"https:\/\/haidak.eu\/fi\/wp-json\/wp\/v2\/comments?post=12904"}],"wp:featuredmedia":[{"embeddable":true,"href":"https:\/\/haidak.eu\/fi\/wp-json\/wp\/v2\/media\/12882"}],"wp:attachment":[{"href":"https:\/\/haidak.eu\/fi\/wp-json\/wp\/v2\/media?parent=12904"}],"wp:term":[{"taxonomy":"product_brand","embeddable":true,"href":"https:\/\/haidak.eu\/fi\/wp-json\/wp\/v2\/product_brand?post=12904"},{"taxonomy":"product_cat","embeddable":true,"href":"https:\/\/haidak.eu\/fi\/wp-json\/wp\/v2\/product_cat?post=12904"},{"taxonomy":"product_tag","embeddable":true,"href":"https:\/\/haidak.eu\/fi\/wp-json\/wp\/v2\/product_tag?post=12904"}],"curies":[{"name":"wp","href":"https:\/\/api.w.org\/{rel}","templated":true}]}}