{"id":20160,"date":"2025-02-05T23:44:07","date_gmt":"2025-02-05T21:44:07","guid":{"rendered":"https:\/\/haidak.eu\/kypara-gpad-g1\/"},"modified":"2026-03-31T23:23:43","modified_gmt":"2026-03-31T21:23:43","slug":"kypara-gpad-g1","status":"publish","type":"product","link":"https:\/\/haidak.eu\/fi\/kypara-gpad-g1\/","title":{"rendered":"Kyp\u00e4r\u00e4 GPad G1"},"content":{"rendered":"<p data-end=\"2263\" data-start=\"1863\" style=\"box-sizing: border-box; margin: 0.85em 0px; padding: 0px; border: 0px rgb(242, 242, 242); font-width: inherit; font-size: inherit; line-height: inherit; font-family: HelveticaNeue, &quot;Helvetica Neue&quot;, Helvetica, Arial, sans-serif; font-size-adjust: inherit; font-kerning: inherit; font-variant-alternates: inherit; font-variant-ligatures: inherit; font-variant-numeric: inherit; font-variant-east-asian: inherit; font-variant-position: inherit; font-feature-settings: inherit; font-optical-sizing: inherit; font-variation-settings: inherit; vertical-align: baseline; caret-color: rgb(0, 0, 0); color: rgb(0, 0, 0);\">GPad G1 -kyp\u00e4r\u00e4 yhdist\u00e4\u00e4 selke\u00e4n, minimalistisen muotoilun ja olennaisen suojan s\u00e4hk\u00f6isen liikkumisen k\u00e4ytt\u00e4jille. Koska s\u00e4hk\u00f6potkulaudat, yksipy\u00f6r\u00e4iset ja muut henkil\u00f6kohtaiset s\u00e4hk\u00f6ajoneuvot ylt\u00e4v\u00e4t usein suurempiin nopeuksiin kuin tavalliset polkupy\u00f6r\u00e4t, kyp\u00e4r\u00e4n k\u00e4ytt\u00f6 on t\u00e4rke\u00e4 turvallisuustoimi, joka auttaa ehk\u00e4isem\u00e4\u00e4n vakavia vammoja kaatumisen tai t\u00f6rm\u00e4yksen sattuessa.<\/p>\n<p data-end=\"2541\" data-start=\"2265\" style=\"box-sizing: border-box; margin: 0.85em 0px; padding: 0px; border: 0px rgb(242, 242, 242); font-width: inherit; font-size: inherit; line-height: inherit; font-family: HelveticaNeue, &quot;Helvetica Neue&quot;, Helvetica, Arial, sans-serif; font-size-adjust: inherit; font-kerning: inherit; font-variant-alternates: inherit; font-variant-ligatures: inherit; font-variant-numeric: inherit; font-variant-east-asian: inherit; font-variant-position: inherit; font-feature-settings: inherit; font-optical-sizing: inherit; font-variation-settings: inherit; vertical-align: baseline; caret-color: rgb(0, 0, 0); color: rgb(0, 0, 0);\">Kolme kokoa \u2013 S (48\u201354 cm), M (54\u201358 cm) ja L (58\u201361 cm) \u2013 takaavat mukavan ja tukevan istuvuuden erilaisille p\u00e4\u00e4n muodoille. Kevyt rakenne tekee kyp\u00e4r\u00e4n k\u00e4yt\u00f6st\u00e4 miellytt\u00e4v\u00e4\u00e4 my\u00f6s pidemmill\u00e4 matkoilla, ja kest\u00e4v\u00e4 kuori tarjoaa tehokasta suojaa odottamattomissa tilanteissa.<\/p>\n<p data-end=\"2827\" data-start=\"2543\" style=\"box-sizing: border-box; margin: 0.85em 0px; padding: 0px; border: 0px rgb(242, 242, 242); font-width: inherit; font-size: inherit; line-height: inherit; font-family: HelveticaNeue, &quot;Helvetica Neue&quot;, Helvetica, Arial, sans-serif; font-size-adjust: inherit; font-kerning: inherit; font-variant-alternates: inherit; font-variant-ligatures: inherit; font-variant-numeric: inherit; font-variant-east-asian: inherit; font-variant-position: inherit; font-feature-settings: inherit; font-optical-sizing: inherit; font-variation-settings: inherit; vertical-align: baseline; caret-color: rgb(0, 0, 0); color: rgb(0, 0, 0);\">Kyp\u00e4r\u00e4 on saatavilla kolmessa tyylikk\u00e4\u00e4ss\u00e4 v\u00e4riss\u00e4 \u2013 musta, valkoinen ja oranssi \u2013 jotta jokainen voi valita omaan tyyliins\u00e4 tai n\u00e4kyvyystarpeisiinsa sopivan vaihtoehdon. Minimalistinen ulkon\u00e4k\u00f6 sopii hyvin kaikenlaisten ajovarusteiden kanssa, s\u00e4ilytt\u00e4en modernin ja siistin ilmeen.<\/p>\n<p data-end=\"3017\" data-start=\"2829\" style=\"box-sizing: border-box; margin: 0.85em 0px; padding: 0px; border: 0px rgb(242, 242, 242); font-width: inherit; font-size: inherit; line-height: inherit; font-family: HelveticaNeue, &quot;Helvetica Neue&quot;, Helvetica, Arial, sans-serif; font-size-adjust: inherit; font-kerning: inherit; font-variant-alternates: inherit; font-variant-ligatures: inherit; font-variant-numeric: inherit; font-variant-east-asian: inherit; font-variant-position: inherit; font-feature-settings: inherit; font-optical-sizing: inherit; font-variation-settings: inherit; vertical-align: baseline; caret-color: rgb(0, 0, 0); color: rgb(0, 0, 0);\">Olitpa sitten p\u00e4ivitt\u00e4inen ty\u00f6matkalainen, huviajelija tai s\u00e4hk\u00f6ajoneuvosi rajoja kokeileva kuski \u2013 GPad G1 on k\u00e4yt\u00e4nn\u00f6llinen ja luotettava valinta p\u00e4\u00e4n suojaamiseen ilman turhaa painoa.<\/p>\n","protected":false},"excerpt":{"rendered":"<p>GPad G1 -kyp\u00e4r\u00e4 yhdist\u00e4\u00e4 selke\u00e4n, minimalistisen muotoilun ja olennaisen suojan s\u00e4hk\u00f6isen liikkumisen k\u00e4ytt\u00e4jille. Koska s\u00e4hk\u00f6potkulaudat, yksipy\u00f6r\u00e4iset ja muut henkil\u00f6kohtaiset s\u00e4hk\u00f6ajoneuvot<\/p>\n","protected":false},"featured_media":23516,"comment_status":"open","ping_status":"closed","template":"","meta":[],"product_brand":[],"product_cat":[715],"product_tag":[],"class_list":{"0":"post-20160","1":"product","2":"type-product","3":"status-publish","4":"has-post-thumbnail","6":"product_cat-kyparat","8":"first","9":"instock","10":"sale","11":"taxable","12":"shipping-taxable","13":"purchasable","14":"product-type-variable"},"yoast_head":"<!-- This site is optimized with the Yoast SEO Premium plugin v27.3 (Yoast SEO v27.3) - https:\/\/yoast.com\/product\/yoast-seo-premium-wordpress\/ -->\n<title>Kyp\u00e4r\u00e4 GPad G1 | Voltride<\/title>\n<meta name=\"robots\" content=\"noindex, follow, max-snippet:-1, max-image-preview:large, max-video-preview:-1\" \/>\n<meta property=\"og:locale\" content=\"fi_FI\" \/>\n<meta property=\"og:type\" content=\"article\" \/>\n<meta property=\"og:title\" content=\"Kyp\u00e4r\u00e4 GPad G1 | Voltride\" \/>\n<meta property=\"og:description\" content=\"GPad G1 -kyp\u00e4r\u00e4 yhdist\u00e4\u00e4 selke\u00e4n, minimalistisen muotoilun ja olennaisen suojan s\u00e4hk\u00f6isen liikkumisen k\u00e4ytt\u00e4jille. Koska s\u00e4hk\u00f6potkulaudat, yksipy\u00f6r\u00e4iset ja muut henkil\u00f6kohtaiset s\u00e4hk\u00f6ajoneuvot\" \/>\n<meta property=\"og:url\" content=\"https:\/\/haidak.eu\/fi\/kypara-gpad-g1\/\" \/>\n<meta property=\"og:site_name\" content=\"Voltride\" \/>\n<meta property=\"article:publisher\" content=\"https:\/\/www.facebook.com\/voltridecom\/\" \/>\n<meta property=\"article:modified_time\" content=\"2026-03-31T21:23:43+00:00\" \/>\n<meta property=\"og:image\" content=\"https:\/\/haidak.eu\/wp-content\/uploads\/2026\/03\/6601-689dddd57fa0e831204885-1783-5daeecc1be6ed684322706-kiiver-gpad-g1-l-oranzcc8c-1.jpg\" \/>\n\t<meta property=\"og:image:width\" content=\"2500\" \/>\n\t<meta property=\"og:image:height\" content=\"2500\" \/>\n\t<meta property=\"og:image:type\" content=\"image\/jpeg\" \/>\n<meta name=\"twitter:card\" content=\"summary_large_image\" \/>\n<script type=\"application\/ld+json\" class=\"yoast-schema-graph\">{\"@context\":\"https:\\\/\\\/schema.org\",\"@graph\":[{\"@type\":\"WebPage\",\"@id\":\"https:\\\/\\\/haidak.eu\\\/fi\\\/kypara-gpad-g1\\\/\",\"url\":\"https:\\\/\\\/haidak.eu\\\/fi\\\/kypara-gpad-g1\\\/\",\"name\":\"Kyp\u00e4r\u00e4 GPad G1 | Voltride\",\"isPartOf\":{\"@id\":\"https:\\\/\\\/haidak.eu\\\/fi\\\/#website\"},\"primaryImageOfPage\":{\"@id\":\"https:\\\/\\\/haidak.eu\\\/fi\\\/kypara-gpad-g1\\\/#primaryimage\"},\"image\":{\"@id\":\"https:\\\/\\\/haidak.eu\\\/fi\\\/kypara-gpad-g1\\\/#primaryimage\"},\"thumbnailUrl\":\"https:\\\/\\\/haidak.eu\\\/wp-content\\\/uploads\\\/2026\\\/03\\\/6601-689dddd57fa0e831204885-1783-5daeecc1be6ed684322706-kiiver-gpad-g1-l-oranzcc8c-1.jpg\",\"datePublished\":\"2025-02-05T21:44:07+00:00\",\"dateModified\":\"2026-03-31T21:23:43+00:00\",\"breadcrumb\":{\"@id\":\"https:\\\/\\\/haidak.eu\\\/fi\\\/kypara-gpad-g1\\\/#breadcrumb\"},\"inLanguage\":\"fi\",\"potentialAction\":[{\"@type\":\"ReadAction\",\"target\":[\"https:\\\/\\\/haidak.eu\\\/fi\\\/kypara-gpad-g1\\\/\"]}]},{\"@type\":\"ImageObject\",\"inLanguage\":\"fi\",\"@id\":\"https:\\\/\\\/haidak.eu\\\/fi\\\/kypara-gpad-g1\\\/#primaryimage\",\"url\":\"https:\\\/\\\/haidak.eu\\\/wp-content\\\/uploads\\\/2026\\\/03\\\/6601-689dddd57fa0e831204885-1783-5daeecc1be6ed684322706-kiiver-gpad-g1-l-oranzcc8c-1.jpg\",\"contentUrl\":\"https:\\\/\\\/haidak.eu\\\/wp-content\\\/uploads\\\/2026\\\/03\\\/6601-689dddd57fa0e831204885-1783-5daeecc1be6ed684322706-kiiver-gpad-g1-l-oranzcc8c-1.jpg\",\"width\":2500,\"height\":2500},{\"@type\":\"BreadcrumbList\",\"@id\":\"https:\\\/\\\/haidak.eu\\\/fi\\\/kypara-gpad-g1\\\/#breadcrumb\",\"itemListElement\":[{\"@type\":\"ListItem\",\"position\":1,\"name\":\"Etusivu\",\"item\":\"https:\\\/\\\/haidak.eu\\\/fi\\\/\"},{\"@type\":\"ListItem\",\"position\":2,\"name\":\"Kauppa\",\"item\":\"https:\\\/\\\/haidak.eu\\\/shop\\\/\"},{\"@type\":\"ListItem\",\"position\":3,\"name\":\"Lis\u00e4tarvikkeet\",\"item\":\"https:\\\/\\\/haidak.eu\\\/fi\\\/lisatarvikkeet\\\/\"},{\"@type\":\"ListItem\",\"position\":4,\"name\":\"Kyp\u00e4r\u00e4t\",\"item\":\"https:\\\/\\\/haidak.eu\\\/fi\\\/kyparat\\\/\"},{\"@type\":\"ListItem\",\"position\":5,\"name\":\"Kyp\u00e4r\u00e4 GPad G1\"}]},{\"@type\":\"WebSite\",\"@id\":\"https:\\\/\\\/haidak.eu\\\/fi\\\/#website\",\"url\":\"https:\\\/\\\/haidak.eu\\\/fi\\\/\",\"name\":\"Voltride\",\"description\":\"Parim elektrirataste elektrit\u00f5ukside ja \u00fcksrataste pood ja remont\",\"publisher\":{\"@id\":\"https:\\\/\\\/haidak.eu\\\/fi\\\/#organization\"},\"alternateName\":\"Vr\",\"potentialAction\":[{\"@type\":\"SearchAction\",\"target\":{\"@type\":\"EntryPoint\",\"urlTemplate\":\"https:\\\/\\\/haidak.eu\\\/fi\\\/?s={search_term_string}\"},\"query-input\":{\"@type\":\"PropertyValueSpecification\",\"valueRequired\":true,\"valueName\":\"search_term_string\"}}],\"inLanguage\":\"fi\"},{\"@type\":[\"Organization\",\"Place\"],\"@id\":\"https:\\\/\\\/haidak.eu\\\/fi\\\/#organization\",\"name\":\"Voltride\",\"alternateName\":\"VR\",\"url\":\"https:\\\/\\\/haidak.eu\\\/fi\\\/\",\"logo\":{\"@id\":\"https:\\\/\\\/haidak.eu\\\/fi\\\/kypara-gpad-g1\\\/#local-main-organization-logo\"},\"image\":{\"@id\":\"https:\\\/\\\/haidak.eu\\\/fi\\\/kypara-gpad-g1\\\/#local-main-organization-logo\"},\"sameAs\":[\"https:\\\/\\\/www.facebook.com\\\/voltridecom\\\/\"],\"legalName\":\"Voltride O\u00dc\",\"numberOfEmployees\":{\"@type\":\"QuantitativeValue\",\"minValue\":\"1\",\"maxValue\":\"10\"},\"ownershipFundingInfo\":\"https:\\\/\\\/haidak.eu\\\/about-us\\\/\",\"hasMerchantReturnPolicy\":{\"@type\":\"MerchantReturnPolicy\",\"merchantReturnLink\":\"https:\\\/\\\/haidak.eu\\\/shipping-and-returns\\\/\"},\"address\":{\"@id\":\"https:\\\/\\\/haidak.eu\\\/fi\\\/kypara-gpad-g1\\\/#local-main-place-address\"},\"geo\":{\"@type\":\"GeoCoordinates\",\"latitude\":\"59.439554\",\"longitude\":\"24.726644\"},\"telephone\":[\"+372 600 40 99\"],\"contactPoint\":{\"@type\":\"ContactPoint\",\"telephone\":\"+372 600 40 99\",\"email\":\"info@voltride.com\"},\"openingHoursSpecification\":[{\"@type\":\"OpeningHoursSpecification\",\"dayOfWeek\":[\"Monday\",\"Tuesday\",\"Wednesday\",\"Thursday\",\"Friday\"],\"opens\":\"10:00\",\"closes\":\"18:00\"},{\"@type\":\"OpeningHoursSpecification\",\"dayOfWeek\":[\"Saturday\",\"Sunday\"],\"opens\":\"00:00\",\"closes\":\"00:00\"}],\"email\":\"info@voltride.com\",\"taxID\":\"14871968\"},{\"@type\":\"PostalAddress\",\"@id\":\"https:\\\/\\\/haidak.eu\\\/fi\\\/kypara-gpad-g1\\\/#local-main-place-address\",\"streetAddress\":\"Voltride Telliskivi 57D\",\"addressLocality\":\"Tallinn\",\"postalCode\":\"10412\",\"addressRegion\":\"Tallinn\",\"addressCountry\":\"EE\"},{\"@type\":\"ImageObject\",\"inLanguage\":\"fi\",\"@id\":\"https:\\\/\\\/haidak.eu\\\/fi\\\/kypara-gpad-g1\\\/#local-main-organization-logo\",\"url\":\"https:\\\/\\\/haidak.eu\\\/wp-content\\\/uploads\\\/voltride-logo.png\",\"contentUrl\":\"https:\\\/\\\/haidak.eu\\\/wp-content\\\/uploads\\\/voltride-logo.png\",\"width\":2481,\"height\":620,\"caption\":\"Voltride\"}]}<\/script>\n<meta property=\"og:availability\" content=\"instock\" \/>\n<meta property=\"product:availability\" content=\"instock\" \/>\n<meta property=\"product:retailer_item_id\" content=\"GPHL001\" \/>\n<meta property=\"product:condition\" content=\"new\" \/>\n<meta name=\"geo.placename\" content=\"Tallinn\" \/>\n<meta name=\"geo.position\" content=\"59.439554;24.726644\" \/>\n<meta name=\"geo.region\" content=\"Viro\" \/>\n<!-- \/ Yoast SEO Premium plugin. -->","yoast_head_json":{"title":"Kyp\u00e4r\u00e4 GPad G1 | Voltride","robots":{"index":"noindex","follow":"follow","max-snippet":"max-snippet:-1","max-image-preview":"max-image-preview:large","max-video-preview":"max-video-preview:-1"},"og_locale":"fi_FI","og_type":"article","og_title":"Kyp\u00e4r\u00e4 GPad G1 | Voltride","og_description":"GPad G1 -kyp\u00e4r\u00e4 yhdist\u00e4\u00e4 selke\u00e4n, minimalistisen muotoilun ja olennaisen suojan s\u00e4hk\u00f6isen liikkumisen k\u00e4ytt\u00e4jille. Koska s\u00e4hk\u00f6potkulaudat, yksipy\u00f6r\u00e4iset ja muut henkil\u00f6kohtaiset s\u00e4hk\u00f6ajoneuvot","og_url":"https:\/\/haidak.eu\/fi\/kypara-gpad-g1\/","og_site_name":"Voltride","article_publisher":"https:\/\/www.facebook.com\/voltridecom\/","article_modified_time":"2026-03-31T21:23:43+00:00","og_image":[{"width":2500,"height":2500,"url":"https:\/\/haidak.eu\/wp-content\/uploads\/2026\/03\/6601-689dddd57fa0e831204885-1783-5daeecc1be6ed684322706-kiiver-gpad-g1-l-oranzcc8c-1.jpg","type":"image\/jpeg"}],"twitter_card":"summary_large_image","schema":{"@context":"https:\/\/schema.org","@graph":[{"@type":"WebPage","@id":"https:\/\/haidak.eu\/fi\/kypara-gpad-g1\/","url":"https:\/\/haidak.eu\/fi\/kypara-gpad-g1\/","name":"Kyp\u00e4r\u00e4 GPad G1 | Voltride","isPartOf":{"@id":"https:\/\/haidak.eu\/fi\/#website"},"primaryImageOfPage":{"@id":"https:\/\/haidak.eu\/fi\/kypara-gpad-g1\/#primaryimage"},"image":{"@id":"https:\/\/haidak.eu\/fi\/kypara-gpad-g1\/#primaryimage"},"thumbnailUrl":"https:\/\/haidak.eu\/wp-content\/uploads\/2026\/03\/6601-689dddd57fa0e831204885-1783-5daeecc1be6ed684322706-kiiver-gpad-g1-l-oranzcc8c-1.jpg","datePublished":"2025-02-05T21:44:07+00:00","dateModified":"2026-03-31T21:23:43+00:00","breadcrumb":{"@id":"https:\/\/haidak.eu\/fi\/kypara-gpad-g1\/#breadcrumb"},"inLanguage":"fi","potentialAction":[{"@type":"ReadAction","target":["https:\/\/haidak.eu\/fi\/kypara-gpad-g1\/"]}]},{"@type":"ImageObject","inLanguage":"fi","@id":"https:\/\/haidak.eu\/fi\/kypara-gpad-g1\/#primaryimage","url":"https:\/\/haidak.eu\/wp-content\/uploads\/2026\/03\/6601-689dddd57fa0e831204885-1783-5daeecc1be6ed684322706-kiiver-gpad-g1-l-oranzcc8c-1.jpg","contentUrl":"https:\/\/haidak.eu\/wp-content\/uploads\/2026\/03\/6601-689dddd57fa0e831204885-1783-5daeecc1be6ed684322706-kiiver-gpad-g1-l-oranzcc8c-1.jpg","width":2500,"height":2500},{"@type":"BreadcrumbList","@id":"https:\/\/haidak.eu\/fi\/kypara-gpad-g1\/#breadcrumb","itemListElement":[{"@type":"ListItem","position":1,"name":"Etusivu","item":"https:\/\/haidak.eu\/fi\/"},{"@type":"ListItem","position":2,"name":"Kauppa","item":"https:\/\/haidak.eu\/shop\/"},{"@type":"ListItem","position":3,"name":"Lis\u00e4tarvikkeet","item":"https:\/\/haidak.eu\/fi\/lisatarvikkeet\/"},{"@type":"ListItem","position":4,"name":"Kyp\u00e4r\u00e4t","item":"https:\/\/haidak.eu\/fi\/kyparat\/"},{"@type":"ListItem","position":5,"name":"Kyp\u00e4r\u00e4 GPad G1"}]},{"@type":"WebSite","@id":"https:\/\/haidak.eu\/fi\/#website","url":"https:\/\/haidak.eu\/fi\/","name":"Voltride","description":"Parim elektrirataste elektrit\u00f5ukside ja \u00fcksrataste pood ja remont","publisher":{"@id":"https:\/\/haidak.eu\/fi\/#organization"},"alternateName":"Vr","potentialAction":[{"@type":"SearchAction","target":{"@type":"EntryPoint","urlTemplate":"https:\/\/haidak.eu\/fi\/?s={search_term_string}"},"query-input":{"@type":"PropertyValueSpecification","valueRequired":true,"valueName":"search_term_string"}}],"inLanguage":"fi"},{"@type":["Organization","Place"],"@id":"https:\/\/haidak.eu\/fi\/#organization","name":"Voltride","alternateName":"VR","url":"https:\/\/haidak.eu\/fi\/","logo":{"@id":"https:\/\/haidak.eu\/fi\/kypara-gpad-g1\/#local-main-organization-logo"},"image":{"@id":"https:\/\/haidak.eu\/fi\/kypara-gpad-g1\/#local-main-organization-logo"},"sameAs":["https:\/\/www.facebook.com\/voltridecom\/"],"legalName":"Voltride O\u00dc","numberOfEmployees":{"@type":"QuantitativeValue","minValue":"1","maxValue":"10"},"ownershipFundingInfo":"https:\/\/haidak.eu\/about-us\/","hasMerchantReturnPolicy":{"@type":"MerchantReturnPolicy","merchantReturnLink":"https:\/\/haidak.eu\/shipping-and-returns\/"},"address":{"@id":"https:\/\/haidak.eu\/fi\/kypara-gpad-g1\/#local-main-place-address"},"geo":{"@type":"GeoCoordinates","latitude":"59.439554","longitude":"24.726644"},"telephone":["+372 600 40 99"],"contactPoint":{"@type":"ContactPoint","telephone":"+372 600 40 99","email":"info@voltride.com"},"openingHoursSpecification":[{"@type":"OpeningHoursSpecification","dayOfWeek":["Monday","Tuesday","Wednesday","Thursday","Friday"],"opens":"10:00","closes":"18:00"},{"@type":"OpeningHoursSpecification","dayOfWeek":["Saturday","Sunday"],"opens":"00:00","closes":"00:00"}],"email":"info@voltride.com","taxID":"14871968"},{"@type":"PostalAddress","@id":"https:\/\/haidak.eu\/fi\/kypara-gpad-g1\/#local-main-place-address","streetAddress":"Voltride Telliskivi 57D","addressLocality":"Tallinn","postalCode":"10412","addressRegion":"Tallinn","addressCountry":"EE"},{"@type":"ImageObject","inLanguage":"fi","@id":"https:\/\/haidak.eu\/fi\/kypara-gpad-g1\/#local-main-organization-logo","url":"https:\/\/haidak.eu\/wp-content\/uploads\/voltride-logo.png","contentUrl":"https:\/\/haidak.eu\/wp-content\/uploads\/voltride-logo.png","width":2481,"height":620,"caption":"Voltride"}]},"og_availability":"instock","product_availability":"instock","product_retailer_item_id":"GPHL001","product_condition":"new","geo.placename":"Tallinn","geo.position":{"lat":"59.439554","long":"24.726644"},"geo.region":"Viro"},"_links":{"self":[{"href":"https:\/\/haidak.eu\/fi\/wp-json\/wp\/v2\/product\/20160","targetHints":{"allow":["GET"]}}],"collection":[{"href":"https:\/\/haidak.eu\/fi\/wp-json\/wp\/v2\/product"}],"about":[{"href":"https:\/\/haidak.eu\/fi\/wp-json\/wp\/v2\/types\/product"}],"replies":[{"embeddable":true,"href":"https:\/\/haidak.eu\/fi\/wp-json\/wp\/v2\/comments?post=20160"}],"wp:featuredmedia":[{"embeddable":true,"href":"https:\/\/haidak.eu\/fi\/wp-json\/wp\/v2\/media\/23516"}],"wp:attachment":[{"href":"https:\/\/haidak.eu\/fi\/wp-json\/wp\/v2\/media?parent=20160"}],"wp:term":[{"taxonomy":"product_brand","embeddable":true,"href":"https:\/\/haidak.eu\/fi\/wp-json\/wp\/v2\/product_brand?post=20160"},{"taxonomy":"product_cat","embeddable":true,"href":"https:\/\/haidak.eu\/fi\/wp-json\/wp\/v2\/product_cat?post=20160"},{"taxonomy":"product_tag","embeddable":true,"href":"https:\/\/haidak.eu\/fi\/wp-json\/wp\/v2\/product_tag?post=20160"}],"curies":[{"name":"wp","href":"https:\/\/api.w.org\/{rel}","templated":true}]}}