{"id":20166,"date":"2026-03-26T01:56:57","date_gmt":"2026-03-25T23:56:57","guid":{"rendered":"https:\/\/haidak.eu\/lammitetyt-kasineet-kemimoto\/"},"modified":"2026-03-31T23:23:45","modified_gmt":"2026-03-31T21:23:45","slug":"lammitetyt-kasineet-kemimoto","status":"publish","type":"product","link":"https:\/\/haidak.eu\/fi\/lammitetyt-kasineet-kemimoto\/","title":{"rendered":"L\u00e4mmitetyt k\u00e4sineet Kemimoto"},"content":{"rendered":"<h2 data-end=\"3341\" data-start=\"3291\" style=\"caret-color: rgb(0, 0, 0); color: rgb(0, 0, 0);\"><strong data-end=\"3339\" data-start=\"3305\">Kemimoto-l\u00e4mmitett\u00e4v\u00e4t hanskat<\/strong><\/h2>\n<p data-end=\"3478\" data-start=\"3343\" style=\"caret-color: rgb(0, 0, 0); color: rgb(0, 0, 0);\">Ladattavat l\u00e4mmitett\u00e4v\u00e4t hanskat kosketusn\u00e4ytt\u00f6ominaisuudella pit\u00e4v\u00e4t k\u00e4det kuivina ja l\u00e4mpimin\u00e4 my\u00f6s kaikkein kylmimpin\u00e4 ajop\u00e4ivin\u00e4!<\/p>\n<h4 data-end=\"3502\" data-start=\"3480\" style=\"caret-color: rgb(0, 0, 0); color: rgb(0, 0, 0);\"><strong data-end=\"3500\" data-start=\"3480\">Tekniset tiedot:<\/strong><\/h4>\n<ul data-end=\"3910\" data-start=\"3503\" style=\"caret-color: rgb(0, 0, 0); color: rgb(0, 0, 0);\">\n<li data-end=\"3525\" data-start=\"3503\">\n<h4 data-end=\"3525\" data-start=\"3505\">Akun j\u00e4nnite: 7.4V<\/h4>\n<\/li>\n<li data-end=\"3556\" data-start=\"3526\">\n<p data-end=\"3556\" data-start=\"3528\">Akun kapasiteetti: 2500mAh<\/p>\n<\/li>\n<li data-end=\"3592\" data-start=\"3557\">\n<p data-end=\"3592\" data-start=\"3559\">S\u00e4\u00e4dett\u00e4v\u00e4 l\u00e4mp\u00f6tila: 45\u2103 \u2013 60\u2103<\/p>\n<\/li>\n<li data-end=\"3625\" data-start=\"3593\">\n<p data-end=\"3625\" data-start=\"3595\">L\u00e4mmitysaika: 3.5 \u2013 6 tuntia<\/p>\n<\/li>\n<li data-end=\"3706\" data-start=\"3626\">\n<p data-end=\"3706\" data-start=\"3628\">Materiaalit: puuvilla, nailon, PVC-kumi, synteettinen nahka, polyesteri, TPU<\/p>\n<\/li>\n<li data-end=\"3738\" data-start=\"3707\">\n<p data-end=\"3738\" data-start=\"3709\">Tuulenpit\u00e4v\u00e4t, vedenpit\u00e4v\u00e4t<\/p>\n<\/li>\n<li data-end=\"3765\" data-start=\"3739\">\n<p data-end=\"3765\" data-start=\"3741\">V\u00e4rit: musta ja harmaa<\/p>\n<\/li>\n<li data-end=\"3910\" data-start=\"3766\">\n<p data-end=\"3811\" data-start=\"3768\">Koot (k\u00e4mmenen ymp\u00e4rys, k\u00e4mmenen leveys):<\/p>\n<ul data-end=\"3910\" data-start=\"3814\">\n<li data-end=\"3845\" data-start=\"3814\">\n<p data-end=\"3845\" data-start=\"3816\">L: 20.5\u201321.5 cm, 8.5\u20138.8 cm<\/p>\n<\/li>\n<li data-end=\"3876\" data-start=\"3848\">\n<p data-end=\"3876\" data-start=\"3850\">XL: 21.5\u201322 cm, 8.7\u20139 cm<\/p>\n<\/li>\n<li data-end=\"3910\" data-start=\"3879\">\n<p data-end=\"3910\" data-start=\"3881\">XXL: 22.5\u201323 cm, 9.0\u20139.5 cm<\/p>\n<\/li>\n<\/ul>\n<\/li>\n<\/ul>\n<h4 data-end=\"3942\" data-start=\"3912\" style=\"caret-color: rgb(0, 0, 0); color: rgb(0, 0, 0);\"><strong data-end=\"3940\" data-start=\"3912\">T\u00e4rkeimm\u00e4t ominaisuudet:<\/strong><\/h4>\n<ul data-end=\"4801\" data-start=\"3943\" style=\"caret-color: rgb(0, 0, 0); color: rgb(0, 0, 0);\">\n<li data-end=\"4030\" data-start=\"3943\">\n<h4 data-end=\"4030\" data-start=\"3945\"><strong data-end=\"3976\" data-start=\"3945\">Kosketusn\u00e4ytt\u00f6yst\u00e4v\u00e4lliset:<\/strong>&nbsp;toimivat kaikkien \u00e4lylaitteiden kanssa kylm\u00e4ss\u00e4kin.<\/h4>\n<\/li>\n<li data-end=\"4142\" data-start=\"4031\">\n<p data-end=\"4142\" data-start=\"4033\"><strong data-end=\"4052\" data-start=\"4033\">Nopea l\u00e4mmitys:<\/strong>&nbsp;kaksi 7.4V\/2500mAh litiumakkua l\u00e4mpenev\u00e4t 30 sekunnissa ja pit\u00e4v\u00e4t l\u00e4mm\u00f6n 4.5\u20136 tuntia.<\/p>\n<\/li>\n<li data-end=\"4233\" data-start=\"4143\">\n<p data-end=\"4233\" data-start=\"4145\"><strong data-end=\"4162\" data-start=\"4145\">K\u00e4sien suoja:<\/strong>&nbsp;vahvistetut rystys- ja k\u00e4mmenosat suojaavat iskuilta ja kulumiselta.<\/p>\n<\/li>\n<li data-end=\"4362\" data-start=\"4234\">\n<p data-end=\"4362\" data-start=\"4236\"><strong data-end=\"4255\" data-start=\"4236\">Liukumaton ote:<\/strong>&nbsp;k\u00e4mmenosassa kumipinta paremman pidon takaamiseksi, s\u00e4\u00e4dett\u00e4v\u00e4 rannekiristys istuvuuden varmistamiseksi.<\/p>\n<\/li>\n<li data-end=\"4481\" data-start=\"4363\">\n<p data-end=\"4481\" data-start=\"4365\"><strong data-end=\"4389\" data-start=\"4365\">Mukavuus ja eristys:<\/strong>&nbsp;vedenpit\u00e4v\u00e4t, hengitt\u00e4v\u00e4t ja s\u00e4\u00e4dett\u00e4v\u00e4ll\u00e4 hihnalla varustetut \u2013 pit\u00e4v\u00e4t kylm\u00e4n loitolla.<\/p>\n<\/li>\n<li data-end=\"4608\" data-start=\"4482\">\n<p data-end=\"4608\" data-start=\"4484\"><strong data-end=\"4510\" data-start=\"4484\">Terveydelliset hy\u00f6dyt:<\/strong>&nbsp;parantavat verenkiertoa, lievitt\u00e4v\u00e4t sormien j\u00e4ykkyytt\u00e4 ja tuovat l\u00e4mp\u00f6\u00e4 kylmiss\u00e4 olosuhteissa.<\/p>\n<\/li>\n<li data-end=\"4801\" data-start=\"4609\">\n<p data-end=\"4801\" data-start=\"4611\"><strong data-end=\"4630\" data-start=\"4611\">Monik\u00e4ytt\u00f6iset:<\/strong>&nbsp;sopivat ajamiseen s\u00e4hk\u00f6potkulaudalla tai yksipy\u00f6r\u00e4isell\u00e4, mutta my\u00f6s kalastukseen, retkeilyyn, hiihtoon ja muuhun ulkoiluun. Helppohoitoiset \u2013 k\u00e4sinpesu ja ilmakuivaus.<\/p>\n<\/li>\n<\/ul>\n<h4 data-end=\"4826\" data-start=\"4803\" style=\"caret-color: rgb(0, 0, 0); color: rgb(0, 0, 0);\"><strong data-end=\"4824\" data-start=\"4803\">Pakkaus sis\u00e4lt\u00e4\u00e4:<\/strong><\/h4>\n<ul data-end=\"4906\" data-start=\"4827\" style=\"caret-color: rgb(0, 0, 0); color: rgb(0, 0, 0);\">\n<li data-end=\"4860\" data-start=\"4827\">\n<h4 data-end=\"4860\" data-start=\"4829\">1 pari l\u00e4mmitett\u00e4vi\u00e4 hanskoja<\/h4>\n<\/li>\n<li data-end=\"4893\" data-start=\"4861\">\n<p data-end=\"4893\" data-start=\"4863\">2 ladattavaa litiumioniakkua<\/p>\n<\/li>\n<li data-end=\"4906\" data-start=\"4894\">\n<p data-end=\"4906\" data-start=\"4896\">1 laturi<\/p>\n<\/li>\n<\/ul>\n","protected":false},"excerpt":{"rendered":"<p>Kemimoto-l\u00e4mmitett\u00e4v\u00e4t hanskat Ladattavat l\u00e4mmitett\u00e4v\u00e4t hanskat kosketusn\u00e4ytt\u00f6ominaisuudella pit\u00e4v\u00e4t k\u00e4det kuivina ja l\u00e4mpimin\u00e4 my\u00f6s kaikkein kylmimpin\u00e4 ajop\u00e4ivin\u00e4! Tekniset tiedot: Akun j\u00e4nnite: 7.4V<\/p>\n","protected":false},"featured_media":20562,"comment_status":"open","ping_status":"closed","template":"","meta":[],"product_brand":[],"product_cat":[755],"product_tag":[],"class_list":{"0":"post-20166","1":"product","2":"type-product","3":"status-publish","4":"has-post-thumbnail","6":"product_cat-ihmisten-suojavarusteet","8":"first","9":"instock","10":"taxable","11":"shipping-taxable","12":"purchasable","13":"product-type-variable"},"yoast_head":"<!-- This site is optimized with the Yoast SEO Premium plugin v27.3 (Yoast SEO v27.3) - https:\/\/yoast.com\/product\/yoast-seo-premium-wordpress\/ -->\n<title>L\u00e4mmitetyt k\u00e4sineet Kemimoto | Voltride<\/title>\n<meta name=\"robots\" content=\"noindex, follow, max-snippet:-1, max-image-preview:large, max-video-preview:-1\" \/>\n<meta property=\"og:locale\" content=\"fi_FI\" \/>\n<meta property=\"og:type\" content=\"article\" \/>\n<meta property=\"og:title\" content=\"L\u00e4mmitetyt k\u00e4sineet Kemimoto | Voltride\" \/>\n<meta property=\"og:description\" content=\"Kemimoto-l\u00e4mmitett\u00e4v\u00e4t hanskat Ladattavat l\u00e4mmitett\u00e4v\u00e4t hanskat kosketusn\u00e4ytt\u00f6ominaisuudella pit\u00e4v\u00e4t k\u00e4det kuivina ja l\u00e4mpimin\u00e4 my\u00f6s kaikkein kylmimpin\u00e4 ajop\u00e4ivin\u00e4! Tekniset tiedot: Akun j\u00e4nnite: 7.4V\" \/>\n<meta property=\"og:url\" content=\"https:\/\/haidak.eu\/fi\/lammitetyt-kasineet-kemimoto\/\" \/>\n<meta property=\"og:site_name\" content=\"Voltride\" \/>\n<meta property=\"article:publisher\" content=\"https:\/\/www.facebook.com\/voltridecom\/\" \/>\n<meta property=\"article:modified_time\" content=\"2026-03-31T21:23:45+00:00\" \/>\n<meta property=\"og:image\" content=\"https:\/\/haidak.eu\/wp-content\/uploads\/2026\/03\/5473-68ad7c0428a6c418311992-369918817-190748150743453-1667072284902399571-n-1.jpg\" \/>\n\t<meta property=\"og:image:width\" content=\"1800\" \/>\n\t<meta property=\"og:image:height\" content=\"1800\" \/>\n\t<meta property=\"og:image:type\" content=\"image\/jpeg\" \/>\n<meta name=\"twitter:card\" content=\"summary_large_image\" \/>\n<script type=\"application\/ld+json\" class=\"yoast-schema-graph\">{\"@context\":\"https:\\\/\\\/schema.org\",\"@graph\":[{\"@type\":\"WebPage\",\"@id\":\"https:\\\/\\\/haidak.eu\\\/fi\\\/lammitetyt-kasineet-kemimoto\\\/\",\"url\":\"https:\\\/\\\/haidak.eu\\\/fi\\\/lammitetyt-kasineet-kemimoto\\\/\",\"name\":\"L\u00e4mmitetyt k\u00e4sineet Kemimoto | Voltride\",\"isPartOf\":{\"@id\":\"https:\\\/\\\/haidak.eu\\\/fi\\\/#website\"},\"primaryImageOfPage\":{\"@id\":\"https:\\\/\\\/haidak.eu\\\/fi\\\/lammitetyt-kasineet-kemimoto\\\/#primaryimage\"},\"image\":{\"@id\":\"https:\\\/\\\/haidak.eu\\\/fi\\\/lammitetyt-kasineet-kemimoto\\\/#primaryimage\"},\"thumbnailUrl\":\"https:\\\/\\\/haidak.eu\\\/wp-content\\\/uploads\\\/2026\\\/03\\\/5473-68ad7c0428a6c418311992-369918817-190748150743453-1667072284902399571-n-1.jpg\",\"datePublished\":\"2026-03-25T23:56:57+00:00\",\"dateModified\":\"2026-03-31T21:23:45+00:00\",\"breadcrumb\":{\"@id\":\"https:\\\/\\\/haidak.eu\\\/fi\\\/lammitetyt-kasineet-kemimoto\\\/#breadcrumb\"},\"inLanguage\":\"fi\",\"potentialAction\":[{\"@type\":\"ReadAction\",\"target\":[\"https:\\\/\\\/haidak.eu\\\/fi\\\/lammitetyt-kasineet-kemimoto\\\/\"]}]},{\"@type\":\"ImageObject\",\"inLanguage\":\"fi\",\"@id\":\"https:\\\/\\\/haidak.eu\\\/fi\\\/lammitetyt-kasineet-kemimoto\\\/#primaryimage\",\"url\":\"https:\\\/\\\/haidak.eu\\\/wp-content\\\/uploads\\\/2026\\\/03\\\/5473-68ad7c0428a6c418311992-369918817-190748150743453-1667072284902399571-n-1.jpg\",\"contentUrl\":\"https:\\\/\\\/haidak.eu\\\/wp-content\\\/uploads\\\/2026\\\/03\\\/5473-68ad7c0428a6c418311992-369918817-190748150743453-1667072284902399571-n-1.jpg\",\"width\":1800,\"height\":1800},{\"@type\":\"BreadcrumbList\",\"@id\":\"https:\\\/\\\/haidak.eu\\\/fi\\\/lammitetyt-kasineet-kemimoto\\\/#breadcrumb\",\"itemListElement\":[{\"@type\":\"ListItem\",\"position\":1,\"name\":\"Etusivu\",\"item\":\"https:\\\/\\\/haidak.eu\\\/fi\\\/\"},{\"@type\":\"ListItem\",\"position\":2,\"name\":\"Kauppa\",\"item\":\"https:\\\/\\\/haidak.eu\\\/shop\\\/\"},{\"@type\":\"ListItem\",\"position\":3,\"name\":\"Lis\u00e4tarvikkeet\",\"item\":\"https:\\\/\\\/haidak.eu\\\/fi\\\/lisatarvikkeet\\\/\"},{\"@type\":\"ListItem\",\"position\":4,\"name\":\"Ihmisten suojavarusteet\",\"item\":\"https:\\\/\\\/haidak.eu\\\/fi\\\/ihmisten-suojavarusteet\\\/\"},{\"@type\":\"ListItem\",\"position\":5,\"name\":\"L\u00e4mmitetyt k\u00e4sineet Kemimoto\"}]},{\"@type\":\"WebSite\",\"@id\":\"https:\\\/\\\/haidak.eu\\\/fi\\\/#website\",\"url\":\"https:\\\/\\\/haidak.eu\\\/fi\\\/\",\"name\":\"Voltride\",\"description\":\"Parim elektrirataste elektrit\u00f5ukside ja \u00fcksrataste pood ja remont\",\"publisher\":{\"@id\":\"https:\\\/\\\/haidak.eu\\\/fi\\\/#organization\"},\"alternateName\":\"Vr\",\"potentialAction\":[{\"@type\":\"SearchAction\",\"target\":{\"@type\":\"EntryPoint\",\"urlTemplate\":\"https:\\\/\\\/haidak.eu\\\/fi\\\/?s={search_term_string}\"},\"query-input\":{\"@type\":\"PropertyValueSpecification\",\"valueRequired\":true,\"valueName\":\"search_term_string\"}}],\"inLanguage\":\"fi\"},{\"@type\":[\"Organization\",\"Place\"],\"@id\":\"https:\\\/\\\/haidak.eu\\\/fi\\\/#organization\",\"name\":\"Voltride\",\"alternateName\":\"VR\",\"url\":\"https:\\\/\\\/haidak.eu\\\/fi\\\/\",\"logo\":{\"@id\":\"https:\\\/\\\/haidak.eu\\\/fi\\\/lammitetyt-kasineet-kemimoto\\\/#local-main-organization-logo\"},\"image\":{\"@id\":\"https:\\\/\\\/haidak.eu\\\/fi\\\/lammitetyt-kasineet-kemimoto\\\/#local-main-organization-logo\"},\"sameAs\":[\"https:\\\/\\\/www.facebook.com\\\/voltridecom\\\/\"],\"legalName\":\"Voltride O\u00dc\",\"numberOfEmployees\":{\"@type\":\"QuantitativeValue\",\"minValue\":\"1\",\"maxValue\":\"10\"},\"ownershipFundingInfo\":\"https:\\\/\\\/haidak.eu\\\/about-us\\\/\",\"hasMerchantReturnPolicy\":{\"@type\":\"MerchantReturnPolicy\",\"merchantReturnLink\":\"https:\\\/\\\/haidak.eu\\\/shipping-and-returns\\\/\"},\"address\":{\"@id\":\"https:\\\/\\\/haidak.eu\\\/fi\\\/lammitetyt-kasineet-kemimoto\\\/#local-main-place-address\"},\"geo\":{\"@type\":\"GeoCoordinates\",\"latitude\":\"59.439554\",\"longitude\":\"24.726644\"},\"telephone\":[\"+372 600 40 99\"],\"contactPoint\":{\"@type\":\"ContactPoint\",\"telephone\":\"+372 600 40 99\",\"email\":\"info@voltride.com\"},\"openingHoursSpecification\":[{\"@type\":\"OpeningHoursSpecification\",\"dayOfWeek\":[\"Monday\",\"Tuesday\",\"Wednesday\",\"Thursday\",\"Friday\"],\"opens\":\"10:00\",\"closes\":\"18:00\"},{\"@type\":\"OpeningHoursSpecification\",\"dayOfWeek\":[\"Saturday\",\"Sunday\"],\"opens\":\"00:00\",\"closes\":\"00:00\"}],\"email\":\"info@voltride.com\",\"taxID\":\"14871968\"},{\"@type\":\"PostalAddress\",\"@id\":\"https:\\\/\\\/haidak.eu\\\/fi\\\/lammitetyt-kasineet-kemimoto\\\/#local-main-place-address\",\"streetAddress\":\"Voltride Telliskivi 57D\",\"addressLocality\":\"Tallinn\",\"postalCode\":\"10412\",\"addressRegion\":\"Tallinn\",\"addressCountry\":\"EE\"},{\"@type\":\"ImageObject\",\"inLanguage\":\"fi\",\"@id\":\"https:\\\/\\\/haidak.eu\\\/fi\\\/lammitetyt-kasineet-kemimoto\\\/#local-main-organization-logo\",\"url\":\"https:\\\/\\\/haidak.eu\\\/wp-content\\\/uploads\\\/voltride-logo.png\",\"contentUrl\":\"https:\\\/\\\/haidak.eu\\\/wp-content\\\/uploads\\\/voltride-logo.png\",\"width\":2481,\"height\":620,\"caption\":\"Voltride\"}]}<\/script>\n<meta property=\"og:availability\" content=\"instock\" \/>\n<meta property=\"product:availability\" content=\"instock\" \/>\n<meta property=\"product:retailer_item_id\" content=\"KMSG001\" \/>\n<meta property=\"product:condition\" content=\"new\" \/>\n<meta name=\"geo.placename\" content=\"Tallinn\" \/>\n<meta name=\"geo.position\" content=\"59.439554;24.726644\" \/>\n<meta name=\"geo.region\" content=\"Viro\" \/>\n<!-- \/ Yoast SEO Premium plugin. -->","yoast_head_json":{"title":"L\u00e4mmitetyt k\u00e4sineet Kemimoto | Voltride","robots":{"index":"noindex","follow":"follow","max-snippet":"max-snippet:-1","max-image-preview":"max-image-preview:large","max-video-preview":"max-video-preview:-1"},"og_locale":"fi_FI","og_type":"article","og_title":"L\u00e4mmitetyt k\u00e4sineet Kemimoto | Voltride","og_description":"Kemimoto-l\u00e4mmitett\u00e4v\u00e4t hanskat Ladattavat l\u00e4mmitett\u00e4v\u00e4t hanskat kosketusn\u00e4ytt\u00f6ominaisuudella pit\u00e4v\u00e4t k\u00e4det kuivina ja l\u00e4mpimin\u00e4 my\u00f6s kaikkein kylmimpin\u00e4 ajop\u00e4ivin\u00e4! Tekniset tiedot: Akun j\u00e4nnite: 7.4V","og_url":"https:\/\/haidak.eu\/fi\/lammitetyt-kasineet-kemimoto\/","og_site_name":"Voltride","article_publisher":"https:\/\/www.facebook.com\/voltridecom\/","article_modified_time":"2026-03-31T21:23:45+00:00","og_image":[{"width":1800,"height":1800,"url":"https:\/\/haidak.eu\/wp-content\/uploads\/2026\/03\/5473-68ad7c0428a6c418311992-369918817-190748150743453-1667072284902399571-n-1.jpg","type":"image\/jpeg"}],"twitter_card":"summary_large_image","schema":{"@context":"https:\/\/schema.org","@graph":[{"@type":"WebPage","@id":"https:\/\/haidak.eu\/fi\/lammitetyt-kasineet-kemimoto\/","url":"https:\/\/haidak.eu\/fi\/lammitetyt-kasineet-kemimoto\/","name":"L\u00e4mmitetyt k\u00e4sineet Kemimoto | Voltride","isPartOf":{"@id":"https:\/\/haidak.eu\/fi\/#website"},"primaryImageOfPage":{"@id":"https:\/\/haidak.eu\/fi\/lammitetyt-kasineet-kemimoto\/#primaryimage"},"image":{"@id":"https:\/\/haidak.eu\/fi\/lammitetyt-kasineet-kemimoto\/#primaryimage"},"thumbnailUrl":"https:\/\/haidak.eu\/wp-content\/uploads\/2026\/03\/5473-68ad7c0428a6c418311992-369918817-190748150743453-1667072284902399571-n-1.jpg","datePublished":"2026-03-25T23:56:57+00:00","dateModified":"2026-03-31T21:23:45+00:00","breadcrumb":{"@id":"https:\/\/haidak.eu\/fi\/lammitetyt-kasineet-kemimoto\/#breadcrumb"},"inLanguage":"fi","potentialAction":[{"@type":"ReadAction","target":["https:\/\/haidak.eu\/fi\/lammitetyt-kasineet-kemimoto\/"]}]},{"@type":"ImageObject","inLanguage":"fi","@id":"https:\/\/haidak.eu\/fi\/lammitetyt-kasineet-kemimoto\/#primaryimage","url":"https:\/\/haidak.eu\/wp-content\/uploads\/2026\/03\/5473-68ad7c0428a6c418311992-369918817-190748150743453-1667072284902399571-n-1.jpg","contentUrl":"https:\/\/haidak.eu\/wp-content\/uploads\/2026\/03\/5473-68ad7c0428a6c418311992-369918817-190748150743453-1667072284902399571-n-1.jpg","width":1800,"height":1800},{"@type":"BreadcrumbList","@id":"https:\/\/haidak.eu\/fi\/lammitetyt-kasineet-kemimoto\/#breadcrumb","itemListElement":[{"@type":"ListItem","position":1,"name":"Etusivu","item":"https:\/\/haidak.eu\/fi\/"},{"@type":"ListItem","position":2,"name":"Kauppa","item":"https:\/\/haidak.eu\/shop\/"},{"@type":"ListItem","position":3,"name":"Lis\u00e4tarvikkeet","item":"https:\/\/haidak.eu\/fi\/lisatarvikkeet\/"},{"@type":"ListItem","position":4,"name":"Ihmisten suojavarusteet","item":"https:\/\/haidak.eu\/fi\/ihmisten-suojavarusteet\/"},{"@type":"ListItem","position":5,"name":"L\u00e4mmitetyt k\u00e4sineet Kemimoto"}]},{"@type":"WebSite","@id":"https:\/\/haidak.eu\/fi\/#website","url":"https:\/\/haidak.eu\/fi\/","name":"Voltride","description":"Parim elektrirataste elektrit\u00f5ukside ja \u00fcksrataste pood ja remont","publisher":{"@id":"https:\/\/haidak.eu\/fi\/#organization"},"alternateName":"Vr","potentialAction":[{"@type":"SearchAction","target":{"@type":"EntryPoint","urlTemplate":"https:\/\/haidak.eu\/fi\/?s={search_term_string}"},"query-input":{"@type":"PropertyValueSpecification","valueRequired":true,"valueName":"search_term_string"}}],"inLanguage":"fi"},{"@type":["Organization","Place"],"@id":"https:\/\/haidak.eu\/fi\/#organization","name":"Voltride","alternateName":"VR","url":"https:\/\/haidak.eu\/fi\/","logo":{"@id":"https:\/\/haidak.eu\/fi\/lammitetyt-kasineet-kemimoto\/#local-main-organization-logo"},"image":{"@id":"https:\/\/haidak.eu\/fi\/lammitetyt-kasineet-kemimoto\/#local-main-organization-logo"},"sameAs":["https:\/\/www.facebook.com\/voltridecom\/"],"legalName":"Voltride O\u00dc","numberOfEmployees":{"@type":"QuantitativeValue","minValue":"1","maxValue":"10"},"ownershipFundingInfo":"https:\/\/haidak.eu\/about-us\/","hasMerchantReturnPolicy":{"@type":"MerchantReturnPolicy","merchantReturnLink":"https:\/\/haidak.eu\/shipping-and-returns\/"},"address":{"@id":"https:\/\/haidak.eu\/fi\/lammitetyt-kasineet-kemimoto\/#local-main-place-address"},"geo":{"@type":"GeoCoordinates","latitude":"59.439554","longitude":"24.726644"},"telephone":["+372 600 40 99"],"contactPoint":{"@type":"ContactPoint","telephone":"+372 600 40 99","email":"info@voltride.com"},"openingHoursSpecification":[{"@type":"OpeningHoursSpecification","dayOfWeek":["Monday","Tuesday","Wednesday","Thursday","Friday"],"opens":"10:00","closes":"18:00"},{"@type":"OpeningHoursSpecification","dayOfWeek":["Saturday","Sunday"],"opens":"00:00","closes":"00:00"}],"email":"info@voltride.com","taxID":"14871968"},{"@type":"PostalAddress","@id":"https:\/\/haidak.eu\/fi\/lammitetyt-kasineet-kemimoto\/#local-main-place-address","streetAddress":"Voltride Telliskivi 57D","addressLocality":"Tallinn","postalCode":"10412","addressRegion":"Tallinn","addressCountry":"EE"},{"@type":"ImageObject","inLanguage":"fi","@id":"https:\/\/haidak.eu\/fi\/lammitetyt-kasineet-kemimoto\/#local-main-organization-logo","url":"https:\/\/haidak.eu\/wp-content\/uploads\/voltride-logo.png","contentUrl":"https:\/\/haidak.eu\/wp-content\/uploads\/voltride-logo.png","width":2481,"height":620,"caption":"Voltride"}]},"og_availability":"instock","product_availability":"instock","product_retailer_item_id":"KMSG001","product_condition":"new","geo.placename":"Tallinn","geo.position":{"lat":"59.439554","long":"24.726644"},"geo.region":"Viro"},"_links":{"self":[{"href":"https:\/\/haidak.eu\/fi\/wp-json\/wp\/v2\/product\/20166","targetHints":{"allow":["GET"]}}],"collection":[{"href":"https:\/\/haidak.eu\/fi\/wp-json\/wp\/v2\/product"}],"about":[{"href":"https:\/\/haidak.eu\/fi\/wp-json\/wp\/v2\/types\/product"}],"replies":[{"embeddable":true,"href":"https:\/\/haidak.eu\/fi\/wp-json\/wp\/v2\/comments?post=20166"}],"wp:featuredmedia":[{"embeddable":true,"href":"https:\/\/haidak.eu\/fi\/wp-json\/wp\/v2\/media\/20562"}],"wp:attachment":[{"href":"https:\/\/haidak.eu\/fi\/wp-json\/wp\/v2\/media?parent=20166"}],"wp:term":[{"taxonomy":"product_brand","embeddable":true,"href":"https:\/\/haidak.eu\/fi\/wp-json\/wp\/v2\/product_brand?post=20166"},{"taxonomy":"product_cat","embeddable":true,"href":"https:\/\/haidak.eu\/fi\/wp-json\/wp\/v2\/product_cat?post=20166"},{"taxonomy":"product_tag","embeddable":true,"href":"https:\/\/haidak.eu\/fi\/wp-json\/wp\/v2\/product_tag?post=20166"}],"curies":[{"name":"wp","href":"https:\/\/api.w.org\/{rel}","templated":true}]}}