{"id":20167,"date":"2026-03-26T01:56:58","date_gmt":"2026-03-25T23:56:58","guid":{"rendered":"https:\/\/haidak.eu\/taittuva-engwe-sivutelinelaukku-35l-ei-sovellu-x-sarjaan-eika-m20-malleihin\/"},"modified":"2026-04-09T13:21:23","modified_gmt":"2026-04-09T11:21:23","slug":"taittuva-engwe-sivutelinelaukku-35l","status":"publish","type":"product","link":"https:\/\/haidak.eu\/fi\/taittuva-engwe-sivutelinelaukku-35l\/","title":{"rendered":"Taittuva Engwe-sivutelinelaukku 35L"},"content":{"rendered":"<p style=\"caret-color: #000000; color: #000000;\" data-end=\"3640\" data-start=\"3354\">Engwe Foldable Pannier Bag 35L on monik\u00e4ytt\u00f6inen ja kest\u00e4v\u00e4 s\u00e4ilytysratkaisu py\u00f6r\u00e4ilij\u00f6ille, jotka arvostavat joustavuutta ja tyyli\u00e4. Laadukkaasta, vedenpit\u00e4v\u00e4st\u00e4 hiilikuitukomposiittinahasta valmistettu laukku hylkii likaa, pit\u00e4\u00e4 tavarat kuivina ja on helppo puhdistaa.<\/p>\n<p style=\"caret-color: #000000; color: #000000;\" data-end=\"4024\" data-start=\"3642\">Fiksun taittuvan rakenteensa ansiosta laukun tilavuus kasvaa 17 litrasta aina 35 litraan. Sivuvetoketjut avaamalla kompakti tavaratelineen laukku muuttuu tilaviksi sivulaukuiksi, joihin mahtuu vaatteita, kenki\u00e4, laitteita, ostoksia tai py\u00f6r\u00e4ilyvarusteita. Paksu pehmuste v\u00e4hent\u00e4\u00e4 t\u00e4rin\u00e4\u00e4 ja sis\u00e4\u00e4nrakennettu runko pit\u00e4\u00e4 laukun muodossaan, suojaten tavaroitasi jokaisella matkalla.<\/p>\n<p style=\"caret-color: #000000; color: #000000;\" data-end=\"4070\" data-start=\"4026\">Engwe-laukkua voi k\u00e4ytt\u00e4\u00e4 monella tavalla:<\/p>\n<ul style=\"caret-color: #000000; color: #000000;\" data-end=\"4316\" data-start=\"4071\">\n<li data-end=\"4163\" data-start=\"4071\">\n<p data-end=\"4163\" data-start=\"4073\">Sivulaukkuna tai tavaratelineen laukkuna, kiinnitettyn\u00e4 tukevasti py\u00f6r\u00e4n takatelineeseen<\/p>\n<\/li>\n<li data-end=\"4224\" data-start=\"4164\">\n<p data-end=\"4224\" data-start=\"4166\">Reppuna, pehmustettujen olkahihnojen kanssa ulkok\u00e4yt\u00f6ss\u00e4<\/p>\n<\/li>\n<li data-end=\"4316\" data-start=\"4225\">\n<p data-end=\"4316\" data-start=\"4227\">K\u00e4silaukkuna tai olkalaukkuna, vahvistetuilla kantokahvoilla ja irrotettavalla hihnalla<\/p>\n<\/li>\n<\/ul>\n<p style=\"caret-color: #000000; color: #000000;\" data-end=\"4520\" data-start=\"4318\">Kevyt mutta tukeva (1,6 kg), laukussa on irrotettava v\u00e4lilevy tavaroiden j\u00e4rjestelyyn. Tyylik\u00e4s ja k\u00e4yt\u00e4nn\u00f6llinen muotoilu sopii erinomaisesti paitsi py\u00f6r\u00e4ilyyn my\u00f6s kouluun, t\u00f6ihin ja matkustamiseen.<\/p>\n<p style=\"caret-color: #000000; color: #000000;\" data-end=\"4600\" data-start=\"4522\"><strong data-end=\"4531\" data-start=\"4522\">Huom:<\/strong>\u00a0T\u00e4m\u00e4 malli ei sovi Engwe M20- ja X-sarjan py\u00f6riin (X20, X24, X26).<\/p>\n<p style=\"caret-color: #000000; color: #000000;\" data-end=\"4624\" data-start=\"4602\"><strong data-end=\"4622\" data-start=\"4602\">Tekniset tiedot:<\/strong><\/p>\n<ul style=\"caret-color: #000000; color: #000000;\" data-end=\"4782\" data-start=\"4625\">\n<li data-end=\"4662\" data-start=\"4625\">\n<p data-end=\"4662\" data-start=\"4627\">Tilavuus: 17\u201335 l (laajennettava)<\/p>\n<\/li>\n<li data-end=\"4717\" data-start=\"4663\">\n<p data-end=\"4717\" data-start=\"4665\">Materiaali: vedenpit\u00e4v\u00e4 hiilikuitukomposiittinahka<\/p>\n<\/li>\n<li data-end=\"4748\" data-start=\"4718\">\n<p data-end=\"4748\" data-start=\"4720\">Mitat: 35.6 \u00d7 30 \u00d7 22.5 cm<\/p>\n<\/li>\n<li data-end=\"4766\" data-start=\"4749\">\n<p data-end=\"4766\" data-start=\"4751\">Paino: 1.6 kg<\/p>\n<\/li>\n<li data-end=\"4782\" data-start=\"4767\">\n<p data-end=\"4782\" data-start=\"4769\">V\u00e4ri: musta<\/p>\n<\/li>\n<\/ul>\n<p style=\"caret-color: #000000; color: #000000;\" data-end=\"4957\" data-start=\"4784\">Engwe Pannier Bag 35L yhdist\u00e4\u00e4 k\u00e4yt\u00e4nn\u00f6llisyyden, kest\u00e4vyyden ja modernin muotoilun \u2014 t\u00e4ydellinen valinta py\u00f6r\u00e4ilij\u00e4lle, joka haluaa kuljettaa enemm\u00e4n ilman kompromisseja.<\/p>\n","protected":false},"excerpt":{"rendered":"<p>Engwe Foldable Pannier Bag 35L on monik\u00e4ytt\u00f6inen ja kest\u00e4v\u00e4 s\u00e4ilytysratkaisu py\u00f6r\u00e4ilij\u00f6ille, jotka arvostavat joustavuutta ja tyyli\u00e4. Laadukkaasta, vedenpit\u00e4v\u00e4st\u00e4 hiilikuitukomposiittinahasta valmistettu<\/p>\n","protected":false},"featured_media":23443,"comment_status":"open","ping_status":"closed","template":"","meta":[],"product_brand":[],"product_cat":[697],"product_tag":[],"class_list":{"0":"post-20167","1":"product","2":"type-product","3":"status-publish","4":"has-post-thumbnail","6":"product_cat-korit-ja-tavaratelineet","8":"first","9":"instock","10":"taxable","11":"shipping-taxable","12":"purchasable","13":"product-type-simple"},"yoast_head":"<!-- This site is optimized with the Yoast SEO Premium plugin v27.3 (Yoast SEO v27.4) - https:\/\/yoast.com\/product\/yoast-seo-premium-wordpress\/ -->\n<title>Taittuva Engwe-sivutelinelaukku 35L | Voltride<\/title>\n<meta name=\"robots\" content=\"noindex, follow, max-snippet:-1, max-image-preview:large, max-video-preview:-1\" \/>\n<meta property=\"og:locale\" content=\"fi_FI\" \/>\n<meta property=\"og:type\" content=\"article\" \/>\n<meta property=\"og:title\" content=\"Taittuva Engwe-sivutelinelaukku 35L | Voltride\" \/>\n<meta property=\"og:description\" content=\"Engwe Foldable Pannier Bag 35L on monik\u00e4ytt\u00f6inen ja kest\u00e4v\u00e4 s\u00e4ilytysratkaisu py\u00f6r\u00e4ilij\u00f6ille, jotka arvostavat joustavuutta ja tyyli\u00e4. Laadukkaasta, vedenpit\u00e4v\u00e4st\u00e4 hiilikuitukomposiittinahasta valmistettu\" \/>\n<meta property=\"og:url\" content=\"https:\/\/haidak.eu\/fi\/taittuva-engwe-sivutelinelaukku-35l\/\" \/>\n<meta property=\"og:site_name\" content=\"Voltride\" \/>\n<meta property=\"article:publisher\" content=\"https:\/\/www.facebook.com\/voltridecom\/\" \/>\n<meta property=\"article:modified_time\" content=\"2026-04-09T11:21:23+00:00\" \/>\n<meta property=\"og:image\" content=\"https:\/\/haidak.eu\/wp-content\/uploads\/2026\/03\/6895-68a316d4ce3d1989939751-screenshot-2025-08-18-at-150221-1.png\" \/>\n\t<meta property=\"og:image:width\" content=\"876\" \/>\n\t<meta property=\"og:image:height\" content=\"876\" \/>\n\t<meta property=\"og:image:type\" content=\"image\/png\" \/>\n<meta name=\"twitter:card\" content=\"summary_large_image\" \/>\n<script type=\"application\/ld+json\" class=\"yoast-schema-graph\">{\"@context\":\"https:\\\/\\\/schema.org\",\"@graph\":[{\"@type\":\"WebPage\",\"@id\":\"https:\\\/\\\/haidak.eu\\\/fi\\\/taittuva-engwe-sivutelinelaukku-35l\\\/\",\"url\":\"https:\\\/\\\/haidak.eu\\\/fi\\\/taittuva-engwe-sivutelinelaukku-35l\\\/\",\"name\":\"Taittuva Engwe-sivutelinelaukku 35L | Voltride\",\"isPartOf\":{\"@id\":\"https:\\\/\\\/haidak.eu\\\/fi\\\/#website\"},\"primaryImageOfPage\":{\"@id\":\"https:\\\/\\\/haidak.eu\\\/fi\\\/taittuva-engwe-sivutelinelaukku-35l\\\/#primaryimage\"},\"image\":{\"@id\":\"https:\\\/\\\/haidak.eu\\\/fi\\\/taittuva-engwe-sivutelinelaukku-35l\\\/#primaryimage\"},\"thumbnailUrl\":\"https:\\\/\\\/haidak.eu\\\/wp-content\\\/uploads\\\/2026\\\/03\\\/6895-68a316d4ce3d1989939751-screenshot-2025-08-18-at-150221-1.png\",\"datePublished\":\"2026-03-25T23:56:58+00:00\",\"dateModified\":\"2026-04-09T11:21:23+00:00\",\"breadcrumb\":{\"@id\":\"https:\\\/\\\/haidak.eu\\\/fi\\\/taittuva-engwe-sivutelinelaukku-35l\\\/#breadcrumb\"},\"inLanguage\":\"fi\",\"potentialAction\":[{\"@type\":\"ReadAction\",\"target\":[\"https:\\\/\\\/haidak.eu\\\/fi\\\/taittuva-engwe-sivutelinelaukku-35l\\\/\"]}]},{\"@type\":\"ImageObject\",\"inLanguage\":\"fi\",\"@id\":\"https:\\\/\\\/haidak.eu\\\/fi\\\/taittuva-engwe-sivutelinelaukku-35l\\\/#primaryimage\",\"url\":\"https:\\\/\\\/haidak.eu\\\/wp-content\\\/uploads\\\/2026\\\/03\\\/6895-68a316d4ce3d1989939751-screenshot-2025-08-18-at-150221-1.png\",\"contentUrl\":\"https:\\\/\\\/haidak.eu\\\/wp-content\\\/uploads\\\/2026\\\/03\\\/6895-68a316d4ce3d1989939751-screenshot-2025-08-18-at-150221-1.png\",\"width\":876,\"height\":876},{\"@type\":\"BreadcrumbList\",\"@id\":\"https:\\\/\\\/haidak.eu\\\/fi\\\/taittuva-engwe-sivutelinelaukku-35l\\\/#breadcrumb\",\"itemListElement\":[{\"@type\":\"ListItem\",\"position\":1,\"name\":\"Etusivu\",\"item\":\"https:\\\/\\\/haidak.eu\\\/fi\\\/\"},{\"@type\":\"ListItem\",\"position\":2,\"name\":\"Kauppa\",\"item\":\"https:\\\/\\\/haidak.eu\\\/shop\\\/\"},{\"@type\":\"ListItem\",\"position\":3,\"name\":\"Lis\u00e4tarvikkeet\",\"item\":\"https:\\\/\\\/haidak.eu\\\/fi\\\/lisatarvikkeet\\\/\"},{\"@type\":\"ListItem\",\"position\":4,\"name\":\"Korit ja Tavaratelineet\",\"item\":\"https:\\\/\\\/haidak.eu\\\/fi\\\/korit-ja-tavaratelineet\\\/\"},{\"@type\":\"ListItem\",\"position\":5,\"name\":\"Taittuva Engwe-sivutelinelaukku 35L\"}]},{\"@type\":\"WebSite\",\"@id\":\"https:\\\/\\\/haidak.eu\\\/fi\\\/#website\",\"url\":\"https:\\\/\\\/haidak.eu\\\/fi\\\/\",\"name\":\"Voltride\",\"description\":\"Parim elektrirataste elektrit\u00f5ukside ja \u00fcksrataste pood ja remont\",\"publisher\":{\"@id\":\"https:\\\/\\\/haidak.eu\\\/fi\\\/#organization\"},\"alternateName\":\"Vr\",\"potentialAction\":[{\"@type\":\"SearchAction\",\"target\":{\"@type\":\"EntryPoint\",\"urlTemplate\":\"https:\\\/\\\/haidak.eu\\\/fi\\\/?s={search_term_string}\"},\"query-input\":{\"@type\":\"PropertyValueSpecification\",\"valueRequired\":true,\"valueName\":\"search_term_string\"}}],\"inLanguage\":\"fi\"},{\"@type\":[\"Organization\",\"Place\"],\"@id\":\"https:\\\/\\\/haidak.eu\\\/fi\\\/#organization\",\"name\":\"Voltride\",\"alternateName\":\"VR\",\"url\":\"https:\\\/\\\/haidak.eu\\\/fi\\\/\",\"logo\":{\"@id\":\"https:\\\/\\\/haidak.eu\\\/fi\\\/taittuva-engwe-sivutelinelaukku-35l\\\/#local-main-organization-logo\"},\"image\":{\"@id\":\"https:\\\/\\\/haidak.eu\\\/fi\\\/taittuva-engwe-sivutelinelaukku-35l\\\/#local-main-organization-logo\"},\"sameAs\":[\"https:\\\/\\\/www.facebook.com\\\/voltridecom\\\/\"],\"legalName\":\"Voltride O\u00dc\",\"numberOfEmployees\":{\"@type\":\"QuantitativeValue\",\"minValue\":\"1\",\"maxValue\":\"10\"},\"ownershipFundingInfo\":\"https:\\\/\\\/haidak.eu\\\/about-us\\\/\",\"hasMerchantReturnPolicy\":{\"@type\":\"MerchantReturnPolicy\",\"merchantReturnLink\":\"https:\\\/\\\/haidak.eu\\\/shipping-and-returns\\\/\"},\"address\":{\"@id\":\"https:\\\/\\\/haidak.eu\\\/fi\\\/taittuva-engwe-sivutelinelaukku-35l\\\/#local-main-place-address\"},\"geo\":{\"@type\":\"GeoCoordinates\",\"latitude\":\"59.439554\",\"longitude\":\"24.726644\"},\"telephone\":[\"+372 600 40 99\"],\"contactPoint\":{\"@type\":\"ContactPoint\",\"telephone\":\"+372 600 40 99\",\"email\":\"info@voltride.com\"},\"openingHoursSpecification\":[{\"@type\":\"OpeningHoursSpecification\",\"dayOfWeek\":[\"Monday\",\"Tuesday\",\"Wednesday\",\"Thursday\",\"Friday\"],\"opens\":\"10:00\",\"closes\":\"18:00\"},{\"@type\":\"OpeningHoursSpecification\",\"dayOfWeek\":[\"Saturday\",\"Sunday\"],\"opens\":\"00:00\",\"closes\":\"00:00\"}],\"email\":\"info@voltride.com\",\"taxID\":\"14871968\"},{\"@type\":\"PostalAddress\",\"@id\":\"https:\\\/\\\/haidak.eu\\\/fi\\\/taittuva-engwe-sivutelinelaukku-35l\\\/#local-main-place-address\",\"streetAddress\":\"Voltride Telliskivi 57D\",\"addressLocality\":\"Tallinn\",\"postalCode\":\"10412\",\"addressRegion\":\"Tallinn\",\"addressCountry\":\"EE\"},{\"@type\":\"ImageObject\",\"inLanguage\":\"fi\",\"@id\":\"https:\\\/\\\/haidak.eu\\\/fi\\\/taittuva-engwe-sivutelinelaukku-35l\\\/#local-main-organization-logo\",\"url\":\"https:\\\/\\\/haidak.eu\\\/wp-content\\\/uploads\\\/voltride-logo.png\",\"contentUrl\":\"https:\\\/\\\/haidak.eu\\\/wp-content\\\/uploads\\\/voltride-logo.png\",\"width\":2481,\"height\":620,\"caption\":\"Voltride\"}]}<\/script>\n<meta property=\"product:price:amount\" content=\"69.99\" \/>\n<meta property=\"product:price:currency\" content=\"EUR\" \/>\n<meta property=\"og:availability\" content=\"instock\" \/>\n<meta property=\"product:availability\" content=\"instock\" \/>\n<meta property=\"product:retailer_item_id\" content=\"ENBG001\" \/>\n<meta property=\"product:condition\" content=\"new\" \/>\n<meta name=\"geo.placename\" content=\"Tallinn\" \/>\n<meta name=\"geo.position\" content=\"59.439554;24.726644\" \/>\n<meta name=\"geo.region\" content=\"Viro\" \/>\n<!-- \/ Yoast SEO Premium plugin. -->","yoast_head_json":{"title":"Taittuva Engwe-sivutelinelaukku 35L | Voltride","robots":{"index":"noindex","follow":"follow","max-snippet":"max-snippet:-1","max-image-preview":"max-image-preview:large","max-video-preview":"max-video-preview:-1"},"og_locale":"fi_FI","og_type":"article","og_title":"Taittuva Engwe-sivutelinelaukku 35L | Voltride","og_description":"Engwe Foldable Pannier Bag 35L on monik\u00e4ytt\u00f6inen ja kest\u00e4v\u00e4 s\u00e4ilytysratkaisu py\u00f6r\u00e4ilij\u00f6ille, jotka arvostavat joustavuutta ja tyyli\u00e4. Laadukkaasta, vedenpit\u00e4v\u00e4st\u00e4 hiilikuitukomposiittinahasta valmistettu","og_url":"https:\/\/haidak.eu\/fi\/taittuva-engwe-sivutelinelaukku-35l\/","og_site_name":"Voltride","article_publisher":"https:\/\/www.facebook.com\/voltridecom\/","article_modified_time":"2026-04-09T11:21:23+00:00","og_image":[{"width":876,"height":876,"url":"https:\/\/haidak.eu\/wp-content\/uploads\/2026\/03\/6895-68a316d4ce3d1989939751-screenshot-2025-08-18-at-150221-1.png","type":"image\/png"}],"twitter_card":"summary_large_image","schema":{"@context":"https:\/\/schema.org","@graph":[{"@type":"WebPage","@id":"https:\/\/haidak.eu\/fi\/taittuva-engwe-sivutelinelaukku-35l\/","url":"https:\/\/haidak.eu\/fi\/taittuva-engwe-sivutelinelaukku-35l\/","name":"Taittuva Engwe-sivutelinelaukku 35L | Voltride","isPartOf":{"@id":"https:\/\/haidak.eu\/fi\/#website"},"primaryImageOfPage":{"@id":"https:\/\/haidak.eu\/fi\/taittuva-engwe-sivutelinelaukku-35l\/#primaryimage"},"image":{"@id":"https:\/\/haidak.eu\/fi\/taittuva-engwe-sivutelinelaukku-35l\/#primaryimage"},"thumbnailUrl":"https:\/\/haidak.eu\/wp-content\/uploads\/2026\/03\/6895-68a316d4ce3d1989939751-screenshot-2025-08-18-at-150221-1.png","datePublished":"2026-03-25T23:56:58+00:00","dateModified":"2026-04-09T11:21:23+00:00","breadcrumb":{"@id":"https:\/\/haidak.eu\/fi\/taittuva-engwe-sivutelinelaukku-35l\/#breadcrumb"},"inLanguage":"fi","potentialAction":[{"@type":"ReadAction","target":["https:\/\/haidak.eu\/fi\/taittuva-engwe-sivutelinelaukku-35l\/"]}]},{"@type":"ImageObject","inLanguage":"fi","@id":"https:\/\/haidak.eu\/fi\/taittuva-engwe-sivutelinelaukku-35l\/#primaryimage","url":"https:\/\/haidak.eu\/wp-content\/uploads\/2026\/03\/6895-68a316d4ce3d1989939751-screenshot-2025-08-18-at-150221-1.png","contentUrl":"https:\/\/haidak.eu\/wp-content\/uploads\/2026\/03\/6895-68a316d4ce3d1989939751-screenshot-2025-08-18-at-150221-1.png","width":876,"height":876},{"@type":"BreadcrumbList","@id":"https:\/\/haidak.eu\/fi\/taittuva-engwe-sivutelinelaukku-35l\/#breadcrumb","itemListElement":[{"@type":"ListItem","position":1,"name":"Etusivu","item":"https:\/\/haidak.eu\/fi\/"},{"@type":"ListItem","position":2,"name":"Kauppa","item":"https:\/\/haidak.eu\/shop\/"},{"@type":"ListItem","position":3,"name":"Lis\u00e4tarvikkeet","item":"https:\/\/haidak.eu\/fi\/lisatarvikkeet\/"},{"@type":"ListItem","position":4,"name":"Korit ja Tavaratelineet","item":"https:\/\/haidak.eu\/fi\/korit-ja-tavaratelineet\/"},{"@type":"ListItem","position":5,"name":"Taittuva Engwe-sivutelinelaukku 35L"}]},{"@type":"WebSite","@id":"https:\/\/haidak.eu\/fi\/#website","url":"https:\/\/haidak.eu\/fi\/","name":"Voltride","description":"Parim elektrirataste elektrit\u00f5ukside ja \u00fcksrataste pood ja remont","publisher":{"@id":"https:\/\/haidak.eu\/fi\/#organization"},"alternateName":"Vr","potentialAction":[{"@type":"SearchAction","target":{"@type":"EntryPoint","urlTemplate":"https:\/\/haidak.eu\/fi\/?s={search_term_string}"},"query-input":{"@type":"PropertyValueSpecification","valueRequired":true,"valueName":"search_term_string"}}],"inLanguage":"fi"},{"@type":["Organization","Place"],"@id":"https:\/\/haidak.eu\/fi\/#organization","name":"Voltride","alternateName":"VR","url":"https:\/\/haidak.eu\/fi\/","logo":{"@id":"https:\/\/haidak.eu\/fi\/taittuva-engwe-sivutelinelaukku-35l\/#local-main-organization-logo"},"image":{"@id":"https:\/\/haidak.eu\/fi\/taittuva-engwe-sivutelinelaukku-35l\/#local-main-organization-logo"},"sameAs":["https:\/\/www.facebook.com\/voltridecom\/"],"legalName":"Voltride O\u00dc","numberOfEmployees":{"@type":"QuantitativeValue","minValue":"1","maxValue":"10"},"ownershipFundingInfo":"https:\/\/haidak.eu\/about-us\/","hasMerchantReturnPolicy":{"@type":"MerchantReturnPolicy","merchantReturnLink":"https:\/\/haidak.eu\/shipping-and-returns\/"},"address":{"@id":"https:\/\/haidak.eu\/fi\/taittuva-engwe-sivutelinelaukku-35l\/#local-main-place-address"},"geo":{"@type":"GeoCoordinates","latitude":"59.439554","longitude":"24.726644"},"telephone":["+372 600 40 99"],"contactPoint":{"@type":"ContactPoint","telephone":"+372 600 40 99","email":"info@voltride.com"},"openingHoursSpecification":[{"@type":"OpeningHoursSpecification","dayOfWeek":["Monday","Tuesday","Wednesday","Thursday","Friday"],"opens":"10:00","closes":"18:00"},{"@type":"OpeningHoursSpecification","dayOfWeek":["Saturday","Sunday"],"opens":"00:00","closes":"00:00"}],"email":"info@voltride.com","taxID":"14871968"},{"@type":"PostalAddress","@id":"https:\/\/haidak.eu\/fi\/taittuva-engwe-sivutelinelaukku-35l\/#local-main-place-address","streetAddress":"Voltride Telliskivi 57D","addressLocality":"Tallinn","postalCode":"10412","addressRegion":"Tallinn","addressCountry":"EE"},{"@type":"ImageObject","inLanguage":"fi","@id":"https:\/\/haidak.eu\/fi\/taittuva-engwe-sivutelinelaukku-35l\/#local-main-organization-logo","url":"https:\/\/haidak.eu\/wp-content\/uploads\/voltride-logo.png","contentUrl":"https:\/\/haidak.eu\/wp-content\/uploads\/voltride-logo.png","width":2481,"height":620,"caption":"Voltride"}]},"product_price_amount":"69.99","product_price_currency":"EUR","og_availability":"instock","product_availability":"instock","product_retailer_item_id":"ENBG001","product_condition":"new","geo.placename":"Tallinn","geo.position":{"lat":"59.439554","long":"24.726644"},"geo.region":"Viro"},"_links":{"self":[{"href":"https:\/\/haidak.eu\/fi\/wp-json\/wp\/v2\/product\/20167","targetHints":{"allow":["GET"]}}],"collection":[{"href":"https:\/\/haidak.eu\/fi\/wp-json\/wp\/v2\/product"}],"about":[{"href":"https:\/\/haidak.eu\/fi\/wp-json\/wp\/v2\/types\/product"}],"replies":[{"embeddable":true,"href":"https:\/\/haidak.eu\/fi\/wp-json\/wp\/v2\/comments?post=20167"}],"wp:featuredmedia":[{"embeddable":true,"href":"https:\/\/haidak.eu\/fi\/wp-json\/wp\/v2\/media\/23443"}],"wp:attachment":[{"href":"https:\/\/haidak.eu\/fi\/wp-json\/wp\/v2\/media?parent=20167"}],"wp:term":[{"taxonomy":"product_brand","embeddable":true,"href":"https:\/\/haidak.eu\/fi\/wp-json\/wp\/v2\/product_brand?post=20167"},{"taxonomy":"product_cat","embeddable":true,"href":"https:\/\/haidak.eu\/fi\/wp-json\/wp\/v2\/product_cat?post=20167"},{"taxonomy":"product_tag","embeddable":true,"href":"https:\/\/haidak.eu\/fi\/wp-json\/wp\/v2\/product_tag?post=20167"}],"curies":[{"name":"wp","href":"https:\/\/api.w.org\/{rel}","templated":true}]}}