{"id":20230,"date":"2026-03-26T02:02:36","date_gmt":"2026-03-26T00:02:36","guid":{"rendered":"https:\/\/haidak.eu\/leatt-polvi-ja-saarisuoja-dual-axis-s-m\/"},"modified":"2026-03-31T23:23:56","modified_gmt":"2026-03-31T21:23:56","slug":"leatt-polvi-ja-saarisuoja-dual-axis-s-m","status":"publish","type":"product","link":"https:\/\/haidak.eu\/fi\/leatt-polvi-ja-saarisuoja-dual-axis-s-m\/","title":{"rendered":"Leatt Polvi- ja S\u00e4\u00e4risuoja Dual Axis S\/M"},"content":{"rendered":"<h2 data-end=\"2501\" data-start=\"2448\" style=\"caret-color: rgb(0, 0, 0); color: rgb(0, 0, 0);\">Leatt Polvi- ja S\u00e4\u00e4risuoja Dual Axis<\/h2>\n<p data-end=\"3113\" data-start=\"2503\" style=\"caret-color: rgb(0, 0, 0); color: rgb(0, 0, 0);\">Leatt Dual Axis polvi- ja s\u00e4\u00e4risuojat ovat mukavat ja hyvin hengitt\u00e4v\u00e4t suojat, joissa on kaksi nivelt\u00e4, jotta ne seuraavat luonnollisemmin polven liikett\u00e4. Ne peitt\u00e4v\u00e4t polven my\u00f6s t\u00e4ysin koukistettuna sek\u00e4 reiden alaosan ja suurimman osan s\u00e4\u00e4rest\u00e4. CE-hyv\u00e4ksynt\u00e4 takaa korkean tason iskusuojan, ja ne on sertifioitu my\u00f6s kulutuskest\u00e4vyyden osalta. Hihnojen soljet ovat matalaprofiilisia, eiv\u00e4tk\u00e4 takerru ajohousuihin. Hihnat on vuorattu pehme\u00e4ll\u00e4, hengitt\u00e4v\u00e4ll\u00e4 Airprene-materiaalilla, joka est\u00e4\u00e4 liukumisen. Kevyet, mukavat ja tarjoavat enemm\u00e4n liikkumisvapautta kuin useimmat muut CE-sertifioidut suojat.<\/p>\n<h4 data-end=\"3134\" data-start=\"3115\" style=\"caret-color: rgb(0, 0, 0); color: rgb(0, 0, 0);\"><strong data-end=\"3132\" data-start=\"3115\">Ominaisuudet:<\/strong><\/h4>\n<ul data-end=\"3590\" data-start=\"3135\" style=\"caret-color: rgb(0, 0, 0); color: rgb(0, 0, 0);\">\n<li data-end=\"3176\" data-start=\"3135\">\n<h4 data-end=\"3176\" data-start=\"3137\">3D-muotoilu optimaaliseen istuvuuteen<\/h4>\n<\/li>\n<li data-end=\"3226\" data-start=\"3177\">\n<p data-end=\"3226\" data-start=\"3179\">CE-testattu ja hyv\u00e4ksytty: EN 1621-1, Level 1<\/p>\n<\/li>\n<li data-end=\"3276\" data-start=\"3227\">\n<p data-end=\"3276\" data-start=\"3229\">Anatomisesti oikein sijoitetut kaksoisnivelet<\/p>\n<\/li>\n<li data-end=\"3318\" data-start=\"3277\">\n<p data-end=\"3318\" data-start=\"3279\">Kevyet: vain 850 g per pari (1.9 lbs)<\/p>\n<\/li>\n<li data-end=\"3406\" data-start=\"3319\">\n<p data-end=\"3406\" data-start=\"3321\">Ohut muotoilu \u2014 sopii housujen alle tai p\u00e4\u00e4lle, toimii hyvin my\u00f6s saappaiden kanssa<\/p>\n<\/li>\n<li data-end=\"3454\" data-start=\"3407\">\n<p data-end=\"3454\" data-start=\"3409\">9 suurta ilmanvaihtoaukkoa pit\u00e4v\u00e4t viile\u00e4n\u00e4<\/p>\n<\/li>\n<li data-end=\"3535\" data-start=\"3455\">\n<p data-end=\"3535\" data-start=\"3457\">Valmistettu tihe\u00e4st\u00e4 polyeteenist\u00e4 (HDPE) ja pest\u00e4v\u00e4st\u00e4 Leatt-vaahtomuovista<\/p>\n<\/li>\n<li data-end=\"3567\" data-start=\"3536\">\n<p data-end=\"3567\" data-start=\"3538\">Hihnaj\u00e4rjestelm\u00e4 ei takerru<\/p>\n<\/li>\n<li data-end=\"3590\" data-start=\"3568\">\n<p data-end=\"3590\" data-start=\"3570\">Myyd\u00e4\u00e4n pareittain<\/p>\n<\/li>\n<\/ul>\n","protected":false},"excerpt":{"rendered":"<p>Leatt Polvi- ja S\u00e4\u00e4risuoja Dual Axis Leatt Dual Axis polvi- ja s\u00e4\u00e4risuojat ovat mukavat ja hyvin hengitt\u00e4v\u00e4t suojat, joissa on<\/p>\n","protected":false},"featured_media":20626,"comment_status":"open","ping_status":"closed","template":"","meta":[],"product_brand":[],"product_cat":[755],"product_tag":[],"class_list":{"0":"post-20230","1":"product","2":"type-product","3":"status-publish","4":"has-post-thumbnail","6":"product_cat-ihmisten-suojavarusteet","8":"first","9":"instock","10":"taxable","11":"shipping-taxable","12":"purchasable","13":"product-type-simple"},"yoast_head":"<!-- This site is optimized with the Yoast SEO Premium plugin v27.3 (Yoast SEO v27.3) - https:\/\/yoast.com\/product\/yoast-seo-premium-wordpress\/ -->\n<title>Leatt Polvi- ja S\u00e4\u00e4risuoja Dual Axis S\/M | Voltride<\/title>\n<meta name=\"robots\" content=\"noindex, follow, max-snippet:-1, max-image-preview:large, max-video-preview:-1\" \/>\n<meta property=\"og:locale\" content=\"fi_FI\" \/>\n<meta property=\"og:type\" content=\"article\" \/>\n<meta property=\"og:title\" content=\"Leatt Polvi- ja S\u00e4\u00e4risuoja Dual Axis S\/M | Voltride\" \/>\n<meta property=\"og:description\" content=\"Leatt Polvi- ja S\u00e4\u00e4risuoja Dual Axis Leatt Dual Axis polvi- ja s\u00e4\u00e4risuojat ovat mukavat ja hyvin hengitt\u00e4v\u00e4t suojat, joissa on\" \/>\n<meta property=\"og:url\" content=\"https:\/\/haidak.eu\/fi\/leatt-polvi-ja-saarisuoja-dual-axis-s-m\/\" \/>\n<meta property=\"og:site_name\" content=\"Voltride\" \/>\n<meta property=\"article:publisher\" content=\"https:\/\/www.facebook.com\/voltridecom\/\" \/>\n<meta property=\"article:modified_time\" content=\"2026-03-31T21:23:56+00:00\" \/>\n<meta property=\"og:image\" content=\"https:\/\/haidak.eu\/wp-content\/uploads\/2026\/03\/4065-62a0502c5c13f906294013-ezgifcom-gif-maker-283929-1.jpg\" \/>\n\t<meta property=\"og:image:width\" content=\"1280\" \/>\n\t<meta property=\"og:image:height\" content=\"1280\" \/>\n\t<meta property=\"og:image:type\" content=\"image\/jpeg\" \/>\n<meta name=\"twitter:card\" content=\"summary_large_image\" \/>\n<script type=\"application\/ld+json\" class=\"yoast-schema-graph\">{\"@context\":\"https:\\\/\\\/schema.org\",\"@graph\":[{\"@type\":\"WebPage\",\"@id\":\"https:\\\/\\\/haidak.eu\\\/fi\\\/leatt-polvi-ja-saarisuoja-dual-axis-s-m\\\/\",\"url\":\"https:\\\/\\\/haidak.eu\\\/fi\\\/leatt-polvi-ja-saarisuoja-dual-axis-s-m\\\/\",\"name\":\"Leatt Polvi- ja S\u00e4\u00e4risuoja Dual Axis S\\\/M | Voltride\",\"isPartOf\":{\"@id\":\"https:\\\/\\\/haidak.eu\\\/fi\\\/#website\"},\"primaryImageOfPage\":{\"@id\":\"https:\\\/\\\/haidak.eu\\\/fi\\\/leatt-polvi-ja-saarisuoja-dual-axis-s-m\\\/#primaryimage\"},\"image\":{\"@id\":\"https:\\\/\\\/haidak.eu\\\/fi\\\/leatt-polvi-ja-saarisuoja-dual-axis-s-m\\\/#primaryimage\"},\"thumbnailUrl\":\"https:\\\/\\\/haidak.eu\\\/wp-content\\\/uploads\\\/2026\\\/03\\\/4065-62a0502c5c13f906294013-ezgifcom-gif-maker-283929-1.jpg\",\"datePublished\":\"2026-03-26T00:02:36+00:00\",\"dateModified\":\"2026-03-31T21:23:56+00:00\",\"breadcrumb\":{\"@id\":\"https:\\\/\\\/haidak.eu\\\/fi\\\/leatt-polvi-ja-saarisuoja-dual-axis-s-m\\\/#breadcrumb\"},\"inLanguage\":\"fi\",\"potentialAction\":[{\"@type\":\"ReadAction\",\"target\":[\"https:\\\/\\\/haidak.eu\\\/fi\\\/leatt-polvi-ja-saarisuoja-dual-axis-s-m\\\/\"]}]},{\"@type\":\"ImageObject\",\"inLanguage\":\"fi\",\"@id\":\"https:\\\/\\\/haidak.eu\\\/fi\\\/leatt-polvi-ja-saarisuoja-dual-axis-s-m\\\/#primaryimage\",\"url\":\"https:\\\/\\\/haidak.eu\\\/wp-content\\\/uploads\\\/2026\\\/03\\\/4065-62a0502c5c13f906294013-ezgifcom-gif-maker-283929-1.jpg\",\"contentUrl\":\"https:\\\/\\\/haidak.eu\\\/wp-content\\\/uploads\\\/2026\\\/03\\\/4065-62a0502c5c13f906294013-ezgifcom-gif-maker-283929-1.jpg\",\"width\":1280,\"height\":1280},{\"@type\":\"BreadcrumbList\",\"@id\":\"https:\\\/\\\/haidak.eu\\\/fi\\\/leatt-polvi-ja-saarisuoja-dual-axis-s-m\\\/#breadcrumb\",\"itemListElement\":[{\"@type\":\"ListItem\",\"position\":1,\"name\":\"Etusivu\",\"item\":\"https:\\\/\\\/haidak.eu\\\/fi\\\/\"},{\"@type\":\"ListItem\",\"position\":2,\"name\":\"Kauppa\",\"item\":\"https:\\\/\\\/haidak.eu\\\/shop\\\/\"},{\"@type\":\"ListItem\",\"position\":3,\"name\":\"Lis\u00e4tarvikkeet\",\"item\":\"https:\\\/\\\/haidak.eu\\\/fi\\\/lisatarvikkeet\\\/\"},{\"@type\":\"ListItem\",\"position\":4,\"name\":\"Ihmisten suojavarusteet\",\"item\":\"https:\\\/\\\/haidak.eu\\\/fi\\\/ihmisten-suojavarusteet\\\/\"},{\"@type\":\"ListItem\",\"position\":5,\"name\":\"Leatt Polvi- ja S\u00e4\u00e4risuoja Dual Axis S\\\/M\"}]},{\"@type\":\"WebSite\",\"@id\":\"https:\\\/\\\/haidak.eu\\\/fi\\\/#website\",\"url\":\"https:\\\/\\\/haidak.eu\\\/fi\\\/\",\"name\":\"Voltride\",\"description\":\"Parim elektrirataste elektrit\u00f5ukside ja \u00fcksrataste pood ja remont\",\"publisher\":{\"@id\":\"https:\\\/\\\/haidak.eu\\\/fi\\\/#organization\"},\"alternateName\":\"Vr\",\"potentialAction\":[{\"@type\":\"SearchAction\",\"target\":{\"@type\":\"EntryPoint\",\"urlTemplate\":\"https:\\\/\\\/haidak.eu\\\/fi\\\/?s={search_term_string}\"},\"query-input\":{\"@type\":\"PropertyValueSpecification\",\"valueRequired\":true,\"valueName\":\"search_term_string\"}}],\"inLanguage\":\"fi\"},{\"@type\":[\"Organization\",\"Place\"],\"@id\":\"https:\\\/\\\/haidak.eu\\\/fi\\\/#organization\",\"name\":\"Voltride\",\"alternateName\":\"VR\",\"url\":\"https:\\\/\\\/haidak.eu\\\/fi\\\/\",\"logo\":{\"@id\":\"https:\\\/\\\/haidak.eu\\\/fi\\\/leatt-polvi-ja-saarisuoja-dual-axis-s-m\\\/#local-main-organization-logo\"},\"image\":{\"@id\":\"https:\\\/\\\/haidak.eu\\\/fi\\\/leatt-polvi-ja-saarisuoja-dual-axis-s-m\\\/#local-main-organization-logo\"},\"sameAs\":[\"https:\\\/\\\/www.facebook.com\\\/voltridecom\\\/\"],\"legalName\":\"Voltride O\u00dc\",\"numberOfEmployees\":{\"@type\":\"QuantitativeValue\",\"minValue\":\"1\",\"maxValue\":\"10\"},\"ownershipFundingInfo\":\"https:\\\/\\\/haidak.eu\\\/about-us\\\/\",\"hasMerchantReturnPolicy\":{\"@type\":\"MerchantReturnPolicy\",\"merchantReturnLink\":\"https:\\\/\\\/haidak.eu\\\/shipping-and-returns\\\/\"},\"address\":{\"@id\":\"https:\\\/\\\/haidak.eu\\\/fi\\\/leatt-polvi-ja-saarisuoja-dual-axis-s-m\\\/#local-main-place-address\"},\"geo\":{\"@type\":\"GeoCoordinates\",\"latitude\":\"59.439554\",\"longitude\":\"24.726644\"},\"telephone\":[\"+372 600 40 99\"],\"contactPoint\":{\"@type\":\"ContactPoint\",\"telephone\":\"+372 600 40 99\",\"email\":\"info@voltride.com\"},\"openingHoursSpecification\":[{\"@type\":\"OpeningHoursSpecification\",\"dayOfWeek\":[\"Monday\",\"Tuesday\",\"Wednesday\",\"Thursday\",\"Friday\"],\"opens\":\"10:00\",\"closes\":\"18:00\"},{\"@type\":\"OpeningHoursSpecification\",\"dayOfWeek\":[\"Saturday\",\"Sunday\"],\"opens\":\"00:00\",\"closes\":\"00:00\"}],\"email\":\"info@voltride.com\",\"taxID\":\"14871968\"},{\"@type\":\"PostalAddress\",\"@id\":\"https:\\\/\\\/haidak.eu\\\/fi\\\/leatt-polvi-ja-saarisuoja-dual-axis-s-m\\\/#local-main-place-address\",\"streetAddress\":\"Voltride Telliskivi 57D\",\"addressLocality\":\"Tallinn\",\"postalCode\":\"10412\",\"addressRegion\":\"Tallinn\",\"addressCountry\":\"EE\"},{\"@type\":\"ImageObject\",\"inLanguage\":\"fi\",\"@id\":\"https:\\\/\\\/haidak.eu\\\/fi\\\/leatt-polvi-ja-saarisuoja-dual-axis-s-m\\\/#local-main-organization-logo\",\"url\":\"https:\\\/\\\/haidak.eu\\\/wp-content\\\/uploads\\\/voltride-logo.png\",\"contentUrl\":\"https:\\\/\\\/haidak.eu\\\/wp-content\\\/uploads\\\/voltride-logo.png\",\"width\":2481,\"height\":620,\"caption\":\"Voltride\"}]}<\/script>\n<meta property=\"product:price:amount\" content=\"109.99\" \/>\n<meta property=\"product:price:currency\" content=\"EUR\" \/>\n<meta property=\"og:availability\" content=\"instock\" \/>\n<meta property=\"product:availability\" content=\"instock\" \/>\n<meta property=\"product:retailer_item_id\" content=\"LTSG005\" \/>\n<meta property=\"product:condition\" content=\"new\" \/>\n<meta name=\"geo.placename\" content=\"Tallinn\" \/>\n<meta name=\"geo.position\" content=\"59.439554;24.726644\" \/>\n<meta name=\"geo.region\" content=\"Viro\" \/>\n<!-- \/ Yoast SEO Premium plugin. -->","yoast_head_json":{"title":"Leatt Polvi- ja S\u00e4\u00e4risuoja Dual Axis S\/M | Voltride","robots":{"index":"noindex","follow":"follow","max-snippet":"max-snippet:-1","max-image-preview":"max-image-preview:large","max-video-preview":"max-video-preview:-1"},"og_locale":"fi_FI","og_type":"article","og_title":"Leatt Polvi- ja S\u00e4\u00e4risuoja Dual Axis S\/M | Voltride","og_description":"Leatt Polvi- ja S\u00e4\u00e4risuoja Dual Axis Leatt Dual Axis polvi- ja s\u00e4\u00e4risuojat ovat mukavat ja hyvin hengitt\u00e4v\u00e4t suojat, joissa on","og_url":"https:\/\/haidak.eu\/fi\/leatt-polvi-ja-saarisuoja-dual-axis-s-m\/","og_site_name":"Voltride","article_publisher":"https:\/\/www.facebook.com\/voltridecom\/","article_modified_time":"2026-03-31T21:23:56+00:00","og_image":[{"width":1280,"height":1280,"url":"https:\/\/haidak.eu\/wp-content\/uploads\/2026\/03\/4065-62a0502c5c13f906294013-ezgifcom-gif-maker-283929-1.jpg","type":"image\/jpeg"}],"twitter_card":"summary_large_image","schema":{"@context":"https:\/\/schema.org","@graph":[{"@type":"WebPage","@id":"https:\/\/haidak.eu\/fi\/leatt-polvi-ja-saarisuoja-dual-axis-s-m\/","url":"https:\/\/haidak.eu\/fi\/leatt-polvi-ja-saarisuoja-dual-axis-s-m\/","name":"Leatt Polvi- ja S\u00e4\u00e4risuoja Dual Axis S\/M | Voltride","isPartOf":{"@id":"https:\/\/haidak.eu\/fi\/#website"},"primaryImageOfPage":{"@id":"https:\/\/haidak.eu\/fi\/leatt-polvi-ja-saarisuoja-dual-axis-s-m\/#primaryimage"},"image":{"@id":"https:\/\/haidak.eu\/fi\/leatt-polvi-ja-saarisuoja-dual-axis-s-m\/#primaryimage"},"thumbnailUrl":"https:\/\/haidak.eu\/wp-content\/uploads\/2026\/03\/4065-62a0502c5c13f906294013-ezgifcom-gif-maker-283929-1.jpg","datePublished":"2026-03-26T00:02:36+00:00","dateModified":"2026-03-31T21:23:56+00:00","breadcrumb":{"@id":"https:\/\/haidak.eu\/fi\/leatt-polvi-ja-saarisuoja-dual-axis-s-m\/#breadcrumb"},"inLanguage":"fi","potentialAction":[{"@type":"ReadAction","target":["https:\/\/haidak.eu\/fi\/leatt-polvi-ja-saarisuoja-dual-axis-s-m\/"]}]},{"@type":"ImageObject","inLanguage":"fi","@id":"https:\/\/haidak.eu\/fi\/leatt-polvi-ja-saarisuoja-dual-axis-s-m\/#primaryimage","url":"https:\/\/haidak.eu\/wp-content\/uploads\/2026\/03\/4065-62a0502c5c13f906294013-ezgifcom-gif-maker-283929-1.jpg","contentUrl":"https:\/\/haidak.eu\/wp-content\/uploads\/2026\/03\/4065-62a0502c5c13f906294013-ezgifcom-gif-maker-283929-1.jpg","width":1280,"height":1280},{"@type":"BreadcrumbList","@id":"https:\/\/haidak.eu\/fi\/leatt-polvi-ja-saarisuoja-dual-axis-s-m\/#breadcrumb","itemListElement":[{"@type":"ListItem","position":1,"name":"Etusivu","item":"https:\/\/haidak.eu\/fi\/"},{"@type":"ListItem","position":2,"name":"Kauppa","item":"https:\/\/haidak.eu\/shop\/"},{"@type":"ListItem","position":3,"name":"Lis\u00e4tarvikkeet","item":"https:\/\/haidak.eu\/fi\/lisatarvikkeet\/"},{"@type":"ListItem","position":4,"name":"Ihmisten suojavarusteet","item":"https:\/\/haidak.eu\/fi\/ihmisten-suojavarusteet\/"},{"@type":"ListItem","position":5,"name":"Leatt Polvi- ja S\u00e4\u00e4risuoja Dual Axis S\/M"}]},{"@type":"WebSite","@id":"https:\/\/haidak.eu\/fi\/#website","url":"https:\/\/haidak.eu\/fi\/","name":"Voltride","description":"Parim elektrirataste elektrit\u00f5ukside ja \u00fcksrataste pood ja remont","publisher":{"@id":"https:\/\/haidak.eu\/fi\/#organization"},"alternateName":"Vr","potentialAction":[{"@type":"SearchAction","target":{"@type":"EntryPoint","urlTemplate":"https:\/\/haidak.eu\/fi\/?s={search_term_string}"},"query-input":{"@type":"PropertyValueSpecification","valueRequired":true,"valueName":"search_term_string"}}],"inLanguage":"fi"},{"@type":["Organization","Place"],"@id":"https:\/\/haidak.eu\/fi\/#organization","name":"Voltride","alternateName":"VR","url":"https:\/\/haidak.eu\/fi\/","logo":{"@id":"https:\/\/haidak.eu\/fi\/leatt-polvi-ja-saarisuoja-dual-axis-s-m\/#local-main-organization-logo"},"image":{"@id":"https:\/\/haidak.eu\/fi\/leatt-polvi-ja-saarisuoja-dual-axis-s-m\/#local-main-organization-logo"},"sameAs":["https:\/\/www.facebook.com\/voltridecom\/"],"legalName":"Voltride O\u00dc","numberOfEmployees":{"@type":"QuantitativeValue","minValue":"1","maxValue":"10"},"ownershipFundingInfo":"https:\/\/haidak.eu\/about-us\/","hasMerchantReturnPolicy":{"@type":"MerchantReturnPolicy","merchantReturnLink":"https:\/\/haidak.eu\/shipping-and-returns\/"},"address":{"@id":"https:\/\/haidak.eu\/fi\/leatt-polvi-ja-saarisuoja-dual-axis-s-m\/#local-main-place-address"},"geo":{"@type":"GeoCoordinates","latitude":"59.439554","longitude":"24.726644"},"telephone":["+372 600 40 99"],"contactPoint":{"@type":"ContactPoint","telephone":"+372 600 40 99","email":"info@voltride.com"},"openingHoursSpecification":[{"@type":"OpeningHoursSpecification","dayOfWeek":["Monday","Tuesday","Wednesday","Thursday","Friday"],"opens":"10:00","closes":"18:00"},{"@type":"OpeningHoursSpecification","dayOfWeek":["Saturday","Sunday"],"opens":"00:00","closes":"00:00"}],"email":"info@voltride.com","taxID":"14871968"},{"@type":"PostalAddress","@id":"https:\/\/haidak.eu\/fi\/leatt-polvi-ja-saarisuoja-dual-axis-s-m\/#local-main-place-address","streetAddress":"Voltride Telliskivi 57D","addressLocality":"Tallinn","postalCode":"10412","addressRegion":"Tallinn","addressCountry":"EE"},{"@type":"ImageObject","inLanguage":"fi","@id":"https:\/\/haidak.eu\/fi\/leatt-polvi-ja-saarisuoja-dual-axis-s-m\/#local-main-organization-logo","url":"https:\/\/haidak.eu\/wp-content\/uploads\/voltride-logo.png","contentUrl":"https:\/\/haidak.eu\/wp-content\/uploads\/voltride-logo.png","width":2481,"height":620,"caption":"Voltride"}]},"product_price_amount":"109.99","product_price_currency":"EUR","og_availability":"instock","product_availability":"instock","product_retailer_item_id":"LTSG005","product_condition":"new","geo.placename":"Tallinn","geo.position":{"lat":"59.439554","long":"24.726644"},"geo.region":"Viro"},"_links":{"self":[{"href":"https:\/\/haidak.eu\/fi\/wp-json\/wp\/v2\/product\/20230","targetHints":{"allow":["GET"]}}],"collection":[{"href":"https:\/\/haidak.eu\/fi\/wp-json\/wp\/v2\/product"}],"about":[{"href":"https:\/\/haidak.eu\/fi\/wp-json\/wp\/v2\/types\/product"}],"replies":[{"embeddable":true,"href":"https:\/\/haidak.eu\/fi\/wp-json\/wp\/v2\/comments?post=20230"}],"wp:featuredmedia":[{"embeddable":true,"href":"https:\/\/haidak.eu\/fi\/wp-json\/wp\/v2\/media\/20626"}],"wp:attachment":[{"href":"https:\/\/haidak.eu\/fi\/wp-json\/wp\/v2\/media?parent=20230"}],"wp:term":[{"taxonomy":"product_brand","embeddable":true,"href":"https:\/\/haidak.eu\/fi\/wp-json\/wp\/v2\/product_brand?post=20230"},{"taxonomy":"product_cat","embeddable":true,"href":"https:\/\/haidak.eu\/fi\/wp-json\/wp\/v2\/product_cat?post=20230"},{"taxonomy":"product_tag","embeddable":true,"href":"https:\/\/haidak.eu\/fi\/wp-json\/wp\/v2\/product_tag?post=20230"}],"curies":[{"name":"wp","href":"https:\/\/api.w.org\/{rel}","templated":true}]}}