{"id":20235,"date":"2026-03-26T02:02:42","date_gmt":"2026-03-26T00:02:42","guid":{"rendered":"https:\/\/haidak.eu\/kokoontaitettava-kypara-closca-fuga-s\/"},"modified":"2026-03-31T23:23:57","modified_gmt":"2026-03-31T21:23:57","slug":"kokoontaitettava-kypara-closca-fuga-s","status":"publish","type":"product","link":"https:\/\/haidak.eu\/fi\/kokoontaitettava-kypara-closca-fuga-s\/","title":{"rendered":"Kokoontaitettava kyp\u00e4r\u00e4 Closca Fuga S"},"content":{"rendered":"<p data-end=\"1181\" data-start=\"892\" style=\"caret-color: rgb(0, 0, 0); color: rgb(0, 0, 0);\">Etsitk\u00f6 tyylik\u00e4st\u00e4 ja kokoontaitettavaa kyp\u00e4r\u00e4\u00e4?<br data-end=\"957\" data-start=\"954\" \/> Meilt\u00e4 l\u00f6ytyy ratkaisu \u2013&nbsp;<strong data-end=\"992\" data-start=\"982\">Closca<\/strong>.<br data-end=\"996\" data-start=\"993\" \/> Valitse helmen, grafiitin tai fossiilin v\u00e4rist\u00e4 sek\u00e4 kahdesta koosta (L tai M). Jokaisen&nbsp;<strong data-end=\"1100\" data-start=\"1085\">Closca Loop<\/strong>&nbsp;-kyp\u00e4r\u00e4n voi personoida valitsemalla viidest\u00e4 v\u00e4rist\u00e4 yhden kyp\u00e4r\u00e4n takaosaan.<\/p>\n<p data-end=\"1278\" data-start=\"1183\" style=\"caret-color: rgb(0, 0, 0); color: rgb(0, 0, 0);\"><strong data-end=\"1198\" data-start=\"1183\">Closca Loop<\/strong>&nbsp;pienenee 45 % yhdess\u00e4 sekunnissa.<\/p>\n","protected":false},"excerpt":{"rendered":"<p>Etsitk\u00f6 tyylik\u00e4st\u00e4 ja kokoontaitettavaa kyp\u00e4r\u00e4\u00e4? Meilt\u00e4 l\u00f6ytyy ratkaisu \u2013&nbsp;Closca. Valitse helmen, grafiitin tai fossiilin v\u00e4rist\u00e4 sek\u00e4 kahdesta koosta (L tai<\/p>\n","protected":false},"featured_media":20631,"comment_status":"open","ping_status":"closed","template":"","meta":[],"product_brand":[],"product_cat":[715],"product_tag":[],"class_list":{"0":"post-20235","1":"product","2":"type-product","3":"status-publish","4":"has-post-thumbnail","6":"product_cat-kyparat","8":"first","9":"instock","10":"taxable","11":"shipping-taxable","12":"purchasable","13":"product-type-variable"},"yoast_head":"<!-- This site is optimized with the Yoast SEO Premium plugin v27.3 (Yoast SEO v27.3) - https:\/\/yoast.com\/product\/yoast-seo-premium-wordpress\/ -->\n<title>Kokoontaitettava kyp\u00e4r\u00e4 Closca Fuga S | Voltride<\/title>\n<meta name=\"robots\" content=\"noindex, follow, max-snippet:-1, max-image-preview:large, max-video-preview:-1\" \/>\n<meta property=\"og:locale\" content=\"fi_FI\" \/>\n<meta property=\"og:type\" content=\"article\" \/>\n<meta property=\"og:title\" content=\"Kokoontaitettava kyp\u00e4r\u00e4 Closca Fuga S | Voltride\" \/>\n<meta property=\"og:description\" content=\"Etsitk\u00f6 tyylik\u00e4st\u00e4 ja kokoontaitettavaa kyp\u00e4r\u00e4\u00e4? Meilt\u00e4 l\u00f6ytyy ratkaisu \u2013&nbsp;Closca. Valitse helmen, grafiitin tai fossiilin v\u00e4rist\u00e4 sek\u00e4 kahdesta koosta (L tai\" \/>\n<meta property=\"og:url\" content=\"https:\/\/haidak.eu\/fi\/kokoontaitettava-kypara-closca-fuga-s\/\" \/>\n<meta property=\"og:site_name\" content=\"Voltride\" \/>\n<meta property=\"article:publisher\" content=\"https:\/\/www.facebook.com\/voltridecom\/\" \/>\n<meta property=\"article:modified_time\" content=\"2026-03-31T21:23:57+00:00\" \/>\n<meta property=\"og:image\" content=\"https:\/\/haidak.eu\/wp-content\/uploads\/2026\/03\/1827-5df8f7c18a79b317056359-kokkupandav-kiiver-closca-fuga-s-must-1.jpg\" \/>\n\t<meta property=\"og:image:width\" content=\"1600\" \/>\n\t<meta property=\"og:image:height\" content=\"1708\" \/>\n\t<meta property=\"og:image:type\" content=\"image\/jpeg\" \/>\n<meta name=\"twitter:card\" content=\"summary_large_image\" \/>\n<script type=\"application\/ld+json\" class=\"yoast-schema-graph\">{\"@context\":\"https:\\\/\\\/schema.org\",\"@graph\":[{\"@type\":\"WebPage\",\"@id\":\"https:\\\/\\\/haidak.eu\\\/fi\\\/kokoontaitettava-kypara-closca-fuga-s\\\/\",\"url\":\"https:\\\/\\\/haidak.eu\\\/fi\\\/kokoontaitettava-kypara-closca-fuga-s\\\/\",\"name\":\"Kokoontaitettava kyp\u00e4r\u00e4 Closca Fuga S | Voltride\",\"isPartOf\":{\"@id\":\"https:\\\/\\\/haidak.eu\\\/fi\\\/#website\"},\"primaryImageOfPage\":{\"@id\":\"https:\\\/\\\/haidak.eu\\\/fi\\\/kokoontaitettava-kypara-closca-fuga-s\\\/#primaryimage\"},\"image\":{\"@id\":\"https:\\\/\\\/haidak.eu\\\/fi\\\/kokoontaitettava-kypara-closca-fuga-s\\\/#primaryimage\"},\"thumbnailUrl\":\"https:\\\/\\\/haidak.eu\\\/wp-content\\\/uploads\\\/2026\\\/03\\\/1827-5df8f7c18a79b317056359-kokkupandav-kiiver-closca-fuga-s-must-1.jpg\",\"datePublished\":\"2026-03-26T00:02:42+00:00\",\"dateModified\":\"2026-03-31T21:23:57+00:00\",\"breadcrumb\":{\"@id\":\"https:\\\/\\\/haidak.eu\\\/fi\\\/kokoontaitettava-kypara-closca-fuga-s\\\/#breadcrumb\"},\"inLanguage\":\"fi\",\"potentialAction\":[{\"@type\":\"ReadAction\",\"target\":[\"https:\\\/\\\/haidak.eu\\\/fi\\\/kokoontaitettava-kypara-closca-fuga-s\\\/\"]}]},{\"@type\":\"ImageObject\",\"inLanguage\":\"fi\",\"@id\":\"https:\\\/\\\/haidak.eu\\\/fi\\\/kokoontaitettava-kypara-closca-fuga-s\\\/#primaryimage\",\"url\":\"https:\\\/\\\/haidak.eu\\\/wp-content\\\/uploads\\\/2026\\\/03\\\/1827-5df8f7c18a79b317056359-kokkupandav-kiiver-closca-fuga-s-must-1.jpg\",\"contentUrl\":\"https:\\\/\\\/haidak.eu\\\/wp-content\\\/uploads\\\/2026\\\/03\\\/1827-5df8f7c18a79b317056359-kokkupandav-kiiver-closca-fuga-s-must-1.jpg\",\"width\":1600,\"height\":1708},{\"@type\":\"BreadcrumbList\",\"@id\":\"https:\\\/\\\/haidak.eu\\\/fi\\\/kokoontaitettava-kypara-closca-fuga-s\\\/#breadcrumb\",\"itemListElement\":[{\"@type\":\"ListItem\",\"position\":1,\"name\":\"Etusivu\",\"item\":\"https:\\\/\\\/haidak.eu\\\/fi\\\/\"},{\"@type\":\"ListItem\",\"position\":2,\"name\":\"Kauppa\",\"item\":\"https:\\\/\\\/haidak.eu\\\/shop\\\/\"},{\"@type\":\"ListItem\",\"position\":3,\"name\":\"Lis\u00e4tarvikkeet\",\"item\":\"https:\\\/\\\/haidak.eu\\\/fi\\\/lisatarvikkeet\\\/\"},{\"@type\":\"ListItem\",\"position\":4,\"name\":\"Kyp\u00e4r\u00e4t\",\"item\":\"https:\\\/\\\/haidak.eu\\\/fi\\\/kyparat\\\/\"},{\"@type\":\"ListItem\",\"position\":5,\"name\":\"Kokoontaitettava kyp\u00e4r\u00e4 Closca Fuga S\"}]},{\"@type\":\"WebSite\",\"@id\":\"https:\\\/\\\/haidak.eu\\\/fi\\\/#website\",\"url\":\"https:\\\/\\\/haidak.eu\\\/fi\\\/\",\"name\":\"Voltride\",\"description\":\"Parim elektrirataste elektrit\u00f5ukside ja \u00fcksrataste pood ja remont\",\"publisher\":{\"@id\":\"https:\\\/\\\/haidak.eu\\\/fi\\\/#organization\"},\"alternateName\":\"Vr\",\"potentialAction\":[{\"@type\":\"SearchAction\",\"target\":{\"@type\":\"EntryPoint\",\"urlTemplate\":\"https:\\\/\\\/haidak.eu\\\/fi\\\/?s={search_term_string}\"},\"query-input\":{\"@type\":\"PropertyValueSpecification\",\"valueRequired\":true,\"valueName\":\"search_term_string\"}}],\"inLanguage\":\"fi\"},{\"@type\":[\"Organization\",\"Place\"],\"@id\":\"https:\\\/\\\/haidak.eu\\\/fi\\\/#organization\",\"name\":\"Voltride\",\"alternateName\":\"VR\",\"url\":\"https:\\\/\\\/haidak.eu\\\/fi\\\/\",\"logo\":{\"@id\":\"https:\\\/\\\/haidak.eu\\\/fi\\\/kokoontaitettava-kypara-closca-fuga-s\\\/#local-main-organization-logo\"},\"image\":{\"@id\":\"https:\\\/\\\/haidak.eu\\\/fi\\\/kokoontaitettava-kypara-closca-fuga-s\\\/#local-main-organization-logo\"},\"sameAs\":[\"https:\\\/\\\/www.facebook.com\\\/voltridecom\\\/\"],\"legalName\":\"Voltride O\u00dc\",\"numberOfEmployees\":{\"@type\":\"QuantitativeValue\",\"minValue\":\"1\",\"maxValue\":\"10\"},\"ownershipFundingInfo\":\"https:\\\/\\\/haidak.eu\\\/about-us\\\/\",\"hasMerchantReturnPolicy\":{\"@type\":\"MerchantReturnPolicy\",\"merchantReturnLink\":\"https:\\\/\\\/haidak.eu\\\/shipping-and-returns\\\/\"},\"address\":{\"@id\":\"https:\\\/\\\/haidak.eu\\\/fi\\\/kokoontaitettava-kypara-closca-fuga-s\\\/#local-main-place-address\"},\"geo\":{\"@type\":\"GeoCoordinates\",\"latitude\":\"59.439554\",\"longitude\":\"24.726644\"},\"telephone\":[\"+372 600 40 99\"],\"contactPoint\":{\"@type\":\"ContactPoint\",\"telephone\":\"+372 600 40 99\",\"email\":\"info@voltride.com\"},\"openingHoursSpecification\":[{\"@type\":\"OpeningHoursSpecification\",\"dayOfWeek\":[\"Monday\",\"Tuesday\",\"Wednesday\",\"Thursday\",\"Friday\"],\"opens\":\"10:00\",\"closes\":\"18:00\"},{\"@type\":\"OpeningHoursSpecification\",\"dayOfWeek\":[\"Saturday\",\"Sunday\"],\"opens\":\"00:00\",\"closes\":\"00:00\"}],\"email\":\"info@voltride.com\",\"taxID\":\"14871968\"},{\"@type\":\"PostalAddress\",\"@id\":\"https:\\\/\\\/haidak.eu\\\/fi\\\/kokoontaitettava-kypara-closca-fuga-s\\\/#local-main-place-address\",\"streetAddress\":\"Voltride Telliskivi 57D\",\"addressLocality\":\"Tallinn\",\"postalCode\":\"10412\",\"addressRegion\":\"Tallinn\",\"addressCountry\":\"EE\"},{\"@type\":\"ImageObject\",\"inLanguage\":\"fi\",\"@id\":\"https:\\\/\\\/haidak.eu\\\/fi\\\/kokoontaitettava-kypara-closca-fuga-s\\\/#local-main-organization-logo\",\"url\":\"https:\\\/\\\/haidak.eu\\\/wp-content\\\/uploads\\\/voltride-logo.png\",\"contentUrl\":\"https:\\\/\\\/haidak.eu\\\/wp-content\\\/uploads\\\/voltride-logo.png\",\"width\":2481,\"height\":620,\"caption\":\"Voltride\"}]}<\/script>\n<meta property=\"og:availability\" content=\"instock\" \/>\n<meta property=\"product:availability\" content=\"instock\" \/>\n<meta property=\"product:retailer_item_id\" content=\"CLHL002\" \/>\n<meta property=\"product:condition\" content=\"new\" \/>\n<meta name=\"geo.placename\" content=\"Tallinn\" \/>\n<meta name=\"geo.position\" content=\"59.439554;24.726644\" \/>\n<meta name=\"geo.region\" content=\"Viro\" \/>\n<!-- \/ Yoast SEO Premium plugin. -->","yoast_head_json":{"title":"Kokoontaitettava kyp\u00e4r\u00e4 Closca Fuga S | Voltride","robots":{"index":"noindex","follow":"follow","max-snippet":"max-snippet:-1","max-image-preview":"max-image-preview:large","max-video-preview":"max-video-preview:-1"},"og_locale":"fi_FI","og_type":"article","og_title":"Kokoontaitettava kyp\u00e4r\u00e4 Closca Fuga S | Voltride","og_description":"Etsitk\u00f6 tyylik\u00e4st\u00e4 ja kokoontaitettavaa kyp\u00e4r\u00e4\u00e4? Meilt\u00e4 l\u00f6ytyy ratkaisu \u2013&nbsp;Closca. Valitse helmen, grafiitin tai fossiilin v\u00e4rist\u00e4 sek\u00e4 kahdesta koosta (L tai","og_url":"https:\/\/haidak.eu\/fi\/kokoontaitettava-kypara-closca-fuga-s\/","og_site_name":"Voltride","article_publisher":"https:\/\/www.facebook.com\/voltridecom\/","article_modified_time":"2026-03-31T21:23:57+00:00","og_image":[{"width":1600,"height":1708,"url":"https:\/\/haidak.eu\/wp-content\/uploads\/2026\/03\/1827-5df8f7c18a79b317056359-kokkupandav-kiiver-closca-fuga-s-must-1.jpg","type":"image\/jpeg"}],"twitter_card":"summary_large_image","schema":{"@context":"https:\/\/schema.org","@graph":[{"@type":"WebPage","@id":"https:\/\/haidak.eu\/fi\/kokoontaitettava-kypara-closca-fuga-s\/","url":"https:\/\/haidak.eu\/fi\/kokoontaitettava-kypara-closca-fuga-s\/","name":"Kokoontaitettava kyp\u00e4r\u00e4 Closca Fuga S | Voltride","isPartOf":{"@id":"https:\/\/haidak.eu\/fi\/#website"},"primaryImageOfPage":{"@id":"https:\/\/haidak.eu\/fi\/kokoontaitettava-kypara-closca-fuga-s\/#primaryimage"},"image":{"@id":"https:\/\/haidak.eu\/fi\/kokoontaitettava-kypara-closca-fuga-s\/#primaryimage"},"thumbnailUrl":"https:\/\/haidak.eu\/wp-content\/uploads\/2026\/03\/1827-5df8f7c18a79b317056359-kokkupandav-kiiver-closca-fuga-s-must-1.jpg","datePublished":"2026-03-26T00:02:42+00:00","dateModified":"2026-03-31T21:23:57+00:00","breadcrumb":{"@id":"https:\/\/haidak.eu\/fi\/kokoontaitettava-kypara-closca-fuga-s\/#breadcrumb"},"inLanguage":"fi","potentialAction":[{"@type":"ReadAction","target":["https:\/\/haidak.eu\/fi\/kokoontaitettava-kypara-closca-fuga-s\/"]}]},{"@type":"ImageObject","inLanguage":"fi","@id":"https:\/\/haidak.eu\/fi\/kokoontaitettava-kypara-closca-fuga-s\/#primaryimage","url":"https:\/\/haidak.eu\/wp-content\/uploads\/2026\/03\/1827-5df8f7c18a79b317056359-kokkupandav-kiiver-closca-fuga-s-must-1.jpg","contentUrl":"https:\/\/haidak.eu\/wp-content\/uploads\/2026\/03\/1827-5df8f7c18a79b317056359-kokkupandav-kiiver-closca-fuga-s-must-1.jpg","width":1600,"height":1708},{"@type":"BreadcrumbList","@id":"https:\/\/haidak.eu\/fi\/kokoontaitettava-kypara-closca-fuga-s\/#breadcrumb","itemListElement":[{"@type":"ListItem","position":1,"name":"Etusivu","item":"https:\/\/haidak.eu\/fi\/"},{"@type":"ListItem","position":2,"name":"Kauppa","item":"https:\/\/haidak.eu\/shop\/"},{"@type":"ListItem","position":3,"name":"Lis\u00e4tarvikkeet","item":"https:\/\/haidak.eu\/fi\/lisatarvikkeet\/"},{"@type":"ListItem","position":4,"name":"Kyp\u00e4r\u00e4t","item":"https:\/\/haidak.eu\/fi\/kyparat\/"},{"@type":"ListItem","position":5,"name":"Kokoontaitettava kyp\u00e4r\u00e4 Closca Fuga S"}]},{"@type":"WebSite","@id":"https:\/\/haidak.eu\/fi\/#website","url":"https:\/\/haidak.eu\/fi\/","name":"Voltride","description":"Parim elektrirataste elektrit\u00f5ukside ja \u00fcksrataste pood ja remont","publisher":{"@id":"https:\/\/haidak.eu\/fi\/#organization"},"alternateName":"Vr","potentialAction":[{"@type":"SearchAction","target":{"@type":"EntryPoint","urlTemplate":"https:\/\/haidak.eu\/fi\/?s={search_term_string}"},"query-input":{"@type":"PropertyValueSpecification","valueRequired":true,"valueName":"search_term_string"}}],"inLanguage":"fi"},{"@type":["Organization","Place"],"@id":"https:\/\/haidak.eu\/fi\/#organization","name":"Voltride","alternateName":"VR","url":"https:\/\/haidak.eu\/fi\/","logo":{"@id":"https:\/\/haidak.eu\/fi\/kokoontaitettava-kypara-closca-fuga-s\/#local-main-organization-logo"},"image":{"@id":"https:\/\/haidak.eu\/fi\/kokoontaitettava-kypara-closca-fuga-s\/#local-main-organization-logo"},"sameAs":["https:\/\/www.facebook.com\/voltridecom\/"],"legalName":"Voltride O\u00dc","numberOfEmployees":{"@type":"QuantitativeValue","minValue":"1","maxValue":"10"},"ownershipFundingInfo":"https:\/\/haidak.eu\/about-us\/","hasMerchantReturnPolicy":{"@type":"MerchantReturnPolicy","merchantReturnLink":"https:\/\/haidak.eu\/shipping-and-returns\/"},"address":{"@id":"https:\/\/haidak.eu\/fi\/kokoontaitettava-kypara-closca-fuga-s\/#local-main-place-address"},"geo":{"@type":"GeoCoordinates","latitude":"59.439554","longitude":"24.726644"},"telephone":["+372 600 40 99"],"contactPoint":{"@type":"ContactPoint","telephone":"+372 600 40 99","email":"info@voltride.com"},"openingHoursSpecification":[{"@type":"OpeningHoursSpecification","dayOfWeek":["Monday","Tuesday","Wednesday","Thursday","Friday"],"opens":"10:00","closes":"18:00"},{"@type":"OpeningHoursSpecification","dayOfWeek":["Saturday","Sunday"],"opens":"00:00","closes":"00:00"}],"email":"info@voltride.com","taxID":"14871968"},{"@type":"PostalAddress","@id":"https:\/\/haidak.eu\/fi\/kokoontaitettava-kypara-closca-fuga-s\/#local-main-place-address","streetAddress":"Voltride Telliskivi 57D","addressLocality":"Tallinn","postalCode":"10412","addressRegion":"Tallinn","addressCountry":"EE"},{"@type":"ImageObject","inLanguage":"fi","@id":"https:\/\/haidak.eu\/fi\/kokoontaitettava-kypara-closca-fuga-s\/#local-main-organization-logo","url":"https:\/\/haidak.eu\/wp-content\/uploads\/voltride-logo.png","contentUrl":"https:\/\/haidak.eu\/wp-content\/uploads\/voltride-logo.png","width":2481,"height":620,"caption":"Voltride"}]},"og_availability":"instock","product_availability":"instock","product_retailer_item_id":"CLHL002","product_condition":"new","geo.placename":"Tallinn","geo.position":{"lat":"59.439554","long":"24.726644"},"geo.region":"Viro"},"_links":{"self":[{"href":"https:\/\/haidak.eu\/fi\/wp-json\/wp\/v2\/product\/20235","targetHints":{"allow":["GET"]}}],"collection":[{"href":"https:\/\/haidak.eu\/fi\/wp-json\/wp\/v2\/product"}],"about":[{"href":"https:\/\/haidak.eu\/fi\/wp-json\/wp\/v2\/types\/product"}],"replies":[{"embeddable":true,"href":"https:\/\/haidak.eu\/fi\/wp-json\/wp\/v2\/comments?post=20235"}],"wp:featuredmedia":[{"embeddable":true,"href":"https:\/\/haidak.eu\/fi\/wp-json\/wp\/v2\/media\/20631"}],"wp:attachment":[{"href":"https:\/\/haidak.eu\/fi\/wp-json\/wp\/v2\/media?parent=20235"}],"wp:term":[{"taxonomy":"product_brand","embeddable":true,"href":"https:\/\/haidak.eu\/fi\/wp-json\/wp\/v2\/product_brand?post=20235"},{"taxonomy":"product_cat","embeddable":true,"href":"https:\/\/haidak.eu\/fi\/wp-json\/wp\/v2\/product_cat?post=20235"},{"taxonomy":"product_tag","embeddable":true,"href":"https:\/\/haidak.eu\/fi\/wp-json\/wp\/v2\/product_tag?post=20235"}],"curies":[{"name":"wp","href":"https:\/\/api.w.org\/{rel}","templated":true}]}}