{"id":20236,"date":"2026-03-26T02:02:43","date_gmt":"2026-03-26T00:02:43","guid":{"rendered":"https:\/\/haidak.eu\/veteraani-sherman-s-istuin\/"},"modified":"2026-03-31T23:23:57","modified_gmt":"2026-03-31T21:23:57","slug":"veteraani-sherman-s-istuin","status":"publish","type":"product","link":"https:\/\/haidak.eu\/fi\/veteraani-sherman-s-istuin\/","title":{"rendered":"Veteraani Sherman S -istuin"},"content":{"rendered":"<h2 data-end=\"628\" data-start=\"588\" style=\"caret-color: rgb(0, 0, 0); color: rgb(0, 0, 0);\"><strong data-end=\"626\" data-start=\"588\">Varaosa: Veteran Sherman S -istuin<\/strong><\/h2>\n<p data-end=\"691\" data-start=\"630\" style=\"caret-color: rgb(0, 0, 0); color: rgb(0, 0, 0);\">T\u00e4m\u00e4 varaosa sopii seuraaviin malleihin: Veteran Sherman-S.<\/p>\n<p data-end=\"869\" data-start=\"693\" style=\"caret-color: rgb(0, 0, 0); color: rgb(0, 0, 0);\">Jos et ole varma, onko t\u00e4m\u00e4 oikea osa laitteeseesi, tai jos sinulla on muita kysymyksi\u00e4 yhteensopivuudesta, ota rohkeasti yhteytt\u00e4 meihin s\u00e4hk\u00f6postitse:&nbsp;<a class=\"decorated-link cursor-pointer\" data-end=\"866\" data-start=\"846\" rel=\"noopener\">service@voltride.com<span aria-hidden=\"true\" class=\"ms-0.5 inline-block align-middle leading-none\"><svg class=\"block h-[0.75em] w-[0.75em] stroke-current stroke-[0.75]\" data-rtl-flip=\"\" fill=\"currentColor\" height=\"20\" viewbox=\"0 0 20 20\" width=\"20\" xmlns=\"http:\/\/www.w3.org\/2000\/svg\"><path d=\"M14.3349 13.3301V6.60645L5.47065 15.4707C5.21095 15.7304 4.78895 15.7304 4.52925 15.4707C4.26955 15.211 4.26955 14.789 4.52925 14.5293L13.3935 5.66504H6.66011C6.29284 5.66504 5.99507 5.36727 5.99507 5C5.99507 4.63273 6.29284 4.33496 6.66011 4.33496H14.9999L15.1337 4.34863C15.4369 4.41057 15.665 4.67857 15.665 5V13.3301C15.6649 13.6973 15.3672 13.9951 14.9999 13.9951C14.6327 13.9951 14.335 13.6973 14.3349 13.3301Z\"><\/path><\/svg><\/span><\/a>.<\/p>\n<p data-end=\"1002\" data-start=\"871\" style=\"caret-color: rgb(0, 0, 0); color: rgb(0, 0, 0);\">Varaosan valmistaja:&nbsp;<strong data-end=\"905\" data-start=\"892\">Leaperkim<\/strong>&nbsp;\u2013 kaikki Voltriden myym\u00e4t Leaperkim-varaosat ovat alkuper\u00e4isi\u00e4 OEM-osia suoraan valmistajalta.<\/p>\n","protected":false},"excerpt":{"rendered":"<p>Varaosa: Veteran Sherman S -istuin T\u00e4m\u00e4 varaosa sopii seuraaviin malleihin: Veteran Sherman-S. Jos et ole varma, onko t\u00e4m\u00e4 oikea osa<\/p>\n","protected":false},"featured_media":20632,"comment_status":"open","ping_status":"closed","template":"","meta":[],"product_brand":[],"product_cat":[760],"product_tag":[1799],"class_list":{"0":"post-20236","1":"product","2":"type-product","3":"status-publish","4":"has-post-thumbnail","6":"product_cat-istuimet","7":"product_tag-veteran-sherman-s","9":"first","10":"instock","11":"taxable","12":"shipping-taxable","13":"purchasable","14":"product-type-simple"},"yoast_head":"<!-- This site is optimized with the Yoast SEO Premium plugin v27.3 (Yoast SEO v27.4) - https:\/\/yoast.com\/product\/yoast-seo-premium-wordpress\/ -->\n<title>Veteraani Sherman S -istuin | Voltride<\/title>\n<meta name=\"robots\" content=\"noindex, follow, max-snippet:-1, max-image-preview:large, max-video-preview:-1\" \/>\n<meta property=\"og:locale\" content=\"fi_FI\" \/>\n<meta property=\"og:type\" content=\"article\" \/>\n<meta property=\"og:title\" content=\"Veteraani Sherman S -istuin | Voltride\" \/>\n<meta property=\"og:description\" content=\"Varaosa: Veteran Sherman S -istuin T\u00e4m\u00e4 varaosa sopii seuraaviin malleihin: Veteran Sherman-S. Jos et ole varma, onko t\u00e4m\u00e4 oikea osa\" \/>\n<meta property=\"og:url\" content=\"https:\/\/haidak.eu\/fi\/veteraani-sherman-s-istuin\/\" \/>\n<meta property=\"og:site_name\" content=\"Voltride\" \/>\n<meta property=\"article:publisher\" content=\"https:\/\/www.facebook.com\/voltridecom\/\" \/>\n<meta property=\"article:modified_time\" content=\"2026-03-31T21:23:57+00:00\" \/>\n<meta property=\"og:image\" content=\"https:\/\/haidak.eu\/wp-content\/uploads\/2026\/03\/shbp043-1.jpg\" \/>\n\t<meta property=\"og:image:width\" content=\"640\" \/>\n\t<meta property=\"og:image:height\" content=\"640\" \/>\n\t<meta property=\"og:image:type\" content=\"image\/jpeg\" \/>\n<meta name=\"twitter:card\" content=\"summary_large_image\" \/>\n<script type=\"application\/ld+json\" class=\"yoast-schema-graph\">{\"@context\":\"https:\\\/\\\/schema.org\",\"@graph\":[{\"@type\":\"WebPage\",\"@id\":\"https:\\\/\\\/haidak.eu\\\/fi\\\/veteraani-sherman-s-istuin\\\/\",\"url\":\"https:\\\/\\\/haidak.eu\\\/fi\\\/veteraani-sherman-s-istuin\\\/\",\"name\":\"Veteraani Sherman S -istuin | Voltride\",\"isPartOf\":{\"@id\":\"https:\\\/\\\/haidak.eu\\\/fi\\\/#website\"},\"primaryImageOfPage\":{\"@id\":\"https:\\\/\\\/haidak.eu\\\/fi\\\/veteraani-sherman-s-istuin\\\/#primaryimage\"},\"image\":{\"@id\":\"https:\\\/\\\/haidak.eu\\\/fi\\\/veteraani-sherman-s-istuin\\\/#primaryimage\"},\"thumbnailUrl\":\"https:\\\/\\\/haidak.eu\\\/wp-content\\\/uploads\\\/2026\\\/03\\\/shbp043-1.jpg\",\"datePublished\":\"2026-03-26T00:02:43+00:00\",\"dateModified\":\"2026-03-31T21:23:57+00:00\",\"breadcrumb\":{\"@id\":\"https:\\\/\\\/haidak.eu\\\/fi\\\/veteraani-sherman-s-istuin\\\/#breadcrumb\"},\"inLanguage\":\"fi\",\"potentialAction\":[{\"@type\":\"ReadAction\",\"target\":[\"https:\\\/\\\/haidak.eu\\\/fi\\\/veteraani-sherman-s-istuin\\\/\"]}]},{\"@type\":\"ImageObject\",\"inLanguage\":\"fi\",\"@id\":\"https:\\\/\\\/haidak.eu\\\/fi\\\/veteraani-sherman-s-istuin\\\/#primaryimage\",\"url\":\"https:\\\/\\\/haidak.eu\\\/wp-content\\\/uploads\\\/2026\\\/03\\\/shbp043-1.jpg\",\"contentUrl\":\"https:\\\/\\\/haidak.eu\\\/wp-content\\\/uploads\\\/2026\\\/03\\\/shbp043-1.jpg\",\"width\":640,\"height\":640},{\"@type\":\"BreadcrumbList\",\"@id\":\"https:\\\/\\\/haidak.eu\\\/fi\\\/veteraani-sherman-s-istuin\\\/#breadcrumb\",\"itemListElement\":[{\"@type\":\"ListItem\",\"position\":1,\"name\":\"Etusivu\",\"item\":\"https:\\\/\\\/haidak.eu\\\/fi\\\/\"},{\"@type\":\"ListItem\",\"position\":2,\"name\":\"Kauppa\",\"item\":\"https:\\\/\\\/haidak.eu\\\/shop\\\/\"},{\"@type\":\"ListItem\",\"position\":3,\"name\":\"Lis\u00e4tarvikkeet\",\"item\":\"https:\\\/\\\/haidak.eu\\\/fi\\\/lisatarvikkeet\\\/\"},{\"@type\":\"ListItem\",\"position\":4,\"name\":\"Istuimet\",\"item\":\"https:\\\/\\\/haidak.eu\\\/fi\\\/istuimet\\\/\"},{\"@type\":\"ListItem\",\"position\":5,\"name\":\"Veteraani Sherman S -istuin\"}]},{\"@type\":\"WebSite\",\"@id\":\"https:\\\/\\\/haidak.eu\\\/fi\\\/#website\",\"url\":\"https:\\\/\\\/haidak.eu\\\/fi\\\/\",\"name\":\"Voltride\",\"description\":\"Parim elektrirataste elektrit\u00f5ukside ja \u00fcksrataste pood ja remont\",\"publisher\":{\"@id\":\"https:\\\/\\\/haidak.eu\\\/fi\\\/#organization\"},\"alternateName\":\"Vr\",\"potentialAction\":[{\"@type\":\"SearchAction\",\"target\":{\"@type\":\"EntryPoint\",\"urlTemplate\":\"https:\\\/\\\/haidak.eu\\\/fi\\\/?s={search_term_string}\"},\"query-input\":{\"@type\":\"PropertyValueSpecification\",\"valueRequired\":true,\"valueName\":\"search_term_string\"}}],\"inLanguage\":\"fi\"},{\"@type\":[\"Organization\",\"Place\"],\"@id\":\"https:\\\/\\\/haidak.eu\\\/fi\\\/#organization\",\"name\":\"Voltride\",\"alternateName\":\"VR\",\"url\":\"https:\\\/\\\/haidak.eu\\\/fi\\\/\",\"logo\":{\"@id\":\"https:\\\/\\\/haidak.eu\\\/fi\\\/veteraani-sherman-s-istuin\\\/#local-main-organization-logo\"},\"image\":{\"@id\":\"https:\\\/\\\/haidak.eu\\\/fi\\\/veteraani-sherman-s-istuin\\\/#local-main-organization-logo\"},\"sameAs\":[\"https:\\\/\\\/www.facebook.com\\\/voltridecom\\\/\"],\"legalName\":\"Voltride O\u00dc\",\"numberOfEmployees\":{\"@type\":\"QuantitativeValue\",\"minValue\":\"1\",\"maxValue\":\"10\"},\"ownershipFundingInfo\":\"https:\\\/\\\/haidak.eu\\\/about-us\\\/\",\"hasMerchantReturnPolicy\":{\"@type\":\"MerchantReturnPolicy\",\"merchantReturnLink\":\"https:\\\/\\\/haidak.eu\\\/shipping-and-returns\\\/\"},\"address\":{\"@id\":\"https:\\\/\\\/haidak.eu\\\/fi\\\/veteraani-sherman-s-istuin\\\/#local-main-place-address\"},\"geo\":{\"@type\":\"GeoCoordinates\",\"latitude\":\"59.439554\",\"longitude\":\"24.726644\"},\"telephone\":[\"+372 600 40 99\"],\"contactPoint\":{\"@type\":\"ContactPoint\",\"telephone\":\"+372 600 40 99\",\"email\":\"info@voltride.com\"},\"openingHoursSpecification\":[{\"@type\":\"OpeningHoursSpecification\",\"dayOfWeek\":[\"Monday\",\"Tuesday\",\"Wednesday\",\"Thursday\",\"Friday\"],\"opens\":\"10:00\",\"closes\":\"18:00\"},{\"@type\":\"OpeningHoursSpecification\",\"dayOfWeek\":[\"Saturday\",\"Sunday\"],\"opens\":\"00:00\",\"closes\":\"00:00\"}],\"email\":\"info@voltride.com\",\"taxID\":\"14871968\"},{\"@type\":\"PostalAddress\",\"@id\":\"https:\\\/\\\/haidak.eu\\\/fi\\\/veteraani-sherman-s-istuin\\\/#local-main-place-address\",\"streetAddress\":\"Voltride Telliskivi 57D\",\"addressLocality\":\"Tallinn\",\"postalCode\":\"10412\",\"addressRegion\":\"Tallinn\",\"addressCountry\":\"EE\"},{\"@type\":\"ImageObject\",\"inLanguage\":\"fi\",\"@id\":\"https:\\\/\\\/haidak.eu\\\/fi\\\/veteraani-sherman-s-istuin\\\/#local-main-organization-logo\",\"url\":\"https:\\\/\\\/haidak.eu\\\/wp-content\\\/uploads\\\/voltride-logo.png\",\"contentUrl\":\"https:\\\/\\\/haidak.eu\\\/wp-content\\\/uploads\\\/voltride-logo.png\",\"width\":2481,\"height\":620,\"caption\":\"Voltride\"}]}<\/script>\n<meta property=\"product:price:amount\" content=\"60.00\" \/>\n<meta property=\"product:price:currency\" content=\"EUR\" \/>\n<meta property=\"og:availability\" content=\"instock\" \/>\n<meta property=\"product:availability\" content=\"instock\" \/>\n<meta property=\"product:retailer_item_id\" content=\"VTSE002\" \/>\n<meta property=\"product:condition\" content=\"new\" \/>\n<meta name=\"geo.placename\" content=\"Tallinn\" \/>\n<meta name=\"geo.position\" content=\"59.439554;24.726644\" \/>\n<meta name=\"geo.region\" content=\"Viro\" \/>\n<!-- \/ Yoast SEO Premium plugin. -->","yoast_head_json":{"title":"Veteraani Sherman S -istuin | Voltride","robots":{"index":"noindex","follow":"follow","max-snippet":"max-snippet:-1","max-image-preview":"max-image-preview:large","max-video-preview":"max-video-preview:-1"},"og_locale":"fi_FI","og_type":"article","og_title":"Veteraani Sherman S -istuin | Voltride","og_description":"Varaosa: Veteran Sherman S -istuin T\u00e4m\u00e4 varaosa sopii seuraaviin malleihin: Veteran Sherman-S. Jos et ole varma, onko t\u00e4m\u00e4 oikea osa","og_url":"https:\/\/haidak.eu\/fi\/veteraani-sherman-s-istuin\/","og_site_name":"Voltride","article_publisher":"https:\/\/www.facebook.com\/voltridecom\/","article_modified_time":"2026-03-31T21:23:57+00:00","og_image":[{"width":640,"height":640,"url":"https:\/\/haidak.eu\/wp-content\/uploads\/2026\/03\/shbp043-1.jpg","type":"image\/jpeg"}],"twitter_card":"summary_large_image","schema":{"@context":"https:\/\/schema.org","@graph":[{"@type":"WebPage","@id":"https:\/\/haidak.eu\/fi\/veteraani-sherman-s-istuin\/","url":"https:\/\/haidak.eu\/fi\/veteraani-sherman-s-istuin\/","name":"Veteraani Sherman S -istuin | Voltride","isPartOf":{"@id":"https:\/\/haidak.eu\/fi\/#website"},"primaryImageOfPage":{"@id":"https:\/\/haidak.eu\/fi\/veteraani-sherman-s-istuin\/#primaryimage"},"image":{"@id":"https:\/\/haidak.eu\/fi\/veteraani-sherman-s-istuin\/#primaryimage"},"thumbnailUrl":"https:\/\/haidak.eu\/wp-content\/uploads\/2026\/03\/shbp043-1.jpg","datePublished":"2026-03-26T00:02:43+00:00","dateModified":"2026-03-31T21:23:57+00:00","breadcrumb":{"@id":"https:\/\/haidak.eu\/fi\/veteraani-sherman-s-istuin\/#breadcrumb"},"inLanguage":"fi","potentialAction":[{"@type":"ReadAction","target":["https:\/\/haidak.eu\/fi\/veteraani-sherman-s-istuin\/"]}]},{"@type":"ImageObject","inLanguage":"fi","@id":"https:\/\/haidak.eu\/fi\/veteraani-sherman-s-istuin\/#primaryimage","url":"https:\/\/haidak.eu\/wp-content\/uploads\/2026\/03\/shbp043-1.jpg","contentUrl":"https:\/\/haidak.eu\/wp-content\/uploads\/2026\/03\/shbp043-1.jpg","width":640,"height":640},{"@type":"BreadcrumbList","@id":"https:\/\/haidak.eu\/fi\/veteraani-sherman-s-istuin\/#breadcrumb","itemListElement":[{"@type":"ListItem","position":1,"name":"Etusivu","item":"https:\/\/haidak.eu\/fi\/"},{"@type":"ListItem","position":2,"name":"Kauppa","item":"https:\/\/haidak.eu\/shop\/"},{"@type":"ListItem","position":3,"name":"Lis\u00e4tarvikkeet","item":"https:\/\/haidak.eu\/fi\/lisatarvikkeet\/"},{"@type":"ListItem","position":4,"name":"Istuimet","item":"https:\/\/haidak.eu\/fi\/istuimet\/"},{"@type":"ListItem","position":5,"name":"Veteraani Sherman S -istuin"}]},{"@type":"WebSite","@id":"https:\/\/haidak.eu\/fi\/#website","url":"https:\/\/haidak.eu\/fi\/","name":"Voltride","description":"Parim elektrirataste elektrit\u00f5ukside ja \u00fcksrataste pood ja remont","publisher":{"@id":"https:\/\/haidak.eu\/fi\/#organization"},"alternateName":"Vr","potentialAction":[{"@type":"SearchAction","target":{"@type":"EntryPoint","urlTemplate":"https:\/\/haidak.eu\/fi\/?s={search_term_string}"},"query-input":{"@type":"PropertyValueSpecification","valueRequired":true,"valueName":"search_term_string"}}],"inLanguage":"fi"},{"@type":["Organization","Place"],"@id":"https:\/\/haidak.eu\/fi\/#organization","name":"Voltride","alternateName":"VR","url":"https:\/\/haidak.eu\/fi\/","logo":{"@id":"https:\/\/haidak.eu\/fi\/veteraani-sherman-s-istuin\/#local-main-organization-logo"},"image":{"@id":"https:\/\/haidak.eu\/fi\/veteraani-sherman-s-istuin\/#local-main-organization-logo"},"sameAs":["https:\/\/www.facebook.com\/voltridecom\/"],"legalName":"Voltride O\u00dc","numberOfEmployees":{"@type":"QuantitativeValue","minValue":"1","maxValue":"10"},"ownershipFundingInfo":"https:\/\/haidak.eu\/about-us\/","hasMerchantReturnPolicy":{"@type":"MerchantReturnPolicy","merchantReturnLink":"https:\/\/haidak.eu\/shipping-and-returns\/"},"address":{"@id":"https:\/\/haidak.eu\/fi\/veteraani-sherman-s-istuin\/#local-main-place-address"},"geo":{"@type":"GeoCoordinates","latitude":"59.439554","longitude":"24.726644"},"telephone":["+372 600 40 99"],"contactPoint":{"@type":"ContactPoint","telephone":"+372 600 40 99","email":"info@voltride.com"},"openingHoursSpecification":[{"@type":"OpeningHoursSpecification","dayOfWeek":["Monday","Tuesday","Wednesday","Thursday","Friday"],"opens":"10:00","closes":"18:00"},{"@type":"OpeningHoursSpecification","dayOfWeek":["Saturday","Sunday"],"opens":"00:00","closes":"00:00"}],"email":"info@voltride.com","taxID":"14871968"},{"@type":"PostalAddress","@id":"https:\/\/haidak.eu\/fi\/veteraani-sherman-s-istuin\/#local-main-place-address","streetAddress":"Voltride Telliskivi 57D","addressLocality":"Tallinn","postalCode":"10412","addressRegion":"Tallinn","addressCountry":"EE"},{"@type":"ImageObject","inLanguage":"fi","@id":"https:\/\/haidak.eu\/fi\/veteraani-sherman-s-istuin\/#local-main-organization-logo","url":"https:\/\/haidak.eu\/wp-content\/uploads\/voltride-logo.png","contentUrl":"https:\/\/haidak.eu\/wp-content\/uploads\/voltride-logo.png","width":2481,"height":620,"caption":"Voltride"}]},"product_price_amount":"60.00","product_price_currency":"EUR","og_availability":"instock","product_availability":"instock","product_retailer_item_id":"VTSE002","product_condition":"new","geo.placename":"Tallinn","geo.position":{"lat":"59.439554","long":"24.726644"},"geo.region":"Viro"},"_links":{"self":[{"href":"https:\/\/haidak.eu\/fi\/wp-json\/wp\/v2\/product\/20236","targetHints":{"allow":["GET"]}}],"collection":[{"href":"https:\/\/haidak.eu\/fi\/wp-json\/wp\/v2\/product"}],"about":[{"href":"https:\/\/haidak.eu\/fi\/wp-json\/wp\/v2\/types\/product"}],"replies":[{"embeddable":true,"href":"https:\/\/haidak.eu\/fi\/wp-json\/wp\/v2\/comments?post=20236"}],"wp:featuredmedia":[{"embeddable":true,"href":"https:\/\/haidak.eu\/fi\/wp-json\/wp\/v2\/media\/20632"}],"wp:attachment":[{"href":"https:\/\/haidak.eu\/fi\/wp-json\/wp\/v2\/media?parent=20236"}],"wp:term":[{"taxonomy":"product_brand","embeddable":true,"href":"https:\/\/haidak.eu\/fi\/wp-json\/wp\/v2\/product_brand?post=20236"},{"taxonomy":"product_cat","embeddable":true,"href":"https:\/\/haidak.eu\/fi\/wp-json\/wp\/v2\/product_cat?post=20236"},{"taxonomy":"product_tag","embeddable":true,"href":"https:\/\/haidak.eu\/fi\/wp-json\/wp\/v2\/product_tag?post=20236"}],"curies":[{"name":"wp","href":"https:\/\/api.w.org\/{rel}","templated":true}]}}