{"id":20237,"date":"2026-03-26T02:02:45","date_gmt":"2026-03-26T00:02:45","guid":{"rendered":"https:\/\/haidak.eu\/kali-iskun-polvi-saarisuoja\/"},"modified":"2026-03-31T23:23:57","modified_gmt":"2026-03-31T21:23:57","slug":"kali-iskun-polvi-saarisuoja","status":"publish","type":"product","link":"https:\/\/haidak.eu\/fi\/kali-iskun-polvi-saarisuoja\/","title":{"rendered":"Kali-iskun polvi-\/s\u00e4\u00e4risuoja"},"content":{"rendered":"<p data-end=\"355\" data-start=\"33\" style=\"caret-color: rgb(0, 0, 0); color: rgb(0, 0, 0);\"><strong data-end=\"61\" data-start=\"33\">Kali Strike -polvisuojat<\/strong>&nbsp;on suunniteltu py\u00f6r\u00e4ilij\u00f6ille, jotka tarvitsevat maksimaalista suojaa ja mukavuutta jokaisella ajokerralla. Ergonominen muotoilu ja muotoillut&nbsp;<strong data-end=\"226\" data-start=\"205\">Xelion-vahvikkeet<\/strong>&nbsp;takaavat erinomaisen iskunkest\u00e4vyyden kaatumisten ja t\u00f6rm\u00e4ysten varalta. Suoja sopii t\u00e4ydellisesti maasto- ja alam\u00e4kipy\u00f6r\u00e4ilyyn.<\/p>\n<p data-end=\"690\" data-start=\"357\" style=\"caret-color: rgb(0, 0, 0); color: rgb(0, 0, 0);\">Lis\u00e4suojan takaamiseksi&nbsp;<strong data-end=\"403\" data-start=\"381\">EVA-sivupehmusteet<\/strong>&nbsp;on sijoitettu polvien sivuille. Takana oleva&nbsp;<strong data-end=\"476\" data-start=\"449\">hengitt\u00e4v\u00e4 verkkokangas<\/strong>auttaa ilmankierron yll\u00e4pit\u00e4misess\u00e4 ja v\u00e4hent\u00e4\u00e4 ylikuumenemista my\u00f6s intensiivisen ajon aikana.&nbsp;<strong data-end=\"597\" data-start=\"573\">Liukumattomat nauhat<\/strong>&nbsp;yl\u00e4- ja alaosassa yhdess\u00e4&nbsp;<strong data-end=\"645\" data-start=\"624\">tarrakiinnitysten<\/strong>&nbsp;kanssa pit\u00e4v\u00e4t suojat tukevasti paikoillaan.<\/p>\n<p data-end=\"803\" data-start=\"692\" style=\"caret-color: rgb(0, 0, 0); color: rgb(0, 0, 0);\">Strike-polvisuojat ovat my\u00f6s&nbsp;<strong data-end=\"737\" data-start=\"721\">konepest\u00e4v\u00e4t<\/strong>, mik\u00e4 tekee niist\u00e4 erinomaisen valinnan aktiivisille k\u00e4ytt\u00e4jille.<\/p>\n<p data-end=\"833\" data-section-id=\"6o31du\" data-start=\"805\" style=\"caret-color: rgb(0, 0, 0); color: rgb(0, 0, 0);\">T\u00e4rkeimm\u00e4t ominaisuudet:<\/p>\n<ul data-end=\"1040\" data-start=\"835\" style=\"caret-color: rgb(0, 0, 0); color: rgb(0, 0, 0);\">\n<li data-end=\"892\" data-start=\"835\">\n<p data-end=\"892\" data-start=\"837\">Muotoillut Xelion-iskusuojat tehokkaaseen suojaukseen<\/p>\n<\/li>\n<li data-end=\"928\" data-start=\"893\">\n<p data-end=\"928\" data-start=\"895\">EVA-sivupehmusteet lis\u00e4suojaksi<\/p>\n<\/li>\n<li data-end=\"964\" data-start=\"929\">\n<p data-end=\"964\" data-start=\"931\">Hengitt\u00e4v\u00e4 verkkopaneeli takana<\/p>\n<\/li>\n<li data-end=\"989\" data-start=\"965\">\n<p data-end=\"989\" data-start=\"967\">Liukumattomat reunat<\/p>\n<\/li>\n<li data-end=\"1023\" data-start=\"990\">\n<p data-end=\"1023\" data-start=\"992\">S\u00e4\u00e4dett\u00e4v\u00e4t tarrakiinnitykset<\/p>\n<\/li>\n<li data-end=\"1040\" data-start=\"1024\">\n<p data-end=\"1040\" data-start=\"1026\">Konepest\u00e4v\u00e4t<\/p>\n<\/li>\n<\/ul>\n<p data-end=\"1077\" data-section-id=\"1uc77c2\" data-start=\"1042\" style=\"caret-color: rgb(0, 0, 0); color: rgb(0, 0, 0);\">Koot (mittaa polven yl\u00e4osasta):<\/p>\n<ul data-end=\"1159\" data-start=\"1079\" style=\"caret-color: rgb(0, 0, 0); color: rgb(0, 0, 0);\">\n<li data-end=\"1098\" data-start=\"1079\">\n<p data-end=\"1098\" data-start=\"1081\"><strong data-end=\"1086\" data-start=\"1081\">S<\/strong>: 39\u201342 cm<\/p>\n<\/li>\n<li data-end=\"1118\" data-start=\"1099\">\n<p data-end=\"1118\" data-start=\"1101\"><strong data-end=\"1106\" data-start=\"1101\">M<\/strong>: 42\u201345 cm<\/p>\n<\/li>\n<li data-end=\"1138\" data-start=\"1119\">\n<p data-end=\"1138\" data-start=\"1121\"><strong data-end=\"1126\" data-start=\"1121\">L<\/strong>: 45\u201348 cm<\/p>\n<\/li>\n<li data-end=\"1159\" data-start=\"1139\">\n<p data-end=\"1159\" data-start=\"1141\"><strong data-end=\"1147\" data-start=\"1141\">XL<\/strong>: 48\u201350 cm<\/p>\n<\/li>\n<\/ul>\n<p data-end=\"1262\" data-is-last-node=\"\" data-is-only-node=\"\" data-start=\"1161\" style=\"caret-color: rgb(0, 0, 0); color: rgb(0, 0, 0);\"><strong data-end=\"1176\" data-start=\"1161\">Kali Strike<\/strong>&nbsp;on t\u00e4ydellinen valinta maastopy\u00f6r\u00e4ilij\u00e4lle, joka arvostaa suojaa ja k\u00e4ytt\u00f6mukavuutta.<\/p>\n","protected":false},"excerpt":{"rendered":"<p>Kali Strike -polvisuojat&nbsp;on suunniteltu py\u00f6r\u00e4ilij\u00f6ille, jotka tarvitsevat maksimaalista suojaa ja mukavuutta jokaisella ajokerralla. Ergonominen muotoilu ja muotoillut&nbsp;Xelion-vahvikkeet&nbsp;takaavat erinomaisen iskunkest\u00e4vyyden kaatumisten<\/p>\n","protected":false},"featured_media":23484,"comment_status":"open","ping_status":"closed","template":"","meta":[],"product_brand":[],"product_cat":[755],"product_tag":[],"class_list":{"0":"post-20237","1":"product","2":"type-product","3":"status-publish","4":"has-post-thumbnail","6":"product_cat-ihmisten-suojavarusteet","8":"first","9":"instock","10":"taxable","11":"shipping-taxable","12":"purchasable","13":"product-type-variable"},"yoast_head":"<!-- This site is optimized with the Yoast SEO Premium plugin v27.3 (Yoast SEO v27.3) - https:\/\/yoast.com\/product\/yoast-seo-premium-wordpress\/ -->\n<title>Kali-iskun polvi-\/s\u00e4\u00e4risuoja | Voltride<\/title>\n<meta name=\"robots\" content=\"noindex, follow, max-snippet:-1, max-image-preview:large, max-video-preview:-1\" \/>\n<meta property=\"og:locale\" content=\"fi_FI\" \/>\n<meta property=\"og:type\" content=\"article\" \/>\n<meta property=\"og:title\" content=\"Kali-iskun polvi-\/s\u00e4\u00e4risuoja | Voltride\" \/>\n<meta property=\"og:description\" content=\"Kali Strike -polvisuojat&nbsp;on suunniteltu py\u00f6r\u00e4ilij\u00f6ille, jotka tarvitsevat maksimaalista suojaa ja mukavuutta jokaisella ajokerralla. Ergonominen muotoilu ja muotoillut&nbsp;Xelion-vahvikkeet&nbsp;takaavat erinomaisen iskunkest\u00e4vyyden kaatumisten\" \/>\n<meta property=\"og:url\" content=\"https:\/\/haidak.eu\/fi\/kali-iskun-polvi-saarisuoja\/\" \/>\n<meta property=\"og:site_name\" content=\"Voltride\" \/>\n<meta property=\"article:publisher\" content=\"https:\/\/www.facebook.com\/voltridecom\/\" \/>\n<meta property=\"article:modified_time\" content=\"2026-03-31T21:23:57+00:00\" \/>\n<meta property=\"og:image\" content=\"https:\/\/haidak.eu\/wp-content\/uploads\/2026\/03\/3437-688a1d0fe52f6778791401-strike-knee-shin-black-1.png\" \/>\n\t<meta property=\"og:image:width\" content=\"1024\" \/>\n\t<meta property=\"og:image:height\" content=\"922\" \/>\n\t<meta property=\"og:image:type\" content=\"image\/png\" \/>\n<meta name=\"twitter:card\" content=\"summary_large_image\" \/>\n<script type=\"application\/ld+json\" class=\"yoast-schema-graph\">{\"@context\":\"https:\\\/\\\/schema.org\",\"@graph\":[{\"@type\":\"WebPage\",\"@id\":\"https:\\\/\\\/haidak.eu\\\/fi\\\/kali-iskun-polvi-saarisuoja\\\/\",\"url\":\"https:\\\/\\\/haidak.eu\\\/fi\\\/kali-iskun-polvi-saarisuoja\\\/\",\"name\":\"Kali-iskun polvi-\\\/s\u00e4\u00e4risuoja | Voltride\",\"isPartOf\":{\"@id\":\"https:\\\/\\\/haidak.eu\\\/fi\\\/#website\"},\"primaryImageOfPage\":{\"@id\":\"https:\\\/\\\/haidak.eu\\\/fi\\\/kali-iskun-polvi-saarisuoja\\\/#primaryimage\"},\"image\":{\"@id\":\"https:\\\/\\\/haidak.eu\\\/fi\\\/kali-iskun-polvi-saarisuoja\\\/#primaryimage\"},\"thumbnailUrl\":\"https:\\\/\\\/haidak.eu\\\/wp-content\\\/uploads\\\/2026\\\/03\\\/3437-688a1d0fe52f6778791401-strike-knee-shin-black-1.png\",\"datePublished\":\"2026-03-26T00:02:45+00:00\",\"dateModified\":\"2026-03-31T21:23:57+00:00\",\"breadcrumb\":{\"@id\":\"https:\\\/\\\/haidak.eu\\\/fi\\\/kali-iskun-polvi-saarisuoja\\\/#breadcrumb\"},\"inLanguage\":\"fi\",\"potentialAction\":[{\"@type\":\"ReadAction\",\"target\":[\"https:\\\/\\\/haidak.eu\\\/fi\\\/kali-iskun-polvi-saarisuoja\\\/\"]}]},{\"@type\":\"ImageObject\",\"inLanguage\":\"fi\",\"@id\":\"https:\\\/\\\/haidak.eu\\\/fi\\\/kali-iskun-polvi-saarisuoja\\\/#primaryimage\",\"url\":\"https:\\\/\\\/haidak.eu\\\/wp-content\\\/uploads\\\/2026\\\/03\\\/3437-688a1d0fe52f6778791401-strike-knee-shin-black-1.png\",\"contentUrl\":\"https:\\\/\\\/haidak.eu\\\/wp-content\\\/uploads\\\/2026\\\/03\\\/3437-688a1d0fe52f6778791401-strike-knee-shin-black-1.png\",\"width\":1024,\"height\":922},{\"@type\":\"BreadcrumbList\",\"@id\":\"https:\\\/\\\/haidak.eu\\\/fi\\\/kali-iskun-polvi-saarisuoja\\\/#breadcrumb\",\"itemListElement\":[{\"@type\":\"ListItem\",\"position\":1,\"name\":\"Etusivu\",\"item\":\"https:\\\/\\\/haidak.eu\\\/fi\\\/\"},{\"@type\":\"ListItem\",\"position\":2,\"name\":\"Kauppa\",\"item\":\"https:\\\/\\\/haidak.eu\\\/shop\\\/\"},{\"@type\":\"ListItem\",\"position\":3,\"name\":\"Lis\u00e4tarvikkeet\",\"item\":\"https:\\\/\\\/haidak.eu\\\/fi\\\/lisatarvikkeet\\\/\"},{\"@type\":\"ListItem\",\"position\":4,\"name\":\"Ihmisten suojavarusteet\",\"item\":\"https:\\\/\\\/haidak.eu\\\/fi\\\/ihmisten-suojavarusteet\\\/\"},{\"@type\":\"ListItem\",\"position\":5,\"name\":\"Kali-iskun polvi-\\\/s\u00e4\u00e4risuoja\"}]},{\"@type\":\"WebSite\",\"@id\":\"https:\\\/\\\/haidak.eu\\\/fi\\\/#website\",\"url\":\"https:\\\/\\\/haidak.eu\\\/fi\\\/\",\"name\":\"Voltride\",\"description\":\"Parim elektrirataste elektrit\u00f5ukside ja \u00fcksrataste pood ja remont\",\"publisher\":{\"@id\":\"https:\\\/\\\/haidak.eu\\\/fi\\\/#organization\"},\"alternateName\":\"Vr\",\"potentialAction\":[{\"@type\":\"SearchAction\",\"target\":{\"@type\":\"EntryPoint\",\"urlTemplate\":\"https:\\\/\\\/haidak.eu\\\/fi\\\/?s={search_term_string}\"},\"query-input\":{\"@type\":\"PropertyValueSpecification\",\"valueRequired\":true,\"valueName\":\"search_term_string\"}}],\"inLanguage\":\"fi\"},{\"@type\":[\"Organization\",\"Place\"],\"@id\":\"https:\\\/\\\/haidak.eu\\\/fi\\\/#organization\",\"name\":\"Voltride\",\"alternateName\":\"VR\",\"url\":\"https:\\\/\\\/haidak.eu\\\/fi\\\/\",\"logo\":{\"@id\":\"https:\\\/\\\/haidak.eu\\\/fi\\\/kali-iskun-polvi-saarisuoja\\\/#local-main-organization-logo\"},\"image\":{\"@id\":\"https:\\\/\\\/haidak.eu\\\/fi\\\/kali-iskun-polvi-saarisuoja\\\/#local-main-organization-logo\"},\"sameAs\":[\"https:\\\/\\\/www.facebook.com\\\/voltridecom\\\/\"],\"legalName\":\"Voltride O\u00dc\",\"numberOfEmployees\":{\"@type\":\"QuantitativeValue\",\"minValue\":\"1\",\"maxValue\":\"10\"},\"ownershipFundingInfo\":\"https:\\\/\\\/haidak.eu\\\/about-us\\\/\",\"hasMerchantReturnPolicy\":{\"@type\":\"MerchantReturnPolicy\",\"merchantReturnLink\":\"https:\\\/\\\/haidak.eu\\\/shipping-and-returns\\\/\"},\"address\":{\"@id\":\"https:\\\/\\\/haidak.eu\\\/fi\\\/kali-iskun-polvi-saarisuoja\\\/#local-main-place-address\"},\"geo\":{\"@type\":\"GeoCoordinates\",\"latitude\":\"59.439554\",\"longitude\":\"24.726644\"},\"telephone\":[\"+372 600 40 99\"],\"contactPoint\":{\"@type\":\"ContactPoint\",\"telephone\":\"+372 600 40 99\",\"email\":\"info@voltride.com\"},\"openingHoursSpecification\":[{\"@type\":\"OpeningHoursSpecification\",\"dayOfWeek\":[\"Monday\",\"Tuesday\",\"Wednesday\",\"Thursday\",\"Friday\"],\"opens\":\"10:00\",\"closes\":\"18:00\"},{\"@type\":\"OpeningHoursSpecification\",\"dayOfWeek\":[\"Saturday\",\"Sunday\"],\"opens\":\"00:00\",\"closes\":\"00:00\"}],\"email\":\"info@voltride.com\",\"taxID\":\"14871968\"},{\"@type\":\"PostalAddress\",\"@id\":\"https:\\\/\\\/haidak.eu\\\/fi\\\/kali-iskun-polvi-saarisuoja\\\/#local-main-place-address\",\"streetAddress\":\"Voltride Telliskivi 57D\",\"addressLocality\":\"Tallinn\",\"postalCode\":\"10412\",\"addressRegion\":\"Tallinn\",\"addressCountry\":\"EE\"},{\"@type\":\"ImageObject\",\"inLanguage\":\"fi\",\"@id\":\"https:\\\/\\\/haidak.eu\\\/fi\\\/kali-iskun-polvi-saarisuoja\\\/#local-main-organization-logo\",\"url\":\"https:\\\/\\\/haidak.eu\\\/wp-content\\\/uploads\\\/voltride-logo.png\",\"contentUrl\":\"https:\\\/\\\/haidak.eu\\\/wp-content\\\/uploads\\\/voltride-logo.png\",\"width\":2481,\"height\":620,\"caption\":\"Voltride\"}]}<\/script>\n<meta property=\"og:availability\" content=\"instock\" \/>\n<meta property=\"product:availability\" content=\"instock\" \/>\n<meta property=\"product:retailer_item_id\" content=\"KLSG004\" \/>\n<meta property=\"product:condition\" content=\"new\" \/>\n<meta name=\"geo.placename\" content=\"Tallinn\" \/>\n<meta name=\"geo.position\" content=\"59.439554;24.726644\" \/>\n<meta name=\"geo.region\" content=\"Viro\" \/>\n<!-- \/ Yoast SEO Premium plugin. -->","yoast_head_json":{"title":"Kali-iskun polvi-\/s\u00e4\u00e4risuoja | Voltride","robots":{"index":"noindex","follow":"follow","max-snippet":"max-snippet:-1","max-image-preview":"max-image-preview:large","max-video-preview":"max-video-preview:-1"},"og_locale":"fi_FI","og_type":"article","og_title":"Kali-iskun polvi-\/s\u00e4\u00e4risuoja | Voltride","og_description":"Kali Strike -polvisuojat&nbsp;on suunniteltu py\u00f6r\u00e4ilij\u00f6ille, jotka tarvitsevat maksimaalista suojaa ja mukavuutta jokaisella ajokerralla. Ergonominen muotoilu ja muotoillut&nbsp;Xelion-vahvikkeet&nbsp;takaavat erinomaisen iskunkest\u00e4vyyden kaatumisten","og_url":"https:\/\/haidak.eu\/fi\/kali-iskun-polvi-saarisuoja\/","og_site_name":"Voltride","article_publisher":"https:\/\/www.facebook.com\/voltridecom\/","article_modified_time":"2026-03-31T21:23:57+00:00","og_image":[{"width":1024,"height":922,"url":"https:\/\/haidak.eu\/wp-content\/uploads\/2026\/03\/3437-688a1d0fe52f6778791401-strike-knee-shin-black-1.png","type":"image\/png"}],"twitter_card":"summary_large_image","schema":{"@context":"https:\/\/schema.org","@graph":[{"@type":"WebPage","@id":"https:\/\/haidak.eu\/fi\/kali-iskun-polvi-saarisuoja\/","url":"https:\/\/haidak.eu\/fi\/kali-iskun-polvi-saarisuoja\/","name":"Kali-iskun polvi-\/s\u00e4\u00e4risuoja | Voltride","isPartOf":{"@id":"https:\/\/haidak.eu\/fi\/#website"},"primaryImageOfPage":{"@id":"https:\/\/haidak.eu\/fi\/kali-iskun-polvi-saarisuoja\/#primaryimage"},"image":{"@id":"https:\/\/haidak.eu\/fi\/kali-iskun-polvi-saarisuoja\/#primaryimage"},"thumbnailUrl":"https:\/\/haidak.eu\/wp-content\/uploads\/2026\/03\/3437-688a1d0fe52f6778791401-strike-knee-shin-black-1.png","datePublished":"2026-03-26T00:02:45+00:00","dateModified":"2026-03-31T21:23:57+00:00","breadcrumb":{"@id":"https:\/\/haidak.eu\/fi\/kali-iskun-polvi-saarisuoja\/#breadcrumb"},"inLanguage":"fi","potentialAction":[{"@type":"ReadAction","target":["https:\/\/haidak.eu\/fi\/kali-iskun-polvi-saarisuoja\/"]}]},{"@type":"ImageObject","inLanguage":"fi","@id":"https:\/\/haidak.eu\/fi\/kali-iskun-polvi-saarisuoja\/#primaryimage","url":"https:\/\/haidak.eu\/wp-content\/uploads\/2026\/03\/3437-688a1d0fe52f6778791401-strike-knee-shin-black-1.png","contentUrl":"https:\/\/haidak.eu\/wp-content\/uploads\/2026\/03\/3437-688a1d0fe52f6778791401-strike-knee-shin-black-1.png","width":1024,"height":922},{"@type":"BreadcrumbList","@id":"https:\/\/haidak.eu\/fi\/kali-iskun-polvi-saarisuoja\/#breadcrumb","itemListElement":[{"@type":"ListItem","position":1,"name":"Etusivu","item":"https:\/\/haidak.eu\/fi\/"},{"@type":"ListItem","position":2,"name":"Kauppa","item":"https:\/\/haidak.eu\/shop\/"},{"@type":"ListItem","position":3,"name":"Lis\u00e4tarvikkeet","item":"https:\/\/haidak.eu\/fi\/lisatarvikkeet\/"},{"@type":"ListItem","position":4,"name":"Ihmisten suojavarusteet","item":"https:\/\/haidak.eu\/fi\/ihmisten-suojavarusteet\/"},{"@type":"ListItem","position":5,"name":"Kali-iskun polvi-\/s\u00e4\u00e4risuoja"}]},{"@type":"WebSite","@id":"https:\/\/haidak.eu\/fi\/#website","url":"https:\/\/haidak.eu\/fi\/","name":"Voltride","description":"Parim elektrirataste elektrit\u00f5ukside ja \u00fcksrataste pood ja remont","publisher":{"@id":"https:\/\/haidak.eu\/fi\/#organization"},"alternateName":"Vr","potentialAction":[{"@type":"SearchAction","target":{"@type":"EntryPoint","urlTemplate":"https:\/\/haidak.eu\/fi\/?s={search_term_string}"},"query-input":{"@type":"PropertyValueSpecification","valueRequired":true,"valueName":"search_term_string"}}],"inLanguage":"fi"},{"@type":["Organization","Place"],"@id":"https:\/\/haidak.eu\/fi\/#organization","name":"Voltride","alternateName":"VR","url":"https:\/\/haidak.eu\/fi\/","logo":{"@id":"https:\/\/haidak.eu\/fi\/kali-iskun-polvi-saarisuoja\/#local-main-organization-logo"},"image":{"@id":"https:\/\/haidak.eu\/fi\/kali-iskun-polvi-saarisuoja\/#local-main-organization-logo"},"sameAs":["https:\/\/www.facebook.com\/voltridecom\/"],"legalName":"Voltride O\u00dc","numberOfEmployees":{"@type":"QuantitativeValue","minValue":"1","maxValue":"10"},"ownershipFundingInfo":"https:\/\/haidak.eu\/about-us\/","hasMerchantReturnPolicy":{"@type":"MerchantReturnPolicy","merchantReturnLink":"https:\/\/haidak.eu\/shipping-and-returns\/"},"address":{"@id":"https:\/\/haidak.eu\/fi\/kali-iskun-polvi-saarisuoja\/#local-main-place-address"},"geo":{"@type":"GeoCoordinates","latitude":"59.439554","longitude":"24.726644"},"telephone":["+372 600 40 99"],"contactPoint":{"@type":"ContactPoint","telephone":"+372 600 40 99","email":"info@voltride.com"},"openingHoursSpecification":[{"@type":"OpeningHoursSpecification","dayOfWeek":["Monday","Tuesday","Wednesday","Thursday","Friday"],"opens":"10:00","closes":"18:00"},{"@type":"OpeningHoursSpecification","dayOfWeek":["Saturday","Sunday"],"opens":"00:00","closes":"00:00"}],"email":"info@voltride.com","taxID":"14871968"},{"@type":"PostalAddress","@id":"https:\/\/haidak.eu\/fi\/kali-iskun-polvi-saarisuoja\/#local-main-place-address","streetAddress":"Voltride Telliskivi 57D","addressLocality":"Tallinn","postalCode":"10412","addressRegion":"Tallinn","addressCountry":"EE"},{"@type":"ImageObject","inLanguage":"fi","@id":"https:\/\/haidak.eu\/fi\/kali-iskun-polvi-saarisuoja\/#local-main-organization-logo","url":"https:\/\/haidak.eu\/wp-content\/uploads\/voltride-logo.png","contentUrl":"https:\/\/haidak.eu\/wp-content\/uploads\/voltride-logo.png","width":2481,"height":620,"caption":"Voltride"}]},"og_availability":"instock","product_availability":"instock","product_retailer_item_id":"KLSG004","product_condition":"new","geo.placename":"Tallinn","geo.position":{"lat":"59.439554","long":"24.726644"},"geo.region":"Viro"},"_links":{"self":[{"href":"https:\/\/haidak.eu\/fi\/wp-json\/wp\/v2\/product\/20237","targetHints":{"allow":["GET"]}}],"collection":[{"href":"https:\/\/haidak.eu\/fi\/wp-json\/wp\/v2\/product"}],"about":[{"href":"https:\/\/haidak.eu\/fi\/wp-json\/wp\/v2\/types\/product"}],"replies":[{"embeddable":true,"href":"https:\/\/haidak.eu\/fi\/wp-json\/wp\/v2\/comments?post=20237"}],"wp:featuredmedia":[{"embeddable":true,"href":"https:\/\/haidak.eu\/fi\/wp-json\/wp\/v2\/media\/23484"}],"wp:attachment":[{"href":"https:\/\/haidak.eu\/fi\/wp-json\/wp\/v2\/media?parent=20237"}],"wp:term":[{"taxonomy":"product_brand","embeddable":true,"href":"https:\/\/haidak.eu\/fi\/wp-json\/wp\/v2\/product_brand?post=20237"},{"taxonomy":"product_cat","embeddable":true,"href":"https:\/\/haidak.eu\/fi\/wp-json\/wp\/v2\/product_cat?post=20237"},{"taxonomy":"product_tag","embeddable":true,"href":"https:\/\/haidak.eu\/fi\/wp-json\/wp\/v2\/product_tag?post=20237"}],"curies":[{"name":"wp","href":"https:\/\/api.w.org\/{rel}","templated":true}]}}