{"id":20257,"date":"2026-03-26T02:04:12","date_gmt":"2026-03-26T00:04:12","guid":{"rendered":"https:\/\/haidak.eu\/kypara-abus-smiley-3-0\/"},"modified":"2026-03-31T23:24:01","modified_gmt":"2026-03-31T21:24:01","slug":"kypara-abus-smiley-3-0","status":"publish","type":"product","link":"https:\/\/haidak.eu\/fi\/kypara-abus-smiley-3-0\/","title":{"rendered":"Kyp\u00e4r\u00e4 Abus Smiley 3.0"},"content":{"rendered":"<p data-end=\"1758\" data-start=\"1352\" style=\"caret-color: rgb(0, 0, 0); color: rgb(0, 0, 0);\"><strong data-end=\"1366\" data-start=\"1352\">Smiley 3.0<\/strong>&nbsp;on p\u00e4ivitetty versio lasten kyp\u00e4r\u00e4st\u00e4, joka on suunniteltu tarjoamaan entist\u00e4 parempaa turvallisuutta, mukavuutta ja istuvuutta. T\u00e4m\u00e4 kyp\u00e4r\u00e4 sopii t\u00e4ydellisesti taaperoille ja pienille lapsille, jotka opettelevat ajamaan kolmipy\u00f6r\u00e4isell\u00e4, potkupy\u00f6r\u00e4ll\u00e4 tai ensimm\u00e4isell\u00e4 polkupy\u00f6r\u00e4ll\u00e4\u00e4n. Kyp\u00e4r\u00e4 tarjoaa laajemman suojan ohimoille ja niskaan, ja lippamainen etuosa antaa lis\u00e4suojaa kasvoille.<\/p>\n<p data-end=\"2235\" data-start=\"1760\" style=\"caret-color: rgb(0, 0, 0); color: rgb(0, 0, 0);\"><strong data-end=\"1779\" data-start=\"1760\">In-Mold-rakenne<\/strong>&nbsp;takaa kest\u00e4v\u00e4n ja pysyv\u00e4n yhteyden ulkokuoren ja iskuja vaimentavan EPS-materiaalin v\u00e4lill\u00e4. Kyp\u00e4r\u00e4ss\u00e4 on&nbsp;<strong data-end=\"1930\" data-start=\"1886\">Zoom Ace Kids -korkeudens\u00e4\u00e4t\u00f6j\u00e4rjestelm\u00e4<\/strong>, jonka avulla kyp\u00e4r\u00e4n istuvuutta voi s\u00e4\u00e4t\u00e4\u00e4 sek\u00e4 pystysuunnassa ett\u00e4 vaakasuunnassa. \u00c4lyk\u00e4s muotoilu mahdollistaa k\u00e4yt\u00f6n my\u00f6s poninh\u00e4nn\u00e4n kanssa, mik\u00e4 tekee siit\u00e4 mukavan pitk\u00e4tukkaisille lapsille. Pehmustettu leukahihna v\u00e4hent\u00e4\u00e4 painetta ja parantaa k\u00e4ytt\u00f6mukavuutta erityisesti pidemmill\u00e4 ajomatkoilla.<\/p>\n<p data-end=\"2281\" data-start=\"2237\" style=\"caret-color: rgb(0, 0, 0); color: rgb(0, 0, 0);\">Lis\u00e4turvallisuutta ja -mukavuutta tarjoavat:<\/p>\n<ul data-end=\"2494\" data-start=\"2283\" style=\"caret-color: rgb(0, 0, 0); color: rgb(0, 0, 0);\">\n<li data-end=\"2350\" data-start=\"2283\">\n<p data-end=\"2350\" data-start=\"2285\">4 ilmanotto- ja 4 ilmanpoistoaukkoa optimaaliseen ilmanvaihtoon<\/p>\n<\/li>\n<li data-end=\"2390\" data-start=\"2351\">\n<p data-end=\"2390\" data-start=\"2353\">Irrotettava ja pest\u00e4v\u00e4 sis\u00e4pehmuste<\/p>\n<\/li>\n<li data-end=\"2438\" data-start=\"2391\">\n<p data-end=\"2438\" data-start=\"2393\">Integroitu hyttysverkko suojaa hy\u00f6nteisilt\u00e4<\/p>\n<\/li>\n<li data-end=\"2494\" data-start=\"2439\">\n<p data-end=\"2494\" data-start=\"2441\">Heijastavat elementit parantavat n\u00e4kyvyytt\u00e4 h\u00e4m\u00e4r\u00e4ss\u00e4<\/p>\n<\/li>\n<\/ul>\n<p data-end=\"2578\" data-is-last-node=\"\" data-is-only-node=\"\" data-start=\"2496\" style=\"caret-color: rgb(0, 0, 0); color: rgb(0, 0, 0);\"><strong data-end=\"2510\" data-start=\"2496\">Smiley 3.0<\/strong>&nbsp;on saatavana kahdessa koossa:&nbsp;<strong data-end=\"2557\" data-start=\"2541\">S (45\u201350 cm)<\/strong>&nbsp;ja&nbsp;<strong data-end=\"2577\" data-start=\"2561\">M (50\u201355 cm)<\/strong>.<\/p>\n","protected":false},"excerpt":{"rendered":"<p>Smiley 3.0&nbsp;on p\u00e4ivitetty versio lasten kyp\u00e4r\u00e4st\u00e4, joka on suunniteltu tarjoamaan entist\u00e4 parempaa turvallisuutta, mukavuutta ja istuvuutta. T\u00e4m\u00e4 kyp\u00e4r\u00e4 sopii t\u00e4ydellisesti<\/p>\n","protected":false},"featured_media":23518,"comment_status":"open","ping_status":"closed","template":"","meta":[],"product_brand":[],"product_cat":[715],"product_tag":[],"class_list":{"0":"post-20257","1":"product","2":"type-product","3":"status-publish","4":"has-post-thumbnail","6":"product_cat-kyparat","8":"first","9":"instock","10":"taxable","11":"shipping-taxable","12":"purchasable","13":"product-type-variable"},"yoast_head":"<!-- This site is optimized with the Yoast SEO Premium plugin v27.3 (Yoast SEO v27.3) - https:\/\/yoast.com\/product\/yoast-seo-premium-wordpress\/ -->\n<title>Kyp\u00e4r\u00e4 Abus Smiley 3.0 | Voltride<\/title>\n<meta name=\"robots\" content=\"noindex, follow, max-snippet:-1, max-image-preview:large, max-video-preview:-1\" \/>\n<meta property=\"og:locale\" content=\"fi_FI\" \/>\n<meta property=\"og:type\" content=\"article\" \/>\n<meta property=\"og:title\" content=\"Kyp\u00e4r\u00e4 Abus Smiley 3.0 | Voltride\" \/>\n<meta property=\"og:description\" content=\"Smiley 3.0&nbsp;on p\u00e4ivitetty versio lasten kyp\u00e4r\u00e4st\u00e4, joka on suunniteltu tarjoamaan entist\u00e4 parempaa turvallisuutta, mukavuutta ja istuvuutta. T\u00e4m\u00e4 kyp\u00e4r\u00e4 sopii t\u00e4ydellisesti\" \/>\n<meta property=\"og:url\" content=\"https:\/\/haidak.eu\/fi\/kypara-abus-smiley-3-0\/\" \/>\n<meta property=\"og:site_name\" content=\"Voltride\" \/>\n<meta property=\"article:publisher\" content=\"https:\/\/www.facebook.com\/voltridecom\/\" \/>\n<meta property=\"article:modified_time\" content=\"2026-03-31T21:24:01+00:00\" \/>\n<meta property=\"og:image\" content=\"https:\/\/haidak.eu\/wp-content\/uploads\/2026\/03\/7498-689dda393fb82159431483-helmet-abus-smiley-30-bright-yellow-1.png\" \/>\n\t<meta property=\"og:image:width\" content=\"640\" \/>\n\t<meta property=\"og:image:height\" content=\"667\" \/>\n\t<meta property=\"og:image:type\" content=\"image\/png\" \/>\n<meta name=\"twitter:card\" content=\"summary_large_image\" \/>\n<script type=\"application\/ld+json\" class=\"yoast-schema-graph\">{\"@context\":\"https:\\\/\\\/schema.org\",\"@graph\":[{\"@type\":\"WebPage\",\"@id\":\"https:\\\/\\\/haidak.eu\\\/fi\\\/kypara-abus-smiley-3-0\\\/\",\"url\":\"https:\\\/\\\/haidak.eu\\\/fi\\\/kypara-abus-smiley-3-0\\\/\",\"name\":\"Kyp\u00e4r\u00e4 Abus Smiley 3.0 | Voltride\",\"isPartOf\":{\"@id\":\"https:\\\/\\\/haidak.eu\\\/fi\\\/#website\"},\"primaryImageOfPage\":{\"@id\":\"https:\\\/\\\/haidak.eu\\\/fi\\\/kypara-abus-smiley-3-0\\\/#primaryimage\"},\"image\":{\"@id\":\"https:\\\/\\\/haidak.eu\\\/fi\\\/kypara-abus-smiley-3-0\\\/#primaryimage\"},\"thumbnailUrl\":\"https:\\\/\\\/haidak.eu\\\/wp-content\\\/uploads\\\/2026\\\/03\\\/7498-689dda393fb82159431483-helmet-abus-smiley-30-bright-yellow-1.png\",\"datePublished\":\"2026-03-26T00:04:12+00:00\",\"dateModified\":\"2026-03-31T21:24:01+00:00\",\"breadcrumb\":{\"@id\":\"https:\\\/\\\/haidak.eu\\\/fi\\\/kypara-abus-smiley-3-0\\\/#breadcrumb\"},\"inLanguage\":\"fi\",\"potentialAction\":[{\"@type\":\"ReadAction\",\"target\":[\"https:\\\/\\\/haidak.eu\\\/fi\\\/kypara-abus-smiley-3-0\\\/\"]}]},{\"@type\":\"ImageObject\",\"inLanguage\":\"fi\",\"@id\":\"https:\\\/\\\/haidak.eu\\\/fi\\\/kypara-abus-smiley-3-0\\\/#primaryimage\",\"url\":\"https:\\\/\\\/haidak.eu\\\/wp-content\\\/uploads\\\/2026\\\/03\\\/7498-689dda393fb82159431483-helmet-abus-smiley-30-bright-yellow-1.png\",\"contentUrl\":\"https:\\\/\\\/haidak.eu\\\/wp-content\\\/uploads\\\/2026\\\/03\\\/7498-689dda393fb82159431483-helmet-abus-smiley-30-bright-yellow-1.png\",\"width\":640,\"height\":667},{\"@type\":\"BreadcrumbList\",\"@id\":\"https:\\\/\\\/haidak.eu\\\/fi\\\/kypara-abus-smiley-3-0\\\/#breadcrumb\",\"itemListElement\":[{\"@type\":\"ListItem\",\"position\":1,\"name\":\"Etusivu\",\"item\":\"https:\\\/\\\/haidak.eu\\\/fi\\\/\"},{\"@type\":\"ListItem\",\"position\":2,\"name\":\"Kauppa\",\"item\":\"https:\\\/\\\/haidak.eu\\\/shop\\\/\"},{\"@type\":\"ListItem\",\"position\":3,\"name\":\"Lis\u00e4tarvikkeet\",\"item\":\"https:\\\/\\\/haidak.eu\\\/fi\\\/lisatarvikkeet\\\/\"},{\"@type\":\"ListItem\",\"position\":4,\"name\":\"Kyp\u00e4r\u00e4t\",\"item\":\"https:\\\/\\\/haidak.eu\\\/fi\\\/kyparat\\\/\"},{\"@type\":\"ListItem\",\"position\":5,\"name\":\"Kyp\u00e4r\u00e4 Abus Smiley 3.0\"}]},{\"@type\":\"WebSite\",\"@id\":\"https:\\\/\\\/haidak.eu\\\/fi\\\/#website\",\"url\":\"https:\\\/\\\/haidak.eu\\\/fi\\\/\",\"name\":\"Voltride\",\"description\":\"Parim elektrirataste elektrit\u00f5ukside ja \u00fcksrataste pood ja remont\",\"publisher\":{\"@id\":\"https:\\\/\\\/haidak.eu\\\/fi\\\/#organization\"},\"alternateName\":\"Vr\",\"potentialAction\":[{\"@type\":\"SearchAction\",\"target\":{\"@type\":\"EntryPoint\",\"urlTemplate\":\"https:\\\/\\\/haidak.eu\\\/fi\\\/?s={search_term_string}\"},\"query-input\":{\"@type\":\"PropertyValueSpecification\",\"valueRequired\":true,\"valueName\":\"search_term_string\"}}],\"inLanguage\":\"fi\"},{\"@type\":[\"Organization\",\"Place\"],\"@id\":\"https:\\\/\\\/haidak.eu\\\/fi\\\/#organization\",\"name\":\"Voltride\",\"alternateName\":\"VR\",\"url\":\"https:\\\/\\\/haidak.eu\\\/fi\\\/\",\"logo\":{\"@id\":\"https:\\\/\\\/haidak.eu\\\/fi\\\/kypara-abus-smiley-3-0\\\/#local-main-organization-logo\"},\"image\":{\"@id\":\"https:\\\/\\\/haidak.eu\\\/fi\\\/kypara-abus-smiley-3-0\\\/#local-main-organization-logo\"},\"sameAs\":[\"https:\\\/\\\/www.facebook.com\\\/voltridecom\\\/\"],\"legalName\":\"Voltride O\u00dc\",\"numberOfEmployees\":{\"@type\":\"QuantitativeValue\",\"minValue\":\"1\",\"maxValue\":\"10\"},\"ownershipFundingInfo\":\"https:\\\/\\\/haidak.eu\\\/about-us\\\/\",\"hasMerchantReturnPolicy\":{\"@type\":\"MerchantReturnPolicy\",\"merchantReturnLink\":\"https:\\\/\\\/haidak.eu\\\/shipping-and-returns\\\/\"},\"address\":{\"@id\":\"https:\\\/\\\/haidak.eu\\\/fi\\\/kypara-abus-smiley-3-0\\\/#local-main-place-address\"},\"geo\":{\"@type\":\"GeoCoordinates\",\"latitude\":\"59.439554\",\"longitude\":\"24.726644\"},\"telephone\":[\"+372 600 40 99\"],\"contactPoint\":{\"@type\":\"ContactPoint\",\"telephone\":\"+372 600 40 99\",\"email\":\"info@voltride.com\"},\"openingHoursSpecification\":[{\"@type\":\"OpeningHoursSpecification\",\"dayOfWeek\":[\"Monday\",\"Tuesday\",\"Wednesday\",\"Thursday\",\"Friday\"],\"opens\":\"10:00\",\"closes\":\"18:00\"},{\"@type\":\"OpeningHoursSpecification\",\"dayOfWeek\":[\"Saturday\",\"Sunday\"],\"opens\":\"00:00\",\"closes\":\"00:00\"}],\"email\":\"info@voltride.com\",\"taxID\":\"14871968\"},{\"@type\":\"PostalAddress\",\"@id\":\"https:\\\/\\\/haidak.eu\\\/fi\\\/kypara-abus-smiley-3-0\\\/#local-main-place-address\",\"streetAddress\":\"Voltride Telliskivi 57D\",\"addressLocality\":\"Tallinn\",\"postalCode\":\"10412\",\"addressRegion\":\"Tallinn\",\"addressCountry\":\"EE\"},{\"@type\":\"ImageObject\",\"inLanguage\":\"fi\",\"@id\":\"https:\\\/\\\/haidak.eu\\\/fi\\\/kypara-abus-smiley-3-0\\\/#local-main-organization-logo\",\"url\":\"https:\\\/\\\/haidak.eu\\\/wp-content\\\/uploads\\\/voltride-logo.png\",\"contentUrl\":\"https:\\\/\\\/haidak.eu\\\/wp-content\\\/uploads\\\/voltride-logo.png\",\"width\":2481,\"height\":620,\"caption\":\"Voltride\"}]}<\/script>\n<meta property=\"og:availability\" content=\"instock\" \/>\n<meta property=\"product:availability\" content=\"instock\" \/>\n<meta property=\"product:retailer_item_id\" content=\"ABHL001\" \/>\n<meta property=\"product:condition\" content=\"new\" \/>\n<meta name=\"geo.placename\" content=\"Tallinn\" \/>\n<meta name=\"geo.position\" content=\"59.439554;24.726644\" \/>\n<meta name=\"geo.region\" content=\"Viro\" \/>\n<!-- \/ Yoast SEO Premium plugin. -->","yoast_head_json":{"title":"Kyp\u00e4r\u00e4 Abus Smiley 3.0 | Voltride","robots":{"index":"noindex","follow":"follow","max-snippet":"max-snippet:-1","max-image-preview":"max-image-preview:large","max-video-preview":"max-video-preview:-1"},"og_locale":"fi_FI","og_type":"article","og_title":"Kyp\u00e4r\u00e4 Abus Smiley 3.0 | Voltride","og_description":"Smiley 3.0&nbsp;on p\u00e4ivitetty versio lasten kyp\u00e4r\u00e4st\u00e4, joka on suunniteltu tarjoamaan entist\u00e4 parempaa turvallisuutta, mukavuutta ja istuvuutta. T\u00e4m\u00e4 kyp\u00e4r\u00e4 sopii t\u00e4ydellisesti","og_url":"https:\/\/haidak.eu\/fi\/kypara-abus-smiley-3-0\/","og_site_name":"Voltride","article_publisher":"https:\/\/www.facebook.com\/voltridecom\/","article_modified_time":"2026-03-31T21:24:01+00:00","og_image":[{"width":640,"height":667,"url":"https:\/\/haidak.eu\/wp-content\/uploads\/2026\/03\/7498-689dda393fb82159431483-helmet-abus-smiley-30-bright-yellow-1.png","type":"image\/png"}],"twitter_card":"summary_large_image","schema":{"@context":"https:\/\/schema.org","@graph":[{"@type":"WebPage","@id":"https:\/\/haidak.eu\/fi\/kypara-abus-smiley-3-0\/","url":"https:\/\/haidak.eu\/fi\/kypara-abus-smiley-3-0\/","name":"Kyp\u00e4r\u00e4 Abus Smiley 3.0 | Voltride","isPartOf":{"@id":"https:\/\/haidak.eu\/fi\/#website"},"primaryImageOfPage":{"@id":"https:\/\/haidak.eu\/fi\/kypara-abus-smiley-3-0\/#primaryimage"},"image":{"@id":"https:\/\/haidak.eu\/fi\/kypara-abus-smiley-3-0\/#primaryimage"},"thumbnailUrl":"https:\/\/haidak.eu\/wp-content\/uploads\/2026\/03\/7498-689dda393fb82159431483-helmet-abus-smiley-30-bright-yellow-1.png","datePublished":"2026-03-26T00:04:12+00:00","dateModified":"2026-03-31T21:24:01+00:00","breadcrumb":{"@id":"https:\/\/haidak.eu\/fi\/kypara-abus-smiley-3-0\/#breadcrumb"},"inLanguage":"fi","potentialAction":[{"@type":"ReadAction","target":["https:\/\/haidak.eu\/fi\/kypara-abus-smiley-3-0\/"]}]},{"@type":"ImageObject","inLanguage":"fi","@id":"https:\/\/haidak.eu\/fi\/kypara-abus-smiley-3-0\/#primaryimage","url":"https:\/\/haidak.eu\/wp-content\/uploads\/2026\/03\/7498-689dda393fb82159431483-helmet-abus-smiley-30-bright-yellow-1.png","contentUrl":"https:\/\/haidak.eu\/wp-content\/uploads\/2026\/03\/7498-689dda393fb82159431483-helmet-abus-smiley-30-bright-yellow-1.png","width":640,"height":667},{"@type":"BreadcrumbList","@id":"https:\/\/haidak.eu\/fi\/kypara-abus-smiley-3-0\/#breadcrumb","itemListElement":[{"@type":"ListItem","position":1,"name":"Etusivu","item":"https:\/\/haidak.eu\/fi\/"},{"@type":"ListItem","position":2,"name":"Kauppa","item":"https:\/\/haidak.eu\/shop\/"},{"@type":"ListItem","position":3,"name":"Lis\u00e4tarvikkeet","item":"https:\/\/haidak.eu\/fi\/lisatarvikkeet\/"},{"@type":"ListItem","position":4,"name":"Kyp\u00e4r\u00e4t","item":"https:\/\/haidak.eu\/fi\/kyparat\/"},{"@type":"ListItem","position":5,"name":"Kyp\u00e4r\u00e4 Abus Smiley 3.0"}]},{"@type":"WebSite","@id":"https:\/\/haidak.eu\/fi\/#website","url":"https:\/\/haidak.eu\/fi\/","name":"Voltride","description":"Parim elektrirataste elektrit\u00f5ukside ja \u00fcksrataste pood ja remont","publisher":{"@id":"https:\/\/haidak.eu\/fi\/#organization"},"alternateName":"Vr","potentialAction":[{"@type":"SearchAction","target":{"@type":"EntryPoint","urlTemplate":"https:\/\/haidak.eu\/fi\/?s={search_term_string}"},"query-input":{"@type":"PropertyValueSpecification","valueRequired":true,"valueName":"search_term_string"}}],"inLanguage":"fi"},{"@type":["Organization","Place"],"@id":"https:\/\/haidak.eu\/fi\/#organization","name":"Voltride","alternateName":"VR","url":"https:\/\/haidak.eu\/fi\/","logo":{"@id":"https:\/\/haidak.eu\/fi\/kypara-abus-smiley-3-0\/#local-main-organization-logo"},"image":{"@id":"https:\/\/haidak.eu\/fi\/kypara-abus-smiley-3-0\/#local-main-organization-logo"},"sameAs":["https:\/\/www.facebook.com\/voltridecom\/"],"legalName":"Voltride O\u00dc","numberOfEmployees":{"@type":"QuantitativeValue","minValue":"1","maxValue":"10"},"ownershipFundingInfo":"https:\/\/haidak.eu\/about-us\/","hasMerchantReturnPolicy":{"@type":"MerchantReturnPolicy","merchantReturnLink":"https:\/\/haidak.eu\/shipping-and-returns\/"},"address":{"@id":"https:\/\/haidak.eu\/fi\/kypara-abus-smiley-3-0\/#local-main-place-address"},"geo":{"@type":"GeoCoordinates","latitude":"59.439554","longitude":"24.726644"},"telephone":["+372 600 40 99"],"contactPoint":{"@type":"ContactPoint","telephone":"+372 600 40 99","email":"info@voltride.com"},"openingHoursSpecification":[{"@type":"OpeningHoursSpecification","dayOfWeek":["Monday","Tuesday","Wednesday","Thursday","Friday"],"opens":"10:00","closes":"18:00"},{"@type":"OpeningHoursSpecification","dayOfWeek":["Saturday","Sunday"],"opens":"00:00","closes":"00:00"}],"email":"info@voltride.com","taxID":"14871968"},{"@type":"PostalAddress","@id":"https:\/\/haidak.eu\/fi\/kypara-abus-smiley-3-0\/#local-main-place-address","streetAddress":"Voltride Telliskivi 57D","addressLocality":"Tallinn","postalCode":"10412","addressRegion":"Tallinn","addressCountry":"EE"},{"@type":"ImageObject","inLanguage":"fi","@id":"https:\/\/haidak.eu\/fi\/kypara-abus-smiley-3-0\/#local-main-organization-logo","url":"https:\/\/haidak.eu\/wp-content\/uploads\/voltride-logo.png","contentUrl":"https:\/\/haidak.eu\/wp-content\/uploads\/voltride-logo.png","width":2481,"height":620,"caption":"Voltride"}]},"og_availability":"instock","product_availability":"instock","product_retailer_item_id":"ABHL001","product_condition":"new","geo.placename":"Tallinn","geo.position":{"lat":"59.439554","long":"24.726644"},"geo.region":"Viro"},"_links":{"self":[{"href":"https:\/\/haidak.eu\/fi\/wp-json\/wp\/v2\/product\/20257","targetHints":{"allow":["GET"]}}],"collection":[{"href":"https:\/\/haidak.eu\/fi\/wp-json\/wp\/v2\/product"}],"about":[{"href":"https:\/\/haidak.eu\/fi\/wp-json\/wp\/v2\/types\/product"}],"replies":[{"embeddable":true,"href":"https:\/\/haidak.eu\/fi\/wp-json\/wp\/v2\/comments?post=20257"}],"wp:featuredmedia":[{"embeddable":true,"href":"https:\/\/haidak.eu\/fi\/wp-json\/wp\/v2\/media\/23518"}],"wp:attachment":[{"href":"https:\/\/haidak.eu\/fi\/wp-json\/wp\/v2\/media?parent=20257"}],"wp:term":[{"taxonomy":"product_brand","embeddable":true,"href":"https:\/\/haidak.eu\/fi\/wp-json\/wp\/v2\/product_brand?post=20257"},{"taxonomy":"product_cat","embeddable":true,"href":"https:\/\/haidak.eu\/fi\/wp-json\/wp\/v2\/product_cat?post=20257"},{"taxonomy":"product_tag","embeddable":true,"href":"https:\/\/haidak.eu\/fi\/wp-json\/wp\/v2\/product_tag?post=20257"}],"curies":[{"name":"wp","href":"https:\/\/api.w.org\/{rel}","templated":true}]}}