{"id":20275,"date":"2026-03-26T02:07:33","date_gmt":"2026-03-26T00:07:33","guid":{"rendered":"https:\/\/haidak.eu\/kypara-kali-cruz\/"},"modified":"2026-03-31T23:24:05","modified_gmt":"2026-03-31T21:24:05","slug":"kypara-kali-cruz","status":"publish","type":"product","link":"https:\/\/haidak.eu\/fi\/kypara-kali-cruz\/","title":{"rendered":"Kyp\u00e4r\u00e4 Kali Cruz"},"content":{"rendered":"<p data-end=\"253\" data-start=\"0\" style=\"caret-color: rgb(0, 0, 0); color: rgb(0, 0, 0);\">Kyp\u00e4r\u00e4n ytimess\u00e4 on sis\u00e4\u00e4nrakennettu paristok\u00e4ytt\u00f6inen takavalo, joka parantaa n\u00e4kyvyytt\u00e4 h\u00e4m\u00e4r\u00e4ss\u00e4 ilman lis\u00e4varusteita. Integroidun lipan ansiosta se suojaa auringolta ja roiskeilta, tehden siit\u00e4 k\u00e4yt\u00e4nn\u00f6llisen valinnan kaikenlaisiin s\u00e4\u00e4olosuhteisiin.<\/p>\n<p data-end=\"745\" data-start=\"255\" style=\"caret-color: rgb(0, 0, 0); color: rgb(0, 0, 0);\">S\u00e4\u00e4dett\u00e4v\u00e4 kiristyspanta varmistaa mukavan ja turvallisen istuvuuden, kun taas 16 suurta ilmanvaihtoaukkoa takaavat jatkuvan ilmavirtauksen ja viile\u00e4mm\u00e4n olon ajon aikana. Kyp\u00e4r\u00e4n pehmusteet on valmistettu luonnonmukaisista, antibakteerisista materiaaleista, jotka auttavat s\u00e4ilytt\u00e4m\u00e4\u00e4n raikkauden pidemp\u00e4\u00e4n. Ulkokuori on j\u00e4tetty maalaamatta ymp\u00e4rist\u00f6vaikutusten v\u00e4hent\u00e4miseksi ja hihnat on valmistettu kierr\u00e4tetyist\u00e4 muovipulloista \u2013 t\u00e4ydellinen valinta ymp\u00e4rist\u00f6tietoiselle py\u00f6r\u00e4ilij\u00e4lle.<\/p>\n<p data-end=\"817\" data-start=\"747\" style=\"caret-color: rgb(0, 0, 0); color: rgb(0, 0, 0);\">Kyp\u00e4r\u00e4n paino on vain 358 grammaa ja se on saatavilla kahdessa koossa:<\/p>\n<p data-end=\"849\" data-start=\"819\" style=\"caret-color: rgb(0, 0, 0); color: rgb(0, 0, 0);\">S\/M: 55\u201358 cm<br data-end=\"835\" data-start=\"832\" \/> L\/XL: 59\u201361 cm<\/p>\n<p data-end=\"999\" data-start=\"851\" style=\"caret-color: rgb(0, 0, 0); color: rgb(0, 0, 0);\">Kali Cruz t\u00e4ytt\u00e4\u00e4 sek\u00e4 CPSC- ett\u00e4 EN 1078 -turvastandardit, tarjoten luotettavaa suojaa, mukavuutta ja toimivuutta p\u00e4ivitt\u00e4iseen kaupunkipy\u00f6r\u00e4ilyyn.<\/p>\n<p data-end=\"1029\" data-start=\"1001\" style=\"caret-color: rgb(0, 0, 0); color: rgb(0, 0, 0);\"><strong data-end=\"1029\" data-start=\"1001\">T\u00e4rkeimm\u00e4t ominaisuudet:<\/strong><\/p>\n<ul data-end=\"1306\" data-is-last-node=\"\" data-is-only-node=\"\" data-start=\"1031\" style=\"caret-color: rgb(0, 0, 0); color: rgb(0, 0, 0);\">\n<li data-end=\"1060\" data-start=\"1031\">\n<p data-end=\"1060\" data-start=\"1033\">Sis\u00e4\u00e4nrakennettu takavalo<\/p>\n<\/li>\n<li data-end=\"1082\" data-start=\"1061\">\n<p data-end=\"1082\" data-start=\"1063\">Integroidut lippa<\/p>\n<\/li>\n<li data-end=\"1117\" data-start=\"1083\">\n<p data-end=\"1117\" data-start=\"1085\">S\u00e4\u00e4dett\u00e4v\u00e4 istuvuusj\u00e4rjestelm\u00e4<\/p>\n<\/li>\n<li data-end=\"1142\" data-start=\"1118\">\n<p data-end=\"1142\" data-start=\"1120\">16 ilmanvaihtoaukkoa<\/p>\n<\/li>\n<li data-end=\"1198\" data-start=\"1143\">\n<p data-end=\"1198\" data-start=\"1145\">Antibakteeriset ja ymp\u00e4rist\u00f6yst\u00e4v\u00e4lliset pehmusteet<\/p>\n<\/li>\n<li data-end=\"1258\" data-start=\"1199\">\n<p data-end=\"1258\" data-start=\"1201\">Lockport-ominaisuus kyp\u00e4r\u00e4n lukitsemiseen py\u00f6r\u00e4n kanssa<\/p>\n<\/li>\n<li data-end=\"1275\" data-start=\"1259\">\n<p data-end=\"1275\" data-start=\"1261\">Kevyt: 358 g<\/p>\n<\/li>\n<li data-end=\"1306\" data-is-last-node=\"\" data-start=\"1276\">\n<p data-end=\"1306\" data-is-last-node=\"\" data-start=\"1278\">Sertifikaatit: CPSC, EN 1078<\/p>\n<\/li>\n<\/ul>\n","protected":false},"excerpt":{"rendered":"<p>Kyp\u00e4r\u00e4n ytimess\u00e4 on sis\u00e4\u00e4nrakennettu paristok\u00e4ytt\u00f6inen takavalo, joka parantaa n\u00e4kyvyytt\u00e4 h\u00e4m\u00e4r\u00e4ss\u00e4 ilman lis\u00e4varusteita. Integroidun lipan ansiosta se suojaa auringolta ja roiskeilta,<\/p>\n","protected":false},"featured_media":23513,"comment_status":"open","ping_status":"closed","template":"","meta":[],"product_brand":[],"product_cat":[715],"product_tag":[],"class_list":{"0":"post-20275","1":"product","2":"type-product","3":"status-publish","4":"has-post-thumbnail","6":"product_cat-kyparat","8":"first","9":"instock","10":"sale","11":"taxable","12":"shipping-taxable","13":"purchasable","14":"product-type-variable"},"yoast_head":"<!-- This site is optimized with the Yoast SEO Premium plugin v27.3 (Yoast SEO v27.3) - https:\/\/yoast.com\/product\/yoast-seo-premium-wordpress\/ -->\n<title>Kyp\u00e4r\u00e4 Kali Cruz | Voltride<\/title>\n<meta name=\"robots\" content=\"noindex, follow, max-snippet:-1, max-image-preview:large, max-video-preview:-1\" \/>\n<meta property=\"og:locale\" content=\"fi_FI\" \/>\n<meta property=\"og:type\" content=\"article\" \/>\n<meta property=\"og:title\" content=\"Kyp\u00e4r\u00e4 Kali Cruz | Voltride\" \/>\n<meta property=\"og:description\" content=\"Kyp\u00e4r\u00e4n ytimess\u00e4 on sis\u00e4\u00e4nrakennettu paristok\u00e4ytt\u00f6inen takavalo, joka parantaa n\u00e4kyvyytt\u00e4 h\u00e4m\u00e4r\u00e4ss\u00e4 ilman lis\u00e4varusteita. Integroidun lipan ansiosta se suojaa auringolta ja roiskeilta,\" \/>\n<meta property=\"og:url\" content=\"https:\/\/haidak.eu\/fi\/kypara-kali-cruz\/\" \/>\n<meta property=\"og:site_name\" content=\"Voltride\" \/>\n<meta property=\"article:publisher\" content=\"https:\/\/www.facebook.com\/voltridecom\/\" \/>\n<meta property=\"article:modified_time\" content=\"2026-03-31T21:24:05+00:00\" \/>\n<meta property=\"og:image\" content=\"https:\/\/haidak.eu\/wp-content\/uploads\/2026\/03\/6628-6889f553da763897902437-cruz-sld-blk-a1-1-1024x922.png\" \/>\n\t<meta property=\"og:image:width\" content=\"1024\" \/>\n\t<meta property=\"og:image:height\" content=\"922\" \/>\n\t<meta property=\"og:image:type\" content=\"image\/png\" \/>\n<meta name=\"twitter:card\" content=\"summary_large_image\" \/>\n<script type=\"application\/ld+json\" class=\"yoast-schema-graph\">{\"@context\":\"https:\\\/\\\/schema.org\",\"@graph\":[{\"@type\":\"WebPage\",\"@id\":\"https:\\\/\\\/haidak.eu\\\/fi\\\/kypara-kali-cruz\\\/\",\"url\":\"https:\\\/\\\/haidak.eu\\\/fi\\\/kypara-kali-cruz\\\/\",\"name\":\"Kyp\u00e4r\u00e4 Kali Cruz | Voltride\",\"isPartOf\":{\"@id\":\"https:\\\/\\\/haidak.eu\\\/fi\\\/#website\"},\"primaryImageOfPage\":{\"@id\":\"https:\\\/\\\/haidak.eu\\\/fi\\\/kypara-kali-cruz\\\/#primaryimage\"},\"image\":{\"@id\":\"https:\\\/\\\/haidak.eu\\\/fi\\\/kypara-kali-cruz\\\/#primaryimage\"},\"thumbnailUrl\":\"https:\\\/\\\/haidak.eu\\\/wp-content\\\/uploads\\\/2026\\\/03\\\/6628-6889f553da763897902437-cruz-sld-blk-a1-1.png\",\"datePublished\":\"2026-03-26T00:07:33+00:00\",\"dateModified\":\"2026-03-31T21:24:05+00:00\",\"breadcrumb\":{\"@id\":\"https:\\\/\\\/haidak.eu\\\/fi\\\/kypara-kali-cruz\\\/#breadcrumb\"},\"inLanguage\":\"fi\",\"potentialAction\":[{\"@type\":\"ReadAction\",\"target\":[\"https:\\\/\\\/haidak.eu\\\/fi\\\/kypara-kali-cruz\\\/\"]}]},{\"@type\":\"ImageObject\",\"inLanguage\":\"fi\",\"@id\":\"https:\\\/\\\/haidak.eu\\\/fi\\\/kypara-kali-cruz\\\/#primaryimage\",\"url\":\"https:\\\/\\\/haidak.eu\\\/wp-content\\\/uploads\\\/2026\\\/03\\\/6628-6889f553da763897902437-cruz-sld-blk-a1-1.png\",\"contentUrl\":\"https:\\\/\\\/haidak.eu\\\/wp-content\\\/uploads\\\/2026\\\/03\\\/6628-6889f553da763897902437-cruz-sld-blk-a1-1.png\",\"width\":2400,\"height\":2160},{\"@type\":\"BreadcrumbList\",\"@id\":\"https:\\\/\\\/haidak.eu\\\/fi\\\/kypara-kali-cruz\\\/#breadcrumb\",\"itemListElement\":[{\"@type\":\"ListItem\",\"position\":1,\"name\":\"Etusivu\",\"item\":\"https:\\\/\\\/haidak.eu\\\/fi\\\/\"},{\"@type\":\"ListItem\",\"position\":2,\"name\":\"Kauppa\",\"item\":\"https:\\\/\\\/haidak.eu\\\/shop\\\/\"},{\"@type\":\"ListItem\",\"position\":3,\"name\":\"Lis\u00e4tarvikkeet\",\"item\":\"https:\\\/\\\/haidak.eu\\\/fi\\\/lisatarvikkeet\\\/\"},{\"@type\":\"ListItem\",\"position\":4,\"name\":\"Kyp\u00e4r\u00e4t\",\"item\":\"https:\\\/\\\/haidak.eu\\\/fi\\\/kyparat\\\/\"},{\"@type\":\"ListItem\",\"position\":5,\"name\":\"Kyp\u00e4r\u00e4 Kali Cruz\"}]},{\"@type\":\"WebSite\",\"@id\":\"https:\\\/\\\/haidak.eu\\\/fi\\\/#website\",\"url\":\"https:\\\/\\\/haidak.eu\\\/fi\\\/\",\"name\":\"Voltride\",\"description\":\"Parim elektrirataste elektrit\u00f5ukside ja \u00fcksrataste pood ja remont\",\"publisher\":{\"@id\":\"https:\\\/\\\/haidak.eu\\\/fi\\\/#organization\"},\"alternateName\":\"Vr\",\"potentialAction\":[{\"@type\":\"SearchAction\",\"target\":{\"@type\":\"EntryPoint\",\"urlTemplate\":\"https:\\\/\\\/haidak.eu\\\/fi\\\/?s={search_term_string}\"},\"query-input\":{\"@type\":\"PropertyValueSpecification\",\"valueRequired\":true,\"valueName\":\"search_term_string\"}}],\"inLanguage\":\"fi\"},{\"@type\":[\"Organization\",\"Place\"],\"@id\":\"https:\\\/\\\/haidak.eu\\\/fi\\\/#organization\",\"name\":\"Voltride\",\"alternateName\":\"VR\",\"url\":\"https:\\\/\\\/haidak.eu\\\/fi\\\/\",\"logo\":{\"@id\":\"https:\\\/\\\/haidak.eu\\\/fi\\\/kypara-kali-cruz\\\/#local-main-organization-logo\"},\"image\":{\"@id\":\"https:\\\/\\\/haidak.eu\\\/fi\\\/kypara-kali-cruz\\\/#local-main-organization-logo\"},\"sameAs\":[\"https:\\\/\\\/www.facebook.com\\\/voltridecom\\\/\"],\"legalName\":\"Voltride O\u00dc\",\"numberOfEmployees\":{\"@type\":\"QuantitativeValue\",\"minValue\":\"1\",\"maxValue\":\"10\"},\"ownershipFundingInfo\":\"https:\\\/\\\/haidak.eu\\\/about-us\\\/\",\"hasMerchantReturnPolicy\":{\"@type\":\"MerchantReturnPolicy\",\"merchantReturnLink\":\"https:\\\/\\\/haidak.eu\\\/shipping-and-returns\\\/\"},\"address\":{\"@id\":\"https:\\\/\\\/haidak.eu\\\/fi\\\/kypara-kali-cruz\\\/#local-main-place-address\"},\"geo\":{\"@type\":\"GeoCoordinates\",\"latitude\":\"59.439554\",\"longitude\":\"24.726644\"},\"telephone\":[\"+372 600 40 99\"],\"contactPoint\":{\"@type\":\"ContactPoint\",\"telephone\":\"+372 600 40 99\",\"email\":\"info@voltride.com\"},\"openingHoursSpecification\":[{\"@type\":\"OpeningHoursSpecification\",\"dayOfWeek\":[\"Monday\",\"Tuesday\",\"Wednesday\",\"Thursday\",\"Friday\"],\"opens\":\"10:00\",\"closes\":\"18:00\"},{\"@type\":\"OpeningHoursSpecification\",\"dayOfWeek\":[\"Saturday\",\"Sunday\"],\"opens\":\"00:00\",\"closes\":\"00:00\"}],\"email\":\"info@voltride.com\",\"taxID\":\"14871968\"},{\"@type\":\"PostalAddress\",\"@id\":\"https:\\\/\\\/haidak.eu\\\/fi\\\/kypara-kali-cruz\\\/#local-main-place-address\",\"streetAddress\":\"Voltride Telliskivi 57D\",\"addressLocality\":\"Tallinn\",\"postalCode\":\"10412\",\"addressRegion\":\"Tallinn\",\"addressCountry\":\"EE\"},{\"@type\":\"ImageObject\",\"inLanguage\":\"fi\",\"@id\":\"https:\\\/\\\/haidak.eu\\\/fi\\\/kypara-kali-cruz\\\/#local-main-organization-logo\",\"url\":\"https:\\\/\\\/haidak.eu\\\/wp-content\\\/uploads\\\/voltride-logo.png\",\"contentUrl\":\"https:\\\/\\\/haidak.eu\\\/wp-content\\\/uploads\\\/voltride-logo.png\",\"width\":2481,\"height\":620,\"caption\":\"Voltride\"}]}<\/script>\n<meta property=\"og:availability\" content=\"instock\" \/>\n<meta property=\"product:availability\" content=\"instock\" \/>\n<meta property=\"product:retailer_item_id\" content=\"KLHL004\" \/>\n<meta property=\"product:condition\" content=\"new\" \/>\n<meta name=\"geo.placename\" content=\"Tallinn\" \/>\n<meta name=\"geo.position\" content=\"59.439554;24.726644\" \/>\n<meta name=\"geo.region\" content=\"Viro\" \/>\n<!-- \/ Yoast SEO Premium plugin. -->","yoast_head_json":{"title":"Kyp\u00e4r\u00e4 Kali Cruz | Voltride","robots":{"index":"noindex","follow":"follow","max-snippet":"max-snippet:-1","max-image-preview":"max-image-preview:large","max-video-preview":"max-video-preview:-1"},"og_locale":"fi_FI","og_type":"article","og_title":"Kyp\u00e4r\u00e4 Kali Cruz | Voltride","og_description":"Kyp\u00e4r\u00e4n ytimess\u00e4 on sis\u00e4\u00e4nrakennettu paristok\u00e4ytt\u00f6inen takavalo, joka parantaa n\u00e4kyvyytt\u00e4 h\u00e4m\u00e4r\u00e4ss\u00e4 ilman lis\u00e4varusteita. Integroidun lipan ansiosta se suojaa auringolta ja roiskeilta,","og_url":"https:\/\/haidak.eu\/fi\/kypara-kali-cruz\/","og_site_name":"Voltride","article_publisher":"https:\/\/www.facebook.com\/voltridecom\/","article_modified_time":"2026-03-31T21:24:05+00:00","og_image":[{"width":1024,"height":922,"url":"https:\/\/haidak.eu\/wp-content\/uploads\/2026\/03\/6628-6889f553da763897902437-cruz-sld-blk-a1-1-1024x922.png","type":"image\/png"}],"twitter_card":"summary_large_image","schema":{"@context":"https:\/\/schema.org","@graph":[{"@type":"WebPage","@id":"https:\/\/haidak.eu\/fi\/kypara-kali-cruz\/","url":"https:\/\/haidak.eu\/fi\/kypara-kali-cruz\/","name":"Kyp\u00e4r\u00e4 Kali Cruz | Voltride","isPartOf":{"@id":"https:\/\/haidak.eu\/fi\/#website"},"primaryImageOfPage":{"@id":"https:\/\/haidak.eu\/fi\/kypara-kali-cruz\/#primaryimage"},"image":{"@id":"https:\/\/haidak.eu\/fi\/kypara-kali-cruz\/#primaryimage"},"thumbnailUrl":"https:\/\/haidak.eu\/wp-content\/uploads\/2026\/03\/6628-6889f553da763897902437-cruz-sld-blk-a1-1.png","datePublished":"2026-03-26T00:07:33+00:00","dateModified":"2026-03-31T21:24:05+00:00","breadcrumb":{"@id":"https:\/\/haidak.eu\/fi\/kypara-kali-cruz\/#breadcrumb"},"inLanguage":"fi","potentialAction":[{"@type":"ReadAction","target":["https:\/\/haidak.eu\/fi\/kypara-kali-cruz\/"]}]},{"@type":"ImageObject","inLanguage":"fi","@id":"https:\/\/haidak.eu\/fi\/kypara-kali-cruz\/#primaryimage","url":"https:\/\/haidak.eu\/wp-content\/uploads\/2026\/03\/6628-6889f553da763897902437-cruz-sld-blk-a1-1.png","contentUrl":"https:\/\/haidak.eu\/wp-content\/uploads\/2026\/03\/6628-6889f553da763897902437-cruz-sld-blk-a1-1.png","width":2400,"height":2160},{"@type":"BreadcrumbList","@id":"https:\/\/haidak.eu\/fi\/kypara-kali-cruz\/#breadcrumb","itemListElement":[{"@type":"ListItem","position":1,"name":"Etusivu","item":"https:\/\/haidak.eu\/fi\/"},{"@type":"ListItem","position":2,"name":"Kauppa","item":"https:\/\/haidak.eu\/shop\/"},{"@type":"ListItem","position":3,"name":"Lis\u00e4tarvikkeet","item":"https:\/\/haidak.eu\/fi\/lisatarvikkeet\/"},{"@type":"ListItem","position":4,"name":"Kyp\u00e4r\u00e4t","item":"https:\/\/haidak.eu\/fi\/kyparat\/"},{"@type":"ListItem","position":5,"name":"Kyp\u00e4r\u00e4 Kali Cruz"}]},{"@type":"WebSite","@id":"https:\/\/haidak.eu\/fi\/#website","url":"https:\/\/haidak.eu\/fi\/","name":"Voltride","description":"Parim elektrirataste elektrit\u00f5ukside ja \u00fcksrataste pood ja remont","publisher":{"@id":"https:\/\/haidak.eu\/fi\/#organization"},"alternateName":"Vr","potentialAction":[{"@type":"SearchAction","target":{"@type":"EntryPoint","urlTemplate":"https:\/\/haidak.eu\/fi\/?s={search_term_string}"},"query-input":{"@type":"PropertyValueSpecification","valueRequired":true,"valueName":"search_term_string"}}],"inLanguage":"fi"},{"@type":["Organization","Place"],"@id":"https:\/\/haidak.eu\/fi\/#organization","name":"Voltride","alternateName":"VR","url":"https:\/\/haidak.eu\/fi\/","logo":{"@id":"https:\/\/haidak.eu\/fi\/kypara-kali-cruz\/#local-main-organization-logo"},"image":{"@id":"https:\/\/haidak.eu\/fi\/kypara-kali-cruz\/#local-main-organization-logo"},"sameAs":["https:\/\/www.facebook.com\/voltridecom\/"],"legalName":"Voltride O\u00dc","numberOfEmployees":{"@type":"QuantitativeValue","minValue":"1","maxValue":"10"},"ownershipFundingInfo":"https:\/\/haidak.eu\/about-us\/","hasMerchantReturnPolicy":{"@type":"MerchantReturnPolicy","merchantReturnLink":"https:\/\/haidak.eu\/shipping-and-returns\/"},"address":{"@id":"https:\/\/haidak.eu\/fi\/kypara-kali-cruz\/#local-main-place-address"},"geo":{"@type":"GeoCoordinates","latitude":"59.439554","longitude":"24.726644"},"telephone":["+372 600 40 99"],"contactPoint":{"@type":"ContactPoint","telephone":"+372 600 40 99","email":"info@voltride.com"},"openingHoursSpecification":[{"@type":"OpeningHoursSpecification","dayOfWeek":["Monday","Tuesday","Wednesday","Thursday","Friday"],"opens":"10:00","closes":"18:00"},{"@type":"OpeningHoursSpecification","dayOfWeek":["Saturday","Sunday"],"opens":"00:00","closes":"00:00"}],"email":"info@voltride.com","taxID":"14871968"},{"@type":"PostalAddress","@id":"https:\/\/haidak.eu\/fi\/kypara-kali-cruz\/#local-main-place-address","streetAddress":"Voltride Telliskivi 57D","addressLocality":"Tallinn","postalCode":"10412","addressRegion":"Tallinn","addressCountry":"EE"},{"@type":"ImageObject","inLanguage":"fi","@id":"https:\/\/haidak.eu\/fi\/kypara-kali-cruz\/#local-main-organization-logo","url":"https:\/\/haidak.eu\/wp-content\/uploads\/voltride-logo.png","contentUrl":"https:\/\/haidak.eu\/wp-content\/uploads\/voltride-logo.png","width":2481,"height":620,"caption":"Voltride"}]},"og_availability":"instock","product_availability":"instock","product_retailer_item_id":"KLHL004","product_condition":"new","geo.placename":"Tallinn","geo.position":{"lat":"59.439554","long":"24.726644"},"geo.region":"Viro"},"_links":{"self":[{"href":"https:\/\/haidak.eu\/fi\/wp-json\/wp\/v2\/product\/20275","targetHints":{"allow":["GET"]}}],"collection":[{"href":"https:\/\/haidak.eu\/fi\/wp-json\/wp\/v2\/product"}],"about":[{"href":"https:\/\/haidak.eu\/fi\/wp-json\/wp\/v2\/types\/product"}],"replies":[{"embeddable":true,"href":"https:\/\/haidak.eu\/fi\/wp-json\/wp\/v2\/comments?post=20275"}],"wp:featuredmedia":[{"embeddable":true,"href":"https:\/\/haidak.eu\/fi\/wp-json\/wp\/v2\/media\/23513"}],"wp:attachment":[{"href":"https:\/\/haidak.eu\/fi\/wp-json\/wp\/v2\/media?parent=20275"}],"wp:term":[{"taxonomy":"product_brand","embeddable":true,"href":"https:\/\/haidak.eu\/fi\/wp-json\/wp\/v2\/product_brand?post=20275"},{"taxonomy":"product_cat","embeddable":true,"href":"https:\/\/haidak.eu\/fi\/wp-json\/wp\/v2\/product_cat?post=20275"},{"taxonomy":"product_tag","embeddable":true,"href":"https:\/\/haidak.eu\/fi\/wp-json\/wp\/v2\/product_tag?post=20275"}],"curies":[{"name":"wp","href":"https:\/\/api.w.org\/{rel}","templated":true}]}}