{"id":20277,"date":"2026-03-26T02:08:48","date_gmt":"2026-03-26T00:08:48","guid":{"rendered":"https:\/\/haidak.eu\/laukku-evolve-kaukosaatimelle\/"},"modified":"2026-03-31T23:24:06","modified_gmt":"2026-03-31T21:24:06","slug":"laukku-evolve-kaukosaatimelle","status":"publish","type":"product","link":"https:\/\/haidak.eu\/fi\/laukku-evolve-kaukosaatimelle\/","title":{"rendered":"Laukku Evolve-kaukos\u00e4\u00e4timelle"},"content":{"rendered":"<p data-end=\"1653\" data-start=\"1382\" style=\"caret-color: rgb(0, 0, 0); color: rgb(0, 0, 0);\">Pid\u00e4 Evolve-kaukos\u00e4\u00e4din suojattuna ja aina helposti saatavilla t\u00e4m\u00e4n k\u00e4yt\u00e4nn\u00f6llisen kantolaukun avulla. Laukku on suunniteltu erityisesti Evolve-kaukos\u00e4\u00e4timille ja tarjoaa tiukan istuvuuden sek\u00e4 luotettavan suojan naarmuilta, p\u00f6lylt\u00e4 ja arjen kulumiselta.<\/p>\n<p data-end=\"1909\" data-start=\"1655\" style=\"caret-color: rgb(0, 0, 0); color: rgb(0, 0, 0);\">Kompakti ja kevyt muotoilu tekee siit\u00e4 helpon kuljettaa repussa tai kiinnitt\u00e4\u00e4 varusteisiin. Kest\u00e4v\u00e4 materiaali varmistaa pitk\u00e4n k\u00e4ytt\u00f6i\u00e4n, ja sulava vetoketju pit\u00e4\u00e4 kaukos\u00e4\u00e4timen turvallisesti sis\u00e4ll\u00e4 \u2014 voit huoletta matkustaa ja s\u00e4ilytt\u00e4\u00e4 varusteesi.<\/p>\n<p data-end=\"2052\" data-start=\"1911\" style=\"caret-color: rgb(0, 0, 0); color: rgb(0, 0, 0);\">V\u00e4ltt\u00e4m\u00e4t\u00f6n lis\u00e4varuste jokaiselle Evolve-kuljettajalle, joka haluaa pit\u00e4\u00e4 kaukos\u00e4\u00e4timens\u00e4 turvassa, j\u00e4rjestyksess\u00e4 ja aina k\u00e4ytt\u00f6valmiina.<\/p>\n","protected":false},"excerpt":{"rendered":"<p>Pid\u00e4 Evolve-kaukos\u00e4\u00e4din suojattuna ja aina helposti saatavilla t\u00e4m\u00e4n k\u00e4yt\u00e4nn\u00f6llisen kantolaukun avulla. Laukku on suunniteltu erityisesti Evolve-kaukos\u00e4\u00e4timille ja tarjoaa tiukan istuvuuden<\/p>\n","protected":false},"featured_media":23450,"comment_status":"open","ping_status":"closed","template":"","meta":[],"product_brand":[],"product_cat":[697],"product_tag":[],"class_list":{"0":"post-20277","1":"product","2":"type-product","3":"status-publish","4":"has-post-thumbnail","6":"product_cat-korit-ja-tavaratelineet","8":"first","9":"instock","10":"taxable","11":"shipping-taxable","12":"purchasable","13":"product-type-simple"},"yoast_head":"<!-- This site is optimized with the Yoast SEO Premium plugin v27.3 (Yoast SEO v27.4) - https:\/\/yoast.com\/product\/yoast-seo-premium-wordpress\/ -->\n<title>Laukku Evolve-kaukos\u00e4\u00e4timelle | Voltride<\/title>\n<meta name=\"robots\" content=\"noindex, follow, max-snippet:-1, max-image-preview:large, max-video-preview:-1\" \/>\n<meta property=\"og:locale\" content=\"fi_FI\" \/>\n<meta property=\"og:type\" content=\"article\" \/>\n<meta property=\"og:title\" content=\"Laukku Evolve-kaukos\u00e4\u00e4timelle | Voltride\" \/>\n<meta property=\"og:description\" content=\"Pid\u00e4 Evolve-kaukos\u00e4\u00e4din suojattuna ja aina helposti saatavilla t\u00e4m\u00e4n k\u00e4yt\u00e4nn\u00f6llisen kantolaukun avulla. Laukku on suunniteltu erityisesti Evolve-kaukos\u00e4\u00e4timille ja tarjoaa tiukan istuvuuden\" \/>\n<meta property=\"og:url\" content=\"https:\/\/haidak.eu\/fi\/laukku-evolve-kaukosaatimelle\/\" \/>\n<meta property=\"og:site_name\" content=\"Voltride\" \/>\n<meta property=\"article:publisher\" content=\"https:\/\/www.facebook.com\/voltridecom\/\" \/>\n<meta property=\"article:modified_time\" content=\"2026-03-31T21:24:06+00:00\" \/>\n<meta property=\"og:image\" content=\"https:\/\/haidak.eu\/wp-content\/uploads\/2026\/03\/evot000-1.jpg\" \/>\n\t<meta property=\"og:image:width\" content=\"640\" \/>\n\t<meta property=\"og:image:height\" content=\"640\" \/>\n\t<meta property=\"og:image:type\" content=\"image\/jpeg\" \/>\n<meta name=\"twitter:card\" content=\"summary_large_image\" \/>\n<script type=\"application\/ld+json\" class=\"yoast-schema-graph\">{\"@context\":\"https:\\\/\\\/schema.org\",\"@graph\":[{\"@type\":\"WebPage\",\"@id\":\"https:\\\/\\\/haidak.eu\\\/fi\\\/laukku-evolve-kaukosaatimelle\\\/\",\"url\":\"https:\\\/\\\/haidak.eu\\\/fi\\\/laukku-evolve-kaukosaatimelle\\\/\",\"name\":\"Laukku Evolve-kaukos\u00e4\u00e4timelle | Voltride\",\"isPartOf\":{\"@id\":\"https:\\\/\\\/haidak.eu\\\/fi\\\/#website\"},\"primaryImageOfPage\":{\"@id\":\"https:\\\/\\\/haidak.eu\\\/fi\\\/laukku-evolve-kaukosaatimelle\\\/#primaryimage\"},\"image\":{\"@id\":\"https:\\\/\\\/haidak.eu\\\/fi\\\/laukku-evolve-kaukosaatimelle\\\/#primaryimage\"},\"thumbnailUrl\":\"https:\\\/\\\/haidak.eu\\\/wp-content\\\/uploads\\\/2026\\\/03\\\/evot000-1.jpg\",\"datePublished\":\"2026-03-26T00:08:48+00:00\",\"dateModified\":\"2026-03-31T21:24:06+00:00\",\"breadcrumb\":{\"@id\":\"https:\\\/\\\/haidak.eu\\\/fi\\\/laukku-evolve-kaukosaatimelle\\\/#breadcrumb\"},\"inLanguage\":\"fi\",\"potentialAction\":[{\"@type\":\"ReadAction\",\"target\":[\"https:\\\/\\\/haidak.eu\\\/fi\\\/laukku-evolve-kaukosaatimelle\\\/\"]}]},{\"@type\":\"ImageObject\",\"inLanguage\":\"fi\",\"@id\":\"https:\\\/\\\/haidak.eu\\\/fi\\\/laukku-evolve-kaukosaatimelle\\\/#primaryimage\",\"url\":\"https:\\\/\\\/haidak.eu\\\/wp-content\\\/uploads\\\/2026\\\/03\\\/evot000-1.jpg\",\"contentUrl\":\"https:\\\/\\\/haidak.eu\\\/wp-content\\\/uploads\\\/2026\\\/03\\\/evot000-1.jpg\",\"width\":640,\"height\":640},{\"@type\":\"BreadcrumbList\",\"@id\":\"https:\\\/\\\/haidak.eu\\\/fi\\\/laukku-evolve-kaukosaatimelle\\\/#breadcrumb\",\"itemListElement\":[{\"@type\":\"ListItem\",\"position\":1,\"name\":\"Etusivu\",\"item\":\"https:\\\/\\\/haidak.eu\\\/fi\\\/\"},{\"@type\":\"ListItem\",\"position\":2,\"name\":\"Kauppa\",\"item\":\"https:\\\/\\\/haidak.eu\\\/shop\\\/\"},{\"@type\":\"ListItem\",\"position\":3,\"name\":\"Lis\u00e4tarvikkeet\",\"item\":\"https:\\\/\\\/haidak.eu\\\/fi\\\/lisatarvikkeet\\\/\"},{\"@type\":\"ListItem\",\"position\":4,\"name\":\"Korit ja Tavaratelineet\",\"item\":\"https:\\\/\\\/haidak.eu\\\/fi\\\/korit-ja-tavaratelineet\\\/\"},{\"@type\":\"ListItem\",\"position\":5,\"name\":\"Laukku Evolve-kaukos\u00e4\u00e4timelle\"}]},{\"@type\":\"WebSite\",\"@id\":\"https:\\\/\\\/haidak.eu\\\/fi\\\/#website\",\"url\":\"https:\\\/\\\/haidak.eu\\\/fi\\\/\",\"name\":\"Voltride\",\"description\":\"Parim elektrirataste elektrit\u00f5ukside ja \u00fcksrataste pood ja remont\",\"publisher\":{\"@id\":\"https:\\\/\\\/haidak.eu\\\/fi\\\/#organization\"},\"alternateName\":\"Vr\",\"potentialAction\":[{\"@type\":\"SearchAction\",\"target\":{\"@type\":\"EntryPoint\",\"urlTemplate\":\"https:\\\/\\\/haidak.eu\\\/fi\\\/?s={search_term_string}\"},\"query-input\":{\"@type\":\"PropertyValueSpecification\",\"valueRequired\":true,\"valueName\":\"search_term_string\"}}],\"inLanguage\":\"fi\"},{\"@type\":[\"Organization\",\"Place\"],\"@id\":\"https:\\\/\\\/haidak.eu\\\/fi\\\/#organization\",\"name\":\"Voltride\",\"alternateName\":\"VR\",\"url\":\"https:\\\/\\\/haidak.eu\\\/fi\\\/\",\"logo\":{\"@id\":\"https:\\\/\\\/haidak.eu\\\/fi\\\/laukku-evolve-kaukosaatimelle\\\/#local-main-organization-logo\"},\"image\":{\"@id\":\"https:\\\/\\\/haidak.eu\\\/fi\\\/laukku-evolve-kaukosaatimelle\\\/#local-main-organization-logo\"},\"sameAs\":[\"https:\\\/\\\/www.facebook.com\\\/voltridecom\\\/\"],\"legalName\":\"Voltride O\u00dc\",\"numberOfEmployees\":{\"@type\":\"QuantitativeValue\",\"minValue\":\"1\",\"maxValue\":\"10\"},\"ownershipFundingInfo\":\"https:\\\/\\\/haidak.eu\\\/about-us\\\/\",\"hasMerchantReturnPolicy\":{\"@type\":\"MerchantReturnPolicy\",\"merchantReturnLink\":\"https:\\\/\\\/haidak.eu\\\/shipping-and-returns\\\/\"},\"address\":{\"@id\":\"https:\\\/\\\/haidak.eu\\\/fi\\\/laukku-evolve-kaukosaatimelle\\\/#local-main-place-address\"},\"geo\":{\"@type\":\"GeoCoordinates\",\"latitude\":\"59.439554\",\"longitude\":\"24.726644\"},\"telephone\":[\"+372 600 40 99\"],\"contactPoint\":{\"@type\":\"ContactPoint\",\"telephone\":\"+372 600 40 99\",\"email\":\"info@voltride.com\"},\"openingHoursSpecification\":[{\"@type\":\"OpeningHoursSpecification\",\"dayOfWeek\":[\"Monday\",\"Tuesday\",\"Wednesday\",\"Thursday\",\"Friday\"],\"opens\":\"10:00\",\"closes\":\"18:00\"},{\"@type\":\"OpeningHoursSpecification\",\"dayOfWeek\":[\"Saturday\",\"Sunday\"],\"opens\":\"00:00\",\"closes\":\"00:00\"}],\"email\":\"info@voltride.com\",\"taxID\":\"14871968\"},{\"@type\":\"PostalAddress\",\"@id\":\"https:\\\/\\\/haidak.eu\\\/fi\\\/laukku-evolve-kaukosaatimelle\\\/#local-main-place-address\",\"streetAddress\":\"Voltride Telliskivi 57D\",\"addressLocality\":\"Tallinn\",\"postalCode\":\"10412\",\"addressRegion\":\"Tallinn\",\"addressCountry\":\"EE\"},{\"@type\":\"ImageObject\",\"inLanguage\":\"fi\",\"@id\":\"https:\\\/\\\/haidak.eu\\\/fi\\\/laukku-evolve-kaukosaatimelle\\\/#local-main-organization-logo\",\"url\":\"https:\\\/\\\/haidak.eu\\\/wp-content\\\/uploads\\\/voltride-logo.png\",\"contentUrl\":\"https:\\\/\\\/haidak.eu\\\/wp-content\\\/uploads\\\/voltride-logo.png\",\"width\":2481,\"height\":620,\"caption\":\"Voltride\"}]}<\/script>\n<meta property=\"product:price:amount\" content=\"5.00\" \/>\n<meta property=\"product:price:currency\" content=\"EUR\" \/>\n<meta property=\"og:availability\" content=\"instock\" \/>\n<meta property=\"product:availability\" content=\"instock\" \/>\n<meta property=\"product:retailer_item_id\" content=\"EVBG001\" \/>\n<meta property=\"product:condition\" content=\"new\" \/>\n<meta name=\"geo.placename\" content=\"Tallinn\" \/>\n<meta name=\"geo.position\" content=\"59.439554;24.726644\" \/>\n<meta name=\"geo.region\" content=\"Viro\" \/>\n<!-- \/ Yoast SEO Premium plugin. -->","yoast_head_json":{"title":"Laukku Evolve-kaukos\u00e4\u00e4timelle | Voltride","robots":{"index":"noindex","follow":"follow","max-snippet":"max-snippet:-1","max-image-preview":"max-image-preview:large","max-video-preview":"max-video-preview:-1"},"og_locale":"fi_FI","og_type":"article","og_title":"Laukku Evolve-kaukos\u00e4\u00e4timelle | Voltride","og_description":"Pid\u00e4 Evolve-kaukos\u00e4\u00e4din suojattuna ja aina helposti saatavilla t\u00e4m\u00e4n k\u00e4yt\u00e4nn\u00f6llisen kantolaukun avulla. Laukku on suunniteltu erityisesti Evolve-kaukos\u00e4\u00e4timille ja tarjoaa tiukan istuvuuden","og_url":"https:\/\/haidak.eu\/fi\/laukku-evolve-kaukosaatimelle\/","og_site_name":"Voltride","article_publisher":"https:\/\/www.facebook.com\/voltridecom\/","article_modified_time":"2026-03-31T21:24:06+00:00","og_image":[{"width":640,"height":640,"url":"https:\/\/haidak.eu\/wp-content\/uploads\/2026\/03\/evot000-1.jpg","type":"image\/jpeg"}],"twitter_card":"summary_large_image","schema":{"@context":"https:\/\/schema.org","@graph":[{"@type":"WebPage","@id":"https:\/\/haidak.eu\/fi\/laukku-evolve-kaukosaatimelle\/","url":"https:\/\/haidak.eu\/fi\/laukku-evolve-kaukosaatimelle\/","name":"Laukku Evolve-kaukos\u00e4\u00e4timelle | Voltride","isPartOf":{"@id":"https:\/\/haidak.eu\/fi\/#website"},"primaryImageOfPage":{"@id":"https:\/\/haidak.eu\/fi\/laukku-evolve-kaukosaatimelle\/#primaryimage"},"image":{"@id":"https:\/\/haidak.eu\/fi\/laukku-evolve-kaukosaatimelle\/#primaryimage"},"thumbnailUrl":"https:\/\/haidak.eu\/wp-content\/uploads\/2026\/03\/evot000-1.jpg","datePublished":"2026-03-26T00:08:48+00:00","dateModified":"2026-03-31T21:24:06+00:00","breadcrumb":{"@id":"https:\/\/haidak.eu\/fi\/laukku-evolve-kaukosaatimelle\/#breadcrumb"},"inLanguage":"fi","potentialAction":[{"@type":"ReadAction","target":["https:\/\/haidak.eu\/fi\/laukku-evolve-kaukosaatimelle\/"]}]},{"@type":"ImageObject","inLanguage":"fi","@id":"https:\/\/haidak.eu\/fi\/laukku-evolve-kaukosaatimelle\/#primaryimage","url":"https:\/\/haidak.eu\/wp-content\/uploads\/2026\/03\/evot000-1.jpg","contentUrl":"https:\/\/haidak.eu\/wp-content\/uploads\/2026\/03\/evot000-1.jpg","width":640,"height":640},{"@type":"BreadcrumbList","@id":"https:\/\/haidak.eu\/fi\/laukku-evolve-kaukosaatimelle\/#breadcrumb","itemListElement":[{"@type":"ListItem","position":1,"name":"Etusivu","item":"https:\/\/haidak.eu\/fi\/"},{"@type":"ListItem","position":2,"name":"Kauppa","item":"https:\/\/haidak.eu\/shop\/"},{"@type":"ListItem","position":3,"name":"Lis\u00e4tarvikkeet","item":"https:\/\/haidak.eu\/fi\/lisatarvikkeet\/"},{"@type":"ListItem","position":4,"name":"Korit ja Tavaratelineet","item":"https:\/\/haidak.eu\/fi\/korit-ja-tavaratelineet\/"},{"@type":"ListItem","position":5,"name":"Laukku Evolve-kaukos\u00e4\u00e4timelle"}]},{"@type":"WebSite","@id":"https:\/\/haidak.eu\/fi\/#website","url":"https:\/\/haidak.eu\/fi\/","name":"Voltride","description":"Parim elektrirataste elektrit\u00f5ukside ja \u00fcksrataste pood ja remont","publisher":{"@id":"https:\/\/haidak.eu\/fi\/#organization"},"alternateName":"Vr","potentialAction":[{"@type":"SearchAction","target":{"@type":"EntryPoint","urlTemplate":"https:\/\/haidak.eu\/fi\/?s={search_term_string}"},"query-input":{"@type":"PropertyValueSpecification","valueRequired":true,"valueName":"search_term_string"}}],"inLanguage":"fi"},{"@type":["Organization","Place"],"@id":"https:\/\/haidak.eu\/fi\/#organization","name":"Voltride","alternateName":"VR","url":"https:\/\/haidak.eu\/fi\/","logo":{"@id":"https:\/\/haidak.eu\/fi\/laukku-evolve-kaukosaatimelle\/#local-main-organization-logo"},"image":{"@id":"https:\/\/haidak.eu\/fi\/laukku-evolve-kaukosaatimelle\/#local-main-organization-logo"},"sameAs":["https:\/\/www.facebook.com\/voltridecom\/"],"legalName":"Voltride O\u00dc","numberOfEmployees":{"@type":"QuantitativeValue","minValue":"1","maxValue":"10"},"ownershipFundingInfo":"https:\/\/haidak.eu\/about-us\/","hasMerchantReturnPolicy":{"@type":"MerchantReturnPolicy","merchantReturnLink":"https:\/\/haidak.eu\/shipping-and-returns\/"},"address":{"@id":"https:\/\/haidak.eu\/fi\/laukku-evolve-kaukosaatimelle\/#local-main-place-address"},"geo":{"@type":"GeoCoordinates","latitude":"59.439554","longitude":"24.726644"},"telephone":["+372 600 40 99"],"contactPoint":{"@type":"ContactPoint","telephone":"+372 600 40 99","email":"info@voltride.com"},"openingHoursSpecification":[{"@type":"OpeningHoursSpecification","dayOfWeek":["Monday","Tuesday","Wednesday","Thursday","Friday"],"opens":"10:00","closes":"18:00"},{"@type":"OpeningHoursSpecification","dayOfWeek":["Saturday","Sunday"],"opens":"00:00","closes":"00:00"}],"email":"info@voltride.com","taxID":"14871968"},{"@type":"PostalAddress","@id":"https:\/\/haidak.eu\/fi\/laukku-evolve-kaukosaatimelle\/#local-main-place-address","streetAddress":"Voltride Telliskivi 57D","addressLocality":"Tallinn","postalCode":"10412","addressRegion":"Tallinn","addressCountry":"EE"},{"@type":"ImageObject","inLanguage":"fi","@id":"https:\/\/haidak.eu\/fi\/laukku-evolve-kaukosaatimelle\/#local-main-organization-logo","url":"https:\/\/haidak.eu\/wp-content\/uploads\/voltride-logo.png","contentUrl":"https:\/\/haidak.eu\/wp-content\/uploads\/voltride-logo.png","width":2481,"height":620,"caption":"Voltride"}]},"product_price_amount":"5.00","product_price_currency":"EUR","og_availability":"instock","product_availability":"instock","product_retailer_item_id":"EVBG001","product_condition":"new","geo.placename":"Tallinn","geo.position":{"lat":"59.439554","long":"24.726644"},"geo.region":"Viro"},"_links":{"self":[{"href":"https:\/\/haidak.eu\/fi\/wp-json\/wp\/v2\/product\/20277","targetHints":{"allow":["GET"]}}],"collection":[{"href":"https:\/\/haidak.eu\/fi\/wp-json\/wp\/v2\/product"}],"about":[{"href":"https:\/\/haidak.eu\/fi\/wp-json\/wp\/v2\/types\/product"}],"replies":[{"embeddable":true,"href":"https:\/\/haidak.eu\/fi\/wp-json\/wp\/v2\/comments?post=20277"}],"wp:featuredmedia":[{"embeddable":true,"href":"https:\/\/haidak.eu\/fi\/wp-json\/wp\/v2\/media\/23450"}],"wp:attachment":[{"href":"https:\/\/haidak.eu\/fi\/wp-json\/wp\/v2\/media?parent=20277"}],"wp:term":[{"taxonomy":"product_brand","embeddable":true,"href":"https:\/\/haidak.eu\/fi\/wp-json\/wp\/v2\/product_brand?post=20277"},{"taxonomy":"product_cat","embeddable":true,"href":"https:\/\/haidak.eu\/fi\/wp-json\/wp\/v2\/product_cat?post=20277"},{"taxonomy":"product_tag","embeddable":true,"href":"https:\/\/haidak.eu\/fi\/wp-json\/wp\/v2\/product_tag?post=20277"}],"curies":[{"name":"wp","href":"https:\/\/api.w.org\/{rel}","templated":true}]}}