{"id":20286,"date":"2026-03-26T02:08:55","date_gmt":"2026-03-26T00:08:55","guid":{"rendered":"https:\/\/haidak.eu\/kypara-tsg-pass-2-0\/"},"modified":"2026-03-31T23:24:07","modified_gmt":"2026-03-31T21:24:07","slug":"kypara-tsg-pass-2-0","status":"publish","type":"product","link":"https:\/\/haidak.eu\/fi\/kypara-tsg-pass-2-0\/","title":{"rendered":"Kyp\u00e4r\u00e4 TSG Pass 2.0"},"content":{"rendered":"<p data-end=\"4012\" data-start=\"3617\" style=\"caret-color: rgb(0, 0, 0); color: rgb(0, 0, 0);\"><strong data-end=\"3647\" data-start=\"3631\">TSG Pass 2.0<\/strong>&nbsp;on huippuluokan kokokasvosuojallinen kyp\u00e4r\u00e4, joka on suunniteltu tarjoamaan maksimaalista suojaa, mukavuutta ja hyv\u00e4\u00e4 n\u00e4kyvyytt\u00e4 vauhdissa. Se kehitettiin yhteisty\u00f6ss\u00e4 alam\u00e4kiluistelun maailmanmestarin kanssa ja yhdist\u00e4\u00e4 kompaktin aerodynaamisen kuoren sek\u00e4 korkeat turvallisuusstandardit, vastaten alam\u00e4kiajajien, s\u00e4hk\u00f6py\u00f6r\u00e4ilij\u00f6iden ja skeittaajien tarpeisiin.<\/p>\n<p data-end=\"4352\" data-start=\"4014\" style=\"caret-color: rgb(0, 0, 0); color: rgb(0, 0, 0);\">Kyp\u00e4r\u00e4 on valmistettu kest\u00e4v\u00e4ll\u00e4 lasikuitukuorella ja se on sertifioitu standardien&nbsp;<strong data-end=\"4109\" data-start=\"4098\">EN 1078<\/strong>&nbsp;(EU py\u00f6r\u00e4\/skeitti) ja&nbsp;<strong data-end=\"4146\" data-start=\"4132\">ASTM F1952<\/strong>&nbsp;(US downhill MTB) mukaisesti, mik\u00e4 takaa luotettavan iskusuojan. Innovatiivinen valmistusprosessi puristaa useita kerroksia yhteen, mik\u00e4 tekee rakenteesta vahvemman mutta samalla kevyemm\u00e4n ja siistimm\u00e4n.<\/p>\n<p data-end=\"4799\" data-start=\"4354\" style=\"caret-color: rgb(0, 0, 0); color: rgb(0, 0, 0);\">Ilmankiertoa varten kyp\u00e4r\u00e4ss\u00e4 on kanavat ja nen\u00e4aukot, ja mukana tuleva huurtumisen est\u00e4j\u00e4 ohjaa hengityksen alasp\u00e4in, est\u00e4en visiirin huurtumista. Mukana toimitetaan kaksi kaarevaa visiiri\u00e4 (tumma ja kirkas), joissa on naarmuuntumista ja huurtumista est\u00e4v\u00e4 pinnoite, mik\u00e4 takaa laajan n\u00e4k\u00f6kent\u00e4n. Mukavuuden ja hygienian takaavat pest\u00e4v\u00e4 sis\u00e4vuori ja irrotettavat poskipalat. Korva-aukot s\u00e4ilytt\u00e4v\u00e4t ymp\u00e4rist\u00f6n \u00e4\u00e4nien luonnollisen kuulumisen.<\/p>\n<p data-end=\"4823\" data-start=\"4801\" style=\"caret-color: rgb(0, 0, 0); color: rgb(0, 0, 0);\"><strong data-end=\"4821\" data-start=\"4801\">Tekniset tiedot:<\/strong><\/p>\n<ul data-end=\"5188\" data-start=\"4824\" style=\"caret-color: rgb(0, 0, 0); color: rgb(0, 0, 0);\">\n<li data-end=\"4851\" data-start=\"4824\">\n<p data-end=\"4851\" data-start=\"4826\">Rakenne: lasikuitukuori<\/p>\n<\/li>\n<li data-end=\"4920\" data-start=\"4852\">\n<p data-end=\"4920\" data-start=\"4854\">Sertifiointi: EN 1078 (py\u00f6r\u00e4\/skeitti), ASTM F1952 (downhill MTB)<\/p>\n<\/li>\n<li data-end=\"4961\" data-start=\"4921\">\n<p data-end=\"4961\" data-start=\"4923\">Ilmanvaihto: ilmakanavat + nen\u00e4aukot<\/p>\n<\/li>\n<li data-end=\"5036\" data-start=\"4962\">\n<p data-end=\"5036\" data-start=\"4964\">Visiirit: 2 vaihdettavaa (tumma &amp; kirkas, huurtumaton, naarmunkest\u00e4v\u00e4)<\/p>\n<\/li>\n<li data-end=\"5088\" data-start=\"5037\">\n<p data-end=\"5088\" data-start=\"5039\">Sis\u00e4osa: pest\u00e4v\u00e4 vuori, irrotettavat poskipalat<\/p>\n<\/li>\n<li data-end=\"5154\" data-start=\"5089\">\n<p data-end=\"5154\" data-start=\"5091\">Koot: S (54\u201356 cm), M (56\u201358 cm), L (58\u201360 cm), XL (60\u201361 cm)<\/p>\n<\/li>\n<li data-end=\"5188\" data-start=\"5155\">\n<p data-end=\"5188\" data-start=\"5157\">Paino: kevyt lasikuiturakenne<\/p>\n<\/li>\n<\/ul>\n<p data-end=\"5359\" data-start=\"5190\" style=\"caret-color: rgb(0, 0, 0); color: rgb(0, 0, 0);\"><strong data-end=\"5206\" data-start=\"5190\">TSG Pass 2.0<\/strong>&nbsp;asettaa uuden standardin kokokasvosuojallisille kyp\u00e4rille \u2014 yhdist\u00e4en turvallisuuden, vauhdin ja kirkkaan n\u00e4kyvyyden yhteen viimeisteltyyn muotoiluun.<\/p>\n","protected":false},"excerpt":{"rendered":"<p>TSG Pass 2.0&nbsp;on huippuluokan kokokasvosuojallinen kyp\u00e4r\u00e4, joka on suunniteltu tarjoamaan maksimaalista suojaa, mukavuutta ja hyv\u00e4\u00e4 n\u00e4kyvyytt\u00e4 vauhdissa. Se kehitettiin yhteisty\u00f6ss\u00e4<\/p>\n","protected":false},"featured_media":23494,"comment_status":"open","ping_status":"closed","template":"","meta":[],"product_brand":[],"product_cat":[715],"product_tag":[],"class_list":{"0":"post-20286","1":"product","2":"type-product","3":"status-publish","4":"has-post-thumbnail","6":"product_cat-kyparat","8":"first","9":"instock","10":"taxable","11":"shipping-taxable","12":"purchasable","13":"product-type-variable"},"yoast_head":"<!-- This site is optimized with the Yoast SEO Premium plugin v27.3 (Yoast SEO v27.3) - https:\/\/yoast.com\/product\/yoast-seo-premium-wordpress\/ -->\n<title>Kyp\u00e4r\u00e4 TSG Pass 2.0 | Voltride<\/title>\n<meta name=\"robots\" content=\"noindex, follow, max-snippet:-1, max-image-preview:large, max-video-preview:-1\" \/>\n<meta property=\"og:locale\" content=\"fi_FI\" \/>\n<meta property=\"og:type\" content=\"article\" \/>\n<meta property=\"og:title\" content=\"Kyp\u00e4r\u00e4 TSG Pass 2.0 | Voltride\" \/>\n<meta property=\"og:description\" content=\"TSG Pass 2.0&nbsp;on huippuluokan kokokasvosuojallinen kyp\u00e4r\u00e4, joka on suunniteltu tarjoamaan maksimaalista suojaa, mukavuutta ja hyv\u00e4\u00e4 n\u00e4kyvyytt\u00e4 vauhdissa. Se kehitettiin yhteisty\u00f6ss\u00e4\" \/>\n<meta property=\"og:url\" content=\"https:\/\/haidak.eu\/fi\/kypara-tsg-pass-2-0\/\" \/>\n<meta property=\"og:site_name\" content=\"Voltride\" \/>\n<meta property=\"article:publisher\" content=\"https:\/\/www.facebook.com\/voltridecom\/\" \/>\n<meta property=\"article:modified_time\" content=\"2026-03-31T21:24:07+00:00\" \/>\n<meta property=\"og:image\" content=\"https:\/\/haidak.eu\/wp-content\/uploads\/2026\/03\/6941-68ac5e2c33472959628124-tsg-pass-20-helmet-acid-yellow-front-angle-scaled-1-1.jpg\" \/>\n\t<meta property=\"og:image:width\" content=\"2560\" \/>\n\t<meta property=\"og:image:height\" content=\"2560\" \/>\n\t<meta property=\"og:image:type\" content=\"image\/jpeg\" \/>\n<meta name=\"twitter:card\" content=\"summary_large_image\" \/>\n<script type=\"application\/ld+json\" class=\"yoast-schema-graph\">{\"@context\":\"https:\\\/\\\/schema.org\",\"@graph\":[{\"@type\":\"WebPage\",\"@id\":\"https:\\\/\\\/haidak.eu\\\/fi\\\/kypara-tsg-pass-2-0\\\/\",\"url\":\"https:\\\/\\\/haidak.eu\\\/fi\\\/kypara-tsg-pass-2-0\\\/\",\"name\":\"Kyp\u00e4r\u00e4 TSG Pass 2.0 | Voltride\",\"isPartOf\":{\"@id\":\"https:\\\/\\\/haidak.eu\\\/fi\\\/#website\"},\"primaryImageOfPage\":{\"@id\":\"https:\\\/\\\/haidak.eu\\\/fi\\\/kypara-tsg-pass-2-0\\\/#primaryimage\"},\"image\":{\"@id\":\"https:\\\/\\\/haidak.eu\\\/fi\\\/kypara-tsg-pass-2-0\\\/#primaryimage\"},\"thumbnailUrl\":\"https:\\\/\\\/haidak.eu\\\/wp-content\\\/uploads\\\/2026\\\/03\\\/6941-68ac5e2c33472959628124-tsg-pass-20-helmet-acid-yellow-front-angle-scaled-1-1.jpg\",\"datePublished\":\"2026-03-26T00:08:55+00:00\",\"dateModified\":\"2026-03-31T21:24:07+00:00\",\"breadcrumb\":{\"@id\":\"https:\\\/\\\/haidak.eu\\\/fi\\\/kypara-tsg-pass-2-0\\\/#breadcrumb\"},\"inLanguage\":\"fi\",\"potentialAction\":[{\"@type\":\"ReadAction\",\"target\":[\"https:\\\/\\\/haidak.eu\\\/fi\\\/kypara-tsg-pass-2-0\\\/\"]}]},{\"@type\":\"ImageObject\",\"inLanguage\":\"fi\",\"@id\":\"https:\\\/\\\/haidak.eu\\\/fi\\\/kypara-tsg-pass-2-0\\\/#primaryimage\",\"url\":\"https:\\\/\\\/haidak.eu\\\/wp-content\\\/uploads\\\/2026\\\/03\\\/6941-68ac5e2c33472959628124-tsg-pass-20-helmet-acid-yellow-front-angle-scaled-1-1.jpg\",\"contentUrl\":\"https:\\\/\\\/haidak.eu\\\/wp-content\\\/uploads\\\/2026\\\/03\\\/6941-68ac5e2c33472959628124-tsg-pass-20-helmet-acid-yellow-front-angle-scaled-1-1.jpg\",\"width\":2560,\"height\":2560},{\"@type\":\"BreadcrumbList\",\"@id\":\"https:\\\/\\\/haidak.eu\\\/fi\\\/kypara-tsg-pass-2-0\\\/#breadcrumb\",\"itemListElement\":[{\"@type\":\"ListItem\",\"position\":1,\"name\":\"Etusivu\",\"item\":\"https:\\\/\\\/haidak.eu\\\/fi\\\/\"},{\"@type\":\"ListItem\",\"position\":2,\"name\":\"Kauppa\",\"item\":\"https:\\\/\\\/haidak.eu\\\/shop\\\/\"},{\"@type\":\"ListItem\",\"position\":3,\"name\":\"Lis\u00e4tarvikkeet\",\"item\":\"https:\\\/\\\/haidak.eu\\\/fi\\\/lisatarvikkeet\\\/\"},{\"@type\":\"ListItem\",\"position\":4,\"name\":\"Kyp\u00e4r\u00e4t\",\"item\":\"https:\\\/\\\/haidak.eu\\\/fi\\\/kyparat\\\/\"},{\"@type\":\"ListItem\",\"position\":5,\"name\":\"Kyp\u00e4r\u00e4 TSG Pass 2.0\"}]},{\"@type\":\"WebSite\",\"@id\":\"https:\\\/\\\/haidak.eu\\\/fi\\\/#website\",\"url\":\"https:\\\/\\\/haidak.eu\\\/fi\\\/\",\"name\":\"Voltride\",\"description\":\"Parim elektrirataste elektrit\u00f5ukside ja \u00fcksrataste pood ja remont\",\"publisher\":{\"@id\":\"https:\\\/\\\/haidak.eu\\\/fi\\\/#organization\"},\"alternateName\":\"Vr\",\"potentialAction\":[{\"@type\":\"SearchAction\",\"target\":{\"@type\":\"EntryPoint\",\"urlTemplate\":\"https:\\\/\\\/haidak.eu\\\/fi\\\/?s={search_term_string}\"},\"query-input\":{\"@type\":\"PropertyValueSpecification\",\"valueRequired\":true,\"valueName\":\"search_term_string\"}}],\"inLanguage\":\"fi\"},{\"@type\":[\"Organization\",\"Place\"],\"@id\":\"https:\\\/\\\/haidak.eu\\\/fi\\\/#organization\",\"name\":\"Voltride\",\"alternateName\":\"VR\",\"url\":\"https:\\\/\\\/haidak.eu\\\/fi\\\/\",\"logo\":{\"@id\":\"https:\\\/\\\/haidak.eu\\\/fi\\\/kypara-tsg-pass-2-0\\\/#local-main-organization-logo\"},\"image\":{\"@id\":\"https:\\\/\\\/haidak.eu\\\/fi\\\/kypara-tsg-pass-2-0\\\/#local-main-organization-logo\"},\"sameAs\":[\"https:\\\/\\\/www.facebook.com\\\/voltridecom\\\/\"],\"legalName\":\"Voltride O\u00dc\",\"numberOfEmployees\":{\"@type\":\"QuantitativeValue\",\"minValue\":\"1\",\"maxValue\":\"10\"},\"ownershipFundingInfo\":\"https:\\\/\\\/haidak.eu\\\/about-us\\\/\",\"hasMerchantReturnPolicy\":{\"@type\":\"MerchantReturnPolicy\",\"merchantReturnLink\":\"https:\\\/\\\/haidak.eu\\\/shipping-and-returns\\\/\"},\"address\":{\"@id\":\"https:\\\/\\\/haidak.eu\\\/fi\\\/kypara-tsg-pass-2-0\\\/#local-main-place-address\"},\"geo\":{\"@type\":\"GeoCoordinates\",\"latitude\":\"59.439554\",\"longitude\":\"24.726644\"},\"telephone\":[\"+372 600 40 99\"],\"contactPoint\":{\"@type\":\"ContactPoint\",\"telephone\":\"+372 600 40 99\",\"email\":\"info@voltride.com\"},\"openingHoursSpecification\":[{\"@type\":\"OpeningHoursSpecification\",\"dayOfWeek\":[\"Monday\",\"Tuesday\",\"Wednesday\",\"Thursday\",\"Friday\"],\"opens\":\"10:00\",\"closes\":\"18:00\"},{\"@type\":\"OpeningHoursSpecification\",\"dayOfWeek\":[\"Saturday\",\"Sunday\"],\"opens\":\"00:00\",\"closes\":\"00:00\"}],\"email\":\"info@voltride.com\",\"taxID\":\"14871968\"},{\"@type\":\"PostalAddress\",\"@id\":\"https:\\\/\\\/haidak.eu\\\/fi\\\/kypara-tsg-pass-2-0\\\/#local-main-place-address\",\"streetAddress\":\"Voltride Telliskivi 57D\",\"addressLocality\":\"Tallinn\",\"postalCode\":\"10412\",\"addressRegion\":\"Tallinn\",\"addressCountry\":\"EE\"},{\"@type\":\"ImageObject\",\"inLanguage\":\"fi\",\"@id\":\"https:\\\/\\\/haidak.eu\\\/fi\\\/kypara-tsg-pass-2-0\\\/#local-main-organization-logo\",\"url\":\"https:\\\/\\\/haidak.eu\\\/wp-content\\\/uploads\\\/voltride-logo.png\",\"contentUrl\":\"https:\\\/\\\/haidak.eu\\\/wp-content\\\/uploads\\\/voltride-logo.png\",\"width\":2481,\"height\":620,\"caption\":\"Voltride\"}]}<\/script>\n<meta property=\"og:availability\" content=\"instock\" \/>\n<meta property=\"product:availability\" content=\"instock\" \/>\n<meta property=\"product:retailer_item_id\" content=\"TGHL001\" \/>\n<meta property=\"product:condition\" content=\"new\" \/>\n<meta name=\"geo.placename\" content=\"Tallinn\" \/>\n<meta name=\"geo.position\" content=\"59.439554;24.726644\" \/>\n<meta name=\"geo.region\" content=\"Viro\" \/>\n<!-- \/ Yoast SEO Premium plugin. -->","yoast_head_json":{"title":"Kyp\u00e4r\u00e4 TSG Pass 2.0 | Voltride","robots":{"index":"noindex","follow":"follow","max-snippet":"max-snippet:-1","max-image-preview":"max-image-preview:large","max-video-preview":"max-video-preview:-1"},"og_locale":"fi_FI","og_type":"article","og_title":"Kyp\u00e4r\u00e4 TSG Pass 2.0 | Voltride","og_description":"TSG Pass 2.0&nbsp;on huippuluokan kokokasvosuojallinen kyp\u00e4r\u00e4, joka on suunniteltu tarjoamaan maksimaalista suojaa, mukavuutta ja hyv\u00e4\u00e4 n\u00e4kyvyytt\u00e4 vauhdissa. Se kehitettiin yhteisty\u00f6ss\u00e4","og_url":"https:\/\/haidak.eu\/fi\/kypara-tsg-pass-2-0\/","og_site_name":"Voltride","article_publisher":"https:\/\/www.facebook.com\/voltridecom\/","article_modified_time":"2026-03-31T21:24:07+00:00","og_image":[{"width":2560,"height":2560,"url":"https:\/\/haidak.eu\/wp-content\/uploads\/2026\/03\/6941-68ac5e2c33472959628124-tsg-pass-20-helmet-acid-yellow-front-angle-scaled-1-1.jpg","type":"image\/jpeg"}],"twitter_card":"summary_large_image","schema":{"@context":"https:\/\/schema.org","@graph":[{"@type":"WebPage","@id":"https:\/\/haidak.eu\/fi\/kypara-tsg-pass-2-0\/","url":"https:\/\/haidak.eu\/fi\/kypara-tsg-pass-2-0\/","name":"Kyp\u00e4r\u00e4 TSG Pass 2.0 | Voltride","isPartOf":{"@id":"https:\/\/haidak.eu\/fi\/#website"},"primaryImageOfPage":{"@id":"https:\/\/haidak.eu\/fi\/kypara-tsg-pass-2-0\/#primaryimage"},"image":{"@id":"https:\/\/haidak.eu\/fi\/kypara-tsg-pass-2-0\/#primaryimage"},"thumbnailUrl":"https:\/\/haidak.eu\/wp-content\/uploads\/2026\/03\/6941-68ac5e2c33472959628124-tsg-pass-20-helmet-acid-yellow-front-angle-scaled-1-1.jpg","datePublished":"2026-03-26T00:08:55+00:00","dateModified":"2026-03-31T21:24:07+00:00","breadcrumb":{"@id":"https:\/\/haidak.eu\/fi\/kypara-tsg-pass-2-0\/#breadcrumb"},"inLanguage":"fi","potentialAction":[{"@type":"ReadAction","target":["https:\/\/haidak.eu\/fi\/kypara-tsg-pass-2-0\/"]}]},{"@type":"ImageObject","inLanguage":"fi","@id":"https:\/\/haidak.eu\/fi\/kypara-tsg-pass-2-0\/#primaryimage","url":"https:\/\/haidak.eu\/wp-content\/uploads\/2026\/03\/6941-68ac5e2c33472959628124-tsg-pass-20-helmet-acid-yellow-front-angle-scaled-1-1.jpg","contentUrl":"https:\/\/haidak.eu\/wp-content\/uploads\/2026\/03\/6941-68ac5e2c33472959628124-tsg-pass-20-helmet-acid-yellow-front-angle-scaled-1-1.jpg","width":2560,"height":2560},{"@type":"BreadcrumbList","@id":"https:\/\/haidak.eu\/fi\/kypara-tsg-pass-2-0\/#breadcrumb","itemListElement":[{"@type":"ListItem","position":1,"name":"Etusivu","item":"https:\/\/haidak.eu\/fi\/"},{"@type":"ListItem","position":2,"name":"Kauppa","item":"https:\/\/haidak.eu\/shop\/"},{"@type":"ListItem","position":3,"name":"Lis\u00e4tarvikkeet","item":"https:\/\/haidak.eu\/fi\/lisatarvikkeet\/"},{"@type":"ListItem","position":4,"name":"Kyp\u00e4r\u00e4t","item":"https:\/\/haidak.eu\/fi\/kyparat\/"},{"@type":"ListItem","position":5,"name":"Kyp\u00e4r\u00e4 TSG Pass 2.0"}]},{"@type":"WebSite","@id":"https:\/\/haidak.eu\/fi\/#website","url":"https:\/\/haidak.eu\/fi\/","name":"Voltride","description":"Parim elektrirataste elektrit\u00f5ukside ja \u00fcksrataste pood ja remont","publisher":{"@id":"https:\/\/haidak.eu\/fi\/#organization"},"alternateName":"Vr","potentialAction":[{"@type":"SearchAction","target":{"@type":"EntryPoint","urlTemplate":"https:\/\/haidak.eu\/fi\/?s={search_term_string}"},"query-input":{"@type":"PropertyValueSpecification","valueRequired":true,"valueName":"search_term_string"}}],"inLanguage":"fi"},{"@type":["Organization","Place"],"@id":"https:\/\/haidak.eu\/fi\/#organization","name":"Voltride","alternateName":"VR","url":"https:\/\/haidak.eu\/fi\/","logo":{"@id":"https:\/\/haidak.eu\/fi\/kypara-tsg-pass-2-0\/#local-main-organization-logo"},"image":{"@id":"https:\/\/haidak.eu\/fi\/kypara-tsg-pass-2-0\/#local-main-organization-logo"},"sameAs":["https:\/\/www.facebook.com\/voltridecom\/"],"legalName":"Voltride O\u00dc","numberOfEmployees":{"@type":"QuantitativeValue","minValue":"1","maxValue":"10"},"ownershipFundingInfo":"https:\/\/haidak.eu\/about-us\/","hasMerchantReturnPolicy":{"@type":"MerchantReturnPolicy","merchantReturnLink":"https:\/\/haidak.eu\/shipping-and-returns\/"},"address":{"@id":"https:\/\/haidak.eu\/fi\/kypara-tsg-pass-2-0\/#local-main-place-address"},"geo":{"@type":"GeoCoordinates","latitude":"59.439554","longitude":"24.726644"},"telephone":["+372 600 40 99"],"contactPoint":{"@type":"ContactPoint","telephone":"+372 600 40 99","email":"info@voltride.com"},"openingHoursSpecification":[{"@type":"OpeningHoursSpecification","dayOfWeek":["Monday","Tuesday","Wednesday","Thursday","Friday"],"opens":"10:00","closes":"18:00"},{"@type":"OpeningHoursSpecification","dayOfWeek":["Saturday","Sunday"],"opens":"00:00","closes":"00:00"}],"email":"info@voltride.com","taxID":"14871968"},{"@type":"PostalAddress","@id":"https:\/\/haidak.eu\/fi\/kypara-tsg-pass-2-0\/#local-main-place-address","streetAddress":"Voltride Telliskivi 57D","addressLocality":"Tallinn","postalCode":"10412","addressRegion":"Tallinn","addressCountry":"EE"},{"@type":"ImageObject","inLanguage":"fi","@id":"https:\/\/haidak.eu\/fi\/kypara-tsg-pass-2-0\/#local-main-organization-logo","url":"https:\/\/haidak.eu\/wp-content\/uploads\/voltride-logo.png","contentUrl":"https:\/\/haidak.eu\/wp-content\/uploads\/voltride-logo.png","width":2481,"height":620,"caption":"Voltride"}]},"og_availability":"instock","product_availability":"instock","product_retailer_item_id":"TGHL001","product_condition":"new","geo.placename":"Tallinn","geo.position":{"lat":"59.439554","long":"24.726644"},"geo.region":"Viro"},"_links":{"self":[{"href":"https:\/\/haidak.eu\/fi\/wp-json\/wp\/v2\/product\/20286","targetHints":{"allow":["GET"]}}],"collection":[{"href":"https:\/\/haidak.eu\/fi\/wp-json\/wp\/v2\/product"}],"about":[{"href":"https:\/\/haidak.eu\/fi\/wp-json\/wp\/v2\/types\/product"}],"replies":[{"embeddable":true,"href":"https:\/\/haidak.eu\/fi\/wp-json\/wp\/v2\/comments?post=20286"}],"wp:featuredmedia":[{"embeddable":true,"href":"https:\/\/haidak.eu\/fi\/wp-json\/wp\/v2\/media\/23494"}],"wp:attachment":[{"href":"https:\/\/haidak.eu\/fi\/wp-json\/wp\/v2\/media?parent=20286"}],"wp:term":[{"taxonomy":"product_brand","embeddable":true,"href":"https:\/\/haidak.eu\/fi\/wp-json\/wp\/v2\/product_brand?post=20286"},{"taxonomy":"product_cat","embeddable":true,"href":"https:\/\/haidak.eu\/fi\/wp-json\/wp\/v2\/product_cat?post=20286"},{"taxonomy":"product_tag","embeddable":true,"href":"https:\/\/haidak.eu\/fi\/wp-json\/wp\/v2\/product_tag?post=20286"}],"curies":[{"name":"wp","href":"https:\/\/api.w.org\/{rel}","templated":true}]}}