{"id":20306,"date":"2026-03-26T02:09:44","date_gmt":"2026-03-26T00:09:44","guid":{"rendered":"https:\/\/haidak.eu\/kypara-tsg-pass-pro\/"},"modified":"2026-03-31T23:24:12","modified_gmt":"2026-03-31T21:24:12","slug":"kypara-tsg-pass-pro","status":"publish","type":"product","link":"https:\/\/haidak.eu\/fi\/kypara-tsg-pass-pro\/","title":{"rendered":"Kyp\u00e4r\u00e4 TSG Pass Pro"},"content":{"rendered":"<p data-end=\"2492\" data-start=\"2353\" style=\"caret-color: rgb(0, 0, 0); color: rgb(0, 0, 0);\"><strong data-end=\"2383\" data-start=\"2367\">TSG Pass Pro<\/strong>&nbsp;on kehitetty yhteisty\u00f6ss\u00e4 alam\u00e4kiluistelun maailmanmestarin kanssa \u2013 t\u00e4m\u00e4 kyp\u00e4r\u00e4 on suorituskyvyn huippua.<\/p>\n<p data-end=\"3110\" data-start=\"2494\" style=\"caret-color: rgb(0, 0, 0); color: rgb(0, 0, 0);\">Kompakti kuori ja aerodynaaminen muotoilu mahdollistavat rajoittamattoman vauhdin, ja CE-sertifioitu rakenne antaa varmuutta ajamiseen. Edistyksellinen valmistusprosessi poistaa ilmakuplat ja puristaa kuoren kerrokset yhteen, jolloin lopputulos on vahvempi mutta kevyempi rakenne ja viimeistelty pinta. Pallomaisesti kaareva visiiri naarmuuntumattomalla ja huurtumattomalla pinnoitteella takaa optimaalisen n\u00e4k\u00f6kent\u00e4n. Nen\u00e4aukot yhdess\u00e4 innovatiivisen hengityksen ohjaimen kanssa johtavat ilman alas ja ulos, est\u00e4en visiirin huurtumista. Irrotettavat poskipalat voidaan s\u00e4\u00e4t\u00e4\u00e4 t\u00e4ydellisesti p\u00e4\u00e4n muotoon sopiviksi.<\/p>\n<p data-end=\"3126\" data-start=\"3112\" style=\"caret-color: rgb(0, 0, 0); color: rgb(0, 0, 0);\"><strong data-end=\"3124\" data-start=\"3112\">Suojaus:<\/strong><\/p>\n<ul data-end=\"3249\" data-start=\"3127\" style=\"caret-color: rgb(0, 0, 0); color: rgb(0, 0, 0);\">\n<li data-end=\"3145\" data-start=\"3127\">\n<p data-end=\"3145\" data-start=\"3129\">Lasikuitukuori<\/p>\n<\/li>\n<li data-end=\"3196\" data-start=\"3146\">\n<p data-end=\"3196\" data-start=\"3148\">EU:n py\u00f6r\u00e4- ja skeittikyp\u00e4r\u00e4standardi: EN 1078<\/p>\n<\/li>\n<li data-end=\"3249\" data-start=\"3197\">\n<p data-end=\"3249\" data-start=\"3199\">Yhdysvaltain downhill MTB -standardi: ASTM F1952<\/p>\n<\/li>\n<\/ul>\n<p data-end=\"3266\" data-start=\"3251\" style=\"caret-color: rgb(0, 0, 0); color: rgb(0, 0, 0);\"><strong data-end=\"3264\" data-start=\"3251\">Mukavuus:<\/strong><\/p>\n<ul data-end=\"3481\" data-start=\"3267\" style=\"caret-color: rgb(0, 0, 0); color: rgb(0, 0, 0);\">\n<li data-end=\"3295\" data-start=\"3267\">\n<p data-end=\"3295\" data-start=\"3269\">Ilmakanavat ja nen\u00e4aukot<\/p>\n<\/li>\n<li data-end=\"3346\" data-start=\"3296\">\n<p data-end=\"3346\" data-start=\"3298\">Irrotettava huurtumisen est\u00e4j\u00e4 kahdessa koossa<\/p>\n<\/li>\n<li data-end=\"3413\" data-start=\"3347\">\n<p data-end=\"3413\" data-start=\"3349\">Korva-aukot paremman ymp\u00e4rist\u00f6n \u00e4\u00e4nien kuulemisen takaamiseksi<\/p>\n<\/li>\n<li data-end=\"3435\" data-start=\"3414\">\n<p data-end=\"3435\" data-start=\"3416\">Pest\u00e4v\u00e4 sis\u00e4vuori<\/p>\n<\/li>\n<li data-end=\"3481\" data-start=\"3436\">\n<p data-end=\"3481\" data-start=\"3438\">2 vaihdettavaa visiiri\u00e4 \u2013 tumma ja kirkas<\/p>\n<p> &nbsp;<\/p>\n<table style=\"caret-color: rgb(0, 0, 0); color: rgb(0, 0, 0);\" xml-set=\"629\">\n<tbody>\n<tr>\n<td><span style=\"caret-color: rgb(0, 0, 0); color: rgb(0, 0, 0); font-size: medium;\">Kokokasvosuojallinen kyp\u00e4r\u00e4<\/span><\/td>\n<td>S<\/td>\n<td>M<\/td>\n<td>L<\/td>\n<td>XL<\/td>\n<\/tr>\n<tr>\n<td colspan=\"6\">&nbsp;<\/td>\n<\/tr>\n<tr>\n<td><span style=\"caret-color: rgb(0, 0, 0); color: rgb(0, 0, 0); font-size: medium;\">P\u00e4\u00e4nymp\u00e4rys<\/span><\/td>\n<td>54-56 CM<\/td>\n<td>56-58 CM<\/td>\n<td>58-60 CM<\/td>\n<td>60-61 CM<\/td>\n<\/tr>\n<\/tbody>\n<\/table>\n<\/li>\n<\/ul>\n","protected":false},"excerpt":{"rendered":"<p>TSG Pass Pro&nbsp;on kehitetty yhteisty\u00f6ss\u00e4 alam\u00e4kiluistelun maailmanmestarin kanssa \u2013 t\u00e4m\u00e4 kyp\u00e4r\u00e4 on suorituskyvyn huippua. Kompakti kuori ja aerodynaaminen muotoilu mahdollistavat<\/p>\n","protected":false},"featured_media":23492,"comment_status":"open","ping_status":"closed","template":"","meta":[],"product_brand":[],"product_cat":[715],"product_tag":[],"class_list":{"0":"post-20306","1":"product","2":"type-product","3":"status-publish","4":"has-post-thumbnail","6":"product_cat-kyparat","8":"first","9":"instock","10":"sale","11":"taxable","12":"shipping-taxable","13":"purchasable","14":"product-type-variable"},"yoast_head":"<!-- This site is optimized with the Yoast SEO Premium plugin v27.3 (Yoast SEO v27.3) - https:\/\/yoast.com\/product\/yoast-seo-premium-wordpress\/ -->\n<title>Kyp\u00e4r\u00e4 TSG Pass Pro | Voltride<\/title>\n<meta name=\"robots\" content=\"noindex, follow, max-snippet:-1, max-image-preview:large, max-video-preview:-1\" \/>\n<meta property=\"og:locale\" content=\"fi_FI\" \/>\n<meta property=\"og:type\" content=\"article\" \/>\n<meta property=\"og:title\" content=\"Kyp\u00e4r\u00e4 TSG Pass Pro | Voltride\" \/>\n<meta property=\"og:description\" content=\"TSG Pass Pro&nbsp;on kehitetty yhteisty\u00f6ss\u00e4 alam\u00e4kiluistelun maailmanmestarin kanssa \u2013 t\u00e4m\u00e4 kyp\u00e4r\u00e4 on suorituskyvyn huippua. Kompakti kuori ja aerodynaaminen muotoilu mahdollistavat\" \/>\n<meta property=\"og:url\" content=\"https:\/\/haidak.eu\/fi\/kypara-tsg-pass-pro\/\" \/>\n<meta property=\"og:site_name\" content=\"Voltride\" \/>\n<meta property=\"article:publisher\" content=\"https:\/\/www.facebook.com\/voltridecom\/\" \/>\n<meta property=\"article:modified_time\" content=\"2026-03-31T21:24:12+00:00\" \/>\n<meta property=\"og:image\" content=\"https:\/\/haidak.eu\/wp-content\/uploads\/2026\/03\/6640-68ac65a013e0b200544763-helmet-tsg-pass-pro-matt-black-1.jpg\" \/>\n\t<meta property=\"og:image:width\" content=\"800\" \/>\n\t<meta property=\"og:image:height\" content=\"800\" \/>\n\t<meta property=\"og:image:type\" content=\"image\/jpeg\" \/>\n<meta name=\"twitter:card\" content=\"summary_large_image\" \/>\n<script type=\"application\/ld+json\" class=\"yoast-schema-graph\">{\"@context\":\"https:\\\/\\\/schema.org\",\"@graph\":[{\"@type\":\"WebPage\",\"@id\":\"https:\\\/\\\/haidak.eu\\\/fi\\\/kypara-tsg-pass-pro\\\/\",\"url\":\"https:\\\/\\\/haidak.eu\\\/fi\\\/kypara-tsg-pass-pro\\\/\",\"name\":\"Kyp\u00e4r\u00e4 TSG Pass Pro | Voltride\",\"isPartOf\":{\"@id\":\"https:\\\/\\\/haidak.eu\\\/fi\\\/#website\"},\"primaryImageOfPage\":{\"@id\":\"https:\\\/\\\/haidak.eu\\\/fi\\\/kypara-tsg-pass-pro\\\/#primaryimage\"},\"image\":{\"@id\":\"https:\\\/\\\/haidak.eu\\\/fi\\\/kypara-tsg-pass-pro\\\/#primaryimage\"},\"thumbnailUrl\":\"https:\\\/\\\/haidak.eu\\\/wp-content\\\/uploads\\\/2026\\\/03\\\/6640-68ac65a013e0b200544763-helmet-tsg-pass-pro-matt-black-1.jpg\",\"datePublished\":\"2026-03-26T00:09:44+00:00\",\"dateModified\":\"2026-03-31T21:24:12+00:00\",\"breadcrumb\":{\"@id\":\"https:\\\/\\\/haidak.eu\\\/fi\\\/kypara-tsg-pass-pro\\\/#breadcrumb\"},\"inLanguage\":\"fi\",\"potentialAction\":[{\"@type\":\"ReadAction\",\"target\":[\"https:\\\/\\\/haidak.eu\\\/fi\\\/kypara-tsg-pass-pro\\\/\"]}]},{\"@type\":\"ImageObject\",\"inLanguage\":\"fi\",\"@id\":\"https:\\\/\\\/haidak.eu\\\/fi\\\/kypara-tsg-pass-pro\\\/#primaryimage\",\"url\":\"https:\\\/\\\/haidak.eu\\\/wp-content\\\/uploads\\\/2026\\\/03\\\/6640-68ac65a013e0b200544763-helmet-tsg-pass-pro-matt-black-1.jpg\",\"contentUrl\":\"https:\\\/\\\/haidak.eu\\\/wp-content\\\/uploads\\\/2026\\\/03\\\/6640-68ac65a013e0b200544763-helmet-tsg-pass-pro-matt-black-1.jpg\",\"width\":800,\"height\":800},{\"@type\":\"BreadcrumbList\",\"@id\":\"https:\\\/\\\/haidak.eu\\\/fi\\\/kypara-tsg-pass-pro\\\/#breadcrumb\",\"itemListElement\":[{\"@type\":\"ListItem\",\"position\":1,\"name\":\"Etusivu\",\"item\":\"https:\\\/\\\/haidak.eu\\\/fi\\\/\"},{\"@type\":\"ListItem\",\"position\":2,\"name\":\"Kauppa\",\"item\":\"https:\\\/\\\/haidak.eu\\\/shop\\\/\"},{\"@type\":\"ListItem\",\"position\":3,\"name\":\"Lis\u00e4tarvikkeet\",\"item\":\"https:\\\/\\\/haidak.eu\\\/fi\\\/lisatarvikkeet\\\/\"},{\"@type\":\"ListItem\",\"position\":4,\"name\":\"Kyp\u00e4r\u00e4t\",\"item\":\"https:\\\/\\\/haidak.eu\\\/fi\\\/kyparat\\\/\"},{\"@type\":\"ListItem\",\"position\":5,\"name\":\"Kyp\u00e4r\u00e4 TSG Pass Pro\"}]},{\"@type\":\"WebSite\",\"@id\":\"https:\\\/\\\/haidak.eu\\\/fi\\\/#website\",\"url\":\"https:\\\/\\\/haidak.eu\\\/fi\\\/\",\"name\":\"Voltride\",\"description\":\"Parim elektrirataste elektrit\u00f5ukside ja \u00fcksrataste pood ja remont\",\"publisher\":{\"@id\":\"https:\\\/\\\/haidak.eu\\\/fi\\\/#organization\"},\"alternateName\":\"Vr\",\"potentialAction\":[{\"@type\":\"SearchAction\",\"target\":{\"@type\":\"EntryPoint\",\"urlTemplate\":\"https:\\\/\\\/haidak.eu\\\/fi\\\/?s={search_term_string}\"},\"query-input\":{\"@type\":\"PropertyValueSpecification\",\"valueRequired\":true,\"valueName\":\"search_term_string\"}}],\"inLanguage\":\"fi\"},{\"@type\":[\"Organization\",\"Place\"],\"@id\":\"https:\\\/\\\/haidak.eu\\\/fi\\\/#organization\",\"name\":\"Voltride\",\"alternateName\":\"VR\",\"url\":\"https:\\\/\\\/haidak.eu\\\/fi\\\/\",\"logo\":{\"@id\":\"https:\\\/\\\/haidak.eu\\\/fi\\\/kypara-tsg-pass-pro\\\/#local-main-organization-logo\"},\"image\":{\"@id\":\"https:\\\/\\\/haidak.eu\\\/fi\\\/kypara-tsg-pass-pro\\\/#local-main-organization-logo\"},\"sameAs\":[\"https:\\\/\\\/www.facebook.com\\\/voltridecom\\\/\"],\"legalName\":\"Voltride O\u00dc\",\"numberOfEmployees\":{\"@type\":\"QuantitativeValue\",\"minValue\":\"1\",\"maxValue\":\"10\"},\"ownershipFundingInfo\":\"https:\\\/\\\/haidak.eu\\\/about-us\\\/\",\"hasMerchantReturnPolicy\":{\"@type\":\"MerchantReturnPolicy\",\"merchantReturnLink\":\"https:\\\/\\\/haidak.eu\\\/shipping-and-returns\\\/\"},\"address\":{\"@id\":\"https:\\\/\\\/haidak.eu\\\/fi\\\/kypara-tsg-pass-pro\\\/#local-main-place-address\"},\"geo\":{\"@type\":\"GeoCoordinates\",\"latitude\":\"59.439554\",\"longitude\":\"24.726644\"},\"telephone\":[\"+372 600 40 99\"],\"contactPoint\":{\"@type\":\"ContactPoint\",\"telephone\":\"+372 600 40 99\",\"email\":\"info@voltride.com\"},\"openingHoursSpecification\":[{\"@type\":\"OpeningHoursSpecification\",\"dayOfWeek\":[\"Monday\",\"Tuesday\",\"Wednesday\",\"Thursday\",\"Friday\"],\"opens\":\"10:00\",\"closes\":\"18:00\"},{\"@type\":\"OpeningHoursSpecification\",\"dayOfWeek\":[\"Saturday\",\"Sunday\"],\"opens\":\"00:00\",\"closes\":\"00:00\"}],\"email\":\"info@voltride.com\",\"taxID\":\"14871968\"},{\"@type\":\"PostalAddress\",\"@id\":\"https:\\\/\\\/haidak.eu\\\/fi\\\/kypara-tsg-pass-pro\\\/#local-main-place-address\",\"streetAddress\":\"Voltride Telliskivi 57D\",\"addressLocality\":\"Tallinn\",\"postalCode\":\"10412\",\"addressRegion\":\"Tallinn\",\"addressCountry\":\"EE\"},{\"@type\":\"ImageObject\",\"inLanguage\":\"fi\",\"@id\":\"https:\\\/\\\/haidak.eu\\\/fi\\\/kypara-tsg-pass-pro\\\/#local-main-organization-logo\",\"url\":\"https:\\\/\\\/haidak.eu\\\/wp-content\\\/uploads\\\/voltride-logo.png\",\"contentUrl\":\"https:\\\/\\\/haidak.eu\\\/wp-content\\\/uploads\\\/voltride-logo.png\",\"width\":2481,\"height\":620,\"caption\":\"Voltride\"}]}<\/script>\n<meta property=\"og:availability\" content=\"instock\" \/>\n<meta property=\"product:availability\" content=\"instock\" \/>\n<meta property=\"product:retailer_item_id\" content=\"TGHL002\" \/>\n<meta property=\"product:condition\" content=\"new\" \/>\n<meta name=\"geo.placename\" content=\"Tallinn\" \/>\n<meta name=\"geo.position\" content=\"59.439554;24.726644\" \/>\n<meta name=\"geo.region\" content=\"Viro\" \/>\n<!-- \/ Yoast SEO Premium plugin. -->","yoast_head_json":{"title":"Kyp\u00e4r\u00e4 TSG Pass Pro | Voltride","robots":{"index":"noindex","follow":"follow","max-snippet":"max-snippet:-1","max-image-preview":"max-image-preview:large","max-video-preview":"max-video-preview:-1"},"og_locale":"fi_FI","og_type":"article","og_title":"Kyp\u00e4r\u00e4 TSG Pass Pro | Voltride","og_description":"TSG Pass Pro&nbsp;on kehitetty yhteisty\u00f6ss\u00e4 alam\u00e4kiluistelun maailmanmestarin kanssa \u2013 t\u00e4m\u00e4 kyp\u00e4r\u00e4 on suorituskyvyn huippua. Kompakti kuori ja aerodynaaminen muotoilu mahdollistavat","og_url":"https:\/\/haidak.eu\/fi\/kypara-tsg-pass-pro\/","og_site_name":"Voltride","article_publisher":"https:\/\/www.facebook.com\/voltridecom\/","article_modified_time":"2026-03-31T21:24:12+00:00","og_image":[{"width":800,"height":800,"url":"https:\/\/haidak.eu\/wp-content\/uploads\/2026\/03\/6640-68ac65a013e0b200544763-helmet-tsg-pass-pro-matt-black-1.jpg","type":"image\/jpeg"}],"twitter_card":"summary_large_image","schema":{"@context":"https:\/\/schema.org","@graph":[{"@type":"WebPage","@id":"https:\/\/haidak.eu\/fi\/kypara-tsg-pass-pro\/","url":"https:\/\/haidak.eu\/fi\/kypara-tsg-pass-pro\/","name":"Kyp\u00e4r\u00e4 TSG Pass Pro | Voltride","isPartOf":{"@id":"https:\/\/haidak.eu\/fi\/#website"},"primaryImageOfPage":{"@id":"https:\/\/haidak.eu\/fi\/kypara-tsg-pass-pro\/#primaryimage"},"image":{"@id":"https:\/\/haidak.eu\/fi\/kypara-tsg-pass-pro\/#primaryimage"},"thumbnailUrl":"https:\/\/haidak.eu\/wp-content\/uploads\/2026\/03\/6640-68ac65a013e0b200544763-helmet-tsg-pass-pro-matt-black-1.jpg","datePublished":"2026-03-26T00:09:44+00:00","dateModified":"2026-03-31T21:24:12+00:00","breadcrumb":{"@id":"https:\/\/haidak.eu\/fi\/kypara-tsg-pass-pro\/#breadcrumb"},"inLanguage":"fi","potentialAction":[{"@type":"ReadAction","target":["https:\/\/haidak.eu\/fi\/kypara-tsg-pass-pro\/"]}]},{"@type":"ImageObject","inLanguage":"fi","@id":"https:\/\/haidak.eu\/fi\/kypara-tsg-pass-pro\/#primaryimage","url":"https:\/\/haidak.eu\/wp-content\/uploads\/2026\/03\/6640-68ac65a013e0b200544763-helmet-tsg-pass-pro-matt-black-1.jpg","contentUrl":"https:\/\/haidak.eu\/wp-content\/uploads\/2026\/03\/6640-68ac65a013e0b200544763-helmet-tsg-pass-pro-matt-black-1.jpg","width":800,"height":800},{"@type":"BreadcrumbList","@id":"https:\/\/haidak.eu\/fi\/kypara-tsg-pass-pro\/#breadcrumb","itemListElement":[{"@type":"ListItem","position":1,"name":"Etusivu","item":"https:\/\/haidak.eu\/fi\/"},{"@type":"ListItem","position":2,"name":"Kauppa","item":"https:\/\/haidak.eu\/shop\/"},{"@type":"ListItem","position":3,"name":"Lis\u00e4tarvikkeet","item":"https:\/\/haidak.eu\/fi\/lisatarvikkeet\/"},{"@type":"ListItem","position":4,"name":"Kyp\u00e4r\u00e4t","item":"https:\/\/haidak.eu\/fi\/kyparat\/"},{"@type":"ListItem","position":5,"name":"Kyp\u00e4r\u00e4 TSG Pass Pro"}]},{"@type":"WebSite","@id":"https:\/\/haidak.eu\/fi\/#website","url":"https:\/\/haidak.eu\/fi\/","name":"Voltride","description":"Parim elektrirataste elektrit\u00f5ukside ja \u00fcksrataste pood ja remont","publisher":{"@id":"https:\/\/haidak.eu\/fi\/#organization"},"alternateName":"Vr","potentialAction":[{"@type":"SearchAction","target":{"@type":"EntryPoint","urlTemplate":"https:\/\/haidak.eu\/fi\/?s={search_term_string}"},"query-input":{"@type":"PropertyValueSpecification","valueRequired":true,"valueName":"search_term_string"}}],"inLanguage":"fi"},{"@type":["Organization","Place"],"@id":"https:\/\/haidak.eu\/fi\/#organization","name":"Voltride","alternateName":"VR","url":"https:\/\/haidak.eu\/fi\/","logo":{"@id":"https:\/\/haidak.eu\/fi\/kypara-tsg-pass-pro\/#local-main-organization-logo"},"image":{"@id":"https:\/\/haidak.eu\/fi\/kypara-tsg-pass-pro\/#local-main-organization-logo"},"sameAs":["https:\/\/www.facebook.com\/voltridecom\/"],"legalName":"Voltride O\u00dc","numberOfEmployees":{"@type":"QuantitativeValue","minValue":"1","maxValue":"10"},"ownershipFundingInfo":"https:\/\/haidak.eu\/about-us\/","hasMerchantReturnPolicy":{"@type":"MerchantReturnPolicy","merchantReturnLink":"https:\/\/haidak.eu\/shipping-and-returns\/"},"address":{"@id":"https:\/\/haidak.eu\/fi\/kypara-tsg-pass-pro\/#local-main-place-address"},"geo":{"@type":"GeoCoordinates","latitude":"59.439554","longitude":"24.726644"},"telephone":["+372 600 40 99"],"contactPoint":{"@type":"ContactPoint","telephone":"+372 600 40 99","email":"info@voltride.com"},"openingHoursSpecification":[{"@type":"OpeningHoursSpecification","dayOfWeek":["Monday","Tuesday","Wednesday","Thursday","Friday"],"opens":"10:00","closes":"18:00"},{"@type":"OpeningHoursSpecification","dayOfWeek":["Saturday","Sunday"],"opens":"00:00","closes":"00:00"}],"email":"info@voltride.com","taxID":"14871968"},{"@type":"PostalAddress","@id":"https:\/\/haidak.eu\/fi\/kypara-tsg-pass-pro\/#local-main-place-address","streetAddress":"Voltride Telliskivi 57D","addressLocality":"Tallinn","postalCode":"10412","addressRegion":"Tallinn","addressCountry":"EE"},{"@type":"ImageObject","inLanguage":"fi","@id":"https:\/\/haidak.eu\/fi\/kypara-tsg-pass-pro\/#local-main-organization-logo","url":"https:\/\/haidak.eu\/wp-content\/uploads\/voltride-logo.png","contentUrl":"https:\/\/haidak.eu\/wp-content\/uploads\/voltride-logo.png","width":2481,"height":620,"caption":"Voltride"}]},"og_availability":"instock","product_availability":"instock","product_retailer_item_id":"TGHL002","product_condition":"new","geo.placename":"Tallinn","geo.position":{"lat":"59.439554","long":"24.726644"},"geo.region":"Viro"},"_links":{"self":[{"href":"https:\/\/haidak.eu\/fi\/wp-json\/wp\/v2\/product\/20306","targetHints":{"allow":["GET"]}}],"collection":[{"href":"https:\/\/haidak.eu\/fi\/wp-json\/wp\/v2\/product"}],"about":[{"href":"https:\/\/haidak.eu\/fi\/wp-json\/wp\/v2\/types\/product"}],"replies":[{"embeddable":true,"href":"https:\/\/haidak.eu\/fi\/wp-json\/wp\/v2\/comments?post=20306"}],"wp:featuredmedia":[{"embeddable":true,"href":"https:\/\/haidak.eu\/fi\/wp-json\/wp\/v2\/media\/23492"}],"wp:attachment":[{"href":"https:\/\/haidak.eu\/fi\/wp-json\/wp\/v2\/media?parent=20306"}],"wp:term":[{"taxonomy":"product_brand","embeddable":true,"href":"https:\/\/haidak.eu\/fi\/wp-json\/wp\/v2\/product_brand?post=20306"},{"taxonomy":"product_cat","embeddable":true,"href":"https:\/\/haidak.eu\/fi\/wp-json\/wp\/v2\/product_cat?post=20306"},{"taxonomy":"product_tag","embeddable":true,"href":"https:\/\/haidak.eu\/fi\/wp-json\/wp\/v2\/product_tag?post=20306"}],"curies":[{"name":"wp","href":"https:\/\/api.w.org\/{rel}","templated":true}]}}