{"id":20317,"date":"2026-03-26T02:11:04","date_gmt":"2026-03-26T00:11:04","guid":{"rendered":"https:\/\/haidak.eu\/kypara-kali-traffic\/"},"modified":"2026-03-31T23:24:15","modified_gmt":"2026-03-31T21:24:15","slug":"kypara-kali-traffic","status":"publish","type":"product","link":"https:\/\/haidak.eu\/fi\/kypara-kali-traffic\/","title":{"rendered":"Kyp\u00e4r\u00e4 Kali Traffic"},"content":{"rendered":"<h2 data-end=\"3342\" data-start=\"2962\" style=\"caret-color: rgb(0, 0, 0); color: rgb(0, 0, 0);\"><strong data-end=\"3022\" data-start=\"2962\">KALI Traffic \u2013 tyylik\u00e4s ja k\u00e4yt\u00e4nn\u00f6llinen kaupunkikyp\u00e4r\u00e4<\/strong><\/h2>\n<p data-end=\"3342\" data-start=\"2962\" style=\"caret-color: rgb(0, 0, 0); color: rgb(0, 0, 0);\"><strong data-end=\"3041\" data-start=\"3025\">KALI Traffic<\/strong>&nbsp;on jokap\u00e4iv\u00e4iseen k\u00e4ytt\u00f6\u00f6n sopiva kaupunkikyp\u00e4r\u00e4, joka yhdist\u00e4\u00e4 tyylin, mukavuuden ja turvallisuuden. Siin\u00e4 on ilmanvaihtoaukot hyv\u00e4\u00e4 ilmankiertoa varten, integroitu lippa suojaamaan auringolta ja sateelta sek\u00e4 USB-ladattava takavalo, joka parantaa n\u00e4kyvyytt\u00e4 ja turvallisuutta pime\u00e4ll\u00e4 ajettaessa.<\/p>\n<p data-end=\"3714\" data-start=\"3344\" style=\"caret-color: rgb(0, 0, 0); color: rgb(0, 0, 0);\"><strong data-end=\"3365\" data-start=\"3344\">Composite Fusion<\/strong>&nbsp;-teknologian ansiosta kyp\u00e4r\u00e4 tarjoaa luotettavan suojan v\u00e4hent\u00e4en sek\u00e4 kiertovoimia ett\u00e4 suoria iskuja. PC-ulkokuori ja EPS-vaahto takaavat kest\u00e4vyyden ja iskunkest\u00e4vyyden, kun taas antimikrobiset pehmusteet pit\u00e4v\u00e4t kyp\u00e4r\u00e4n raikkaana ja mukavana.&nbsp;<strong data-end=\"3643\" data-start=\"3613\">Micro-Fit s\u00e4\u00e4t\u00f6j\u00e4rjestelm\u00e4<\/strong>&nbsp;ja&nbsp;<strong data-end=\"3664\" data-start=\"3647\">FidLock-solki<\/strong>&nbsp;tekev\u00e4t kyp\u00e4r\u00e4n s\u00e4\u00e4t\u00e4misest\u00e4 helppoa ja varmaa.<\/p>\n<h4 data-end=\"3738\" data-start=\"3716\" style=\"caret-color: rgb(0, 0, 0); color: rgb(0, 0, 0);\"><strong data-end=\"3736\" data-start=\"3716\">Tekniset tiedot:<\/strong><\/h4>\n<ul data-end=\"4077\" data-start=\"3739\" style=\"caret-color: rgb(0, 0, 0); color: rgb(0, 0, 0);\">\n<li data-end=\"3772\" data-start=\"3739\">\n<h4 data-end=\"3772\" data-start=\"3741\">Teknologia: Composite Fusion<\/h4>\n<\/li>\n<li data-end=\"3841\" data-start=\"3773\">\n<p data-end=\"3841\" data-start=\"3775\">Lis\u00e4varusteet: USB-ladattava takavalo, antimikrobiset pehmusteet<\/p>\n<\/li>\n<li data-end=\"3878\" data-start=\"3842\">\n<p data-end=\"3878\" data-start=\"3844\">Materiaali: PC-kuori, EPS-vaahto<\/p>\n<\/li>\n<li data-end=\"3930\" data-start=\"3879\">\n<p data-end=\"3930\" data-start=\"3881\">Ilmanvaihto: 17 \/ 21 aukkoa (mallista riippuen)<\/p>\n<\/li>\n<li data-end=\"3947\" data-start=\"3931\">\n<p data-end=\"3947\" data-start=\"3933\">Paino: 346 g<\/p>\n<\/li>\n<li data-end=\"4019\" data-start=\"3948\">\n<p data-end=\"4019\" data-start=\"3950\">Sertifikaatit: EN 1078, CPSC, NTA 8776 (Hollannin e-py\u00f6r\u00e4standardi)<\/p>\n<\/li>\n<li data-end=\"4077\" data-start=\"4020\">\n<p data-end=\"4077\" data-start=\"4022\">Suositeltu k\u00e4ytt\u00f6: kaupunkiajo, ty\u00f6matkat, vapaa-aika<\/p>\n<\/li>\n<\/ul>\n<h4 data-end=\"4090\" data-start=\"4079\" style=\"caret-color: rgb(0, 0, 0); color: rgb(0, 0, 0);\"><strong data-end=\"4088\" data-start=\"4079\">Koot:<\/strong><\/h4>\n<ul data-end=\"4127\" data-start=\"4091\" style=\"caret-color: rgb(0, 0, 0); color: rgb(0, 0, 0);\">\n<li data-end=\"4108\" data-start=\"4091\">\n<h4 data-end=\"4108\" data-start=\"4093\">S\/M: 55\u201361 cm<\/h4>\n<\/li>\n<li data-end=\"4127\" data-start=\"4109\">\n<p data-end=\"4127\" data-start=\"4111\">L\/XL: 60\u201363 cm<\/p>\n<\/li>\n<\/ul>\n<p data-end=\"4311\" data-start=\"4129\" style=\"caret-color: rgb(0, 0, 0); color: rgb(0, 0, 0);\"><strong data-end=\"4145\" data-start=\"4129\">KALI Traffic<\/strong>&nbsp;on t\u00e4ydellinen valinta, jos etsit kaupunkikyp\u00e4r\u00e4\u00e4, joka on turvallinen, mukava ja modernin n\u00e4k\u00f6inen \u2013 olipa kyseess\u00e4 ty\u00f6matka, ostosreissu tai rento py\u00f6r\u00e4ilyhetki.<\/p>\n","protected":false},"excerpt":{"rendered":"<p>KALI Traffic \u2013 tyylik\u00e4s ja k\u00e4yt\u00e4nn\u00f6llinen kaupunkikyp\u00e4r\u00e4 KALI Traffic&nbsp;on jokap\u00e4iv\u00e4iseen k\u00e4ytt\u00f6\u00f6n sopiva kaupunkikyp\u00e4r\u00e4, joka yhdist\u00e4\u00e4 tyylin, mukavuuden ja turvallisuuden. Siin\u00e4<\/p>\n","protected":false},"featured_media":23498,"comment_status":"open","ping_status":"closed","template":"","meta":[],"product_brand":[],"product_cat":[715],"product_tag":[],"class_list":{"0":"post-20317","1":"product","2":"type-product","3":"status-publish","4":"has-post-thumbnail","6":"product_cat-kyparat","8":"first","9":"instock","10":"sale","11":"taxable","12":"shipping-taxable","13":"purchasable","14":"product-type-variable"},"yoast_head":"<!-- This site is optimized with the Yoast SEO Premium plugin v27.3 (Yoast SEO v27.3) - https:\/\/yoast.com\/product\/yoast-seo-premium-wordpress\/ -->\n<title>Kyp\u00e4r\u00e4 Kali Traffic | Voltride<\/title>\n<meta name=\"robots\" content=\"noindex, follow, max-snippet:-1, max-image-preview:large, max-video-preview:-1\" \/>\n<meta property=\"og:locale\" content=\"fi_FI\" \/>\n<meta property=\"og:type\" content=\"article\" \/>\n<meta property=\"og:title\" content=\"Kyp\u00e4r\u00e4 Kali Traffic | Voltride\" \/>\n<meta property=\"og:description\" content=\"KALI Traffic \u2013 tyylik\u00e4s ja k\u00e4yt\u00e4nn\u00f6llinen kaupunkikyp\u00e4r\u00e4 KALI Traffic&nbsp;on jokap\u00e4iv\u00e4iseen k\u00e4ytt\u00f6\u00f6n sopiva kaupunkikyp\u00e4r\u00e4, joka yhdist\u00e4\u00e4 tyylin, mukavuuden ja turvallisuuden. Siin\u00e4\" \/>\n<meta property=\"og:url\" content=\"https:\/\/haidak.eu\/fi\/kypara-kali-traffic\/\" \/>\n<meta property=\"og:site_name\" content=\"Voltride\" \/>\n<meta property=\"article:publisher\" content=\"https:\/\/www.facebook.com\/voltridecom\/\" \/>\n<meta property=\"article:modified_time\" content=\"2026-03-31T21:24:15+00:00\" \/>\n<meta property=\"og:image\" content=\"https:\/\/haidak.eu\/wp-content\/uploads\/2026\/03\/3450-68a721f981022905942854-traffic-sld-mat-tnm-a1-1-1024x922.png\" \/>\n\t<meta property=\"og:image:width\" content=\"1024\" \/>\n\t<meta property=\"og:image:height\" content=\"922\" \/>\n\t<meta property=\"og:image:type\" content=\"image\/png\" \/>\n<meta name=\"twitter:card\" content=\"summary_large_image\" \/>\n<script type=\"application\/ld+json\" class=\"yoast-schema-graph\">{\"@context\":\"https:\\\/\\\/schema.org\",\"@graph\":[{\"@type\":\"WebPage\",\"@id\":\"https:\\\/\\\/haidak.eu\\\/fi\\\/kypara-kali-traffic\\\/\",\"url\":\"https:\\\/\\\/haidak.eu\\\/fi\\\/kypara-kali-traffic\\\/\",\"name\":\"Kyp\u00e4r\u00e4 Kali Traffic | Voltride\",\"isPartOf\":{\"@id\":\"https:\\\/\\\/haidak.eu\\\/fi\\\/#website\"},\"primaryImageOfPage\":{\"@id\":\"https:\\\/\\\/haidak.eu\\\/fi\\\/kypara-kali-traffic\\\/#primaryimage\"},\"image\":{\"@id\":\"https:\\\/\\\/haidak.eu\\\/fi\\\/kypara-kali-traffic\\\/#primaryimage\"},\"thumbnailUrl\":\"https:\\\/\\\/haidak.eu\\\/wp-content\\\/uploads\\\/2026\\\/03\\\/3450-68a721f981022905942854-traffic-sld-mat-tnm-a1-1.png\",\"datePublished\":\"2026-03-26T00:11:04+00:00\",\"dateModified\":\"2026-03-31T21:24:15+00:00\",\"breadcrumb\":{\"@id\":\"https:\\\/\\\/haidak.eu\\\/fi\\\/kypara-kali-traffic\\\/#breadcrumb\"},\"inLanguage\":\"fi\",\"potentialAction\":[{\"@type\":\"ReadAction\",\"target\":[\"https:\\\/\\\/haidak.eu\\\/fi\\\/kypara-kali-traffic\\\/\"]}]},{\"@type\":\"ImageObject\",\"inLanguage\":\"fi\",\"@id\":\"https:\\\/\\\/haidak.eu\\\/fi\\\/kypara-kali-traffic\\\/#primaryimage\",\"url\":\"https:\\\/\\\/haidak.eu\\\/wp-content\\\/uploads\\\/2026\\\/03\\\/3450-68a721f981022905942854-traffic-sld-mat-tnm-a1-1.png\",\"contentUrl\":\"https:\\\/\\\/haidak.eu\\\/wp-content\\\/uploads\\\/2026\\\/03\\\/3450-68a721f981022905942854-traffic-sld-mat-tnm-a1-1.png\",\"width\":2400,\"height\":2160},{\"@type\":\"BreadcrumbList\",\"@id\":\"https:\\\/\\\/haidak.eu\\\/fi\\\/kypara-kali-traffic\\\/#breadcrumb\",\"itemListElement\":[{\"@type\":\"ListItem\",\"position\":1,\"name\":\"Etusivu\",\"item\":\"https:\\\/\\\/haidak.eu\\\/fi\\\/\"},{\"@type\":\"ListItem\",\"position\":2,\"name\":\"Kauppa\",\"item\":\"https:\\\/\\\/haidak.eu\\\/shop\\\/\"},{\"@type\":\"ListItem\",\"position\":3,\"name\":\"Lis\u00e4tarvikkeet\",\"item\":\"https:\\\/\\\/haidak.eu\\\/fi\\\/lisatarvikkeet\\\/\"},{\"@type\":\"ListItem\",\"position\":4,\"name\":\"Kyp\u00e4r\u00e4t\",\"item\":\"https:\\\/\\\/haidak.eu\\\/fi\\\/kyparat\\\/\"},{\"@type\":\"ListItem\",\"position\":5,\"name\":\"Kyp\u00e4r\u00e4 Kali Traffic\"}]},{\"@type\":\"WebSite\",\"@id\":\"https:\\\/\\\/haidak.eu\\\/fi\\\/#website\",\"url\":\"https:\\\/\\\/haidak.eu\\\/fi\\\/\",\"name\":\"Voltride\",\"description\":\"Parim elektrirataste elektrit\u00f5ukside ja \u00fcksrataste pood ja remont\",\"publisher\":{\"@id\":\"https:\\\/\\\/haidak.eu\\\/fi\\\/#organization\"},\"alternateName\":\"Vr\",\"potentialAction\":[{\"@type\":\"SearchAction\",\"target\":{\"@type\":\"EntryPoint\",\"urlTemplate\":\"https:\\\/\\\/haidak.eu\\\/fi\\\/?s={search_term_string}\"},\"query-input\":{\"@type\":\"PropertyValueSpecification\",\"valueRequired\":true,\"valueName\":\"search_term_string\"}}],\"inLanguage\":\"fi\"},{\"@type\":[\"Organization\",\"Place\"],\"@id\":\"https:\\\/\\\/haidak.eu\\\/fi\\\/#organization\",\"name\":\"Voltride\",\"alternateName\":\"VR\",\"url\":\"https:\\\/\\\/haidak.eu\\\/fi\\\/\",\"logo\":{\"@id\":\"https:\\\/\\\/haidak.eu\\\/fi\\\/kypara-kali-traffic\\\/#local-main-organization-logo\"},\"image\":{\"@id\":\"https:\\\/\\\/haidak.eu\\\/fi\\\/kypara-kali-traffic\\\/#local-main-organization-logo\"},\"sameAs\":[\"https:\\\/\\\/www.facebook.com\\\/voltridecom\\\/\"],\"legalName\":\"Voltride O\u00dc\",\"numberOfEmployees\":{\"@type\":\"QuantitativeValue\",\"minValue\":\"1\",\"maxValue\":\"10\"},\"ownershipFundingInfo\":\"https:\\\/\\\/haidak.eu\\\/about-us\\\/\",\"hasMerchantReturnPolicy\":{\"@type\":\"MerchantReturnPolicy\",\"merchantReturnLink\":\"https:\\\/\\\/haidak.eu\\\/shipping-and-returns\\\/\"},\"address\":{\"@id\":\"https:\\\/\\\/haidak.eu\\\/fi\\\/kypara-kali-traffic\\\/#local-main-place-address\"},\"geo\":{\"@type\":\"GeoCoordinates\",\"latitude\":\"59.439554\",\"longitude\":\"24.726644\"},\"telephone\":[\"+372 600 40 99\"],\"contactPoint\":{\"@type\":\"ContactPoint\",\"telephone\":\"+372 600 40 99\",\"email\":\"info@voltride.com\"},\"openingHoursSpecification\":[{\"@type\":\"OpeningHoursSpecification\",\"dayOfWeek\":[\"Monday\",\"Tuesday\",\"Wednesday\",\"Thursday\",\"Friday\"],\"opens\":\"10:00\",\"closes\":\"18:00\"},{\"@type\":\"OpeningHoursSpecification\",\"dayOfWeek\":[\"Saturday\",\"Sunday\"],\"opens\":\"00:00\",\"closes\":\"00:00\"}],\"email\":\"info@voltride.com\",\"taxID\":\"14871968\"},{\"@type\":\"PostalAddress\",\"@id\":\"https:\\\/\\\/haidak.eu\\\/fi\\\/kypara-kali-traffic\\\/#local-main-place-address\",\"streetAddress\":\"Voltride Telliskivi 57D\",\"addressLocality\":\"Tallinn\",\"postalCode\":\"10412\",\"addressRegion\":\"Tallinn\",\"addressCountry\":\"EE\"},{\"@type\":\"ImageObject\",\"inLanguage\":\"fi\",\"@id\":\"https:\\\/\\\/haidak.eu\\\/fi\\\/kypara-kali-traffic\\\/#local-main-organization-logo\",\"url\":\"https:\\\/\\\/haidak.eu\\\/wp-content\\\/uploads\\\/voltride-logo.png\",\"contentUrl\":\"https:\\\/\\\/haidak.eu\\\/wp-content\\\/uploads\\\/voltride-logo.png\",\"width\":2481,\"height\":620,\"caption\":\"Voltride\"}]}<\/script>\n<meta property=\"og:availability\" content=\"instock\" \/>\n<meta property=\"product:availability\" content=\"instock\" \/>\n<meta property=\"product:retailer_item_id\" content=\"KLHL001\" \/>\n<meta property=\"product:condition\" content=\"new\" \/>\n<meta name=\"geo.placename\" content=\"Tallinn\" \/>\n<meta name=\"geo.position\" content=\"59.439554;24.726644\" \/>\n<meta name=\"geo.region\" content=\"Viro\" \/>\n<!-- \/ Yoast SEO Premium plugin. -->","yoast_head_json":{"title":"Kyp\u00e4r\u00e4 Kali Traffic | Voltride","robots":{"index":"noindex","follow":"follow","max-snippet":"max-snippet:-1","max-image-preview":"max-image-preview:large","max-video-preview":"max-video-preview:-1"},"og_locale":"fi_FI","og_type":"article","og_title":"Kyp\u00e4r\u00e4 Kali Traffic | Voltride","og_description":"KALI Traffic \u2013 tyylik\u00e4s ja k\u00e4yt\u00e4nn\u00f6llinen kaupunkikyp\u00e4r\u00e4 KALI Traffic&nbsp;on jokap\u00e4iv\u00e4iseen k\u00e4ytt\u00f6\u00f6n sopiva kaupunkikyp\u00e4r\u00e4, joka yhdist\u00e4\u00e4 tyylin, mukavuuden ja turvallisuuden. Siin\u00e4","og_url":"https:\/\/haidak.eu\/fi\/kypara-kali-traffic\/","og_site_name":"Voltride","article_publisher":"https:\/\/www.facebook.com\/voltridecom\/","article_modified_time":"2026-03-31T21:24:15+00:00","og_image":[{"width":1024,"height":922,"url":"https:\/\/haidak.eu\/wp-content\/uploads\/2026\/03\/3450-68a721f981022905942854-traffic-sld-mat-tnm-a1-1-1024x922.png","type":"image\/png"}],"twitter_card":"summary_large_image","schema":{"@context":"https:\/\/schema.org","@graph":[{"@type":"WebPage","@id":"https:\/\/haidak.eu\/fi\/kypara-kali-traffic\/","url":"https:\/\/haidak.eu\/fi\/kypara-kali-traffic\/","name":"Kyp\u00e4r\u00e4 Kali Traffic | Voltride","isPartOf":{"@id":"https:\/\/haidak.eu\/fi\/#website"},"primaryImageOfPage":{"@id":"https:\/\/haidak.eu\/fi\/kypara-kali-traffic\/#primaryimage"},"image":{"@id":"https:\/\/haidak.eu\/fi\/kypara-kali-traffic\/#primaryimage"},"thumbnailUrl":"https:\/\/haidak.eu\/wp-content\/uploads\/2026\/03\/3450-68a721f981022905942854-traffic-sld-mat-tnm-a1-1.png","datePublished":"2026-03-26T00:11:04+00:00","dateModified":"2026-03-31T21:24:15+00:00","breadcrumb":{"@id":"https:\/\/haidak.eu\/fi\/kypara-kali-traffic\/#breadcrumb"},"inLanguage":"fi","potentialAction":[{"@type":"ReadAction","target":["https:\/\/haidak.eu\/fi\/kypara-kali-traffic\/"]}]},{"@type":"ImageObject","inLanguage":"fi","@id":"https:\/\/haidak.eu\/fi\/kypara-kali-traffic\/#primaryimage","url":"https:\/\/haidak.eu\/wp-content\/uploads\/2026\/03\/3450-68a721f981022905942854-traffic-sld-mat-tnm-a1-1.png","contentUrl":"https:\/\/haidak.eu\/wp-content\/uploads\/2026\/03\/3450-68a721f981022905942854-traffic-sld-mat-tnm-a1-1.png","width":2400,"height":2160},{"@type":"BreadcrumbList","@id":"https:\/\/haidak.eu\/fi\/kypara-kali-traffic\/#breadcrumb","itemListElement":[{"@type":"ListItem","position":1,"name":"Etusivu","item":"https:\/\/haidak.eu\/fi\/"},{"@type":"ListItem","position":2,"name":"Kauppa","item":"https:\/\/haidak.eu\/shop\/"},{"@type":"ListItem","position":3,"name":"Lis\u00e4tarvikkeet","item":"https:\/\/haidak.eu\/fi\/lisatarvikkeet\/"},{"@type":"ListItem","position":4,"name":"Kyp\u00e4r\u00e4t","item":"https:\/\/haidak.eu\/fi\/kyparat\/"},{"@type":"ListItem","position":5,"name":"Kyp\u00e4r\u00e4 Kali Traffic"}]},{"@type":"WebSite","@id":"https:\/\/haidak.eu\/fi\/#website","url":"https:\/\/haidak.eu\/fi\/","name":"Voltride","description":"Parim elektrirataste elektrit\u00f5ukside ja \u00fcksrataste pood ja remont","publisher":{"@id":"https:\/\/haidak.eu\/fi\/#organization"},"alternateName":"Vr","potentialAction":[{"@type":"SearchAction","target":{"@type":"EntryPoint","urlTemplate":"https:\/\/haidak.eu\/fi\/?s={search_term_string}"},"query-input":{"@type":"PropertyValueSpecification","valueRequired":true,"valueName":"search_term_string"}}],"inLanguage":"fi"},{"@type":["Organization","Place"],"@id":"https:\/\/haidak.eu\/fi\/#organization","name":"Voltride","alternateName":"VR","url":"https:\/\/haidak.eu\/fi\/","logo":{"@id":"https:\/\/haidak.eu\/fi\/kypara-kali-traffic\/#local-main-organization-logo"},"image":{"@id":"https:\/\/haidak.eu\/fi\/kypara-kali-traffic\/#local-main-organization-logo"},"sameAs":["https:\/\/www.facebook.com\/voltridecom\/"],"legalName":"Voltride O\u00dc","numberOfEmployees":{"@type":"QuantitativeValue","minValue":"1","maxValue":"10"},"ownershipFundingInfo":"https:\/\/haidak.eu\/about-us\/","hasMerchantReturnPolicy":{"@type":"MerchantReturnPolicy","merchantReturnLink":"https:\/\/haidak.eu\/shipping-and-returns\/"},"address":{"@id":"https:\/\/haidak.eu\/fi\/kypara-kali-traffic\/#local-main-place-address"},"geo":{"@type":"GeoCoordinates","latitude":"59.439554","longitude":"24.726644"},"telephone":["+372 600 40 99"],"contactPoint":{"@type":"ContactPoint","telephone":"+372 600 40 99","email":"info@voltride.com"},"openingHoursSpecification":[{"@type":"OpeningHoursSpecification","dayOfWeek":["Monday","Tuesday","Wednesday","Thursday","Friday"],"opens":"10:00","closes":"18:00"},{"@type":"OpeningHoursSpecification","dayOfWeek":["Saturday","Sunday"],"opens":"00:00","closes":"00:00"}],"email":"info@voltride.com","taxID":"14871968"},{"@type":"PostalAddress","@id":"https:\/\/haidak.eu\/fi\/kypara-kali-traffic\/#local-main-place-address","streetAddress":"Voltride Telliskivi 57D","addressLocality":"Tallinn","postalCode":"10412","addressRegion":"Tallinn","addressCountry":"EE"},{"@type":"ImageObject","inLanguage":"fi","@id":"https:\/\/haidak.eu\/fi\/kypara-kali-traffic\/#local-main-organization-logo","url":"https:\/\/haidak.eu\/wp-content\/uploads\/voltride-logo.png","contentUrl":"https:\/\/haidak.eu\/wp-content\/uploads\/voltride-logo.png","width":2481,"height":620,"caption":"Voltride"}]},"og_availability":"instock","product_availability":"instock","product_retailer_item_id":"KLHL001","product_condition":"new","geo.placename":"Tallinn","geo.position":{"lat":"59.439554","long":"24.726644"},"geo.region":"Viro"},"_links":{"self":[{"href":"https:\/\/haidak.eu\/fi\/wp-json\/wp\/v2\/product\/20317","targetHints":{"allow":["GET"]}}],"collection":[{"href":"https:\/\/haidak.eu\/fi\/wp-json\/wp\/v2\/product"}],"about":[{"href":"https:\/\/haidak.eu\/fi\/wp-json\/wp\/v2\/types\/product"}],"replies":[{"embeddable":true,"href":"https:\/\/haidak.eu\/fi\/wp-json\/wp\/v2\/comments?post=20317"}],"wp:featuredmedia":[{"embeddable":true,"href":"https:\/\/haidak.eu\/fi\/wp-json\/wp\/v2\/media\/23498"}],"wp:attachment":[{"href":"https:\/\/haidak.eu\/fi\/wp-json\/wp\/v2\/media?parent=20317"}],"wp:term":[{"taxonomy":"product_brand","embeddable":true,"href":"https:\/\/haidak.eu\/fi\/wp-json\/wp\/v2\/product_brand?post=20317"},{"taxonomy":"product_cat","embeddable":true,"href":"https:\/\/haidak.eu\/fi\/wp-json\/wp\/v2\/product_cat?post=20317"},{"taxonomy":"product_tag","embeddable":true,"href":"https:\/\/haidak.eu\/fi\/wp-json\/wp\/v2\/product_tag?post=20317"}],"curies":[{"name":"wp","href":"https:\/\/api.w.org\/{rel}","templated":true}]}}