{"id":20320,"date":"2026-03-26T02:11:36","date_gmt":"2026-03-26T00:11:36","guid":{"rendered":"https:\/\/haidak.eu\/pumppu-sks-raceday\/"},"modified":"2026-03-31T23:24:15","modified_gmt":"2026-03-31T21:24:15","slug":"pumppu-sks-raceday","status":"publish","type":"product","link":"https:\/\/haidak.eu\/fi\/pumppu-sks-raceday\/","title":{"rendered":"Pumppu SKS Raceday"},"content":{"rendered":"<h2 data-end=\"512\" data-start=\"479\" style=\"caret-color: rgb(0, 0, 0); color: rgb(0, 0, 0);\"><strong data-end=\"510\" data-start=\"493\">SKS Raceday.<\/strong><\/h2>\n<p data-end=\"258\" data-start=\"0\">SKS Raceday on kevyt pumppu kaikille polkupy\u00f6rille, jossa on suuri tilavuus iskua kohden kompaktissa koossa. Pumppu on varustettu kiinnitysklipsill\u00e4 ja p\u00f6lysuojustulpalla. Koska pumppu painaa vain 101 grammaa, sit\u00e4 on eritt\u00e4in helppo kuljettaa aina mukana.<\/p>\n<p data-end=\"320\" data-is-last-node=\"\" data-is-only-node=\"\" data-start=\"260\">Maksimipaine 10 bar tai 144 PSI. Sopii Presta-venttiileille.<\/p>\n","protected":false},"excerpt":{"rendered":"<p>SKS Raceday. SKS Raceday on kevyt pumppu kaikille polkupy\u00f6rille, jossa on suuri tilavuus iskua kohden kompaktissa koossa. Pumppu on varustettu<\/p>\n","protected":false},"featured_media":20713,"comment_status":"open","ping_status":"closed","template":"","meta":[],"product_brand":[],"product_cat":[758],"product_tag":[],"class_list":{"0":"post-20320","1":"product","2":"type-product","3":"status-publish","4":"has-post-thumbnail","6":"product_cat-pumput","8":"first","9":"instock","10":"taxable","11":"shipping-taxable","12":"purchasable","13":"product-type-simple"},"yoast_head":"<!-- This site is optimized with the Yoast SEO Premium plugin v27.3 (Yoast SEO v27.3) - https:\/\/yoast.com\/product\/yoast-seo-premium-wordpress\/ -->\n<title>Pumppu SKS Raceday | Voltride<\/title>\n<meta name=\"robots\" content=\"noindex, follow, max-snippet:-1, max-image-preview:large, max-video-preview:-1\" \/>\n<meta property=\"og:locale\" content=\"fi_FI\" \/>\n<meta property=\"og:type\" content=\"article\" \/>\n<meta property=\"og:title\" content=\"Pumppu SKS Raceday | Voltride\" \/>\n<meta property=\"og:description\" content=\"SKS Raceday. SKS Raceday on kevyt pumppu kaikille polkupy\u00f6rille, jossa on suuri tilavuus iskua kohden kompaktissa koossa. Pumppu on varustettu\" \/>\n<meta property=\"og:url\" content=\"https:\/\/haidak.eu\/fi\/pumppu-sks-raceday\/\" \/>\n<meta property=\"og:site_name\" content=\"Voltride\" \/>\n<meta property=\"article:publisher\" content=\"https:\/\/www.facebook.com\/voltridecom\/\" \/>\n<meta property=\"article:modified_time\" content=\"2026-03-31T21:24:15+00:00\" \/>\n<meta property=\"og:image\" content=\"https:\/\/haidak.eu\/wp-content\/uploads\/2026\/03\/sks-raceday-mini-pump-1.jpg\" \/>\n\t<meta property=\"og:image:width\" content=\"1000\" \/>\n\t<meta property=\"og:image:height\" content=\"1000\" \/>\n\t<meta property=\"og:image:type\" content=\"image\/jpeg\" \/>\n<meta name=\"twitter:card\" content=\"summary_large_image\" \/>\n<script type=\"application\/ld+json\" class=\"yoast-schema-graph\">{\"@context\":\"https:\\\/\\\/schema.org\",\"@graph\":[{\"@type\":\"WebPage\",\"@id\":\"https:\\\/\\\/haidak.eu\\\/fi\\\/pumppu-sks-raceday\\\/\",\"url\":\"https:\\\/\\\/haidak.eu\\\/fi\\\/pumppu-sks-raceday\\\/\",\"name\":\"Pumppu SKS Raceday | Voltride\",\"isPartOf\":{\"@id\":\"https:\\\/\\\/haidak.eu\\\/fi\\\/#website\"},\"primaryImageOfPage\":{\"@id\":\"https:\\\/\\\/haidak.eu\\\/fi\\\/pumppu-sks-raceday\\\/#primaryimage\"},\"image\":{\"@id\":\"https:\\\/\\\/haidak.eu\\\/fi\\\/pumppu-sks-raceday\\\/#primaryimage\"},\"thumbnailUrl\":\"https:\\\/\\\/haidak.eu\\\/wp-content\\\/uploads\\\/2026\\\/03\\\/sks-raceday-mini-pump-1.jpg\",\"datePublished\":\"2026-03-26T00:11:36+00:00\",\"dateModified\":\"2026-03-31T21:24:15+00:00\",\"breadcrumb\":{\"@id\":\"https:\\\/\\\/haidak.eu\\\/fi\\\/pumppu-sks-raceday\\\/#breadcrumb\"},\"inLanguage\":\"fi\",\"potentialAction\":[{\"@type\":\"ReadAction\",\"target\":[\"https:\\\/\\\/haidak.eu\\\/fi\\\/pumppu-sks-raceday\\\/\"]}]},{\"@type\":\"ImageObject\",\"inLanguage\":\"fi\",\"@id\":\"https:\\\/\\\/haidak.eu\\\/fi\\\/pumppu-sks-raceday\\\/#primaryimage\",\"url\":\"https:\\\/\\\/haidak.eu\\\/wp-content\\\/uploads\\\/2026\\\/03\\\/sks-raceday-mini-pump-1.jpg\",\"contentUrl\":\"https:\\\/\\\/haidak.eu\\\/wp-content\\\/uploads\\\/2026\\\/03\\\/sks-raceday-mini-pump-1.jpg\",\"width\":1000,\"height\":1000},{\"@type\":\"BreadcrumbList\",\"@id\":\"https:\\\/\\\/haidak.eu\\\/fi\\\/pumppu-sks-raceday\\\/#breadcrumb\",\"itemListElement\":[{\"@type\":\"ListItem\",\"position\":1,\"name\":\"Etusivu\",\"item\":\"https:\\\/\\\/haidak.eu\\\/fi\\\/\"},{\"@type\":\"ListItem\",\"position\":2,\"name\":\"Kauppa\",\"item\":\"https:\\\/\\\/haidak.eu\\\/shop\\\/\"},{\"@type\":\"ListItem\",\"position\":3,\"name\":\"Lis\u00e4tarvikkeet\",\"item\":\"https:\\\/\\\/haidak.eu\\\/fi\\\/lisatarvikkeet\\\/\"},{\"@type\":\"ListItem\",\"position\":4,\"name\":\"Pumput\",\"item\":\"https:\\\/\\\/haidak.eu\\\/fi\\\/pumput\\\/\"},{\"@type\":\"ListItem\",\"position\":5,\"name\":\"Pumppu SKS Raceday\"}]},{\"@type\":\"WebSite\",\"@id\":\"https:\\\/\\\/haidak.eu\\\/fi\\\/#website\",\"url\":\"https:\\\/\\\/haidak.eu\\\/fi\\\/\",\"name\":\"Voltride\",\"description\":\"Parim elektrirataste elektrit\u00f5ukside ja \u00fcksrataste pood ja remont\",\"publisher\":{\"@id\":\"https:\\\/\\\/haidak.eu\\\/fi\\\/#organization\"},\"alternateName\":\"Vr\",\"potentialAction\":[{\"@type\":\"SearchAction\",\"target\":{\"@type\":\"EntryPoint\",\"urlTemplate\":\"https:\\\/\\\/haidak.eu\\\/fi\\\/?s={search_term_string}\"},\"query-input\":{\"@type\":\"PropertyValueSpecification\",\"valueRequired\":true,\"valueName\":\"search_term_string\"}}],\"inLanguage\":\"fi\"},{\"@type\":[\"Organization\",\"Place\"],\"@id\":\"https:\\\/\\\/haidak.eu\\\/fi\\\/#organization\",\"name\":\"Voltride\",\"alternateName\":\"VR\",\"url\":\"https:\\\/\\\/haidak.eu\\\/fi\\\/\",\"logo\":{\"@id\":\"https:\\\/\\\/haidak.eu\\\/fi\\\/pumppu-sks-raceday\\\/#local-main-organization-logo\"},\"image\":{\"@id\":\"https:\\\/\\\/haidak.eu\\\/fi\\\/pumppu-sks-raceday\\\/#local-main-organization-logo\"},\"sameAs\":[\"https:\\\/\\\/www.facebook.com\\\/voltridecom\\\/\"],\"legalName\":\"Voltride O\u00dc\",\"numberOfEmployees\":{\"@type\":\"QuantitativeValue\",\"minValue\":\"1\",\"maxValue\":\"10\"},\"ownershipFundingInfo\":\"https:\\\/\\\/haidak.eu\\\/about-us\\\/\",\"hasMerchantReturnPolicy\":{\"@type\":\"MerchantReturnPolicy\",\"merchantReturnLink\":\"https:\\\/\\\/haidak.eu\\\/shipping-and-returns\\\/\"},\"address\":{\"@id\":\"https:\\\/\\\/haidak.eu\\\/fi\\\/pumppu-sks-raceday\\\/#local-main-place-address\"},\"geo\":{\"@type\":\"GeoCoordinates\",\"latitude\":\"59.439554\",\"longitude\":\"24.726644\"},\"telephone\":[\"+372 600 40 99\"],\"contactPoint\":{\"@type\":\"ContactPoint\",\"telephone\":\"+372 600 40 99\",\"email\":\"info@voltride.com\"},\"openingHoursSpecification\":[{\"@type\":\"OpeningHoursSpecification\",\"dayOfWeek\":[\"Monday\",\"Tuesday\",\"Wednesday\",\"Thursday\",\"Friday\"],\"opens\":\"10:00\",\"closes\":\"18:00\"},{\"@type\":\"OpeningHoursSpecification\",\"dayOfWeek\":[\"Saturday\",\"Sunday\"],\"opens\":\"00:00\",\"closes\":\"00:00\"}],\"email\":\"info@voltride.com\",\"taxID\":\"14871968\"},{\"@type\":\"PostalAddress\",\"@id\":\"https:\\\/\\\/haidak.eu\\\/fi\\\/pumppu-sks-raceday\\\/#local-main-place-address\",\"streetAddress\":\"Voltride Telliskivi 57D\",\"addressLocality\":\"Tallinn\",\"postalCode\":\"10412\",\"addressRegion\":\"Tallinn\",\"addressCountry\":\"EE\"},{\"@type\":\"ImageObject\",\"inLanguage\":\"fi\",\"@id\":\"https:\\\/\\\/haidak.eu\\\/fi\\\/pumppu-sks-raceday\\\/#local-main-organization-logo\",\"url\":\"https:\\\/\\\/haidak.eu\\\/wp-content\\\/uploads\\\/voltride-logo.png\",\"contentUrl\":\"https:\\\/\\\/haidak.eu\\\/wp-content\\\/uploads\\\/voltride-logo.png\",\"width\":2481,\"height\":620,\"caption\":\"Voltride\"}]}<\/script>\n<meta property=\"product:price:amount\" content=\"8.99\" \/>\n<meta property=\"product:price:currency\" content=\"EUR\" \/>\n<meta property=\"og:availability\" content=\"instock\" \/>\n<meta property=\"product:availability\" content=\"instock\" \/>\n<meta property=\"product:retailer_item_id\" content=\"SKPM004\" \/>\n<meta property=\"product:condition\" content=\"new\" \/>\n<meta name=\"geo.placename\" content=\"Tallinn\" \/>\n<meta name=\"geo.position\" content=\"59.439554;24.726644\" \/>\n<meta name=\"geo.region\" content=\"Viro\" \/>\n<!-- \/ Yoast SEO Premium plugin. -->","yoast_head_json":{"title":"Pumppu SKS Raceday | Voltride","robots":{"index":"noindex","follow":"follow","max-snippet":"max-snippet:-1","max-image-preview":"max-image-preview:large","max-video-preview":"max-video-preview:-1"},"og_locale":"fi_FI","og_type":"article","og_title":"Pumppu SKS Raceday | Voltride","og_description":"SKS Raceday. SKS Raceday on kevyt pumppu kaikille polkupy\u00f6rille, jossa on suuri tilavuus iskua kohden kompaktissa koossa. Pumppu on varustettu","og_url":"https:\/\/haidak.eu\/fi\/pumppu-sks-raceday\/","og_site_name":"Voltride","article_publisher":"https:\/\/www.facebook.com\/voltridecom\/","article_modified_time":"2026-03-31T21:24:15+00:00","og_image":[{"width":1000,"height":1000,"url":"https:\/\/haidak.eu\/wp-content\/uploads\/2026\/03\/sks-raceday-mini-pump-1.jpg","type":"image\/jpeg"}],"twitter_card":"summary_large_image","schema":{"@context":"https:\/\/schema.org","@graph":[{"@type":"WebPage","@id":"https:\/\/haidak.eu\/fi\/pumppu-sks-raceday\/","url":"https:\/\/haidak.eu\/fi\/pumppu-sks-raceday\/","name":"Pumppu SKS Raceday | Voltride","isPartOf":{"@id":"https:\/\/haidak.eu\/fi\/#website"},"primaryImageOfPage":{"@id":"https:\/\/haidak.eu\/fi\/pumppu-sks-raceday\/#primaryimage"},"image":{"@id":"https:\/\/haidak.eu\/fi\/pumppu-sks-raceday\/#primaryimage"},"thumbnailUrl":"https:\/\/haidak.eu\/wp-content\/uploads\/2026\/03\/sks-raceday-mini-pump-1.jpg","datePublished":"2026-03-26T00:11:36+00:00","dateModified":"2026-03-31T21:24:15+00:00","breadcrumb":{"@id":"https:\/\/haidak.eu\/fi\/pumppu-sks-raceday\/#breadcrumb"},"inLanguage":"fi","potentialAction":[{"@type":"ReadAction","target":["https:\/\/haidak.eu\/fi\/pumppu-sks-raceday\/"]}]},{"@type":"ImageObject","inLanguage":"fi","@id":"https:\/\/haidak.eu\/fi\/pumppu-sks-raceday\/#primaryimage","url":"https:\/\/haidak.eu\/wp-content\/uploads\/2026\/03\/sks-raceday-mini-pump-1.jpg","contentUrl":"https:\/\/haidak.eu\/wp-content\/uploads\/2026\/03\/sks-raceday-mini-pump-1.jpg","width":1000,"height":1000},{"@type":"BreadcrumbList","@id":"https:\/\/haidak.eu\/fi\/pumppu-sks-raceday\/#breadcrumb","itemListElement":[{"@type":"ListItem","position":1,"name":"Etusivu","item":"https:\/\/haidak.eu\/fi\/"},{"@type":"ListItem","position":2,"name":"Kauppa","item":"https:\/\/haidak.eu\/shop\/"},{"@type":"ListItem","position":3,"name":"Lis\u00e4tarvikkeet","item":"https:\/\/haidak.eu\/fi\/lisatarvikkeet\/"},{"@type":"ListItem","position":4,"name":"Pumput","item":"https:\/\/haidak.eu\/fi\/pumput\/"},{"@type":"ListItem","position":5,"name":"Pumppu SKS Raceday"}]},{"@type":"WebSite","@id":"https:\/\/haidak.eu\/fi\/#website","url":"https:\/\/haidak.eu\/fi\/","name":"Voltride","description":"Parim elektrirataste elektrit\u00f5ukside ja \u00fcksrataste pood ja remont","publisher":{"@id":"https:\/\/haidak.eu\/fi\/#organization"},"alternateName":"Vr","potentialAction":[{"@type":"SearchAction","target":{"@type":"EntryPoint","urlTemplate":"https:\/\/haidak.eu\/fi\/?s={search_term_string}"},"query-input":{"@type":"PropertyValueSpecification","valueRequired":true,"valueName":"search_term_string"}}],"inLanguage":"fi"},{"@type":["Organization","Place"],"@id":"https:\/\/haidak.eu\/fi\/#organization","name":"Voltride","alternateName":"VR","url":"https:\/\/haidak.eu\/fi\/","logo":{"@id":"https:\/\/haidak.eu\/fi\/pumppu-sks-raceday\/#local-main-organization-logo"},"image":{"@id":"https:\/\/haidak.eu\/fi\/pumppu-sks-raceday\/#local-main-organization-logo"},"sameAs":["https:\/\/www.facebook.com\/voltridecom\/"],"legalName":"Voltride O\u00dc","numberOfEmployees":{"@type":"QuantitativeValue","minValue":"1","maxValue":"10"},"ownershipFundingInfo":"https:\/\/haidak.eu\/about-us\/","hasMerchantReturnPolicy":{"@type":"MerchantReturnPolicy","merchantReturnLink":"https:\/\/haidak.eu\/shipping-and-returns\/"},"address":{"@id":"https:\/\/haidak.eu\/fi\/pumppu-sks-raceday\/#local-main-place-address"},"geo":{"@type":"GeoCoordinates","latitude":"59.439554","longitude":"24.726644"},"telephone":["+372 600 40 99"],"contactPoint":{"@type":"ContactPoint","telephone":"+372 600 40 99","email":"info@voltride.com"},"openingHoursSpecification":[{"@type":"OpeningHoursSpecification","dayOfWeek":["Monday","Tuesday","Wednesday","Thursday","Friday"],"opens":"10:00","closes":"18:00"},{"@type":"OpeningHoursSpecification","dayOfWeek":["Saturday","Sunday"],"opens":"00:00","closes":"00:00"}],"email":"info@voltride.com","taxID":"14871968"},{"@type":"PostalAddress","@id":"https:\/\/haidak.eu\/fi\/pumppu-sks-raceday\/#local-main-place-address","streetAddress":"Voltride Telliskivi 57D","addressLocality":"Tallinn","postalCode":"10412","addressRegion":"Tallinn","addressCountry":"EE"},{"@type":"ImageObject","inLanguage":"fi","@id":"https:\/\/haidak.eu\/fi\/pumppu-sks-raceday\/#local-main-organization-logo","url":"https:\/\/haidak.eu\/wp-content\/uploads\/voltride-logo.png","contentUrl":"https:\/\/haidak.eu\/wp-content\/uploads\/voltride-logo.png","width":2481,"height":620,"caption":"Voltride"}]},"product_price_amount":"8.99","product_price_currency":"EUR","og_availability":"instock","product_availability":"instock","product_retailer_item_id":"SKPM004","product_condition":"new","geo.placename":"Tallinn","geo.position":{"lat":"59.439554","long":"24.726644"},"geo.region":"Viro"},"_links":{"self":[{"href":"https:\/\/haidak.eu\/fi\/wp-json\/wp\/v2\/product\/20320","targetHints":{"allow":["GET"]}}],"collection":[{"href":"https:\/\/haidak.eu\/fi\/wp-json\/wp\/v2\/product"}],"about":[{"href":"https:\/\/haidak.eu\/fi\/wp-json\/wp\/v2\/types\/product"}],"replies":[{"embeddable":true,"href":"https:\/\/haidak.eu\/fi\/wp-json\/wp\/v2\/comments?post=20320"}],"wp:featuredmedia":[{"embeddable":true,"href":"https:\/\/haidak.eu\/fi\/wp-json\/wp\/v2\/media\/20713"}],"wp:attachment":[{"href":"https:\/\/haidak.eu\/fi\/wp-json\/wp\/v2\/media?parent=20320"}],"wp:term":[{"taxonomy":"product_brand","embeddable":true,"href":"https:\/\/haidak.eu\/fi\/wp-json\/wp\/v2\/product_brand?post=20320"},{"taxonomy":"product_cat","embeddable":true,"href":"https:\/\/haidak.eu\/fi\/wp-json\/wp\/v2\/product_cat?post=20320"},{"taxonomy":"product_tag","embeddable":true,"href":"https:\/\/haidak.eu\/fi\/wp-json\/wp\/v2\/product_tag?post=20320"}],"curies":[{"name":"wp","href":"https:\/\/api.w.org\/{rel}","templated":true}]}}