{"id":20329,"date":"2026-03-26T02:13:51","date_gmt":"2026-03-26T00:13:51","guid":{"rendered":"https:\/\/haidak.eu\/leatt-hanskat-1-5-gripr-fuel\/"},"modified":"2026-03-31T23:24:17","modified_gmt":"2026-03-31T21:24:17","slug":"leatt-hanskat-1-5-gripr-fuel","status":"publish","type":"product","link":"https:\/\/haidak.eu\/fi\/leatt-hanskat-1-5-gripr-fuel\/","title":{"rendered":"Leatt Hanskat 1.5 GripR Fuel"},"content":{"rendered":"<h2 data-end=\"2340\" data-start=\"2292\" style=\"caret-color: rgb(0, 0, 0); color: rgb(0, 0, 0);\">Leatt Hanskat 1.5 GripR Fuel<\/h2>\n<p data-end=\"2639\" data-start=\"2342\" style=\"caret-color: rgb(0, 0, 0); color: rgb(0, 0, 0);\">Leatt Hanskat 1.5 GripR Fuel -hanskat ovat kevyet ja minimalistiset ajohanskat ilman ranneketta. Ne tarjoavat hyv\u00e4n ilmanvaihdon ja napakan istuvuuden. MicronGrip-k\u00e4mmen ja uudet FormFit-sormien ompeleet takaavat varman otteen sek\u00e4 kuivissa ett\u00e4 m\u00e4riss\u00e4 olosuhteissa ja parantavat ohjaustuntumaa.<\/p>\n<p data-end=\"2838\" data-start=\"2641\" style=\"caret-color: rgb(0, 0, 0); color: rgb(0, 0, 0);\">N\u00e4m\u00e4 ultrakevyet hanskat on suunniteltu antamaan paras mahdollinen ajotuntuma ilman hihnoja. Erinomainen ilmanvaihto ja tiukka istuvuus tekev\u00e4t MicronGripist\u00e4 uuden mittapuun t\u00e4ss\u00e4 hintaluokassa.<\/p>\n<p data-end=\"2859\" data-start=\"2840\" style=\"caret-color: rgb(0, 0, 0); color: rgb(0, 0, 0);\"><strong data-end=\"2857\" data-start=\"2840\">Ominaisuudet:<\/strong><\/p>\n<ul data-end=\"3378\" data-start=\"2860\" style=\"caret-color: rgb(0, 0, 0); color: rgb(0, 0, 0);\">\n<li data-end=\"2883\" data-start=\"2860\">\n<p data-end=\"2883\" data-start=\"2862\">Uusi hihnaton malli<\/p>\n<\/li>\n<li data-end=\"2906\" data-start=\"2884\">\n<p data-end=\"2906\" data-start=\"2886\">Ultrakevyt rakenne<\/p>\n<\/li>\n<li data-end=\"2928\" data-start=\"2907\">\n<p data-end=\"2928\" data-start=\"2909\">MicronGrip-k\u00e4mmen<\/p>\n<\/li>\n<li data-end=\"2978\" data-start=\"2929\">\n<p data-end=\"2978\" data-start=\"2931\">Eritt\u00e4in ohut \u2013 parempi tuntuma ohjaustankoon<\/p>\n<\/li>\n<li data-end=\"3020\" data-start=\"2979\">\n<p data-end=\"3020\" data-start=\"2981\">Pito toimii sek\u00e4 kuivana ett\u00e4 m\u00e4rk\u00e4n\u00e4<\/p>\n<\/li>\n<li data-end=\"3064\" data-start=\"3021\">\n<p data-end=\"3064\" data-start=\"3023\">FormFit-sormiompeleet varmaan otteeseen<\/p>\n<\/li>\n<li data-end=\"3102\" data-start=\"3065\">\n<p data-end=\"3102\" data-start=\"3067\">Hengitt\u00e4v\u00e4 Lite-p\u00e4\u00e4llismateriaali<\/p>\n<\/li>\n<li data-end=\"3161\" data-start=\"3103\">\n<p data-end=\"3161\" data-start=\"3105\">Esitaivutettu ja saumaton k\u00e4mmen napakkaan istuvuuteen<\/p>\n<\/li>\n<li data-end=\"3212\" data-start=\"3162\">\n<p data-end=\"3212\" data-start=\"3164\">Stretch Stitch -lanka lis\u00e4\u00e4 sauman kest\u00e4vyytt\u00e4<\/p>\n<\/li>\n<li data-end=\"3228\" data-start=\"3213\">\n<p data-end=\"3228\" data-start=\"3215\">Koot: S\u2013XXL<\/p>\n<\/li>\n<li data-end=\"3286\" data-start=\"3229\">\n<p data-end=\"3286\" data-start=\"3231\">Ymp\u00e4rist\u00f6yst\u00e4v\u00e4llinen, muoviton kierr\u00e4tett\u00e4v\u00e4 pakkaus<\/p>\n<\/li>\n<li data-end=\"3338\" data-start=\"3287\">\n<p data-end=\"3338\" data-start=\"3289\">Materiaali: polyesteri 96%, elastaani 2%, PU 2%<\/p>\n<\/li>\n<li data-end=\"3378\" data-start=\"3339\">\n<p data-end=\"3378\" data-start=\"3341\">Kosketusn\u00e4yt\u00f6n kanssa yhteensopivat<\/p>\n<\/li>\n<\/ul>\n","protected":false},"excerpt":{"rendered":"<p>Leatt Hanskat 1.5 GripR Fuel Leatt Hanskat 1.5 GripR Fuel -hanskat ovat kevyet ja minimalistiset ajohanskat ilman ranneketta. Ne tarjoavat<\/p>\n","protected":false},"featured_media":20722,"comment_status":"open","ping_status":"closed","template":"","meta":[],"product_brand":[],"product_cat":[755],"product_tag":[],"class_list":{"0":"post-20329","1":"product","2":"type-product","3":"status-publish","4":"has-post-thumbnail","6":"product_cat-ihmisten-suojavarusteet","8":"first","9":"instock","10":"taxable","11":"shipping-taxable","12":"purchasable","13":"product-type-variable"},"yoast_head":"<!-- This site is optimized with the Yoast SEO Premium plugin v27.3 (Yoast SEO v27.3) - https:\/\/yoast.com\/product\/yoast-seo-premium-wordpress\/ -->\n<title>Leatt Hanskat 1.5 GripR Fuel | Voltride<\/title>\n<meta name=\"robots\" content=\"noindex, follow, max-snippet:-1, max-image-preview:large, max-video-preview:-1\" \/>\n<meta property=\"og:locale\" content=\"fi_FI\" \/>\n<meta property=\"og:type\" content=\"article\" \/>\n<meta property=\"og:title\" content=\"Leatt Hanskat 1.5 GripR Fuel | Voltride\" \/>\n<meta property=\"og:description\" content=\"Leatt Hanskat 1.5 GripR Fuel Leatt Hanskat 1.5 GripR Fuel -hanskat ovat kevyet ja minimalistiset ajohanskat ilman ranneketta. Ne tarjoavat\" \/>\n<meta property=\"og:url\" content=\"https:\/\/haidak.eu\/fi\/leatt-hanskat-1-5-gripr-fuel\/\" \/>\n<meta property=\"og:site_name\" content=\"Voltride\" \/>\n<meta property=\"article:publisher\" content=\"https:\/\/www.facebook.com\/voltridecom\/\" \/>\n<meta property=\"article:modified_time\" content=\"2026-03-31T21:24:17+00:00\" \/>\n<meta property=\"og:image\" content=\"https:\/\/haidak.eu\/wp-content\/uploads\/2026\/03\/5018-63dd1a4d406d5890023328-leatt-gloves-moto-15-gripr-fuel-combo-6023040950-bfi0wdpshsyrwmbp-1.png\" \/>\n\t<meta property=\"og:image:width\" content=\"1280\" \/>\n\t<meta property=\"og:image:height\" content=\"1280\" \/>\n\t<meta property=\"og:image:type\" content=\"image\/png\" \/>\n<meta name=\"twitter:card\" content=\"summary_large_image\" \/>\n<script type=\"application\/ld+json\" class=\"yoast-schema-graph\">{\"@context\":\"https:\\\/\\\/schema.org\",\"@graph\":[{\"@type\":\"WebPage\",\"@id\":\"https:\\\/\\\/haidak.eu\\\/fi\\\/leatt-hanskat-1-5-gripr-fuel\\\/\",\"url\":\"https:\\\/\\\/haidak.eu\\\/fi\\\/leatt-hanskat-1-5-gripr-fuel\\\/\",\"name\":\"Leatt Hanskat 1.5 GripR Fuel | Voltride\",\"isPartOf\":{\"@id\":\"https:\\\/\\\/haidak.eu\\\/fi\\\/#website\"},\"primaryImageOfPage\":{\"@id\":\"https:\\\/\\\/haidak.eu\\\/fi\\\/leatt-hanskat-1-5-gripr-fuel\\\/#primaryimage\"},\"image\":{\"@id\":\"https:\\\/\\\/haidak.eu\\\/fi\\\/leatt-hanskat-1-5-gripr-fuel\\\/#primaryimage\"},\"thumbnailUrl\":\"https:\\\/\\\/haidak.eu\\\/wp-content\\\/uploads\\\/2026\\\/03\\\/5018-63dd1a4d406d5890023328-leatt-gloves-moto-15-gripr-fuel-combo-6023040950-bfi0wdpshsyrwmbp-1.png\",\"datePublished\":\"2026-03-26T00:13:51+00:00\",\"dateModified\":\"2026-03-31T21:24:17+00:00\",\"breadcrumb\":{\"@id\":\"https:\\\/\\\/haidak.eu\\\/fi\\\/leatt-hanskat-1-5-gripr-fuel\\\/#breadcrumb\"},\"inLanguage\":\"fi\",\"potentialAction\":[{\"@type\":\"ReadAction\",\"target\":[\"https:\\\/\\\/haidak.eu\\\/fi\\\/leatt-hanskat-1-5-gripr-fuel\\\/\"]}]},{\"@type\":\"ImageObject\",\"inLanguage\":\"fi\",\"@id\":\"https:\\\/\\\/haidak.eu\\\/fi\\\/leatt-hanskat-1-5-gripr-fuel\\\/#primaryimage\",\"url\":\"https:\\\/\\\/haidak.eu\\\/wp-content\\\/uploads\\\/2026\\\/03\\\/5018-63dd1a4d406d5890023328-leatt-gloves-moto-15-gripr-fuel-combo-6023040950-bfi0wdpshsyrwmbp-1.png\",\"contentUrl\":\"https:\\\/\\\/haidak.eu\\\/wp-content\\\/uploads\\\/2026\\\/03\\\/5018-63dd1a4d406d5890023328-leatt-gloves-moto-15-gripr-fuel-combo-6023040950-bfi0wdpshsyrwmbp-1.png\",\"width\":1280,\"height\":1280},{\"@type\":\"BreadcrumbList\",\"@id\":\"https:\\\/\\\/haidak.eu\\\/fi\\\/leatt-hanskat-1-5-gripr-fuel\\\/#breadcrumb\",\"itemListElement\":[{\"@type\":\"ListItem\",\"position\":1,\"name\":\"Etusivu\",\"item\":\"https:\\\/\\\/haidak.eu\\\/fi\\\/\"},{\"@type\":\"ListItem\",\"position\":2,\"name\":\"Kauppa\",\"item\":\"https:\\\/\\\/haidak.eu\\\/shop\\\/\"},{\"@type\":\"ListItem\",\"position\":3,\"name\":\"Lis\u00e4tarvikkeet\",\"item\":\"https:\\\/\\\/haidak.eu\\\/fi\\\/lisatarvikkeet\\\/\"},{\"@type\":\"ListItem\",\"position\":4,\"name\":\"Ihmisten suojavarusteet\",\"item\":\"https:\\\/\\\/haidak.eu\\\/fi\\\/ihmisten-suojavarusteet\\\/\"},{\"@type\":\"ListItem\",\"position\":5,\"name\":\"Leatt Hanskat 1.5 GripR Fuel\"}]},{\"@type\":\"WebSite\",\"@id\":\"https:\\\/\\\/haidak.eu\\\/fi\\\/#website\",\"url\":\"https:\\\/\\\/haidak.eu\\\/fi\\\/\",\"name\":\"Voltride\",\"description\":\"Parim elektrirataste elektrit\u00f5ukside ja \u00fcksrataste pood ja remont\",\"publisher\":{\"@id\":\"https:\\\/\\\/haidak.eu\\\/fi\\\/#organization\"},\"alternateName\":\"Vr\",\"potentialAction\":[{\"@type\":\"SearchAction\",\"target\":{\"@type\":\"EntryPoint\",\"urlTemplate\":\"https:\\\/\\\/haidak.eu\\\/fi\\\/?s={search_term_string}\"},\"query-input\":{\"@type\":\"PropertyValueSpecification\",\"valueRequired\":true,\"valueName\":\"search_term_string\"}}],\"inLanguage\":\"fi\"},{\"@type\":[\"Organization\",\"Place\"],\"@id\":\"https:\\\/\\\/haidak.eu\\\/fi\\\/#organization\",\"name\":\"Voltride\",\"alternateName\":\"VR\",\"url\":\"https:\\\/\\\/haidak.eu\\\/fi\\\/\",\"logo\":{\"@id\":\"https:\\\/\\\/haidak.eu\\\/fi\\\/leatt-hanskat-1-5-gripr-fuel\\\/#local-main-organization-logo\"},\"image\":{\"@id\":\"https:\\\/\\\/haidak.eu\\\/fi\\\/leatt-hanskat-1-5-gripr-fuel\\\/#local-main-organization-logo\"},\"sameAs\":[\"https:\\\/\\\/www.facebook.com\\\/voltridecom\\\/\"],\"legalName\":\"Voltride O\u00dc\",\"numberOfEmployees\":{\"@type\":\"QuantitativeValue\",\"minValue\":\"1\",\"maxValue\":\"10\"},\"ownershipFundingInfo\":\"https:\\\/\\\/haidak.eu\\\/about-us\\\/\",\"hasMerchantReturnPolicy\":{\"@type\":\"MerchantReturnPolicy\",\"merchantReturnLink\":\"https:\\\/\\\/haidak.eu\\\/shipping-and-returns\\\/\"},\"address\":{\"@id\":\"https:\\\/\\\/haidak.eu\\\/fi\\\/leatt-hanskat-1-5-gripr-fuel\\\/#local-main-place-address\"},\"geo\":{\"@type\":\"GeoCoordinates\",\"latitude\":\"59.439554\",\"longitude\":\"24.726644\"},\"telephone\":[\"+372 600 40 99\"],\"contactPoint\":{\"@type\":\"ContactPoint\",\"telephone\":\"+372 600 40 99\",\"email\":\"info@voltride.com\"},\"openingHoursSpecification\":[{\"@type\":\"OpeningHoursSpecification\",\"dayOfWeek\":[\"Monday\",\"Tuesday\",\"Wednesday\",\"Thursday\",\"Friday\"],\"opens\":\"10:00\",\"closes\":\"18:00\"},{\"@type\":\"OpeningHoursSpecification\",\"dayOfWeek\":[\"Saturday\",\"Sunday\"],\"opens\":\"00:00\",\"closes\":\"00:00\"}],\"email\":\"info@voltride.com\",\"taxID\":\"14871968\"},{\"@type\":\"PostalAddress\",\"@id\":\"https:\\\/\\\/haidak.eu\\\/fi\\\/leatt-hanskat-1-5-gripr-fuel\\\/#local-main-place-address\",\"streetAddress\":\"Voltride Telliskivi 57D\",\"addressLocality\":\"Tallinn\",\"postalCode\":\"10412\",\"addressRegion\":\"Tallinn\",\"addressCountry\":\"EE\"},{\"@type\":\"ImageObject\",\"inLanguage\":\"fi\",\"@id\":\"https:\\\/\\\/haidak.eu\\\/fi\\\/leatt-hanskat-1-5-gripr-fuel\\\/#local-main-organization-logo\",\"url\":\"https:\\\/\\\/haidak.eu\\\/wp-content\\\/uploads\\\/voltride-logo.png\",\"contentUrl\":\"https:\\\/\\\/haidak.eu\\\/wp-content\\\/uploads\\\/voltride-logo.png\",\"width\":2481,\"height\":620,\"caption\":\"Voltride\"}]}<\/script>\n<meta property=\"og:availability\" content=\"instock\" \/>\n<meta property=\"product:availability\" content=\"instock\" \/>\n<meta property=\"product:retailer_item_id\" content=\"LTSG010\" \/>\n<meta property=\"product:condition\" content=\"new\" \/>\n<meta name=\"geo.placename\" content=\"Tallinn\" \/>\n<meta name=\"geo.position\" content=\"59.439554;24.726644\" \/>\n<meta name=\"geo.region\" content=\"Viro\" \/>\n<!-- \/ Yoast SEO Premium plugin. -->","yoast_head_json":{"title":"Leatt Hanskat 1.5 GripR Fuel | Voltride","robots":{"index":"noindex","follow":"follow","max-snippet":"max-snippet:-1","max-image-preview":"max-image-preview:large","max-video-preview":"max-video-preview:-1"},"og_locale":"fi_FI","og_type":"article","og_title":"Leatt Hanskat 1.5 GripR Fuel | Voltride","og_description":"Leatt Hanskat 1.5 GripR Fuel Leatt Hanskat 1.5 GripR Fuel -hanskat ovat kevyet ja minimalistiset ajohanskat ilman ranneketta. Ne tarjoavat","og_url":"https:\/\/haidak.eu\/fi\/leatt-hanskat-1-5-gripr-fuel\/","og_site_name":"Voltride","article_publisher":"https:\/\/www.facebook.com\/voltridecom\/","article_modified_time":"2026-03-31T21:24:17+00:00","og_image":[{"width":1280,"height":1280,"url":"https:\/\/haidak.eu\/wp-content\/uploads\/2026\/03\/5018-63dd1a4d406d5890023328-leatt-gloves-moto-15-gripr-fuel-combo-6023040950-bfi0wdpshsyrwmbp-1.png","type":"image\/png"}],"twitter_card":"summary_large_image","schema":{"@context":"https:\/\/schema.org","@graph":[{"@type":"WebPage","@id":"https:\/\/haidak.eu\/fi\/leatt-hanskat-1-5-gripr-fuel\/","url":"https:\/\/haidak.eu\/fi\/leatt-hanskat-1-5-gripr-fuel\/","name":"Leatt Hanskat 1.5 GripR Fuel | Voltride","isPartOf":{"@id":"https:\/\/haidak.eu\/fi\/#website"},"primaryImageOfPage":{"@id":"https:\/\/haidak.eu\/fi\/leatt-hanskat-1-5-gripr-fuel\/#primaryimage"},"image":{"@id":"https:\/\/haidak.eu\/fi\/leatt-hanskat-1-5-gripr-fuel\/#primaryimage"},"thumbnailUrl":"https:\/\/haidak.eu\/wp-content\/uploads\/2026\/03\/5018-63dd1a4d406d5890023328-leatt-gloves-moto-15-gripr-fuel-combo-6023040950-bfi0wdpshsyrwmbp-1.png","datePublished":"2026-03-26T00:13:51+00:00","dateModified":"2026-03-31T21:24:17+00:00","breadcrumb":{"@id":"https:\/\/haidak.eu\/fi\/leatt-hanskat-1-5-gripr-fuel\/#breadcrumb"},"inLanguage":"fi","potentialAction":[{"@type":"ReadAction","target":["https:\/\/haidak.eu\/fi\/leatt-hanskat-1-5-gripr-fuel\/"]}]},{"@type":"ImageObject","inLanguage":"fi","@id":"https:\/\/haidak.eu\/fi\/leatt-hanskat-1-5-gripr-fuel\/#primaryimage","url":"https:\/\/haidak.eu\/wp-content\/uploads\/2026\/03\/5018-63dd1a4d406d5890023328-leatt-gloves-moto-15-gripr-fuel-combo-6023040950-bfi0wdpshsyrwmbp-1.png","contentUrl":"https:\/\/haidak.eu\/wp-content\/uploads\/2026\/03\/5018-63dd1a4d406d5890023328-leatt-gloves-moto-15-gripr-fuel-combo-6023040950-bfi0wdpshsyrwmbp-1.png","width":1280,"height":1280},{"@type":"BreadcrumbList","@id":"https:\/\/haidak.eu\/fi\/leatt-hanskat-1-5-gripr-fuel\/#breadcrumb","itemListElement":[{"@type":"ListItem","position":1,"name":"Etusivu","item":"https:\/\/haidak.eu\/fi\/"},{"@type":"ListItem","position":2,"name":"Kauppa","item":"https:\/\/haidak.eu\/shop\/"},{"@type":"ListItem","position":3,"name":"Lis\u00e4tarvikkeet","item":"https:\/\/haidak.eu\/fi\/lisatarvikkeet\/"},{"@type":"ListItem","position":4,"name":"Ihmisten suojavarusteet","item":"https:\/\/haidak.eu\/fi\/ihmisten-suojavarusteet\/"},{"@type":"ListItem","position":5,"name":"Leatt Hanskat 1.5 GripR Fuel"}]},{"@type":"WebSite","@id":"https:\/\/haidak.eu\/fi\/#website","url":"https:\/\/haidak.eu\/fi\/","name":"Voltride","description":"Parim elektrirataste elektrit\u00f5ukside ja \u00fcksrataste pood ja remont","publisher":{"@id":"https:\/\/haidak.eu\/fi\/#organization"},"alternateName":"Vr","potentialAction":[{"@type":"SearchAction","target":{"@type":"EntryPoint","urlTemplate":"https:\/\/haidak.eu\/fi\/?s={search_term_string}"},"query-input":{"@type":"PropertyValueSpecification","valueRequired":true,"valueName":"search_term_string"}}],"inLanguage":"fi"},{"@type":["Organization","Place"],"@id":"https:\/\/haidak.eu\/fi\/#organization","name":"Voltride","alternateName":"VR","url":"https:\/\/haidak.eu\/fi\/","logo":{"@id":"https:\/\/haidak.eu\/fi\/leatt-hanskat-1-5-gripr-fuel\/#local-main-organization-logo"},"image":{"@id":"https:\/\/haidak.eu\/fi\/leatt-hanskat-1-5-gripr-fuel\/#local-main-organization-logo"},"sameAs":["https:\/\/www.facebook.com\/voltridecom\/"],"legalName":"Voltride O\u00dc","numberOfEmployees":{"@type":"QuantitativeValue","minValue":"1","maxValue":"10"},"ownershipFundingInfo":"https:\/\/haidak.eu\/about-us\/","hasMerchantReturnPolicy":{"@type":"MerchantReturnPolicy","merchantReturnLink":"https:\/\/haidak.eu\/shipping-and-returns\/"},"address":{"@id":"https:\/\/haidak.eu\/fi\/leatt-hanskat-1-5-gripr-fuel\/#local-main-place-address"},"geo":{"@type":"GeoCoordinates","latitude":"59.439554","longitude":"24.726644"},"telephone":["+372 600 40 99"],"contactPoint":{"@type":"ContactPoint","telephone":"+372 600 40 99","email":"info@voltride.com"},"openingHoursSpecification":[{"@type":"OpeningHoursSpecification","dayOfWeek":["Monday","Tuesday","Wednesday","Thursday","Friday"],"opens":"10:00","closes":"18:00"},{"@type":"OpeningHoursSpecification","dayOfWeek":["Saturday","Sunday"],"opens":"00:00","closes":"00:00"}],"email":"info@voltride.com","taxID":"14871968"},{"@type":"PostalAddress","@id":"https:\/\/haidak.eu\/fi\/leatt-hanskat-1-5-gripr-fuel\/#local-main-place-address","streetAddress":"Voltride Telliskivi 57D","addressLocality":"Tallinn","postalCode":"10412","addressRegion":"Tallinn","addressCountry":"EE"},{"@type":"ImageObject","inLanguage":"fi","@id":"https:\/\/haidak.eu\/fi\/leatt-hanskat-1-5-gripr-fuel\/#local-main-organization-logo","url":"https:\/\/haidak.eu\/wp-content\/uploads\/voltride-logo.png","contentUrl":"https:\/\/haidak.eu\/wp-content\/uploads\/voltride-logo.png","width":2481,"height":620,"caption":"Voltride"}]},"og_availability":"instock","product_availability":"instock","product_retailer_item_id":"LTSG010","product_condition":"new","geo.placename":"Tallinn","geo.position":{"lat":"59.439554","long":"24.726644"},"geo.region":"Viro"},"_links":{"self":[{"href":"https:\/\/haidak.eu\/fi\/wp-json\/wp\/v2\/product\/20329","targetHints":{"allow":["GET"]}}],"collection":[{"href":"https:\/\/haidak.eu\/fi\/wp-json\/wp\/v2\/product"}],"about":[{"href":"https:\/\/haidak.eu\/fi\/wp-json\/wp\/v2\/types\/product"}],"replies":[{"embeddable":true,"href":"https:\/\/haidak.eu\/fi\/wp-json\/wp\/v2\/comments?post=20329"}],"wp:featuredmedia":[{"embeddable":true,"href":"https:\/\/haidak.eu\/fi\/wp-json\/wp\/v2\/media\/20722"}],"wp:attachment":[{"href":"https:\/\/haidak.eu\/fi\/wp-json\/wp\/v2\/media?parent=20329"}],"wp:term":[{"taxonomy":"product_brand","embeddable":true,"href":"https:\/\/haidak.eu\/fi\/wp-json\/wp\/v2\/product_brand?post=20329"},{"taxonomy":"product_cat","embeddable":true,"href":"https:\/\/haidak.eu\/fi\/wp-json\/wp\/v2\/product_cat?post=20329"},{"taxonomy":"product_tag","embeddable":true,"href":"https:\/\/haidak.eu\/fi\/wp-json\/wp\/v2\/product_tag?post=20329"}],"curies":[{"name":"wp","href":"https:\/\/api.w.org\/{rel}","templated":true}]}}